{"id":99066,"date":"2025-09-11T16:03:47","date_gmt":"2025-09-11T16:03:47","guid":{"rendered":"https:\/\/www.galileo.edu\/page\/?page_id=99066"},"modified":"2025-09-11T20:54:53","modified_gmt":"2025-09-11T20:54:53","slug":"gracias-conferencia-prensa-pmi-galileo","status":"publish","type":"page","link":"https:\/\/www.galileo.edu\/page\/gracias-conferencia-prensa-pmi-galileo\/","title":{"rendered":"Gracias: Foro: La importancia de las acreditaciones internacionales en Guatemala"},"content":{"rendered":"<p>[et_pb_section fb_built=&#8221;1&#8243; _builder_version=&#8221;4.21.2&#8243; _module_preset=&#8221;default&#8221; background_color=&#8221;#022a3d&#8221; use_background_color_gradient=&#8221;on&#8221; background_color_gradient_direction=&#8221;151deg&#8221; background_color_gradient_stops=&#8221;rgba(3,41,79,0.88) 0%|rgba(47,158,226,0.63) 100%&#8221; background_color_gradient_overlays_image=&#8221;on&#8221; background_image=&#8221;https:\/\/www.galileo.edu\/page\/wp-content\/uploads\/2025\/09\/BF3.jpg&#8221; background_position=&#8221;top_center&#8221; background_enable_video_mp4=&#8221;off&#8221; min_height=&#8221;775px&#8221; min_height_tablet=&#8221;870px&#8221; min_height_phone=&#8221;670px&#8221; min_height_last_edited=&#8221;on|phone&#8221; height=&#8221;588px&#8221; custom_margin=&#8221;||-9px|||&#8221; custom_padding=&#8221;||0px|||&#8221; locked=&#8221;off&#8221; global_colors_info=&#8221;{}&#8221;][et_pb_row _builder_version=&#8221;4.21.2&#8243; _module_preset=&#8221;default&#8221; custom_margin=&#8221;0px|auto||auto|false|false&#8221; global_colors_info=&#8221;{}&#8221;][et_pb_column type=&#8221;4_4&#8243; _builder_version=&#8221;4.21.2&#8243; _module_preset=&#8221;default&#8221; global_colors_info=&#8221;{}&#8221;][et_pb_text _builder_version=&#8221;4.21.2&#8243; text_font=&#8221;Raleway|700|||||||&#8221; text_font_size=&#8221;35px&#8221; header_font=&#8221;Poppins|700|||||||&#8221; header_text_color=&#8221;#ffffff&#8221; header_font_size=&#8221;45px&#8221; header_letter_spacing=&#8221;-1px&#8221; header_line_height=&#8221;1.1em&#8221; header_2_font=&#8221;Poppins|600|||||||&#8221; header_2_text_color=&#8221;#ffffff&#8221; header_2_font_size=&#8221;35px&#8221; header_2_letter_spacing=&#8221;-1px&#8221; header_3_font=&#8221;Roboto||||||||&#8221; header_3_font_size=&#8221;34px&#8221; animation_style=&#8221;fade&#8221; header_font_size_tablet=&#8221;&#8221; header_font_size_phone=&#8221;25px&#8221; header_font_size_last_edited=&#8221;on|phone&#8221; global_colors_info=&#8221;{}&#8221;]<\/p>\n<h2 style=\"text-align: center;\">\u00a0\u00a1Gracias por registrarte al Foro:<\/h2>\n<h1 style=\"text-align: center;\"><strong>\u201c<b>La importancia de las acreditaciones internacionales en Guatemala<\/b>\u201d!<\/strong><\/h1>\n<p>[\/et_pb_text][\/et_pb_column][\/et_pb_row][et_pb_row _builder_version=&#8221;4.21.2&#8243; _module_preset=&#8221;default&#8221; custom_margin=&#8221;-34px||||false|false&#8221; global_colors_info=&#8221;{}&#8221;][et_pb_column type=&#8221;4_4&#8243; _builder_version=&#8221;4.21.2&#8243; _module_preset=&#8221;default&#8221; global_colors_info=&#8221;{}&#8221;][et_pb_text _builder_version=&#8221;4.21.2&#8243; _module_preset=&#8221;default&#8221; text_font=&#8221;Poppins|500|||||||&#8221; text_text_color=&#8221;#ffffff&#8221; text_font_size=&#8221;20px&#8221; text_letter_spacing=&#8221;-1px&#8221; text_orientation=&#8221;center&#8221; global_colors_info=&#8221;{}&#8221;]<\/p>\n<p>Tu registro ha sido exitoso. En breve recibir\u00e1s un correo con los detalles de acceso al evento.<\/p>\n<p>[\/et_pb_text][\/et_pb_column][\/et_pb_row][et_pb_row column_structure=&#8221;1_3,1_3,1_3&#8243; _builder_version=&#8221;4.21.2&#8243; _module_preset=&#8221;default&#8221; global_colors_info=&#8221;{}&#8221;][et_pb_column type=&#8221;1_3&#8243; _builder_version=&#8221;4.21.2&#8243; _module_preset=&#8221;default&#8221; global_colors_info=&#8221;{}&#8221;][et_pb_blurb title=&#8221;Fecha:&#8221; use_icon=&#8221;on&#8221; font_icon=&#8221;&#xe023;||divi||400&#8243; icon_color=&#8221;#ffffff&#8221; image_icon_background_color=&#8221;#023672&#8243; image_icon_width=&#8221;48px&#8221; _builder_version=&#8221;4.21.2&#8243; header_font=&#8221;Poppins|700|||||||&#8221; header_text_align=&#8221;center&#8221; header_text_color=&#8221;#ffffff&#8221; header_font_size=&#8221;27px&#8221; body_font=&#8221;Poppins|300|||||||&#8221; body_text_color=&#8221;#ffffff&#8221; body_font_size=&#8221;19px&#8221; image_icon_custom_padding=&#8221;25px|25px|25px|25px|false|false&#8221; text_orientation=&#8221;center&#8221; border_radii_image=&#8221;on|100%|100%|100%|100%&#8221; use_circle=&#8221;on&#8221; circle_color=&#8221;#ffffff&#8221; global_colors_info=&#8221;{}&#8221; image_icon_background_color__sticky_enabled=&#8221;#7EBEC5&#8243; image_icon_background_color__sticky=&#8221;#7EBEC5&#8243;]<\/p>\n<p style=\"text-align: center;\">17 de septiembre 2025<\/p>\n<p>[\/et_pb_blurb][\/et_pb_column][et_pb_column type=&#8221;1_3&#8243; _builder_version=&#8221;4.21.2&#8243; _module_preset=&#8221;default&#8221; global_colors_info=&#8221;{}&#8221;][et_pb_blurb title=&#8221;Hora:&#8221; use_icon=&#8221;on&#8221; font_icon=&#8221;&#x7d;||divi||400&#8243; icon_color=&#8221;#ffffff&#8221; image_icon_background_color=&#8221;#023672&#8243; image_icon_width=&#8221;48px&#8221; _builder_version=&#8221;4.21.2&#8243; header_font=&#8221;Poppins|700|||||||&#8221; header_text_align=&#8221;center&#8221; header_text_color=&#8221;#ffffff&#8221; header_font_size=&#8221;27px&#8221; body_font=&#8221;Poppins|300|||||||&#8221; body_text_color=&#8221;#ffffff&#8221; body_font_size=&#8221;19px&#8221; image_icon_custom_padding=&#8221;25px|25px|25px|25px|false|false&#8221; text_orientation=&#8221;center&#8221; border_radii_image=&#8221;on|100%|100%|100%|100%&#8221; use_circle=&#8221;on&#8221; circle_color=&#8221;#ffffff&#8221; global_colors_info=&#8221;{}&#8221; image_icon_background_color__sticky_enabled=&#8221;#7EBEC5&#8243; image_icon_background_color__sticky=&#8221;#7EBEC5&#8243;]<\/p>\n<p style=\"text-align: center;\"><span style=\"font-weight: 400;\">10:00 a 12:00 Hrs.<\/span><\/p>\n<p>[\/et_pb_blurb][\/et_pb_column][et_pb_column type=&#8221;1_3&#8243; _builder_version=&#8221;4.21.2&#8243; _module_preset=&#8221;default&#8221; global_colors_info=&#8221;{}&#8221;][et_pb_blurb title=&#8221;Presencial&#8221; use_icon=&#8221;on&#8221; font_icon=&#8221;&#xe01d;||divi||400&#8243; icon_color=&#8221;#ffffff&#8221; image_icon_background_color=&#8221;#023672&#8243; image_icon_width=&#8221;48px&#8221; disabled_on=&#8221;off|off|off&#8221; _builder_version=&#8221;4.21.2&#8243; header_font=&#8221;Poppins|700|||||||&#8221; header_text_align=&#8221;center&#8221; header_text_color=&#8221;#ffffff&#8221; header_font_size=&#8221;27px&#8221; body_font=&#8221;Poppins|300|||||||&#8221; body_text_color=&#8221;#ffffff&#8221; body_font_size=&#8221;19px&#8221; image_icon_custom_padding=&#8221;25px|25px|25px|25px|false|false&#8221; text_orientation=&#8221;center&#8221; border_radii_image=&#8221;on|100%|100%|100%|100%&#8221; use_circle=&#8221;on&#8221; circle_color=&#8221;#ffffff&#8221; global_colors_info=&#8221;{}&#8221; image_icon_background_color__sticky_enabled=&#8221;#7EBEC5&#8243; image_icon_background_color__sticky=&#8221;#7EBEC5&#8243;]<\/p>\n<p>Hotel Adriatika, Zona 14<\/p>\n<p>[\/et_pb_blurb][\/et_pb_column][\/et_pb_row][et_pb_row _builder_version=&#8221;4.21.2&#8243; _module_preset=&#8221;default&#8221; global_colors_info=&#8221;{}&#8221;][et_pb_column type=&#8221;4_4&#8243; _builder_version=&#8221;4.21.2&#8243; _module_preset=&#8221;default&#8221; global_colors_info=&#8221;{}&#8221;][et_pb_text _builder_version=&#8221;4.21.2&#8243; _module_preset=&#8221;default&#8221; text_font=&#8221;Poppins|500|||||||&#8221; text_text_color=&#8221;#ffffff&#8221; text_font_size=&#8221;20px&#8221; text_letter_spacing=&#8221;-1px&#8221; header_2_font=&#8221;Poppins|700|||||||&#8221; header_2_text_color=&#8221;#ffffff&#8221; header_2_font_size=&#8221;35px&#8221; header_2_letter_spacing=&#8221;-1px&#8221; text_orientation=&#8221;center&#8221; global_colors_info=&#8221;{}&#8221;]<\/p>\n<p>Si no ves el correo en tu bandeja de entrada, <strong>revisa tu carpeta de spam o comun\u00edcate a: mgdp@galileo.edu<\/strong><strong><\/strong><\/p>\n<h2><strong><b>Nos vemos pronto.<\/b><b><br \/><\/b><b> <\/b><\/strong><\/h2>\n<p>Prep\u00e1rate para conocer c\u00f3mo las certificaciones internacionales transforman la gesti\u00f3n de proyectos en Guatemala.<\/p>\n<p>[\/et_pb_text][\/et_pb_column][\/et_pb_row][\/et_pb_section][et_pb_section fb_built=&#8221;1&#8243; _builder_version=&#8221;4.21.2&#8243; background_color=&#8221;#000000&#8243; custom_padding=&#8221;0|0px|28px|0px|false|false&#8221; locked=&#8221;off&#8221; global_colors_info=&#8221;{}&#8221;][et_pb_row _builder_version=&#8221;4.21.2&#8243; _module_preset=&#8221;default&#8221; custom_padding=&#8221;48px|||||&#8221; locked=&#8221;off&#8221; global_colors_info=&#8221;{}&#8221;][et_pb_column type=&#8221;4_4&#8243; _builder_version=&#8221;4.21.2&#8243; _module_preset=&#8221;default&#8221; global_colors_info=&#8221;{}&#8221;][et_pb_text _builder_version=&#8221;4.21.2&#8243; _module_preset=&#8221;default&#8221; header_font=&#8221;Poppins|700|||||||&#8221; header_text_align=&#8221;center&#8221; header_text_color=&#8221;#ffffff&#8221; header_font_size=&#8221;40px&#8221; header_letter_spacing=&#8221;-2px&#8221; header_font_size_tablet=&#8221;40px&#8221; header_font_size_phone=&#8221;30px&#8221; header_font_size_last_edited=&#8221;on|phone&#8221; global_colors_info=&#8221;{}&#8221;]<\/p>\n<h1>Organiza<\/h1>\n<p>[\/et_pb_text][\/et_pb_column][\/et_pb_row][et_pb_row column_structure=&#8221;1_4,1_4,1_4,1_4&#8243; _builder_version=&#8221;4.16&#8243; custom_padding=&#8221;47px|0px|0|0px|false|false&#8221; global_colors_info=&#8221;{}&#8221;][et_pb_column type=&#8221;1_4&#8243; _builder_version=&#8221;4.16&#8243; custom_padding=&#8221;|||&#8221; global_colors_info=&#8221;{}&#8221; custom_padding__hover=&#8221;|||&#8221;][et_pb_image src=&#8221;https:\/\/www.galileo.edu\/page\/wp-content\/uploads\/2024\/04\/Blanco_Logo-Galileo-sin-slogan.png&#8221; title_text=&#8221;Blanco_Logo Galileo-sin slogan&#8221; align=&#8221;center&#8221; _builder_version=&#8221;4.21.2&#8243; _module_preset=&#8221;default&#8221; width=&#8221;70%&#8221; global_colors_info=&#8221;{}&#8221;][\/et_pb_image][\/et_pb_column][et_pb_column type=&#8221;1_4&#8243; _builder_version=&#8221;4.16&#8243; custom_padding=&#8221;|||&#8221; global_colors_info=&#8221;{}&#8221; custom_padding__hover=&#8221;|||&#8221;][et_pb_blurb title=&#8221;Facultad de Ingenier\u00eda en Sistemas, Inform\u00e1tica y Ciencias de la Computaci\u00f3n (FISICC)&#8221; _builder_version=&#8221;4.21.2&#8243; header_font=&#8221;Poppins|700|||||||&#8221; header_text_align=&#8221;center&#8221; header_text_color=&#8221;#ffffff&#8221; header_font_size=&#8221;15px&#8221; body_font=&#8221;Poppins|300|||||||&#8221; body_text_color=&#8221;#ffffff&#8221; body_font_size=&#8221;13px&#8221; text_orientation=&#8221;center&#8221; global_colors_info=&#8221;{}&#8221;]<\/p>\n<p>Universidad Galileo<\/p>\n<p>[\/et_pb_blurb][\/et_pb_column][et_pb_column type=&#8221;1_4&#8243; _builder_version=&#8221;4.16&#8243; custom_padding=&#8221;|||&#8221; global_colors_info=&#8221;{}&#8221; custom_padding__hover=&#8221;|||&#8221;][et_pb_blurb title=&#8221;Correo electr\u00f3nico:&#8221; _builder_version=&#8221;4.21.2&#8243; header_font=&#8221;Poppins|700|||||||&#8221; header_text_align=&#8221;center&#8221; header_text_color=&#8221;#ffffff&#8221; header_font_size=&#8221;15px&#8221; body_font=&#8221;Poppins|300|||||||&#8221; body_text_color=&#8221;#ffffff&#8221; body_font_size=&#8221;13px&#8221; text_orientation=&#8221;center&#8221; global_colors_info=&#8221;{}&#8221;]<\/p>\n<p><span style=\"font-weight: 400;\">mdgp@galileo.edu<\/span><\/p>\n<p>[\/et_pb_blurb][et_pb_blurb title=&#8221;Tel\u00e9fono:&#8221; _builder_version=&#8221;4.21.2&#8243; header_font=&#8221;Poppins|700|||||||&#8221; header_text_align=&#8221;center&#8221; header_text_color=&#8221;#ffffff&#8221; header_font_size=&#8221;15px&#8221; body_font=&#8221;Poppins|300|||||||&#8221; body_text_color=&#8221;#ffffff&#8221; body_font_size=&#8221;13px&#8221; text_orientation=&#8221;center&#8221; global_colors_info=&#8221;{}&#8221;]<\/p>\n<p><span style=\"font-weight: 400;\">+502 2423-8000 Ext. 7404<\/span><\/p>\n<p>[\/et_pb_blurb][\/et_pb_column][et_pb_column type=&#8221;1_4&#8243; _builder_version=&#8221;4.16&#8243; custom_padding=&#8221;|||&#8221; global_colors_info=&#8221;{}&#8221; custom_padding__hover=&#8221;|||&#8221;][et_pb_blurb title=&#8221;Direcci\u00f3n&#8221; _builder_version=&#8221;4.21.2&#8243; header_font=&#8221;Poppins|700|||||||&#8221; header_text_align=&#8221;center&#8221; header_text_color=&#8221;#ffffff&#8221; header_font_size=&#8221;15px&#8221; body_font=&#8221;Poppins|300|||||||&#8221; body_text_color=&#8221;#ffffff&#8221; body_font_size=&#8221;13px&#8221; body_line_height=&#8221;1.3em&#8221; text_orientation=&#8221;center&#8221; global_colors_info=&#8221;{}&#8221;]<\/p>\n<p>Oficina 204, Nivel 2, Torre 2, Campus Central Universidad Galileo, 7a. Avenida calle Dr. Eduardo Suger Cofi\u00f1o zona 10<\/p>\n<p>[\/et_pb_blurb][\/et_pb_column][\/et_pb_row][\/et_pb_section]<\/p>\n","protected":false},"excerpt":{"rendered":"<p>\u00a0\u00a1Gracias por registrarte al Foro: \u201cLa importancia de las acreditaciones internacionales en Guatemala\u201d!Tu registro ha sido exitoso. En breve recibir\u00e1s un correo con los detalles de acceso al evento.17 de septiembre 202510:00 a 12:00 Hrs.Hotel Adriatika, Zona 14Si no ves el correo en tu bandeja de entrada, revisa tu carpeta de spam o comun\u00edcate a: [&hellip;]<\/p>\n","protected":false},"author":29,"featured_media":99074,"parent":0,"menu_order":0,"comment_status":"closed","ping_status":"closed","template":"page-template-blank.php","meta":{"_et_pb_use_builder":"on","_et_pb_old_content":"<p>[et_pb_section bb_built=\"1\" _builder_version=\"3.0.47\"][et_pb_row _builder_version=\"3.0.47\" background_size=\"initial\" background_position=\"top_left\" background_repeat=\"repeat\"][et_pb_column type=\"1_2\"][et_pb_text _builder_version=\"3.2.2\" text_font=\"Raleway|700|||||||\" text_font_size=\"35px\" header_font=\"Raleway|700|||||||\" header_font_size=\"35px\" header_font_size_last_edited=\"on|desktop\" header_line_height=\"1.1em\"]<\/p><h1>\u00a1Gracias por solicitar informaci\u00f3n del Curso Tutor virtual!<\/h1><p>[\/et_pb_text][\/et_pb_column][et_pb_column type=\"1_2\"][et_pb_text _builder_version=\"3.2.2\"]<\/p><p>Revisa tu correo electr\u00f3nico. En pocos minutos recibir\u00e1s la informaci\u00f3n que solicitaste.<\/p><p>Si deseas resolver dudas o recibir ayuda en tu proceso de inscripci\u00f3n, comun\u00edcate. \u00a1Ser\u00e1 un gusto atenderte!<\/p><p>[\/et_pb_text][\/et_pb_column][\/et_pb_row][et_pb_row _builder_version=\"3.2.2\"][et_pb_column type=\"1_4\"][et_pb_blurb image_max_width=\"25%\" text_orientation=\"center\" title=\"WhatsApp\" image=\"http:\/\/www.galileo.edu\/page\/wp-content\/uploads\/2019\/05\/smartphone-1.png\" _builder_version=\"3.2.2\" header_font=\"||||||||\" header_text_align=\"center\" body_font=\"||||||||\" body_text_align=\"center\"]<\/p><p style=\"text-align: center;\">+502 5976 3418<\/p><p>[\/et_pb_blurb][\/et_pb_column][et_pb_column type=\"1_4\"][et_pb_blurb image_max_width=\"25%\" text_orientation=\"center\" title=\"PBX\" image=\"http:\/\/www.galileo.edu\/page\/wp-content\/uploads\/2019\/05\/telephone.png\" _builder_version=\"3.2.2\" header_font=\"||||||||\" header_text_align=\"center\" body_font=\"||||||||\" body_text_align=\"center\"]<\/p><p style=\"text-align: center;\">+502 2423-8000 extensi\u00f3n: 7417<\/p><p>[\/et_pb_blurb][\/et_pb_column][et_pb_column type=\"1_4\"][et_pb_blurb image_max_width=\"25%\" text_orientation=\"center\" title=\"Correo electr\u00f3nico\" image=\"http:\/\/www.galileo.edu\/page\/wp-content\/uploads\/2019\/05\/mail-1.png\" _builder_version=\"3.2.2\" header_font=\"||||||||\" header_text_align=\"center\" body_font=\"||||||||\" body_text_align=\"center\"]<\/p><p style=\"text-align: center;\"><a href=\"mailto:asistenteivn@galileo.edu\">asistenteivn@galileo.edu<\/a><\/p><p>[\/et_pb_blurb][\/et_pb_column][et_pb_column type=\"1_4\"][et_pb_blurb image_max_width=\"25%\" text_orientation=\"center\" title=\"Direcci\u00f3n\" image=\"http:\/\/www.galileo.edu\/page\/wp-content\/uploads\/2019\/05\/placeholder-1.png\" _builder_version=\"3.2.2\" header_font=\"||||||||\" header_text_align=\"center\" body_font=\"||||||||\" body_text_align=\"center\"]<\/p><p>Oficina 414 nivel 4 torre I Galileo<\/p><p>7a ave calle Dr. Eduardo Suger Cofi\u00f1o zona 10, campus central Universidad Galileo<\/p><p>[\/et_pb_blurb][\/et_pb_column][\/et_pb_row][et_pb_row custom_padding=\"60px|0px|27px|0px|false|false\" _builder_version=\"3.2.2\"][et_pb_column type=\"1_2\"][et_pb_image src=\"http:\/\/www.galileo.edu\/page\/wp-content\/uploads\/2019\/04\/Logo-Galileo.png\" align=\"center\" _builder_version=\"3.2.2\" max_width=\"50%\" \/][\/et_pb_column][et_pb_column type=\"1_2\"][et_pb_image src=\"http:\/\/www.galileo.edu\/page\/wp-content\/uploads\/2019\/04\/Logo-IVN.png\" align=\"center\" _builder_version=\"3.2.2\" max_width=\"55%\" \/][\/et_pb_column][\/et_pb_row][\/et_pb_section]<\/p>","_et_gb_content_width":""},"yoast_head":"<!-- This site is optimized with the Yoast SEO plugin v20.13 - https:\/\/yoast.com\/wordpress\/plugins\/seo\/ -->\n<title>Gracias: Webinar: Auditor\u00eda de Inteligencia Artificial<\/title>\n<meta name=\"description\" content=\"Forma parte de esta conferencia impulsada por la Maestr\u00eda en Gesti\u00f3n y Direcci\u00f3n de Proyectos de la Facultad de Ingenier\u00eda en Sistemas, Inform\u00e1tica y Ciencias de la Computaci\u00f3n (FISICC) de Universidad Galileo.\" \/>\n<meta name=\"robots\" content=\"index, follow, max-snippet:-1, max-image-preview:large, max-video-preview:-1\" \/>\n<link rel=\"canonical\" href=\"https:\/\/www.galileo.edu\/page\/gracias-conferencia-prensa-pmi-galileo\/\" \/>\n<meta property=\"og:locale\" content=\"en_US\" \/>\n<meta property=\"og:type\" content=\"article\" \/>\n<meta property=\"og:title\" content=\"Gracias: Webinar: Auditor\u00eda de Inteligencia Artificial\" \/>\n<meta property=\"og:description\" content=\"Forma parte de esta conferencia impulsada por la Maestr\u00eda en Gesti\u00f3n y Direcci\u00f3n de Proyectos de la Facultad de Ingenier\u00eda en Sistemas, Inform\u00e1tica y Ciencias de la Computaci\u00f3n (FISICC) de Universidad Galileo.\" \/>\n<meta property=\"og:url\" content=\"https:\/\/www.galileo.edu\/page\/gracias-conferencia-prensa-pmi-galileo\/\" \/>\n<meta property=\"og:site_name\" content=\"Universidad Galileo\" \/>\n<meta property=\"article:modified_time\" content=\"2025-09-11T20:54:53+00:00\" \/>\n<meta property=\"og:image\" content=\"https:\/\/www.galileo.edu\/page\/wp-content\/uploads\/2025\/09\/PEF.jpg\" \/>\n\t<meta property=\"og:image:width\" content=\"890\" \/>\n\t<meta property=\"og:image:height\" content=\"1083\" \/>\n\t<meta property=\"og:image:type\" content=\"image\/jpeg\" \/>\n<meta name=\"twitter:card\" content=\"summary_large_image\" \/>\n<meta name=\"twitter:label1\" content=\"Est. reading time\" \/>\n\t<meta name=\"twitter:data1\" content=\"2 minutes\" \/>\n<script type=\"application\/ld+json\" class=\"yoast-schema-graph\">{\"@context\":\"https:\/\/schema.org\",\"@graph\":[{\"@type\":\"WebPage\",\"@id\":\"https:\/\/www.galileo.edu\/page\/gracias-conferencia-prensa-pmi-galileo\/\",\"url\":\"https:\/\/www.galileo.edu\/page\/gracias-conferencia-prensa-pmi-galileo\/\",\"name\":\"Gracias: Webinar: Auditor\u00eda de Inteligencia Artificial\",\"isPartOf\":{\"@id\":\"https:\/\/www.galileo.edu\/page\/#website\"},\"datePublished\":\"2025-09-11T16:03:47+00:00\",\"dateModified\":\"2025-09-11T20:54:53+00:00\",\"description\":\"Forma parte de esta conferencia impulsada por la Maestr\u00eda en Gesti\u00f3n y Direcci\u00f3n de Proyectos de la Facultad de Ingenier\u00eda en Sistemas, Inform\u00e1tica y Ciencias de la Computaci\u00f3n (FISICC) de Universidad Galileo.\",\"breadcrumb\":{\"@id\":\"https:\/\/www.galileo.edu\/page\/gracias-conferencia-prensa-pmi-galileo\/#breadcrumb\"},\"inLanguage\":\"en-US\",\"potentialAction\":[{\"@type\":\"ReadAction\",\"target\":[\"https:\/\/www.galileo.edu\/page\/gracias-conferencia-prensa-pmi-galileo\/\"]}]},{\"@type\":\"BreadcrumbList\",\"@id\":\"https:\/\/www.galileo.edu\/page\/gracias-conferencia-prensa-pmi-galileo\/#breadcrumb\",\"itemListElement\":[{\"@type\":\"ListItem\",\"position\":1,\"name\":\"Home\",\"item\":\"https:\/\/www.galileo.edu\/page\/home\/\"},{\"@type\":\"ListItem\",\"position\":2,\"name\":\"Gracias: Foro: La importancia de las acreditaciones internacionales en Guatemala\"}]},{\"@type\":\"WebSite\",\"@id\":\"https:\/\/www.galileo.edu\/page\/#website\",\"url\":\"https:\/\/www.galileo.edu\/page\/\",\"name\":\"Universidad Galileo\",\"description\":\"La revoluci\u00f3n en la educaci\u00f3n\",\"potentialAction\":[{\"@type\":\"SearchAction\",\"target\":{\"@type\":\"EntryPoint\",\"urlTemplate\":\"https:\/\/www.galileo.edu\/page\/?s={search_term_string}\"},\"query-input\":\"required name=search_term_string\"}],\"inLanguage\":\"en-US\"}]}<\/script>\n<!-- \/ Yoast SEO plugin. -->","yoast_head_json":{"title":"Gracias: Webinar: Auditor\u00eda de Inteligencia Artificial","description":"Forma parte de esta conferencia impulsada por la Maestr\u00eda en Gesti\u00f3n y Direcci\u00f3n de Proyectos de la Facultad de Ingenier\u00eda en Sistemas, Inform\u00e1tica y Ciencias de la Computaci\u00f3n (FISICC) de Universidad Galileo.","robots":{"index":"index","follow":"follow","max-snippet":"max-snippet:-1","max-image-preview":"max-image-preview:large","max-video-preview":"max-video-preview:-1"},"canonical":"https:\/\/www.galileo.edu\/page\/gracias-conferencia-prensa-pmi-galileo\/","og_locale":"en_US","og_type":"article","og_title":"Gracias: Webinar: Auditor\u00eda de Inteligencia Artificial","og_description":"Forma parte de esta conferencia impulsada por la Maestr\u00eda en Gesti\u00f3n y Direcci\u00f3n de Proyectos de la Facultad de Ingenier\u00eda en Sistemas, Inform\u00e1tica y Ciencias de la Computaci\u00f3n (FISICC) de Universidad Galileo.","og_url":"https:\/\/www.galileo.edu\/page\/gracias-conferencia-prensa-pmi-galileo\/","og_site_name":"Universidad Galileo","article_modified_time":"2025-09-11T20:54:53+00:00","og_image":[{"width":890,"height":1083,"url":"https:\/\/www.galileo.edu\/page\/wp-content\/uploads\/2025\/09\/PEF.jpg","type":"image\/jpeg"}],"twitter_card":"summary_large_image","twitter_misc":{"Est. reading time":"2 minutes"},"schema":{"@context":"https:\/\/schema.org","@graph":[{"@type":"WebPage","@id":"https:\/\/www.galileo.edu\/page\/gracias-conferencia-prensa-pmi-galileo\/","url":"https:\/\/www.galileo.edu\/page\/gracias-conferencia-prensa-pmi-galileo\/","name":"Gracias: Webinar: Auditor\u00eda de Inteligencia Artificial","isPartOf":{"@id":"https:\/\/www.galileo.edu\/page\/#website"},"datePublished":"2025-09-11T16:03:47+00:00","dateModified":"2025-09-11T20:54:53+00:00","description":"Forma parte de esta conferencia impulsada por la Maestr\u00eda en Gesti\u00f3n y Direcci\u00f3n de Proyectos de la Facultad de Ingenier\u00eda en Sistemas, Inform\u00e1tica y Ciencias de la Computaci\u00f3n (FISICC) de Universidad Galileo.","breadcrumb":{"@id":"https:\/\/www.galileo.edu\/page\/gracias-conferencia-prensa-pmi-galileo\/#breadcrumb"},"inLanguage":"en-US","potentialAction":[{"@type":"ReadAction","target":["https:\/\/www.galileo.edu\/page\/gracias-conferencia-prensa-pmi-galileo\/"]}]},{"@type":"BreadcrumbList","@id":"https:\/\/www.galileo.edu\/page\/gracias-conferencia-prensa-pmi-galileo\/#breadcrumb","itemListElement":[{"@type":"ListItem","position":1,"name":"Home","item":"https:\/\/www.galileo.edu\/page\/home\/"},{"@type":"ListItem","position":2,"name":"Gracias: Foro: La importancia de las acreditaciones internacionales en Guatemala"}]},{"@type":"WebSite","@id":"https:\/\/www.galileo.edu\/page\/#website","url":"https:\/\/www.galileo.edu\/page\/","name":"Universidad Galileo","description":"La revoluci\u00f3n en la educaci\u00f3n","potentialAction":[{"@type":"SearchAction","target":{"@type":"EntryPoint","urlTemplate":"https:\/\/www.galileo.edu\/page\/?s={search_term_string}"},"query-input":"required name=search_term_string"}],"inLanguage":"en-US"}]}},"_links":{"self":[{"href":"https:\/\/www.galileo.edu\/page\/wp-json\/wp\/v2\/pages\/99066"}],"collection":[{"href":"https:\/\/www.galileo.edu\/page\/wp-json\/wp\/v2\/pages"}],"about":[{"href":"https:\/\/www.galileo.edu\/page\/wp-json\/wp\/v2\/types\/page"}],"author":[{"embeddable":true,"href":"https:\/\/www.galileo.edu\/page\/wp-json\/wp\/v2\/users\/29"}],"replies":[{"embeddable":true,"href":"https:\/\/www.galileo.edu\/page\/wp-json\/wp\/v2\/comments?post=99066"}],"version-history":[{"count":4,"href":"https:\/\/www.galileo.edu\/page\/wp-json\/wp\/v2\/pages\/99066\/revisions"}],"predecessor-version":[{"id":99123,"href":"https:\/\/www.galileo.edu\/page\/wp-json\/wp\/v2\/pages\/99066\/revisions\/99123"}],"wp:featuredmedia":[{"embeddable":true,"href":"https:\/\/www.galileo.edu\/page\/wp-json\/wp\/v2\/media\/99074"}],"wp:attachment":[{"href":"https:\/\/www.galileo.edu\/page\/wp-json\/wp\/v2\/media?parent=99066"}],"curies":[{"name":"wp","href":"https:\/\/api.w.org\/{rel}","templated":true}]}}