{"id":9717,"date":"2018-10-16T18:48:28","date_gmt":"2018-10-16T18:48:28","guid":{"rendered":"http:\/\/www.galileo.edu\/page\/?page_id=9717"},"modified":"2018-10-23T15:07:19","modified_gmt":"2018-10-23T15:07:19","slug":"talleres-congreso-educacion-virtual-paola-morales","status":"publish","type":"page","link":"https:\/\/www.galileo.edu\/page\/talleres-congreso-educacion-virtual-paola-morales\/","title":{"rendered":"Talleres Congreso Educaci\u00f3n Virtual-Paola Morales"},"content":{"rendered":"<p>[et_pb_section fb_built=&#8221;1&#8243; fullwidth=&#8221;on&#8221; _builder_version=&#8221;3.2.2&#8243; box_shadow_style=&#8221;preset2&#8243; bottom_divider_height=&#8221;1px&#8221; bottom_divider_flip=&#8221;vertical&#8221;][et_pb_fullwidth_menu menu_id=&#8221;20&#8243; submenu_direction=&#8221;downwards&#8221; fullwidth_menu=&#8221;off&#8221; _builder_version=&#8221;3.2.2&#8243; menu_font_size=&#8221;18px&#8221; menu_font_size_last_edited=&#8221;on|desktop&#8221; menu_line_height=&#8221;1.4em&#8221; menu_line_height_last_edited=&#8221;on|desktop&#8221; background_size=&#8221;initial&#8221; background_position=&#8221;center_left&#8221; text_orientation=&#8221;right&#8221; custom_margin=&#8221;|||2%&#8221; custom_margin_last_edited=&#8221;on|desktop&#8221;][\/et_pb_fullwidth_menu][\/et_pb_section][et_pb_section fb_built=&#8221;1&#8243; module_id=&#8221;Paola&#8221; _builder_version=&#8221;3.2.2&#8243; custom_padding=&#8221;35px|0px|33px|0px|false|false&#8221;][et_pb_row custom_padding=&#8221;14px|0px|15px|0px|false|false&#8221; _builder_version=&#8221;3.2.2&#8243;][et_pb_column type=&#8221;4_4&#8243; _builder_version=&#8221;3.0.47&#8243; parallax=&#8221;off&#8221; parallax_method=&#8221;on&#8221;][et_pb_text _builder_version=&#8221;3.2.2&#8243; text_font=&#8221;Raleway||||||||&#8221; text_font_size=&#8221;16px&#8221; text_font_size_last_edited=&#8221;on|desktop&#8221; text_line_height_last_edited=&#8221;on|desktop&#8221; header_font=&#8221;||||||||&#8221; header_text_align=&#8221;left&#8221; header_2_font=&#8221;Open Sans|700|||||||&#8221; header_2_text_align=&#8221;left&#8221; header_2_text_color=&#8221;#4756b1&#8243; header_2_font_size_last_edited=&#8221;on|desktop&#8221; header_2_line_height=&#8221;1.4em&#8221; header_2_line_height_last_edited=&#8221;on|desktop&#8221; header_3_font=&#8221;Open Sans|600|||||||&#8221; header_3_text_color=&#8221;#4756b1&#8243; header_3_font_size=&#8221;21px&#8221; header_3_font_size_last_edited=&#8221;on|desktop&#8221; header_3_line_height=&#8221;1.2em&#8221; header_3_line_height_last_edited=&#8221;on|desktop&#8221; text_orientation=&#8221;justified&#8221;]<\/p>\n<h2>Gamification: Aprender jugando<br \/> en Entornos Virtuales de Aprendizaje -EVA-<\/h2>\n<p>El taller-reflexivo vincula diferentes estrategias did\u00e1cticas que pueden ser implementadas por medio de herramientas web, basadas en el concepto de gamification que permiten dinamizar las tem\u00e1ticas de los cursos tradicionales.<br \/> Orienta a dise\u00f1ar y seleccionar estrategias de aprendizaje para mejorar el proceso de formaci\u00f3n en entornos virtuales, promoviendo un aprendizaje activo, cooperativo, de pensamiento cr\u00edtico y significativo.<\/p>\n<p>&nbsp;<\/p>\n<h3>Impartido por:<\/h3>\n<h3>\u00a0<img decoding=\"async\" loading=\"lazy\" src=\"https:\/\/www.galileo.edu\/page\/wp-content\/uploads\/2018\/10\/cristian-andino.png\" width=\"70\" height=\"71\" alt=\"\" class=\"wp-image-9784 alignnone size-full\" \/>Cristian Andrino<\/h3>\n<ul>\n<li>Maestr\u00eda en Formaci\u00f3n Docente Hol\u00edstica, Universidad de San Carlos de Guatemala.<\/li>\n<li>Licenciatura en Pedagog\u00eda y Adm\u00f3n. Educativa, USAC.<\/li>\n<li>Diplomado en Transformaci\u00f3n cultural y personal, DIGA, USAC<\/li>\n<li>Diplomado en Gesti\u00f3n curricular y proyectos formativos por competencias. CIFE. M\u00e9xico.<\/li>\n<li>Diplomado en Did\u00e1ctica en entornos virtuales de aprendizaje. Universidad de Nicaragua, UNI<\/li>\n<li>Diplomado en Competencias educativas, Universidad del Valle de Guatemala.<\/li>\n<\/ul>\n<h3><img decoding=\"async\" loading=\"lazy\" class=\"wp-image-8216 alignnone size-full\" src=\"https:\/\/www.galileo.edu\/page\/wp-content\/uploads\/2018\/09\/paola-morales.png\" alt=\"\" width=\"70\" height=\"71\" \/>Sindy Paola Morales<\/h3>\n<ul>\n<li>Ingeniera en Ciencias y Sistemas, USAC<\/li>\n<li>Estudiante de la Maestr\u00eda en Mercadeo, USAC<\/li>\n<li>Estudiante de la Maestr\u00eda en Direcci\u00f3n Empresarial, UNITEC<\/li>\n<li>Diplomado en Emprendimiento e Innovaci\u00f3n, Pontificia Universidad Cat\u00f3lica de Chile<\/li>\n<\/ul>\n<p>[\/et_pb_text][\/et_pb_column][\/et_pb_row][\/et_pb_section][et_pb_section fb_built=&#8221;1&#8243; fullwidth=&#8221;on&#8221; _builder_version=&#8221;3.2.2&#8243; custom_padding=&#8221;0|0px|0|0px|false|false&#8221;][et_pb_fullwidth_header _builder_version=&#8221;3.2.2&#8243; content_font=&#8221;||||||||&#8221; content_text_align=&#8221;center&#8221; content_font_size_last_edited=&#8221;on|desktop&#8221; background_color=&#8221;#3e4085&#8243;] I Congreso Interuniversitario sobre Educaci\u00f3n Virtual (Digital World Learning) + Universidad de San Carlos de Guatemala + Universidad Mariano G\u00e1lvez + Universidad Galielo Rights Reserved[\/et_pb_fullwidth_header][\/et_pb_section]<\/p>\n","protected":false},"excerpt":{"rendered":"<p>Gamification: Aprender jugando en Entornos Virtuales de Aprendizaje -EVA- El taller-reflexivo vincula diferentes estrategias did\u00e1cticas que pueden ser implementadas por medio de herramientas web, basadas en el concepto de gamification que permiten dinamizar las tem\u00e1ticas de los cursos tradicionales. Orienta a dise\u00f1ar y seleccionar estrategias de aprendizaje para mejorar el proceso de formaci\u00f3n en entornos [&hellip;]<\/p>\n","protected":false},"author":9,"featured_media":0,"parent":0,"menu_order":0,"comment_status":"closed","ping_status":"closed","template":"page-template-blank.php","meta":{"_et_pb_use_builder":"on","_et_pb_old_content":"","_et_gb_content_width":""},"yoast_head":"<!-- This site is optimized with the Yoast SEO plugin v20.13 - https:\/\/yoast.com\/wordpress\/plugins\/seo\/ -->\n<title>Talleres Congreso Educaci\u00f3n Virtual-Paola Morales - Universidad Galileo<\/title>\n<meta name=\"robots\" content=\"index, follow, max-snippet:-1, max-image-preview:large, max-video-preview:-1\" \/>\n<link rel=\"canonical\" href=\"https:\/\/www.galileo.edu\/page\/talleres-congreso-educacion-virtual-paola-morales\/\" \/>\n<meta property=\"og:locale\" content=\"en_US\" \/>\n<meta property=\"og:type\" content=\"article\" \/>\n<meta property=\"og:title\" content=\"Talleres Congreso Educaci\u00f3n Virtual-Paola Morales - Universidad Galileo\" \/>\n<meta property=\"og:description\" content=\"Gamification: Aprender jugando en Entornos Virtuales de Aprendizaje -EVA- El taller-reflexivo vincula diferentes estrategias did\u00e1cticas que pueden ser implementadas por medio de herramientas web, basadas en el concepto de gamification que permiten dinamizar las tem\u00e1ticas de los cursos tradicionales. Orienta a dise\u00f1ar y seleccionar estrategias de aprendizaje para mejorar el proceso de formaci\u00f3n en entornos [&hellip;]\" \/>\n<meta property=\"og:url\" content=\"https:\/\/www.galileo.edu\/page\/talleres-congreso-educacion-virtual-paola-morales\/\" \/>\n<meta property=\"og:site_name\" content=\"Universidad Galileo\" \/>\n<meta property=\"article:modified_time\" content=\"2018-10-23T15:07:19+00:00\" \/>\n<meta property=\"og:image\" content=\"http:\/\/www.galileo.edu\/page\/wp-content\/uploads\/2018\/10\/cristian-andino.png\" \/>\n<meta name=\"twitter:card\" content=\"summary_large_image\" \/>\n<meta name=\"twitter:label1\" content=\"Est. reading time\" \/>\n\t<meta name=\"twitter:data1\" content=\"2 minutes\" \/>\n<script type=\"application\/ld+json\" class=\"yoast-schema-graph\">{\"@context\":\"https:\/\/schema.org\",\"@graph\":[{\"@type\":\"WebPage\",\"@id\":\"https:\/\/www.galileo.edu\/page\/talleres-congreso-educacion-virtual-paola-morales\/\",\"url\":\"https:\/\/www.galileo.edu\/page\/talleres-congreso-educacion-virtual-paola-morales\/\",\"name\":\"Talleres Congreso Educaci\u00f3n Virtual-Paola Morales - Universidad Galileo\",\"isPartOf\":{\"@id\":\"https:\/\/www.galileo.edu\/page\/#website\"},\"datePublished\":\"2018-10-16T18:48:28+00:00\",\"dateModified\":\"2018-10-23T15:07:19+00:00\",\"breadcrumb\":{\"@id\":\"https:\/\/www.galileo.edu\/page\/talleres-congreso-educacion-virtual-paola-morales\/#breadcrumb\"},\"inLanguage\":\"en-US\",\"potentialAction\":[{\"@type\":\"ReadAction\",\"target\":[\"https:\/\/www.galileo.edu\/page\/talleres-congreso-educacion-virtual-paola-morales\/\"]}]},{\"@type\":\"BreadcrumbList\",\"@id\":\"https:\/\/www.galileo.edu\/page\/talleres-congreso-educacion-virtual-paola-morales\/#breadcrumb\",\"itemListElement\":[{\"@type\":\"ListItem\",\"position\":1,\"name\":\"Home\",\"item\":\"https:\/\/www.galileo.edu\/page\/home\/\"},{\"@type\":\"ListItem\",\"position\":2,\"name\":\"Talleres Congreso Educaci\u00f3n Virtual-Paola Morales\"}]},{\"@type\":\"WebSite\",\"@id\":\"https:\/\/www.galileo.edu\/page\/#website\",\"url\":\"https:\/\/www.galileo.edu\/page\/\",\"name\":\"Universidad Galileo\",\"description\":\"La revoluci\u00f3n en la educaci\u00f3n\",\"potentialAction\":[{\"@type\":\"SearchAction\",\"target\":{\"@type\":\"EntryPoint\",\"urlTemplate\":\"https:\/\/www.galileo.edu\/page\/?s={search_term_string}\"},\"query-input\":\"required name=search_term_string\"}],\"inLanguage\":\"en-US\"}]}<\/script>\n<!-- \/ Yoast SEO plugin. -->","yoast_head_json":{"title":"Talleres Congreso Educaci\u00f3n Virtual-Paola Morales - Universidad Galileo","robots":{"index":"index","follow":"follow","max-snippet":"max-snippet:-1","max-image-preview":"max-image-preview:large","max-video-preview":"max-video-preview:-1"},"canonical":"https:\/\/www.galileo.edu\/page\/talleres-congreso-educacion-virtual-paola-morales\/","og_locale":"en_US","og_type":"article","og_title":"Talleres Congreso Educaci\u00f3n Virtual-Paola Morales - Universidad Galileo","og_description":"Gamification: Aprender jugando en Entornos Virtuales de Aprendizaje -EVA- El taller-reflexivo vincula diferentes estrategias did\u00e1cticas que pueden ser implementadas por medio de herramientas web, basadas en el concepto de gamification que permiten dinamizar las tem\u00e1ticas de los cursos tradicionales. Orienta a dise\u00f1ar y seleccionar estrategias de aprendizaje para mejorar el proceso de formaci\u00f3n en entornos [&hellip;]","og_url":"https:\/\/www.galileo.edu\/page\/talleres-congreso-educacion-virtual-paola-morales\/","og_site_name":"Universidad Galileo","article_modified_time":"2018-10-23T15:07:19+00:00","og_image":[{"url":"http:\/\/www.galileo.edu\/page\/wp-content\/uploads\/2018\/10\/cristian-andino.png"}],"twitter_card":"summary_large_image","twitter_misc":{"Est. reading time":"2 minutes"},"schema":{"@context":"https:\/\/schema.org","@graph":[{"@type":"WebPage","@id":"https:\/\/www.galileo.edu\/page\/talleres-congreso-educacion-virtual-paola-morales\/","url":"https:\/\/www.galileo.edu\/page\/talleres-congreso-educacion-virtual-paola-morales\/","name":"Talleres Congreso Educaci\u00f3n Virtual-Paola Morales - Universidad Galileo","isPartOf":{"@id":"https:\/\/www.galileo.edu\/page\/#website"},"datePublished":"2018-10-16T18:48:28+00:00","dateModified":"2018-10-23T15:07:19+00:00","breadcrumb":{"@id":"https:\/\/www.galileo.edu\/page\/talleres-congreso-educacion-virtual-paola-morales\/#breadcrumb"},"inLanguage":"en-US","potentialAction":[{"@type":"ReadAction","target":["https:\/\/www.galileo.edu\/page\/talleres-congreso-educacion-virtual-paola-morales\/"]}]},{"@type":"BreadcrumbList","@id":"https:\/\/www.galileo.edu\/page\/talleres-congreso-educacion-virtual-paola-morales\/#breadcrumb","itemListElement":[{"@type":"ListItem","position":1,"name":"Home","item":"https:\/\/www.galileo.edu\/page\/home\/"},{"@type":"ListItem","position":2,"name":"Talleres Congreso Educaci\u00f3n Virtual-Paola Morales"}]},{"@type":"WebSite","@id":"https:\/\/www.galileo.edu\/page\/#website","url":"https:\/\/www.galileo.edu\/page\/","name":"Universidad Galileo","description":"La revoluci\u00f3n en la educaci\u00f3n","potentialAction":[{"@type":"SearchAction","target":{"@type":"EntryPoint","urlTemplate":"https:\/\/www.galileo.edu\/page\/?s={search_term_string}"},"query-input":"required name=search_term_string"}],"inLanguage":"en-US"}]}},"_links":{"self":[{"href":"https:\/\/www.galileo.edu\/page\/wp-json\/wp\/v2\/pages\/9717"}],"collection":[{"href":"https:\/\/www.galileo.edu\/page\/wp-json\/wp\/v2\/pages"}],"about":[{"href":"https:\/\/www.galileo.edu\/page\/wp-json\/wp\/v2\/types\/page"}],"author":[{"embeddable":true,"href":"https:\/\/www.galileo.edu\/page\/wp-json\/wp\/v2\/users\/9"}],"replies":[{"embeddable":true,"href":"https:\/\/www.galileo.edu\/page\/wp-json\/wp\/v2\/comments?post=9717"}],"version-history":[{"count":6,"href":"https:\/\/www.galileo.edu\/page\/wp-json\/wp\/v2\/pages\/9717\/revisions"}],"predecessor-version":[{"id":9912,"href":"https:\/\/www.galileo.edu\/page\/wp-json\/wp\/v2\/pages\/9717\/revisions\/9912"}],"wp:attachment":[{"href":"https:\/\/www.galileo.edu\/page\/wp-json\/wp\/v2\/media?parent=9717"}],"curies":[{"name":"wp","href":"https:\/\/api.w.org\/{rel}","templated":true}]}}