{"id":9711,"date":"2018-10-16T18:51:34","date_gmt":"2018-10-16T18:51:34","guid":{"rendered":"http:\/\/www.galileo.edu\/page\/?page_id=9711"},"modified":"2018-10-23T15:03:48","modified_gmt":"2018-10-23T15:03:48","slug":"talleres-congreso-educacion-virtual-paulo-castro","status":"publish","type":"page","link":"https:\/\/www.galileo.edu\/page\/talleres-congreso-educacion-virtual-paulo-castro\/","title":{"rendered":"Talleres Congreso Educaci\u00f3n Virtual-Paulo Castro"},"content":{"rendered":"<p>[et_pb_section fb_built=&#8221;1&#8243; fullwidth=&#8221;on&#8221; _builder_version=&#8221;3.2.2&#8243; box_shadow_style=&#8221;preset2&#8243; bottom_divider_height=&#8221;1px&#8221; bottom_divider_flip=&#8221;vertical&#8221;][et_pb_fullwidth_menu menu_id=&#8221;20&#8243; submenu_direction=&#8221;downwards&#8221; fullwidth_menu=&#8221;off&#8221; _builder_version=&#8221;3.2.2&#8243; menu_font_size=&#8221;18px&#8221; menu_font_size_last_edited=&#8221;on|desktop&#8221; menu_line_height=&#8221;1.4em&#8221; menu_line_height_last_edited=&#8221;on|desktop&#8221; background_size=&#8221;initial&#8221; background_position=&#8221;center_left&#8221; text_orientation=&#8221;right&#8221; custom_margin=&#8221;|||2%&#8221; custom_margin_last_edited=&#8221;on|desktop&#8221;][\/et_pb_fullwidth_menu][\/et_pb_section][et_pb_section fb_built=&#8221;1&#8243; module_id=&#8221;Paulo&#8221; _builder_version=&#8221;3.2.2&#8243; custom_padding=&#8221;35px|0px|33px|0px|false|false&#8221;][et_pb_row custom_padding=&#8221;14px|0px|15px|0px|false|false&#8221; _builder_version=&#8221;3.2.2&#8243;][et_pb_column type=&#8221;4_4&#8243; _builder_version=&#8221;3.0.47&#8243; parallax=&#8221;off&#8221; parallax_method=&#8221;on&#8221;][et_pb_text _builder_version=&#8221;3.2.2&#8243; text_font=&#8221;Raleway||||||||&#8221; text_font_size=&#8221;16px&#8221; text_font_size_last_edited=&#8221;on|desktop&#8221; text_line_height_last_edited=&#8221;on|desktop&#8221; header_font=&#8221;||||||||&#8221; header_text_align=&#8221;left&#8221; header_2_font=&#8221;Open Sans|700|||||||&#8221; header_2_text_align=&#8221;left&#8221; header_2_text_color=&#8221;#4756b1&#8243; header_2_font_size_last_edited=&#8221;on|desktop&#8221; header_2_line_height=&#8221;1.4em&#8221; header_2_line_height_last_edited=&#8221;on|desktop&#8221; header_3_font=&#8221;Open Sans|600|||||||&#8221; header_3_text_color=&#8221;#4756b1&#8243; header_3_font_size=&#8221;21px&#8221; header_3_font_size_last_edited=&#8221;on|desktop&#8221; header_3_line_height=&#8221;1.2em&#8221; header_3_line_height_last_edited=&#8221;on|desktop&#8221; text_orientation=&#8221;justified&#8221;]<\/p>\n<h2>Feedback en el aprendizaje virtual<br \/> \u00bfSe lo digo o no se lo digo?<\/h2>\n<p>\u00bfAlguna vez se ha preguntado por qu\u00e9 el feedback cuidadosamente elaborado no conduce a m\u00e1s mejoras en la ense\u00f1anza y en el aprendizaje? Quiz\u00e1s hemos descuidado el aspecto m\u00e1s importante de la retroalimentaci\u00f3n.<br \/> Nos estamos ahogando en feedback en nuestros trabajos, relaciones interpersonales y en entornos de aprendizaje. Desde cualquier \u00e1ngulo, en cualquier sector, el feedback simplemente no funcionan para mejorar el rendimiento. Quiz\u00e1 nos hemos enfocado en nuevas y mejores formas de dar feedback, cuando en realidad, el jugador clave no es el emisor sino el receptor del feedback. Incluso si el dador ha sido bien entrenado para dar retroalimentaci\u00f3n, si el receptor no est\u00e1 dispuesto o no puede aceptar los comentarios, entonces el feedback no funciona.<br \/> En este taller presentaremos pr\u00e1cticas efectivas para lograr que los participantes en ambientes virtuales busquen el feedback y aprendan de \u00e9l. Estas pr\u00e1cticas tambi\u00e9n funcionan en ambientes presenciales.<\/p>\n<p>&nbsp;<\/p>\n<h3>Impartido por:<\/h3>\n<h3><img decoding=\"async\" loading=\"lazy\" class=\"wp-image-8209 alignnone size-full\" src=\"https:\/\/www.galileo.edu\/page\/wp-content\/uploads\/2018\/09\/paulo-castro.png\" alt=\"\" width=\"70\" height=\"71\" \/> Paulo Castro<\/h3>\n<ul>\n<li>Director de Innovaci\u00f3n Educativa de la Universidad Mariano G\u00e1lvez.<\/li>\n<li>Experto en implementaci\u00f3n, dise\u00f1o y gesti\u00f3n de proyectos e-Learning y b-Learning por la UNED Espa\u00f1a y HFU AKADEMIE Alemania.<\/li>\n<li>Ha capacitado y disertado temas tecnol\u00f3gicos y educativos diferentes grupos de docentes a lo largo de la rep\u00fablica, tanto de forma presencial como virtual.<\/li>\n<\/ul>\n<h3><img decoding=\"async\" loading=\"lazy\" class=\"wp-image-8855 alignnone size-full\" src=\"https:\/\/www.galileo.edu\/page\/wp-content\/uploads\/2018\/09\/nidia-giorgis-1.png\" alt=\"\" width=\"70\" height=\"71\" \/>Nidia Giorgis<\/h3>\n<ul>\n<li>Doctoranda en Educaci\u00f3n por UNINI en el tema Modelo para desarrollar la destreza de aprender de la informaci\u00f3n de retorno y la mejora en el rendimiento de los estudiantes en la educaci\u00f3n superior.<\/li>\n<li>Magister en Docencia Superior, Universidad Rafael Land\u00edvar, Guatemala.<\/li>\n<li>Ingeniera en Sistemas, Universidad Francisco Marroqu\u00edn, Guatemala.<\/li>\n<li>Decana de la Facultad de Humanidades en Universidad Mariano G\u00e1lvez<\/li>\n<li>Directora de los Posgrados de Educaci\u00f3n en Universidad Mariano G\u00e1lvez<\/li>\n<li>Catedr\u00e1tica universitaria<\/li>\n<\/ul>\n<p>[\/et_pb_text][\/et_pb_column][\/et_pb_row][\/et_pb_section][et_pb_section fb_built=&#8221;1&#8243; fullwidth=&#8221;on&#8221; _builder_version=&#8221;3.2.2&#8243; custom_padding=&#8221;0|0px|0|0px|false|false&#8221;][et_pb_fullwidth_header _builder_version=&#8221;3.2.2&#8243; content_font=&#8221;||||||||&#8221; content_text_align=&#8221;center&#8221; content_font_size_last_edited=&#8221;on|desktop&#8221; background_color=&#8221;#3e4085&#8243;] I Congreso Interuniversitario sobre Educaci\u00f3n Virtual (Digital World Learning) + Universidad de San Carlos de Guatemala + Universidad Mariano G\u00e1lvez + Universidad Galielo Rights Reserved[\/et_pb_fullwidth_header][\/et_pb_section]<\/p>\n","protected":false},"excerpt":{"rendered":"<p>Feedback en el aprendizaje virtual \u00bfSe lo digo o no se lo digo? \u00bfAlguna vez se ha preguntado por qu\u00e9 el feedback cuidadosamente elaborado no conduce a m\u00e1s mejoras en la ense\u00f1anza y en el aprendizaje? Quiz\u00e1s hemos descuidado el aspecto m\u00e1s importante de la retroalimentaci\u00f3n. Nos estamos ahogando en feedback en nuestros trabajos, relaciones [&hellip;]<\/p>\n","protected":false},"author":9,"featured_media":0,"parent":0,"menu_order":0,"comment_status":"closed","ping_status":"closed","template":"page-template-blank.php","meta":{"_et_pb_use_builder":"on","_et_pb_old_content":"","_et_gb_content_width":""},"yoast_head":"<!-- This site is optimized with the Yoast SEO plugin v20.13 - https:\/\/yoast.com\/wordpress\/plugins\/seo\/ -->\n<title>Talleres Congreso Educaci\u00f3n Virtual-Paulo Castro - Universidad Galileo<\/title>\n<meta name=\"robots\" content=\"index, follow, max-snippet:-1, max-image-preview:large, max-video-preview:-1\" \/>\n<link rel=\"canonical\" href=\"https:\/\/www.galileo.edu\/page\/talleres-congreso-educacion-virtual-paulo-castro\/\" \/>\n<meta property=\"og:locale\" content=\"en_US\" \/>\n<meta property=\"og:type\" content=\"article\" \/>\n<meta property=\"og:title\" content=\"Talleres Congreso Educaci\u00f3n Virtual-Paulo Castro - Universidad Galileo\" \/>\n<meta property=\"og:description\" content=\"Feedback en el aprendizaje virtual \u00bfSe lo digo o no se lo digo? \u00bfAlguna vez se ha preguntado por qu\u00e9 el feedback cuidadosamente elaborado no conduce a m\u00e1s mejoras en la ense\u00f1anza y en el aprendizaje? Quiz\u00e1s hemos descuidado el aspecto m\u00e1s importante de la retroalimentaci\u00f3n. Nos estamos ahogando en feedback en nuestros trabajos, relaciones [&hellip;]\" \/>\n<meta property=\"og:url\" content=\"https:\/\/www.galileo.edu\/page\/talleres-congreso-educacion-virtual-paulo-castro\/\" \/>\n<meta property=\"og:site_name\" content=\"Universidad Galileo\" \/>\n<meta property=\"article:modified_time\" content=\"2018-10-23T15:03:48+00:00\" \/>\n<meta property=\"og:image\" content=\"http:\/\/www.galileo.edu\/page\/wp-content\/uploads\/2018\/09\/paulo-castro.png\" \/>\n<meta name=\"twitter:card\" content=\"summary_large_image\" \/>\n<meta name=\"twitter:label1\" content=\"Est. reading time\" \/>\n\t<meta name=\"twitter:data1\" content=\"3 minutes\" \/>\n<script type=\"application\/ld+json\" class=\"yoast-schema-graph\">{\"@context\":\"https:\/\/schema.org\",\"@graph\":[{\"@type\":\"WebPage\",\"@id\":\"https:\/\/www.galileo.edu\/page\/talleres-congreso-educacion-virtual-paulo-castro\/\",\"url\":\"https:\/\/www.galileo.edu\/page\/talleres-congreso-educacion-virtual-paulo-castro\/\",\"name\":\"Talleres Congreso Educaci\u00f3n Virtual-Paulo Castro - Universidad Galileo\",\"isPartOf\":{\"@id\":\"https:\/\/www.galileo.edu\/page\/#website\"},\"datePublished\":\"2018-10-16T18:51:34+00:00\",\"dateModified\":\"2018-10-23T15:03:48+00:00\",\"breadcrumb\":{\"@id\":\"https:\/\/www.galileo.edu\/page\/talleres-congreso-educacion-virtual-paulo-castro\/#breadcrumb\"},\"inLanguage\":\"en-US\",\"potentialAction\":[{\"@type\":\"ReadAction\",\"target\":[\"https:\/\/www.galileo.edu\/page\/talleres-congreso-educacion-virtual-paulo-castro\/\"]}]},{\"@type\":\"BreadcrumbList\",\"@id\":\"https:\/\/www.galileo.edu\/page\/talleres-congreso-educacion-virtual-paulo-castro\/#breadcrumb\",\"itemListElement\":[{\"@type\":\"ListItem\",\"position\":1,\"name\":\"Home\",\"item\":\"https:\/\/www.galileo.edu\/page\/home\/\"},{\"@type\":\"ListItem\",\"position\":2,\"name\":\"Talleres Congreso Educaci\u00f3n Virtual-Paulo Castro\"}]},{\"@type\":\"WebSite\",\"@id\":\"https:\/\/www.galileo.edu\/page\/#website\",\"url\":\"https:\/\/www.galileo.edu\/page\/\",\"name\":\"Universidad Galileo\",\"description\":\"La revoluci\u00f3n en la educaci\u00f3n\",\"potentialAction\":[{\"@type\":\"SearchAction\",\"target\":{\"@type\":\"EntryPoint\",\"urlTemplate\":\"https:\/\/www.galileo.edu\/page\/?s={search_term_string}\"},\"query-input\":\"required name=search_term_string\"}],\"inLanguage\":\"en-US\"}]}<\/script>\n<!-- \/ Yoast SEO plugin. -->","yoast_head_json":{"title":"Talleres Congreso Educaci\u00f3n Virtual-Paulo Castro - Universidad Galileo","robots":{"index":"index","follow":"follow","max-snippet":"max-snippet:-1","max-image-preview":"max-image-preview:large","max-video-preview":"max-video-preview:-1"},"canonical":"https:\/\/www.galileo.edu\/page\/talleres-congreso-educacion-virtual-paulo-castro\/","og_locale":"en_US","og_type":"article","og_title":"Talleres Congreso Educaci\u00f3n Virtual-Paulo Castro - Universidad Galileo","og_description":"Feedback en el aprendizaje virtual \u00bfSe lo digo o no se lo digo? \u00bfAlguna vez se ha preguntado por qu\u00e9 el feedback cuidadosamente elaborado no conduce a m\u00e1s mejoras en la ense\u00f1anza y en el aprendizaje? Quiz\u00e1s hemos descuidado el aspecto m\u00e1s importante de la retroalimentaci\u00f3n. Nos estamos ahogando en feedback en nuestros trabajos, relaciones [&hellip;]","og_url":"https:\/\/www.galileo.edu\/page\/talleres-congreso-educacion-virtual-paulo-castro\/","og_site_name":"Universidad Galileo","article_modified_time":"2018-10-23T15:03:48+00:00","og_image":[{"url":"http:\/\/www.galileo.edu\/page\/wp-content\/uploads\/2018\/09\/paulo-castro.png"}],"twitter_card":"summary_large_image","twitter_misc":{"Est. reading time":"3 minutes"},"schema":{"@context":"https:\/\/schema.org","@graph":[{"@type":"WebPage","@id":"https:\/\/www.galileo.edu\/page\/talleres-congreso-educacion-virtual-paulo-castro\/","url":"https:\/\/www.galileo.edu\/page\/talleres-congreso-educacion-virtual-paulo-castro\/","name":"Talleres Congreso Educaci\u00f3n Virtual-Paulo Castro - Universidad Galileo","isPartOf":{"@id":"https:\/\/www.galileo.edu\/page\/#website"},"datePublished":"2018-10-16T18:51:34+00:00","dateModified":"2018-10-23T15:03:48+00:00","breadcrumb":{"@id":"https:\/\/www.galileo.edu\/page\/talleres-congreso-educacion-virtual-paulo-castro\/#breadcrumb"},"inLanguage":"en-US","potentialAction":[{"@type":"ReadAction","target":["https:\/\/www.galileo.edu\/page\/talleres-congreso-educacion-virtual-paulo-castro\/"]}]},{"@type":"BreadcrumbList","@id":"https:\/\/www.galileo.edu\/page\/talleres-congreso-educacion-virtual-paulo-castro\/#breadcrumb","itemListElement":[{"@type":"ListItem","position":1,"name":"Home","item":"https:\/\/www.galileo.edu\/page\/home\/"},{"@type":"ListItem","position":2,"name":"Talleres Congreso Educaci\u00f3n Virtual-Paulo Castro"}]},{"@type":"WebSite","@id":"https:\/\/www.galileo.edu\/page\/#website","url":"https:\/\/www.galileo.edu\/page\/","name":"Universidad Galileo","description":"La revoluci\u00f3n en la educaci\u00f3n","potentialAction":[{"@type":"SearchAction","target":{"@type":"EntryPoint","urlTemplate":"https:\/\/www.galileo.edu\/page\/?s={search_term_string}"},"query-input":"required name=search_term_string"}],"inLanguage":"en-US"}]}},"_links":{"self":[{"href":"https:\/\/www.galileo.edu\/page\/wp-json\/wp\/v2\/pages\/9711"}],"collection":[{"href":"https:\/\/www.galileo.edu\/page\/wp-json\/wp\/v2\/pages"}],"about":[{"href":"https:\/\/www.galileo.edu\/page\/wp-json\/wp\/v2\/types\/page"}],"author":[{"embeddable":true,"href":"https:\/\/www.galileo.edu\/page\/wp-json\/wp\/v2\/users\/9"}],"replies":[{"embeddable":true,"href":"https:\/\/www.galileo.edu\/page\/wp-json\/wp\/v2\/comments?post=9711"}],"version-history":[{"count":4,"href":"https:\/\/www.galileo.edu\/page\/wp-json\/wp\/v2\/pages\/9711\/revisions"}],"predecessor-version":[{"id":9910,"href":"https:\/\/www.galileo.edu\/page\/wp-json\/wp\/v2\/pages\/9711\/revisions\/9910"}],"wp:attachment":[{"href":"https:\/\/www.galileo.edu\/page\/wp-json\/wp\/v2\/media?parent=9711"}],"curies":[{"name":"wp","href":"https:\/\/api.w.org\/{rel}","templated":true}]}}