{"id":9709,"date":"2018-10-16T18:46:09","date_gmt":"2018-10-16T18:46:09","guid":{"rendered":"http:\/\/www.galileo.edu\/page\/?page_id=9709"},"modified":"2018-10-23T15:02:51","modified_gmt":"2018-10-23T15:02:51","slug":"talleres-congreso-educacion-virtual-nidia-giorgis","status":"publish","type":"page","link":"https:\/\/www.galileo.edu\/page\/talleres-congreso-educacion-virtual-nidia-giorgis\/","title":{"rendered":"Talleres Congreso Educaci\u00f3n Virtual-Nidia Giorgis"},"content":{"rendered":"<p>[et_pb_section fb_built=&#8221;1&#8243; fullwidth=&#8221;on&#8221; _builder_version=&#8221;3.2.2&#8243; box_shadow_style=&#8221;preset2&#8243; bottom_divider_height=&#8221;1px&#8221; bottom_divider_flip=&#8221;vertical&#8221;][et_pb_fullwidth_menu menu_id=&#8221;20&#8243; submenu_direction=&#8221;downwards&#8221; fullwidth_menu=&#8221;off&#8221; _builder_version=&#8221;3.2.2&#8243; menu_font_size=&#8221;18px&#8221; menu_font_size_last_edited=&#8221;on|desktop&#8221; menu_line_height=&#8221;1.4em&#8221; menu_line_height_last_edited=&#8221;on|desktop&#8221; background_size=&#8221;initial&#8221; background_position=&#8221;center_left&#8221; text_orientation=&#8221;right&#8221; custom_margin=&#8221;|||2%&#8221; custom_margin_last_edited=&#8221;on|desktop&#8221;][\/et_pb_fullwidth_menu][\/et_pb_section][et_pb_section fb_built=&#8221;1&#8243; module_id=&#8221;Nidia&#8221; _builder_version=&#8221;3.2.2&#8243; custom_padding=&#8221;35px|0px|33px|0px|false|false&#8221;][et_pb_row custom_padding=&#8221;14px|0px|15px|0px|false|false&#8221; _builder_version=&#8221;3.2.2&#8243;][et_pb_column type=&#8221;4_4&#8243; _builder_version=&#8221;3.0.47&#8243; parallax=&#8221;off&#8221; parallax_method=&#8221;on&#8221;][et_pb_text _builder_version=&#8221;3.2.2&#8243; text_font=&#8221;Raleway||||||||&#8221; text_font_size=&#8221;16px&#8221; text_font_size_last_edited=&#8221;on|desktop&#8221; text_line_height_last_edited=&#8221;on|desktop&#8221; header_font=&#8221;||||||||&#8221; header_text_align=&#8221;left&#8221; header_2_font=&#8221;Open Sans|700|||||||&#8221; header_2_text_align=&#8221;left&#8221; header_2_text_color=&#8221;#4756b1&#8243; header_2_font_size_last_edited=&#8221;on|desktop&#8221; header_2_line_height=&#8221;1.4em&#8221; header_2_line_height_last_edited=&#8221;on|desktop&#8221; header_3_font=&#8221;Open Sans|600|||||||&#8221; header_3_text_color=&#8221;#4756b1&#8243; header_3_font_size=&#8221;21px&#8221; header_3_font_size_last_edited=&#8221;on|desktop&#8221; header_3_line_height=&#8221;1.2em&#8221; header_3_line_height_last_edited=&#8221;on|desktop&#8221; text_orientation=&#8221;justified&#8221;]<\/p>\n<h2>\u00bfC\u00f3mo aprenden las personas en la virtualidad?<br \/> \u00a1Pero si es tan f\u00e1cil!<\/h2>\n<p>\u00bfAprendemos de manera diferente en la virtualidad? A pesar de ser una tendencia mundial en la educaci\u00f3n, a\u00fan se duda sobre si se logra o no aprender, si es m\u00e1s f\u00e1cil o menos riguroso. Se descuidan aspectos emocionales, culturales, e interdisciplinarios y no se cuida que exista un buen ambiente de relaciones interpersonales.<br \/> Hemos desatendido a la realidad, que cada vez m\u00e1s somos una creciente cantidad de personas en busca de opciones para aprender. Quiz\u00e1 no hemos sido eficaces en enfocarnos en nuevas y mejores formas de aprender o en realidad, no nos hemos detenido a reflexionar: \u00bfExiste alguna forma mejor para aprender y m\u00e1s f\u00e1cil? \u00bfC\u00f3mo se logra reforzar el autoaprendizaje? \u00bfSer\u00e1 a trav\u00e9s de t\u00e9cnicas como el trabajo individual, ensayos, tareas, proyectos e investigaciones? \u00bfel aprendizaje interactivo con t\u00e9cnicas como conferencias, entrevistas, debates? y \u00bfel aprendizaje colaborativo a trav\u00e9s de soluci\u00f3n de casos, proyectos, aprendizaje basado en proyectos, discusiones y debates?<br \/> En este taller presentaremos pr\u00e1cticas efectivas para lograr que los participantes en ambientes virtuales deseen aprender con otros, de otros, del profesor, de s\u00ed mismos y del contenido.<\/p>\n<p>&nbsp;<\/p>\n<h3>Impartido por:<\/h3>\n<h3><img decoding=\"async\" loading=\"lazy\" class=\"wp-image-8855 alignnone size-full\" src=\"https:\/\/www.galileo.edu\/page\/wp-content\/uploads\/2018\/09\/nidia-giorgis-1.png\" alt=\"\" width=\"70\" height=\"71\" \/>\u00a0Nidia Giorgis<\/h3>\n<ul>\n<li>Doctoranda en Educaci\u00f3n por UNINI en el tema Modelo para desarrollar la destreza de aprender de la informaci\u00f3n de retorno y la mejora en el rendimiento de los estudiantes en la educaci\u00f3n superior.<\/li>\n<li>Magister en Docencia Superior, Universidad Rafael Land\u00edvar, Guatemala.<\/li>\n<li>Ingeniera en Sistemas, Universidad Francisco Marroqu\u00edn, Guatemala.<\/li>\n<li>Decana de la Facultad de Humanidades en Universidad Mariano G\u00e1lvez<\/li>\n<li>Directora de los Posgrados de Educaci\u00f3n en Universidad Mariano G\u00e1lvez<\/li>\n<li>Catedr\u00e1tica universitaria<\/li>\n<\/ul>\n<h3><img decoding=\"async\" loading=\"lazy\" class=\"wp-image-8165 alignnone size-thumbnail\" src=\"https:\/\/www.galileo.edu\/page\/wp-content\/uploads\/2018\/09\/dra-carina-grisol\u00eda-150x150.png\" alt=\"\" width=\"71\" height=\"71\" \/>Carina Grisol\u00eda<\/h3>\n<ul>\n<li>Postgrado \u201cAdopting Pedagogies for Learners at a Distance\u201d Open University del Reino Unido. UNC.<\/li>\n<li>Diploma en Dise\u00f1o y Gesti\u00f3n de Proyectos de e-Learning y Educaci\u00f3n a Distancia. Net-learning- UNSAM (Universidad Nacional de San Mart\u00edn-Argentina).<\/li>\n<li>Directora Centro de Capacitaci\u00f3n, Informaci\u00f3n e Investigaci\u00f3n Educativa (CIIE). Direcci\u00f3n General de Educaci\u00f3n y Cultura de la pprovincia de Buenos Aires.<\/li>\n<li>Consultora independiente en e-Learning (gesti\u00f3n y dise\u00f1o de proyectos, desarrollo de contenidos y aseguramiento de la calidad) para Latinoam\u00e9rica, Europa y resto del mundo.<\/li>\n<li>Experta en Nuevas Tecnolog\u00edas de Aprendizaje a trav\u00e9s de Internet. HFU AKADEMIE Alemania.<\/li>\n<\/ul>\n<p>[\/et_pb_text][\/et_pb_column][\/et_pb_row][\/et_pb_section][et_pb_section fb_built=&#8221;1&#8243; fullwidth=&#8221;on&#8221; _builder_version=&#8221;3.2.2&#8243; custom_padding=&#8221;0|0px|0|0px|false|false&#8221;][et_pb_fullwidth_header _builder_version=&#8221;3.2.2&#8243; content_font=&#8221;||||||||&#8221; content_text_align=&#8221;center&#8221; content_font_size_last_edited=&#8221;on|desktop&#8221; background_color=&#8221;#3e4085&#8243;] I Congreso Interuniversitario sobre Educaci\u00f3n Virtual (Digital World Learning) + Universidad de San Carlos de Guatemala + Universidad Mariano G\u00e1lvez + Universidad Galielo Rights Reserved[\/et_pb_fullwidth_header][\/et_pb_section]<\/p>\n","protected":false},"excerpt":{"rendered":"<p>\u00bfC\u00f3mo aprenden las personas en la virtualidad? \u00a1Pero si es tan f\u00e1cil! \u00bfAprendemos de manera diferente en la virtualidad? A pesar de ser una tendencia mundial en la educaci\u00f3n, a\u00fan se duda sobre si se logra o no aprender, si es m\u00e1s f\u00e1cil o menos riguroso. Se descuidan aspectos emocionales, culturales, e interdisciplinarios y no [&hellip;]<\/p>\n","protected":false},"author":9,"featured_media":0,"parent":0,"menu_order":0,"comment_status":"closed","ping_status":"closed","template":"page-template-blank.php","meta":{"_et_pb_use_builder":"on","_et_pb_old_content":"","_et_gb_content_width":""},"yoast_head":"<!-- This site is optimized with the Yoast SEO plugin v20.13 - https:\/\/yoast.com\/wordpress\/plugins\/seo\/ -->\n<title>Talleres Congreso Educaci\u00f3n Virtual-Nidia Giorgis - Universidad Galileo<\/title>\n<meta name=\"robots\" content=\"index, follow, max-snippet:-1, max-image-preview:large, max-video-preview:-1\" \/>\n<link rel=\"canonical\" href=\"https:\/\/www.galileo.edu\/page\/talleres-congreso-educacion-virtual-nidia-giorgis\/\" \/>\n<meta property=\"og:locale\" content=\"en_US\" \/>\n<meta property=\"og:type\" content=\"article\" \/>\n<meta property=\"og:title\" content=\"Talleres Congreso Educaci\u00f3n Virtual-Nidia Giorgis - Universidad Galileo\" \/>\n<meta property=\"og:description\" content=\"\u00bfC\u00f3mo aprenden las personas en la virtualidad? \u00a1Pero si es tan f\u00e1cil! \u00bfAprendemos de manera diferente en la virtualidad? A pesar de ser una tendencia mundial en la educaci\u00f3n, a\u00fan se duda sobre si se logra o no aprender, si es m\u00e1s f\u00e1cil o menos riguroso. Se descuidan aspectos emocionales, culturales, e interdisciplinarios y no [&hellip;]\" \/>\n<meta property=\"og:url\" content=\"https:\/\/www.galileo.edu\/page\/talleres-congreso-educacion-virtual-nidia-giorgis\/\" \/>\n<meta property=\"og:site_name\" content=\"Universidad Galileo\" \/>\n<meta property=\"article:modified_time\" content=\"2018-10-23T15:02:51+00:00\" \/>\n<meta property=\"og:image\" content=\"http:\/\/www.galileo.edu\/page\/wp-content\/uploads\/2018\/09\/nidia-giorgis-1.png\" \/>\n<meta name=\"twitter:card\" content=\"summary_large_image\" \/>\n<meta name=\"twitter:label1\" content=\"Est. reading time\" \/>\n\t<meta name=\"twitter:data1\" content=\"4 minutes\" \/>\n<script type=\"application\/ld+json\" class=\"yoast-schema-graph\">{\"@context\":\"https:\/\/schema.org\",\"@graph\":[{\"@type\":\"WebPage\",\"@id\":\"https:\/\/www.galileo.edu\/page\/talleres-congreso-educacion-virtual-nidia-giorgis\/\",\"url\":\"https:\/\/www.galileo.edu\/page\/talleres-congreso-educacion-virtual-nidia-giorgis\/\",\"name\":\"Talleres Congreso Educaci\u00f3n Virtual-Nidia Giorgis - Universidad Galileo\",\"isPartOf\":{\"@id\":\"https:\/\/www.galileo.edu\/page\/#website\"},\"datePublished\":\"2018-10-16T18:46:09+00:00\",\"dateModified\":\"2018-10-23T15:02:51+00:00\",\"breadcrumb\":{\"@id\":\"https:\/\/www.galileo.edu\/page\/talleres-congreso-educacion-virtual-nidia-giorgis\/#breadcrumb\"},\"inLanguage\":\"en-US\",\"potentialAction\":[{\"@type\":\"ReadAction\",\"target\":[\"https:\/\/www.galileo.edu\/page\/talleres-congreso-educacion-virtual-nidia-giorgis\/\"]}]},{\"@type\":\"BreadcrumbList\",\"@id\":\"https:\/\/www.galileo.edu\/page\/talleres-congreso-educacion-virtual-nidia-giorgis\/#breadcrumb\",\"itemListElement\":[{\"@type\":\"ListItem\",\"position\":1,\"name\":\"Home\",\"item\":\"https:\/\/www.galileo.edu\/page\/home\/\"},{\"@type\":\"ListItem\",\"position\":2,\"name\":\"Talleres Congreso Educaci\u00f3n Virtual-Nidia Giorgis\"}]},{\"@type\":\"WebSite\",\"@id\":\"https:\/\/www.galileo.edu\/page\/#website\",\"url\":\"https:\/\/www.galileo.edu\/page\/\",\"name\":\"Universidad Galileo\",\"description\":\"La revoluci\u00f3n en la educaci\u00f3n\",\"potentialAction\":[{\"@type\":\"SearchAction\",\"target\":{\"@type\":\"EntryPoint\",\"urlTemplate\":\"https:\/\/www.galileo.edu\/page\/?s={search_term_string}\"},\"query-input\":\"required name=search_term_string\"}],\"inLanguage\":\"en-US\"}]}<\/script>\n<!-- \/ Yoast SEO plugin. -->","yoast_head_json":{"title":"Talleres Congreso Educaci\u00f3n Virtual-Nidia Giorgis - Universidad Galileo","robots":{"index":"index","follow":"follow","max-snippet":"max-snippet:-1","max-image-preview":"max-image-preview:large","max-video-preview":"max-video-preview:-1"},"canonical":"https:\/\/www.galileo.edu\/page\/talleres-congreso-educacion-virtual-nidia-giorgis\/","og_locale":"en_US","og_type":"article","og_title":"Talleres Congreso Educaci\u00f3n Virtual-Nidia Giorgis - Universidad Galileo","og_description":"\u00bfC\u00f3mo aprenden las personas en la virtualidad? \u00a1Pero si es tan f\u00e1cil! \u00bfAprendemos de manera diferente en la virtualidad? A pesar de ser una tendencia mundial en la educaci\u00f3n, a\u00fan se duda sobre si se logra o no aprender, si es m\u00e1s f\u00e1cil o menos riguroso. Se descuidan aspectos emocionales, culturales, e interdisciplinarios y no [&hellip;]","og_url":"https:\/\/www.galileo.edu\/page\/talleres-congreso-educacion-virtual-nidia-giorgis\/","og_site_name":"Universidad Galileo","article_modified_time":"2018-10-23T15:02:51+00:00","og_image":[{"url":"http:\/\/www.galileo.edu\/page\/wp-content\/uploads\/2018\/09\/nidia-giorgis-1.png"}],"twitter_card":"summary_large_image","twitter_misc":{"Est. reading time":"4 minutes"},"schema":{"@context":"https:\/\/schema.org","@graph":[{"@type":"WebPage","@id":"https:\/\/www.galileo.edu\/page\/talleres-congreso-educacion-virtual-nidia-giorgis\/","url":"https:\/\/www.galileo.edu\/page\/talleres-congreso-educacion-virtual-nidia-giorgis\/","name":"Talleres Congreso Educaci\u00f3n Virtual-Nidia Giorgis - Universidad Galileo","isPartOf":{"@id":"https:\/\/www.galileo.edu\/page\/#website"},"datePublished":"2018-10-16T18:46:09+00:00","dateModified":"2018-10-23T15:02:51+00:00","breadcrumb":{"@id":"https:\/\/www.galileo.edu\/page\/talleres-congreso-educacion-virtual-nidia-giorgis\/#breadcrumb"},"inLanguage":"en-US","potentialAction":[{"@type":"ReadAction","target":["https:\/\/www.galileo.edu\/page\/talleres-congreso-educacion-virtual-nidia-giorgis\/"]}]},{"@type":"BreadcrumbList","@id":"https:\/\/www.galileo.edu\/page\/talleres-congreso-educacion-virtual-nidia-giorgis\/#breadcrumb","itemListElement":[{"@type":"ListItem","position":1,"name":"Home","item":"https:\/\/www.galileo.edu\/page\/home\/"},{"@type":"ListItem","position":2,"name":"Talleres Congreso Educaci\u00f3n Virtual-Nidia Giorgis"}]},{"@type":"WebSite","@id":"https:\/\/www.galileo.edu\/page\/#website","url":"https:\/\/www.galileo.edu\/page\/","name":"Universidad Galileo","description":"La revoluci\u00f3n en la educaci\u00f3n","potentialAction":[{"@type":"SearchAction","target":{"@type":"EntryPoint","urlTemplate":"https:\/\/www.galileo.edu\/page\/?s={search_term_string}"},"query-input":"required name=search_term_string"}],"inLanguage":"en-US"}]}},"_links":{"self":[{"href":"https:\/\/www.galileo.edu\/page\/wp-json\/wp\/v2\/pages\/9709"}],"collection":[{"href":"https:\/\/www.galileo.edu\/page\/wp-json\/wp\/v2\/pages"}],"about":[{"href":"https:\/\/www.galileo.edu\/page\/wp-json\/wp\/v2\/types\/page"}],"author":[{"embeddable":true,"href":"https:\/\/www.galileo.edu\/page\/wp-json\/wp\/v2\/users\/9"}],"replies":[{"embeddable":true,"href":"https:\/\/www.galileo.edu\/page\/wp-json\/wp\/v2\/comments?post=9709"}],"version-history":[{"count":5,"href":"https:\/\/www.galileo.edu\/page\/wp-json\/wp\/v2\/pages\/9709\/revisions"}],"predecessor-version":[{"id":9907,"href":"https:\/\/www.galileo.edu\/page\/wp-json\/wp\/v2\/pages\/9709\/revisions\/9907"}],"wp:attachment":[{"href":"https:\/\/www.galileo.edu\/page\/wp-json\/wp\/v2\/media?parent=9709"}],"curies":[{"name":"wp","href":"https:\/\/api.w.org\/{rel}","templated":true}]}}