{"id":9707,"date":"2018-10-16T18:53:40","date_gmt":"2018-10-16T18:53:40","guid":{"rendered":"http:\/\/www.galileo.edu\/page\/?page_id=9707"},"modified":"2018-10-24T14:47:41","modified_gmt":"2018-10-24T14:47:41","slug":"talleres-congreso-educacion-virtual-carla-sandoval","status":"publish","type":"page","link":"https:\/\/www.galileo.edu\/page\/talleres-congreso-educacion-virtual-carla-sandoval\/","title":{"rendered":"Talleres Congreso Educaci\u00f3n Virtual-Carla Sandoval"},"content":{"rendered":"<p>[et_pb_section fb_built=&#8221;1&#8243; fullwidth=&#8221;on&#8221; _builder_version=&#8221;3.2.2&#8243; box_shadow_style=&#8221;preset2&#8243; custom_margin=&#8221;|-5%||&#8221; custom_margin_tablet=&#8221;|0%||&#8221; custom_margin_phone=&#8221;|0%||&#8221; custom_margin_last_edited=&#8221;on|desktop&#8221; custom_padding=&#8221;|||&#8221; bottom_divider_height=&#8221;1px&#8221; bottom_divider_flip=&#8221;vertical&#8221;][et_pb_fullwidth_menu menu_id=&#8221;20&#8243; submenu_direction=&#8221;downwards&#8221; fullwidth_menu=&#8221;off&#8221; _builder_version=&#8221;3.2.2&#8243; menu_font_size=&#8221;18px&#8221; menu_font_size_last_edited=&#8221;on|desktop&#8221; menu_line_height=&#8221;1.4em&#8221; menu_line_height_last_edited=&#8221;on|desktop&#8221; background_size=&#8221;initial&#8221; background_position=&#8221;center_left&#8221; text_orientation=&#8221;right&#8221; custom_margin=&#8221;|||2%&#8221; custom_margin_last_edited=&#8221;on|desktop&#8221;][\/et_pb_fullwidth_menu][\/et_pb_section][et_pb_section fb_built=&#8221;1&#8243; module_id=&#8221;CarlaS&#8221; _builder_version=&#8221;3.2.2&#8243; custom_padding=&#8221;35px|0px|33px|0px|false|false&#8221;][et_pb_row custom_padding=&#8221;14px|0px|15px|0px|false|false&#8221; _builder_version=&#8221;3.2.2&#8243;][et_pb_column type=&#8221;4_4&#8243; _builder_version=&#8221;3.0.47&#8243; parallax=&#8221;off&#8221; parallax_method=&#8221;on&#8221;][et_pb_text _builder_version=&#8221;3.2.2&#8243; text_font=&#8221;Raleway||||||||&#8221; text_font_size=&#8221;16px&#8221; text_font_size_last_edited=&#8221;on|desktop&#8221; text_line_height_last_edited=&#8221;on|desktop&#8221; header_font=&#8221;||||||||&#8221; header_text_align=&#8221;left&#8221; header_2_font=&#8221;Open Sans|700|||||||&#8221; header_2_text_align=&#8221;left&#8221; header_2_text_color=&#8221;#4756b1&#8243; header_2_font_size_last_edited=&#8221;on|desktop&#8221; header_2_line_height=&#8221;1.4em&#8221; header_2_line_height_last_edited=&#8221;on|desktop&#8221; header_3_font=&#8221;Open Sans|600|||||||&#8221; header_3_text_color=&#8221;#4756b1&#8243; header_3_font_size=&#8221;21px&#8221; header_3_font_size_last_edited=&#8221;on|desktop&#8221; header_3_line_height=&#8221;1.2em&#8221; header_3_line_height_last_edited=&#8221;on|desktop&#8221; text_orientation=&#8221;justified&#8221;]<\/p>\n<h2>Aplicaci\u00f3n del aprendizaje colaborativo en ambientes de aprendizaje virtuald<\/h2>\n<p>Durante el taller se presentar\u00e1n las caracter\u00edsticas, elementos y fases del aprendizaje colaborativo, adem\u00e1s se revisar\u00e1n herramientas web que facilitan su aplicaci\u00f3n, todo esto para proporcionar el andamiaje y abordar el tema desde la perspectiva virtual, donde se revisar\u00e1n las ventajas, desventajas, retos, evaluaci\u00f3n y rol del tutor en el aprendizaje colaborativo en un ambiente virtual.<\/p>\n<p>&nbsp;<\/p>\n<h3>Impartido por:<\/h3>\n<h3><img decoding=\"async\" loading=\"lazy\" class=\"wp-image-8198 alignnone size-full\" src=\"https:\/\/www.galileo.edu\/page\/wp-content\/uploads\/2018\/09\/carla-sandoval-t.png\" alt=\"\" width=\"71\" height=\"72\" \/>\u00a0Carla Sandoval<\/h3>\n<ul>\n<li>Licenciada en Administraci\u00f3n de Sistemas, Universidad Francisco Marroqu\u00edn, Guatemala.<\/li>\n<li>Maestr\u00eda en Tecnolog\u00eda y Recursos, Universidad Francisco Marroqu\u00edn, Guatemala.<\/li>\n<li>Maestr\u00eda en Direcci\u00f3n y Producci\u00f3n de e-Learning, Universidad Galileo, Guatemala.<\/li>\n<li>Catedr\u00e1tica universitaria<\/li>\n<li>Administradora de Proyectos del Departamento de Investigaci\u00f3n y Desarrollo GES, Universidad Galileo.<\/li>\n<\/ul>\n<h3><img decoding=\"async\" loading=\"lazy\" src=\"https:\/\/www.galileo.edu\/page\/wp-content\/uploads\/2018\/10\/flor-sagastume.png\" width=\"72\" height=\"73\" alt=\"\" class=\"wp-image-9956 alignnone size-full\" \/> Flor Sagastume<\/h3>\n<ul>\n<li>Maestr\u00eda en Direcci\u00f3n y Producci\u00f3n de e-Learning, Universidad Galileo, Guatemala.<\/li>\n<li>Administradora de Proyectos y Dise\u00f1adora Instruccional del \u00e1rea de e-Learning de Universidad Galileo.<\/li>\n<li>Certificaciones de Tutora Virtual, Formador de Formadores y C\u00f3mo hablar en p\u00fablico. Intecap. Guatemala. <\/li>\n<li>Diplomado en \u201cAndragog\u00eda, Estilos de aprendizaje y su enfoque en la capacitaci\u00f3n\u201d. Asociaci\u00f3n de Gerentes de Guatemala.<\/li>\n<\/ul>\n<p>[\/et_pb_text][\/et_pb_column][\/et_pb_row][\/et_pb_section][et_pb_section fb_built=&#8221;1&#8243; fullwidth=&#8221;on&#8221; _builder_version=&#8221;3.2.2&#8243; custom_padding=&#8221;0|0px|0|0px|false|false&#8221;][et_pb_fullwidth_header _builder_version=&#8221;3.2.2&#8243; content_font=&#8221;||||||||&#8221; content_text_align=&#8221;center&#8221; content_font_size_last_edited=&#8221;on|desktop&#8221; background_color=&#8221;#3e4085&#8243;] I Congreso Interuniversitario sobre Educaci\u00f3n Virtual (Digital World Learning) + Universidad de San Carlos de Guatemala + Universidad Mariano G\u00e1lvez + Universidad Galielo Rights Reserved[\/et_pb_fullwidth_header][\/et_pb_section]<\/p>\n","protected":false},"excerpt":{"rendered":"<p>Aplicaci\u00f3n del aprendizaje colaborativo en ambientes de aprendizaje virtuald Durante el taller se presentar\u00e1n las caracter\u00edsticas, elementos y fases del aprendizaje colaborativo, adem\u00e1s se revisar\u00e1n herramientas web que facilitan su aplicaci\u00f3n, todo esto para proporcionar el andamiaje y abordar el tema desde la perspectiva virtual, donde se revisar\u00e1n las ventajas, desventajas, retos, evaluaci\u00f3n y rol [&hellip;]<\/p>\n","protected":false},"author":9,"featured_media":0,"parent":0,"menu_order":0,"comment_status":"closed","ping_status":"closed","template":"page-template-blank.php","meta":{"_et_pb_use_builder":"on","_et_pb_old_content":"","_et_gb_content_width":""},"yoast_head":"<!-- This site is optimized with the Yoast SEO plugin v20.13 - https:\/\/yoast.com\/wordpress\/plugins\/seo\/ -->\n<title>Talleres Congreso Educaci\u00f3n Virtual-Carla Sandoval - Universidad Galileo<\/title>\n<meta name=\"robots\" content=\"index, follow, max-snippet:-1, max-image-preview:large, max-video-preview:-1\" \/>\n<link rel=\"canonical\" href=\"https:\/\/www.galileo.edu\/page\/talleres-congreso-educacion-virtual-carla-sandoval\/\" \/>\n<meta property=\"og:locale\" content=\"en_US\" \/>\n<meta property=\"og:type\" content=\"article\" \/>\n<meta property=\"og:title\" content=\"Talleres Congreso Educaci\u00f3n Virtual-Carla Sandoval - Universidad Galileo\" \/>\n<meta property=\"og:description\" content=\"Aplicaci\u00f3n del aprendizaje colaborativo en ambientes de aprendizaje virtuald Durante el taller se presentar\u00e1n las caracter\u00edsticas, elementos y fases del aprendizaje colaborativo, adem\u00e1s se revisar\u00e1n herramientas web que facilitan su aplicaci\u00f3n, todo esto para proporcionar el andamiaje y abordar el tema desde la perspectiva virtual, donde se revisar\u00e1n las ventajas, desventajas, retos, evaluaci\u00f3n y rol [&hellip;]\" \/>\n<meta property=\"og:url\" content=\"https:\/\/www.galileo.edu\/page\/talleres-congreso-educacion-virtual-carla-sandoval\/\" \/>\n<meta property=\"og:site_name\" content=\"Universidad Galileo\" \/>\n<meta property=\"article:modified_time\" content=\"2018-10-24T14:47:41+00:00\" \/>\n<meta property=\"og:image\" content=\"http:\/\/www.galileo.edu\/page\/wp-content\/uploads\/2018\/09\/carla-sandoval-t.png\" \/>\n<meta name=\"twitter:card\" content=\"summary_large_image\" \/>\n<meta name=\"twitter:label1\" content=\"Est. reading time\" \/>\n\t<meta name=\"twitter:data1\" content=\"3 minutes\" \/>\n<script type=\"application\/ld+json\" class=\"yoast-schema-graph\">{\"@context\":\"https:\/\/schema.org\",\"@graph\":[{\"@type\":\"WebPage\",\"@id\":\"https:\/\/www.galileo.edu\/page\/talleres-congreso-educacion-virtual-carla-sandoval\/\",\"url\":\"https:\/\/www.galileo.edu\/page\/talleres-congreso-educacion-virtual-carla-sandoval\/\",\"name\":\"Talleres Congreso Educaci\u00f3n Virtual-Carla Sandoval - Universidad Galileo\",\"isPartOf\":{\"@id\":\"https:\/\/www.galileo.edu\/page\/#website\"},\"datePublished\":\"2018-10-16T18:53:40+00:00\",\"dateModified\":\"2018-10-24T14:47:41+00:00\",\"breadcrumb\":{\"@id\":\"https:\/\/www.galileo.edu\/page\/talleres-congreso-educacion-virtual-carla-sandoval\/#breadcrumb\"},\"inLanguage\":\"en-US\",\"potentialAction\":[{\"@type\":\"ReadAction\",\"target\":[\"https:\/\/www.galileo.edu\/page\/talleres-congreso-educacion-virtual-carla-sandoval\/\"]}]},{\"@type\":\"BreadcrumbList\",\"@id\":\"https:\/\/www.galileo.edu\/page\/talleres-congreso-educacion-virtual-carla-sandoval\/#breadcrumb\",\"itemListElement\":[{\"@type\":\"ListItem\",\"position\":1,\"name\":\"Home\",\"item\":\"https:\/\/www.galileo.edu\/page\/home\/\"},{\"@type\":\"ListItem\",\"position\":2,\"name\":\"Talleres Congreso Educaci\u00f3n Virtual-Carla Sandoval\"}]},{\"@type\":\"WebSite\",\"@id\":\"https:\/\/www.galileo.edu\/page\/#website\",\"url\":\"https:\/\/www.galileo.edu\/page\/\",\"name\":\"Universidad Galileo\",\"description\":\"La revoluci\u00f3n en la educaci\u00f3n\",\"potentialAction\":[{\"@type\":\"SearchAction\",\"target\":{\"@type\":\"EntryPoint\",\"urlTemplate\":\"https:\/\/www.galileo.edu\/page\/?s={search_term_string}\"},\"query-input\":\"required name=search_term_string\"}],\"inLanguage\":\"en-US\"}]}<\/script>\n<!-- \/ Yoast SEO plugin. -->","yoast_head_json":{"title":"Talleres Congreso Educaci\u00f3n Virtual-Carla Sandoval - Universidad Galileo","robots":{"index":"index","follow":"follow","max-snippet":"max-snippet:-1","max-image-preview":"max-image-preview:large","max-video-preview":"max-video-preview:-1"},"canonical":"https:\/\/www.galileo.edu\/page\/talleres-congreso-educacion-virtual-carla-sandoval\/","og_locale":"en_US","og_type":"article","og_title":"Talleres Congreso Educaci\u00f3n Virtual-Carla Sandoval - Universidad Galileo","og_description":"Aplicaci\u00f3n del aprendizaje colaborativo en ambientes de aprendizaje virtuald Durante el taller se presentar\u00e1n las caracter\u00edsticas, elementos y fases del aprendizaje colaborativo, adem\u00e1s se revisar\u00e1n herramientas web que facilitan su aplicaci\u00f3n, todo esto para proporcionar el andamiaje y abordar el tema desde la perspectiva virtual, donde se revisar\u00e1n las ventajas, desventajas, retos, evaluaci\u00f3n y rol [&hellip;]","og_url":"https:\/\/www.galileo.edu\/page\/talleres-congreso-educacion-virtual-carla-sandoval\/","og_site_name":"Universidad Galileo","article_modified_time":"2018-10-24T14:47:41+00:00","og_image":[{"url":"http:\/\/www.galileo.edu\/page\/wp-content\/uploads\/2018\/09\/carla-sandoval-t.png"}],"twitter_card":"summary_large_image","twitter_misc":{"Est. reading time":"3 minutes"},"schema":{"@context":"https:\/\/schema.org","@graph":[{"@type":"WebPage","@id":"https:\/\/www.galileo.edu\/page\/talleres-congreso-educacion-virtual-carla-sandoval\/","url":"https:\/\/www.galileo.edu\/page\/talleres-congreso-educacion-virtual-carla-sandoval\/","name":"Talleres Congreso Educaci\u00f3n Virtual-Carla Sandoval - Universidad Galileo","isPartOf":{"@id":"https:\/\/www.galileo.edu\/page\/#website"},"datePublished":"2018-10-16T18:53:40+00:00","dateModified":"2018-10-24T14:47:41+00:00","breadcrumb":{"@id":"https:\/\/www.galileo.edu\/page\/talleres-congreso-educacion-virtual-carla-sandoval\/#breadcrumb"},"inLanguage":"en-US","potentialAction":[{"@type":"ReadAction","target":["https:\/\/www.galileo.edu\/page\/talleres-congreso-educacion-virtual-carla-sandoval\/"]}]},{"@type":"BreadcrumbList","@id":"https:\/\/www.galileo.edu\/page\/talleres-congreso-educacion-virtual-carla-sandoval\/#breadcrumb","itemListElement":[{"@type":"ListItem","position":1,"name":"Home","item":"https:\/\/www.galileo.edu\/page\/home\/"},{"@type":"ListItem","position":2,"name":"Talleres Congreso Educaci\u00f3n Virtual-Carla Sandoval"}]},{"@type":"WebSite","@id":"https:\/\/www.galileo.edu\/page\/#website","url":"https:\/\/www.galileo.edu\/page\/","name":"Universidad Galileo","description":"La revoluci\u00f3n en la educaci\u00f3n","potentialAction":[{"@type":"SearchAction","target":{"@type":"EntryPoint","urlTemplate":"https:\/\/www.galileo.edu\/page\/?s={search_term_string}"},"query-input":"required name=search_term_string"}],"inLanguage":"en-US"}]}},"_links":{"self":[{"href":"https:\/\/www.galileo.edu\/page\/wp-json\/wp\/v2\/pages\/9707"}],"collection":[{"href":"https:\/\/www.galileo.edu\/page\/wp-json\/wp\/v2\/pages"}],"about":[{"href":"https:\/\/www.galileo.edu\/page\/wp-json\/wp\/v2\/types\/page"}],"author":[{"embeddable":true,"href":"https:\/\/www.galileo.edu\/page\/wp-json\/wp\/v2\/users\/9"}],"replies":[{"embeddable":true,"href":"https:\/\/www.galileo.edu\/page\/wp-json\/wp\/v2\/comments?post=9707"}],"version-history":[{"count":5,"href":"https:\/\/www.galileo.edu\/page\/wp-json\/wp\/v2\/pages\/9707\/revisions"}],"predecessor-version":[{"id":9961,"href":"https:\/\/www.galileo.edu\/page\/wp-json\/wp\/v2\/pages\/9707\/revisions\/9961"}],"wp:attachment":[{"href":"https:\/\/www.galileo.edu\/page\/wp-json\/wp\/v2\/media?parent=9707"}],"curies":[{"name":"wp","href":"https:\/\/api.w.org\/{rel}","templated":true}]}}