{"id":96566,"date":"2025-06-24T20:32:56","date_gmt":"2025-06-24T20:32:56","guid":{"rendered":"https:\/\/www.galileo.edu\/page\/?page_id=96566"},"modified":"2025-08-28T22:09:31","modified_gmt":"2025-08-28T22:09:31","slug":"ges-ai-lab-recursos-de-apoyo-docentes","status":"publish","type":"page","link":"https:\/\/www.galileo.edu\/page\/ges-ai-lab-recursos-de-apoyo-docentes\/","title":{"rendered":"GES AI-LAB: Recursos de Apoyo Docentes"},"content":{"rendered":"<p>[et_pb_section fb_built=&#8221;1&#8243; module_id=&#8221;inicio&#8221; _builder_version=&#8221;4.21.2&#8243; _module_preset=&#8221;default&#8221; use_background_color_gradient=&#8221;on&#8221; background_color_gradient_stops=&#8221;rgba(6,5,47,0.25) 58%|#06052f 100%&#8221; background_color_gradient_overlays_image=&#8221;on&#8221; background_image=&#8221;https:\/\/www.galileo.edu\/page\/wp-content\/uploads\/2024\/10\/shutterstock_2292525095.jpg&#8221; height=&#8221;480px&#8221; custom_padding=&#8221;||40px|||&#8221; global_module=&#8221;92181&#8243; saved_tabs=&#8221;all&#8221; global_colors_info=&#8221;{}&#8221;][et_pb_row column_structure=&#8221;1_3,2_3&#8243; _builder_version=&#8221;4.21.2&#8243; _module_preset=&#8221;default&#8221; max_width=&#8221;1300px&#8221; custom_padding=&#8221;40px||0px||false|false&#8221; global_colors_info=&#8221;{}&#8221;][et_pb_column type=&#8221;1_3&#8243; _builder_version=&#8221;4.21.2&#8243; _module_preset=&#8221;default&#8221; global_colors_info=&#8221;{}&#8221;][et_pb_image src=&#8221;https:\/\/www.galileo.edu\/page\/wp-content\/uploads\/2024\/10\/GES-IA-LAB-Blanco_1.png&#8221; title_text=&#8221;GES IA LAB &#8211; Blanco_1&#8243; _builder_version=&#8221;4.21.2&#8243; _module_preset=&#8221;default&#8221; global_colors_info=&#8221;{}&#8221;][\/et_pb_image][\/et_pb_column][et_pb_column type=&#8221;2_3&#8243; _builder_version=&#8221;4.21.2&#8243; _module_preset=&#8221;default&#8221; global_colors_info=&#8221;{}&#8221;][\/et_pb_column][\/et_pb_row][et_pb_row column_structure=&#8221;2_3,1_3&#8243; custom_padding_last_edited=&#8221;on|phone&#8221; _builder_version=&#8221;4.21.2&#8243; _module_preset=&#8221;default&#8221; max_width=&#8221;1300px&#8221; custom_padding_tablet=&#8221;0px||||false|false&#8221; custom_padding_phone=&#8221;&#8221; global_colors_info=&#8221;{}&#8221;][et_pb_column type=&#8221;2_3&#8243; _builder_version=&#8221;4.21.2&#8243; _module_preset=&#8221;default&#8221; global_colors_info=&#8221;{}&#8221;][et_pb_text _builder_version=&#8221;4.21.2&#8243; _module_preset=&#8221;default&#8221; header_font=&#8221;Poppins|700|||||||&#8221; header_text_color=&#8221;#ffffff&#8221; header_font_size=&#8221;50px&#8221; header_letter_spacing=&#8221;-2px&#8221; header_line_height=&#8221;1.1em&#8221; header_2_font=&#8221;Inter|700|||||||&#8221; header_2_text_color=&#8221;#ffffff&#8221; header_2_font_size=&#8221;40px&#8221; header_2_font_size_tablet=&#8221;&#8221; header_2_font_size_phone=&#8221;27px&#8221; header_2_font_size_last_edited=&#8221;on|phone&#8221; global_colors_info=&#8221;{}&#8221;]<\/p>\n<h2><strong>Innovaci\u00f3n y liderazgo<\/strong><\/h2>\n<h2><strong>La inteligencia artificial como fuerza transformadora<\/strong><\/h2>\n<p>[\/et_pb_text][\/et_pb_column][et_pb_column type=&#8221;1_3&#8243; _builder_version=&#8221;4.21.2&#8243; _module_preset=&#8221;default&#8221; global_colors_info=&#8221;{}&#8221;][\/et_pb_column][\/et_pb_row][\/et_pb_section][et_pb_section fb_built=&#8221;1&#8243; fullwidth=&#8221;on&#8221; _builder_version=&#8221;4.21.2&#8243; _module_preset=&#8221;default&#8221; background_color=&#8221;#861dd6&#8243; global_module=&#8221;92139&#8243; saved_tabs=&#8221;all&#8221; global_colors_info=&#8221;{}&#8221;][et_pb_fullwidth_menu menu_id=&#8221;146&#8243; active_link_color=&#8221;#ffffff&#8221; _builder_version=&#8221;4.21.2&#8243; _module_preset=&#8221;default&#8221; menu_font=&#8221;Inter||||||||&#8221; menu_text_color=&#8221;#ffffff&#8221; menu_font_size=&#8221;18px&#8221; background_color=&#8221;#861dd6&#8243; sticky_position=&#8221;top&#8221; border_width_bottom=&#8221;0.5px&#8221; border_color_bottom=&#8221;#828282&#8243; global_colors_info=&#8221;{}&#8221;][\/et_pb_fullwidth_menu][\/et_pb_section][et_pb_section fb_built=&#8221;1&#8243; module_id=&#8221;educacion-y-difusion&#8221; _builder_version=&#8221;4.21.2&#8243; _module_preset=&#8221;default&#8221; custom_padding=&#8221;||1px|||&#8221; global_colors_info=&#8221;{}&#8221;][et_pb_row _builder_version=&#8221;4.21.2&#8243; _module_preset=&#8221;default&#8221; width_tablet=&#8221;&#8221; width_phone=&#8221;80%&#8221; width_last_edited=&#8221;on|phone&#8221; max_width=&#8221;1300px&#8221; custom_padding=&#8221;||0px||false|false&#8221; global_colors_info=&#8221;{}&#8221;][et_pb_column type=&#8221;4_4&#8243; _builder_version=&#8221;4.21.2&#8243; _module_preset=&#8221;default&#8221; global_colors_info=&#8221;{}&#8221;][et_pb_cta title=&#8221;Transforma tu Aula con IA: Recursos para Docentes Innovadores&#8221; button_text=&#8221;Click Here&#8221; _builder_version=&#8221;4.21.2&#8243; _module_preset=&#8221;default&#8221; header_font=&#8221;Inter|800|||||||&#8221; header_text_align=&#8221;center&#8221; header_text_color=&#8221;#06052f&#8221; header_font_size=&#8221;40px&#8221; header_line_height=&#8221;1.2em&#8221; body_font=&#8221;Inter||||||||&#8221; body_font_size=&#8221;19px&#8221; body_line_height=&#8221;1.3em&#8221; background_enable_color=&#8221;off&#8221; custom_margin=&#8221;0px|0px|0px|0px|false|false&#8221; custom_padding=&#8221;0px|0px|0px|0px|false|false&#8221; header_font_size_tablet=&#8221;50px&#8221; header_font_size_phone=&#8221;30px&#8221; header_font_size_last_edited=&#8221;on|phone&#8221; border_color_all=&#8221;#ffffff&#8221; border_color_top=&#8221;rgba(255,255,255,0.48)&#8221; border_color_left=&#8221;rgba(255,255,255,0.55)&#8221; global_colors_info=&#8221;{}&#8221;][\/et_pb_cta][et_pb_text _builder_version=&#8221;4.21.2&#8243; _module_preset=&#8221;default&#8221; text_font=&#8221;Inter||||||||&#8221; text_text_color=&#8221;#06052f&#8221; text_font_size=&#8221;20px&#8221; text_line_height=&#8221;1.3em&#8221; locked=&#8221;off&#8221; global_colors_info=&#8221;{}&#8221;]<\/p>\n<p style=\"text-align: left;\">La integraci\u00f3n de la inteligencia artificial (IA) en la educaci\u00f3n representa una oportunidad estrat\u00e9gica para fortalecer la labor docente, optimizar procesos acad\u00e9micos y enriquecer las experiencias de aprendizaje. Esta secci\u00f3n presenta un conjunto de herramientas basadas en IA, seleccionadas seg\u00fan su utilidad pedag\u00f3gica, accesibilidad y aplicaci\u00f3n pr\u00e1ctica en contextos educativos.<\/p>\n<p>Se proporciona la siguiente clasificaci\u00f3n de herramientas para facilitar al docente la identificaci\u00f3n y el uso eficiente de soluciones tecnol\u00f3gicas que complementen su pr\u00e1ctica, fomenten la innovaci\u00f3n did\u00e1ctica y contribuyan al desarrollo de competencias digitales en el aula.<\/p>\n<p>[\/et_pb_text][et_pb_code _builder_version=&#8221;4.21.2&#8243; _module_preset=&#8221;default&#8221; hover_enabled=&#8221;0&#8243; sticky_enabled=&#8221;0&#8243;]<!-- Google tag (gtag.js) --><!-- [et_pb_line_break_holder] --><script async src=\"https:\/\/www.googletagmanager.com\/gtag\/js?id=G-B72ZNG72Z1\"><\/script><!-- [et_pb_line_break_holder] --><script><!-- [et_pb_line_break_holder] -->  window.dataLayer = window.dataLayer || [];<!-- [et_pb_line_break_holder] -->  function gtag(){dataLayer.push(arguments);}<!-- [et_pb_line_break_holder] -->  gtag('js', new Date());<!-- [et_pb_line_break_holder] --><!-- [et_pb_line_break_holder] -->  gtag('config', 'G-B72ZNG72Z1');<!-- [et_pb_line_break_holder] --><\/script>[\/et_pb_code][\/et_pb_column][\/et_pb_row][\/et_pb_section][et_pb_section fb_built=&#8221;1&#8243; module_id=&#8221;publicaciones&#8221; _builder_version=&#8221;4.21.2&#8243; _module_preset=&#8221;default&#8221; background_enable_color=&#8221;off&#8221; locked=&#8221;off&#8221; global_colors_info=&#8221;{}&#8221;][et_pb_row use_custom_gutter=&#8221;on&#8221; gutter_width=&#8221;2&#8243; _builder_version=&#8221;4.21.2&#8243; _module_preset=&#8221;default&#8221; width=&#8221;90%&#8221; width_tablet=&#8221;&#8221; width_phone=&#8221;90%&#8221; width_last_edited=&#8221;on|phone&#8221; max_width=&#8221;1920px&#8221; global_colors_info=&#8221;{}&#8221;][et_pb_column type=&#8221;4_4&#8243; _builder_version=&#8221;4.21.2&#8243; _module_preset=&#8221;default&#8221; global_colors_info=&#8221;{}&#8221;][et_pb_code _builder_version=&#8221;4.21.2&#8243; _module_preset=&#8221;default&#8221; global_colors_info=&#8221;{}&#8221;]<\/p>\n<div style=\"width: 100%;\">\n<div style=\"position: relative; padding-bottom: 56.25%; padding-top: 0; height: 0;\"><iframe loading=\"lazy\" title=\"Recursos GES-AI LAB\" frameborder=\"0\" width=\"1200\" height=\"675\" style=\"position: absolute; top: 0; left: 0; width: 100%; height: 100%;\" src=\"https:\/\/view.genially.com\/685adfec785967dffcf8904f\" type=\"text\/html\" allowscriptaccess=\"always\" allowfullscreen=\"true\" scrolling=\"yes\" allownetworking=\"all\"><\/iframe> <\/div>\n<\/p><\/div>\n<p>[\/et_pb_code][\/et_pb_column][\/et_pb_row][\/et_pb_section][et_pb_section fb_built=&#8221;1&#8243; _builder_version=&#8221;4.21.2&#8243; _module_preset=&#8221;default&#8221; background_color=&#8221;#232323&#8243; global_colors_info=&#8221;{}&#8221;][et_pb_row use_custom_gutter=&#8221;on&#8221; make_equal=&#8221;on&#8221; _builder_version=&#8221;4.21.2&#8243; _module_preset=&#8221;default&#8221; width=&#8221;90%&#8221; max_width=&#8221;1800px&#8221; global_colors_info=&#8221;{}&#8221;][et_pb_column type=&#8221;4_4&#8243; _builder_version=&#8221;4.21.2&#8243; _module_preset=&#8221;default&#8221; global_colors_info=&#8221;{}&#8221;][et_pb_text _builder_version=&#8221;4.21.2&#8243; _module_preset=&#8221;default&#8221; text_font=&#8221;Inter|300|||||||&#8221; text_text_color=&#8221;#ffffff&#8221; text_font_size=&#8221;19px&#8221; text_line_height=&#8221;1.4em&#8221; header_font=&#8221;Inter|300|||||||&#8221; header_text_color=&#8221;#ffffff&#8221; header_font_size=&#8221;19px&#8221; header_line_height=&#8221;1.3em&#8221; header_2_font=&#8221;Inter|300|||||||&#8221; header_2_text_align=&#8221;center&#8221; header_2_text_color=&#8221;#ffffff&#8221; custom_margin=&#8221;||27px||false|false&#8221; global_colors_info=&#8221;{}&#8221;]<\/p>\n<h1 style=\"text-align: center;\">Todos los contenidos presentados en este sitio web fueron elaborados por el Laboratorio de IA del GES, GES AI-LAB. \u00a9 Todos los derechos reservados.<\/h1>\n<p>[\/et_pb_text][et_pb_image src=&#8221;https:\/\/www.galileo.edu\/page\/wp-content\/uploads\/2024\/10\/Logos-GES-AI-Lab-Galileo.png&#8221; title_text=&#8221;Logos GES AI Lab &#8211; Galileo&#8221; align=&#8221;center&#8221; _builder_version=&#8221;4.21.2&#8243; _module_preset=&#8221;default&#8221; global_colors_info=&#8221;{}&#8221;][\/et_pb_image][\/et_pb_column][\/et_pb_row][\/et_pb_section]<\/p>\n","protected":false},"excerpt":{"rendered":"<p>Innovaci\u00f3n y liderazgo La inteligencia artificial como fuerza transformadoraLa integraci\u00f3n de la inteligencia artificial (IA) en la educaci\u00f3n representa una oportunidad estrat\u00e9gica para fortalecer la labor docente, optimizar procesos acad\u00e9micos y enriquecer las experiencias de aprendizaje. Esta secci\u00f3n presenta un conjunto de herramientas basadas en IA, seleccionadas seg\u00fan su utilidad pedag\u00f3gica, accesibilidad y aplicaci\u00f3n pr\u00e1ctica [&hellip;]<\/p>\n","protected":false},"author":10,"featured_media":92250,"parent":0,"menu_order":0,"comment_status":"closed","ping_status":"closed","template":"page-template-blank.php","meta":{"_et_pb_use_builder":"on","_et_pb_old_content":"","_et_gb_content_width":""},"yoast_head":"<!-- This site is optimized with the Yoast SEO plugin v20.13 - https:\/\/yoast.com\/wordpress\/plugins\/seo\/ -->\n<title>GES AI-LAB: Recursos de Apoyo Docentes - Universidad Galileo<\/title>\n<meta name=\"robots\" content=\"index, follow, max-snippet:-1, max-image-preview:large, max-video-preview:-1\" \/>\n<link rel=\"canonical\" href=\"https:\/\/www.galileo.edu\/page\/ges-ai-lab-recursos-de-apoyo-docentes\/\" \/>\n<meta property=\"og:locale\" content=\"en_US\" \/>\n<meta property=\"og:type\" content=\"article\" \/>\n<meta property=\"og:title\" content=\"GES AI-LAB: Recursos de Apoyo Docentes - Universidad Galileo\" \/>\n<meta property=\"og:description\" content=\"Innovaci\u00f3n y liderazgo La inteligencia artificial como fuerza transformadoraLa integraci\u00f3n de la inteligencia artificial (IA) en la educaci\u00f3n representa una oportunidad estrat\u00e9gica para fortalecer la labor docente, optimizar procesos acad\u00e9micos y enriquecer las experiencias de aprendizaje. Esta secci\u00f3n presenta un conjunto de herramientas basadas en IA, seleccionadas seg\u00fan su utilidad pedag\u00f3gica, accesibilidad y aplicaci\u00f3n pr\u00e1ctica [&hellip;]\" \/>\n<meta property=\"og:url\" content=\"https:\/\/www.galileo.edu\/page\/ges-ai-lab-recursos-de-apoyo-docentes\/\" \/>\n<meta property=\"og:site_name\" content=\"Universidad Galileo\" \/>\n<meta property=\"article:modified_time\" content=\"2025-08-28T22:09:31+00:00\" \/>\n<meta property=\"og:image\" content=\"https:\/\/www.galileo.edu\/page\/wp-content\/uploads\/2024\/10\/Banner-GES-AI-LAB.png\" \/>\n\t<meta property=\"og:image:width\" content=\"476\" \/>\n\t<meta property=\"og:image:height\" content=\"452\" \/>\n\t<meta property=\"og:image:type\" content=\"image\/png\" \/>\n<meta name=\"twitter:card\" content=\"summary_large_image\" \/>\n<meta name=\"twitter:label1\" content=\"Est. reading time\" \/>\n\t<meta name=\"twitter:data1\" content=\"2 minutes\" \/>\n<script type=\"application\/ld+json\" class=\"yoast-schema-graph\">{\"@context\":\"https:\/\/schema.org\",\"@graph\":[{\"@type\":\"WebPage\",\"@id\":\"https:\/\/www.galileo.edu\/page\/ges-ai-lab-recursos-de-apoyo-docentes\/\",\"url\":\"https:\/\/www.galileo.edu\/page\/ges-ai-lab-recursos-de-apoyo-docentes\/\",\"name\":\"GES AI-LAB: Recursos de Apoyo Docentes - Universidad Galileo\",\"isPartOf\":{\"@id\":\"https:\/\/www.galileo.edu\/page\/#website\"},\"datePublished\":\"2025-06-24T20:32:56+00:00\",\"dateModified\":\"2025-08-28T22:09:31+00:00\",\"breadcrumb\":{\"@id\":\"https:\/\/www.galileo.edu\/page\/ges-ai-lab-recursos-de-apoyo-docentes\/#breadcrumb\"},\"inLanguage\":\"en-US\",\"potentialAction\":[{\"@type\":\"ReadAction\",\"target\":[\"https:\/\/www.galileo.edu\/page\/ges-ai-lab-recursos-de-apoyo-docentes\/\"]}]},{\"@type\":\"BreadcrumbList\",\"@id\":\"https:\/\/www.galileo.edu\/page\/ges-ai-lab-recursos-de-apoyo-docentes\/#breadcrumb\",\"itemListElement\":[{\"@type\":\"ListItem\",\"position\":1,\"name\":\"Home\",\"item\":\"https:\/\/www.galileo.edu\/page\/home\/\"},{\"@type\":\"ListItem\",\"position\":2,\"name\":\"GES AI-LAB: Recursos de Apoyo Docentes\"}]},{\"@type\":\"WebSite\",\"@id\":\"https:\/\/www.galileo.edu\/page\/#website\",\"url\":\"https:\/\/www.galileo.edu\/page\/\",\"name\":\"Universidad Galileo\",\"description\":\"La revoluci\u00f3n en la educaci\u00f3n\",\"potentialAction\":[{\"@type\":\"SearchAction\",\"target\":{\"@type\":\"EntryPoint\",\"urlTemplate\":\"https:\/\/www.galileo.edu\/page\/?s={search_term_string}\"},\"query-input\":\"required name=search_term_string\"}],\"inLanguage\":\"en-US\"}]}<\/script>\n<!-- \/ Yoast SEO plugin. -->","yoast_head_json":{"title":"GES AI-LAB: Recursos de Apoyo Docentes - Universidad Galileo","robots":{"index":"index","follow":"follow","max-snippet":"max-snippet:-1","max-image-preview":"max-image-preview:large","max-video-preview":"max-video-preview:-1"},"canonical":"https:\/\/www.galileo.edu\/page\/ges-ai-lab-recursos-de-apoyo-docentes\/","og_locale":"en_US","og_type":"article","og_title":"GES AI-LAB: Recursos de Apoyo Docentes - Universidad Galileo","og_description":"Innovaci\u00f3n y liderazgo La inteligencia artificial como fuerza transformadoraLa integraci\u00f3n de la inteligencia artificial (IA) en la educaci\u00f3n representa una oportunidad estrat\u00e9gica para fortalecer la labor docente, optimizar procesos acad\u00e9micos y enriquecer las experiencias de aprendizaje. Esta secci\u00f3n presenta un conjunto de herramientas basadas en IA, seleccionadas seg\u00fan su utilidad pedag\u00f3gica, accesibilidad y aplicaci\u00f3n pr\u00e1ctica [&hellip;]","og_url":"https:\/\/www.galileo.edu\/page\/ges-ai-lab-recursos-de-apoyo-docentes\/","og_site_name":"Universidad Galileo","article_modified_time":"2025-08-28T22:09:31+00:00","og_image":[{"width":476,"height":452,"url":"https:\/\/www.galileo.edu\/page\/wp-content\/uploads\/2024\/10\/Banner-GES-AI-LAB.png","type":"image\/png"}],"twitter_card":"summary_large_image","twitter_misc":{"Est. reading time":"2 minutes"},"schema":{"@context":"https:\/\/schema.org","@graph":[{"@type":"WebPage","@id":"https:\/\/www.galileo.edu\/page\/ges-ai-lab-recursos-de-apoyo-docentes\/","url":"https:\/\/www.galileo.edu\/page\/ges-ai-lab-recursos-de-apoyo-docentes\/","name":"GES AI-LAB: Recursos de Apoyo Docentes - Universidad Galileo","isPartOf":{"@id":"https:\/\/www.galileo.edu\/page\/#website"},"datePublished":"2025-06-24T20:32:56+00:00","dateModified":"2025-08-28T22:09:31+00:00","breadcrumb":{"@id":"https:\/\/www.galileo.edu\/page\/ges-ai-lab-recursos-de-apoyo-docentes\/#breadcrumb"},"inLanguage":"en-US","potentialAction":[{"@type":"ReadAction","target":["https:\/\/www.galileo.edu\/page\/ges-ai-lab-recursos-de-apoyo-docentes\/"]}]},{"@type":"BreadcrumbList","@id":"https:\/\/www.galileo.edu\/page\/ges-ai-lab-recursos-de-apoyo-docentes\/#breadcrumb","itemListElement":[{"@type":"ListItem","position":1,"name":"Home","item":"https:\/\/www.galileo.edu\/page\/home\/"},{"@type":"ListItem","position":2,"name":"GES AI-LAB: Recursos de Apoyo Docentes"}]},{"@type":"WebSite","@id":"https:\/\/www.galileo.edu\/page\/#website","url":"https:\/\/www.galileo.edu\/page\/","name":"Universidad Galileo","description":"La revoluci\u00f3n en la educaci\u00f3n","potentialAction":[{"@type":"SearchAction","target":{"@type":"EntryPoint","urlTemplate":"https:\/\/www.galileo.edu\/page\/?s={search_term_string}"},"query-input":"required name=search_term_string"}],"inLanguage":"en-US"}]}},"_links":{"self":[{"href":"https:\/\/www.galileo.edu\/page\/wp-json\/wp\/v2\/pages\/96566"}],"collection":[{"href":"https:\/\/www.galileo.edu\/page\/wp-json\/wp\/v2\/pages"}],"about":[{"href":"https:\/\/www.galileo.edu\/page\/wp-json\/wp\/v2\/types\/page"}],"author":[{"embeddable":true,"href":"https:\/\/www.galileo.edu\/page\/wp-json\/wp\/v2\/users\/10"}],"replies":[{"embeddable":true,"href":"https:\/\/www.galileo.edu\/page\/wp-json\/wp\/v2\/comments?post=96566"}],"version-history":[{"count":10,"href":"https:\/\/www.galileo.edu\/page\/wp-json\/wp\/v2\/pages\/96566\/revisions"}],"predecessor-version":[{"id":98521,"href":"https:\/\/www.galileo.edu\/page\/wp-json\/wp\/v2\/pages\/96566\/revisions\/98521"}],"wp:featuredmedia":[{"embeddable":true,"href":"https:\/\/www.galileo.edu\/page\/wp-json\/wp\/v2\/media\/92250"}],"wp:attachment":[{"href":"https:\/\/www.galileo.edu\/page\/wp-json\/wp\/v2\/media?parent=96566"}],"curies":[{"name":"wp","href":"https:\/\/api.w.org\/{rel}","templated":true}]}}