{"id":95454,"date":"2025-04-03T22:07:25","date_gmt":"2025-04-03T22:07:25","guid":{"rendered":"https:\/\/www.galileo.edu\/page\/?page_id=95454"},"modified":"2025-04-28T18:12:29","modified_gmt":"2025-04-28T18:12:29","slug":"talleresges-preguntasfrecuentes","status":"publish","type":"page","link":"https:\/\/www.galileo.edu\/page\/talleresges-preguntasfrecuentes\/","title":{"rendered":"Talleres GES &#8211; Preguntas Frecuentes"},"content":{"rendered":"<p>[et_pb_section fb_built=&#8221;1&#8243; fullwidth=&#8221;on&#8221; _builder_version=&#8221;4.21.2&#8243; _module_preset=&#8221;default&#8221; sticky_position=&#8221;top&#8221; global_module=&#8221;95431&#8243; saved_tabs=&#8221;all&#8221; global_colors_info=&#8221;{}&#8221; locked=&#8221;off&#8221;][et_pb_fullwidth_menu menu_id=&#8221;149&#8243; active_link_color=&#8221;#ffffff&#8221; dropdown_menu_bg_color=&#8221;#01a9d1&#8243; dropdown_menu_line_color=&#8221;#f7d150&#8243; dropdown_menu_active_link_color=&#8221;#01a9d1&#8243; logo=&#8221;https:\/\/www.galileo.edu\/page\/wp-content\/uploads\/2024\/04\/Blanco_Logo-Galileo-sin-slogan.png&#8221; logo_url=&#8221;https:\/\/www.galileo.edu\/page\/talleresges\/&#8221; _builder_version=&#8221;4.21.2&#8243; _module_preset=&#8221;default&#8221; menu_font=&#8221;Montserrat|500|||||||&#8221; menu_text_color=&#8221;#ffffff&#8221; background_color=&#8221;#333333&#8243; text_orientation=&#8221;right&#8221; hover_enabled=&#8221;0&#8243; global_colors_info=&#8221;{}&#8221; title_text=&#8221;Blanco_Logo Galileo-sin slogan&#8221; logo_max_width=&#8221;17%&#8221; sticky_enabled=&#8221;0&#8243; menu_font_size=&#8221;15px&#8221;][\/et_pb_fullwidth_menu][\/et_pb_section][et_pb_section fb_built=&#8221;1&#8243; _builder_version=&#8221;4.21.2&#8243; _module_preset=&#8221;default&#8221; background_image=&#8221;https:\/\/www.galileo.edu\/page\/wp-content\/uploads\/2025\/04\/Preguntas-Frecuentes.png&#8221; global_colors_info=&#8221;{}&#8221;][et_pb_row _builder_version=&#8221;4.21.2&#8243; _module_preset=&#8221;default&#8221; animation_style=&#8221;zoom&#8221; global_colors_info=&#8221;{}&#8221;][et_pb_column type=&#8221;4_4&#8243; _builder_version=&#8221;4.21.2&#8243; _module_preset=&#8221;default&#8221; global_colors_info=&#8221;{}&#8221;][et_pb_text _builder_version=&#8221;4.21.2&#8243; _module_preset=&#8221;default&#8221; header_font=&#8221;Poppins|700|||||||&#8221; header_text_color=&#8221;#ffffff&#8221; header_font_size=&#8221;100px&#8221; header_font_size_tablet=&#8221;100px&#8221; header_font_size_phone=&#8221;45px&#8221; header_font_size_last_edited=&#8221;on|phone&#8221; global_colors_info=&#8221;{}&#8221;]<\/p>\n<h1 style=\"text-align: center;\">Preguntas Frecuentes<\/h1>\n<p>[\/et_pb_text][\/et_pb_column][\/et_pb_row][\/et_pb_section][et_pb_section fb_built=&#8221;1&#8243; custom_padding_last_edited=&#8221;on|phone&#8221; disabled_on=&#8221;off|off|off&#8221; _builder_version=&#8221;4.21.2&#8243; background_image=&#8221;https:\/\/www.galileo.edu\/page\/wp-content\/uploads\/2025\/04\/faq.png&#8221; custom_padding=&#8221;51px|0px|10px|0px|false|false&#8221; custom_padding_tablet=&#8221;60px|60px|60px|60px&#8221; custom_padding_phone=&#8221;0px|0px|0px|0px&#8221; background_last_edited=&#8221;on|phone&#8221; global_colors_info=&#8221;{}&#8221;][et_pb_row _builder_version=&#8221;4.21.2&#8243; _module_preset=&#8221;default&#8221; custom_margin_tablet=&#8221;&#8221; custom_margin_phone=&#8221;66px||||false|false&#8221; custom_margin_last_edited=&#8221;on|phone&#8221; custom_padding=&#8221;2px|||||&#8221; global_colors_info=&#8221;{}&#8221;][et_pb_column type=&#8221;4_4&#8243; _builder_version=&#8221;4.21.2&#8243; _module_preset=&#8221;default&#8221; global_colors_info=&#8221;{}&#8221;][et_pb_accordion _builder_version=&#8221;4.21.2&#8243; _module_preset=&#8221;default&#8221; global_colors_info=&#8221;{}&#8221;][et_pb_accordion_item title=&#8221;\u00bfQu\u00e9 aprender\u00e9 en los talleres?&#8221; open=&#8221;on&#8221; closed_toggle_text_color=&#8221;#ffffff&#8221; closed_toggle_background_color=&#8221;#01a9d1&#8243; _builder_version=&#8221;4.21.2&#8243; _module_preset=&#8221;default&#8221; body_font=&#8221;Poppins||||||||&#8221; global_colors_info=&#8221;{}&#8221; toggle_font=&#8221;Poppins||||||||&#8221; toggle_font_size=&#8221;20px&#8221; closed_toggle_font=&#8221;Poppins||||||||&#8221; closed_toggle_font_size=&#8221;20px&#8221;]<\/p>\n<p><span>En el programa de talleres usted aprender\u00e1 como utilizar las diferentes herramientas que le brinda la plataforma institucional GES, as\u00ed como la creaci\u00f3n de recursos did\u00e1cticos y actividades innovadoras utilizando herramientas digitales, las cuales le servir\u00e1n de apoyo en el desarrollo de su curso, agregando dinamismo y permitiendo el uso de tecnolog\u00eda en clase.<\/span><\/p>\n<p>[\/et_pb_accordion_item][et_pb_accordion_item title=&#8221;\u00bfQui\u00e9nes pueden asistir a los talleres?&#8221; closed_toggle_text_color=&#8221;#ffffff&#8221; closed_toggle_background_color=&#8221;#01a9d1&#8243; _builder_version=&#8221;4.21.2&#8243; _module_preset=&#8221;default&#8221; body_font=&#8221;Poppins||||||||&#8221; global_colors_info=&#8221;{}&#8221; toggle_font=&#8221;Poppins||||||||&#8221; toggle_font_size=&#8221;20px&#8221; closed_toggle_font=&#8221;Poppins||||||||&#8221; closed_toggle_font_size=&#8221;20px&#8221; open=&#8221;off&#8221;]<\/p>\n<p><span>Todo catedr\u00e1tico o asistente de catedra de Universidad Galileo que est\u00e9 debidamente asignado.<\/span><\/p>\n<p>[\/et_pb_accordion_item][et_pb_accordion_item title=&#8221;\u00bfQu\u00e9 horarios hay disponibles?&#8221; closed_toggle_text_color=&#8221;#ffffff&#8221; closed_toggle_background_color=&#8221;#01a9d1&#8243; _builder_version=&#8221;4.21.2&#8243; _module_preset=&#8221;default&#8221; body_font=&#8221;Poppins||||||||&#8221; global_colors_info=&#8221;{}&#8221; toggle_font=&#8221;Poppins||||||||&#8221; toggle_font_size=&#8221;20px&#8221; closed_toggle_font=&#8221;Poppins||||||||&#8221; closed_toggle_font_size=&#8221;20px&#8221; open=&#8221;off&#8221;]<\/p>\n<ul>\n<li><span>Ma\u00f1ana de 10:00 a 12:00 Horas*<\/span><\/li>\n<li><span>Tarde de 15:00 a 17:00 Horas*<\/span><\/li>\n<li><span>Noche de 18:00 a 20:00 Horas*<\/span><\/li>\n<li><span>S\u00e1bado de 9:00 a 11:00 Horas*<\/span><\/li>\n<\/ul>\n<p><span>El calendario es publicado mensualmente en la p\u00e1gina oficial de la Universidad, redes sociales y en este portal.<\/span><\/p>\n<p><span><strong>*Nota:<\/strong>\u00a0Los horarios pueden variar sin previo aviso, y no todos los horarios est\u00e1n disponibles mensualmente<\/span>.<\/p>\n<p>[\/et_pb_accordion_item][et_pb_accordion_item title=&#8221;\u00bfC\u00f3mo me inscribo a un taller?&#8221; closed_toggle_text_color=&#8221;#ffffff&#8221; closed_toggle_background_color=&#8221;#01a9d1&#8243; _builder_version=&#8221;4.21.2&#8243; _module_preset=&#8221;default&#8221; body_font=&#8221;Poppins||||||||&#8221; global_colors_info=&#8221;{}&#8221; toggle_font=&#8221;Poppins||||||||&#8221; toggle_font_size=&#8221;20px&#8221; closed_toggle_font=&#8221;Poppins||||||||&#8221; closed_toggle_font_size=&#8221;20px&#8221; open=&#8221;off&#8221;]<\/p>\n<p><span>Enviando un correo a talleres@galileo.edu con los siguientes datos: Nombre completo, nombre del taller, usuario de GES, correo electr\u00f3nico y n\u00famero de celular.<\/span><\/p>\n<p><span>O completando el siguiente formulario:\u00a0<a href=\"https:\/\/docs.google.com\/forms\/d\/e\/1FAIpQLSfsmLRX5vJE1XJIrsDFVif6nMZEEi8ghjSSy0ZR4QQv4HtbpA\/viewform\" target=\"_blank\" rel=\"noopener\">Clic aqu\u00ed<\/a><\/span><\/p>\n<p>[\/et_pb_accordion_item][et_pb_accordion_item title=&#8221;\u00bfQu\u00e9 costo tienen los talleres?&#8221; closed_toggle_text_color=&#8221;#ffffff&#8221; closed_toggle_background_color=&#8221;#01a9d1&#8243; _builder_version=&#8221;4.21.2&#8243; _module_preset=&#8221;default&#8221; body_font=&#8221;Poppins||||||||&#8221; global_colors_info=&#8221;{}&#8221; toggle_font=&#8221;Poppins||||||||&#8221; toggle_font_size=&#8221;20px&#8221; closed_toggle_font=&#8221;Poppins||||||||&#8221; closed_toggle_font_size=&#8221;20px&#8221; open=&#8221;off&#8221;]<\/p>\n<p><span>Los talleres no tienen ning\u00fan costo, son totalmente gratuitos.<\/span><\/p>\n<p>[\/et_pb_accordion_item][et_pb_accordion_item title=&#8221;\u00bfCon qui\u00e9n puedo comunicarme si tengo dudas despu\u00e9s de haber participado en alg\u00fan taller?&#8221; closed_toggle_text_color=&#8221;#ffffff&#8221; closed_toggle_background_color=&#8221;#01a9d1&#8243; _builder_version=&#8221;4.21.2&#8243; _module_preset=&#8221;default&#8221; body_font=&#8221;Poppins||||||||&#8221; global_colors_info=&#8221;{}&#8221; toggle_font=&#8221;Poppins||||||||&#8221; toggle_font_size=&#8221;20px&#8221; closed_toggle_font=&#8221;Poppins||||||||&#8221; closed_toggle_font_size=&#8221;20px&#8221; open=&#8221;off&#8221;]<\/p>\n<p><span>Puede comunicarse al correo ayudages@galileo.edu o al PBX: 24238000 Ext. 7411 y 7412, en horario de lunes a viernes de 7:00 a 20:00 horas y s\u00e1bados de 8:00 a 15:00 horas.<\/span><\/p>\n<p>[\/et_pb_accordion_item][\/et_pb_accordion][\/et_pb_column][\/et_pb_row][\/et_pb_section][et_pb_section fb_built=&#8221;1&#8243; module_id=&#8221;contacto&#8221; _builder_version=&#8221;4.21.2&#8243; _module_preset=&#8221;default&#8221; background_color=&#8221;#333333&#8243; background_image=&#8221;https:\/\/www.galileo.edu\/page\/wp-content\/uploads\/2025\/04\/Seccion-10.png&#8221; background_enable_image=&#8221;off&#8221; global_module=&#8221;95506&#8243; saved_tabs=&#8221;all&#8221; locked=&#8221;off&#8221; global_colors_info=&#8221;{}&#8221;][et_pb_row column_structure=&#8221;1_3,1_3,1_3&#8243; _builder_version=&#8221;4.21.2&#8243; _module_preset=&#8221;default&#8221; custom_padding=&#8221;27px|||||&#8221; global_colors_info=&#8221;{}&#8221;][et_pb_column type=&#8221;1_3&#8243; _builder_version=&#8221;4.21.2&#8243; _module_preset=&#8221;default&#8221; global_colors_info=&#8221;{}&#8221;][et_pb_image src=&#8221;https:\/\/www.galileo.edu\/page\/wp-content\/uploads\/2024\/01\/Blanco_Logo-Galileo-sin-slogan.png&#8221; title_text=&#8221;Blanco_Logo Galileo-sin slogan&#8221; url=&#8221;https:\/\/www.galileo.edu&#8221; url_new_window=&#8221;on&#8221; _builder_version=&#8221;4.21.2&#8243; _module_preset=&#8221;default&#8221; max_width=&#8221;70%&#8221; module_alignment=&#8221;center&#8221; global_colors_info=&#8221;{}&#8221;][\/et_pb_image][\/et_pb_column][et_pb_column type=&#8221;1_3&#8243; _builder_version=&#8221;4.21.2&#8243; _module_preset=&#8221;default&#8221; global_colors_info=&#8221;{}&#8221;][et_pb_image src=&#8221;https:\/\/www.galileo.edu\/page\/wp-content\/uploads\/2025\/04\/Diseno-sin-titulo-2.png&#8221; title_text=&#8221;GES-LOGO&#8221; url=&#8221;https:\/\/ges.galileo.edu\/register\/?_gl=1*19nb3ej*_gcl_au*MTgwMTEwMzAuMTczOTgxMjg2Mw..&#8221; url_new_window=&#8221;on&#8221; _builder_version=&#8221;4.21.2&#8243; _module_preset=&#8221;default&#8221; max_width=&#8221;50%&#8221; module_alignment=&#8221;center&#8221; custom_margin=&#8221;||-21px|||&#8221; custom_padding=&#8221;19px||||false|false&#8221; global_colors_info=&#8221;{}&#8221;][\/et_pb_image][\/et_pb_column][et_pb_column type=&#8221;1_3&#8243; _builder_version=&#8221;4.21.2&#8243; _module_preset=&#8221;default&#8221; global_colors_info=&#8221;{}&#8221;][et_pb_image src=&#8221;https:\/\/www.galileo.edu\/page\/wp-content\/uploads\/2025\/04\/Diseno-sin-titulo-4.png&#8221; title_text=&#8221;TALLERES-LOGO-1&#8243; url=&#8221;https:\/\/www.galileo.edu\/page\/talleresges\/&#8221; _builder_version=&#8221;4.21.2&#8243; _module_preset=&#8221;default&#8221; max_width=&#8221;60%&#8221; module_alignment=&#8221;center&#8221; custom_padding=&#8221;9px||||false|false&#8221; global_colors_info=&#8221;{}&#8221;][\/et_pb_image][\/et_pb_column][\/et_pb_row][et_pb_row _builder_version=&#8221;4.21.2&#8243; _module_preset=&#8221;default&#8221; custom_padding=&#8221;||0px|||&#8221; animation_style=&#8221;fade&#8221; global_colors_info=&#8221;{}&#8221;][et_pb_column type=&#8221;4_4&#8243; _builder_version=&#8221;4.21.2&#8243; _module_preset=&#8221;default&#8221; global_colors_info=&#8221;{}&#8221;][et_pb_text _builder_version=&#8221;4.21.2&#8243; _module_preset=&#8221;default&#8221; header_font=&#8221;Poppins|700|||||||&#8221; header_text_align=&#8221;center&#8221; header_text_color=&#8221;#ffffff&#8221; header_font_size=&#8221;51px&#8221; custom_margin=&#8221;||7px|||&#8221; custom_margin_tablet=&#8221;&#8221; custom_margin_phone=&#8221;||7px||false|false&#8221; custom_margin_last_edited=&#8221;on|phone&#8221; custom_padding=&#8221;||0px|0px|false|false&#8221; header_font_size_tablet=&#8221;&#8221; header_font_size_phone=&#8221;42px&#8221; header_font_size_last_edited=&#8221;on|phone&#8221; global_colors_info=&#8221;{}&#8221;]<\/p>\n<h1>Informaci\u00f3n de contacto<\/h1>\n<p>[\/et_pb_text][\/et_pb_column][\/et_pb_row][et_pb_row column_structure=&#8221;1_2,1_2&#8243; _builder_version=&#8221;4.21.2&#8243; _module_preset=&#8221;default&#8221; animation_style=&#8221;fade&#8221; global_colors_info=&#8221;{}&#8221;][et_pb_column type=&#8221;1_2&#8243; _builder_version=&#8221;4.21.2&#8243; _module_preset=&#8221;default&#8221; global_colors_info=&#8221;{}&#8221;][et_pb_text _builder_version=&#8221;4.21.2&#8243; _module_preset=&#8221;default&#8221; text_font=&#8221;Poppins||||||||&#8221; text_text_color=&#8221;#ffffff&#8221; text_font_size=&#8221;18px&#8221; header_font=&#8221;Poppins|700|||||||&#8221; header_2_font=&#8221;Poppins||||||||&#8221; global_colors_info=&#8221;{}&#8221;]<\/p>\n<h1 style=\"text-align: center;\"><span style=\"color: #f7d150;\">Direcci\u00f3n<\/span><\/h1>\n<p class=\"cvGsUA direction-ltr align-center para-style-body\" style=\"text-align: center;\"><span class=\"OYPEnA font-feature-liga-off font-feature-clig-off font-feature-calt-off text-decoration-none text-strikethrough-none\">Universidad Galileo 7a. Av. <br \/>Final Calle Dr. Eduardo Suger, Zona 10<br \/><\/span><span class=\"OYPEnA font-feature-liga-off font-feature-clig-off font-feature-calt-off text-decoration-none text-strikethrough-none\">Oficina 414 Torre I, Guatemala C. A.<\/span><\/p>\n<p>[\/et_pb_text][\/et_pb_column][et_pb_column type=&#8221;1_2&#8243; _builder_version=&#8221;4.21.2&#8243; _module_preset=&#8221;default&#8221; global_colors_info=&#8221;{}&#8221;][et_pb_text _builder_version=&#8221;4.21.2&#8243; _module_preset=&#8221;default&#8221; text_font=&#8221;Poppins||||||||&#8221; text_text_color=&#8221;#ffffff&#8221; text_font_size=&#8221;18px&#8221; header_font=&#8221;Poppins|700|||||||&#8221; header_2_font=&#8221;Poppins||||||||&#8221; global_colors_info=&#8221;{}&#8221;]<\/p>\n<h1 style=\"text-align: center;\"><span style=\"color: #f7d150;\">Soporte<\/span><\/h1>\n<p class=\"cvGsUA direction-ltr align-center para-style-body\" style=\"text-align: center;\"><span class=\"OYPEnA font-feature-liga-off font-feature-clig-off font-feature-calt-off text-decoration-none text-strikethrough-none\">Correo e<span style=\"color: #ffffff;\">lectr\u00f3nico: <\/span><\/span><span style=\"color: #ffffff;\"><a href=\"mailto:talleres@galileo.edu\" target=\"_blank\" draggable=\"false\" rel=\"noopener\" class=\"OYPEnA font-feature-liga-off font-feature-clig-off font-feature-calt-off text-decoration-underline text-strikethrough-none\" style=\"color: #ffffff;\">talleres@galileo.edu<\/a><\/span><br \/><span class=\"OYPEnA font-feature-liga-off font-feature-clig-off font-feature-calt-off text-decoration-none text-strikethrough-none\">Tel\u00e9fono: 24238000 Ext. 7411, 7412<\/span><\/p>\n<p>[\/et_pb_text][\/et_pb_column][\/et_pb_row][et_pb_row _builder_version=&#8221;4.16&#8243; custom_padding=&#8221;0|0px|27px|0px|false|false&#8221; locked=&#8221;off&#8221; global_colors_info=&#8221;{}&#8221;][et_pb_column type=&#8221;4_4&#8243; _builder_version=&#8221;4.16&#8243; custom_padding=&#8221;|||&#8221; global_colors_info=&#8221;{}&#8221; custom_padding__hover=&#8221;|||&#8221;][et_pb_social_media_follow _builder_version=&#8221;4.16&#8243; text_orientation=&#8221;center&#8221; global_colors_info=&#8221;{}&#8221;][et_pb_social_media_follow_network social_network=&#8221;facebook&#8221; url=&#8221;https:\/\/www.facebook.com\/ugalileo&#8221; _builder_version=&#8221;4.16&#8243; border_color_all=&#8221;#7c7c7c&#8221; global_colors_info=&#8221;{}&#8221; follow_button=&#8221;off&#8221; url_new_window=&#8221;on&#8221;]facebook[\/et_pb_social_media_follow_network][et_pb_social_media_follow_network social_network=&#8221;twitter&#8221; url=&#8221;https:\/\/twitter.com\/@UGalileo_edu&#8221; _builder_version=&#8221;4.16&#8243; border_color_all=&#8221;#7c7c7c&#8221; global_colors_info=&#8221;{}&#8221; follow_button=&#8221;off&#8221; url_new_window=&#8221;on&#8221;]twitter[\/et_pb_social_media_follow_network][et_pb_social_media_follow_network social_network=&#8221;instagram&#8221; url=&#8221;https:\/\/www.instagram.com\/ugalileo_edu\/&#8221; _builder_version=&#8221;4.16&#8243; border_color_all=&#8221;#7c7c7c&#8221; global_colors_info=&#8221;{}&#8221; follow_button=&#8221;off&#8221; url_new_window=&#8221;on&#8221;]instagram[\/et_pb_social_media_follow_network][et_pb_social_media_follow_network social_network=&#8221;youtube&#8221; url=&#8221;https:\/\/www.youtube.com\/user\/ugalileogt&#8221; _builder_version=&#8221;4.16&#8243; border_color_all=&#8221;#7c7c7c&#8221; global_colors_info=&#8221;{}&#8221; follow_button=&#8221;off&#8221; url_new_window=&#8221;on&#8221;]youtube[\/et_pb_social_media_follow_network][et_pb_social_media_follow_network social_network=&#8221;linkedin&#8221; url=&#8221;https:\/\/gt.linkedin.com\/school\/universidad-galileo\/&#8221; _builder_version=&#8221;4.16&#8243; border_color_all=&#8221;#7c7c7c&#8221; global_colors_info=&#8221;{}&#8221; follow_button=&#8221;off&#8221; url_new_window=&#8221;on&#8221;]linkedin[\/et_pb_social_media_follow_network][\/et_pb_social_media_follow][\/et_pb_column][\/et_pb_row][et_pb_row _builder_version=&#8221;4.16&#8243; custom_padding=&#8221;0|0px|27px|0px|false|false&#8221; locked=&#8221;off&#8221; global_colors_info=&#8221;{}&#8221;][et_pb_column type=&#8221;4_4&#8243; _builder_version=&#8221;4.16&#8243; custom_padding=&#8221;|||&#8221; global_colors_info=&#8221;{}&#8221; custom_padding__hover=&#8221;|||&#8221;][et_pb_text _builder_version=&#8221;4.21.2&#8243; text_font=&#8221;||||||||&#8221; text_text_color=&#8221;#ffffff&#8221; global_colors_info=&#8221;{}&#8221;]<\/p>\n<p style=\"text-align: center;\">Todos los contenidos presentados en este sitio web fueron elaborados por el \u00e1rea de Educaci\u00f3n Digital del GES, \u00a9 Todos los derechos reservados.<\/p>\n<p>[\/et_pb_text][\/et_pb_column][\/et_pb_row][\/et_pb_section]<\/p>\n","protected":false},"excerpt":{"rendered":"<p>Preguntas FrecuentesEn el programa de talleres usted aprender\u00e1 como utilizar las diferentes herramientas que le brinda la plataforma institucional GES, as\u00ed como la creaci\u00f3n de recursos did\u00e1cticos y actividades innovadoras utilizando herramientas digitales, las cuales le servir\u00e1n de apoyo en el desarrollo de su curso, agregando dinamismo y permitiendo el uso de tecnolog\u00eda en clase.Todo [&hellip;]<\/p>\n","protected":false},"author":31,"featured_media":95348,"parent":0,"menu_order":0,"comment_status":"closed","ping_status":"closed","template":"page-template-blank.php","meta":{"_et_pb_use_builder":"on","_et_pb_old_content":"","_et_gb_content_width":""},"yoast_head":"<!-- This site is optimized with the Yoast SEO plugin v20.13 - https:\/\/yoast.com\/wordpress\/plugins\/seo\/ -->\n<title>Talleres GES - Universidad Galileo<\/title>\n<meta name=\"description\" content=\"El Programa de Talleres tiene como finalidad desarrollar nuevas habilidades y destrezas en los catedr\u00e1ticos de Universidad Galileo.\" \/>\n<meta name=\"robots\" content=\"index, follow, max-snippet:-1, max-image-preview:large, max-video-preview:-1\" \/>\n<link rel=\"canonical\" href=\"https:\/\/www.galileo.edu\/page\/talleresges-preguntasfrecuentes\/\" \/>\n<meta property=\"og:locale\" content=\"en_US\" \/>\n<meta property=\"og:type\" content=\"article\" \/>\n<meta property=\"og:title\" content=\"Talleres GES - Universidad Galileo\" \/>\n<meta property=\"og:description\" content=\"El Programa de Talleres tiene como finalidad desarrollar nuevas habilidades y destrezas en los catedr\u00e1ticos de Universidad Galileo.\" \/>\n<meta property=\"og:url\" content=\"https:\/\/www.galileo.edu\/page\/talleresges-preguntasfrecuentes\/\" \/>\n<meta property=\"og:site_name\" content=\"Universidad Galileo\" \/>\n<meta property=\"article:modified_time\" content=\"2025-04-28T18:12:29+00:00\" \/>\n<meta property=\"og:image\" content=\"https:\/\/www.galileo.edu\/page\/wp-content\/uploads\/2025\/04\/portada.png\" \/>\n\t<meta property=\"og:image:width\" content=\"1080\" \/>\n\t<meta property=\"og:image:height\" content=\"1080\" \/>\n\t<meta property=\"og:image:type\" content=\"image\/png\" \/>\n<meta name=\"twitter:card\" content=\"summary_large_image\" \/>\n<meta name=\"twitter:label1\" content=\"Est. reading time\" \/>\n\t<meta name=\"twitter:data1\" content=\"3 minutes\" \/>\n<script type=\"application\/ld+json\" class=\"yoast-schema-graph\">{\"@context\":\"https:\/\/schema.org\",\"@graph\":[{\"@type\":\"WebPage\",\"@id\":\"https:\/\/www.galileo.edu\/page\/talleresges-preguntasfrecuentes\/\",\"url\":\"https:\/\/www.galileo.edu\/page\/talleresges-preguntasfrecuentes\/\",\"name\":\"Talleres GES - Universidad Galileo\",\"isPartOf\":{\"@id\":\"https:\/\/www.galileo.edu\/page\/#website\"},\"datePublished\":\"2025-04-03T22:07:25+00:00\",\"dateModified\":\"2025-04-28T18:12:29+00:00\",\"description\":\"El Programa de Talleres tiene como finalidad desarrollar nuevas habilidades y destrezas en los catedr\u00e1ticos de Universidad Galileo.\",\"breadcrumb\":{\"@id\":\"https:\/\/www.galileo.edu\/page\/talleresges-preguntasfrecuentes\/#breadcrumb\"},\"inLanguage\":\"en-US\",\"potentialAction\":[{\"@type\":\"ReadAction\",\"target\":[\"https:\/\/www.galileo.edu\/page\/talleresges-preguntasfrecuentes\/\"]}]},{\"@type\":\"BreadcrumbList\",\"@id\":\"https:\/\/www.galileo.edu\/page\/talleresges-preguntasfrecuentes\/#breadcrumb\",\"itemListElement\":[{\"@type\":\"ListItem\",\"position\":1,\"name\":\"Home\",\"item\":\"https:\/\/www.galileo.edu\/page\/home\/\"},{\"@type\":\"ListItem\",\"position\":2,\"name\":\"Talleres GES &#8211; Preguntas Frecuentes\"}]},{\"@type\":\"WebSite\",\"@id\":\"https:\/\/www.galileo.edu\/page\/#website\",\"url\":\"https:\/\/www.galileo.edu\/page\/\",\"name\":\"Universidad Galileo\",\"description\":\"La revoluci\u00f3n en la educaci\u00f3n\",\"potentialAction\":[{\"@type\":\"SearchAction\",\"target\":{\"@type\":\"EntryPoint\",\"urlTemplate\":\"https:\/\/www.galileo.edu\/page\/?s={search_term_string}\"},\"query-input\":\"required name=search_term_string\"}],\"inLanguage\":\"en-US\"}]}<\/script>\n<!-- \/ Yoast SEO plugin. -->","yoast_head_json":{"title":"Talleres GES - Universidad Galileo","description":"El Programa de Talleres tiene como finalidad desarrollar nuevas habilidades y destrezas en los catedr\u00e1ticos de Universidad Galileo.","robots":{"index":"index","follow":"follow","max-snippet":"max-snippet:-1","max-image-preview":"max-image-preview:large","max-video-preview":"max-video-preview:-1"},"canonical":"https:\/\/www.galileo.edu\/page\/talleresges-preguntasfrecuentes\/","og_locale":"en_US","og_type":"article","og_title":"Talleres GES - Universidad Galileo","og_description":"El Programa de Talleres tiene como finalidad desarrollar nuevas habilidades y destrezas en los catedr\u00e1ticos de Universidad Galileo.","og_url":"https:\/\/www.galileo.edu\/page\/talleresges-preguntasfrecuentes\/","og_site_name":"Universidad Galileo","article_modified_time":"2025-04-28T18:12:29+00:00","og_image":[{"width":1080,"height":1080,"url":"https:\/\/www.galileo.edu\/page\/wp-content\/uploads\/2025\/04\/portada.png","type":"image\/png"}],"twitter_card":"summary_large_image","twitter_misc":{"Est. reading time":"3 minutes"},"schema":{"@context":"https:\/\/schema.org","@graph":[{"@type":"WebPage","@id":"https:\/\/www.galileo.edu\/page\/talleresges-preguntasfrecuentes\/","url":"https:\/\/www.galileo.edu\/page\/talleresges-preguntasfrecuentes\/","name":"Talleres GES - Universidad Galileo","isPartOf":{"@id":"https:\/\/www.galileo.edu\/page\/#website"},"datePublished":"2025-04-03T22:07:25+00:00","dateModified":"2025-04-28T18:12:29+00:00","description":"El Programa de Talleres tiene como finalidad desarrollar nuevas habilidades y destrezas en los catedr\u00e1ticos de Universidad Galileo.","breadcrumb":{"@id":"https:\/\/www.galileo.edu\/page\/talleresges-preguntasfrecuentes\/#breadcrumb"},"inLanguage":"en-US","potentialAction":[{"@type":"ReadAction","target":["https:\/\/www.galileo.edu\/page\/talleresges-preguntasfrecuentes\/"]}]},{"@type":"BreadcrumbList","@id":"https:\/\/www.galileo.edu\/page\/talleresges-preguntasfrecuentes\/#breadcrumb","itemListElement":[{"@type":"ListItem","position":1,"name":"Home","item":"https:\/\/www.galileo.edu\/page\/home\/"},{"@type":"ListItem","position":2,"name":"Talleres GES &#8211; Preguntas Frecuentes"}]},{"@type":"WebSite","@id":"https:\/\/www.galileo.edu\/page\/#website","url":"https:\/\/www.galileo.edu\/page\/","name":"Universidad Galileo","description":"La revoluci\u00f3n en la educaci\u00f3n","potentialAction":[{"@type":"SearchAction","target":{"@type":"EntryPoint","urlTemplate":"https:\/\/www.galileo.edu\/page\/?s={search_term_string}"},"query-input":"required name=search_term_string"}],"inLanguage":"en-US"}]}},"_links":{"self":[{"href":"https:\/\/www.galileo.edu\/page\/wp-json\/wp\/v2\/pages\/95454"}],"collection":[{"href":"https:\/\/www.galileo.edu\/page\/wp-json\/wp\/v2\/pages"}],"about":[{"href":"https:\/\/www.galileo.edu\/page\/wp-json\/wp\/v2\/types\/page"}],"author":[{"embeddable":true,"href":"https:\/\/www.galileo.edu\/page\/wp-json\/wp\/v2\/users\/31"}],"replies":[{"embeddable":true,"href":"https:\/\/www.galileo.edu\/page\/wp-json\/wp\/v2\/comments?post=95454"}],"version-history":[{"count":9,"href":"https:\/\/www.galileo.edu\/page\/wp-json\/wp\/v2\/pages\/95454\/revisions"}],"predecessor-version":[{"id":95764,"href":"https:\/\/www.galileo.edu\/page\/wp-json\/wp\/v2\/pages\/95454\/revisions\/95764"}],"wp:featuredmedia":[{"embeddable":true,"href":"https:\/\/www.galileo.edu\/page\/wp-json\/wp\/v2\/media\/95348"}],"wp:attachment":[{"href":"https:\/\/www.galileo.edu\/page\/wp-json\/wp\/v2\/media?parent=95454"}],"curies":[{"name":"wp","href":"https:\/\/api.w.org\/{rel}","templated":true}]}}