{"id":90276,"date":"2024-09-10T16:00:44","date_gmt":"2024-09-10T16:00:44","guid":{"rendered":"https:\/\/www.galileo.edu\/page\/?page_id=90276"},"modified":"2024-09-17T20:21:58","modified_gmt":"2024-09-17T20:21:58","slug":"gracias-registro-webinar-licitaciones-energia-electrica-guatemala","status":"publish","type":"page","link":"https:\/\/www.galileo.edu\/page\/gracias-registro-webinar-licitaciones-energia-electrica-guatemala\/","title":{"rendered":"Gracias por ser parte del Webinar Licitaciones de energ\u00eda el\u00e9ctrica en Guatemala"},"content":{"rendered":"<p>[et_pb_section fb_built=&#8221;1&#8243; disabled_on=&#8221;on|on|off&#8221; _builder_version=&#8221;4.21.2&#8243; _module_preset=&#8221;default&#8221; background_image=&#8221;http:\/\/www.galileo.edu\/page\/wp-content\/uploads\/2024\/09\/PORTADA-TYP-1.png&#8221; background_size=&#8221;contain&#8221; background_position=&#8221;top_left&#8221; background_horizontal_offset=&#8221;10%&#8221; min_height=&#8221;396px&#8221; height=&#8221;588px&#8221; custom_margin=&#8221;||-238px||false|false&#8221; custom_padding=&#8221;||70px|||&#8221; global_colors_info=&#8221;{}&#8221;][et_pb_row column_structure=&#8221;1_2,1_2&#8243; _builder_version=&#8221;4.21.2&#8243; _module_preset=&#8221;default&#8221; custom_margin=&#8221;0px|auto||66px|false|false&#8221; custom_padding=&#8221;276px|||0px||&#8221; global_colors_info=&#8221;{}&#8221;][et_pb_column type=&#8221;1_2&#8243; _builder_version=&#8221;4.21.2&#8243; _module_preset=&#8221;default&#8221; global_colors_info=&#8221;{}&#8221;][\/et_pb_column][et_pb_column type=&#8221;1_2&#8243; _builder_version=&#8221;4.21.2&#8243; _module_preset=&#8221;default&#8221; global_colors_info=&#8221;{}&#8221;][\/et_pb_column][\/et_pb_row][\/et_pb_section][et_pb_section fb_built=&#8221;1&#8243; disabled_on=&#8221;off|off|on&#8221; _builder_version=&#8221;4.21.2&#8243; _module_preset=&#8221;default&#8221; background_image=&#8221;http:\/\/www.galileo.edu\/page\/wp-content\/uploads\/2024\/09\/PORTADA-MOVIL-.png&#8221; background_position=&#8221;top_center&#8221; min_height=&#8221;350px&#8221; height=&#8221;350px&#8221; custom_margin=&#8221;||-1px||false|false&#8221; custom_padding=&#8221;||253px||false|false&#8221; global_colors_info=&#8221;{}&#8221;][\/et_pb_section][et_pb_section fb_built=&#8221;1&#8243; disabled_on=&#8221;on|on|off&#8221; _builder_version=&#8221;4.21.2&#8243; _module_preset=&#8221;default&#8221; background_color=&#8221;#f68c38&#8243; width=&#8221;100%&#8221; max_width=&#8221;100%&#8221; min_height=&#8221;407px&#8221; height=&#8221;375px&#8221; max_height=&#8221;1000px&#8221; custom_padding=&#8221;||0px||false|false&#8221; global_colors_info=&#8221;{}&#8221;][et_pb_row _builder_version=&#8221;4.21.2&#8243; _module_preset=&#8221;default&#8221; custom_padding=&#8221;5px|||||&#8221; global_colors_info=&#8221;{}&#8221;][et_pb_column type=&#8221;4_4&#8243; _builder_version=&#8221;4.21.2&#8243; _module_preset=&#8221;default&#8221; global_colors_info=&#8221;{}&#8221;][et_pb_text _builder_version=&#8221;4.21.2&#8243; text_font=&#8221;Poppins|700|||||||&#8221; text_font_size=&#8221;34px&#8221; header_font=&#8221;Poppins|700|||||||&#8221; header_text_color=&#8221;#FFFFFF&#8221; header_font_size=&#8221;35px&#8221; header_line_height=&#8221;1.1em&#8221; header_2_font=&#8221;Roboto|900|||||||&#8221; header_2_text_color=&#8221;#263576&#8243; header_2_font_size=&#8221;42px&#8221; header_3_font=&#8221;Roboto||||||||&#8221; header_3_font_size=&#8221;34px&#8221; min_height=&#8221;108px&#8221; header_font_size_tablet=&#8221;&#8221; header_font_size_phone=&#8221;&#8221; header_font_size_last_edited=&#8221;on|desktop&#8221; global_colors_info=&#8221;{}&#8221;]<\/p>\n<h1 style=\"text-align: center;\"><span style=\"color: #ffffff;\"><\/span><\/h1>\n<h1 style=\"text-align: center;\"><span style=\"color: #ffffff;\"><\/span><\/h1>\n<h1 style=\"text-align: center;\"><span style=\"color: #ffffff;\">\u00a1Gracias por registrarte!<\/span><\/h1>\n<p>[\/et_pb_text][et_pb_text _builder_version=&#8221;4.21.2&#8243; text_font=&#8221;Poppins|500|||||||&#8221; text_text_color=&#8221;#FFFFFF&#8221; text_line_height=&#8221;1.3em&#8221; text_orientation=&#8221;justified&#8221; min_height=&#8221;113px&#8221; custom_margin=&#8221;-10px|||||&#8221; custom_padding=&#8221;0px||12px|||&#8221; global_colors_info=&#8221;{}&#8221;]<\/p>\n<p><span style=\"color: #ffffff;\">Tu registro est\u00e1 completo. <strong>Revisa tu correo electr\u00f3nico para ver m\u00e1s detalles sobre el evento.<\/strong> Y qu\u00e9date pendiente porque recibir\u00e1s m\u00e1s informaci\u00f3n.<\/span><\/p>\n<p><span style=\"color: #ffffff;\">Si no recibes el correo con la informaci\u00f3n de parte de Universidad Galileo en los pr\u00f3ximos minutos, busca en tu carpeta de correo <strong>\u201cNo deseado\u201d <\/strong>o <strong>\u201cSpam\u201d<\/strong>, o bien en la secci\u00f3n de <strong>\u201cPromociones\u201d<\/strong> o <strong>\u201cNotificaciones\u201d<\/strong>, algunas veces se filtran all\u00ed. Si no te llega el correo electr\u00f3nico, puede ser que escribiste mal tu email, por lo que te pedimos que <span style=\"text-decoration: underline;\">vuelvas a llenar tus datos en la p\u00e1gina anterior a esta y revisa que est\u00e9n bien escritos.<\/span><\/span><\/p>\n<p><strong><span style=\"color: #ffffff;\">\u00a1Agenda la fecha! Jueves 26 de septiembre, 2024.<\/span><\/strong><\/p>\n<p>[\/et_pb_text][\/et_pb_column][\/et_pb_row][\/et_pb_section][et_pb_section fb_built=&#8221;1&#8243; disabled_on=&#8221;off|off|on&#8221; _builder_version=&#8221;4.21.2&#8243; _module_preset=&#8221;default&#8221; background_color=&#8221;#f68c38&#8243; width=&#8221;100%&#8221; max_width=&#8221;100%&#8221; min_height=&#8221;800px&#8221; height=&#8221;800px&#8221; max_height=&#8221;800px&#8221; custom_margin=&#8221;||-300px||false|false&#8221; custom_padding=&#8221;||0px||false|false&#8221; global_colors_info=&#8221;{}&#8221;][et_pb_row _builder_version=&#8221;4.21.2&#8243; _module_preset=&#8221;default&#8221; width=&#8221;78%&#8221; module_alignment=&#8221;center&#8221; min_height=&#8221;100px&#8221; height=&#8221;100px&#8221; max_height=&#8221;100px&#8221; custom_margin=&#8221;-254px||||false|false&#8221; custom_padding=&#8221;0px||||false|false&#8221; global_colors_info=&#8221;{}&#8221;][et_pb_column type=&#8221;4_4&#8243; _builder_version=&#8221;4.21.2&#8243; _module_preset=&#8221;default&#8221; global_colors_info=&#8221;{}&#8221;][et_pb_text _builder_version=&#8221;4.21.2&#8243; text_font=&#8221;Poppins|700|||||||&#8221; text_font_size=&#8221;34px&#8221; header_font=&#8221;Poppins|700|||||||&#8221; header_text_color=&#8221;#FFFFFF&#8221; header_font_size=&#8221;35px&#8221; header_line_height=&#8221;1.1em&#8221; header_2_font=&#8221;Roboto|900|||||||&#8221; header_2_text_color=&#8221;#263576&#8243; header_2_font_size=&#8221;42px&#8221; header_3_font=&#8221;Roboto||||||||&#8221; header_3_font_size=&#8221;34px&#8221; min_height=&#8221;108px&#8221; custom_margin=&#8221;||||false|false&#8221; custom_padding=&#8221;||0px||false|false&#8221; header_font_size_tablet=&#8221;&#8221; header_font_size_phone=&#8221;&#8221; header_font_size_last_edited=&#8221;on|desktop&#8221; global_colors_info=&#8221;{}&#8221;]<\/p>\n<h1 style=\"text-align: center;\"><span style=\"color: #ffffff;\"><\/span><\/h1>\n<h1 style=\"text-align: center;\"><span style=\"color: #ffffff;\"><\/span><\/h1>\n<h1 style=\"text-align: center;\"><span style=\"color: #ffffff;\"><\/span><\/h1>\n<h1 style=\"text-align: center;\"><span style=\"color: #ffffff;\"><\/span><\/h1>\n<h1 style=\"text-align: center;\"><span style=\"color: #ffffff;\"><\/span><\/h1>\n<h1 style=\"text-align: center;\"><span style=\"color: #ffffff;\"><\/span><\/h1>\n<h1 style=\"text-align: center;\"><span style=\"color: #ffffff;\"><\/span><\/h1>\n<h1 style=\"text-align: center;\"><span style=\"color: #ffffff;\"><\/span><\/h1>\n<h1 style=\"text-align: center;\"><span style=\"color: #ffffff;\"><\/span><\/h1>\n<h1 style=\"text-align: center;\"><span style=\"color: #ffffff;\"><\/span><\/h1>\n<h1 style=\"text-align: center;\"><span style=\"color: #ffffff;\"><\/span><\/h1>\n<h1 style=\"text-align: center;\"><span style=\"color: #ffffff;\"><\/span><\/h1>\n<h1 style=\"text-align: center;\"><span style=\"color: #ffffff;\"><\/span><\/h1>\n<h1 style=\"text-align: center;\"><span style=\"color: #ffffff;\"><\/span><\/h1>\n<h1 style=\"text-align: center;\"><span style=\"color: #ffffff;\"><\/span><\/h1>\n<h1 style=\"text-align: center;\"><span style=\"color: #ffffff;\"><\/span><\/h1>\n<h1 style=\"text-align: center;\"><span style=\"color: #ffffff;\"><\/span><\/h1>\n<h1 style=\"text-align: center;\"><span style=\"color: #ffffff;\"><\/span><\/h1>\n<h1 style=\"text-align: center;\"><span style=\"color: #ffffff;\"><\/span><\/h1>\n<h1 style=\"text-align: center;\"><span style=\"color: #ffffff;\"><\/span><\/h1>\n<h1 style=\"text-align: center;\"><span style=\"color: #ffffff;\"><\/span><\/h1>\n<h1 style=\"text-align: center;\"><span style=\"color: #ffffff;\"><\/span><\/h1>\n<h1 style=\"text-align: center;\"><span style=\"color: #ffffff;\">\u00a1Gracias por registrarte!<\/span><\/h1>\n<p>[\/et_pb_text][et_pb_text _builder_version=&#8221;4.21.2&#8243; text_font=&#8221;Poppins|500|||||||&#8221; text_text_color=&#8221;#FFFFFF&#8221; text_line_height=&#8221;1.3em&#8221; text_orientation=&#8221;justified&#8221; min_height=&#8221;113px&#8221; custom_margin=&#8221;-3px||||false|false&#8221; custom_padding=&#8221;0px||12px|||&#8221; global_colors_info=&#8221;{}&#8221;]<\/p>\n<p><span style=\"color: #ffffff;\">Tu registro est\u00e1 completo. <strong>Revisa tu correo electr\u00f3nico para ver m\u00e1s detalles sobre el evento.<\/strong> Y qu\u00e9date pendiente porque recibir\u00e1s m\u00e1s informaci\u00f3n.<\/span><\/p>\n<p><span style=\"color: #ffffff;\">Si no recibes el correo con la informaci\u00f3n de parte de Universidad Galileo en los pr\u00f3ximos minutos, busca en tu carpeta de correo <strong>\u201cNo deseado\u201d <\/strong>o <strong>\u201cSpam\u201d<\/strong>, o bien en la secci\u00f3n de <strong>\u201cPromociones\u201d<\/strong> o <strong>\u201cNotificaciones\u201d<\/strong>, algunas veces se filtran all\u00ed. Si no te llega el correo electr\u00f3nico, puede ser que escribiste mal tu email, por lo que te pedimos que <span style=\"text-decoration: underline;\">vuelvas a llenar tus datos en la p\u00e1gina anterior a esta y revisa que est\u00e9n bien escritos.<\/span><\/span><\/p>\n<p><strong><span style=\"color: #ffffff;\">\u00a1Agenda la fecha! Jueves 26 de septiembre, 2024.<\/span><\/strong><\/p>\n<p>[\/et_pb_text][\/et_pb_column][\/et_pb_row][\/et_pb_section][et_pb_section fb_built=&#8221;1&#8243; theme_builder_area=&#8221;post_content&#8221; _builder_version=&#8221;4.21.2&#8243; _module_preset=&#8221;default&#8221;][et_pb_row _builder_version=&#8221;4.21.2&#8243; _module_preset=&#8221;default&#8221; theme_builder_area=&#8221;post_content&#8221;][et_pb_column _builder_version=&#8221;4.21.2&#8243; _module_preset=&#8221;default&#8221; type=&#8221;4_4&#8243; theme_builder_area=&#8221;post_content&#8221;][et_pb_text _builder_version=&#8221;4.21.2&#8243; _module_preset=&#8221;default&#8221; theme_builder_area=&#8221;post_content&#8221; hover_enabled=&#8221;0&#8243; sticky_enabled=&#8221;0&#8243;]<\/p>\n<h1 style=\"text-align: center;\"><strong>Gracias al apoyo de:<\/strong><\/h1>\n<p>[\/et_pb_text][et_pb_image src=&#8221;http:\/\/www.galileo.edu\/page\/wp-content\/uploads\/2024\/09\/descarga.png&#8221; _builder_version=&#8221;4.21.2&#8243; _module_preset=&#8221;default&#8221; theme_builder_area=&#8221;post_content&#8221; title_text=&#8221;descarga&#8221; hover_enabled=&#8221;0&#8243; sticky_enabled=&#8221;0&#8243; align=&#8221;center&#8221;][\/et_pb_image][\/et_pb_column][\/et_pb_row][\/et_pb_section][et_pb_section fb_built=&#8221;1&#8243; _builder_version=&#8221;4.21.2&#8243; background_color=&#8221;#353535&#8243; min_height=&#8221;100px&#8221; custom_margin=&#8221;-21px|||||&#8221; custom_padding=&#8221;|||&#8221; locked=&#8221;off&#8221; global_colors_info=&#8221;{}&#8221;][et_pb_row custom_padding_last_edited=&#8221;on|desktop&#8221; disabled_on=&#8221;off|off|off&#8221; _builder_version=&#8221;4.16&#8243; module_alignment=&#8221;center&#8221; custom_padding=&#8221;|||&#8221; custom_padding_tablet=&#8221;&#8221; custom_padding_phone=&#8221;8%|||&#8221; global_colors_info=&#8221;{}&#8221;][et_pb_column type=&#8221;4_4&#8243; _builder_version=&#8221;4.16&#8243; custom_padding=&#8221;|||&#8221; global_colors_info=&#8221;{}&#8221; custom_padding__hover=&#8221;|||&#8221;][et_pb_text _builder_version=&#8221;4.16&#8243; text_font=&#8221;Montserrat|800|||||||&#8221; text_text_color=&#8221;#ffffff&#8221; text_font_size=&#8221;41px&#8221; text_orientation=&#8221;center&#8221; global_colors_info=&#8221;{}&#8221;] Contacto [\/et_pb_text][\/et_pb_column][\/et_pb_row][et_pb_row column_structure=&#8221;1_4,1_4,1_4,1_4&#8243; _builder_version=&#8221;4.16&#8243; custom_padding=&#8221;|||&#8221; global_colors_info=&#8221;{}&#8221;][et_pb_column type=&#8221;1_4&#8243; _builder_version=&#8221;4.16&#8243; custom_padding=&#8221;|||&#8221; global_colors_info=&#8221;{}&#8221; custom_padding__hover=&#8221;|||&#8221;][et_pb_text _builder_version=&#8221;4.16&#8243; header_font=&#8221;||||||||&#8221; header_text_color=&#8221;#f2eecc&#8221; header_3_font=&#8221;Raleway|700|||||||&#8221; header_3_text_align=&#8221;center&#8221; header_3_text_color=&#8221;#ffffff&#8221; header_5_font=&#8221;Raleway||||||||&#8221; header_5_text_align=&#8221;center&#8221; header_5_text_color=&#8221;#ffffff&#8221; global_colors_info=&#8221;{}&#8221;]<\/p>\n<h3 style=\"text-align: center;\"><strong>Tel\u00e9fono:<\/strong><\/h3>\n<h5 style=\"text-align: center;\">+502 2423-8000<\/h5>\n<h5 style=\"text-align: center;\">Ext. 7327<\/h5>\n<p>[\/et_pb_text][\/et_pb_column][et_pb_column type=&#8221;1_4&#8243; _builder_version=&#8221;4.16&#8243; custom_padding=&#8221;|||&#8221; global_colors_info=&#8221;{}&#8221; custom_padding__hover=&#8221;|||&#8221;][et_pb_text _builder_version=&#8221;4.16&#8243; header_font=&#8221;||||||||&#8221; header_text_color=&#8221;#f2eecc&#8221; header_3_font=&#8221;Raleway|700|||||||&#8221; header_3_text_align=&#8221;center&#8221; header_3_text_color=&#8221;#ffffff&#8221; header_5_font=&#8221;Raleway||||||||&#8221; header_5_text_align=&#8221;center&#8221; header_5_text_color=&#8221;#ffffff&#8221; global_colors_info=&#8221;{}&#8221;]<\/p>\n<h3 style=\"text-align: center;\"><strong>Correo:<\/strong><\/h3>\n<h5 style=\"text-align: center;\">ire@galileo.edu<\/h5>\n<p>[\/et_pb_text][\/et_pb_column][et_pb_column type=&#8221;1_4&#8243; _builder_version=&#8221;4.16&#8243; custom_padding=&#8221;|||&#8221; global_colors_info=&#8221;{}&#8221; custom_padding__hover=&#8221;|||&#8221;][et_pb_text _builder_version=&#8221;4.21.2&#8243; header_font=&#8221;||||||||&#8221; header_3_font=&#8221;Raleway|700|||||||&#8221; header_3_text_align=&#8221;center&#8221; header_3_text_color=&#8221;#ffffff&#8221; header_5_font=&#8221;Raleway||||||||&#8221; header_5_text_align=&#8221;center&#8221; header_5_text_color=&#8221;#ffffff&#8221; header_5_line_height=&#8221;1.2em&#8221; global_colors_info=&#8221;{}&#8221;]<\/p>\n<h3 style=\"text-align: center;\"><strong>Direcci\u00f3n:<\/strong><\/h3>\n<h5 style=\"text-align: center;\">Oficina 3001 3er Nivel, Torre 1, Galileo, Campus Central,\u00a0 zona 10, Universidad Galileo<\/h5>\n<p>[\/et_pb_text][\/et_pb_column][et_pb_column type=&#8221;1_4&#8243; _builder_version=&#8221;4.16&#8243; custom_padding=&#8221;|||&#8221; global_colors_info=&#8221;{}&#8221; custom_padding__hover=&#8221;|||&#8221;][et_pb_text _builder_version=&#8221;4.16&#8243; header_font=&#8221;||||||||&#8221; header_text_color=&#8221;#f2eecc&#8221; header_3_font=&#8221;Raleway|700|||||||&#8221; header_3_text_align=&#8221;center&#8221; header_3_text_color=&#8221;#ffffff&#8221; header_5_font=&#8221;Raleway||||||||&#8221; header_5_text_align=&#8221;center&#8221; header_5_text_color=&#8221;#ffffff&#8221; global_colors_info=&#8221;{}&#8221;]<\/p>\n<h3 style=\"text-align: center;\"><strong>Admisiones Galileo:<\/strong><\/h3>\n<h5 style=\"text-align: center;\"><a href=\"http:\/\/www.facebook.com\/admisionesgalileo\" target=\"_blank\" rel=\"noopener noreferrer\"><img decoding=\"async\" loading=\"lazy\" class=\"wp-image-14380 alignnone size-full\" src=\"https:\/\/www.galileo.edu\/page\/wp-content\/uploads\/2019\/06\/f_logo_RGB-White_72.png\" alt=\"\" width=\"45\" height=\"45\" srcset=\"https:\/\/www.galileo.edu\/page\/wp-content\/uploads\/2019\/06\/f_logo_RGB-White_72.png 159w, https:\/\/www.galileo.edu\/page\/wp-content\/uploads\/2019\/06\/f_logo_RGB-White_72-150x150.png 150w\" sizes=\"(max-width: 45px) 100vw, 45px\" \/><\/a><\/h5>\n<p>[\/et_pb_text][\/et_pb_column][\/et_pb_row][et_pb_row column_structure=&#8221;1_2,1_2&#8243; _builder_version=&#8221;4.16&#8243; width=&#8221;81.2%&#8221; global_colors_info=&#8221;{}&#8221;][et_pb_column type=&#8221;1_2&#8243; _builder_version=&#8221;4.16&#8243; custom_padding=&#8221;|||&#8221; global_colors_info=&#8221;{}&#8221; custom_padding__hover=&#8221;|||&#8221;][et_pb_image src=&#8221;http:\/\/www.galileo.edu\/page\/wp-content\/uploads\/2023\/03\/LogoGalileo_Blanco.png&#8221; title_text=&#8221;LogoGalileo_Blanco&#8221; url=&#8221;https:\/\/www.galileo.edu\/&#8221; url_new_window=&#8221;on&#8221; align=&#8221;center&#8221; _builder_version=&#8221;4.21.2&#8243; _module_preset=&#8221;default&#8221; global_colors_info=&#8221;{}&#8221;][\/et_pb_image][\/et_pb_column][et_pb_column type=&#8221;1_2&#8243; _builder_version=&#8221;4.16&#8243; custom_padding=&#8221;|||&#8221; global_colors_info=&#8221;{}&#8221; custom_padding__hover=&#8221;|||&#8221;][et_pb_image src=&#8221;http:\/\/www.galileo.edu\/page\/wp-content\/uploads\/2023\/08\/IRE-C.png&#8221; title_text=&#8221;IRE-C&#8221; url=&#8221;https:\/\/www.galileo.edu\/ire\/&#8221; url_new_window=&#8221;on&#8221; align=&#8221;center&#8221; _builder_version=&#8221;4.21.2&#8243; _module_preset=&#8221;default&#8221; width=&#8221;40%&#8221; width_tablet=&#8221;38%&#8221; width_phone=&#8221;67%&#8221; width_last_edited=&#8221;on|tablet&#8221; max_width=&#8221;100%&#8221; global_colors_info=&#8221;{}&#8221;][\/et_pb_image][\/et_pb_column][\/et_pb_row][\/et_pb_section]<\/p>\n","protected":false},"excerpt":{"rendered":"<p>\u00a1Gracias por registrarte!Tu registro est\u00e1 completo. Revisa tu correo electr\u00f3nico para ver m\u00e1s detalles sobre el evento. Y qu\u00e9date pendiente porque recibir\u00e1s m\u00e1s informaci\u00f3n. Si no recibes el correo con la informaci\u00f3n de parte de Universidad Galileo en los pr\u00f3ximos minutos, busca en tu carpeta de correo \u201cNo deseado\u201d o \u201cSpam\u201d, o bien en la [&hellip;]<\/p>\n","protected":false},"author":33,"featured_media":90271,"parent":0,"menu_order":0,"comment_status":"closed","ping_status":"closed","template":"page-template-blank.php","meta":{"_et_pb_use_builder":"on","_et_pb_old_content":"","_et_gb_content_width":""},"yoast_head":"<!-- This site is optimized with the Yoast SEO plugin v20.13 - https:\/\/yoast.com\/wordpress\/plugins\/seo\/ -->\n<title>\u00a1Gracias por tu registro!<\/title>\n<meta name=\"description\" content=\"Gracias por tu registro al webinar organizado por el Instituto de Recursos Energ\u00e9ticos de Universidad Galileo.\" \/>\n<meta name=\"robots\" content=\"index, follow, max-snippet:-1, max-image-preview:large, max-video-preview:-1\" \/>\n<link rel=\"canonical\" href=\"https:\/\/www.galileo.edu\/page\/gracias-registro-webinar-licitaciones-energia-electrica-guatemala\/\" \/>\n<meta property=\"og:locale\" content=\"en_US\" \/>\n<meta property=\"og:type\" content=\"article\" \/>\n<meta property=\"og:title\" content=\"\u00a1Gracias por tu registro!\" \/>\n<meta property=\"og:description\" content=\"Gracias por tu registro al webinar organizado por el Instituto de Recursos Energ\u00e9ticos de Universidad Galileo.\" \/>\n<meta property=\"og:url\" content=\"https:\/\/www.galileo.edu\/page\/gracias-registro-webinar-licitaciones-energia-electrica-guatemala\/\" \/>\n<meta property=\"og:site_name\" content=\"Universidad Galileo\" \/>\n<meta property=\"article:modified_time\" content=\"2024-09-17T20:21:58+00:00\" \/>\n<meta property=\"og:image\" content=\"http:\/\/www.galileo.edu\/page\/wp-content\/uploads\/2024\/09\/2-1.png\" \/>\n\t<meta property=\"og:image:width\" content=\"554\" \/>\n\t<meta property=\"og:image:height\" content=\"674\" \/>\n\t<meta property=\"og:image:type\" content=\"image\/png\" \/>\n<meta name=\"twitter:card\" content=\"summary_large_image\" \/>\n<meta name=\"twitter:label1\" content=\"Est. reading time\" \/>\n\t<meta name=\"twitter:data1\" content=\"3 minutes\" \/>\n<script type=\"application\/ld+json\" class=\"yoast-schema-graph\">{\"@context\":\"https:\/\/schema.org\",\"@graph\":[{\"@type\":\"WebPage\",\"@id\":\"https:\/\/www.galileo.edu\/page\/gracias-registro-webinar-licitaciones-energia-electrica-guatemala\/\",\"url\":\"https:\/\/www.galileo.edu\/page\/gracias-registro-webinar-licitaciones-energia-electrica-guatemala\/\",\"name\":\"\u00a1Gracias por tu registro!\",\"isPartOf\":{\"@id\":\"https:\/\/www.galileo.edu\/page\/#website\"},\"datePublished\":\"2024-09-10T16:00:44+00:00\",\"dateModified\":\"2024-09-17T20:21:58+00:00\",\"description\":\"Gracias por tu registro al webinar organizado por el Instituto de Recursos Energ\u00e9ticos de Universidad Galileo.\",\"breadcrumb\":{\"@id\":\"https:\/\/www.galileo.edu\/page\/gracias-registro-webinar-licitaciones-energia-electrica-guatemala\/#breadcrumb\"},\"inLanguage\":\"en-US\",\"potentialAction\":[{\"@type\":\"ReadAction\",\"target\":[\"https:\/\/www.galileo.edu\/page\/gracias-registro-webinar-licitaciones-energia-electrica-guatemala\/\"]}]},{\"@type\":\"BreadcrumbList\",\"@id\":\"https:\/\/www.galileo.edu\/page\/gracias-registro-webinar-licitaciones-energia-electrica-guatemala\/#breadcrumb\",\"itemListElement\":[{\"@type\":\"ListItem\",\"position\":1,\"name\":\"Home\",\"item\":\"https:\/\/www.galileo.edu\/page\/home\/\"},{\"@type\":\"ListItem\",\"position\":2,\"name\":\"Gracias por ser parte del Webinar Licitaciones de energ\u00eda el\u00e9ctrica en Guatemala\"}]},{\"@type\":\"WebSite\",\"@id\":\"https:\/\/www.galileo.edu\/page\/#website\",\"url\":\"https:\/\/www.galileo.edu\/page\/\",\"name\":\"Universidad Galileo\",\"description\":\"La revoluci\u00f3n en la educaci\u00f3n\",\"potentialAction\":[{\"@type\":\"SearchAction\",\"target\":{\"@type\":\"EntryPoint\",\"urlTemplate\":\"https:\/\/www.galileo.edu\/page\/?s={search_term_string}\"},\"query-input\":\"required name=search_term_string\"}],\"inLanguage\":\"en-US\"}]}<\/script>\n<!-- \/ Yoast SEO plugin. -->","yoast_head_json":{"title":"\u00a1Gracias por tu registro!","description":"Gracias por tu registro al webinar organizado por el Instituto de Recursos Energ\u00e9ticos de Universidad Galileo.","robots":{"index":"index","follow":"follow","max-snippet":"max-snippet:-1","max-image-preview":"max-image-preview:large","max-video-preview":"max-video-preview:-1"},"canonical":"https:\/\/www.galileo.edu\/page\/gracias-registro-webinar-licitaciones-energia-electrica-guatemala\/","og_locale":"en_US","og_type":"article","og_title":"\u00a1Gracias por tu registro!","og_description":"Gracias por tu registro al webinar organizado por el Instituto de Recursos Energ\u00e9ticos de Universidad Galileo.","og_url":"https:\/\/www.galileo.edu\/page\/gracias-registro-webinar-licitaciones-energia-electrica-guatemala\/","og_site_name":"Universidad Galileo","article_modified_time":"2024-09-17T20:21:58+00:00","og_image":[{"width":554,"height":674,"url":"http:\/\/www.galileo.edu\/page\/wp-content\/uploads\/2024\/09\/2-1.png","type":"image\/png"}],"twitter_card":"summary_large_image","twitter_misc":{"Est. reading time":"3 minutes"},"schema":{"@context":"https:\/\/schema.org","@graph":[{"@type":"WebPage","@id":"https:\/\/www.galileo.edu\/page\/gracias-registro-webinar-licitaciones-energia-electrica-guatemala\/","url":"https:\/\/www.galileo.edu\/page\/gracias-registro-webinar-licitaciones-energia-electrica-guatemala\/","name":"\u00a1Gracias por tu registro!","isPartOf":{"@id":"https:\/\/www.galileo.edu\/page\/#website"},"datePublished":"2024-09-10T16:00:44+00:00","dateModified":"2024-09-17T20:21:58+00:00","description":"Gracias por tu registro al webinar organizado por el Instituto de Recursos Energ\u00e9ticos de Universidad Galileo.","breadcrumb":{"@id":"https:\/\/www.galileo.edu\/page\/gracias-registro-webinar-licitaciones-energia-electrica-guatemala\/#breadcrumb"},"inLanguage":"en-US","potentialAction":[{"@type":"ReadAction","target":["https:\/\/www.galileo.edu\/page\/gracias-registro-webinar-licitaciones-energia-electrica-guatemala\/"]}]},{"@type":"BreadcrumbList","@id":"https:\/\/www.galileo.edu\/page\/gracias-registro-webinar-licitaciones-energia-electrica-guatemala\/#breadcrumb","itemListElement":[{"@type":"ListItem","position":1,"name":"Home","item":"https:\/\/www.galileo.edu\/page\/home\/"},{"@type":"ListItem","position":2,"name":"Gracias por ser parte del Webinar Licitaciones de energ\u00eda el\u00e9ctrica en Guatemala"}]},{"@type":"WebSite","@id":"https:\/\/www.galileo.edu\/page\/#website","url":"https:\/\/www.galileo.edu\/page\/","name":"Universidad Galileo","description":"La revoluci\u00f3n en la educaci\u00f3n","potentialAction":[{"@type":"SearchAction","target":{"@type":"EntryPoint","urlTemplate":"https:\/\/www.galileo.edu\/page\/?s={search_term_string}"},"query-input":"required name=search_term_string"}],"inLanguage":"en-US"}]}},"_links":{"self":[{"href":"https:\/\/www.galileo.edu\/page\/wp-json\/wp\/v2\/pages\/90276"}],"collection":[{"href":"https:\/\/www.galileo.edu\/page\/wp-json\/wp\/v2\/pages"}],"about":[{"href":"https:\/\/www.galileo.edu\/page\/wp-json\/wp\/v2\/types\/page"}],"author":[{"embeddable":true,"href":"https:\/\/www.galileo.edu\/page\/wp-json\/wp\/v2\/users\/33"}],"replies":[{"embeddable":true,"href":"https:\/\/www.galileo.edu\/page\/wp-json\/wp\/v2\/comments?post=90276"}],"version-history":[{"count":22,"href":"https:\/\/www.galileo.edu\/page\/wp-json\/wp\/v2\/pages\/90276\/revisions"}],"predecessor-version":[{"id":91154,"href":"https:\/\/www.galileo.edu\/page\/wp-json\/wp\/v2\/pages\/90276\/revisions\/91154"}],"wp:featuredmedia":[{"embeddable":true,"href":"https:\/\/www.galileo.edu\/page\/wp-json\/wp\/v2\/media\/90271"}],"wp:attachment":[{"href":"https:\/\/www.galileo.edu\/page\/wp-json\/wp\/v2\/media?parent=90276"}],"curies":[{"name":"wp","href":"https:\/\/api.w.org\/{rel}","templated":true}]}}