{"id":84048,"date":"2024-04-10T20:30:14","date_gmt":"2024-04-10T20:30:14","guid":{"rendered":"https:\/\/www.galileo.edu\/page\/?page_id=84048"},"modified":"2024-05-29T17:29:25","modified_gmt":"2024-05-29T17:29:25","slug":"gracias-registro-conferencia-halos-solares","status":"publish","type":"page","link":"https:\/\/www.galileo.edu\/page\/gracias-registro-conferencia-halos-solares\/","title":{"rendered":"Gracias Conferencia: Halos Solares"},"content":{"rendered":"<p>[et_pb_section fb_built=&#8221;1&#8243; _builder_version=&#8221;4.21.2&#8243; _module_preset=&#8221;default&#8221; use_background_color_gradient=&#8221;on&#8221; background_color_gradient_stops=&#8221;rgba(255,255,255,0) 0%|rgba(0,0,0,0.84) 100%&#8221; background_color_gradient_overlays_image=&#8221;on&#8221; background_image=&#8221;http:\/\/www.galileo.edu\/page\/wp-content\/uploads\/2024\/05\/Banner-Halos-Solares-TYP.png&#8221; background_position=&#8221;top_center&#8221; min_height=&#8221;692px&#8221; min_height_tablet=&#8221;870px&#8221; min_height_phone=&#8221;670px&#8221; min_height_last_edited=&#8221;on|phone&#8221; height=&#8221;588px&#8221; custom_margin=&#8221;||-9px|||&#8221; custom_padding=&#8221;||125px|||&#8221; hover_enabled=&#8221;0&#8243; global_colors_info=&#8221;{}&#8221; sticky_enabled=&#8221;0&#8243;][et_pb_row _builder_version=&#8221;4.21.2&#8243; _module_preset=&#8221;default&#8221; custom_margin=&#8221;0px|auto||auto|false|false&#8221; global_colors_info=&#8221;{}&#8221;][et_pb_column type=&#8221;4_4&#8243; _builder_version=&#8221;4.21.2&#8243; _module_preset=&#8221;default&#8221; global_colors_info=&#8221;{}&#8221;][et_pb_text _builder_version=&#8221;4.21.2&#8243; text_font=&#8221;Raleway|700|||||||&#8221; text_font_size=&#8221;35px&#8221; header_font=&#8221;Poppins|700|||||||&#8221; header_text_color=&#8221;#FFFFFF&#8221; header_font_size=&#8221;45px&#8221; header_line_height=&#8221;1.1em&#8221; header_2_font=&#8221;Roboto|900|||||||&#8221; header_2_text_color=&#8221;#263576&#8243; header_2_font_size=&#8221;42px&#8221; header_3_font=&#8221;Roboto||||||||&#8221; header_3_font_size=&#8221;34px&#8221; animation_style=&#8221;fade&#8221; header_font_size_tablet=&#8221;&#8221; header_font_size_phone=&#8221;25px&#8221; header_font_size_last_edited=&#8221;on|phone&#8221; global_colors_info=&#8221;{}&#8221;]<\/p>\n<h1 style=\"text-align: center;\"><span style=\"color: #ffffff;\">\u00a1Gracias por registrarte!<\/span><\/h1>\n<p>[\/et_pb_text][\/et_pb_column][\/et_pb_row][et_pb_row column_structure=&#8221;1_2,1_2&#8243; _builder_version=&#8221;4.21.2&#8243; _module_preset=&#8221;default&#8221; global_colors_info=&#8221;{}&#8221;][et_pb_column type=&#8221;1_2&#8243; _builder_version=&#8221;4.21.2&#8243; _module_preset=&#8221;default&#8221; global_colors_info=&#8221;{}&#8221;][et_pb_image src=&#8221;http:\/\/www.galileo.edu\/page\/wp-content\/uploads\/2024\/05\/Halos-Solares-TT.png&#8221; title_text=&#8221;Halos Solares-TT&#8221; _builder_version=&#8221;4.21.2&#8243; _module_preset=&#8221;default&#8221; max_width_tablet=&#8221;90%&#8221; max_width_phone=&#8221;100%&#8221; max_width_last_edited=&#8221;on|tablet&#8221; min_height=&#8221;385px&#8221; min_height_tablet=&#8221;&#8221; min_height_phone=&#8221;&#8221; min_height_last_edited=&#8221;on|tablet&#8221; height=&#8221;218px&#8221; custom_margin=&#8221;-39px|||21px|false|false&#8221; custom_margin_tablet=&#8221;-48px||||false|false&#8221; custom_margin_phone=&#8221;-66px||||false|false&#8221; custom_margin_last_edited=&#8221;on|tablet&#8221; animation_style=&#8221;fade&#8221; global_colors_info=&#8221;{}&#8221;][\/et_pb_image][\/et_pb_column][et_pb_column type=&#8221;1_2&#8243; _builder_version=&#8221;4.21.2&#8243; _module_preset=&#8221;default&#8221; global_colors_info=&#8221;{}&#8221;][et_pb_text _builder_version=&#8221;4.21.2&#8243; text_font=&#8221;Poppins|500|||||||&#8221; text_text_color=&#8221;#FFFFFF&#8221; text_font_size=&#8221;16px&#8221; text_line_height=&#8221;1.3em&#8221; text_orientation=&#8221;justified&#8221; min_height=&#8221;153px&#8221; custom_margin=&#8221;20px||||false|false&#8221; custom_margin_tablet=&#8221;-120px||||false|false&#8221; custom_margin_phone=&#8221;-63px||||false|false&#8221; custom_margin_last_edited=&#8221;on|phone&#8221; custom_padding=&#8221;0px||12px|||&#8221; animation_style=&#8221;fade&#8221; text_font_size_tablet=&#8221;15px&#8221; text_font_size_phone=&#8221;12px&#8221; text_font_size_last_edited=&#8221;on|phone&#8221; global_colors_info=&#8221;{}&#8221;]<\/p>\n<p><span style=\"color: #ffffff;\">Tu registro est\u00e1 completo. <strong>Revisa tu correo electr\u00f3nico para ver m\u00e1s detalles sobre el evento.<\/strong> Y qu\u00e9date pendiente porque recibir\u00e1s m\u00e1s informaci\u00f3n.<\/span><\/p>\n<p><span style=\"color: #ffffff;\">Si no recibes el correo con la informaci\u00f3n de parte de Universidad Galileo en los pr\u00f3ximos minutos, busca en tu carpeta de correo <strong>\u201cNo deseado\u201d <\/strong>o <strong>\u201cSpam\u201d<\/strong>, o bien en la secci\u00f3n de <strong>\u201cPromociones\u201d<\/strong> o <strong>\u201cNotificaciones\u201d<\/strong>, algunas veces se filtran all\u00ed. Si no te llega el correo electr\u00f3nico, puede ser que escribiste mal tu email, por lo que te pedimos que <span style=\"text-decoration: underline;\">vuelvas a llenar tus datos en la p\u00e1gina anterior a esta y revisa que est\u00e9n bien escritos.<\/span><\/span><\/p>\n<p><span style=\"color: #ffffff;\">\u00a1Agenda la fecha! La <strong>Conferencia: Halos Solares,<\/strong>\u00a0el d\u00eda <strong>04 de junio 2024<\/strong> a las 1<strong>8:30 hrs.<\/strong><\/span><\/p>\n<p>[\/et_pb_text][\/et_pb_column][\/et_pb_row][\/et_pb_section][et_pb_section fb_built=&#8221;1&#8243; _builder_version=&#8221;4.21.2&#8243; background_color=&#8221;#000000&#8243; min_height=&#8221;350px&#8221; custom_padding=&#8221;0|0px|0|0px|false|false&#8221; locked=&#8221;off&#8221; global_colors_info=&#8221;{}&#8221;][et_pb_row column_structure=&#8221;1_3,1_3,1_3&#8243; _builder_version=&#8221;4.21.2&#8243; custom_margin_tablet=&#8221;&#8221; custom_margin_phone=&#8221;&#8221; custom_margin_last_edited=&#8221;on|phone&#8221; custom_padding=&#8221;80px|0px|0|0px|false|false&#8221; global_colors_info=&#8221;{}&#8221;][et_pb_column type=&#8221;1_3&#8243; _builder_version=&#8221;4.16&#8243; custom_padding=&#8221;|||&#8221; global_colors_info=&#8221;{}&#8221; custom_padding__hover=&#8221;|||&#8221;][et_pb_blurb title=&#8221;Tel\u00e9fono&#8221; _builder_version=&#8221;4.16&#8243; header_font=&#8221;Poppins|700|||||||&#8221; header_text_align=&#8221;center&#8221; header_text_color=&#8221;#ffffff&#8221; body_font=&#8221;Poppins|300|||||||&#8221; body_text_color=&#8221;#ffffff&#8221; text_orientation=&#8221;center&#8221; global_colors_info=&#8221;{}&#8221;] <span style=\"font-weight: 400;\">+502 2423-8000 Ext. 7591<\/span> [\/et_pb_blurb][\/et_pb_column][et_pb_column type=&#8221;1_3&#8243; _builder_version=&#8221;4.16&#8243; custom_padding=&#8221;|||&#8221; global_colors_info=&#8221;{}&#8221; custom_padding__hover=&#8221;|||&#8221;][et_pb_blurb title=&#8221;Correo Electr\u00f3nico&#8221; _builder_version=&#8221;4.16&#8243; header_font=&#8221;Poppins|700|||||||&#8221; header_text_align=&#8221;center&#8221; header_text_color=&#8221;#ffffff&#8221; body_font=&#8221;Poppins|300|||||||&#8221; body_text_color=&#8221;#ffffff&#8221; text_orientation=&#8221;center&#8221; global_colors_info=&#8221;{}&#8221;] <span style=\"color: #ffffff;\"><a style=\"color: #ffffff;\" href=\"mailto:institutodeastronomia@galileo.edu\"><span style=\"font-weight: 400;\">institutodeastronomia@galileo.edu<\/span><\/a><\/span> [\/et_pb_blurb][\/et_pb_column][et_pb_column type=&#8221;1_3&#8243; _builder_version=&#8221;4.16&#8243; custom_padding=&#8221;|||&#8221; global_colors_info=&#8221;{}&#8221; custom_padding__hover=&#8221;|||&#8221;][et_pb_blurb title=&#8221;Direcci\u00f3n&#8221; icon_placement=&#8221;left&#8221; _builder_version=&#8221;4.16&#8243; header_font=&#8221;Poppins|700|||||||&#8221; header_text_align=&#8221;center&#8221; header_text_color=&#8221;#ffffff&#8221; body_font=&#8221;Poppins|300|||||||&#8221; body_text_color=&#8221;#ffffff&#8221; global_colors_info=&#8221;{}&#8221;]<\/p>\n<p style=\"text-align: center;\"><span style=\"font-weight: 400;\">Oficina 408, 4to. Nivel Torre III, Kepler Campus Central, zona 10, Universidad Galileo<\/span><\/p>\n<p>[\/et_pb_blurb][\/et_pb_column][\/et_pb_row][et_pb_row column_structure=&#8221;1_2,1_2&#8243; _builder_version=&#8221;4.16&#8243; custom_padding=&#8221;47px|0px|27px|0px|false|false&#8221; global_colors_info=&#8221;{}&#8221;][et_pb_column type=&#8221;1_2&#8243; _builder_version=&#8221;4.16&#8243; custom_padding=&#8221;|||&#8221; global_colors_info=&#8221;{}&#8221; custom_padding__hover=&#8221;|||&#8221;][et_pb_image src=&#8221;http:\/\/www.galileo.edu\/page\/wp-content\/uploads\/2022\/06\/Logo-Galileo_Blanco-4.png&#8221; align_tablet=&#8221;center&#8221; align_phone=&#8221;center&#8221; align_last_edited=&#8221;on|desktop&#8221; _builder_version=&#8221;4.16&#8243; max_width=&#8221;41%&#8221; max_width_tablet=&#8221;31%&#8221; max_width_phone=&#8221;46%&#8221; max_width_last_edited=&#8221;on|phone&#8221; module_alignment=&#8221;center&#8221; global_colors_info=&#8221;{}&#8221;][\/et_pb_image][\/et_pb_column][et_pb_column type=&#8221;1_2&#8243; _builder_version=&#8221;4.16&#8243; custom_padding=&#8221;|||&#8221; global_colors_info=&#8221;{}&#8221; custom_padding__hover=&#8221;|||&#8221;][et_pb_image src=&#8221;http:\/\/www.galileo.edu\/page\/wp-content\/uploads\/2022\/06\/Recurso-1.png&#8221; align_tablet=&#8221;center&#8221; align_phone=&#8221;center&#8221; align_last_edited=&#8221;on|desktop&#8221; _builder_version=&#8221;4.16&#8243; max_width=&#8221;44%&#8221; max_width_tablet=&#8221;33%&#8221; max_width_phone=&#8221;49%&#8221; max_width_last_edited=&#8221;on|phone&#8221; module_alignment=&#8221;center&#8221; global_colors_info=&#8221;{}&#8221;][\/et_pb_image][\/et_pb_column][\/et_pb_row][\/et_pb_section]<\/p>\n","protected":false},"excerpt":{"rendered":"<p>\u00a1Gracias por registrarte!Tu registro est\u00e1 completo. Revisa tu correo electr\u00f3nico para ver m\u00e1s detalles sobre el evento. Y qu\u00e9date pendiente porque recibir\u00e1s m\u00e1s informaci\u00f3n. Si no recibes el correo con la informaci\u00f3n de parte de Universidad Galileo en los pr\u00f3ximos minutos, busca en tu carpeta de correo \u201cNo deseado\u201d o \u201cSpam\u201d, o bien en la [&hellip;]<\/p>\n","protected":false},"author":29,"featured_media":85664,"parent":0,"menu_order":0,"comment_status":"closed","ping_status":"closed","template":"page-template-blank.php","meta":{"_et_pb_use_builder":"on","_et_pb_old_content":"","_et_gb_content_width":""},"yoast_head":"<!-- This site is optimized with the Yoast SEO plugin v20.13 - https:\/\/yoast.com\/wordpress\/plugins\/seo\/ -->\n<title>Gracias Conferencia: Halos Solares<\/title>\n<meta name=\"description\" content=\"Su objetivo principal es proporcionar un conocimiento exhaustivo y accesible sobre los halos solares. Se explicar\u00e1 qu\u00e9 son, c\u00f3mo se forman, las condiciones atmosf\u00e9ricas necesarias para su aparici\u00f3n, los momentos ideales para verlos y su frecuencia.\" \/>\n<meta name=\"robots\" content=\"index, follow, max-snippet:-1, max-image-preview:large, max-video-preview:-1\" \/>\n<link rel=\"canonical\" href=\"https:\/\/www.galileo.edu\/page\/gracias-registro-conferencia-halos-solares\/\" \/>\n<meta property=\"og:locale\" content=\"en_US\" \/>\n<meta property=\"og:type\" content=\"article\" \/>\n<meta property=\"og:title\" content=\"Gracias Conferencia: Halos Solares\" \/>\n<meta property=\"og:description\" content=\"Su objetivo principal es proporcionar un conocimiento exhaustivo y accesible sobre los halos solares. Se explicar\u00e1 qu\u00e9 son, c\u00f3mo se forman, las condiciones atmosf\u00e9ricas necesarias para su aparici\u00f3n, los momentos ideales para verlos y su frecuencia.\" \/>\n<meta property=\"og:url\" content=\"https:\/\/www.galileo.edu\/page\/gracias-registro-conferencia-halos-solares\/\" \/>\n<meta property=\"og:site_name\" content=\"Universidad Galileo\" \/>\n<meta property=\"article:modified_time\" content=\"2024-05-29T17:29:25+00:00\" \/>\n<meta property=\"og:image\" content=\"http:\/\/www.galileo.edu\/page\/wp-content\/uploads\/2024\/05\/Halos-Solares-E.png\" \/>\n\t<meta property=\"og:image:width\" content=\"890\" \/>\n\t<meta property=\"og:image:height\" content=\"1083\" \/>\n\t<meta property=\"og:image:type\" content=\"image\/png\" \/>\n<meta name=\"twitter:card\" content=\"summary_large_image\" \/>\n<meta name=\"twitter:label1\" content=\"Est. reading time\" \/>\n\t<meta name=\"twitter:data1\" content=\"2 minutes\" \/>\n<script type=\"application\/ld+json\" class=\"yoast-schema-graph\">{\"@context\":\"https:\/\/schema.org\",\"@graph\":[{\"@type\":\"WebPage\",\"@id\":\"https:\/\/www.galileo.edu\/page\/gracias-registro-conferencia-halos-solares\/\",\"url\":\"https:\/\/www.galileo.edu\/page\/gracias-registro-conferencia-halos-solares\/\",\"name\":\"Gracias Conferencia: Halos Solares\",\"isPartOf\":{\"@id\":\"https:\/\/www.galileo.edu\/page\/#website\"},\"datePublished\":\"2024-04-10T20:30:14+00:00\",\"dateModified\":\"2024-05-29T17:29:25+00:00\",\"description\":\"Su objetivo principal es proporcionar un conocimiento exhaustivo y accesible sobre los halos solares. Se explicar\u00e1 qu\u00e9 son, c\u00f3mo se forman, las condiciones atmosf\u00e9ricas necesarias para su aparici\u00f3n, los momentos ideales para verlos y su frecuencia.\",\"breadcrumb\":{\"@id\":\"https:\/\/www.galileo.edu\/page\/gracias-registro-conferencia-halos-solares\/#breadcrumb\"},\"inLanguage\":\"en-US\",\"potentialAction\":[{\"@type\":\"ReadAction\",\"target\":[\"https:\/\/www.galileo.edu\/page\/gracias-registro-conferencia-halos-solares\/\"]}]},{\"@type\":\"BreadcrumbList\",\"@id\":\"https:\/\/www.galileo.edu\/page\/gracias-registro-conferencia-halos-solares\/#breadcrumb\",\"itemListElement\":[{\"@type\":\"ListItem\",\"position\":1,\"name\":\"Home\",\"item\":\"https:\/\/www.galileo.edu\/page\/home\/\"},{\"@type\":\"ListItem\",\"position\":2,\"name\":\"Gracias Conferencia: Halos Solares\"}]},{\"@type\":\"WebSite\",\"@id\":\"https:\/\/www.galileo.edu\/page\/#website\",\"url\":\"https:\/\/www.galileo.edu\/page\/\",\"name\":\"Universidad Galileo\",\"description\":\"La revoluci\u00f3n en la educaci\u00f3n\",\"potentialAction\":[{\"@type\":\"SearchAction\",\"target\":{\"@type\":\"EntryPoint\",\"urlTemplate\":\"https:\/\/www.galileo.edu\/page\/?s={search_term_string}\"},\"query-input\":\"required name=search_term_string\"}],\"inLanguage\":\"en-US\"}]}<\/script>\n<!-- \/ Yoast SEO plugin. -->","yoast_head_json":{"title":"Gracias Conferencia: Halos Solares","description":"Su objetivo principal es proporcionar un conocimiento exhaustivo y accesible sobre los halos solares. Se explicar\u00e1 qu\u00e9 son, c\u00f3mo se forman, las condiciones atmosf\u00e9ricas necesarias para su aparici\u00f3n, los momentos ideales para verlos y su frecuencia.","robots":{"index":"index","follow":"follow","max-snippet":"max-snippet:-1","max-image-preview":"max-image-preview:large","max-video-preview":"max-video-preview:-1"},"canonical":"https:\/\/www.galileo.edu\/page\/gracias-registro-conferencia-halos-solares\/","og_locale":"en_US","og_type":"article","og_title":"Gracias Conferencia: Halos Solares","og_description":"Su objetivo principal es proporcionar un conocimiento exhaustivo y accesible sobre los halos solares. Se explicar\u00e1 qu\u00e9 son, c\u00f3mo se forman, las condiciones atmosf\u00e9ricas necesarias para su aparici\u00f3n, los momentos ideales para verlos y su frecuencia.","og_url":"https:\/\/www.galileo.edu\/page\/gracias-registro-conferencia-halos-solares\/","og_site_name":"Universidad Galileo","article_modified_time":"2024-05-29T17:29:25+00:00","og_image":[{"width":890,"height":1083,"url":"http:\/\/www.galileo.edu\/page\/wp-content\/uploads\/2024\/05\/Halos-Solares-E.png","type":"image\/png"}],"twitter_card":"summary_large_image","twitter_misc":{"Est. reading time":"2 minutes"},"schema":{"@context":"https:\/\/schema.org","@graph":[{"@type":"WebPage","@id":"https:\/\/www.galileo.edu\/page\/gracias-registro-conferencia-halos-solares\/","url":"https:\/\/www.galileo.edu\/page\/gracias-registro-conferencia-halos-solares\/","name":"Gracias Conferencia: Halos Solares","isPartOf":{"@id":"https:\/\/www.galileo.edu\/page\/#website"},"datePublished":"2024-04-10T20:30:14+00:00","dateModified":"2024-05-29T17:29:25+00:00","description":"Su objetivo principal es proporcionar un conocimiento exhaustivo y accesible sobre los halos solares. Se explicar\u00e1 qu\u00e9 son, c\u00f3mo se forman, las condiciones atmosf\u00e9ricas necesarias para su aparici\u00f3n, los momentos ideales para verlos y su frecuencia.","breadcrumb":{"@id":"https:\/\/www.galileo.edu\/page\/gracias-registro-conferencia-halos-solares\/#breadcrumb"},"inLanguage":"en-US","potentialAction":[{"@type":"ReadAction","target":["https:\/\/www.galileo.edu\/page\/gracias-registro-conferencia-halos-solares\/"]}]},{"@type":"BreadcrumbList","@id":"https:\/\/www.galileo.edu\/page\/gracias-registro-conferencia-halos-solares\/#breadcrumb","itemListElement":[{"@type":"ListItem","position":1,"name":"Home","item":"https:\/\/www.galileo.edu\/page\/home\/"},{"@type":"ListItem","position":2,"name":"Gracias Conferencia: Halos Solares"}]},{"@type":"WebSite","@id":"https:\/\/www.galileo.edu\/page\/#website","url":"https:\/\/www.galileo.edu\/page\/","name":"Universidad Galileo","description":"La revoluci\u00f3n en la educaci\u00f3n","potentialAction":[{"@type":"SearchAction","target":{"@type":"EntryPoint","urlTemplate":"https:\/\/www.galileo.edu\/page\/?s={search_term_string}"},"query-input":"required name=search_term_string"}],"inLanguage":"en-US"}]}},"_links":{"self":[{"href":"https:\/\/www.galileo.edu\/page\/wp-json\/wp\/v2\/pages\/84048"}],"collection":[{"href":"https:\/\/www.galileo.edu\/page\/wp-json\/wp\/v2\/pages"}],"about":[{"href":"https:\/\/www.galileo.edu\/page\/wp-json\/wp\/v2\/types\/page"}],"author":[{"embeddable":true,"href":"https:\/\/www.galileo.edu\/page\/wp-json\/wp\/v2\/users\/29"}],"replies":[{"embeddable":true,"href":"https:\/\/www.galileo.edu\/page\/wp-json\/wp\/v2\/comments?post=84048"}],"version-history":[{"count":18,"href":"https:\/\/www.galileo.edu\/page\/wp-json\/wp\/v2\/pages\/84048\/revisions"}],"predecessor-version":[{"id":85684,"href":"https:\/\/www.galileo.edu\/page\/wp-json\/wp\/v2\/pages\/84048\/revisions\/85684"}],"wp:featuredmedia":[{"embeddable":true,"href":"https:\/\/www.galileo.edu\/page\/wp-json\/wp\/v2\/media\/85664"}],"wp:attachment":[{"href":"https:\/\/www.galileo.edu\/page\/wp-json\/wp\/v2\/media?parent=84048"}],"curies":[{"name":"wp","href":"https:\/\/api.w.org\/{rel}","templated":true}]}}