{"id":80972,"date":"2023-11-07T21:56:02","date_gmt":"2023-11-07T21:56:02","guid":{"rendered":"https:\/\/www.galileo.edu\/page\/?page_id=80972"},"modified":"2023-11-08T20:11:39","modified_gmt":"2023-11-08T20:11:39","slug":"gracias-registro-webinar-gestion-conocimiento-era-digital","status":"publish","type":"page","link":"https:\/\/www.galileo.edu\/page\/gracias-registro-webinar-gestion-conocimiento-era-digital\/","title":{"rendered":"Gracias Registro Webinar &#8221; La Gesti\u00f3n del Conocimiento en la Era Digital&#8221;."},"content":{"rendered":"<p>[et_pb_section fb_built=&#8221;1&#8243; _builder_version=&#8221;4.16&#8243; global_colors_info=&#8221;{}&#8221;][et_pb_row column_structure=&#8221;1_2,1_2&#8243; _builder_version=&#8221;4.21.2&#8243; background_size=&#8221;initial&#8221; background_position=&#8221;top_left&#8221; background_repeat=&#8221;repeat&#8221; custom_padding=&#8221;27px|0px|62px|0px|false|false&#8221; global_colors_info=&#8221;{}&#8221;][et_pb_column type=&#8221;1_2&#8243; _builder_version=&#8221;4.21.2&#8243; custom_padding=&#8221;|||&#8221; global_colors_info=&#8221;{}&#8221; custom_padding__hover=&#8221;|||&#8221;][et_pb_text _builder_version=&#8221;4.21.2&#8243; text_font=&#8221;Poppins|500|||||||&#8221; text_text_color=&#8221;#000000&#8243; text_font_size=&#8221;30px&#8221; text_line_height=&#8221;1.1em&#8221; text_font_size_tablet=&#8221;30px&#8221; text_font_size_phone=&#8221;32px&#8221; text_font_size_last_edited=&#8221;on|phone&#8221; global_colors_info=&#8221;{}&#8221;]<\/p>\n<p>\u00a1Gracias por registrarte!<\/p>\n<p>[\/et_pb_text][et_pb_text _builder_version=&#8221;4.21.2&#8243; text_font=&#8221;Poppins|900|||||||&#8221; text_text_color=&#8221;#62bed3&#8243; text_font_size=&#8221;37px&#8221; text_line_height=&#8221;1.1em&#8221; text_text_color_tablet=&#8221;#62bed3&#8243; text_text_color_phone=&#8221;#62bed3&#8243; text_text_color_last_edited=&#8221;on|phone&#8221; global_colors_info=&#8221;{}&#8221;]<\/p>\n<p><span style=\"font-weight: 400;\">Webinar <\/span><span style=\"font-weight: 400;\">La Gesti\u00f3n del Conocimiento en la Era Digital<\/span><\/p>\n<p>[\/et_pb_text][\/et_pb_column][et_pb_column type=&#8221;1_2&#8243; _builder_version=&#8221;4.21.2&#8243; custom_padding=&#8221;|||&#8221; global_colors_info=&#8221;{}&#8221; custom_padding__hover=&#8221;|||&#8221;][et_pb_text _builder_version=&#8221;4.16&#8243; global_colors_info=&#8221;{}&#8221;]<\/p>\n<p style=\"text-align: justify;\">Tu registro est\u00e1 completo. <strong>Revisa tu correo electr\u00f3nico<\/strong> para ver m\u00e1s detalles sobre el evento. Y qu\u00e9date pendiente porque recibir\u00e1s el enlace para conectarte.<\/p>\n<p>Si no recibes el correo con la informaci\u00f3n de parte de Universidad Galileo en los pr\u00f3ximos minutos,<strong> busca en tus otras carpetas de correo como \u201cPromociones\u201d, \u201cNotificaciones\u201d o &#8220;Newsletter&#8221;, o bien en \u201cNo deseado\u201d o \u201cSpam\u201d, algunas veces se filtran all\u00ed<\/strong>. Si no te llega el correo electr\u00f3nico, puede ser que escribiste mal tu email, por lo que te pedimos que vuelvas a llenar tus datos en la p\u00e1gina anterior a esta y revisa que est\u00e9n bien escritos. Agenda la fecha, el webinar gratuito ser\u00e1 el <strong>MI\u00c9RCOLES 15 DE NOVIEMBRE, 2023 A LAS 18:00 HORAS, GUATEMALA.<\/strong><\/p>\n<p>[\/et_pb_text][\/et_pb_column][\/et_pb_row][et_pb_row disabled_on=&#8221;on|off|off&#8221; _builder_version=&#8221;4.16&#8243; custom_padding=&#8221;60px|0px|27px|0px|false|false&#8221; global_colors_info=&#8221;{}&#8221;][et_pb_column type=&#8221;4_4&#8243; _builder_version=&#8221;4.16&#8243; custom_padding=&#8221;|||&#8221; global_colors_info=&#8221;{}&#8221; custom_padding__hover=&#8221;|||&#8221;][et_pb_image src=&#8221;http:\/\/www.galileo.edu\/page\/wp-content\/uploads\/2023\/02\/Copia-de-Copia-de-BANNER-GOOGLE-FORMS.png&#8221; align=&#8221;center&#8221; align_tablet=&#8221;center&#8221; align_phone=&#8221;center&#8221; align_last_edited=&#8221;on|desktop&#8221; _builder_version=&#8221;4.21.2&#8243; width=&#8221;100%&#8221; max_width=&#8221;80%&#8221; max_width_tablet=&#8221;&#8221; max_width_phone=&#8221;&#8221; max_width_last_edited=&#8221;on|desktop&#8221; global_colors_info=&#8221;{}&#8221;][\/et_pb_image][\/et_pb_column][\/et_pb_row][et_pb_row disabled_on=&#8221;off|on|on&#8221; _builder_version=&#8221;4.16&#8243; custom_padding=&#8221;60px|0px|27px|0px|false|false&#8221; global_colors_info=&#8221;{}&#8221;][et_pb_column type=&#8221;4_4&#8243; _builder_version=&#8221;4.16&#8243; custom_padding=&#8221;|||&#8221; global_colors_info=&#8221;{}&#8221; custom_padding__hover=&#8221;|||&#8221;][et_pb_image src=&#8221;http:\/\/www.galileo.edu\/page\/wp-content\/uploads\/2023\/02\/Copia-de-Copia-de-BANNER-GOOGLE-FORMS.png&#8221; align=&#8221;center&#8221; force_fullwidth=&#8221;on&#8221; align_tablet=&#8221;center&#8221; align_phone=&#8221;center&#8221; align_last_edited=&#8221;on|desktop&#8221; _builder_version=&#8221;4.21.2&#8243; max_width_tablet=&#8221;&#8221; max_width_phone=&#8221;&#8221; max_width_last_edited=&#8221;on|desktop&#8221; global_colors_info=&#8221;{}&#8221;][\/et_pb_image][\/et_pb_column][\/et_pb_row][\/et_pb_section]<\/p>\n","protected":false},"excerpt":{"rendered":"<p>\u00a1Gracias por registrarte!Webinar La Gesti\u00f3n del Conocimiento en la Era DigitalTu registro est\u00e1 completo. Revisa tu correo electr\u00f3nico para ver m\u00e1s detalles sobre el evento. Y qu\u00e9date pendiente porque recibir\u00e1s el enlace para conectarte. Si no recibes el correo con la informaci\u00f3n de parte de Universidad Galileo en los pr\u00f3ximos minutos, busca en tus otras [&hellip;]<\/p>\n","protected":false},"author":10,"featured_media":80988,"parent":0,"menu_order":0,"comment_status":"closed","ping_status":"closed","template":"page-template-blank.php","meta":{"_et_pb_use_builder":"on","_et_pb_old_content":"","_et_gb_content_width":""},"yoast_head":"<!-- This site is optimized with the Yoast SEO plugin v20.13 - https:\/\/yoast.com\/wordpress\/plugins\/seo\/ -->\n<title>Gracias Registro Webinar La Gesti\u00f3n del Conocimiento en la Era Digital<\/title>\n<meta name=\"description\" content=\"Gracias por unirte al Webinar Desafios de la Nueva Educaci\u00f3n Transnacional\" \/>\n<meta name=\"robots\" content=\"index, follow, max-snippet:-1, max-image-preview:large, max-video-preview:-1\" \/>\n<link rel=\"canonical\" href=\"https:\/\/www.galileo.edu\/page\/gracias-registro-webinar-gestion-conocimiento-era-digital\/\" \/>\n<meta property=\"og:locale\" content=\"en_US\" \/>\n<meta property=\"og:type\" content=\"article\" \/>\n<meta property=\"og:title\" content=\"Gracias Registro Webinar La Gesti\u00f3n del Conocimiento en la Era Digital\" \/>\n<meta property=\"og:description\" content=\"Gracias por unirte al Webinar Desafios de la Nueva Educaci\u00f3n Transnacional\" \/>\n<meta property=\"og:url\" content=\"https:\/\/www.galileo.edu\/page\/gracias-registro-webinar-gestion-conocimiento-era-digital\/\" \/>\n<meta property=\"og:site_name\" content=\"Universidad Galileo\" \/>\n<meta property=\"article:modified_time\" content=\"2023-11-08T20:11:39+00:00\" \/>\n<meta property=\"og:image\" content=\"http:\/\/www.galileo.edu\/page\/wp-content\/uploads\/2023\/11\/banner-eventos.jpg\" \/>\n\t<meta property=\"og:image:width\" content=\"554\" \/>\n\t<meta property=\"og:image:height\" content=\"674\" \/>\n\t<meta property=\"og:image:type\" content=\"image\/jpeg\" \/>\n<meta name=\"twitter:card\" content=\"summary_large_image\" \/>\n<meta name=\"twitter:label1\" content=\"Est. reading time\" \/>\n\t<meta name=\"twitter:data1\" content=\"1 minute\" \/>\n<script type=\"application\/ld+json\" class=\"yoast-schema-graph\">{\"@context\":\"https:\/\/schema.org\",\"@graph\":[{\"@type\":\"WebPage\",\"@id\":\"https:\/\/www.galileo.edu\/page\/gracias-registro-webinar-gestion-conocimiento-era-digital\/\",\"url\":\"https:\/\/www.galileo.edu\/page\/gracias-registro-webinar-gestion-conocimiento-era-digital\/\",\"name\":\"Gracias Registro Webinar La Gesti\u00f3n del Conocimiento en la Era Digital\",\"isPartOf\":{\"@id\":\"https:\/\/www.galileo.edu\/page\/#website\"},\"datePublished\":\"2023-11-07T21:56:02+00:00\",\"dateModified\":\"2023-11-08T20:11:39+00:00\",\"description\":\"Gracias por unirte al Webinar Desafios de la Nueva Educaci\u00f3n Transnacional\",\"breadcrumb\":{\"@id\":\"https:\/\/www.galileo.edu\/page\/gracias-registro-webinar-gestion-conocimiento-era-digital\/#breadcrumb\"},\"inLanguage\":\"en-US\",\"potentialAction\":[{\"@type\":\"ReadAction\",\"target\":[\"https:\/\/www.galileo.edu\/page\/gracias-registro-webinar-gestion-conocimiento-era-digital\/\"]}]},{\"@type\":\"BreadcrumbList\",\"@id\":\"https:\/\/www.galileo.edu\/page\/gracias-registro-webinar-gestion-conocimiento-era-digital\/#breadcrumb\",\"itemListElement\":[{\"@type\":\"ListItem\",\"position\":1,\"name\":\"Home\",\"item\":\"https:\/\/www.galileo.edu\/page\/home\/\"},{\"@type\":\"ListItem\",\"position\":2,\"name\":\"Gracias Registro Webinar &#8221; La Gesti\u00f3n del Conocimiento en la Era Digital&#8221;.\"}]},{\"@type\":\"WebSite\",\"@id\":\"https:\/\/www.galileo.edu\/page\/#website\",\"url\":\"https:\/\/www.galileo.edu\/page\/\",\"name\":\"Universidad Galileo\",\"description\":\"La revoluci\u00f3n en la educaci\u00f3n\",\"potentialAction\":[{\"@type\":\"SearchAction\",\"target\":{\"@type\":\"EntryPoint\",\"urlTemplate\":\"https:\/\/www.galileo.edu\/page\/?s={search_term_string}\"},\"query-input\":\"required name=search_term_string\"}],\"inLanguage\":\"en-US\"}]}<\/script>\n<!-- \/ Yoast SEO plugin. -->","yoast_head_json":{"title":"Gracias Registro Webinar La Gesti\u00f3n del Conocimiento en la Era Digital","description":"Gracias por unirte al Webinar Desafios de la Nueva Educaci\u00f3n Transnacional","robots":{"index":"index","follow":"follow","max-snippet":"max-snippet:-1","max-image-preview":"max-image-preview:large","max-video-preview":"max-video-preview:-1"},"canonical":"https:\/\/www.galileo.edu\/page\/gracias-registro-webinar-gestion-conocimiento-era-digital\/","og_locale":"en_US","og_type":"article","og_title":"Gracias Registro Webinar La Gesti\u00f3n del Conocimiento en la Era Digital","og_description":"Gracias por unirte al Webinar Desafios de la Nueva Educaci\u00f3n Transnacional","og_url":"https:\/\/www.galileo.edu\/page\/gracias-registro-webinar-gestion-conocimiento-era-digital\/","og_site_name":"Universidad Galileo","article_modified_time":"2023-11-08T20:11:39+00:00","og_image":[{"width":554,"height":674,"url":"http:\/\/www.galileo.edu\/page\/wp-content\/uploads\/2023\/11\/banner-eventos.jpg","type":"image\/jpeg"}],"twitter_card":"summary_large_image","twitter_misc":{"Est. reading time":"1 minute"},"schema":{"@context":"https:\/\/schema.org","@graph":[{"@type":"WebPage","@id":"https:\/\/www.galileo.edu\/page\/gracias-registro-webinar-gestion-conocimiento-era-digital\/","url":"https:\/\/www.galileo.edu\/page\/gracias-registro-webinar-gestion-conocimiento-era-digital\/","name":"Gracias Registro Webinar La Gesti\u00f3n del Conocimiento en la Era Digital","isPartOf":{"@id":"https:\/\/www.galileo.edu\/page\/#website"},"datePublished":"2023-11-07T21:56:02+00:00","dateModified":"2023-11-08T20:11:39+00:00","description":"Gracias por unirte al Webinar Desafios de la Nueva Educaci\u00f3n Transnacional","breadcrumb":{"@id":"https:\/\/www.galileo.edu\/page\/gracias-registro-webinar-gestion-conocimiento-era-digital\/#breadcrumb"},"inLanguage":"en-US","potentialAction":[{"@type":"ReadAction","target":["https:\/\/www.galileo.edu\/page\/gracias-registro-webinar-gestion-conocimiento-era-digital\/"]}]},{"@type":"BreadcrumbList","@id":"https:\/\/www.galileo.edu\/page\/gracias-registro-webinar-gestion-conocimiento-era-digital\/#breadcrumb","itemListElement":[{"@type":"ListItem","position":1,"name":"Home","item":"https:\/\/www.galileo.edu\/page\/home\/"},{"@type":"ListItem","position":2,"name":"Gracias Registro Webinar &#8221; La Gesti\u00f3n del Conocimiento en la Era Digital&#8221;."}]},{"@type":"WebSite","@id":"https:\/\/www.galileo.edu\/page\/#website","url":"https:\/\/www.galileo.edu\/page\/","name":"Universidad Galileo","description":"La revoluci\u00f3n en la educaci\u00f3n","potentialAction":[{"@type":"SearchAction","target":{"@type":"EntryPoint","urlTemplate":"https:\/\/www.galileo.edu\/page\/?s={search_term_string}"},"query-input":"required name=search_term_string"}],"inLanguage":"en-US"}]}},"_links":{"self":[{"href":"https:\/\/www.galileo.edu\/page\/wp-json\/wp\/v2\/pages\/80972"}],"collection":[{"href":"https:\/\/www.galileo.edu\/page\/wp-json\/wp\/v2\/pages"}],"about":[{"href":"https:\/\/www.galileo.edu\/page\/wp-json\/wp\/v2\/types\/page"}],"author":[{"embeddable":true,"href":"https:\/\/www.galileo.edu\/page\/wp-json\/wp\/v2\/users\/10"}],"replies":[{"embeddable":true,"href":"https:\/\/www.galileo.edu\/page\/wp-json\/wp\/v2\/comments?post=80972"}],"version-history":[{"count":7,"href":"https:\/\/www.galileo.edu\/page\/wp-json\/wp\/v2\/pages\/80972\/revisions"}],"predecessor-version":[{"id":81002,"href":"https:\/\/www.galileo.edu\/page\/wp-json\/wp\/v2\/pages\/80972\/revisions\/81002"}],"wp:featuredmedia":[{"embeddable":true,"href":"https:\/\/www.galileo.edu\/page\/wp-json\/wp\/v2\/media\/80988"}],"wp:attachment":[{"href":"https:\/\/www.galileo.edu\/page\/wp-json\/wp\/v2\/media?parent=80972"}],"curies":[{"name":"wp","href":"https:\/\/api.w.org\/{rel}","templated":true}]}}