{"id":80135,"date":"2023-09-26T18:44:26","date_gmt":"2023-09-26T18:44:26","guid":{"rendered":"https:\/\/www.galileo.edu\/page\/?page_id=80135"},"modified":"2023-09-26T19:05:05","modified_gmt":"2023-09-26T19:05:05","slug":"gracias-registro-siguenos-eventos-galileo","status":"publish","type":"page","link":"https:\/\/www.galileo.edu\/page\/gracias-registro-siguenos-eventos-galileo\/","title":{"rendered":"GRACIAS EVENTOS GALILEO"},"content":{"rendered":"<p>[et_pb_section fb_built=&#8221;1&#8243; disabled_on=&#8221;on|off|off&#8221; _builder_version=&#8221;4.21.2&#8243; _module_preset=&#8221;default&#8221; background_color=&#8221;#b89958&#8243; custom_padding=&#8221;||0px|||&#8221; global_colors_info=&#8221;{}&#8221;][et_pb_row column_structure=&#8221;1_2,1_2&#8243; use_custom_gutter=&#8221;on&#8221; gutter_width=&#8221;1&#8243; _builder_version=&#8221;4.21.2&#8243; _module_preset=&#8221;default&#8221; background_enable_image=&#8221;off&#8221; width=&#8221;100%&#8221; custom_padding=&#8221;||0px|||&#8221; global_colors_info=&#8221;{}&#8221;][et_pb_column type=&#8221;1_2&#8243; _builder_version=&#8221;4.21.2&#8243; _module_preset=&#8221;default&#8221; background_image=&#8221;http:\/\/www.galileo.edu\/page\/wp-content\/uploads\/2023\/09\/TYP.jpg&#8221; global_colors_info=&#8221;{}&#8221;][et_pb_image src=&#8221;http:\/\/www.galileo.edu\/page\/wp-content\/uploads\/2023\/09\/TYP.jpg&#8221; title_text=&#8221;TYP&#8221; _builder_version=&#8221;4.21.2&#8243; _module_preset=&#8221;default&#8221; global_colors_info=&#8221;{}&#8221;][\/et_pb_image][\/et_pb_column][et_pb_column type=&#8221;1_2&#8243; _builder_version=&#8221;4.21.2&#8243; _module_preset=&#8221;default&#8221; global_colors_info=&#8221;{}&#8221;][et_pb_image src=&#8221;http:\/\/www.galileo.edu\/page\/wp-content\/uploads\/2023\/09\/Blanco_Logo-Galileo-sin-slogan-1-1.png&#8221; title_text=&#8221;Blanco_Logo Galileo-sin slogan (1) (1)&#8221; url=&#8221;http:\/\/galileo.edu&#8221; url_new_window=&#8221;on&#8221; _builder_version=&#8221;4.21.2&#8243; _module_preset=&#8221;default&#8221; transform_skew=&#8221;-4deg|-4deg&#8221; width=&#8221;30%&#8221; module_alignment=&#8221;left&#8221; global_colors_info=&#8221;{}&#8221;][\/et_pb_image][et_pb_text _builder_version=&#8221;4.21.2&#8243; _module_preset=&#8221;default&#8221; header_font=&#8221;Poppins|900|||||||&#8221; header_text_color=&#8221;#ffffff&#8221; header_font_size=&#8221;41px&#8221; header_letter_spacing=&#8221;-2px&#8221; transform_skew=&#8221;-4deg|-4deg&#8221; custom_margin_tablet=&#8221;-46px||||false|false&#8221; custom_margin_phone=&#8221;-46px||||false|false&#8221; custom_margin_last_edited=&#8221;off|desktop&#8221; link_option_url=&#8221;https:\/\/eventos.galileo.edu\/login&#8221; link_option_url_new_window=&#8221;on&#8221; global_colors_info=&#8221;{}&#8221;]<\/p>\n<h1><b>\u00a1Estamos emocionados de tenerte en nuestra comunidad de Eventos Galileo! <\/b><\/h1>\n<p>[\/et_pb_text][et_pb_text _builder_version=&#8221;4.21.2&#8243; _module_preset=&#8221;default&#8221; text_font=&#8221;Alata||||||||&#8221; text_text_color=&#8221;#ffffff&#8221; text_font_size=&#8221;20px&#8221; width=&#8221;90%&#8221; module_alignment=&#8221;left&#8221; custom_margin=&#8221;34px||||false|false&#8221; custom_margin_tablet=&#8221;-59px||||false|false&#8221; custom_margin_phone=&#8221;-59px||||false|false&#8221; custom_margin_last_edited=&#8221;on|desktop&#8221; global_colors_info=&#8221;{}&#8221;]<\/p>\n<p><span style=\"font-weight: 400;\">Pronto recibir\u00e1s invitaciones y actualizaciones sobre los temas que m\u00e1s te interesan. No olvides revisar tu bandeja de entrada y, en caso de no encontrar nuestros correos, aseg\u00farate de verificar la carpeta de SPAM. <\/span><\/p>\n<p>[\/et_pb_text][\/et_pb_column][\/et_pb_row][\/et_pb_section][et_pb_section fb_built=&#8221;1&#8243; disabled_on=&#8221;off|on|on&#8221; _builder_version=&#8221;4.21.2&#8243; _module_preset=&#8221;default&#8221; background_color=&#8221;#b89958&#8243; custom_padding=&#8221;||0px|||&#8221; global_colors_info=&#8221;{}&#8221;][et_pb_row column_structure=&#8221;1_2,1_2&#8243; use_custom_gutter=&#8221;on&#8221; gutter_width=&#8221;1&#8243; _builder_version=&#8221;4.21.2&#8243; _module_preset=&#8221;default&#8221; background_enable_image=&#8221;off&#8221; width=&#8221;100%&#8221; custom_padding=&#8221;||0px|||&#8221; global_colors_info=&#8221;{}&#8221;][et_pb_column type=&#8221;1_2&#8243; _builder_version=&#8221;4.21.2&#8243; _module_preset=&#8221;default&#8221; background_image=&#8221;http:\/\/www.galileo.edu\/page\/wp-content\/uploads\/2023\/09\/TYP.jpg&#8221; global_colors_info=&#8221;{}&#8221;][\/et_pb_column][et_pb_column type=&#8221;1_2&#8243; _builder_version=&#8221;4.21.2&#8243; _module_preset=&#8221;default&#8221; global_colors_info=&#8221;{}&#8221;][et_pb_image src=&#8221;http:\/\/www.galileo.edu\/page\/wp-content\/uploads\/2023\/09\/Blanco_Logo-Galileo-sin-slogan-1-1.png&#8221; title_text=&#8221;Blanco_Logo Galileo-sin slogan (1) (1)&#8221; url=&#8221;http:\/\/galileo.edu&#8221; url_new_window=&#8221;on&#8221; _builder_version=&#8221;4.21.2&#8243; _module_preset=&#8221;default&#8221; transform_skew=&#8221;-4deg|-4deg&#8221; width=&#8221;23%&#8221; max_width=&#8221;51%&#8221; module_alignment=&#8221;center&#8221; global_colors_info=&#8221;{}&#8221;][\/et_pb_image][et_pb_text _builder_version=&#8221;4.21.2&#8243; _module_preset=&#8221;default&#8221; header_font=&#8221;Poppins|900|||||||&#8221; header_text_color=&#8221;#ffffff&#8221; header_font_size=&#8221;36px&#8221; header_letter_spacing=&#8221;-2px&#8221; transform_skew=&#8221;-4deg|-4deg&#8221; width=&#8221;75%&#8221; max_width=&#8221;80%&#8221; module_alignment=&#8221;center&#8221; custom_margin_tablet=&#8221;-46px||||false|false&#8221; custom_margin_phone=&#8221;-46px||||false|false&#8221; custom_margin_last_edited=&#8221;off|desktop&#8221; link_option_url=&#8221;https:\/\/eventos.galileo.edu\/login&#8221; link_option_url_new_window=&#8221;on&#8221; global_colors_info=&#8221;{}&#8221;]<\/p>\n<h1 style=\"text-align: center;\"><b>\u00a1Estamos emocionados de tenerte en nuestra comunidad de Eventos Galileo! <\/b><\/h1>\n<p>[\/et_pb_text][et_pb_image src=&#8221;http:\/\/www.galileo.edu\/page\/wp-content\/uploads\/2023\/09\/TYP.jpg&#8221; title_text=&#8221;TYP&#8221; _builder_version=&#8221;4.21.2&#8243; _module_preset=&#8221;default&#8221; global_colors_info=&#8221;{}&#8221;][\/et_pb_image][\/et_pb_column][\/et_pb_row][\/et_pb_section][et_pb_section fb_built=&#8221;1&#8243; disabled_on=&#8221;off|on|on&#8221; _builder_version=&#8221;4.21.2&#8243; _module_preset=&#8221;default&#8221; background_color=&#8221;rgba(10,5,0,0.77)&#8221; custom_margin=&#8221;||1px|||&#8221; custom_padding=&#8221;23px||18px|||&#8221; global_colors_info=&#8221;{}&#8221;][et_pb_row use_custom_gutter=&#8221;on&#8221; gutter_width=&#8221;4&#8243; _builder_version=&#8221;4.21.2&#8243; _module_preset=&#8221;default&#8221; width=&#8221;100%&#8221; width_tablet=&#8221;100%&#8221; width_phone=&#8221;82%&#8221; width_last_edited=&#8221;on|phone&#8221; max_width=&#8221;1570px&#8221; global_colors_info=&#8221;{}&#8221;][et_pb_column type=&#8221;4_4&#8243; _builder_version=&#8221;4.21.2&#8243; _module_preset=&#8221;default&#8221; global_colors_info=&#8221;{}&#8221;][et_pb_text _builder_version=&#8221;4.21.2&#8243; _module_preset=&#8221;default&#8221; text_font=&#8221;Alata||||||||&#8221; text_text_color=&#8221;#ffffff&#8221; text_font_size=&#8221;20px&#8221; width=&#8221;90%&#8221; module_alignment=&#8221;left&#8221; custom_margin=&#8221;34px||||false|false&#8221; custom_margin_tablet=&#8221;-59px||||false|false&#8221; custom_margin_phone=&#8221;0px||||false|false&#8221; custom_margin_last_edited=&#8221;on|desktop&#8221; hover_enabled=&#8221;0&#8243; global_colors_info=&#8221;{}&#8221; sticky_enabled=&#8221;0&#8243;]<\/p>\n<p style=\"text-align: center;\"><span style=\"font-weight: 400;\">Pronto recibir\u00e1s invitaciones y actualizaciones sobre los temas que m\u00e1s te interesan. No olvides revisar tu bandeja de entrada y, en caso de no encontrar nuestros correos, aseg\u00farate de verificar la carpeta de SPAM. <\/span><\/p>\n<p>[\/et_pb_text][et_pb_text _builder_version=&#8221;4.21.2&#8243; _module_preset=&#8221;default&#8221; text_font=&#8221;Alata||||||||&#8221; text_text_color=&#8221;#ffffff&#8221; text_font_size=&#8221;24px&#8221; header_text_align=&#8221;center&#8221; text_orientation=&#8221;center&#8221; width=&#8221;100%&#8221; module_alignment=&#8221;center&#8221; custom_margin_tablet=&#8221;&#8221; custom_margin_phone=&#8221;&#8221; custom_margin_last_edited=&#8221;on|desktop&#8221; global_colors_info=&#8221;{}&#8221;]<\/p>\n<p><b>\u00a1Esperamos que disfrutes de todas las experiencias que tenemos preparadas para ti!<\/b><\/p>\n<p>[\/et_pb_text][\/et_pb_column][\/et_pb_row][\/et_pb_section][et_pb_section fb_built=&#8221;1&#8243; disabled_on=&#8221;on|off|off&#8221; _builder_version=&#8221;4.21.2&#8243; _module_preset=&#8221;default&#8221; background_color=&#8221;rgba(10,5,0,0.77)&#8221; custom_margin=&#8221;||1px|||&#8221; custom_padding=&#8221;23px||18px|||&#8221; global_colors_info=&#8221;{}&#8221;][et_pb_row use_custom_gutter=&#8221;on&#8221; gutter_width=&#8221;4&#8243; _builder_version=&#8221;4.21.2&#8243; _module_preset=&#8221;default&#8221; width=&#8221;100%&#8221; width_tablet=&#8221;100%&#8221; width_phone=&#8221;82%&#8221; width_last_edited=&#8221;on|phone&#8221; max_width=&#8221;1570px&#8221; global_colors_info=&#8221;{}&#8221;][et_pb_column type=&#8221;4_4&#8243; _builder_version=&#8221;4.21.2&#8243; _module_preset=&#8221;default&#8221; global_colors_info=&#8221;{}&#8221;][et_pb_text _builder_version=&#8221;4.21.2&#8243; _module_preset=&#8221;default&#8221; text_font=&#8221;Alata||||||||&#8221; text_text_color=&#8221;#ffffff&#8221; text_font_size=&#8221;24px&#8221; header_text_align=&#8221;center&#8221; text_orientation=&#8221;center&#8221; width=&#8221;100%&#8221; module_alignment=&#8221;center&#8221; custom_margin_tablet=&#8221;&#8221; custom_margin_phone=&#8221;&#8221; custom_margin_last_edited=&#8221;on|desktop&#8221; global_colors_info=&#8221;{}&#8221;]<\/p>\n<p><b>\u00a1Esperamos que disfrutes de todas las experiencias que tenemos preparadas para ti!<\/b><\/p>\n<p>[\/et_pb_text][\/et_pb_column][\/et_pb_row][\/et_pb_section][et_pb_section fb_built=&#8221;1&#8243; disabled_on=&#8221;off|off|off&#8221; _builder_version=&#8221;4.21.2&#8243; _module_preset=&#8221;default&#8221; background_color=&#8221;rgba(0,0,0,0.86)&#8221; custom_margin=&#8221;-4px|||||&#8221; custom_padding=&#8221;||35px|||&#8221; box_shadow_style=&#8221;preset6&#8243; box_shadow_blur=&#8221;37px&#8221; box_shadow_spread=&#8221;11px&#8221; global_colors_info=&#8221;{}&#8221;][et_pb_row _builder_version=&#8221;4.21.2&#8243; _module_preset=&#8221;default&#8221; width=&#8221;51%&#8221; max_width=&#8221;1488px&#8221; custom_padding=&#8221;0px||0px|||&#8221; global_colors_info=&#8221;{}&#8221;][et_pb_column type=&#8221;4_4&#8243; _builder_version=&#8221;4.21.2&#8243; _module_preset=&#8221;default&#8221; global_colors_info=&#8221;{}&#8221;][et_pb_image src=&#8221;http:\/\/www.galileo.edu\/page\/wp-content\/uploads\/2023\/09\/Blanco_Logo-Galileo-sin-slogan-1-1.png&#8221; title_text=&#8221;Blanco_Logo Galileo-sin slogan (1) (1)&#8221; align=&#8221;center&#8221; _builder_version=&#8221;4.21.2&#8243; _module_preset=&#8221;default&#8221; width=&#8221;20%&#8221; width_tablet=&#8221;30%&#8221; width_phone=&#8221;87%&#8221; width_last_edited=&#8221;on|phone&#8221; module_alignment=&#8221;center&#8221; global_colors_info=&#8221;{}&#8221;][\/et_pb_image][\/et_pb_column][\/et_pb_row][et_pb_row column_structure=&#8221;1_5,1_5,1_5,1_5,1_5&#8243; _builder_version=&#8221;4.21.2&#8243; _module_preset=&#8221;default&#8221; width=&#8221;20%&#8221; max_width=&#8221;989px&#8221; module_alignment=&#8221;center&#8221; global_colors_info=&#8221;{}&#8221;][et_pb_column type=&#8221;1_5&#8243; _builder_version=&#8221;4.21.2&#8243; _module_preset=&#8221;default&#8221; global_colors_info=&#8221;{}&#8221;][et_pb_blurb url=&#8221;https:\/\/www.facebook.com\/ugalileo&#8221; url_new_window=&#8221;on&#8221; use_icon=&#8221;on&#8221; font_icon=&#8221;&#xe0aa;||divi||400&#8243; icon_color=&#8221;#FFFFFF&#8221; icon_placement=&#8221;left&#8221; _builder_version=&#8221;4.21.2&#8243; _module_preset=&#8221;default&#8221; header_font=&#8221;Montserrat||||||||&#8221; header_text_color=&#8221;#FFFFFF&#8221; body_font=&#8221;Montserrat||||||||&#8221; body_text_color=&#8221;#FFFFFF&#8221; module_alignment=&#8221;center&#8221; link_option_url=&#8221;https:\/\/www.facebook.com\/ugalileo&#8221; link_option_url_new_window=&#8221;on&#8221; global_colors_info=&#8221;{}&#8221;][\/et_pb_blurb][\/et_pb_column][et_pb_column type=&#8221;1_5&#8243; _builder_version=&#8221;4.21.2&#8243; _module_preset=&#8221;default&#8221; global_colors_info=&#8221;{}&#8221;][et_pb_blurb url=&#8221;https:\/\/twitter.com\/UGalileo_edu&#8221; url_new_window=&#8221;on&#8221; use_icon=&#8221;on&#8221; font_icon=&#8221;&#x51;||divi||400&#8243; icon_color=&#8221;#FFFFFF&#8221; icon_placement=&#8221;left&#8221; _builder_version=&#8221;4.21.2&#8243; _module_preset=&#8221;default&#8221; header_font=&#8221;Montserrat||||||||&#8221; header_text_color=&#8221;#FFFFFF&#8221; body_font=&#8221;Montserrat||||||||&#8221; body_text_color=&#8221;#FFFFFF&#8221; module_alignment=&#8221;center&#8221; link_option_url=&#8221;https:\/\/twitter.com\/UGalileo_edu&#8221; link_option_url_new_window=&#8221;on&#8221; global_colors_info=&#8221;{}&#8221;][\/et_pb_blurb][\/et_pb_column][et_pb_column type=&#8221;1_5&#8243; _builder_version=&#8221;4.21.2&#8243; _module_preset=&#8221;default&#8221; global_colors_info=&#8221;{}&#8221;][et_pb_blurb url=&#8221;https:\/\/www.instagram.com\/ugalileo_edu\/&#8221; url_new_window=&#8221;on&#8221; use_icon=&#8221;on&#8221; font_icon=&#8221;&#xe0b1;||divi||400&#8243; icon_color=&#8221;#FFFFFF&#8221; icon_placement=&#8221;left&#8221; _builder_version=&#8221;4.21.2&#8243; _module_preset=&#8221;default&#8221; header_font=&#8221;Montserrat||||||||&#8221; header_text_color=&#8221;#FFFFFF&#8221; body_font=&#8221;Montserrat||||||||&#8221; body_text_color=&#8221;#FFFFFF&#8221; module_alignment=&#8221;center&#8221; link_option_url=&#8221;https:\/\/www.instagram.com\/ugalileo_edu\/&#8221; link_option_url_new_window=&#8221;on&#8221; border_color_right=&#8221;#FFFFFF&#8221; global_colors_info=&#8221;{}&#8221;][\/et_pb_blurb][\/et_pb_column][et_pb_column type=&#8221;1_5&#8243; _builder_version=&#8221;4.21.2&#8243; _module_preset=&#8221;default&#8221; global_colors_info=&#8221;{}&#8221;][et_pb_blurb url=&#8221;https:\/\/www.linkedin.com\/school\/universidad-galileo\/?originalSubdomain=gt&#8221; url_new_window=&#8221;on&#8221; use_icon=&#8221;on&#8221; font_icon=&#8221;&#xe0b4;||divi||400&#8243; icon_color=&#8221;#FFFFFF&#8221; icon_placement=&#8221;left&#8221; _builder_version=&#8221;4.21.2&#8243; _module_preset=&#8221;default&#8221; header_font=&#8221;Montserrat||||||||&#8221; header_text_color=&#8221;#FFFFFF&#8221; body_font=&#8221;Montserrat||||||||&#8221; body_text_color=&#8221;#FFFFFF&#8221; module_alignment=&#8221;center&#8221; link_option_url=&#8221;https:\/\/www.linkedin.com\/school\/universidad-galileo\/?originalSubdomain=gt&#8221; link_option_url_new_window=&#8221;on&#8221; global_colors_info=&#8221;{}&#8221;][\/et_pb_blurb][\/et_pb_column][et_pb_column type=&#8221;1_5&#8243; _builder_version=&#8221;4.21.2&#8243; _module_preset=&#8221;default&#8221; global_colors_info=&#8221;{}&#8221;][et_pb_blurb url=&#8221;https:\/\/www.youtube.com\/user\/ugalileogt&#8221; url_new_window=&#8221;on&#8221; use_icon=&#8221;on&#8221; font_icon=&#8221;&#xe0ba;||divi||400&#8243; icon_color=&#8221;#FFFFFF&#8221; icon_placement=&#8221;left&#8221; _builder_version=&#8221;4.21.2&#8243; _module_preset=&#8221;default&#8221; header_font=&#8221;Montserrat||||||||&#8221; header_text_color=&#8221;#FFFFFF&#8221; body_font=&#8221;Montserrat||||||||&#8221; body_text_color=&#8221;#FFFFFF&#8221; module_alignment=&#8221;center&#8221; link_option_url=&#8221;https:\/\/www.youtube.com\/user\/ugalileogt&#8221; link_option_url_new_window=&#8221;on&#8221; global_colors_info=&#8221;{}&#8221;][\/et_pb_blurb][\/et_pb_column][\/et_pb_row][\/et_pb_section]<\/p>\n","protected":false},"excerpt":{"rendered":"<p>\u00a1Estamos emocionados de tenerte en nuestra comunidad de Eventos Galileo! Pronto recibir\u00e1s invitaciones y actualizaciones sobre los temas que m\u00e1s te interesan. No olvides revisar tu bandeja de entrada y, en caso de no encontrar nuestros correos, aseg\u00farate de verificar la carpeta de SPAM. \u00a1Estamos emocionados de tenerte en nuestra comunidad de Eventos Galileo! Pronto [&hellip;]<\/p>\n","protected":false},"author":10,"featured_media":80124,"parent":0,"menu_order":0,"comment_status":"closed","ping_status":"closed","template":"page-template-blank.php","meta":{"_et_pb_use_builder":"on","_et_pb_old_content":"","_et_gb_content_width":""},"yoast_head":"<!-- This site is optimized with the Yoast SEO plugin v20.13 - https:\/\/yoast.com\/wordpress\/plugins\/seo\/ -->\n<title>GRACIAS EVENTOS GALILEO - Universidad Galileo<\/title>\n<meta name=\"description\" content=\"\u00a1Estamos emocionados de tenerte en nuestra comunidad de Eventos Galileo\" \/>\n<meta name=\"robots\" content=\"index, follow, max-snippet:-1, max-image-preview:large, max-video-preview:-1\" \/>\n<link rel=\"canonical\" href=\"https:\/\/www.galileo.edu\/page\/gracias-registro-siguenos-eventos-galileo\/\" \/>\n<meta property=\"og:locale\" content=\"en_US\" \/>\n<meta property=\"og:type\" content=\"article\" \/>\n<meta property=\"og:title\" content=\"GRACIAS EVENTOS GALILEO - Universidad Galileo\" \/>\n<meta property=\"og:description\" content=\"\u00a1Estamos emocionados de tenerte en nuestra comunidad de Eventos Galileo\" \/>\n<meta property=\"og:url\" content=\"https:\/\/www.galileo.edu\/page\/gracias-registro-siguenos-eventos-galileo\/\" \/>\n<meta property=\"og:site_name\" content=\"Universidad Galileo\" \/>\n<meta property=\"article:modified_time\" content=\"2023-09-26T19:05:05+00:00\" \/>\n<meta property=\"og:image\" content=\"http:\/\/www.galileo.edu\/page\/wp-content\/uploads\/2023\/09\/2-Post.jpg\" \/>\n\t<meta property=\"og:image:width\" content=\"1200\" \/>\n\t<meta property=\"og:image:height\" content=\"1200\" \/>\n\t<meta property=\"og:image:type\" content=\"image\/jpeg\" \/>\n<meta name=\"twitter:card\" content=\"summary_large_image\" \/>\n<meta name=\"twitter:label1\" content=\"Est. reading time\" \/>\n\t<meta name=\"twitter:data1\" content=\"3 minutes\" \/>\n<script type=\"application\/ld+json\" class=\"yoast-schema-graph\">{\"@context\":\"https:\/\/schema.org\",\"@graph\":[{\"@type\":\"WebPage\",\"@id\":\"https:\/\/www.galileo.edu\/page\/gracias-registro-siguenos-eventos-galileo\/\",\"url\":\"https:\/\/www.galileo.edu\/page\/gracias-registro-siguenos-eventos-galileo\/\",\"name\":\"GRACIAS EVENTOS GALILEO - Universidad Galileo\",\"isPartOf\":{\"@id\":\"https:\/\/www.galileo.edu\/page\/#website\"},\"datePublished\":\"2023-09-26T18:44:26+00:00\",\"dateModified\":\"2023-09-26T19:05:05+00:00\",\"description\":\"\u00a1Estamos emocionados de tenerte en nuestra comunidad de Eventos Galileo\",\"breadcrumb\":{\"@id\":\"https:\/\/www.galileo.edu\/page\/gracias-registro-siguenos-eventos-galileo\/#breadcrumb\"},\"inLanguage\":\"en-US\",\"potentialAction\":[{\"@type\":\"ReadAction\",\"target\":[\"https:\/\/www.galileo.edu\/page\/gracias-registro-siguenos-eventos-galileo\/\"]}]},{\"@type\":\"BreadcrumbList\",\"@id\":\"https:\/\/www.galileo.edu\/page\/gracias-registro-siguenos-eventos-galileo\/#breadcrumb\",\"itemListElement\":[{\"@type\":\"ListItem\",\"position\":1,\"name\":\"Home\",\"item\":\"https:\/\/www.galileo.edu\/page\/home\/\"},{\"@type\":\"ListItem\",\"position\":2,\"name\":\"GRACIAS EVENTOS GALILEO\"}]},{\"@type\":\"WebSite\",\"@id\":\"https:\/\/www.galileo.edu\/page\/#website\",\"url\":\"https:\/\/www.galileo.edu\/page\/\",\"name\":\"Universidad Galileo\",\"description\":\"La revoluci\u00f3n en la educaci\u00f3n\",\"potentialAction\":[{\"@type\":\"SearchAction\",\"target\":{\"@type\":\"EntryPoint\",\"urlTemplate\":\"https:\/\/www.galileo.edu\/page\/?s={search_term_string}\"},\"query-input\":\"required name=search_term_string\"}],\"inLanguage\":\"en-US\"}]}<\/script>\n<!-- \/ Yoast SEO plugin. -->","yoast_head_json":{"title":"GRACIAS EVENTOS GALILEO - Universidad Galileo","description":"\u00a1Estamos emocionados de tenerte en nuestra comunidad de Eventos Galileo","robots":{"index":"index","follow":"follow","max-snippet":"max-snippet:-1","max-image-preview":"max-image-preview:large","max-video-preview":"max-video-preview:-1"},"canonical":"https:\/\/www.galileo.edu\/page\/gracias-registro-siguenos-eventos-galileo\/","og_locale":"en_US","og_type":"article","og_title":"GRACIAS EVENTOS GALILEO - Universidad Galileo","og_description":"\u00a1Estamos emocionados de tenerte en nuestra comunidad de Eventos Galileo","og_url":"https:\/\/www.galileo.edu\/page\/gracias-registro-siguenos-eventos-galileo\/","og_site_name":"Universidad Galileo","article_modified_time":"2023-09-26T19:05:05+00:00","og_image":[{"width":1200,"height":1200,"url":"http:\/\/www.galileo.edu\/page\/wp-content\/uploads\/2023\/09\/2-Post.jpg","type":"image\/jpeg"}],"twitter_card":"summary_large_image","twitter_misc":{"Est. reading time":"3 minutes"},"schema":{"@context":"https:\/\/schema.org","@graph":[{"@type":"WebPage","@id":"https:\/\/www.galileo.edu\/page\/gracias-registro-siguenos-eventos-galileo\/","url":"https:\/\/www.galileo.edu\/page\/gracias-registro-siguenos-eventos-galileo\/","name":"GRACIAS EVENTOS GALILEO - Universidad Galileo","isPartOf":{"@id":"https:\/\/www.galileo.edu\/page\/#website"},"datePublished":"2023-09-26T18:44:26+00:00","dateModified":"2023-09-26T19:05:05+00:00","description":"\u00a1Estamos emocionados de tenerte en nuestra comunidad de Eventos Galileo","breadcrumb":{"@id":"https:\/\/www.galileo.edu\/page\/gracias-registro-siguenos-eventos-galileo\/#breadcrumb"},"inLanguage":"en-US","potentialAction":[{"@type":"ReadAction","target":["https:\/\/www.galileo.edu\/page\/gracias-registro-siguenos-eventos-galileo\/"]}]},{"@type":"BreadcrumbList","@id":"https:\/\/www.galileo.edu\/page\/gracias-registro-siguenos-eventos-galileo\/#breadcrumb","itemListElement":[{"@type":"ListItem","position":1,"name":"Home","item":"https:\/\/www.galileo.edu\/page\/home\/"},{"@type":"ListItem","position":2,"name":"GRACIAS EVENTOS GALILEO"}]},{"@type":"WebSite","@id":"https:\/\/www.galileo.edu\/page\/#website","url":"https:\/\/www.galileo.edu\/page\/","name":"Universidad Galileo","description":"La revoluci\u00f3n en la educaci\u00f3n","potentialAction":[{"@type":"SearchAction","target":{"@type":"EntryPoint","urlTemplate":"https:\/\/www.galileo.edu\/page\/?s={search_term_string}"},"query-input":"required name=search_term_string"}],"inLanguage":"en-US"}]}},"_links":{"self":[{"href":"https:\/\/www.galileo.edu\/page\/wp-json\/wp\/v2\/pages\/80135"}],"collection":[{"href":"https:\/\/www.galileo.edu\/page\/wp-json\/wp\/v2\/pages"}],"about":[{"href":"https:\/\/www.galileo.edu\/page\/wp-json\/wp\/v2\/types\/page"}],"author":[{"embeddable":true,"href":"https:\/\/www.galileo.edu\/page\/wp-json\/wp\/v2\/users\/10"}],"replies":[{"embeddable":true,"href":"https:\/\/www.galileo.edu\/page\/wp-json\/wp\/v2\/comments?post=80135"}],"version-history":[{"count":8,"href":"https:\/\/www.galileo.edu\/page\/wp-json\/wp\/v2\/pages\/80135\/revisions"}],"predecessor-version":[{"id":80148,"href":"https:\/\/www.galileo.edu\/page\/wp-json\/wp\/v2\/pages\/80135\/revisions\/80148"}],"wp:featuredmedia":[{"embeddable":true,"href":"https:\/\/www.galileo.edu\/page\/wp-json\/wp\/v2\/media\/80124"}],"wp:attachment":[{"href":"https:\/\/www.galileo.edu\/page\/wp-json\/wp\/v2\/media?parent=80135"}],"curies":[{"name":"wp","href":"https:\/\/api.w.org\/{rel}","templated":true}]}}