{"id":78468,"date":"2023-08-25T22:36:07","date_gmt":"2023-08-25T22:36:07","guid":{"rendered":"https:\/\/www.galileo.edu\/page\/?page_id=78468"},"modified":"2023-08-25T22:36:57","modified_gmt":"2023-08-25T22:36:57","slug":"gracias-educafest-2023","status":"publish","type":"page","link":"https:\/\/www.galileo.edu\/page\/gracias-educafest-2023\/","title":{"rendered":"Gracias por tu registro al EDUCAFEST 2023"},"content":{"rendered":"<p>[et_pb_section fb_built=&#8221;1&#8243; disabled_on=&#8221;off|off|off&#8221; _builder_version=&#8221;4.21.2&#8243; background_enable_color=&#8221;off&#8221; background_image=&#8221;http:\/\/www.galileo.edu\/page\/wp-content\/uploads\/2023\/08\/Fondo-Educafest-Textura.png&#8221; custom_padding=&#8221;85px|0px|110px|0px|false|false&#8221; hover_enabled=&#8221;0&#8243; global_colors_info=&#8221;{}&#8221; title_text=&#8221;Fondo-Educafest-Textura&#8221; sticky_enabled=&#8221;0&#8243; custom_padding_last_edited=&#8221;on|phone&#8221; custom_padding_phone=&#8221;70px||70px||false|false&#8221; custom_padding_tablet=&#8221;85px|0px|110px|0px|false|false&#8221;][et_pb_row _builder_version=&#8221;4.21.2&#8243; background_size=&#8221;initial&#8221; background_position=&#8221;top_left&#8221; background_repeat=&#8221;repeat&#8221; custom_padding=&#8221;0|0px|0|0px|false|false&#8221; hover_enabled=&#8221;0&#8243; global_colors_info=&#8221;{}&#8221; width_last_edited=&#8221;on|phone&#8221; width_phone=&#8221;100%&#8221; sticky_enabled=&#8221;0&#8243; width=&#8221;90%&#8221; width_tablet=&#8221;90%&#8221;][et_pb_column type=&#8221;4_4&#8243; _builder_version=&#8221;4.16&#8243; custom_padding=&#8221;|||&#8221; global_colors_info=&#8221;{}&#8221; custom_padding__hover=&#8221;|||&#8221;][et_pb_image src=&#8221;http:\/\/www.galileo.edu\/page\/wp-content\/uploads\/2023\/08\/Animacion-Logo-Educafest-1.gif&#8221; title_text=&#8221;Animaci\u00f3n Logo Educafest&#8221; align_tablet=&#8221;center&#8221; align_phone=&#8221;center&#8221; align_last_edited=&#8221;on|desktop&#8221; _builder_version=&#8221;4.21.2&#8243; max_width=&#8221;75%&#8221; max_width_tablet=&#8221;90%&#8221; max_width_phone=&#8221;95%&#8221; max_width_last_edited=&#8221;on|phone&#8221; module_alignment=&#8221;center&#8221; hover_enabled=&#8221;0&#8243; global_colors_info=&#8221;{}&#8221; sticky_enabled=&#8221;0&#8243;][\/et_pb_image][\/et_pb_column][\/et_pb_row][et_pb_row _builder_version=&#8221;4.21.2&#8243; custom_padding=&#8221;27px|0px|0|0px|false|false&#8221; hover_enabled=&#8221;0&#8243; global_colors_info=&#8221;{}&#8221; module_alignment=&#8221;center&#8221; sticky_enabled=&#8221;0&#8243;][et_pb_column type=&#8221;4_4&#8243; _builder_version=&#8221;4.16&#8243; custom_padding=&#8221;|||&#8221; global_colors_info=&#8221;{}&#8221; custom_padding__hover=&#8221;|||&#8221;][et_pb_text _builder_version=&#8221;4.21.2&#8243; text_font=&#8221;||||||||&#8221; header_font=&#8221;Open Sans|700|||||||&#8221; header_text_align=&#8221;center&#8221; header_text_color=&#8221;#312173&#8243; header_font_size=&#8221;40px&#8221; hover_enabled=&#8221;0&#8243; header_font_size_tablet=&#8221;35px&#8221; header_font_size_phone=&#8221;25px&#8221; header_font_size_last_edited=&#8221;on|phone&#8221; header_line_height_tablet=&#8221;1.2em&#8221; header_line_height_phone=&#8221;&#8221; header_line_height_last_edited=&#8221;on|phone&#8221; global_colors_info=&#8221;{}&#8221; sticky_enabled=&#8221;0&#8243;]<\/p>\n<h1>\u00a1Gracias por registrarte!<\/h1>\n<p>[\/et_pb_text][\/et_pb_column][\/et_pb_row][et_pb_row _builder_version=&#8221;4.21.2&#8243; module_alignment=&#8221;center&#8221; hover_enabled=&#8221;0&#8243; global_colors_info=&#8221;{}&#8221; sticky_enabled=&#8221;0&#8243; width=&#8221;55%&#8221; width_last_edited=&#8221;on|tablet&#8221; width_tablet=&#8221;75%&#8221; width_phone=&#8221;85%&#8221;][et_pb_column type=&#8221;4_4&#8243; _builder_version=&#8221;4.16&#8243; custom_padding=&#8221;|||&#8221; global_colors_info=&#8221;{}&#8221; custom_padding__hover=&#8221;|||&#8221;][et_pb_text _builder_version=&#8221;4.21.2&#8243; text_font=&#8221;Open Sans||||||||&#8221; text_text_color=&#8221;#130a35&#8243; text_font_size=&#8221;18px&#8221; header_font=&#8221;||||||||&#8221; header_2_font=&#8221;Poppins|300|||||||&#8221; header_2_text_color=&#8221;#80cae5&#8243; text_orientation=&#8221;justified&#8221; custom_margin_tablet=&#8221;0px|0px|||false|false&#8221; custom_margin_last_edited=&#8221;on|desktop&#8221; hover_enabled=&#8221;0&#8243; global_colors_info=&#8221;{}&#8221; custom_margin__hover_enabled=&#8221;off|desktop&#8221; sticky_enabled=&#8221;0&#8243; text_orientation_last_edited=&#8221;on|phone&#8221; text_orientation_phone=&#8221;center&#8221; text_font_size_last_edited=&#8221;on|tablet&#8221; text_font_size_phone=&#8221;15px&#8221; custom_margin_phone=&#8221;0px|0px|||false|false&#8221; text_orientation_tablet=&#8221;justified&#8221; text_font_size_tablet=&#8221;18px&#8221;]<\/p>\n<p><b>Revisa tu correo electr\u00f3nico.<\/b> En pocos minutos recibir\u00e1s el enlace para unirte a la conferencia. Si no recibes el correo con la informaci\u00f3n de parte de Universidad Galileo en los pr\u00f3ximos minutos,<b> busca en tus otras carpetas de correo como \u201cPromociones\u201d, \u201cNotificaciones\u201d o \u201cNewsletter\u201d, o bien en \u201cNo deseado\u201d o \u201cSpam\u201d, algunas veces se filtran all\u00ed<\/b>. Si no te llega el correo electr\u00f3nico, puede ser que escribiste mal tu email, por lo que te pedimos que vuelvas a llenar tus datos en la p\u00e1gina anterior a esta y revisa que est\u00e9n bien escritos.<\/p>\n<p>[\/et_pb_text][\/et_pb_column][\/et_pb_row][\/et_pb_section][et_pb_section fb_built=&#8221;1&#8243; _builder_version=&#8221;4.21.2&#8243; background_color=&#8221;#130a35&#8243; custom_padding=&#8221;35px||||false|false&#8221; global_colors_info=&#8221;{}&#8221; theme_builder_area=&#8221;post_content&#8221;][et_pb_row _builder_version=&#8221;4.21.2&#8243; _module_preset=&#8221;default&#8221; global_colors_info=&#8221;{}&#8221; theme_builder_area=&#8221;post_content&#8221;][et_pb_column type=&#8221;4_4&#8243; _builder_version=&#8221;4.21.2&#8243; _module_preset=&#8221;default&#8221; global_colors_info=&#8221;{}&#8221; theme_builder_area=&#8221;post_content&#8221;][et_pb_image src=&#8221;http:\/\/www.galileo.edu\/page\/wp-content\/uploads\/2023\/03\/LogoGalileo_Blanco.png&#8221; title_text=&#8221;LogoGalileo_Blanco&#8221; url=&#8221;https:\/\/www.galileo.edu&#8221; url_new_window=&#8221;on&#8221; align=&#8221;center&#8221; _builder_version=&#8221;4.21.2&#8243; _module_preset=&#8221;default&#8221; width_tablet=&#8221;100%&#8221; width_phone=&#8221;55%&#8221; width_last_edited=&#8221;on|phone&#8221; global_colors_info=&#8221;{}&#8221; theme_builder_area=&#8221;post_content&#8221;][\/et_pb_image][et_pb_text _builder_version=&#8221;4.21.2&#8243; _module_preset=&#8221;default&#8221; text_font=&#8221;Open Sans|600|||||||&#8221; text_text_color=&#8221;#FFFFFF&#8221; text_font_size=&#8221;25px&#8221; text_orientation=&#8221;center&#8221; text_font_size_tablet=&#8221;25px&#8221; text_font_size_phone=&#8221;20px&#8221; text_font_size_last_edited=&#8221;on|phone&#8221; global_colors_info=&#8221;{}&#8221; theme_builder_area=&#8221;post_content&#8221;]<\/p>\n<p>Con el apoyo de:<\/p>\n<p>[\/et_pb_text][\/et_pb_column][\/et_pb_row][et_pb_row column_structure=&#8221;1_2,1_2&#8243; _builder_version=&#8221;4.21.2&#8243; width=&#8221;40%&#8221; custom_padding=&#8221;0px||||false|false&#8221; global_colors_info=&#8221;{}&#8221; theme_builder_area=&#8221;post_content&#8221;][et_pb_column type=&#8221;1_2&#8243; _builder_version=&#8221;4.16&#8243; custom_padding=&#8221;|||&#8221; global_colors_info=&#8221;{}&#8221; custom_padding__hover=&#8221;|||&#8221; theme_builder_area=&#8221;post_content&#8221;][et_pb_image src=&#8221;http:\/\/www.galileo.edu\/page\/wp-content\/uploads\/2022\/02\/Innovation-lab-logo3.png&#8221; title_text=&#8221;Innovation lab-logo3&#8243; url_new_window=&#8221;on&#8221; align_tablet=&#8221;center&#8221; align_phone=&#8221;center&#8221; align_last_edited=&#8221;on|desktop&#8221; _builder_version=&#8221;4.21.2&#8243; max_width=&#8221;60%&#8221; max_width_tablet=&#8221;60%&#8221; max_width_phone=&#8221;90%&#8221; max_width_last_edited=&#8221;on|tablet&#8221; module_alignment=&#8221;center&#8221; custom_margin_tablet=&#8221;10px||||false|false&#8221; custom_margin_phone=&#8221;10px||||false|false&#8221; custom_margin_last_edited=&#8221;on|desktop&#8221; filter_contrast=&#8221;200%&#8221; global_colors_info=&#8221;{}&#8221; theme_builder_area=&#8221;post_content&#8221;][\/et_pb_image][\/et_pb_column][et_pb_column type=&#8221;1_2&#8243; _builder_version=&#8221;4.16&#8243; custom_padding=&#8221;|||&#8221; global_colors_info=&#8221;{}&#8221; custom_padding__hover=&#8221;|||&#8221; theme_builder_area=&#8221;post_content&#8221;][et_pb_image src=&#8221;http:\/\/www.galileo.edu\/page\/wp-content\/uploads\/2023\/08\/logo-tesla-color-1.png&#8221; title_text=&#8221;logo-tesla-color&#8221; url_new_window=&#8221;on&#8221; align_tablet=&#8221;center&#8221; align_phone=&#8221;center&#8221; align_last_edited=&#8221;on|desktop&#8221; _builder_version=&#8221;4.21.2&#8243; max_width=&#8221;30%&#8221; max_width_tablet=&#8221;35%&#8221; max_width_phone=&#8221;50%&#8221; max_width_last_edited=&#8221;on|tablet&#8221; module_alignment=&#8221;center&#8221; custom_margin_tablet=&#8221;10px||||false|false&#8221; custom_margin_phone=&#8221;10px||||false|false&#8221; custom_margin_last_edited=&#8221;on|desktop&#8221; filter_contrast=&#8221;200%&#8221; global_colors_info=&#8221;{}&#8221; theme_builder_area=&#8221;post_content&#8221;][\/et_pb_image][\/et_pb_column][\/et_pb_row][et_pb_row column_structure=&#8221;1_3,1_3,1_3&#8243; _builder_version=&#8221;4.21.2&#8243; global_colors_info=&#8221;{}&#8221; theme_builder_area=&#8221;post_content&#8221;][et_pb_column type=&#8221;1_3&#8243; _builder_version=&#8221;4.16&#8243; custom_padding=&#8221;|||&#8221; global_colors_info=&#8221;{}&#8221; custom_padding__hover=&#8221;|||&#8221; theme_builder_area=&#8221;post_content&#8221;][et_pb_blurb title=&#8221;PBX:&#8221; _builder_version=&#8221;4.21.2&#8243; header_font=&#8221;Open Sans|700|||||||&#8221; header_text_align=&#8221;center&#8221; header_text_color=&#8221;#FFFFFF&#8221; header_font_size=&#8221;20px&#8221; body_font=&#8221;Open Sans||||||||&#8221; body_text_color=&#8221;#FFFFFF&#8221; body_font_size=&#8221;17px&#8221; body_line_height=&#8221;1.2em&#8221; text_orientation=&#8221;center&#8221; global_colors_info=&#8221;{}&#8221; theme_builder_area=&#8221;post_content&#8221;]<\/p>\n<p><span style=\"font-weight: 400;\">2423-8000<br \/><\/span><span style=\"font-weight: 400;\">Ext. 7421,7422,7423,7424<\/span><\/p>\n<p>[\/et_pb_blurb][\/et_pb_column][et_pb_column type=&#8221;1_3&#8243; _builder_version=&#8221;4.16&#8243; custom_padding=&#8221;|||&#8221; global_colors_info=&#8221;{}&#8221; custom_padding__hover=&#8221;|||&#8221; theme_builder_area=&#8221;post_content&#8221;][et_pb_blurb title=&#8221;Correo electr\u00f3nico&#8221; _builder_version=&#8221;4.21.2&#8243; header_font=&#8221;Open Sans|700|||||||&#8221; header_text_align=&#8221;center&#8221; header_text_color=&#8221;#FFFFFF&#8221; header_font_size=&#8221;20px&#8221; body_font=&#8221;Open Sans||||||||&#8221; body_text_color=&#8221;#2e2e2e&#8221; body_font_size=&#8221;17px&#8221; text_orientation=&#8221;center&#8221; global_colors_info=&#8221;{}&#8221; theme_builder_area=&#8221;post_content&#8221;]<\/p>\n<p><span style=\"color: #ffffff;\"><a href=\"mailto:admisionesug@galileo.edu\" target=\"_blank\" rel=\"noopener noreferrer\" style=\"color: #ffffff;\">admisionesug@galileo.edu<\/a><\/span><\/p>\n<p>[\/et_pb_blurb][\/et_pb_column][et_pb_column type=&#8221;1_3&#8243; _builder_version=&#8221;4.16&#8243; custom_padding=&#8221;|||&#8221; global_colors_info=&#8221;{}&#8221; custom_padding__hover=&#8221;|||&#8221; theme_builder_area=&#8221;post_content&#8221;][et_pb_blurb title=&#8221;Direcci\u00f3n:&#8221; _builder_version=&#8221;4.21.2&#8243; header_font=&#8221;Open Sans|700|||||||&#8221; header_text_align=&#8221;center&#8221; header_text_color=&#8221;#FFFFFF&#8221; header_font_size=&#8221;20px&#8221; body_font=&#8221;Open Sans|500|||||||&#8221; body_text_color=&#8221;#FFFFFF&#8221; body_line_height=&#8221;1.4em&#8221; text_orientation=&#8221;center&#8221; global_colors_info=&#8221;{}&#8221; theme_builder_area=&#8221;post_content&#8221;]<\/p>\n<p>7a Avenida Calle Dr. Eduardo Suger Cofi\u00f1o zona 10, Campus Central Universidad Galileo<\/p>\n<p>[\/et_pb_blurb][\/et_pb_column][\/et_pb_row][\/et_pb_section]<\/p>\n","protected":false},"excerpt":{"rendered":"<p>\u00a1Gracias por registrarte!Revisa tu correo electr\u00f3nico. En pocos minutos recibir\u00e1s el enlace para unirte a la conferencia. Si no recibes el correo con la informaci\u00f3n de parte de Universidad Galileo en los pr\u00f3ximos minutos, busca en tus otras carpetas de correo como \u201cPromociones\u201d, \u201cNotificaciones\u201d o \u201cNewsletter\u201d, o bien en \u201cNo deseado\u201d o \u201cSpam\u201d, algunas veces [&hellip;]<\/p>\n","protected":false},"author":27,"featured_media":78466,"parent":0,"menu_order":0,"comment_status":"closed","ping_status":"closed","template":"page-template-blank.php","meta":{"_et_pb_use_builder":"on","_et_pb_old_content":"","_et_gb_content_width":""},"yoast_head":"<!-- This site is optimized with the Yoast SEO plugin v20.13 - https:\/\/yoast.com\/wordpress\/plugins\/seo\/ -->\n<title>EDUCAFEST 2023<\/title>\n<meta name=\"description\" content=\"A trav\u00e9s de esta p\u00e1gina podr\u00e1s conocer las oportunidades que Universidad Galileo te brinda de forma gratuita para impulsar tus conocimientos en el \u00e1rea de Ciencia, Tecnolog\u00eda, Ingenier\u00eda y Matem\u00e1tica (STEM)\" \/>\n<meta name=\"robots\" content=\"index, follow, max-snippet:-1, max-image-preview:large, max-video-preview:-1\" \/>\n<link rel=\"canonical\" href=\"https:\/\/www.galileo.edu\/page\/gracias-educafest-2023\/\" \/>\n<meta property=\"og:locale\" content=\"en_US\" \/>\n<meta property=\"og:type\" content=\"article\" \/>\n<meta property=\"og:title\" content=\"EDUCAFEST 2023\" \/>\n<meta property=\"og:description\" content=\"A trav\u00e9s de esta p\u00e1gina podr\u00e1s conocer las oportunidades que Universidad Galileo te brinda de forma gratuita para impulsar tus conocimientos en el \u00e1rea de Ciencia, Tecnolog\u00eda, Ingenier\u00eda y Matem\u00e1tica (STEM)\" \/>\n<meta property=\"og:url\" content=\"https:\/\/www.galileo.edu\/page\/gracias-educafest-2023\/\" \/>\n<meta property=\"og:site_name\" content=\"Universidad Galileo\" \/>\n<meta property=\"article:modified_time\" content=\"2023-08-25T22:36:57+00:00\" \/>\n<meta property=\"og:image\" content=\"http:\/\/www.galileo.edu\/page\/wp-content\/uploads\/2023\/08\/Evento-Educafest.png\" \/>\n\t<meta property=\"og:image:width\" content=\"554\" \/>\n\t<meta property=\"og:image:height\" content=\"674\" \/>\n\t<meta property=\"og:image:type\" content=\"image\/png\" \/>\n<meta name=\"twitter:card\" content=\"summary_large_image\" \/>\n<meta name=\"twitter:label1\" content=\"Est. reading time\" \/>\n\t<meta name=\"twitter:data1\" content=\"3 minutes\" \/>\n<script type=\"application\/ld+json\" class=\"yoast-schema-graph\">{\"@context\":\"https:\/\/schema.org\",\"@graph\":[{\"@type\":\"WebPage\",\"@id\":\"https:\/\/www.galileo.edu\/page\/gracias-educafest-2023\/\",\"url\":\"https:\/\/www.galileo.edu\/page\/gracias-educafest-2023\/\",\"name\":\"EDUCAFEST 2023\",\"isPartOf\":{\"@id\":\"https:\/\/www.galileo.edu\/page\/#website\"},\"datePublished\":\"2023-08-25T22:36:07+00:00\",\"dateModified\":\"2023-08-25T22:36:57+00:00\",\"description\":\"A trav\u00e9s de esta p\u00e1gina podr\u00e1s conocer las oportunidades que Universidad Galileo te brinda de forma gratuita para impulsar tus conocimientos en el \u00e1rea de Ciencia, Tecnolog\u00eda, Ingenier\u00eda y Matem\u00e1tica (STEM)\",\"breadcrumb\":{\"@id\":\"https:\/\/www.galileo.edu\/page\/gracias-educafest-2023\/#breadcrumb\"},\"inLanguage\":\"en-US\",\"potentialAction\":[{\"@type\":\"ReadAction\",\"target\":[\"https:\/\/www.galileo.edu\/page\/gracias-educafest-2023\/\"]}]},{\"@type\":\"BreadcrumbList\",\"@id\":\"https:\/\/www.galileo.edu\/page\/gracias-educafest-2023\/#breadcrumb\",\"itemListElement\":[{\"@type\":\"ListItem\",\"position\":1,\"name\":\"Home\",\"item\":\"https:\/\/www.galileo.edu\/page\/home\/\"},{\"@type\":\"ListItem\",\"position\":2,\"name\":\"Gracias por tu registro al EDUCAFEST 2023\"}]},{\"@type\":\"WebSite\",\"@id\":\"https:\/\/www.galileo.edu\/page\/#website\",\"url\":\"https:\/\/www.galileo.edu\/page\/\",\"name\":\"Universidad Galileo\",\"description\":\"La revoluci\u00f3n en la educaci\u00f3n\",\"potentialAction\":[{\"@type\":\"SearchAction\",\"target\":{\"@type\":\"EntryPoint\",\"urlTemplate\":\"https:\/\/www.galileo.edu\/page\/?s={search_term_string}\"},\"query-input\":\"required name=search_term_string\"}],\"inLanguage\":\"en-US\"}]}<\/script>\n<!-- \/ Yoast SEO plugin. -->","yoast_head_json":{"title":"EDUCAFEST 2023","description":"A trav\u00e9s de esta p\u00e1gina podr\u00e1s conocer las oportunidades que Universidad Galileo te brinda de forma gratuita para impulsar tus conocimientos en el \u00e1rea de Ciencia, Tecnolog\u00eda, Ingenier\u00eda y Matem\u00e1tica (STEM)","robots":{"index":"index","follow":"follow","max-snippet":"max-snippet:-1","max-image-preview":"max-image-preview:large","max-video-preview":"max-video-preview:-1"},"canonical":"https:\/\/www.galileo.edu\/page\/gracias-educafest-2023\/","og_locale":"en_US","og_type":"article","og_title":"EDUCAFEST 2023","og_description":"A trav\u00e9s de esta p\u00e1gina podr\u00e1s conocer las oportunidades que Universidad Galileo te brinda de forma gratuita para impulsar tus conocimientos en el \u00e1rea de Ciencia, Tecnolog\u00eda, Ingenier\u00eda y Matem\u00e1tica (STEM)","og_url":"https:\/\/www.galileo.edu\/page\/gracias-educafest-2023\/","og_site_name":"Universidad Galileo","article_modified_time":"2023-08-25T22:36:57+00:00","og_image":[{"width":554,"height":674,"url":"http:\/\/www.galileo.edu\/page\/wp-content\/uploads\/2023\/08\/Evento-Educafest.png","type":"image\/png"}],"twitter_card":"summary_large_image","twitter_misc":{"Est. reading time":"3 minutes"},"schema":{"@context":"https:\/\/schema.org","@graph":[{"@type":"WebPage","@id":"https:\/\/www.galileo.edu\/page\/gracias-educafest-2023\/","url":"https:\/\/www.galileo.edu\/page\/gracias-educafest-2023\/","name":"EDUCAFEST 2023","isPartOf":{"@id":"https:\/\/www.galileo.edu\/page\/#website"},"datePublished":"2023-08-25T22:36:07+00:00","dateModified":"2023-08-25T22:36:57+00:00","description":"A trav\u00e9s de esta p\u00e1gina podr\u00e1s conocer las oportunidades que Universidad Galileo te brinda de forma gratuita para impulsar tus conocimientos en el \u00e1rea de Ciencia, Tecnolog\u00eda, Ingenier\u00eda y Matem\u00e1tica (STEM)","breadcrumb":{"@id":"https:\/\/www.galileo.edu\/page\/gracias-educafest-2023\/#breadcrumb"},"inLanguage":"en-US","potentialAction":[{"@type":"ReadAction","target":["https:\/\/www.galileo.edu\/page\/gracias-educafest-2023\/"]}]},{"@type":"BreadcrumbList","@id":"https:\/\/www.galileo.edu\/page\/gracias-educafest-2023\/#breadcrumb","itemListElement":[{"@type":"ListItem","position":1,"name":"Home","item":"https:\/\/www.galileo.edu\/page\/home\/"},{"@type":"ListItem","position":2,"name":"Gracias por tu registro al EDUCAFEST 2023"}]},{"@type":"WebSite","@id":"https:\/\/www.galileo.edu\/page\/#website","url":"https:\/\/www.galileo.edu\/page\/","name":"Universidad Galileo","description":"La revoluci\u00f3n en la educaci\u00f3n","potentialAction":[{"@type":"SearchAction","target":{"@type":"EntryPoint","urlTemplate":"https:\/\/www.galileo.edu\/page\/?s={search_term_string}"},"query-input":"required name=search_term_string"}],"inLanguage":"en-US"}]}},"_links":{"self":[{"href":"https:\/\/www.galileo.edu\/page\/wp-json\/wp\/v2\/pages\/78468"}],"collection":[{"href":"https:\/\/www.galileo.edu\/page\/wp-json\/wp\/v2\/pages"}],"about":[{"href":"https:\/\/www.galileo.edu\/page\/wp-json\/wp\/v2\/types\/page"}],"author":[{"embeddable":true,"href":"https:\/\/www.galileo.edu\/page\/wp-json\/wp\/v2\/users\/27"}],"replies":[{"embeddable":true,"href":"https:\/\/www.galileo.edu\/page\/wp-json\/wp\/v2\/comments?post=78468"}],"version-history":[{"count":5,"href":"https:\/\/www.galileo.edu\/page\/wp-json\/wp\/v2\/pages\/78468\/revisions"}],"predecessor-version":[{"id":78474,"href":"https:\/\/www.galileo.edu\/page\/wp-json\/wp\/v2\/pages\/78468\/revisions\/78474"}],"wp:featuredmedia":[{"embeddable":true,"href":"https:\/\/www.galileo.edu\/page\/wp-json\/wp\/v2\/media\/78466"}],"wp:attachment":[{"href":"https:\/\/www.galileo.edu\/page\/wp-json\/wp\/v2\/media?parent=78468"}],"curies":[{"name":"wp","href":"https:\/\/api.w.org\/{rel}","templated":true}]}}