{"id":77428,"date":"2023-08-10T18:15:20","date_gmt":"2023-08-10T18:15:20","guid":{"rendered":"https:\/\/www.galileo.edu\/page\/?page_id=77428"},"modified":"2023-08-10T21:04:47","modified_gmt":"2023-08-10T21:04:47","slug":"gracias-registro-webinars-mgdp","status":"publish","type":"page","link":"https:\/\/www.galileo.edu\/page\/gracias-registro-webinars-mgdp\/","title":{"rendered":"Gracias por tu registro a Eventos FISICC"},"content":{"rendered":"<p>[et_pb_section fb_built=&#8221;1&#8243; disabled_on=&#8221;on|on|off&#8221; _builder_version=&#8221;4.21.2&#8243; background_color=&#8221;rgba(128,128,128,0.24)&#8221; use_background_color_gradient=&#8221;on&#8221; background_color_gradient_stops=&#8221;#ffffff 7%|rgba(0,0,0,0.38) 85%&#8221; background_color_gradient_start=&#8221;#ffffff&#8221; background_color_gradient_start_position=&#8221;23%&#8221; background_color_gradient_end=&#8221;rgba(0,0,0,0.15)&#8221; background_image=&#8221;http:\/\/www.galileo.edu\/page\/wp-content\/uploads\/2023\/08\/Fondo-Eventos-FISICC-1.jpg&#8221; background_position=&#8221;top_left&#8221; background_blend=&#8221;multiply&#8221; custom_padding=&#8221;54px|0px|60px|0px|false|false&#8221; hover_enabled=&#8221;0&#8243; global_colors_info=&#8221;{}&#8221; sticky_enabled=&#8221;0&#8243; title_text=&#8221;Fondo-Eventos-FISICC&#8221; background_color_gradient_overlays_image=&#8221;on&#8221;][et_pb_row _builder_version=&#8221;4.16&#8243; background_size=&#8221;initial&#8221; background_position=&#8221;top_left&#8221; background_repeat=&#8221;repeat&#8221; custom_padding=&#8221;0|0px|0|0px|false|false&#8221; global_colors_info=&#8221;{}&#8221;][et_pb_column type=&#8221;4_4&#8243; _builder_version=&#8221;4.16&#8243; custom_padding=&#8221;|||&#8221; global_colors_info=&#8221;{}&#8221; custom_padding__hover=&#8221;|||&#8221;][et_pb_image src=&#8221;http:\/\/www.galileo.edu\/page\/wp-content\/uploads\/2023\/08\/FISICC-C.png&#8221; title_text=&#8221;FISICC-C&#8221; align_tablet=&#8221;center&#8221; align_phone=&#8221;center&#8221; align_last_edited=&#8221;on|desktop&#8221; _builder_version=&#8221;4.21.2&#8243; max_width=&#8221;55%&#8221; max_width_tablet=&#8221;67%&#8221; max_width_phone=&#8221;62%&#8221; max_width_last_edited=&#8221;on|phone&#8221; module_alignment=&#8221;center&#8221; global_colors_info=&#8221;{}&#8221;][\/et_pb_image][\/et_pb_column][\/et_pb_row][et_pb_row _builder_version=&#8221;4.16&#8243; custom_padding=&#8221;27px|0px|0|0px|false|false&#8221; global_colors_info=&#8221;{}&#8221;][et_pb_column type=&#8221;4_4&#8243; _builder_version=&#8221;4.16&#8243; custom_padding=&#8221;|||&#8221; global_colors_info=&#8221;{}&#8221; custom_padding__hover=&#8221;|||&#8221;][et_pb_text _builder_version=&#8221;4.21.2&#8243; text_font=&#8221;||||||||&#8221; header_font=&#8221;Poppins|700|||||||&#8221; header_text_align=&#8221;center&#8221; header_text_color=&#8221;#ffffff&#8221; header_font_size=&#8221;35px&#8221; header_font_size_tablet=&#8221;&#8221; header_font_size_phone=&#8221;32px&#8221; header_font_size_last_edited=&#8221;on|phone&#8221; header_line_height_tablet=&#8221;1.2em&#8221; header_line_height_phone=&#8221;&#8221; header_line_height_last_edited=&#8221;on|phone&#8221; header_text_shadow_style=&#8221;preset3&#8243; header_text_shadow_vertical_length=&#8221;0.04em&#8221; header_text_shadow_blur_strength=&#8221;0.07em&#8221; header_text_shadow_color=&#8221;rgba(0,0,0,0.27)&#8221; global_colors_info=&#8221;{}&#8221;]<\/p>\n<h1>\u00a1Gracias por registrarte!<\/h1>\n<h1>La auditor\u00eda inform\u00e1tica como un aliado en la prevenci\u00f3n de ataques inform\u00e1ticos<\/h1>\n<p>[\/et_pb_text][\/et_pb_column][\/et_pb_row][et_pb_row _builder_version=&#8221;4.16&#8243; custom_padding=&#8221;19px|0px|5px|0px|false|false&#8221; hover_enabled=&#8221;0&#8243; global_colors_info=&#8221;{}&#8221; column_structure=&#8221;1_2,1_2&#8243; sticky_enabled=&#8221;0&#8243;][et_pb_column type=&#8221;1_2&#8243; _builder_version=&#8221;4.16&#8243; custom_padding=&#8221;|||&#8221; global_colors_info=&#8221;{}&#8221; custom_padding__hover=&#8221;|||&#8221;][et_pb_text _builder_version=&#8221;4.21.2&#8243; text_font=&#8221;Poppins|300|||||||&#8221; text_text_color=&#8221;#ffffff&#8221; text_font_size=&#8221;18px&#8221; header_font=&#8221;||||||||&#8221; header_2_font=&#8221;Poppins|300|||||||&#8221; header_2_text_color=&#8221;#80cae5&#8243; text_orientation=&#8221;justified&#8221; hover_enabled=&#8221;0&#8243; text_text_shadow_style=&#8221;preset1&#8243; text_text_shadow_color=&#8221;rgba(0,0,0,0.15)&#8221; global_colors_info=&#8221;{}&#8221; sticky_enabled=&#8221;0&#8243; custom_margin=&#8221;||-8px|||&#8221;]<\/p>\n<p><b>Revisa tu correo electr\u00f3nico.<\/b> En pocos minutos recibir\u00e1s el enlace para unirte a la conferencia. Si no recibes el correo con la informaci\u00f3n de parte de Universidad Galileo en los pr\u00f3ximos minutos,<b> busca en tus otras carpetas de correo como \u201cPromociones\u201d, \u201cNotificaciones\u201d o \u201cNewsletter\u201d, o bien en \u201cNo deseado\u201d o \u201cSpam\u201d, algunas veces se filtran all\u00ed<\/b>. Si no te llega el correo electr\u00f3nico, puede ser que escribiste mal tu email, por lo que te pedimos que vuelvas a llenar tus datos en la p\u00e1gina anterior a esta y revisa que est\u00e9n bien escritos.<\/p>\n<p>[\/et_pb_text][\/et_pb_column][et_pb_column type=&#8221;1_2&#8243; _builder_version=&#8221;4.16&#8243; custom_padding=&#8221;|||&#8221; global_colors_info=&#8221;{}&#8221; custom_padding__hover=&#8221;|||&#8221;][et_pb_image src=&#8221;http:\/\/www.galileo.edu\/page\/wp-content\/uploads\/2023\/08\/Fecha-Blanco.png&#8221; _builder_version=&#8221;4.21.2&#8243; _module_preset=&#8221;default&#8221; hover_enabled=&#8221;0&#8243; sticky_enabled=&#8221;0&#8243; title_text=&#8221;Fecha-Blanco&#8221;][\/et_pb_image][\/et_pb_column][\/et_pb_row][\/et_pb_section][et_pb_section fb_built=&#8221;1&#8243; disabled_on=&#8221;off|off|on&#8221; _builder_version=&#8221;4.21.2&#8243; use_background_color_gradient=&#8221;on&#8221; background_color_gradient_stops=&#8221;#4364af 20%|#223a7d 91%&#8221; background_color_gradient_start=&#8221;#3F88C8&#8243; background_color_gradient_start_position=&#8221;20%&#8221; background_color_gradient_end=&#8221;#045177&#8243; background_color_gradient_end_position=&#8221;90%&#8221; background_size=&#8221;initial&#8221; background_position=&#8221;top_center&#8221; background_blend=&#8221;multiply&#8221; custom_padding=&#8221;54px|0px|60px|0px|false|false&#8221; global_colors_info=&#8221;{}&#8221;][et_pb_row _builder_version=&#8221;4.16&#8243; background_size=&#8221;initial&#8221; background_position=&#8221;top_left&#8221; background_repeat=&#8221;repeat&#8221; custom_padding=&#8221;0|0px|0|0px|false|false&#8221; global_colors_info=&#8221;{}&#8221;][et_pb_column type=&#8221;4_4&#8243; _builder_version=&#8221;4.16&#8243; custom_padding=&#8221;|||&#8221; global_colors_info=&#8221;{}&#8221; custom_padding__hover=&#8221;|||&#8221;][et_pb_image src=&#8221;http:\/\/www.galileo.edu\/page\/wp-content\/uploads\/2023\/08\/FISICC-C.png&#8221; title_text=&#8221;FISICC-C&#8221; align_tablet=&#8221;center&#8221; align_phone=&#8221;center&#8221; align_last_edited=&#8221;on|desktop&#8221; _builder_version=&#8221;4.21.2&#8243; max_width=&#8221;55%&#8221; max_width_tablet=&#8221;67%&#8221; max_width_phone=&#8221;62%&#8221; max_width_last_edited=&#8221;on|phone&#8221; module_alignment=&#8221;center&#8221; global_colors_info=&#8221;{}&#8221;][\/et_pb_image][\/et_pb_column][\/et_pb_row][et_pb_row _builder_version=&#8221;4.16&#8243; custom_padding=&#8221;27px|0px|0|0px|false|false&#8221; global_colors_info=&#8221;{}&#8221;][et_pb_column type=&#8221;4_4&#8243; _builder_version=&#8221;4.16&#8243; custom_padding=&#8221;|||&#8221; global_colors_info=&#8221;{}&#8221; custom_padding__hover=&#8221;|||&#8221;][et_pb_text _builder_version=&#8221;4.21.2&#8243; text_font=&#8221;||||||||&#8221; header_font=&#8221;Poppins|700|||||||&#8221; header_text_align=&#8221;center&#8221; header_text_color=&#8221;#ffffff&#8221; header_font_size=&#8221;35px&#8221; header_font_size_tablet=&#8221;30px&#8221; header_font_size_phone=&#8221;25px&#8221; header_font_size_last_edited=&#8221;on|desktop&#8221; header_line_height_tablet=&#8221;1.2em&#8221; header_line_height_phone=&#8221;&#8221; header_line_height_last_edited=&#8221;on|phone&#8221; header_text_shadow_style=&#8221;preset3&#8243; header_text_shadow_vertical_length=&#8221;0.04em&#8221; header_text_shadow_blur_strength=&#8221;0.07em&#8221; header_text_shadow_color=&#8221;rgba(0,0,0,0.27)&#8221; global_colors_info=&#8221;{}&#8221;]<\/p>\n<h1>\u00a1Gracias por registrarte!<\/h1>\n<h1>La auditor\u00eda inform\u00e1tica como un aliado en la prevenci\u00f3n de ataques inform\u00e1ticos<\/h1>\n<p>[\/et_pb_text][\/et_pb_column][\/et_pb_row][et_pb_row _builder_version=&#8221;4.16&#8243; custom_padding=&#8221;19px|0px|5px|0px|false|false&#8221; global_colors_info=&#8221;{}&#8221;][et_pb_column type=&#8221;4_4&#8243; _builder_version=&#8221;4.16&#8243; custom_padding=&#8221;|||&#8221; global_colors_info=&#8221;{}&#8221; custom_padding__hover=&#8221;|||&#8221;][et_pb_text _builder_version=&#8221;4.16&#8243; text_font=&#8221;Poppins|300|||||||&#8221; text_text_color=&#8221;#ffffff&#8221; text_font_size=&#8221;18px&#8221; header_font=&#8221;||||||||&#8221; header_2_font=&#8221;Poppins|300|||||||&#8221; header_2_text_color=&#8221;#80cae5&#8243; text_orientation=&#8221;center&#8221; text_text_shadow_style=&#8221;preset1&#8243; text_text_shadow_color=&#8221;rgba(0,0,0,0.15)&#8221; global_colors_info=&#8221;{}&#8221;] <b>Revisa tu correo electr\u00f3nico.<\/b> En pocos minutos recibir\u00e1s el enlace para unirte a la conferencia. Si no recibes el correo con la informaci\u00f3n de parte de Universidad Galileo en los pr\u00f3ximos minutos,<b> busca en tus otras carpetas de correo como \u201cPromociones\u201d, \u201cNotificaciones\u201d o \u201cNewsletter\u201d, o bien en \u201cNo deseado\u201d o \u201cSpam\u201d, algunas veces se filtran all\u00ed<\/b>. Si no te llega el correo electr\u00f3nico, puede ser que escribiste mal tu email, por lo que te pedimos que vuelvas a llenar tus datos en la p\u00e1gina anterior a esta y revisa que est\u00e9n bien escritos. [\/et_pb_text][et_pb_image src=&#8221;http:\/\/www.galileo.edu\/page\/wp-content\/uploads\/2023\/08\/Fecha-Blanco.png&#8221; _builder_version=&#8221;4.21.2&#8243; _module_preset=&#8221;default&#8221; hover_enabled=&#8221;0&#8243; sticky_enabled=&#8221;0&#8243; title_text=&#8221;Fecha-Blanco&#8221; width=&#8221;100%&#8221; max_width=&#8221;75%&#8221; module_alignment=&#8221;center&#8221; max_width_last_edited=&#8221;on|tablet&#8221; max_width_phone=&#8221;95%&#8221; max_width_tablet=&#8221;75%&#8221;][\/et_pb_image][\/et_pb_column][\/et_pb_row][\/et_pb_section][et_pb_section fb_built=&#8221;1&#8243; _builder_version=&#8221;4.21.2&#8243; background_color=&#8221;#233b7d&#8221; custom_padding=&#8221;0|0px|28px|0px|false|false&#8221; hover_enabled=&#8221;0&#8243; global_colors_info=&#8221;{}&#8221; sticky_enabled=&#8221;0&#8243;][et_pb_row column_structure=&#8221;1_4,1_4,1_4,1_4&#8243; _builder_version=&#8221;4.21.2&#8243; max_width=&#8221;1400px&#8221; custom_padding=&#8221;47px|0px|0|0px|false|false&#8221; global_colors_info=&#8221;{}&#8221;][et_pb_column type=&#8221;1_4&#8243; _builder_version=&#8221;4.16&#8243; custom_padding=&#8221;|||&#8221; global_colors_info=&#8221;{}&#8221; custom_padding__hover=&#8221;|||&#8221;][et_pb_blurb title=&#8221;Tel\u00e9fono&#8221; _builder_version=&#8221;4.21.2&#8243; header_font=&#8221;Poppins|700|||||||&#8221; header_text_align=&#8221;center&#8221; header_text_color=&#8221;#ffffff&#8221; body_font=&#8221;Poppins|300|||||||&#8221; body_text_color=&#8221;#ffffff&#8221; text_orientation=&#8221;center&#8221; global_colors_info=&#8221;{}&#8221;]<\/p>\n<p><span style=\"font-weight: 400;\">+502 2423-8000 Ext. 7404<\/span><\/p>\n<p>[\/et_pb_blurb][\/et_pb_column][et_pb_column type=&#8221;1_4&#8243; _builder_version=&#8221;4.16&#8243; custom_padding=&#8221;|||&#8221; global_colors_info=&#8221;{}&#8221; custom_padding__hover=&#8221;|||&#8221;][et_pb_blurb title=&#8221;Correo Electr\u00f3nico&#8221; url_new_window=&#8221;on&#8221; _builder_version=&#8221;4.21.2&#8243; header_font=&#8221;Poppins|700|||||||&#8221; header_text_align=&#8221;center&#8221; header_text_color=&#8221;#ffffff&#8221; body_font=&#8221;Poppins|300|||||||&#8221; body_text_color=&#8221;#ffffff&#8221; text_orientation=&#8221;center&#8221; global_colors_info=&#8221;{}&#8221;]<\/p>\n<p><span style=\"color: #ffffff;\"><a style=\"color: #ffffff;\" href=\"mailto:mgdp@galileo.edu\" target=\"_blank\" rel=\"noopener noreferrer\">mgdp@galileo.edu<\/a><\/span><\/p>\n<p>[\/et_pb_blurb][\/et_pb_column][et_pb_column type=&#8221;1_4&#8243; _builder_version=&#8221;4.16&#8243; custom_padding=&#8221;|||&#8221; global_colors_info=&#8221;{}&#8221; custom_padding__hover=&#8221;|||&#8221;][et_pb_blurb title=&#8221;Direcci\u00f3n&#8221; icon_placement=&#8221;left&#8221; _builder_version=&#8221;4.21.2&#8243; header_font=&#8221;Poppins|700|||||||&#8221; header_text_align=&#8221;center&#8221; header_text_color=&#8221;#ffffff&#8221; body_font=&#8221;Poppins|300|||||||&#8221; body_text_color=&#8221;#ffffff&#8221; global_colors_info=&#8221;{}&#8221;]<\/p>\n<p style=\"text-align: center;\"><span style=\"font-weight: 400;\">Oficina 301, 3er Nivel, Torre I, Campus Central, Universidad Galileo 7a. avenida calle Dr. Eduardo Suger Cofi\u00f1o zona 10<\/span><\/p>\n<p>[\/et_pb_blurb][\/et_pb_column][et_pb_column type=&#8221;1_4&#8243; _builder_version=&#8221;4.16&#8243; custom_padding=&#8221;|||&#8221; global_colors_info=&#8221;{}&#8221; custom_padding__hover=&#8221;|||&#8221;][et_pb_blurb title=&#8221;Admisiones Galileo&#8221; url_new_window=&#8221;on&#8221; _builder_version=&#8221;4.21.2&#8243; header_font=&#8221;Poppins|700|||||||&#8221; header_text_align=&#8221;center&#8221; header_text_color=&#8221;#ffffff&#8221; body_font=&#8221;Poppins|300|||||||&#8221; body_text_color=&#8221;#ffffff&#8221; text_orientation=&#8221;center&#8221; global_colors_info=&#8221;{}&#8221;]<\/p>\n<p><a href=\"https:\/\/www.facebook.com\/admisionesgalileo\" target=\"_blank\" rel=\"noopener noreferrer\"><img decoding=\"async\" loading=\"lazy\" src=\"https:\/\/www.galileo.edu\/page\/wp-content\/uploads\/2023\/06\/Facebook.png\" width=\"45\" height=\"45\" alt=\"\" class=\"wp-image-74790 alignnone size-full\" \/><\/a><\/p>\n<p>[\/et_pb_blurb][\/et_pb_column][\/et_pb_row][et_pb_row column_structure=&#8221;1_2,1_2&#8243; _builder_version=&#8221;4.16&#8243; custom_padding=&#8221;37px|0px|27px|0px|false|false&#8221; global_colors_info=&#8221;{}&#8221;][et_pb_column type=&#8221;1_2&#8243; _builder_version=&#8221;4.16&#8243; custom_padding=&#8221;|||&#8221; global_colors_info=&#8221;{}&#8221; custom_padding__hover=&#8221;|||&#8221;][et_pb_image src=&#8221;http:\/\/www.galileo.edu\/page\/wp-content\/uploads\/2022\/06\/Logo-Galileo_Blanco-4.png&#8221; url=&#8221;https:\/\/www.galileo.edu&#8221; url_new_window=&#8221;on&#8221; align_tablet=&#8221;center&#8221; align_phone=&#8221;center&#8221; align_last_edited=&#8221;on|desktop&#8221; _builder_version=&#8221;4.21.2&#8243; max_width=&#8221;41%&#8221; max_width_tablet=&#8221;31%&#8221; max_width_phone=&#8221;46%&#8221; max_width_last_edited=&#8221;on|phone&#8221; module_alignment=&#8221;center&#8221; global_colors_info=&#8221;{}&#8221;][\/et_pb_image][\/et_pb_column][et_pb_column type=&#8221;1_2&#8243; _builder_version=&#8221;4.16&#8243; custom_padding=&#8221;|||&#8221; global_colors_info=&#8221;{}&#8221; custom_padding__hover=&#8221;|||&#8221;][et_pb_image src=&#8221;http:\/\/www.galileo.edu\/page\/wp-content\/uploads\/2023\/08\/FISICC-C.png&#8221; title_text=&#8221;FISICC-C&#8221; url=&#8221;https:\/\/www.galileo.edu\/fisicc\/&#8221; url_new_window=&#8221;on&#8221; align_tablet=&#8221;center&#8221; align_phone=&#8221;center&#8221; align_last_edited=&#8221;on|desktop&#8221; _builder_version=&#8221;4.21.2&#8243; max_width=&#8221;60%&#8221; max_width_tablet=&#8221;45%&#8221; max_width_phone=&#8221;55%&#8221; max_width_last_edited=&#8221;on|phone&#8221; module_alignment=&#8221;center&#8221; custom_margin=&#8221;10px||||false|false&#8221; global_colors_info=&#8221;{}&#8221;][\/et_pb_image][\/et_pb_column][\/et_pb_row][\/et_pb_section]<\/p>\n","protected":false},"excerpt":{"rendered":"<p>\u00a1Gracias por registrarte! La auditor\u00eda inform\u00e1tica como un aliado en la prevenci\u00f3n de ataques inform\u00e1ticosRevisa tu correo electr\u00f3nico. En pocos minutos recibir\u00e1s el enlace para unirte a la conferencia. Si no recibes el correo con la informaci\u00f3n de parte de Universidad Galileo en los pr\u00f3ximos minutos, busca en tus otras carpetas de correo como \u201cPromociones\u201d, [&hellip;]<\/p>\n","protected":false},"author":27,"featured_media":77245,"parent":0,"menu_order":0,"comment_status":"closed","ping_status":"closed","template":"page-template-blank.php","meta":{"_et_pb_use_builder":"on","_et_pb_old_content":"","_et_gb_content_width":""},"yoast_head":"<!-- This site is optimized with the Yoast SEO plugin v20.13 - https:\/\/yoast.com\/wordpress\/plugins\/seo\/ -->\n<title>Eventos FISICC<\/title>\n<meta name=\"description\" content=\"\u00danete a la serie de eventos organizados a trav\u00e9s de las carreras de postgrado Maestr\u00eda en Gesti\u00f3n y Direcci\u00f3n de Proyectos, Maestr\u00eda en Gesti\u00f3n del Cambio Digital y el Postgrado en Auditor\u00eda de Sistemas de Universidad Galileo, en donde expondremos una serie de temas innovadores relacionados a las mismas.\" \/>\n<meta name=\"robots\" content=\"index, follow, max-snippet:-1, max-image-preview:large, max-video-preview:-1\" \/>\n<link rel=\"canonical\" href=\"https:\/\/www.galileo.edu\/page\/gracias-registro-webinars-mgdp\/\" \/>\n<meta property=\"og:locale\" content=\"en_US\" \/>\n<meta property=\"og:type\" content=\"article\" \/>\n<meta property=\"og:title\" content=\"Eventos FISICC\" \/>\n<meta property=\"og:description\" content=\"\u00danete a la serie de eventos organizados a trav\u00e9s de las carreras de postgrado Maestr\u00eda en Gesti\u00f3n y Direcci\u00f3n de Proyectos, Maestr\u00eda en Gesti\u00f3n del Cambio Digital y el Postgrado en Auditor\u00eda de Sistemas de Universidad Galileo, en donde expondremos una serie de temas innovadores relacionados a las mismas.\" \/>\n<meta property=\"og:url\" content=\"https:\/\/www.galileo.edu\/page\/gracias-registro-webinars-mgdp\/\" \/>\n<meta property=\"og:site_name\" content=\"Universidad Galileo\" \/>\n<meta property=\"article:modified_time\" content=\"2023-08-10T21:04:47+00:00\" \/>\n<meta property=\"og:image\" content=\"http:\/\/www.galileo.edu\/page\/wp-content\/uploads\/2023\/08\/Auditoria_1-Evento.jpg\" \/>\n\t<meta property=\"og:image:width\" content=\"554\" \/>\n\t<meta property=\"og:image:height\" content=\"674\" \/>\n\t<meta property=\"og:image:type\" content=\"image\/jpeg\" \/>\n<meta name=\"twitter:card\" content=\"summary_large_image\" \/>\n<meta name=\"twitter:label1\" content=\"Est. reading time\" \/>\n\t<meta name=\"twitter:data1\" content=\"3 minutes\" \/>\n<script type=\"application\/ld+json\" class=\"yoast-schema-graph\">{\"@context\":\"https:\/\/schema.org\",\"@graph\":[{\"@type\":\"WebPage\",\"@id\":\"https:\/\/www.galileo.edu\/page\/gracias-registro-webinars-mgdp\/\",\"url\":\"https:\/\/www.galileo.edu\/page\/gracias-registro-webinars-mgdp\/\",\"name\":\"Eventos FISICC\",\"isPartOf\":{\"@id\":\"https:\/\/www.galileo.edu\/page\/#website\"},\"datePublished\":\"2023-08-10T18:15:20+00:00\",\"dateModified\":\"2023-08-10T21:04:47+00:00\",\"description\":\"\u00danete a la serie de eventos organizados a trav\u00e9s de las carreras de postgrado Maestr\u00eda en Gesti\u00f3n y Direcci\u00f3n de Proyectos, Maestr\u00eda en Gesti\u00f3n del Cambio Digital y el Postgrado en Auditor\u00eda de Sistemas de Universidad Galileo, en donde expondremos una serie de temas innovadores relacionados a las mismas.\",\"breadcrumb\":{\"@id\":\"https:\/\/www.galileo.edu\/page\/gracias-registro-webinars-mgdp\/#breadcrumb\"},\"inLanguage\":\"en-US\",\"potentialAction\":[{\"@type\":\"ReadAction\",\"target\":[\"https:\/\/www.galileo.edu\/page\/gracias-registro-webinars-mgdp\/\"]}]},{\"@type\":\"BreadcrumbList\",\"@id\":\"https:\/\/www.galileo.edu\/page\/gracias-registro-webinars-mgdp\/#breadcrumb\",\"itemListElement\":[{\"@type\":\"ListItem\",\"position\":1,\"name\":\"Home\",\"item\":\"https:\/\/www.galileo.edu\/page\/home\/\"},{\"@type\":\"ListItem\",\"position\":2,\"name\":\"Gracias por tu registro a Eventos FISICC\"}]},{\"@type\":\"WebSite\",\"@id\":\"https:\/\/www.galileo.edu\/page\/#website\",\"url\":\"https:\/\/www.galileo.edu\/page\/\",\"name\":\"Universidad Galileo\",\"description\":\"La revoluci\u00f3n en la educaci\u00f3n\",\"potentialAction\":[{\"@type\":\"SearchAction\",\"target\":{\"@type\":\"EntryPoint\",\"urlTemplate\":\"https:\/\/www.galileo.edu\/page\/?s={search_term_string}\"},\"query-input\":\"required name=search_term_string\"}],\"inLanguage\":\"en-US\"}]}<\/script>\n<!-- \/ Yoast SEO plugin. -->","yoast_head_json":{"title":"Eventos FISICC","description":"\u00danete a la serie de eventos organizados a trav\u00e9s de las carreras de postgrado Maestr\u00eda en Gesti\u00f3n y Direcci\u00f3n de Proyectos, Maestr\u00eda en Gesti\u00f3n del Cambio Digital y el Postgrado en Auditor\u00eda de Sistemas de Universidad Galileo, en donde expondremos una serie de temas innovadores relacionados a las mismas.","robots":{"index":"index","follow":"follow","max-snippet":"max-snippet:-1","max-image-preview":"max-image-preview:large","max-video-preview":"max-video-preview:-1"},"canonical":"https:\/\/www.galileo.edu\/page\/gracias-registro-webinars-mgdp\/","og_locale":"en_US","og_type":"article","og_title":"Eventos FISICC","og_description":"\u00danete a la serie de eventos organizados a trav\u00e9s de las carreras de postgrado Maestr\u00eda en Gesti\u00f3n y Direcci\u00f3n de Proyectos, Maestr\u00eda en Gesti\u00f3n del Cambio Digital y el Postgrado en Auditor\u00eda de Sistemas de Universidad Galileo, en donde expondremos una serie de temas innovadores relacionados a las mismas.","og_url":"https:\/\/www.galileo.edu\/page\/gracias-registro-webinars-mgdp\/","og_site_name":"Universidad Galileo","article_modified_time":"2023-08-10T21:04:47+00:00","og_image":[{"width":554,"height":674,"url":"http:\/\/www.galileo.edu\/page\/wp-content\/uploads\/2023\/08\/Auditoria_1-Evento.jpg","type":"image\/jpeg"}],"twitter_card":"summary_large_image","twitter_misc":{"Est. reading time":"3 minutes"},"schema":{"@context":"https:\/\/schema.org","@graph":[{"@type":"WebPage","@id":"https:\/\/www.galileo.edu\/page\/gracias-registro-webinars-mgdp\/","url":"https:\/\/www.galileo.edu\/page\/gracias-registro-webinars-mgdp\/","name":"Eventos FISICC","isPartOf":{"@id":"https:\/\/www.galileo.edu\/page\/#website"},"datePublished":"2023-08-10T18:15:20+00:00","dateModified":"2023-08-10T21:04:47+00:00","description":"\u00danete a la serie de eventos organizados a trav\u00e9s de las carreras de postgrado Maestr\u00eda en Gesti\u00f3n y Direcci\u00f3n de Proyectos, Maestr\u00eda en Gesti\u00f3n del Cambio Digital y el Postgrado en Auditor\u00eda de Sistemas de Universidad Galileo, en donde expondremos una serie de temas innovadores relacionados a las mismas.","breadcrumb":{"@id":"https:\/\/www.galileo.edu\/page\/gracias-registro-webinars-mgdp\/#breadcrumb"},"inLanguage":"en-US","potentialAction":[{"@type":"ReadAction","target":["https:\/\/www.galileo.edu\/page\/gracias-registro-webinars-mgdp\/"]}]},{"@type":"BreadcrumbList","@id":"https:\/\/www.galileo.edu\/page\/gracias-registro-webinars-mgdp\/#breadcrumb","itemListElement":[{"@type":"ListItem","position":1,"name":"Home","item":"https:\/\/www.galileo.edu\/page\/home\/"},{"@type":"ListItem","position":2,"name":"Gracias por tu registro a Eventos FISICC"}]},{"@type":"WebSite","@id":"https:\/\/www.galileo.edu\/page\/#website","url":"https:\/\/www.galileo.edu\/page\/","name":"Universidad Galileo","description":"La revoluci\u00f3n en la educaci\u00f3n","potentialAction":[{"@type":"SearchAction","target":{"@type":"EntryPoint","urlTemplate":"https:\/\/www.galileo.edu\/page\/?s={search_term_string}"},"query-input":"required name=search_term_string"}],"inLanguage":"en-US"}]}},"_links":{"self":[{"href":"https:\/\/www.galileo.edu\/page\/wp-json\/wp\/v2\/pages\/77428"}],"collection":[{"href":"https:\/\/www.galileo.edu\/page\/wp-json\/wp\/v2\/pages"}],"about":[{"href":"https:\/\/www.galileo.edu\/page\/wp-json\/wp\/v2\/types\/page"}],"author":[{"embeddable":true,"href":"https:\/\/www.galileo.edu\/page\/wp-json\/wp\/v2\/users\/27"}],"replies":[{"embeddable":true,"href":"https:\/\/www.galileo.edu\/page\/wp-json\/wp\/v2\/comments?post=77428"}],"version-history":[{"count":11,"href":"https:\/\/www.galileo.edu\/page\/wp-json\/wp\/v2\/pages\/77428\/revisions"}],"predecessor-version":[{"id":77529,"href":"https:\/\/www.galileo.edu\/page\/wp-json\/wp\/v2\/pages\/77428\/revisions\/77529"}],"wp:featuredmedia":[{"embeddable":true,"href":"https:\/\/www.galileo.edu\/page\/wp-json\/wp\/v2\/media\/77245"}],"wp:attachment":[{"href":"https:\/\/www.galileo.edu\/page\/wp-json\/wp\/v2\/media?parent=77428"}],"curies":[{"name":"wp","href":"https:\/\/api.w.org\/{rel}","templated":true}]}}