{"id":69791,"date":"2023-03-06T14:53:26","date_gmt":"2023-03-06T14:53:26","guid":{"rendered":"https:\/\/www.galileo.edu\/page\/?page_id=69791"},"modified":"2023-03-06T21:42:01","modified_gmt":"2023-03-06T21:42:01","slug":"gracias-registro-curso-visualizacion-datos-narracion-datos","status":"publish","type":"page","link":"https:\/\/www.galileo.edu\/page\/gracias-registro-curso-visualizacion-datos-narracion-datos\/","title":{"rendered":"Gracias! Por inscribirte al Curso: Visualizaci\u00f3n de datos y narraci\u00f3n de datos: impulsar la exploraci\u00f3n de datos con an\u00e1lisis visuales interactivos"},"content":{"rendered":"<p>[et_pb_section fb_built=&#8221;1&#8243; fullwidth=&#8221;on&#8221; custom_padding_last_edited=&#8221;on|desktop&#8221; _builder_version=&#8221;3.2.2&#8243; background_color=&#8221;#ffffff&#8221; custom_margin=&#8221;|||&#8221; custom_margin_last_edited=&#8221;off|desktop&#8221; custom_padding=&#8221;0px|0px|9px|0px|false|false&#8221; custom_padding_phone=&#8221;0px|0px|12px|0px|false|false&#8221; animation_style=&#8221;fade&#8221;][et_pb_fullwidth_menu menu_id=&#8221;17&#8243; submenu_direction=&#8221;downwards&#8221; fullwidth_menu=&#8221;on&#8221; disabled_on=&#8221;on|off|off&#8221; _builder_version=&#8221;3.2.2&#8243; background_image=&#8221;http:\/\/www.galileo.edu\/page\/wp-content\/uploads\/2022\/08\/logo-galileo-01-2-2.png&#8221; background_size=&#8221;contain&#8221; background_position=&#8221;bottom_left&#8221; text_orientation=&#8221;right&#8221; custom_margin=&#8221;|5%||7%&#8221; custom_margin_last_edited=&#8221;on|desktop&#8221; custom_padding=&#8221;|||&#8221; custom_padding_last_edited=&#8221;off|desktop&#8221;][\/et_pb_fullwidth_menu][\/et_pb_section][et_pb_section fb_built=&#8221;1&#8243; _builder_version=&#8221;3.2.2&#8243; background_image=&#8221;http:\/\/www.galileo.edu\/page\/wp-content\/uploads\/2023\/03\/Fondo-1.jpg&#8221; parallax=&#8221;on&#8221;][et_pb_row _builder_version=&#8221;3.2.2&#8243;][et_pb_column type=&#8221;2_3&#8243; _builder_version=&#8221;3.2.2&#8243; parallax=&#8221;off&#8221; parallax_method=&#8221;on&#8221;][et_pb_text _builder_version=&#8221;3.2.2&#8243; header_font=&#8221;Poppins|700|||||||&#8221; header_text_color=&#8221;#b89958&#8243; header_4_font=&#8221;Poppins||||||||&#8221; header_4_text_color=&#8221;#ffffff&#8221; header_4_line_height=&#8221;1.4em&#8221; header_5_font=&#8221;Poppins||||||||&#8221; header_5_text_color=&#8221;#ffffff&#8221; header_5_font_size=&#8221;14px&#8221; header_5_line_height=&#8221;1.5em&#8221; header_5_text_shadow_style=&#8221;preset2&#8243; custom_margin=&#8221;|194px||-45px&#8221;]<\/p>\n<h1><strong>Gracias por inscribirte al curso de\u00a0<\/strong><span style=\"color: #ffffff;\"><strong>Visualizaci\u00f3n de datos y narraci\u00f3n de datos:<\/strong> Impulsar la exploraci\u00f3n de datos con an\u00e1lisis visuales interactivos<\/span><\/h1>\n<h5><b><\/b><\/h5>\n<h5><b>Revisa tu correo electr\u00f3nico.<\/b><span>\u00a0En pocos minutos recibir\u00e1s la informaci\u00f3n que solicitaste.<\/span><\/h5>\n<h5><span>Si no recibes el correo con la informaci\u00f3n de parte de Universidad Galileo en los pr\u00f3ximos minutos,<\/span><b><span>\u00a0<\/span>busca en tus otras carpetas de correo como \u201cPromociones\u201d, \u201cNotificaciones\u201d o \u201cNewsletter\u201d, o bien en \u201cNo deseado\u201d o \u201cSpam\u201d, algunas veces se filtran all\u00ed<\/b><span>. Si no te llega el correo electr\u00f3nico, puede ser que escribiste mal tu email, por lo que te pedimos que vuelvas a llenar tus datos en la p\u00e1gina anterior a esta y revisa que est\u00e9n bien escritos.<\/span><\/h5>\n<h5><span><a href=\"https:\/\/www.facebook.com\/admisionesgalileo\" target=\"_blank\" rel=\"noopener noreferrer\">Ahora ingresa a Admisiones Galileo y s\u00edguenos.<\/a><\/span><\/h5>\n<h5>Si deseas resolver tus dudas o recibir ayuda en tu proceso de inscripci\u00f3n, comun\u00edcate. \u00a1Ser\u00e1 un gusto atenderte como te mereces!<\/h5>\n<p>[\/et_pb_text][\/et_pb_column][et_pb_column type=&#8221;1_3&#8243; _builder_version=&#8221;3.2.2&#8243; parallax=&#8221;off&#8221; parallax_method=&#8221;on&#8221;][et_pb_image src=&#8221;http:\/\/www.galileo.edu\/page\/wp-content\/uploads\/2023\/03\/Portada.gif&#8221; _builder_version=&#8221;3.2.2&#8243; custom_margin=&#8221;-81px|-476px|-81px|-171px&#8221;][\/et_pb_image][\/et_pb_column][\/et_pb_row][\/et_pb_section][et_pb_section fb_built=&#8221;1&#8243; _builder_version=&#8221;3.2.2&#8243; background_color=&#8221;#000000&#8243; custom_padding=&#8221;54px|0px|0|0px|false|false&#8221; collapsed=&#8221;on&#8221;][et_pb_row custom_padding=&#8221;27px|0px|54px|0px|false|false&#8221; _builder_version=&#8221;3.2.2&#8243;][et_pb_column type=&#8221;1_4&#8243; _builder_version=&#8221;3.0.47&#8243; parallax=&#8221;off&#8221; parallax_method=&#8221;on&#8221;][et_pb_blurb title=&#8221;PBX&#8221; image=&#8221;http:\/\/www.galileo.edu\/page\/wp-content\/uploads\/2019\/05\/telephone.png&#8221; image_max_width=&#8221;25%&#8221; _builder_version=&#8221;3.2.2&#8243; header_font=&#8221;||||||||&#8221; header_text_align=&#8221;center&#8221; header_text_color=&#8221;#ffffff&#8221; body_font=&#8221;||||||||&#8221; body_text_align=&#8221;center&#8221; body_text_color=&#8221;#ffffff&#8221; text_orientation=&#8221;center&#8221;]<\/p>\n<p style=\"text-align: center;\">+502 2423-8020<\/p>\n<p>[\/et_pb_blurb][\/et_pb_column][et_pb_column type=&#8221;1_4&#8243; _builder_version=&#8221;3.0.47&#8243; parallax=&#8221;off&#8221; parallax_method=&#8221;on&#8221;][et_pb_blurb title=&#8221;Correo electr\u00f3nico&#8221; image=&#8221;http:\/\/www.galileo.edu\/page\/wp-content\/uploads\/2019\/05\/mail-1.png&#8221; image_max_width=&#8221;25%&#8221; _builder_version=&#8221;3.2.2&#8243; header_font=&#8221;||||||||&#8221; header_text_align=&#8221;center&#8221; header_text_color=&#8221;#ffffff&#8221; body_font=&#8221;||||||||&#8221; body_text_align=&#8221;center&#8221; body_text_color=&#8221;#ffffff&#8221; text_orientation=&#8221;center&#8221;]<\/p>\n<p style=\"text-align: center;\"><a href=\"mailto:facultad-de-administracion@galileo.edu\">facultad-de-administracion@galileo.edu<\/a><\/p>\n<p>[\/et_pb_blurb][\/et_pb_column][et_pb_column type=&#8221;1_4&#8243; _builder_version=&#8221;3.0.47&#8243; parallax=&#8221;off&#8221; parallax_method=&#8221;on&#8221;][et_pb_blurb title=&#8221;Direcci\u00f3n&#8221; image=&#8221;http:\/\/www.galileo.edu\/page\/wp-content\/uploads\/2019\/05\/placeholder-1.png&#8221; image_max_width=&#8221;25%&#8221; _builder_version=&#8221;3.2.2&#8243; header_font=&#8221;||||||||&#8221; header_text_align=&#8221;center&#8221; header_text_color=&#8221;#ffffff&#8221; body_font=&#8221;||||||||&#8221; body_text_align=&#8221;center&#8221; body_text_color=&#8221;#ffffff&#8221; text_orientation=&#8221;center&#8221;] 7a ave calle Dr. Eduardo Suger Cofi\u00f1o zona 10, campus central Universidad Galileo. [\/et_pb_blurb][\/et_pb_column][et_pb_column type=&#8221;1_4&#8243; _builder_version=&#8221;3.0.47&#8243; parallax=&#8221;off&#8221; parallax_method=&#8221;on&#8221;][et_pb_image src=&#8221;http:\/\/www.galileo.edu\/page\/wp-content\/uploads\/2022\/10\/Blanco_Logo-Galileo-sin-slogan-1.png&#8221; _builder_version=&#8221;3.2.2&#8243; max_width=&#8221;91%&#8221; max_width_tablet=&#8221;67%&#8221; max_width_phone=&#8221;58%&#8221; max_width_last_edited=&#8221;on|phone&#8221; custom_margin=&#8221;63px|||&#8221; custom_margin_phone=&#8221;18px|||&#8221; custom_margin_last_edited=&#8221;on|phone&#8221;][\/et_pb_image][\/et_pb_column][\/et_pb_row][\/et_pb_section]<\/p>\n","protected":false},"excerpt":{"rendered":"<p>Gracias por inscribirte al curso de\u00a0Visualizaci\u00f3n de datos y narraci\u00f3n de datos: Impulsar la exploraci\u00f3n de datos con an\u00e1lisis visuales interactivos Revisa tu correo electr\u00f3nico.\u00a0En pocos minutos recibir\u00e1s la informaci\u00f3n que solicitaste. Si no recibes el correo con la informaci\u00f3n de parte de Universidad Galileo en los pr\u00f3ximos minutos,\u00a0busca en tus otras carpetas de correo [&hellip;]<\/p>\n","protected":false},"author":10,"featured_media":58536,"parent":0,"menu_order":0,"comment_status":"closed","ping_status":"closed","template":"page-template-blank.php","meta":{"_et_pb_use_builder":"on","_et_pb_old_content":"","_et_gb_content_width":""},"yoast_head":"<!-- This site is optimized with the Yoast SEO plugin v20.13 - https:\/\/yoast.com\/wordpress\/plugins\/seo\/ -->\n<title>Curso Visualizaci\u00f3n de datos y narraci\u00f3n de datos<\/title>\n<meta name=\"description\" content=\"Curso Visualizaci\u00f3n de datos y narraci\u00f3n de datos: impulsar la exploraci\u00f3n de datos con an\u00e1lisis visuales interactivos.\" \/>\n<meta name=\"robots\" content=\"index, follow, max-snippet:-1, max-image-preview:large, max-video-preview:-1\" \/>\n<link rel=\"canonical\" href=\"https:\/\/www.galileo.edu\/page\/gracias-registro-curso-visualizacion-datos-narracion-datos\/\" \/>\n<meta property=\"og:locale\" content=\"en_US\" \/>\n<meta property=\"og:type\" content=\"article\" \/>\n<meta property=\"og:title\" content=\"Curso Visualizaci\u00f3n de datos y narraci\u00f3n de datos\" \/>\n<meta property=\"og:description\" content=\"Curso Visualizaci\u00f3n de datos y narraci\u00f3n de datos: impulsar la exploraci\u00f3n de datos con an\u00e1lisis visuales interactivos.\" \/>\n<meta property=\"og:url\" content=\"https:\/\/www.galileo.edu\/page\/gracias-registro-curso-visualizacion-datos-narracion-datos\/\" \/>\n<meta property=\"og:site_name\" content=\"Universidad Galileo\" \/>\n<meta property=\"article:modified_time\" content=\"2023-03-06T21:42:01+00:00\" \/>\n<meta property=\"og:image\" content=\"https:\/\/www.galileo.edu\/page\/wp-content\/uploads\/2022\/09\/pre-u-post-01.jpg\" \/>\n\t<meta property=\"og:image:width\" content=\"1200\" \/>\n\t<meta property=\"og:image:height\" content=\"1200\" \/>\n\t<meta property=\"og:image:type\" content=\"image\/jpeg\" \/>\n<meta name=\"twitter:card\" content=\"summary_large_image\" \/>\n<meta name=\"twitter:label1\" content=\"Est. reading time\" \/>\n\t<meta name=\"twitter:data1\" content=\"4 minutes\" \/>\n<script type=\"application\/ld+json\" class=\"yoast-schema-graph\">{\"@context\":\"https:\/\/schema.org\",\"@graph\":[{\"@type\":\"WebPage\",\"@id\":\"https:\/\/www.galileo.edu\/page\/gracias-registro-curso-visualizacion-datos-narracion-datos\/\",\"url\":\"https:\/\/www.galileo.edu\/page\/gracias-registro-curso-visualizacion-datos-narracion-datos\/\",\"name\":\"Curso Visualizaci\u00f3n de datos y narraci\u00f3n de datos\",\"isPartOf\":{\"@id\":\"https:\/\/www.galileo.edu\/page\/#website\"},\"datePublished\":\"2023-03-06T14:53:26+00:00\",\"dateModified\":\"2023-03-06T21:42:01+00:00\",\"description\":\"Curso Visualizaci\u00f3n de datos y narraci\u00f3n de datos: impulsar la exploraci\u00f3n de datos con an\u00e1lisis visuales interactivos.\",\"breadcrumb\":{\"@id\":\"https:\/\/www.galileo.edu\/page\/gracias-registro-curso-visualizacion-datos-narracion-datos\/#breadcrumb\"},\"inLanguage\":\"en-US\",\"potentialAction\":[{\"@type\":\"ReadAction\",\"target\":[\"https:\/\/www.galileo.edu\/page\/gracias-registro-curso-visualizacion-datos-narracion-datos\/\"]}]},{\"@type\":\"BreadcrumbList\",\"@id\":\"https:\/\/www.galileo.edu\/page\/gracias-registro-curso-visualizacion-datos-narracion-datos\/#breadcrumb\",\"itemListElement\":[{\"@type\":\"ListItem\",\"position\":1,\"name\":\"Home\",\"item\":\"https:\/\/www.galileo.edu\/page\/home\/\"},{\"@type\":\"ListItem\",\"position\":2,\"name\":\"Gracias! Por inscribirte al Curso: Visualizaci\u00f3n de datos y narraci\u00f3n de datos: impulsar la exploraci\u00f3n de datos con an\u00e1lisis visuales interactivos\"}]},{\"@type\":\"WebSite\",\"@id\":\"https:\/\/www.galileo.edu\/page\/#website\",\"url\":\"https:\/\/www.galileo.edu\/page\/\",\"name\":\"Universidad Galileo\",\"description\":\"La revoluci\u00f3n en la educaci\u00f3n\",\"potentialAction\":[{\"@type\":\"SearchAction\",\"target\":{\"@type\":\"EntryPoint\",\"urlTemplate\":\"https:\/\/www.galileo.edu\/page\/?s={search_term_string}\"},\"query-input\":\"required name=search_term_string\"}],\"inLanguage\":\"en-US\"}]}<\/script>\n<!-- \/ Yoast SEO plugin. -->","yoast_head_json":{"title":"Curso Visualizaci\u00f3n de datos y narraci\u00f3n de datos","description":"Curso Visualizaci\u00f3n de datos y narraci\u00f3n de datos: impulsar la exploraci\u00f3n de datos con an\u00e1lisis visuales interactivos.","robots":{"index":"index","follow":"follow","max-snippet":"max-snippet:-1","max-image-preview":"max-image-preview:large","max-video-preview":"max-video-preview:-1"},"canonical":"https:\/\/www.galileo.edu\/page\/gracias-registro-curso-visualizacion-datos-narracion-datos\/","og_locale":"en_US","og_type":"article","og_title":"Curso Visualizaci\u00f3n de datos y narraci\u00f3n de datos","og_description":"Curso Visualizaci\u00f3n de datos y narraci\u00f3n de datos: impulsar la exploraci\u00f3n de datos con an\u00e1lisis visuales interactivos.","og_url":"https:\/\/www.galileo.edu\/page\/gracias-registro-curso-visualizacion-datos-narracion-datos\/","og_site_name":"Universidad Galileo","article_modified_time":"2023-03-06T21:42:01+00:00","og_image":[{"width":1200,"height":1200,"url":"https:\/\/www.galileo.edu\/page\/wp-content\/uploads\/2022\/09\/pre-u-post-01.jpg","type":"image\/jpeg"}],"twitter_card":"summary_large_image","twitter_misc":{"Est. reading time":"4 minutes"},"schema":{"@context":"https:\/\/schema.org","@graph":[{"@type":"WebPage","@id":"https:\/\/www.galileo.edu\/page\/gracias-registro-curso-visualizacion-datos-narracion-datos\/","url":"https:\/\/www.galileo.edu\/page\/gracias-registro-curso-visualizacion-datos-narracion-datos\/","name":"Curso Visualizaci\u00f3n de datos y narraci\u00f3n de datos","isPartOf":{"@id":"https:\/\/www.galileo.edu\/page\/#website"},"datePublished":"2023-03-06T14:53:26+00:00","dateModified":"2023-03-06T21:42:01+00:00","description":"Curso Visualizaci\u00f3n de datos y narraci\u00f3n de datos: impulsar la exploraci\u00f3n de datos con an\u00e1lisis visuales interactivos.","breadcrumb":{"@id":"https:\/\/www.galileo.edu\/page\/gracias-registro-curso-visualizacion-datos-narracion-datos\/#breadcrumb"},"inLanguage":"en-US","potentialAction":[{"@type":"ReadAction","target":["https:\/\/www.galileo.edu\/page\/gracias-registro-curso-visualizacion-datos-narracion-datos\/"]}]},{"@type":"BreadcrumbList","@id":"https:\/\/www.galileo.edu\/page\/gracias-registro-curso-visualizacion-datos-narracion-datos\/#breadcrumb","itemListElement":[{"@type":"ListItem","position":1,"name":"Home","item":"https:\/\/www.galileo.edu\/page\/home\/"},{"@type":"ListItem","position":2,"name":"Gracias! Por inscribirte al Curso: Visualizaci\u00f3n de datos y narraci\u00f3n de datos: impulsar la exploraci\u00f3n de datos con an\u00e1lisis visuales interactivos"}]},{"@type":"WebSite","@id":"https:\/\/www.galileo.edu\/page\/#website","url":"https:\/\/www.galileo.edu\/page\/","name":"Universidad Galileo","description":"La revoluci\u00f3n en la educaci\u00f3n","potentialAction":[{"@type":"SearchAction","target":{"@type":"EntryPoint","urlTemplate":"https:\/\/www.galileo.edu\/page\/?s={search_term_string}"},"query-input":"required name=search_term_string"}],"inLanguage":"en-US"}]}},"_links":{"self":[{"href":"https:\/\/www.galileo.edu\/page\/wp-json\/wp\/v2\/pages\/69791"}],"collection":[{"href":"https:\/\/www.galileo.edu\/page\/wp-json\/wp\/v2\/pages"}],"about":[{"href":"https:\/\/www.galileo.edu\/page\/wp-json\/wp\/v2\/types\/page"}],"author":[{"embeddable":true,"href":"https:\/\/www.galileo.edu\/page\/wp-json\/wp\/v2\/users\/10"}],"replies":[{"embeddable":true,"href":"https:\/\/www.galileo.edu\/page\/wp-json\/wp\/v2\/comments?post=69791"}],"version-history":[{"count":3,"href":"https:\/\/www.galileo.edu\/page\/wp-json\/wp\/v2\/pages\/69791\/revisions"}],"predecessor-version":[{"id":69875,"href":"https:\/\/www.galileo.edu\/page\/wp-json\/wp\/v2\/pages\/69791\/revisions\/69875"}],"wp:featuredmedia":[{"embeddable":true,"href":"https:\/\/www.galileo.edu\/page\/wp-json\/wp\/v2\/media\/58536"}],"wp:attachment":[{"href":"https:\/\/www.galileo.edu\/page\/wp-json\/wp\/v2\/media?parent=69791"}],"curies":[{"name":"wp","href":"https:\/\/api.w.org\/{rel}","templated":true}]}}