{"id":67454,"date":"2023-01-30T18:00:09","date_gmt":"2023-01-30T18:00:09","guid":{"rendered":"https:\/\/www.galileo.edu\/page\/?page_id=67454"},"modified":"2023-02-10T01:25:03","modified_gmt":"2023-02-10T01:25:03","slug":"gracias-masterclass-transformando-educacion-inteligencia-artificial","status":"publish","type":"page","link":"https:\/\/www.galileo.edu\/page\/gracias-masterclass-transformando-educacion-inteligencia-artificial\/","title":{"rendered":"\u00a1Gracias por registrarte MasterClass Transformando la educaci\u00f3n con la inteligencia artificial!"},"content":{"rendered":"<p>[et_pb_section fb_built=&#8221;1&#8243; disabled_on=&#8221;on|off|off&#8221; _builder_version=&#8221;3.2.2&#8243; background_image=&#8221;http:\/\/www.galileo.edu\/page\/wp-content\/uploads\/2023\/01\/regustroprincipal.jpg&#8221; custom_padding=&#8221;208px|0px|234px|0px|false|false&#8221;][\/et_pb_section][et_pb_section fb_built=&#8221;1&#8243; next_background_color=&#8221;#ffffff&#8221; disabled_on=&#8221;off|on|on&#8221; _builder_version=&#8221;3.2.2&#8243; background_image=&#8221;http:\/\/www.galileo.edu\/page\/wp-content\/uploads\/2023\/01\/gracias15mov.jpg&#8221; custom_padding=&#8221;50px|0px|407px|0px|false|false&#8221; bottom_divider_style=&#8221;asymmetric2&#8243; bottom_divider_height=&#8221;32px&#8221;][et_pb_row _builder_version=&#8221;3.2.2&#8243;][et_pb_column type=&#8221;4_4&#8243; _builder_version=&#8221;3.2.2&#8243; parallax=&#8221;off&#8221; parallax_method=&#8221;on&#8221;][\/et_pb_column][\/et_pb_row][\/et_pb_section][et_pb_section fb_built=&#8221;1&#8243; _builder_version=&#8221;3.2.2&#8243; custom_padding=&#8221;7px|0px|0|0px|false|false&#8221;][et_pb_row custom_width_px=&#8221;1349px&#8221; custom_padding=&#8221;17px|0px|23px|0px|false|false&#8221; _builder_version=&#8221;3.2.2&#8243;][et_pb_column type=&#8221;4_4&#8243; _builder_version=&#8221;3.0.47&#8243; parallax=&#8221;off&#8221; parallax_method=&#8221;on&#8221;][et_pb_text _builder_version=&#8221;3.2.2&#8243; text_font=&#8221;Poppins||||||||&#8221; text_font_size=&#8221;20px&#8221;]<\/p>\n<p style=\"text-align: center;\"><b>Revisa tu correo electr\u00f3nico,<\/b><span style=\"font-weight: 400;\"> en pocos minutos recibir\u00e1s la informaci\u00f3n que solicitaste. Si no recibes el correo con la informaci\u00f3n de parte de Universidad Galileo,<\/span><b> busca en tus otras carpetas de correo como \u201cPromociones\u201d, \u201cNotificaciones\u201d o \u201cNewsletter\u201d, o bien en \u201cNo deseado\u201d o \u201cSpam\u201d, algunas veces se filtran all\u00ed<\/b><span style=\"font-weight: 400;\">.<\/span><\/p>\n<p style=\"text-align: center;\"><span style=\"font-weight: 400;\">Agenda la fecha, la conferencia\u00a0 ser\u00e1 el:<\/span><\/p>\n<p style=\"text-align: center;\"><b>Mi\u00e9rcoles 8 de febrero<\/b><span style=\"font-weight: 400;\"> del a\u00f1o 2023 a las <\/span><b>15:00 horas Guatemala<\/b><span style=\"font-weight: 400;\"> (GM-6).<\/span><\/p>\n<p>[\/et_pb_text][\/et_pb_column][\/et_pb_row][\/et_pb_section][et_pb_section fb_built=&#8221;1&#8243; _builder_version=&#8221;3.2.2&#8243; background_color=&#8221;#2d2d2d&#8221; custom_padding=&#8221;54px|0px|53px|0px|false|false&#8221;][et_pb_row make_fullwidth=&#8221;on&#8221; _builder_version=&#8221;3.2.2&#8243;][et_pb_column type=&#8221;1_4&#8243; _builder_version=&#8221;3.2.2&#8243; parallax=&#8221;off&#8221; parallax_method=&#8221;on&#8221;][et_pb_image src=&#8221;http:\/\/www.galileo.edu\/page\/wp-content\/uploads\/2023\/01\/logo-erasmus.png&#8221; _builder_version=&#8221;3.2.2&#8243;][\/et_pb_image][\/et_pb_column][et_pb_column type=&#8221;1_2&#8243; _builder_version=&#8221;3.2.2&#8243; parallax=&#8221;off&#8221; parallax_method=&#8221;on&#8221;][et_pb_text _builder_version=&#8221;3.2.2&#8243; text_font=&#8221;Montserrat||||||||&#8221; text_text_color=&#8221;#ffffff&#8221; text_font_size=&#8221;17px&#8221; text_line_height=&#8221;1.4em&#8221;]<\/p>\n<p style=\"text-align: left;\">Este proyecto ha sido financiado con la ayuda de Erasmus+.\u00a0Los contenidos son responsabilidad de su actor y de ning\u00fan modo debe considerarse que refleja la opini\u00f3n oficial de Erasmus+<\/p>\n<p>[\/et_pb_text][\/et_pb_column][et_pb_column type=&#8221;1_4&#8243; _builder_version=&#8221;3.2.2&#8243; parallax=&#8221;off&#8221; parallax_method=&#8221;on&#8221;][et_pb_social_media_follow follow_button=&#8221;on&#8221; _builder_version=&#8221;3.2.2&#8243; text_orientation=&#8221;center&#8221; module_alignment=&#8221;left&#8221; text_shadow_style=&#8221;preset5&#8243; text_shadow_color=&#8221;#ffffff&#8221;][et_pb_social_media_follow_network social_network=&#8221;facebook&#8221; url=&#8221;https:\/\/www.facebook.com\/profxxi&#8221; _builder_version=&#8221;3.2.2&#8243; background_color=&#8221;#3b5998&#8243; follow_button=&#8221;on&#8221; url_new_window=&#8221;on&#8221;]facebook[\/et_pb_social_media_follow_network][et_pb_social_media_follow_network social_network=&#8221;twitter&#8221; url=&#8221;https:\/\/twitter.com\/prof_xxi&#8221; _builder_version=&#8221;3.2.2&#8243; background_color=&#8221;#00aced&#8221; follow_button=&#8221;on&#8221; url_new_window=&#8221;on&#8221;]twitter[\/et_pb_social_media_follow_network][\/et_pb_social_media_follow][\/et_pb_column][\/et_pb_row][\/et_pb_section]<\/p>\n","protected":false},"excerpt":{"rendered":"<p>Revisa tu correo electr\u00f3nico, en pocos minutos recibir\u00e1s la informaci\u00f3n que solicitaste. Si no recibes el correo con la informaci\u00f3n de parte de Universidad Galileo, busca en tus otras carpetas de correo como \u201cPromociones\u201d, \u201cNotificaciones\u201d o \u201cNewsletter\u201d, o bien en \u201cNo deseado\u201d o \u201cSpam\u201d, algunas veces se filtran all\u00ed. Agenda la fecha, la conferencia\u00a0 ser\u00e1 [&hellip;]<\/p>\n","protected":false},"author":10,"featured_media":67659,"parent":0,"menu_order":0,"comment_status":"closed","ping_status":"closed","template":"page-template-blank.php","meta":{"_et_pb_use_builder":"on","_et_pb_old_content":"","_et_gb_content_width":""},"yoast_head":"<!-- This site is optimized with the Yoast SEO plugin v20.13 - https:\/\/yoast.com\/wordpress\/plugins\/seo\/ -->\n<title>\u00a1Gracias por registrarte MasterClass Transformando la educaci\u00f3n con la inteligencia artificial! - Universidad Galileo<\/title>\n<meta name=\"robots\" content=\"index, follow, max-snippet:-1, max-image-preview:large, max-video-preview:-1\" \/>\n<link rel=\"canonical\" href=\"https:\/\/www.galileo.edu\/page\/gracias-masterclass-transformando-educacion-inteligencia-artificial\/\" \/>\n<meta property=\"og:locale\" content=\"en_US\" \/>\n<meta property=\"og:type\" content=\"article\" \/>\n<meta property=\"og:title\" content=\"\u00a1Gracias por registrarte MasterClass Transformando la educaci\u00f3n con la inteligencia artificial! - Universidad Galileo\" \/>\n<meta property=\"og:description\" content=\"Revisa tu correo electr\u00f3nico, en pocos minutos recibir\u00e1s la informaci\u00f3n que solicitaste. Si no recibes el correo con la informaci\u00f3n de parte de Universidad Galileo, busca en tus otras carpetas de correo como \u201cPromociones\u201d, \u201cNotificaciones\u201d o \u201cNewsletter\u201d, o bien en \u201cNo deseado\u201d o \u201cSpam\u201d, algunas veces se filtran all\u00ed. Agenda la fecha, la conferencia\u00a0 ser\u00e1 [&hellip;]\" \/>\n<meta property=\"og:url\" content=\"https:\/\/www.galileo.edu\/page\/gracias-masterclass-transformando-educacion-inteligencia-artificial\/\" \/>\n<meta property=\"og:site_name\" content=\"Universidad Galileo\" \/>\n<meta property=\"article:modified_time\" content=\"2023-02-10T01:25:03+00:00\" \/>\n<meta property=\"og:image\" content=\"http:\/\/www.galileo.edu\/page\/wp-content\/uploads\/2023\/01\/Banner-de-eventos.jpg\" \/>\n\t<meta property=\"og:image:width\" content=\"554\" \/>\n\t<meta property=\"og:image:height\" content=\"674\" \/>\n\t<meta property=\"og:image:type\" content=\"image\/jpeg\" \/>\n<meta name=\"twitter:card\" content=\"summary_large_image\" \/>\n<meta name=\"twitter:label1\" content=\"Est. reading time\" \/>\n\t<meta name=\"twitter:data1\" content=\"2 minutes\" \/>\n<script type=\"application\/ld+json\" class=\"yoast-schema-graph\">{\"@context\":\"https:\/\/schema.org\",\"@graph\":[{\"@type\":\"WebPage\",\"@id\":\"https:\/\/www.galileo.edu\/page\/gracias-masterclass-transformando-educacion-inteligencia-artificial\/\",\"url\":\"https:\/\/www.galileo.edu\/page\/gracias-masterclass-transformando-educacion-inteligencia-artificial\/\",\"name\":\"\u00a1Gracias por registrarte MasterClass Transformando la educaci\u00f3n con la inteligencia artificial! - Universidad Galileo\",\"isPartOf\":{\"@id\":\"https:\/\/www.galileo.edu\/page\/#website\"},\"datePublished\":\"2023-01-30T18:00:09+00:00\",\"dateModified\":\"2023-02-10T01:25:03+00:00\",\"breadcrumb\":{\"@id\":\"https:\/\/www.galileo.edu\/page\/gracias-masterclass-transformando-educacion-inteligencia-artificial\/#breadcrumb\"},\"inLanguage\":\"en-US\",\"potentialAction\":[{\"@type\":\"ReadAction\",\"target\":[\"https:\/\/www.galileo.edu\/page\/gracias-masterclass-transformando-educacion-inteligencia-artificial\/\"]}]},{\"@type\":\"BreadcrumbList\",\"@id\":\"https:\/\/www.galileo.edu\/page\/gracias-masterclass-transformando-educacion-inteligencia-artificial\/#breadcrumb\",\"itemListElement\":[{\"@type\":\"ListItem\",\"position\":1,\"name\":\"Home\",\"item\":\"https:\/\/www.galileo.edu\/page\/home\/\"},{\"@type\":\"ListItem\",\"position\":2,\"name\":\"\u00a1Gracias por registrarte MasterClass Transformando la educaci\u00f3n con la inteligencia artificial!\"}]},{\"@type\":\"WebSite\",\"@id\":\"https:\/\/www.galileo.edu\/page\/#website\",\"url\":\"https:\/\/www.galileo.edu\/page\/\",\"name\":\"Universidad Galileo\",\"description\":\"La revoluci\u00f3n en la educaci\u00f3n\",\"potentialAction\":[{\"@type\":\"SearchAction\",\"target\":{\"@type\":\"EntryPoint\",\"urlTemplate\":\"https:\/\/www.galileo.edu\/page\/?s={search_term_string}\"},\"query-input\":\"required name=search_term_string\"}],\"inLanguage\":\"en-US\"}]}<\/script>\n<!-- \/ Yoast SEO plugin. -->","yoast_head_json":{"title":"\u00a1Gracias por registrarte MasterClass Transformando la educaci\u00f3n con la inteligencia artificial! - Universidad Galileo","robots":{"index":"index","follow":"follow","max-snippet":"max-snippet:-1","max-image-preview":"max-image-preview:large","max-video-preview":"max-video-preview:-1"},"canonical":"https:\/\/www.galileo.edu\/page\/gracias-masterclass-transformando-educacion-inteligencia-artificial\/","og_locale":"en_US","og_type":"article","og_title":"\u00a1Gracias por registrarte MasterClass Transformando la educaci\u00f3n con la inteligencia artificial! - Universidad Galileo","og_description":"Revisa tu correo electr\u00f3nico, en pocos minutos recibir\u00e1s la informaci\u00f3n que solicitaste. Si no recibes el correo con la informaci\u00f3n de parte de Universidad Galileo, busca en tus otras carpetas de correo como \u201cPromociones\u201d, \u201cNotificaciones\u201d o \u201cNewsletter\u201d, o bien en \u201cNo deseado\u201d o \u201cSpam\u201d, algunas veces se filtran all\u00ed. Agenda la fecha, la conferencia\u00a0 ser\u00e1 [&hellip;]","og_url":"https:\/\/www.galileo.edu\/page\/gracias-masterclass-transformando-educacion-inteligencia-artificial\/","og_site_name":"Universidad Galileo","article_modified_time":"2023-02-10T01:25:03+00:00","og_image":[{"width":554,"height":674,"url":"http:\/\/www.galileo.edu\/page\/wp-content\/uploads\/2023\/01\/Banner-de-eventos.jpg","type":"image\/jpeg"}],"twitter_card":"summary_large_image","twitter_misc":{"Est. reading time":"2 minutes"},"schema":{"@context":"https:\/\/schema.org","@graph":[{"@type":"WebPage","@id":"https:\/\/www.galileo.edu\/page\/gracias-masterclass-transformando-educacion-inteligencia-artificial\/","url":"https:\/\/www.galileo.edu\/page\/gracias-masterclass-transformando-educacion-inteligencia-artificial\/","name":"\u00a1Gracias por registrarte MasterClass Transformando la educaci\u00f3n con la inteligencia artificial! - Universidad Galileo","isPartOf":{"@id":"https:\/\/www.galileo.edu\/page\/#website"},"datePublished":"2023-01-30T18:00:09+00:00","dateModified":"2023-02-10T01:25:03+00:00","breadcrumb":{"@id":"https:\/\/www.galileo.edu\/page\/gracias-masterclass-transformando-educacion-inteligencia-artificial\/#breadcrumb"},"inLanguage":"en-US","potentialAction":[{"@type":"ReadAction","target":["https:\/\/www.galileo.edu\/page\/gracias-masterclass-transformando-educacion-inteligencia-artificial\/"]}]},{"@type":"BreadcrumbList","@id":"https:\/\/www.galileo.edu\/page\/gracias-masterclass-transformando-educacion-inteligencia-artificial\/#breadcrumb","itemListElement":[{"@type":"ListItem","position":1,"name":"Home","item":"https:\/\/www.galileo.edu\/page\/home\/"},{"@type":"ListItem","position":2,"name":"\u00a1Gracias por registrarte MasterClass Transformando la educaci\u00f3n con la inteligencia artificial!"}]},{"@type":"WebSite","@id":"https:\/\/www.galileo.edu\/page\/#website","url":"https:\/\/www.galileo.edu\/page\/","name":"Universidad Galileo","description":"La revoluci\u00f3n en la educaci\u00f3n","potentialAction":[{"@type":"SearchAction","target":{"@type":"EntryPoint","urlTemplate":"https:\/\/www.galileo.edu\/page\/?s={search_term_string}"},"query-input":"required name=search_term_string"}],"inLanguage":"en-US"}]}},"_links":{"self":[{"href":"https:\/\/www.galileo.edu\/page\/wp-json\/wp\/v2\/pages\/67454"}],"collection":[{"href":"https:\/\/www.galileo.edu\/page\/wp-json\/wp\/v2\/pages"}],"about":[{"href":"https:\/\/www.galileo.edu\/page\/wp-json\/wp\/v2\/types\/page"}],"author":[{"embeddable":true,"href":"https:\/\/www.galileo.edu\/page\/wp-json\/wp\/v2\/users\/10"}],"replies":[{"embeddable":true,"href":"https:\/\/www.galileo.edu\/page\/wp-json\/wp\/v2\/comments?post=67454"}],"version-history":[{"count":17,"href":"https:\/\/www.galileo.edu\/page\/wp-json\/wp\/v2\/pages\/67454\/revisions"}],"predecessor-version":[{"id":68915,"href":"https:\/\/www.galileo.edu\/page\/wp-json\/wp\/v2\/pages\/67454\/revisions\/68915"}],"wp:featuredmedia":[{"embeddable":true,"href":"https:\/\/www.galileo.edu\/page\/wp-json\/wp\/v2\/media\/67659"}],"wp:attachment":[{"href":"https:\/\/www.galileo.edu\/page\/wp-json\/wp\/v2\/media?parent=67454"}],"curies":[{"name":"wp","href":"https:\/\/api.w.org\/{rel}","templated":true}]}}