{"id":65835,"date":"2022-12-21T16:33:47","date_gmt":"2022-12-21T16:33:47","guid":{"rendered":"https:\/\/www.galileo.edu\/page\/?page_id=65835"},"modified":"2022-12-21T16:37:58","modified_gmt":"2022-12-21T16:37:58","slug":"gracias-tecnico-universitario-periodismo-deportivo","status":"publish","type":"page","link":"https:\/\/www.galileo.edu\/page\/gracias-tecnico-universitario-periodismo-deportivo\/","title":{"rendered":"Gracias T\u00e9cnico Universitario en Periodismo Deportivo"},"content":{"rendered":"<p>[et_pb_section fb_built=&#8221;1&#8243; _builder_version=&#8221;3.0.47&#8243;][et_pb_row _builder_version=&#8221;3.0.47&#8243; background_size=&#8221;initial&#8221; background_position=&#8221;top_left&#8221; background_repeat=&#8221;repeat&#8221;][et_pb_column type=&#8221;1_2&#8243; _builder_version=&#8221;3.0.47&#8243; parallax=&#8221;off&#8221; parallax_method=&#8221;on&#8221;][et_pb_text admin_label=&#8221;LAMV&#8221; _builder_version=&#8221;3.2.2&#8243; text_font=&#8221;Raleway|700|||||||&#8221; text_font_size=&#8221;35px&#8221; header_font=&#8221;Raleway|700|||||||&#8221; header_font_size=&#8221;46px&#8221; header_font_size_last_edited=&#8221;on|desktop&#8221; header_line_height=&#8221;1.1em&#8221;]<\/p>\n<h1>\u00a1Gracias por solicitar informaci\u00f3n del <span style=\"color: #33cccc;\">T\u00e9cnico Universitario en Periodismo Deportivo!<\/span><\/h1>\n<p>[\/et_pb_text][\/et_pb_column][et_pb_column type=&#8221;1_2&#8243; _builder_version=&#8221;3.0.47&#8243; parallax=&#8221;off&#8221; parallax_method=&#8221;on&#8221;][et_pb_text _builder_version=&#8221;3.2.2&#8243; text_font_size=&#8221;16px&#8221;]<span style=\"color: #000000;\"><strong>Revisa tu correo electr\u00f3nico.<\/strong><\/span> En pocos minutos recibir\u00e1s la informaci\u00f3n que solicitaste.<\/p>\n<p>Si no recibes el correo con la informaci\u00f3n de parte de Universidad Galileo en los pr\u00f3ximos minutos,<strong>\u00a0<span style=\"color: #000000;\">busca en tus otras carpetas de correo como \u201cPromociones\u201d, \u201cNotificaciones\u201d o \u201cNewsletter\u201d, o bien en \u201cNo deseado\u201d o \u201cSpam\u201d, algunas veces se filtran all\u00ed<\/span><\/strong><span style=\"color: #000000;\">.<\/span> Si no te llega el correo electr\u00f3nico, puede ser que escribiste mal tu email, por lo que te pedimos que vuelvas a llenar tus datos en la p\u00e1gina anterior a esta y revisa que est\u00e9n bien escritos.<\/p>\n<p><a href=\"https:\/\/www.facebook.com\/admisionesgalileo\" target=\"_blank\" rel=\"noopener noreferrer\">Ahora ingresa a Admisiones Galileo y s\u00edguenos.<\/a><\/p>\n<p>Si deseas resolver tus dudas o recibir ayuda en tu proceso de inscripci\u00f3n, comun\u00edcate. \u00a1Ser\u00e1 un gusto atenderte como te mereces!<br \/>\n[\/et_pb_text][\/et_pb_column][\/et_pb_row][et_pb_row _builder_version=&#8221;3.2.2&#8243;][et_pb_column type=&#8221;4_4&#8243; _builder_version=&#8221;3.0.47&#8243; parallax=&#8221;off&#8221; parallax_method=&#8221;on&#8221;][et_pb_text _builder_version=&#8221;3.2.2&#8243;]<\/p>\n<h4 style=\"text-align: center;\"><strong>Escuela T\u00e9cnica<br \/>\n<\/strong><\/h4>\n<p>[\/et_pb_text][\/et_pb_column][\/et_pb_row][et_pb_row _builder_version=&#8221;3.2.2&#8243;][et_pb_column type=&#8221;1_3&#8243; _builder_version=&#8221;3.0.47&#8243; parallax=&#8221;off&#8221; parallax_method=&#8221;on&#8221;][et_pb_blurb title=&#8221;PBX&#8221; image=&#8221;http:\/\/www.galileo.edu\/page\/wp-content\/uploads\/2019\/05\/telephone.png&#8221; image_max_width=&#8221;21%&#8221; _builder_version=&#8221;3.2.2&#8243; header_text_align=&#8221;center&#8221; body_text_align=&#8221;center&#8221; text_orientation=&#8221;center&#8221;]<\/p>\n<p style=\"text-align: center;\">+502 2423-8000<\/p>\n<p style=\"text-align: center;\">Ext. 7550 al 7560<\/p>\n<p>[\/et_pb_blurb][\/et_pb_column][et_pb_column type=&#8221;1_3&#8243; _builder_version=&#8221;3.0.47&#8243; parallax=&#8221;off&#8221; parallax_method=&#8221;on&#8221;][et_pb_blurb title=&#8221;Correo electr\u00f3nico&#8221; image=&#8221;http:\/\/www.galileo.edu\/page\/wp-content\/uploads\/2019\/05\/mail-1.png&#8221; image_max_width=&#8221;21%&#8221; _builder_version=&#8221;3.2.2&#8243; header_text_align=&#8221;center&#8221; body_text_align=&#8221;center&#8221; text_orientation=&#8221;center&#8221;]<\/p>\n<p style=\"text-align: center;\"><span style=\"color: #000000;\"><a class=\"Xx\" dir=\"ltr\" style=\"color: #000000;\" tabindex=\"-1\" href=\"mailto:info_estec@galileo.edu\" target=\"_blank\" rel=\"nofollow noopener noreferrer\" data-display=\"ire@galileo.edu\" data-sanitized=\"mailto:ire@galileo.edu\"><span style=\"color: #0c71c3;\">infoconstruccion@galileo.edu<\/span><\/a><\/span><\/p>\n<p>[\/et_pb_blurb][\/et_pb_column][et_pb_column type=&#8221;1_3&#8243; _builder_version=&#8221;3.0.47&#8243; parallax=&#8221;off&#8221; parallax_method=&#8221;on&#8221;][et_pb_blurb title=&#8221;Direcci\u00f3n&#8221; image=&#8221;http:\/\/www.galileo.edu\/page\/wp-content\/uploads\/2019\/05\/placeholder-1.png&#8221; image_max_width=&#8221;16%&#8221; _builder_version=&#8221;3.2.2&#8243; header_text_align=&#8221;center&#8221; body_text_align=&#8221;center&#8221; text_orientation=&#8221;center&#8221;]Oficina Anexo I, Torre I, Galileo Campus Central, zona 10, Universidad Galileo<br \/>\n[\/et_pb_blurb][\/et_pb_column][\/et_pb_row][et_pb_row custom_padding=&#8221;2.6%|0%|0%|0%|false|false&#8221; custom_padding_last_edited=&#8221;on|desktop&#8221; padding_top_1=&#8221;0%&#8221; padding_top_2=&#8221;0%&#8221; padding_right_1=&#8221;0%&#8221; padding_right_2=&#8221;15%&#8221; padding_bottom_1=&#8221;0%&#8221; padding_bottom_2=&#8221;0%&#8221; padding_left_1=&#8221;0%&#8221; padding_left_2=&#8221;15%&#8221; padding_1_last_edited=&#8221;on|desktop&#8221; padding_2_last_edited=&#8221;on|desktop&#8221; _builder_version=&#8221;3.2.2&#8243;][et_pb_column type=&#8221;4_4&#8243; _builder_version=&#8221;3.0.47&#8243; padding_last_edited=&#8221;on|desktop&#8221; padding_bottom=&#8221;0%&#8221; padding_left=&#8221;0%&#8221; padding_right=&#8221;0%&#8221; padding_top=&#8221;0%&#8221; parallax=&#8221;off&#8221; parallax_method=&#8221;on&#8221;][et_pb_image src=&#8221;http:\/\/www.galileo.edu\/page\/wp-content\/uploads\/2020\/08\/logo_u_galileo.png&#8221; url=&#8221;http:\/\/www.galileo.edu&#8221; align=&#8221;center&#8221; _builder_version=&#8221;3.2.2&#8243; max_width=&#8221;71%&#8221;][\/et_pb_image][\/et_pb_column][\/et_pb_row][\/et_pb_section]<\/p>\n","protected":false},"excerpt":{"rendered":"<p>\u00a1Gracias por solicitar informaci\u00f3n del T\u00e9cnico Universitario en Periodismo Deportivo! Revisa tu correo electr\u00f3nico. En pocos minutos recibir\u00e1s la informaci\u00f3n que solicitaste. Si no recibes el correo con la informaci\u00f3n de parte de Universidad Galileo en los pr\u00f3ximos minutos,\u00a0busca en tus otras carpetas de correo como \u201cPromociones\u201d, \u201cNotificaciones\u201d o \u201cNewsletter\u201d, o bien en \u201cNo deseado\u201d [&hellip;]<\/p>\n","protected":false},"author":17,"featured_media":0,"parent":0,"menu_order":0,"comment_status":"closed","ping_status":"closed","template":"page-template-blank.php","meta":{"_et_pb_use_builder":"on","_et_pb_old_content":"<p>[et_pb_section bb_built=\"1\" _builder_version=\"3.0.47\"][et_pb_row _builder_version=\"3.0.47\" background_size=\"initial\" background_position=\"top_left\" background_repeat=\"repeat\"][et_pb_column type=\"1_2\"][et_pb_text _builder_version=\"3.2.2\" text_font=\"Raleway|700|||||||\" text_font_size=\"35px\" header_font=\"Raleway|700|||||||\" header_font_size=\"35px\" header_font_size_last_edited=\"on|desktop\" header_line_height=\"1.1em\"]<\/p><h1>\u00a1Gracias por solicitar informaci\u00f3n del Curso Tutor virtual!<\/h1><p>[\/et_pb_text][\/et_pb_column][et_pb_column type=\"1_2\"][et_pb_text _builder_version=\"3.2.2\"]<\/p><p>Revisa tu correo electr\u00f3nico. En pocos minutos recibir\u00e1s la informaci\u00f3n que solicitaste.<\/p><p>Si deseas resolver dudas o recibir ayuda en tu proceso de inscripci\u00f3n, comun\u00edcate. \u00a1Ser\u00e1 un gusto atenderte!<\/p><p>[\/et_pb_text][\/et_pb_column][\/et_pb_row][et_pb_row _builder_version=\"3.2.2\"][et_pb_column type=\"1_4\"][et_pb_blurb image_max_width=\"25%\" text_orientation=\"center\" title=\"WhatsApp\" image=\"http:\/\/www.galileo.edu\/page\/wp-content\/uploads\/2019\/05\/smartphone-1.png\" _builder_version=\"3.2.2\" header_font=\"||||||||\" header_text_align=\"center\" body_font=\"||||||||\" body_text_align=\"center\"]<\/p><p style=\"text-align: center;\">+502 5976 3418<\/p><p>[\/et_pb_blurb][\/et_pb_column][et_pb_column type=\"1_4\"][et_pb_blurb image_max_width=\"25%\" text_orientation=\"center\" title=\"PBX\" image=\"http:\/\/www.galileo.edu\/page\/wp-content\/uploads\/2019\/05\/telephone.png\" _builder_version=\"3.2.2\" header_font=\"||||||||\" header_text_align=\"center\" body_font=\"||||||||\" body_text_align=\"center\"]<\/p><p style=\"text-align: center;\">+502 2423-8000 extensi\u00f3n: 7417<\/p><p>[\/et_pb_blurb][\/et_pb_column][et_pb_column type=\"1_4\"][et_pb_blurb image_max_width=\"25%\" text_orientation=\"center\" title=\"Correo electr\u00f3nico\" image=\"http:\/\/www.galileo.edu\/page\/wp-content\/uploads\/2019\/05\/mail-1.png\" _builder_version=\"3.2.2\" header_font=\"||||||||\" header_text_align=\"center\" body_font=\"||||||||\" body_text_align=\"center\"]<\/p><p style=\"text-align: center;\"><a href=\"mailto:asistenteivn@galileo.edu\">asistenteivn@galileo.edu<\/a><\/p><p>[\/et_pb_blurb][\/et_pb_column][et_pb_column type=\"1_4\"][et_pb_blurb image_max_width=\"25%\" text_orientation=\"center\" title=\"Direcci\u00f3n\" image=\"http:\/\/www.galileo.edu\/page\/wp-content\/uploads\/2019\/05\/placeholder-1.png\" _builder_version=\"3.2.2\" header_font=\"||||||||\" header_text_align=\"center\" body_font=\"||||||||\" body_text_align=\"center\"]<\/p><p>Oficina 414 nivel 4 torre I Galileo<\/p><p>7a ave calle Dr. Eduardo Suger Cofi\u00f1o zona 10, campus central Universidad Galileo<\/p><p>[\/et_pb_blurb][\/et_pb_column][\/et_pb_row][et_pb_row custom_padding=\"60px|0px|27px|0px|false|false\" _builder_version=\"3.2.2\"][et_pb_column type=\"1_2\"][et_pb_image src=\"http:\/\/www.galileo.edu\/page\/wp-content\/uploads\/2019\/04\/Logo-Galileo.png\" align=\"center\" _builder_version=\"3.2.2\" max_width=\"50%\" \/][\/et_pb_column][et_pb_column type=\"1_2\"][et_pb_image src=\"http:\/\/www.galileo.edu\/page\/wp-content\/uploads\/2019\/04\/Logo-IVN.png\" align=\"center\" _builder_version=\"3.2.2\" max_width=\"55%\" \/][\/et_pb_column][\/et_pb_row][\/et_pb_section]<\/p>","_et_gb_content_width":""},"yoast_head":"<!-- This site is optimized with the Yoast SEO plugin v20.13 - https:\/\/yoast.com\/wordpress\/plugins\/seo\/ -->\n<title>Gracias T\u00e9cnico Universitario en Periodismo Deportivo<\/title>\n<meta name=\"description\" content=\"T\u00e9cnico Universitario en Periodismo Deportivo. Aprender\u00e1s aspectos relevantes del period\u00edsmo enfocado directamente al deporte\" \/>\n<meta name=\"robots\" content=\"index, follow, max-snippet:-1, max-image-preview:large, max-video-preview:-1\" \/>\n<link rel=\"canonical\" href=\"https:\/\/www.galileo.edu\/page\/gracias-tecnico-universitario-periodismo-deportivo\/\" \/>\n<meta property=\"og:locale\" content=\"en_US\" \/>\n<meta property=\"og:type\" content=\"article\" \/>\n<meta property=\"og:title\" content=\"Gracias T\u00e9cnico Universitario en Periodismo Deportivo\" \/>\n<meta property=\"og:description\" content=\"T\u00e9cnico Universitario en Periodismo Deportivo. Aprender\u00e1s aspectos relevantes del period\u00edsmo enfocado directamente al deporte\" \/>\n<meta property=\"og:url\" content=\"https:\/\/www.galileo.edu\/page\/gracias-tecnico-universitario-periodismo-deportivo\/\" \/>\n<meta property=\"og:site_name\" content=\"Universidad Galileo\" \/>\n<meta property=\"article:modified_time\" content=\"2022-12-21T16:37:58+00:00\" \/>\n<meta name=\"twitter:card\" content=\"summary_large_image\" \/>\n<meta name=\"twitter:label1\" content=\"Est. reading time\" \/>\n\t<meta name=\"twitter:data1\" content=\"3 minutes\" \/>\n<script type=\"application\/ld+json\" class=\"yoast-schema-graph\">{\"@context\":\"https:\/\/schema.org\",\"@graph\":[{\"@type\":\"WebPage\",\"@id\":\"https:\/\/www.galileo.edu\/page\/gracias-tecnico-universitario-periodismo-deportivo\/\",\"url\":\"https:\/\/www.galileo.edu\/page\/gracias-tecnico-universitario-periodismo-deportivo\/\",\"name\":\"Gracias T\u00e9cnico Universitario en Periodismo Deportivo\",\"isPartOf\":{\"@id\":\"https:\/\/www.galileo.edu\/page\/#website\"},\"datePublished\":\"2022-12-21T16:33:47+00:00\",\"dateModified\":\"2022-12-21T16:37:58+00:00\",\"description\":\"T\u00e9cnico Universitario en Periodismo Deportivo. Aprender\u00e1s aspectos relevantes del period\u00edsmo enfocado directamente al deporte\",\"breadcrumb\":{\"@id\":\"https:\/\/www.galileo.edu\/page\/gracias-tecnico-universitario-periodismo-deportivo\/#breadcrumb\"},\"inLanguage\":\"en-US\",\"potentialAction\":[{\"@type\":\"ReadAction\",\"target\":[\"https:\/\/www.galileo.edu\/page\/gracias-tecnico-universitario-periodismo-deportivo\/\"]}]},{\"@type\":\"BreadcrumbList\",\"@id\":\"https:\/\/www.galileo.edu\/page\/gracias-tecnico-universitario-periodismo-deportivo\/#breadcrumb\",\"itemListElement\":[{\"@type\":\"ListItem\",\"position\":1,\"name\":\"Home\",\"item\":\"https:\/\/www.galileo.edu\/page\/home\/\"},{\"@type\":\"ListItem\",\"position\":2,\"name\":\"Gracias T\u00e9cnico Universitario en Periodismo Deportivo\"}]},{\"@type\":\"WebSite\",\"@id\":\"https:\/\/www.galileo.edu\/page\/#website\",\"url\":\"https:\/\/www.galileo.edu\/page\/\",\"name\":\"Universidad Galileo\",\"description\":\"La revoluci\u00f3n en la educaci\u00f3n\",\"potentialAction\":[{\"@type\":\"SearchAction\",\"target\":{\"@type\":\"EntryPoint\",\"urlTemplate\":\"https:\/\/www.galileo.edu\/page\/?s={search_term_string}\"},\"query-input\":\"required name=search_term_string\"}],\"inLanguage\":\"en-US\"}]}<\/script>\n<!-- \/ Yoast SEO plugin. -->","yoast_head_json":{"title":"Gracias T\u00e9cnico Universitario en Periodismo Deportivo","description":"T\u00e9cnico Universitario en Periodismo Deportivo. Aprender\u00e1s aspectos relevantes del period\u00edsmo enfocado directamente al deporte","robots":{"index":"index","follow":"follow","max-snippet":"max-snippet:-1","max-image-preview":"max-image-preview:large","max-video-preview":"max-video-preview:-1"},"canonical":"https:\/\/www.galileo.edu\/page\/gracias-tecnico-universitario-periodismo-deportivo\/","og_locale":"en_US","og_type":"article","og_title":"Gracias T\u00e9cnico Universitario en Periodismo Deportivo","og_description":"T\u00e9cnico Universitario en Periodismo Deportivo. Aprender\u00e1s aspectos relevantes del period\u00edsmo enfocado directamente al deporte","og_url":"https:\/\/www.galileo.edu\/page\/gracias-tecnico-universitario-periodismo-deportivo\/","og_site_name":"Universidad Galileo","article_modified_time":"2022-12-21T16:37:58+00:00","twitter_card":"summary_large_image","twitter_misc":{"Est. reading time":"3 minutes"},"schema":{"@context":"https:\/\/schema.org","@graph":[{"@type":"WebPage","@id":"https:\/\/www.galileo.edu\/page\/gracias-tecnico-universitario-periodismo-deportivo\/","url":"https:\/\/www.galileo.edu\/page\/gracias-tecnico-universitario-periodismo-deportivo\/","name":"Gracias T\u00e9cnico Universitario en Periodismo Deportivo","isPartOf":{"@id":"https:\/\/www.galileo.edu\/page\/#website"},"datePublished":"2022-12-21T16:33:47+00:00","dateModified":"2022-12-21T16:37:58+00:00","description":"T\u00e9cnico Universitario en Periodismo Deportivo. Aprender\u00e1s aspectos relevantes del period\u00edsmo enfocado directamente al deporte","breadcrumb":{"@id":"https:\/\/www.galileo.edu\/page\/gracias-tecnico-universitario-periodismo-deportivo\/#breadcrumb"},"inLanguage":"en-US","potentialAction":[{"@type":"ReadAction","target":["https:\/\/www.galileo.edu\/page\/gracias-tecnico-universitario-periodismo-deportivo\/"]}]},{"@type":"BreadcrumbList","@id":"https:\/\/www.galileo.edu\/page\/gracias-tecnico-universitario-periodismo-deportivo\/#breadcrumb","itemListElement":[{"@type":"ListItem","position":1,"name":"Home","item":"https:\/\/www.galileo.edu\/page\/home\/"},{"@type":"ListItem","position":2,"name":"Gracias T\u00e9cnico Universitario en Periodismo Deportivo"}]},{"@type":"WebSite","@id":"https:\/\/www.galileo.edu\/page\/#website","url":"https:\/\/www.galileo.edu\/page\/","name":"Universidad Galileo","description":"La revoluci\u00f3n en la educaci\u00f3n","potentialAction":[{"@type":"SearchAction","target":{"@type":"EntryPoint","urlTemplate":"https:\/\/www.galileo.edu\/page\/?s={search_term_string}"},"query-input":"required name=search_term_string"}],"inLanguage":"en-US"}]}},"_links":{"self":[{"href":"https:\/\/www.galileo.edu\/page\/wp-json\/wp\/v2\/pages\/65835"}],"collection":[{"href":"https:\/\/www.galileo.edu\/page\/wp-json\/wp\/v2\/pages"}],"about":[{"href":"https:\/\/www.galileo.edu\/page\/wp-json\/wp\/v2\/types\/page"}],"author":[{"embeddable":true,"href":"https:\/\/www.galileo.edu\/page\/wp-json\/wp\/v2\/users\/17"}],"replies":[{"embeddable":true,"href":"https:\/\/www.galileo.edu\/page\/wp-json\/wp\/v2\/comments?post=65835"}],"version-history":[{"count":2,"href":"https:\/\/www.galileo.edu\/page\/wp-json\/wp\/v2\/pages\/65835\/revisions"}],"predecessor-version":[{"id":65837,"href":"https:\/\/www.galileo.edu\/page\/wp-json\/wp\/v2\/pages\/65835\/revisions\/65837"}],"wp:attachment":[{"href":"https:\/\/www.galileo.edu\/page\/wp-json\/wp\/v2\/media?parent=65835"}],"curies":[{"name":"wp","href":"https:\/\/api.w.org\/{rel}","templated":true}]}}