{"id":65810,"date":"2022-12-20T19:20:27","date_gmt":"2022-12-20T19:20:27","guid":{"rendered":"https:\/\/www.galileo.edu\/page\/?page_id=65810"},"modified":"2025-01-14T21:15:50","modified_gmt":"2025-01-14T21:15:50","slug":"gracias-licenciatura-tecnologia-acustica-sonido-digital","status":"publish","type":"page","link":"https:\/\/www.galileo.edu\/page\/gracias-licenciatura-tecnologia-acustica-sonido-digital\/","title":{"rendered":"Gracias Licenciatura en Tecnolog\u00eda Ac\u00fastica y Sonido Digital"},"content":{"rendered":"<p>[et_pb_section fb_built=&#8221;1&#8243; _builder_version=&#8221;4.16&#8243; global_colors_info=&#8221;{}&#8221;][et_pb_row _builder_version=&#8221;4.16&#8243; background_size=&#8221;initial&#8221; background_position=&#8221;top_left&#8221; background_repeat=&#8221;repeat&#8221; global_colors_info=&#8221;{}&#8221; column_structure=&#8221;1_2,1_2&#8243;][et_pb_column type=&#8221;1_2&#8243; _builder_version=&#8221;4.16&#8243; custom_padding=&#8221;|||&#8221; global_colors_info=&#8221;{}&#8221; custom_padding__hover=&#8221;|||&#8221;][et_pb_text _builder_version=&#8221;4.16&#8243; text_font=&#8221;Raleway|700|||||||&#8221; text_font_size=&#8221;35px&#8221; header_font=&#8221;Poppins|700|||||||&#8221; header_text_color=&#8221;#2b343e&#8221; header_font_size=&#8221;41px&#8221; header_line_height=&#8221;1.1em&#8221; header_font_size_tablet=&#8221;&#8221; header_font_size_phone=&#8221;&#8221; header_font_size_last_edited=&#8221;on|desktop&#8221; global_colors_info=&#8221;{}&#8221;]<\/p>\n<h1>\u00a1Gracias por solicitar informaci\u00f3n de la Licenciatura en Tecnolog\u00eda Ac\u00fastica y Sonido Digital!<\/h1>\n<p>[\/et_pb_text][\/et_pb_column][et_pb_column type=&#8221;1_2&#8243; _builder_version=&#8221;4.16&#8243; custom_padding=&#8221;|||&#8221; global_colors_info=&#8221;{}&#8221; custom_padding__hover=&#8221;|||&#8221;][et_pb_text _builder_version=&#8221;4.16&#8243; global_colors_info=&#8221;{}&#8221;] Revisa tu correo electr\u00f3nico. En pocos minutos recibir\u00e1s la informaci\u00f3n que solicitaste.<\/p>\n<p><a href=\"https:\/\/www.facebook.com\/admisionesgalileo\" target=\"_blank\" rel=\"noopener noreferrer\">Ahora ingresa a Admisiones Galileo y s\u00edguenos.<\/a><\/p>\n<p>Si no recibes el correo con la informaci\u00f3n de parte de Admisiones Universidad Galileo en los pr\u00f3ximos minutos, busca en tu carpeta de correo \u201cNo deseado\u201d o \u201cSpam\u201d, o bien en la secci\u00f3n de \u201cPromociones\u201d o \u201cNotificaciones\u201d, algunas veces se filtran all\u00ed. Si no te llega el correo electr\u00f3nico, puede ser que escribiste mal tu email, por lo que te pedimos que vuelvas a llenar tus datos en la p\u00e1gina anterior a esta y revisa que est\u00e9n bien escritos.<\/p>\n<p>Si deseas resolver tus dudas o recibir ayuda en tu proceso de inscripci\u00f3n, comun\u00edcate. \u00a1Ser\u00e1 un gusto atenderte como te mereces!<br \/>\n[\/et_pb_text][\/et_pb_column][\/et_pb_row][et_pb_row _builder_version=&#8221;4.16&#8243; global_colors_info=&#8221;{}&#8221; column_structure=&#8221;1_4,1_4,1_4,1_4&#8243;][et_pb_column type=&#8221;1_4&#8243; _builder_version=&#8221;4.16&#8243; custom_padding=&#8221;|||&#8221; global_colors_info=&#8221;{}&#8221; custom_padding__hover=&#8221;|||&#8221;][et_pb_blurb title=&#8221;PBX&#8221; image=&#8221;http:\/\/www.galileo.edu\/page\/wp-content\/uploads\/2019\/05\/telephone.png&#8221; image_icon_width=&#8221;25%&#8221; _builder_version=&#8221;4.21.2&#8243; header_font=&#8221;||||||||&#8221; header_text_align=&#8221;center&#8221; body_font=&#8221;||||||||&#8221; body_text_align=&#8221;center&#8221; text_orientation=&#8221;center&#8221; hover_enabled=&#8221;0&#8243; image_max_width=&#8221;25%&#8221; global_colors_info=&#8221;{}&#8221; sticky_enabled=&#8221;0&#8243;]<\/p>\n<p style=\"text-align: center;\">+502 2423-8000 Ext. 7582<\/p>\n<p>[\/et_pb_blurb][\/et_pb_column][et_pb_column type=&#8221;1_4&#8243; _builder_version=&#8221;4.16&#8243; custom_padding=&#8221;|||&#8221; global_colors_info=&#8221;{}&#8221; custom_padding__hover=&#8221;|||&#8221;][et_pb_blurb title=&#8221;Correo electr\u00f3nico&#8221; image=&#8221;http:\/\/www.galileo.edu\/page\/wp-content\/uploads\/2019\/05\/mail-1.png&#8221; image_icon_width=&#8221;25%&#8221; _builder_version=&#8221;4.21.2&#8243; header_font=&#8221;||||||||&#8221; header_text_align=&#8221;center&#8221; body_font=&#8221;||||||||&#8221; body_text_align=&#8221;center&#8221; text_orientation=&#8221;center&#8221; hover_enabled=&#8221;0&#8243; image_max_width=&#8221;25%&#8221; global_colors_info=&#8221;{}&#8221; sticky_enabled=&#8221;0&#8243;]<\/p>\n<p style=\"text-align: center;\"><a href=\"mailto:esa@galileo.edu\">esa@galileo.edu<\/a><\/p>\n<p>[\/et_pb_blurb][\/et_pb_column][et_pb_column type=&#8221;1_4&#8243; _builder_version=&#8221;4.16&#8243; custom_padding=&#8221;|||&#8221; global_colors_info=&#8221;{}&#8221; custom_padding__hover=&#8221;|||&#8221;][et_pb_blurb title=&#8221;Direcci\u00f3n&#8221; image=&#8221;http:\/\/www.galileo.edu\/page\/wp-content\/uploads\/2019\/05\/placeholder-1.png&#8221; image_icon_width=&#8221;25%&#8221; _builder_version=&#8221;4.21.2&#8243; header_font=&#8221;||||||||&#8221; header_text_align=&#8221;center&#8221; body_font=&#8221;||||||||&#8221; body_text_align=&#8221;center&#8221; text_orientation=&#8221;center&#8221; hover_enabled=&#8221;0&#8243; image_max_width=&#8221;25%&#8221; global_colors_info=&#8221;{}&#8221; sticky_enabled=&#8221;0&#8243;]<\/p>\n<p>7a ave calle Dr. Eduardo Suger Cofi\u00f1o zona 10, campus central Universidad Galileo. <span>Oficina 703, 7mo. Nivel Torre II, Cop\u00e9rnico<\/span><\/p>\n<p>[\/et_pb_blurb][\/et_pb_column][et_pb_column type=&#8221;1_4&#8243; _builder_version=&#8221;4.16&#8243; custom_padding=&#8221;|||&#8221; global_colors_info=&#8221;{}&#8221; custom_padding__hover=&#8221;|||&#8221;][et_pb_blurb title=&#8221;WhatsApp&#8221; image=&#8221;http:\/\/www.galileo.edu\/page\/wp-content\/uploads\/2021\/02\/whatsapp.png&#8221; image_icon_width=&#8221;25%&#8221; _builder_version=&#8221;4.21.2&#8243; header_font=&#8221;||||||||&#8221; header_text_align=&#8221;center&#8221; body_font=&#8221;||||||||&#8221; body_text_align=&#8221;center&#8221; text_orientation=&#8221;center&#8221; hover_enabled=&#8221;0&#8243; border_radii_image=&#8221;on|12px|12px|12px|12px&#8221; border_color_all_image=&#8221;#000000&#8243; image_max_width=&#8221;25%&#8221; global_colors_info=&#8221;{}&#8221; sticky_enabled=&#8221;0&#8243;]<\/p>\n<p style=\"text-align: center;\">2423-8000<\/p>\n<p>[\/et_pb_blurb][\/et_pb_column][\/et_pb_row][et_pb_row custom_padding_last_edited=&#8221;on|desktop&#8221; _builder_version=&#8221;4.16&#8243; custom_padding=&#8221;4%|0%|0%|0%|false|false&#8221; custom_padding_tablet=&#8221;&#8221; custom_padding_phone=&#8221;&#8221; global_colors_info=&#8221;{}&#8221;][et_pb_column type=&#8221;4_4&#8243; _builder_version=&#8221;4.16&#8243; custom_padding=&#8221;0%|0%|0%|0%&#8221; custom_padding_last_edited=&#8221;on|desktop&#8221; global_colors_info=&#8221;{}&#8221; padding_last_edited=&#8221;on|desktop&#8221; custom_padding__hover=&#8221;|||&#8221; custom_padding_tablet=&#8221;0%|0%|0%|0%&#8221; custom_padding_phone=&#8221;0%|0%|0%|0%&#8221;][et_pb_image src=&#8221;http:\/\/www.galileo.edu\/page\/wp-content\/uploads\/2020\/08\/logo_u_galileo.png&#8221; url=&#8221;http:\/\/www.galileo.edu&#8221; align=&#8221;center&#8221; align_tablet=&#8221;center&#8221; align_last_edited=&#8221;on|desktop&#8221; _builder_version=&#8221;4.16&#8243; max_width=&#8221;22%&#8221; max_width_tablet=&#8221;76%&#8221; max_width_phone=&#8221;64%&#8221; max_width_last_edited=&#8221;on|phone&#8221; global_colors_info=&#8221;{}&#8221; align_phone=&#8221;center&#8221;][\/et_pb_image][\/et_pb_column][\/et_pb_row][\/et_pb_section]<\/p>\n","protected":false},"excerpt":{"rendered":"<p>\u00a1Gracias por solicitar informaci\u00f3n de la Licenciatura en Tecnolog\u00eda Ac\u00fastica y Sonido Digital! Revisa tu correo electr\u00f3nico. En pocos minutos recibir\u00e1s la informaci\u00f3n que solicitaste. Ahora ingresa a Admisiones Galileo y s\u00edguenos. Si no recibes el correo con la informaci\u00f3n de parte de Admisiones Universidad Galileo en los pr\u00f3ximos minutos, busca en tu carpeta de [&hellip;]<\/p>\n","protected":false},"author":17,"featured_media":0,"parent":0,"menu_order":0,"comment_status":"closed","ping_status":"closed","template":"page-template-blank.php","meta":{"_et_pb_use_builder":"on","_et_pb_old_content":"<p>[et_pb_section bb_built=\"1\" _builder_version=\"3.0.47\"][et_pb_row _builder_version=\"3.0.47\" background_size=\"initial\" background_position=\"top_left\" background_repeat=\"repeat\"][et_pb_column type=\"1_2\"][et_pb_text _builder_version=\"3.2.2\" text_font=\"Raleway|700|||||||\" text_font_size=\"35px\" header_font=\"Raleway|700|||||||\" header_font_size=\"35px\" header_font_size_last_edited=\"on|desktop\" header_line_height=\"1.1em\"]<\/p><h1>\u00a1Gracias por solicitar informaci\u00f3n del Curso Tutor virtual!<\/h1><p>[\/et_pb_text][\/et_pb_column][et_pb_column type=\"1_2\"][et_pb_text _builder_version=\"3.2.2\"]<\/p><p>Revisa tu correo electr\u00f3nico. En pocos minutos recibir\u00e1s la informaci\u00f3n que solicitaste.<\/p><p>Si deseas resolver dudas o recibir ayuda en tu proceso de inscripci\u00f3n, comun\u00edcate. \u00a1Ser\u00e1 un gusto atenderte!<\/p><p>[\/et_pb_text][\/et_pb_column][\/et_pb_row][et_pb_row _builder_version=\"3.2.2\"][et_pb_column type=\"1_4\"][et_pb_blurb image_max_width=\"25%\" text_orientation=\"center\" title=\"WhatsApp\" image=\"http:\/\/www.galileo.edu\/page\/wp-content\/uploads\/2019\/05\/smartphone-1.png\" _builder_version=\"3.2.2\" header_font=\"||||||||\" header_text_align=\"center\" body_font=\"||||||||\" body_text_align=\"center\"]<\/p><p style=\"text-align: center;\">+502 5976 3418<\/p><p>[\/et_pb_blurb][\/et_pb_column][et_pb_column type=\"1_4\"][et_pb_blurb image_max_width=\"25%\" text_orientation=\"center\" title=\"PBX\" image=\"http:\/\/www.galileo.edu\/page\/wp-content\/uploads\/2019\/05\/telephone.png\" _builder_version=\"3.2.2\" header_font=\"||||||||\" header_text_align=\"center\" body_font=\"||||||||\" body_text_align=\"center\"]<\/p><p style=\"text-align: center;\">+502 2423-8000 extensi\u00f3n: 7417<\/p><p>[\/et_pb_blurb][\/et_pb_column][et_pb_column type=\"1_4\"][et_pb_blurb image_max_width=\"25%\" text_orientation=\"center\" title=\"Correo electr\u00f3nico\" image=\"http:\/\/www.galileo.edu\/page\/wp-content\/uploads\/2019\/05\/mail-1.png\" _builder_version=\"3.2.2\" header_font=\"||||||||\" header_text_align=\"center\" body_font=\"||||||||\" body_text_align=\"center\"]<\/p><p style=\"text-align: center;\"><a href=\"mailto:asistenteivn@galileo.edu\">asistenteivn@galileo.edu<\/a><\/p><p>[\/et_pb_blurb][\/et_pb_column][et_pb_column type=\"1_4\"][et_pb_blurb image_max_width=\"25%\" text_orientation=\"center\" title=\"Direcci\u00f3n\" image=\"http:\/\/www.galileo.edu\/page\/wp-content\/uploads\/2019\/05\/placeholder-1.png\" _builder_version=\"3.2.2\" header_font=\"||||||||\" header_text_align=\"center\" body_font=\"||||||||\" body_text_align=\"center\"]<\/p><p>Oficina 414 nivel 4 torre I Galileo<\/p><p>7a ave calle Dr. Eduardo Suger Cofi\u00f1o zona 10, campus central Universidad Galileo<\/p><p>[\/et_pb_blurb][\/et_pb_column][\/et_pb_row][et_pb_row custom_padding=\"60px|0px|27px|0px|false|false\" _builder_version=\"3.2.2\"][et_pb_column type=\"1_2\"][et_pb_image src=\"http:\/\/www.galileo.edu\/page\/wp-content\/uploads\/2019\/04\/Logo-Galileo.png\" align=\"center\" _builder_version=\"3.2.2\" max_width=\"50%\" \/][\/et_pb_column][et_pb_column type=\"1_2\"][et_pb_image src=\"http:\/\/www.galileo.edu\/page\/wp-content\/uploads\/2019\/04\/Logo-IVN.png\" align=\"center\" _builder_version=\"3.2.2\" max_width=\"55%\" \/][\/et_pb_column][\/et_pb_row][\/et_pb_section]<\/p>","_et_gb_content_width":""},"yoast_head":"<!-- This site is optimized with the Yoast SEO plugin v20.13 - https:\/\/yoast.com\/wordpress\/plugins\/seo\/ -->\n<title>Gracias Licenciatura en Tecnolog\u00eda Ac\u00fastica y Sonido Digital<\/title>\n<meta name=\"description\" content=\"Gracias por solicitar informaci\u00f3n de la Licenciatura en Tecnolog\u00eda Ac\u00fastica y Sonido Digital, pronto te llegar\u00e1 un correo con todo lo que necesitas saber\" \/>\n<meta name=\"robots\" content=\"index, follow, max-snippet:-1, max-image-preview:large, max-video-preview:-1\" \/>\n<link rel=\"canonical\" href=\"https:\/\/www.galileo.edu\/page\/gracias-licenciatura-tecnologia-acustica-sonido-digital\/\" \/>\n<meta property=\"og:locale\" content=\"en_US\" \/>\n<meta property=\"og:type\" content=\"article\" \/>\n<meta property=\"og:title\" content=\"Gracias Licenciatura en Tecnolog\u00eda Ac\u00fastica y Sonido Digital\" \/>\n<meta property=\"og:description\" content=\"Gracias por solicitar informaci\u00f3n de la Licenciatura en Tecnolog\u00eda Ac\u00fastica y Sonido Digital, pronto te llegar\u00e1 un correo con todo lo que necesitas saber\" \/>\n<meta property=\"og:url\" content=\"https:\/\/www.galileo.edu\/page\/gracias-licenciatura-tecnologia-acustica-sonido-digital\/\" \/>\n<meta property=\"og:site_name\" content=\"Universidad Galileo\" \/>\n<meta property=\"article:modified_time\" content=\"2025-01-14T21:15:50+00:00\" \/>\n<meta name=\"twitter:card\" content=\"summary_large_image\" \/>\n<meta name=\"twitter:label1\" content=\"Est. reading time\" \/>\n\t<meta name=\"twitter:data1\" content=\"4 minutes\" \/>\n<script type=\"application\/ld+json\" class=\"yoast-schema-graph\">{\"@context\":\"https:\/\/schema.org\",\"@graph\":[{\"@type\":\"WebPage\",\"@id\":\"https:\/\/www.galileo.edu\/page\/gracias-licenciatura-tecnologia-acustica-sonido-digital\/\",\"url\":\"https:\/\/www.galileo.edu\/page\/gracias-licenciatura-tecnologia-acustica-sonido-digital\/\",\"name\":\"Gracias Licenciatura en Tecnolog\u00eda Ac\u00fastica y Sonido Digital\",\"isPartOf\":{\"@id\":\"https:\/\/www.galileo.edu\/page\/#website\"},\"datePublished\":\"2022-12-20T19:20:27+00:00\",\"dateModified\":\"2025-01-14T21:15:50+00:00\",\"description\":\"Gracias por solicitar informaci\u00f3n de la Licenciatura en Tecnolog\u00eda Ac\u00fastica y Sonido Digital, pronto te llegar\u00e1 un correo con todo lo que necesitas saber\",\"breadcrumb\":{\"@id\":\"https:\/\/www.galileo.edu\/page\/gracias-licenciatura-tecnologia-acustica-sonido-digital\/#breadcrumb\"},\"inLanguage\":\"en-US\",\"potentialAction\":[{\"@type\":\"ReadAction\",\"target\":[\"https:\/\/www.galileo.edu\/page\/gracias-licenciatura-tecnologia-acustica-sonido-digital\/\"]}]},{\"@type\":\"BreadcrumbList\",\"@id\":\"https:\/\/www.galileo.edu\/page\/gracias-licenciatura-tecnologia-acustica-sonido-digital\/#breadcrumb\",\"itemListElement\":[{\"@type\":\"ListItem\",\"position\":1,\"name\":\"Home\",\"item\":\"https:\/\/www.galileo.edu\/page\/home\/\"},{\"@type\":\"ListItem\",\"position\":2,\"name\":\"Gracias Licenciatura en Tecnolog\u00eda Ac\u00fastica y Sonido Digital\"}]},{\"@type\":\"WebSite\",\"@id\":\"https:\/\/www.galileo.edu\/page\/#website\",\"url\":\"https:\/\/www.galileo.edu\/page\/\",\"name\":\"Universidad Galileo\",\"description\":\"La revoluci\u00f3n en la educaci\u00f3n\",\"potentialAction\":[{\"@type\":\"SearchAction\",\"target\":{\"@type\":\"EntryPoint\",\"urlTemplate\":\"https:\/\/www.galileo.edu\/page\/?s={search_term_string}\"},\"query-input\":\"required name=search_term_string\"}],\"inLanguage\":\"en-US\"}]}<\/script>\n<!-- \/ Yoast SEO plugin. -->","yoast_head_json":{"title":"Gracias Licenciatura en Tecnolog\u00eda Ac\u00fastica y Sonido Digital","description":"Gracias por solicitar informaci\u00f3n de la Licenciatura en Tecnolog\u00eda Ac\u00fastica y Sonido Digital, pronto te llegar\u00e1 un correo con todo lo que necesitas saber","robots":{"index":"index","follow":"follow","max-snippet":"max-snippet:-1","max-image-preview":"max-image-preview:large","max-video-preview":"max-video-preview:-1"},"canonical":"https:\/\/www.galileo.edu\/page\/gracias-licenciatura-tecnologia-acustica-sonido-digital\/","og_locale":"en_US","og_type":"article","og_title":"Gracias Licenciatura en Tecnolog\u00eda Ac\u00fastica y Sonido Digital","og_description":"Gracias por solicitar informaci\u00f3n de la Licenciatura en Tecnolog\u00eda Ac\u00fastica y Sonido Digital, pronto te llegar\u00e1 un correo con todo lo que necesitas saber","og_url":"https:\/\/www.galileo.edu\/page\/gracias-licenciatura-tecnologia-acustica-sonido-digital\/","og_site_name":"Universidad Galileo","article_modified_time":"2025-01-14T21:15:50+00:00","twitter_card":"summary_large_image","twitter_misc":{"Est. reading time":"4 minutes"},"schema":{"@context":"https:\/\/schema.org","@graph":[{"@type":"WebPage","@id":"https:\/\/www.galileo.edu\/page\/gracias-licenciatura-tecnologia-acustica-sonido-digital\/","url":"https:\/\/www.galileo.edu\/page\/gracias-licenciatura-tecnologia-acustica-sonido-digital\/","name":"Gracias Licenciatura en Tecnolog\u00eda Ac\u00fastica y Sonido Digital","isPartOf":{"@id":"https:\/\/www.galileo.edu\/page\/#website"},"datePublished":"2022-12-20T19:20:27+00:00","dateModified":"2025-01-14T21:15:50+00:00","description":"Gracias por solicitar informaci\u00f3n de la Licenciatura en Tecnolog\u00eda Ac\u00fastica y Sonido Digital, pronto te llegar\u00e1 un correo con todo lo que necesitas saber","breadcrumb":{"@id":"https:\/\/www.galileo.edu\/page\/gracias-licenciatura-tecnologia-acustica-sonido-digital\/#breadcrumb"},"inLanguage":"en-US","potentialAction":[{"@type":"ReadAction","target":["https:\/\/www.galileo.edu\/page\/gracias-licenciatura-tecnologia-acustica-sonido-digital\/"]}]},{"@type":"BreadcrumbList","@id":"https:\/\/www.galileo.edu\/page\/gracias-licenciatura-tecnologia-acustica-sonido-digital\/#breadcrumb","itemListElement":[{"@type":"ListItem","position":1,"name":"Home","item":"https:\/\/www.galileo.edu\/page\/home\/"},{"@type":"ListItem","position":2,"name":"Gracias Licenciatura en Tecnolog\u00eda Ac\u00fastica y Sonido Digital"}]},{"@type":"WebSite","@id":"https:\/\/www.galileo.edu\/page\/#website","url":"https:\/\/www.galileo.edu\/page\/","name":"Universidad Galileo","description":"La revoluci\u00f3n en la educaci\u00f3n","potentialAction":[{"@type":"SearchAction","target":{"@type":"EntryPoint","urlTemplate":"https:\/\/www.galileo.edu\/page\/?s={search_term_string}"},"query-input":"required name=search_term_string"}],"inLanguage":"en-US"}]}},"_links":{"self":[{"href":"https:\/\/www.galileo.edu\/page\/wp-json\/wp\/v2\/pages\/65810"}],"collection":[{"href":"https:\/\/www.galileo.edu\/page\/wp-json\/wp\/v2\/pages"}],"about":[{"href":"https:\/\/www.galileo.edu\/page\/wp-json\/wp\/v2\/types\/page"}],"author":[{"embeddable":true,"href":"https:\/\/www.galileo.edu\/page\/wp-json\/wp\/v2\/users\/17"}],"replies":[{"embeddable":true,"href":"https:\/\/www.galileo.edu\/page\/wp-json\/wp\/v2\/comments?post=65810"}],"version-history":[{"count":3,"href":"https:\/\/www.galileo.edu\/page\/wp-json\/wp\/v2\/pages\/65810\/revisions"}],"predecessor-version":[{"id":93698,"href":"https:\/\/www.galileo.edu\/page\/wp-json\/wp\/v2\/pages\/65810\/revisions\/93698"}],"wp:attachment":[{"href":"https:\/\/www.galileo.edu\/page\/wp-json\/wp\/v2\/media?parent=65810"}],"curies":[{"name":"wp","href":"https:\/\/api.w.org\/{rel}","templated":true}]}}