{"id":64847,"date":"2022-12-01T21:39:12","date_gmt":"2022-12-01T21:39:12","guid":{"rendered":"https:\/\/www.galileo.edu\/page\/?page_id=64847"},"modified":"2022-12-01T21:42:20","modified_gmt":"2022-12-01T21:42:20","slug":"gracias-registro-seminario-investigacion-maestria-direccion-produccion-elearning-2022","status":"publish","type":"page","link":"https:\/\/www.galileo.edu\/page\/gracias-registro-seminario-investigacion-maestria-direccion-produccion-elearning-2022\/","title":{"rendered":"Gracias Seminario de Investigaci\u00f3n de la Maestr\u00eda en Direcci\u00f3n y  Producci\u00f3n de e-Learning promoci\u00f3n 2022"},"content":{"rendered":"<p>[et_pb_section fb_built=&#8221;1&#8243; disabled_on=&#8221;on|off|off&#8221; _builder_version=&#8221;3.2.2&#8243; use_background_color_gradient=&#8221;on&#8221; background_color_gradient_start=&#8221;#004B99&#8243; background_color_gradient_end=&#8221;rgba(0,0,0,0.45)&#8221; background_color_gradient_direction=&#8221;6deg&#8221; background_color_gradient_start_position=&#8221;28%&#8221; background_color_gradient_end_position=&#8221;56%&#8221; background_color_gradient_overlays_image=&#8221;on&#8221; background_image=&#8221;http:\/\/www.galileo.edu\/page\/wp-content\/uploads\/2022\/12\/shutterstock_2147518745-1.jpg&#8221; custom_padding=&#8221;54px|0px|0|0px|false|false&#8221;][et_pb_row _builder_version=&#8221;3.2.2&#8243;][et_pb_column type=&#8221;4_4&#8243; _builder_version=&#8221;3.0.47&#8243; parallax=&#8221;off&#8221; parallax_method=&#8221;on&#8221;][\/et_pb_column][\/et_pb_row][et_pb_row custom_padding=&#8221;27px|0px|0|0px|false|false&#8221; custom_margin=&#8221;|||117px&#8221; _builder_version=&#8221;3.2.2&#8243; module_alignment=&#8221;left&#8221;][et_pb_column type=&#8221;4_4&#8243; _builder_version=&#8221;3.2.2&#8243; parallax=&#8221;off&#8221; parallax_method=&#8221;on&#8221;][et_pb_image src=&#8221;http:\/\/www.galileo.edu\/page\/wp-content\/uploads\/2022\/12\/Recurso-1.png&#8221; _builder_version=&#8221;3.2.2&#8243; max_width=&#8221;82%&#8221; module_alignment=&#8221;left&#8221;][\/et_pb_image][\/et_pb_column][\/et_pb_row][\/et_pb_section][et_pb_section fb_built=&#8221;1&#8243; disabled_on=&#8221;off|on|on&#8221; _builder_version=&#8221;3.2.2&#8243; background_color_gradient_direction=&#8221;6deg&#8221; background_image=&#8221;http:\/\/www.galileo.edu\/page\/wp-content\/uploads\/2022\/12\/shutterstock_2147518745-1.jpg&#8221; custom_padding=&#8221;283px||0px||false|false&#8221; bottom_divider_style=&#8221;arrow3&#8243; bottom_divider_color=&#8221;#004b99&#8243;][\/et_pb_section][et_pb_section fb_built=&#8221;1&#8243; _builder_version=&#8221;3.2.2&#8243; background_color=&#8221;#004b99&#8243; custom_padding=&#8221;18px|0px|54px|0px|false|false&#8221;][et_pb_row custom_padding=&#8221;0|0px|27px|0px|false|false&#8221; _builder_version=&#8221;3.2.2&#8243;][et_pb_column type=&#8221;4_4&#8243; _builder_version=&#8221;3.2.2&#8243; parallax=&#8221;off&#8221; parallax_method=&#8221;on&#8221;][et_pb_text _builder_version=&#8221;3.2.2&#8243; text_font=&#8221;Poppins||||||||&#8221; text_text_color=&#8221;#04275D&#8221; text_font_size=&#8221;20px&#8221; header_font=&#8221;||||||||&#8221; header_text_color=&#8221;#ffffff&#8221; header_font_size=&#8221;53px&#8221; text_orientation=&#8221;center&#8221; header_font_size_last_edited=&#8221;on|phone&#8221; header_font_size_phone=&#8221;39px&#8221;]<\/p>\n<h1><b>\u00a1Gracias por registrarte al seminario!<\/b><\/h1>\n<p>[\/et_pb_text][et_pb_text _builder_version=&#8221;3.2.2&#8243; text_font=&#8221;Poppins||||||||&#8221; text_text_color=&#8221;#ffffff&#8221; text_font_size=&#8221;20px&#8221; text_orientation=&#8221;center&#8221;]<\/p>\n<p><b>Revisa tu correo electr\u00f3nico.<\/b> En pocos minutos recibir\u00e1s la informaci\u00f3n que solicitaste. Si no recibes el correo con la informaci\u00f3n de parte de Universidad Galileo en los pr\u00f3ximos minutos,<b> busca en tus otras carpetas de correo como \u201cPromociones\u201d, \u201cNotificaciones\u201d o \u201cNewsletter\u201d, o bien en \u201cNo deseado\u201d o \u201cSpam\u201d, algunas veces se filtran all\u00ed<\/b>. Si no te llega el correo electr\u00f3nico, puede ser que escribiste mal tu email, por lo que te pedimos que vuelvas a llenar tus datos en la p\u00e1gina anterior a esta y revisa que est\u00e9n bien escritos.<\/p>\n<p>Agenda la fecha, el seminario\u00a0 ser\u00e1 el:\u00a0<b style=\"font-size: 20px;\">jueves 8 de diciembre<\/b><span style=\"font-size: 20px;\">\u00a0del a\u00f1o 2022 a las <\/span><b style=\"font-size: 20px;\">18:00 horas Guatemala<\/b><span style=\"font-size: 20px;\"> (UTC-6).<\/span><\/p>\n<p>[\/et_pb_text][\/et_pb_column][\/et_pb_row][\/et_pb_section][et_pb_section fb_built=&#8221;1&#8243; _builder_version=&#8221;3.2.2&#8243; background_color=&#8221;#000000&#8243; custom_padding=&#8221;0|0px|28px|0px|false|false&#8221;][et_pb_row custom_padding=&#8221;47px|0px|0|0px|false|false&#8221; _builder_version=&#8221;3.2.2&#8243;][et_pb_column type=&#8221;1_3&#8243; _builder_version=&#8221;3.0.47&#8243; parallax=&#8221;off&#8221; parallax_method=&#8221;on&#8221;][et_pb_blurb title=&#8221;Tel\u00e9fono&#8221; _builder_version=&#8221;3.2.2&#8243; header_font=&#8221;Poppins|700|||||||&#8221; header_text_align=&#8221;center&#8221; header_text_color=&#8221;#ffffff&#8221; body_font=&#8221;Poppins|300|||||||&#8221; body_text_color=&#8221;#ffffff&#8221; text_orientation=&#8221;center&#8221;] <span style=\"font-weight: 400;\">+502 2423-8000 Ext. 7119 y 7272<\/span><br \/>\n[\/et_pb_blurb][\/et_pb_column][et_pb_column type=&#8221;1_3&#8243; _builder_version=&#8221;3.0.47&#8243; parallax=&#8221;off&#8221; parallax_method=&#8221;on&#8221;][et_pb_blurb title=&#8221;Correo Electr\u00f3nico&#8221; _builder_version=&#8221;3.2.2&#8243; header_font=&#8221;Poppins|700|||||||&#8221; header_text_align=&#8221;center&#8221; header_text_color=&#8221;#ffffff&#8221; body_font=&#8221;Poppins|300|||||||&#8221; body_text_color=&#8221;#ffffff&#8221; text_orientation=&#8221;center&#8221;] <a href=\"mailto:mti@galileo.edu\"><span style=\"color: #ffffff;\">mti@galileo.edu<\/span><\/a><br \/>\n[\/et_pb_blurb][\/et_pb_column][et_pb_column type=&#8221;1_3&#8243; _builder_version=&#8221;3.0.47&#8243; parallax=&#8221;off&#8221; parallax_method=&#8221;on&#8221;][et_pb_blurb title=&#8221;Direcci\u00f3n&#8221; icon_placement=&#8221;left&#8221; _builder_version=&#8221;3.2.2&#8243; header_font=&#8221;Poppins|700|||||||&#8221; header_text_align=&#8221;center&#8221; header_text_color=&#8221;#ffffff&#8221; body_font=&#8221;Poppins|300|||||||&#8221; body_text_color=&#8221;#ffffff&#8221;]<\/p>\n<p style=\"text-align: center;\"><span style=\"font-weight: 400;\">Facultad de Ingenier\u00eda de Sistemas, Inform\u00e1tica y Ciencias de la Computaci\u00f3n,\u00a0<\/span><span style=\"font-weight: 400;\">Torre 1 (Galileo), nivel 2, oficina 201. Campus Central, Universidad Galileo<\/span><\/p>\n<p>[\/et_pb_blurb][\/et_pb_column][\/et_pb_row][et_pb_row custom_padding=&#8221;|||&#8221; custom_margin=&#8221;|||&#8221; _builder_version=&#8221;3.2.2&#8243; custom_margin_last_edited=&#8221;on|desktop&#8221;][et_pb_column type=&#8221;4_4&#8243; _builder_version=&#8221;3.0.47&#8243; parallax=&#8221;off&#8221; parallax_method=&#8221;on&#8221;][et_pb_image src=&#8221;http:\/\/www.galileo.edu\/page\/wp-content\/uploads\/2022\/06\/Logo-Galileo_Blanco-4.png&#8221; _builder_version=&#8221;3.2.2&#8243; max_width=&#8221;19%&#8221; max_width_tablet=&#8221;31%&#8221; max_width_phone=&#8221;46%&#8221; max_width_last_edited=&#8221;on|phone&#8221; module_alignment=&#8221;center&#8221;][\/et_pb_image][\/et_pb_column][\/et_pb_row][\/et_pb_section]<\/p>\n","protected":false},"excerpt":{"rendered":"<p>\u00a1Gracias por registrarte al seminario!Revisa tu correo electr\u00f3nico. En pocos minutos recibir\u00e1s la informaci\u00f3n que solicitaste. Si no recibes el correo con la informaci\u00f3n de parte de Universidad Galileo en los pr\u00f3ximos minutos, busca en tus otras carpetas de correo como \u201cPromociones\u201d, \u201cNotificaciones\u201d o \u201cNewsletter\u201d, o bien en \u201cNo deseado\u201d o \u201cSpam\u201d, algunas veces se [&hellip;]<\/p>\n","protected":false},"author":10,"featured_media":64776,"parent":0,"menu_order":0,"comment_status":"closed","ping_status":"closed","template":"page-template-blank.php","meta":{"_et_pb_use_builder":"on","_et_pb_old_content":"","_et_gb_content_width":""},"yoast_head":"<!-- This site is optimized with the Yoast SEO plugin v20.13 - https:\/\/yoast.com\/wordpress\/plugins\/seo\/ -->\n<title>Seminario de Investigaci\u00f3n de la Maestr\u00eda en Direcci\u00f3n y Producci\u00f3n de e-Learning promoci\u00f3n 2022<\/title>\n<meta name=\"description\" content=\"Como requisito para finalizar la Maestr\u00eda en Direcci\u00f3n y Producci\u00f3n de e-Learning en el \u00faltimo a\u00f1o los estudiantes llevan un curso llamado Seminario de Investigaci\u00f3n en el cual cada estudiante busca un tema relacionado a la maestr\u00eda y realiza una investigaci\u00f3n esto es para poder culminar su carrera donde pone en pr\u00e1ctica lo aprendido en los 2 a\u00f1os.\" \/>\n<meta name=\"robots\" content=\"index, follow, max-snippet:-1, max-image-preview:large, max-video-preview:-1\" \/>\n<link rel=\"canonical\" href=\"https:\/\/www.galileo.edu\/page\/gracias-registro-seminario-investigacion-maestria-direccion-produccion-elearning-2022\/\" \/>\n<meta property=\"og:locale\" content=\"en_US\" \/>\n<meta property=\"og:type\" content=\"article\" \/>\n<meta property=\"og:title\" content=\"Seminario de Investigaci\u00f3n de la Maestr\u00eda en Direcci\u00f3n y Producci\u00f3n de e-Learning promoci\u00f3n 2022\" \/>\n<meta property=\"og:description\" content=\"Como requisito para finalizar la Maestr\u00eda en Direcci\u00f3n y Producci\u00f3n de e-Learning en el \u00faltimo a\u00f1o los estudiantes llevan un curso llamado Seminario de Investigaci\u00f3n en el cual cada estudiante busca un tema relacionado a la maestr\u00eda y realiza una investigaci\u00f3n esto es para poder culminar su carrera donde pone en pr\u00e1ctica lo aprendido en los 2 a\u00f1os.\" \/>\n<meta property=\"og:url\" content=\"https:\/\/www.galileo.edu\/page\/gracias-registro-seminario-investigacion-maestria-direccion-produccion-elearning-2022\/\" \/>\n<meta property=\"og:site_name\" content=\"Universidad Galileo\" \/>\n<meta property=\"article:modified_time\" content=\"2022-12-01T21:42:20+00:00\" \/>\n<meta property=\"og:image\" content=\"http:\/\/www.galileo.edu\/page\/wp-content\/uploads\/2022\/12\/eventos.jpg\" \/>\n\t<meta property=\"og:image:width\" content=\"554\" \/>\n\t<meta property=\"og:image:height\" content=\"675\" \/>\n\t<meta property=\"og:image:type\" content=\"image\/jpeg\" \/>\n<meta name=\"twitter:card\" content=\"summary_large_image\" \/>\n<meta name=\"twitter:label1\" content=\"Est. reading time\" \/>\n\t<meta name=\"twitter:data1\" content=\"4 minutes\" \/>\n<script type=\"application\/ld+json\" class=\"yoast-schema-graph\">{\"@context\":\"https:\/\/schema.org\",\"@graph\":[{\"@type\":\"WebPage\",\"@id\":\"https:\/\/www.galileo.edu\/page\/gracias-registro-seminario-investigacion-maestria-direccion-produccion-elearning-2022\/\",\"url\":\"https:\/\/www.galileo.edu\/page\/gracias-registro-seminario-investigacion-maestria-direccion-produccion-elearning-2022\/\",\"name\":\"Seminario de Investigaci\u00f3n de la Maestr\u00eda en Direcci\u00f3n y Producci\u00f3n de e-Learning promoci\u00f3n 2022\",\"isPartOf\":{\"@id\":\"https:\/\/www.galileo.edu\/page\/#website\"},\"datePublished\":\"2022-12-01T21:39:12+00:00\",\"dateModified\":\"2022-12-01T21:42:20+00:00\",\"description\":\"Como requisito para finalizar la Maestr\u00eda en Direcci\u00f3n y Producci\u00f3n de e-Learning en el \u00faltimo a\u00f1o los estudiantes llevan un curso llamado Seminario de Investigaci\u00f3n en el cual cada estudiante busca un tema relacionado a la maestr\u00eda y realiza una investigaci\u00f3n esto es para poder culminar su carrera donde pone en pr\u00e1ctica lo aprendido en los 2 a\u00f1os.\",\"breadcrumb\":{\"@id\":\"https:\/\/www.galileo.edu\/page\/gracias-registro-seminario-investigacion-maestria-direccion-produccion-elearning-2022\/#breadcrumb\"},\"inLanguage\":\"en-US\",\"potentialAction\":[{\"@type\":\"ReadAction\",\"target\":[\"https:\/\/www.galileo.edu\/page\/gracias-registro-seminario-investigacion-maestria-direccion-produccion-elearning-2022\/\"]}]},{\"@type\":\"BreadcrumbList\",\"@id\":\"https:\/\/www.galileo.edu\/page\/gracias-registro-seminario-investigacion-maestria-direccion-produccion-elearning-2022\/#breadcrumb\",\"itemListElement\":[{\"@type\":\"ListItem\",\"position\":1,\"name\":\"Home\",\"item\":\"https:\/\/www.galileo.edu\/page\/home\/\"},{\"@type\":\"ListItem\",\"position\":2,\"name\":\"Gracias Seminario de Investigaci\u00f3n de la Maestr\u00eda en Direcci\u00f3n y Producci\u00f3n de e-Learning promoci\u00f3n 2022\"}]},{\"@type\":\"WebSite\",\"@id\":\"https:\/\/www.galileo.edu\/page\/#website\",\"url\":\"https:\/\/www.galileo.edu\/page\/\",\"name\":\"Universidad Galileo\",\"description\":\"La revoluci\u00f3n en la educaci\u00f3n\",\"potentialAction\":[{\"@type\":\"SearchAction\",\"target\":{\"@type\":\"EntryPoint\",\"urlTemplate\":\"https:\/\/www.galileo.edu\/page\/?s={search_term_string}\"},\"query-input\":\"required name=search_term_string\"}],\"inLanguage\":\"en-US\"}]}<\/script>\n<!-- \/ Yoast SEO plugin. -->","yoast_head_json":{"title":"Seminario de Investigaci\u00f3n de la Maestr\u00eda en Direcci\u00f3n y Producci\u00f3n de e-Learning promoci\u00f3n 2022","description":"Como requisito para finalizar la Maestr\u00eda en Direcci\u00f3n y Producci\u00f3n de e-Learning en el \u00faltimo a\u00f1o los estudiantes llevan un curso llamado Seminario de Investigaci\u00f3n en el cual cada estudiante busca un tema relacionado a la maestr\u00eda y realiza una investigaci\u00f3n esto es para poder culminar su carrera donde pone en pr\u00e1ctica lo aprendido en los 2 a\u00f1os.","robots":{"index":"index","follow":"follow","max-snippet":"max-snippet:-1","max-image-preview":"max-image-preview:large","max-video-preview":"max-video-preview:-1"},"canonical":"https:\/\/www.galileo.edu\/page\/gracias-registro-seminario-investigacion-maestria-direccion-produccion-elearning-2022\/","og_locale":"en_US","og_type":"article","og_title":"Seminario de Investigaci\u00f3n de la Maestr\u00eda en Direcci\u00f3n y Producci\u00f3n de e-Learning promoci\u00f3n 2022","og_description":"Como requisito para finalizar la Maestr\u00eda en Direcci\u00f3n y Producci\u00f3n de e-Learning en el \u00faltimo a\u00f1o los estudiantes llevan un curso llamado Seminario de Investigaci\u00f3n en el cual cada estudiante busca un tema relacionado a la maestr\u00eda y realiza una investigaci\u00f3n esto es para poder culminar su carrera donde pone en pr\u00e1ctica lo aprendido en los 2 a\u00f1os.","og_url":"https:\/\/www.galileo.edu\/page\/gracias-registro-seminario-investigacion-maestria-direccion-produccion-elearning-2022\/","og_site_name":"Universidad Galileo","article_modified_time":"2022-12-01T21:42:20+00:00","og_image":[{"width":554,"height":675,"url":"http:\/\/www.galileo.edu\/page\/wp-content\/uploads\/2022\/12\/eventos.jpg","type":"image\/jpeg"}],"twitter_card":"summary_large_image","twitter_misc":{"Est. reading time":"4 minutes"},"schema":{"@context":"https:\/\/schema.org","@graph":[{"@type":"WebPage","@id":"https:\/\/www.galileo.edu\/page\/gracias-registro-seminario-investigacion-maestria-direccion-produccion-elearning-2022\/","url":"https:\/\/www.galileo.edu\/page\/gracias-registro-seminario-investigacion-maestria-direccion-produccion-elearning-2022\/","name":"Seminario de Investigaci\u00f3n de la Maestr\u00eda en Direcci\u00f3n y Producci\u00f3n de e-Learning promoci\u00f3n 2022","isPartOf":{"@id":"https:\/\/www.galileo.edu\/page\/#website"},"datePublished":"2022-12-01T21:39:12+00:00","dateModified":"2022-12-01T21:42:20+00:00","description":"Como requisito para finalizar la Maestr\u00eda en Direcci\u00f3n y Producci\u00f3n de e-Learning en el \u00faltimo a\u00f1o los estudiantes llevan un curso llamado Seminario de Investigaci\u00f3n en el cual cada estudiante busca un tema relacionado a la maestr\u00eda y realiza una investigaci\u00f3n esto es para poder culminar su carrera donde pone en pr\u00e1ctica lo aprendido en los 2 a\u00f1os.","breadcrumb":{"@id":"https:\/\/www.galileo.edu\/page\/gracias-registro-seminario-investigacion-maestria-direccion-produccion-elearning-2022\/#breadcrumb"},"inLanguage":"en-US","potentialAction":[{"@type":"ReadAction","target":["https:\/\/www.galileo.edu\/page\/gracias-registro-seminario-investigacion-maestria-direccion-produccion-elearning-2022\/"]}]},{"@type":"BreadcrumbList","@id":"https:\/\/www.galileo.edu\/page\/gracias-registro-seminario-investigacion-maestria-direccion-produccion-elearning-2022\/#breadcrumb","itemListElement":[{"@type":"ListItem","position":1,"name":"Home","item":"https:\/\/www.galileo.edu\/page\/home\/"},{"@type":"ListItem","position":2,"name":"Gracias Seminario de Investigaci\u00f3n de la Maestr\u00eda en Direcci\u00f3n y Producci\u00f3n de e-Learning promoci\u00f3n 2022"}]},{"@type":"WebSite","@id":"https:\/\/www.galileo.edu\/page\/#website","url":"https:\/\/www.galileo.edu\/page\/","name":"Universidad Galileo","description":"La revoluci\u00f3n en la educaci\u00f3n","potentialAction":[{"@type":"SearchAction","target":{"@type":"EntryPoint","urlTemplate":"https:\/\/www.galileo.edu\/page\/?s={search_term_string}"},"query-input":"required name=search_term_string"}],"inLanguage":"en-US"}]}},"_links":{"self":[{"href":"https:\/\/www.galileo.edu\/page\/wp-json\/wp\/v2\/pages\/64847"}],"collection":[{"href":"https:\/\/www.galileo.edu\/page\/wp-json\/wp\/v2\/pages"}],"about":[{"href":"https:\/\/www.galileo.edu\/page\/wp-json\/wp\/v2\/types\/page"}],"author":[{"embeddable":true,"href":"https:\/\/www.galileo.edu\/page\/wp-json\/wp\/v2\/users\/10"}],"replies":[{"embeddable":true,"href":"https:\/\/www.galileo.edu\/page\/wp-json\/wp\/v2\/comments?post=64847"}],"version-history":[{"count":11,"href":"https:\/\/www.galileo.edu\/page\/wp-json\/wp\/v2\/pages\/64847\/revisions"}],"predecessor-version":[{"id":64862,"href":"https:\/\/www.galileo.edu\/page\/wp-json\/wp\/v2\/pages\/64847\/revisions\/64862"}],"wp:featuredmedia":[{"embeddable":true,"href":"https:\/\/www.galileo.edu\/page\/wp-json\/wp\/v2\/media\/64776"}],"wp:attachment":[{"href":"https:\/\/www.galileo.edu\/page\/wp-json\/wp\/v2\/media?parent=64847"}],"curies":[{"name":"wp","href":"https:\/\/api.w.org\/{rel}","templated":true}]}}