{"id":64285,"date":"2022-11-25T20:18:08","date_gmt":"2022-11-25T20:18:08","guid":{"rendered":"https:\/\/www.galileo.edu\/page\/?page_id=64285"},"modified":"2023-02-21T16:59:51","modified_gmt":"2023-02-21T16:59:51","slug":"biblioteca-galileo","status":"publish","type":"page","link":"https:\/\/www.galileo.edu\/page\/biblioteca-galileo\/","title":{"rendered":"Biblioteca Galileo"},"content":{"rendered":"<p>[et_pb_section fb_built=&#8221;1&#8243; fullwidth=&#8221;on&#8221; _builder_version=&#8221;3.2.2&#8243; global_module=&#8221;68177&#8243; saved_tabs=&#8221;all&#8221;][et_pb_fullwidth_menu menu_id=&#8221;102&#8243; submenu_direction=&#8221;downwards&#8221; fullwidth_menu=&#8221;off&#8221; _builder_version=&#8221;3.2.2&#8243; menu_font=&#8221;Poppins||||||||&#8221; menu_text_color=&#8221;#ffffff&#8221; menu_font_size=&#8221;20px&#8221; background_color=&#8221;#444444&#8243; custom_margin=&#8221;|||&#8221; custom_padding=&#8221;16px||16px|&#8221;][\/et_pb_fullwidth_menu][\/et_pb_section][et_pb_section fb_built=&#8221;1&#8243; _builder_version=&#8221;3.2.2&#8243; use_background_color_gradient=&#8221;on&#8221; background_color_gradient_start=&#8221;rgba(0,0,0,0.6)&#8221; background_color_gradient_end=&#8221;rgba(0,0,0,0.93)&#8221; background_color_gradient_overlays_image=&#8221;on&#8221; background_image=&#8221;http:\/\/www.galileo.edu\/page\/wp-content\/uploads\/2022\/11\/Banner_03-1.jpg&#8221; background_position=&#8221;top_center&#8221; custom_margin=&#8221;|||&#8221; custom_padding=&#8221;250px|0px|250px|0px|false|false&#8221; bottom_divider_color=&#8221;#ffffff&#8221; bottom_divider_height=&#8221;124px&#8221;][et_pb_row use_custom_width=&#8221;on&#8221; custom_width_px=&#8221;1400px&#8221; _builder_version=&#8221;3.2.2&#8243;][et_pb_column type=&#8221;4_4&#8243; _builder_version=&#8221;3.0.47&#8243; parallax=&#8221;off&#8221; parallax_method=&#8221;on&#8221;][et_pb_text disabled_on=&#8221;off|off|off&#8221; _builder_version=&#8221;3.2.2&#8243; text_font=&#8221;Poppins|600|||||||&#8221; text_text_color=&#8221;#ffffff&#8221; text_font_size=&#8221;70px&#8221; text_font_size_phone=&#8221;60px&#8221; text_font_size_last_edited=&#8221;on|phone&#8221; text_letter_spacing=&#8221;-1px&#8221; text_line_height=&#8221;1.3em&#8221;]<\/p>\n<p style=\"text-align: left;\">Biblioteca Galileo<\/p>\n<p>[\/et_pb_text][\/et_pb_column][\/et_pb_row][\/et_pb_section][et_pb_section fb_built=&#8221;1&#8243; disabled_on=&#8221;on|on|on&#8221; _builder_version=&#8221;3.2.2&#8243; background_color=&#8221;rgba(0,255,212,0.34)&#8221;][et_pb_row module_class_1=&#8221;pa-button-over-image&#8221; module_class_2=&#8221;pa-text-over-image&#8221; module_class_3=&#8221;pa-text-button-over-image&#8221; _builder_version=&#8221;3.2.2&#8243;][et_pb_column type=&#8221;1_3&#8243; _builder_version=&#8221;3.0.47&#8243; parallax=&#8221;off&#8221; parallax_method=&#8221;on&#8221; module_class=&#8221;pa-button-over-image&#8221;][et_pb_image src=&#8221;http:\/\/www.galileo.edu\/page\/wp-content\/uploads\/2021\/06\/Imagen-800-x-800-1.jpg&#8221; _builder_version=&#8221;3.2.2&#8243; border_radii=&#8221;on|16px|16px|16px|16px&#8221; box_shadow_style=&#8221;preset1&#8243; box_shadow_blur=&#8221;34px&#8221; box_shadow_color=&#8221;rgba(0,0,0,0.21)&#8221;][\/et_pb_image][et_pb_button button_text=&#8221;Acceder&#8221; _builder_version=&#8221;3.2.2&#8243; custom_button=&#8221;on&#8221; button_text_color=&#8221;#000000&#8243; button_bg_color=&#8221;#ffffff&#8221; button_border_color=&#8221;rgba(0,0,0,0)&#8221; button_border_radius=&#8221;35px&#8221; button_font=&#8221;||||||||&#8221; button_icon=&#8221;%%20%%&#8221;][\/et_pb_button][\/et_pb_column][et_pb_column type=&#8221;1_3&#8243; _builder_version=&#8221;3.0.47&#8243; parallax=&#8221;off&#8221; parallax_method=&#8221;on&#8221; module_class=&#8221;pa-text-over-image&#8221;][et_pb_image src=&#8221;http:\/\/www.galileo.edu\/page\/wp-content\/uploads\/2021\/06\/Imagen-800-x-800-1.jpg&#8221; _builder_version=&#8221;3.2.2&#8243; border_radii=&#8221;on|16px|16px|16px|16px&#8221; box_shadow_style=&#8221;preset1&#8243; box_shadow_blur=&#8221;34px&#8221; box_shadow_color=&#8221;rgba(0,0,0,0.21)&#8221;][\/et_pb_image][et_pb_text _builder_version=&#8221;3.2.2&#8243; text_font=&#8221;Amiko||||||||&#8221; text_font_size=&#8221;16px&#8221; text_line_height=&#8221;1.3em&#8221; text_orientation=&#8221;center&#8221; background_layout=&#8221;dark&#8221; custom_padding=&#8221;|40px||40px&#8221;]&#8221;Lorem ipsum dolor sit amet, consectetur adipiscing elit, sed do eiusmod tempor incididunt ut labore et dolore magna aliqua. Ut enim ad minim veniam, quis nostrud exercitation ullamco laboris nisi ut aliquip ex ea commodo consequat.<br \/>\n[\/et_pb_text][\/et_pb_column][et_pb_column type=&#8221;1_3&#8243; _builder_version=&#8221;3.0.47&#8243; parallax=&#8221;off&#8221; parallax_method=&#8221;on&#8221; module_class=&#8221;pa-text-button-over-image&#8221;][et_pb_image src=&#8221;http:\/\/www.galileo.edu\/page\/wp-content\/uploads\/2021\/06\/Imagen-800-x-800-1.jpg&#8221; _builder_version=&#8221;3.2.2&#8243; border_radii=&#8221;on|16px|16px|16px|16px&#8221; box_shadow_style=&#8221;preset1&#8243; box_shadow_blur=&#8221;34px&#8221; box_shadow_color=&#8221;rgba(0,0,0,0.21)&#8221;][\/et_pb_image][et_pb_cta title=&#8221;Your Title Goes Here&#8221; button_url=&#8221;https:\/\/www.galileo.edu\/&#8221; url_new_window=&#8221;on&#8221; button_text=&#8221;Acceder&#8221; _builder_version=&#8221;3.2.2&#8243; use_background_color=&#8221;off&#8221; custom_padding=&#8221;|40px||40px&#8221;]Your content goes here. Edit or remove this text inline or in the module Content settings.<br \/>\n[\/et_pb_cta][\/et_pb_column][\/et_pb_row][\/et_pb_section][et_pb_section fb_built=&#8221;1&#8243; custom_padding_last_edited=&#8221;off|desktop&#8221; disabled_on=&#8221;off|off|off&#8221; module_id=&#8221;recursos&#8221; _builder_version=&#8221;3.2.2&#8243; background_color=&#8221;#ffffff&#8221; parallax=&#8221;on&#8221; background_video_pause_outside_viewport=&#8221;off&#8221; module_alignment=&#8221;center&#8221; custom_margin=&#8221;|||&#8221; custom_padding=&#8221;|||&#8221; custom_padding_phone=&#8221;4.92188px|0|20.7031px|0|false|false&#8221; top_divider_height=&#8221;50px&#8221; bottom_divider_height=&#8221;500px&#8221; bottom_divider_flip=&#8221;horizontal&#8221;][et_pb_row use_custom_width=&#8221;on&#8221; custom_margin=&#8221;|||&#8221; module_class_2=&#8221;pa-button-over-image&#8221; module_class_3=&#8221;pa-button-over-image&#8221; _builder_version=&#8221;3.2.2&#8243;][et_pb_column type=&#8221;1_3&#8243; _builder_version=&#8221;3.0.47&#8243; parallax=&#8221;off&#8221; parallax_method=&#8221;on&#8221;][et_pb_text _builder_version=&#8221;3.2.2&#8243; text_font=&#8221;Poppins|700|||||||&#8221; text_text_color=&#8221;#3f3f3f&#8221; text_font_size=&#8221;50px&#8221; text_letter_spacing=&#8221;-1px&#8221; text_line_height=&#8221;1.2em&#8221;]<\/p>\n<p style=\"text-align: left;\">Recursos<\/p>\n<p>[\/et_pb_text][et_pb_text _builder_version=&#8221;3.2.2&#8243; text_font=&#8221;Poppins|300|||||||&#8221; text_font_size=&#8221;22px&#8221; text_line_height=&#8221;1.3em&#8221;]En estas secciones encontrar\u00e1s bases de datos, buscadores y recursos de acceso abierto para b\u00fasqueda de informaci\u00f3n cient\u00edfica.<br \/>\n[\/et_pb_text][\/et_pb_column][et_pb_column type=&#8221;1_3&#8243; _builder_version=&#8221;3.0.47&#8243; parallax=&#8221;off&#8221; parallax_method=&#8221;on&#8221; module_class=&#8221;pa-button-over-image&#8221;][et_pb_image src=&#8221;http:\/\/www.galileo.edu\/page\/wp-content\/uploads\/2023\/02\/busqueda.gif&#8221; _builder_version=&#8221;3.2.2&#8243; border_radii=&#8221;on|30px|30px|30px|30px&#8221; box_shadow_style=&#8221;preset2&#8243; box_shadow_color=&#8221;rgba(0,0,0,0.19)&#8221; module_alignment=&#8221;center&#8221; custom_margin=&#8221;||0px|&#8221; custom_padding=&#8221;|||&#8221;][\/et_pb_image][et_pb_button button_url=&#8221;https:\/\/www.galileo.edu\/page\/biblioteca-galileo\/bases-de-datos-buscadores&#8221; url_new_window=&#8221;on&#8221; button_text=&#8221;Acceder&#8221; button_alignment=&#8221;center&#8221; _builder_version=&#8221;3.2.2&#8243; custom_button=&#8221;on&#8221; button_text_size=&#8221;26px&#8221; button_text_color=&#8221;#ffffff&#8221; button_border_color=&#8221;rgba(0,0,0,0)&#8221; button_border_radius=&#8221;97px&#8221; button_font=&#8221;Poppins|700|||||||&#8221; button_icon=&#8221;%%20%%&#8221; button_text_color_hover=&#8221;#ffffff&#8221; button_bg_color_hover=&#8221;rgba(0,0,0,0)&#8221; button_border_color_hover=&#8221;#ffffff&#8221; custom_margin=&#8221;60px||50px|&#8221; custom_padding=&#8221;|||&#8221;][\/et_pb_button][\/et_pb_column][et_pb_column type=&#8221;1_3&#8243; _builder_version=&#8221;3.0.47&#8243; parallax=&#8221;off&#8221; parallax_method=&#8221;on&#8221; module_class=&#8221;pa-button-over-image&#8221;][et_pb_image src=&#8221;http:\/\/www.galileo.edu\/page\/wp-content\/uploads\/2023\/02\/Candado.gif&#8221; _builder_version=&#8221;3.2.2&#8243; border_radii=&#8221;on|30px|30px|30px|30px&#8221; box_shadow_style=&#8221;preset2&#8243; box_shadow_color=&#8221;rgba(0,0,0,0.19)&#8221; module_alignment=&#8221;center&#8221; custom_margin=&#8221;||0px|&#8221; custom_padding=&#8221;|||&#8221;][\/et_pb_image][et_pb_button button_url=&#8221;https:\/\/www.galileo.edu\/page\/recursos-de-acceso-abierto\/&#8221; url_new_window=&#8221;on&#8221; button_text=&#8221;Acceder&#8221; button_alignment=&#8221;center&#8221; _builder_version=&#8221;3.2.2&#8243; custom_button=&#8221;on&#8221; button_text_size=&#8221;26px&#8221; button_text_color=&#8221;#ffffff&#8221; button_border_color=&#8221;rgba(0,0,0,0)&#8221; button_border_radius=&#8221;97px&#8221; button_font=&#8221;Poppins|700|||||||&#8221; button_icon=&#8221;%%20%%&#8221; button_text_color_hover=&#8221;#ffffff&#8221; button_bg_color_hover=&#8221;rgba(0,0,0,0)&#8221; button_border_color_hover=&#8221;#ffffff&#8221; custom_margin=&#8221;60px||50px|&#8221; custom_padding=&#8221;|||&#8221;][\/et_pb_button][\/et_pb_column][\/et_pb_row][\/et_pb_section][et_pb_section fb_built=&#8221;1&#8243; module_id=&#8221;investigacion-cientifica-galileo&#8221; _builder_version=&#8221;3.2.2&#8243; background_color=&#8221;#b9975d&#8221; custom_margin=&#8221;|||&#8221; custom_padding=&#8221;40px||40px||false|false&#8221;][et_pb_row use_custom_width=&#8221;on&#8221; use_custom_gutter=&#8221;on&#8221; gutter_width=&#8221;0&#8243; make_equal=&#8221;on&#8221; _builder_version=&#8221;3.2.2&#8243;][et_pb_column type=&#8221;1_3&#8243; _builder_version=&#8221;3.0.47&#8243; parallax=&#8221;off&#8221; parallax_method=&#8221;on&#8221;][et_pb_text _builder_version=&#8221;3.2.2&#8243; text_font=&#8221;Poppins|700|||||||&#8221; text_text_color=&#8221;#ffffff&#8221; text_font_size=&#8221;50px&#8221; text_letter_spacing=&#8221;-1px&#8221; text_line_height=&#8221;1.2em&#8221; custom_margin=&#8221;27px||10px|&#8221;]<\/p>\n<p style=\"text-align: left;\">Investigaci\u00f3n cient\u00edfica Galileo<\/p>\n<p>[\/et_pb_text][et_pb_text _builder_version=&#8221;3.2.2&#8243; text_font=&#8221;Poppins||||||||&#8221; text_text_color=&#8221;#ffffff&#8221; text_font_size=&#8221;22px&#8221; text_line_height=&#8221;1.3em&#8221; custom_margin=&#8221;|||&#8221;]<\/p>\n<p style=\"text-align: left;\"><span style=\"font-weight: 400;\">Visita la p\u00e1gina de proyectos y publicaciones cient\u00edficas en el \u00e1rea de educaci\u00f3n digital de Universidad Galileo.<\/span><\/p>\n<p>[\/et_pb_text][et_pb_button button_url=&#8221;http:\/\/research.ges.galileo.edu\/es\/publicaciones\/&#8221; url_new_window=&#8221;on&#8221; button_text=&#8221;Visitar&#8221; button_alignment=&#8221;left&#8221; _builder_version=&#8221;3.2.2&#8243; custom_button=&#8221;on&#8221; button_text_size=&#8221;26px&#8221; button_text_color=&#8221;#ffffff&#8221; button_bg_color=&#8221;#3f3f3f&#8221; button_border_color=&#8221;rgba(0,0,0,0)&#8221; button_border_radius=&#8221;97px&#8221; button_letter_spacing=&#8221;0px&#8221; button_font=&#8221;Poppins|700|||||||&#8221; button_icon=&#8221;%%20%%&#8221; button_text_color_hover=&#8221;#ffffff&#8221; button_bg_color_hover=&#8221;rgba(0,0,0,0)&#8221; button_border_color_hover=&#8221;#ffffff&#8221; custom_margin=&#8221;16px|||&#8221; custom_padding=&#8221;|60px||60px&#8221;][\/et_pb_button][\/et_pb_column][et_pb_column type=&#8221;2_3&#8243; _builder_version=&#8221;3.0.47&#8243; parallax=&#8221;off&#8221; parallax_method=&#8221;on&#8221;][et_pb_image src=&#8221;http:\/\/www.galileo.edu\/page\/wp-content\/uploads\/2023\/02\/PLATAFORMAS_BAJA.gif&#8221; always_center_on_mobile=&#8221;off&#8221; _builder_version=&#8221;3.2.2&#8243; custom_margin=&#8221;16px|||&#8221;][\/et_pb_image][\/et_pb_column][\/et_pb_row][\/et_pb_section][et_pb_section fb_built=&#8221;1&#8243; module_id=&#8221;tesario&#8221; _builder_version=&#8221;3.2.2&#8243; background_color=&#8221;rgba(255,255,255,0)&#8221; use_background_color_gradient=&#8221;on&#8221; background_color_gradient_start=&#8221;#3f3f3f&#8221; background_color_gradient_end=&#8221;rgba(63,63,63,0.63)&#8221; background_color_gradient_start_position=&#8221;25%&#8221; background_color_gradient_overlays_image=&#8221;on&#8221; background_image=&#8221;http:\/\/www.galileo.edu\/page\/wp-content\/uploads\/2023\/02\/UGAL.jpg&#8221; custom_margin=&#8221;|||&#8221; custom_padding=&#8221;54px|0px|0|0px|false|false&#8221;][et_pb_row custom_width_px=&#8221;1377px&#8221; use_custom_gutter=&#8221;on&#8221; gutter_width=&#8221;2&#8243; custom_padding=&#8221;27px|0px|0|0px|false|false&#8221; make_equal=&#8221;on&#8221; _builder_version=&#8221;3.2.2&#8243; module_alignment=&#8221;center&#8221;][et_pb_column type=&#8221;4_4&#8243; _builder_version=&#8221;3.0.47&#8243; parallax=&#8221;off&#8221; parallax_method=&#8221;on&#8221;][et_pb_text _builder_version=&#8221;3.2.2&#8243; text_font=&#8221;Poppins|700|||||||&#8221; text_text_color=&#8221;#ffffff&#8221; text_font_size=&#8221;56px&#8221; text_letter_spacing=&#8221;-1px&#8221; text_line_height=&#8221;1.2em&#8221; custom_margin=&#8221;|||&#8221; custom_margin_phone=&#8221;41px|||&#8221; custom_margin_last_edited=&#8221;on|phone&#8221;]<\/p>\n<p style=\"text-align: center;\">Tesario<\/p>\n<p>[\/et_pb_text][et_pb_text _builder_version=&#8221;3.2.2&#8243; text_font=&#8221;Poppins|300|||||||&#8221; text_text_color=&#8221;#ffffff&#8221; text_font_size=&#8221;22px&#8221; text_line_height=&#8221;1.3em&#8221;]<\/p>\n<p style=\"text-align: center;\">Accede al repositorio digital de tesis Galileo.<\/p>\n<p>[\/et_pb_text][et_pb_button button_url=&#8221;http:\/\/biblioteca.galileo.edu\/tesario\/&#8221; url_new_window=&#8221;on&#8221; button_text=&#8221;Visitar&#8221; button_alignment=&#8221;center&#8221; _builder_version=&#8221;3.2.2&#8243; custom_button=&#8221;on&#8221; button_text_size=&#8221;26px&#8221; button_text_color=&#8221;#ffffff&#8221; button_bg_color=&#8221;#b9975d&#8221; button_border_color=&#8221;rgba(0,0,0,0)&#8221; button_border_radius=&#8221;97px&#8221; button_letter_spacing=&#8221;0px&#8221; button_font=&#8221;Poppins|700|||||||&#8221; button_icon=&#8221;%%20%%&#8221; button_text_color_hover=&#8221;#ffffff&#8221; button_bg_color_hover=&#8221;rgba(0,0,0,0)&#8221; button_border_color_hover=&#8221;#ffffff&#8221; custom_margin=&#8221;|||&#8221; custom_padding=&#8221;5px|60px|5px|60px&#8221;][\/et_pb_button][et_pb_image src=&#8221;http:\/\/www.galileo.edu\/page\/wp-content\/uploads\/2023\/02\/MONITOR.png&#8221; _builder_version=&#8221;3.2.2&#8243;][\/et_pb_image][\/et_pb_column][\/et_pb_row][\/et_pb_section][et_pb_section fb_built=&#8221;1&#8243; _builder_version=&#8221;3.2.2&#8243; background_color=&#8221;#414041&#8243;][et_pb_row _builder_version=&#8221;3.2.2&#8243;][et_pb_column type=&#8221;1_3&#8243; _builder_version=&#8221;3.0.47&#8243; parallax=&#8221;off&#8221; parallax_method=&#8221;on&#8221;][et_pb_image src=&#8221;http:\/\/www.galileo.edu\/page\/wp-content\/uploads\/2022\/06\/LOGOS-GALILEO-GES-02.png&#8221; _builder_version=&#8221;3.2.2&#8243; max_width_tablet=&#8221;64%&#8221; max_width_phone=&#8221;83%&#8221; max_width_last_edited=&#8221;on|phone&#8221; module_alignment=&#8221;center&#8221;][\/et_pb_image][\/et_pb_column][et_pb_column type=&#8221;2_3&#8243; _builder_version=&#8221;3.0.47&#8243; parallax=&#8221;off&#8221; parallax_method=&#8221;on&#8221;][et_pb_text _builder_version=&#8221;3.2.2&#8243; text_font=&#8221;Montserrat|300|||||||&#8221; text_text_color=&#8221;#ffffff&#8221; text_font_size=&#8221;18px&#8221; text_font_size_last_edited=&#8221;off|desktop&#8221;]Todos los contenidos presentados en este sitio fueron elaborados por el \u00e1rea de e-learning GES,\u00a0\u00a9<\/p>\n<p>Todos los derechos reservados.<br \/>\n[\/et_pb_text][\/et_pb_column][\/et_pb_row][\/et_pb_section]<\/p>\n","protected":false},"excerpt":{"rendered":"<p>Biblioteca Galileo &#8220;Lorem ipsum dolor sit amet, consectetur adipiscing elit, sed do eiusmod tempor incididunt ut labore et dolore magna aliqua. Ut enim ad minim veniam, quis nostrud exercitation ullamco laboris nisi ut aliquip ex ea commodo consequat. Your content goes here. Edit or remove this text inline or in the module Content settings. Recursos [&hellip;]<\/p>\n","protected":false},"author":10,"featured_media":0,"parent":0,"menu_order":0,"comment_status":"closed","ping_status":"closed","template":"page-template-blank.php","meta":{"_et_pb_use_builder":"on","_et_pb_old_content":"","_et_gb_content_width":""},"yoast_head":"<!-- This site is optimized with the Yoast SEO plugin v20.13 - https:\/\/yoast.com\/wordpress\/plugins\/seo\/ -->\n<title>Biblioteca Galileo - Universidad Galileo<\/title>\n<meta name=\"robots\" content=\"index, follow, max-snippet:-1, max-image-preview:large, max-video-preview:-1\" \/>\n<link rel=\"canonical\" href=\"https:\/\/www.galileo.edu\/page\/biblioteca-galileo\/\" \/>\n<meta property=\"og:locale\" content=\"en_US\" \/>\n<meta property=\"og:type\" content=\"article\" \/>\n<meta property=\"og:title\" content=\"Biblioteca Galileo - Universidad Galileo\" \/>\n<meta property=\"og:description\" content=\"Biblioteca Galileo &quot;Lorem ipsum dolor sit amet, consectetur adipiscing elit, sed do eiusmod tempor incididunt ut labore et dolore magna aliqua. Ut enim ad minim veniam, quis nostrud exercitation ullamco laboris nisi ut aliquip ex ea commodo consequat. Your content goes here. Edit or remove this text inline or in the module Content settings. Recursos [&hellip;]\" \/>\n<meta property=\"og:url\" content=\"https:\/\/www.galileo.edu\/page\/biblioteca-galileo\/\" \/>\n<meta property=\"og:site_name\" content=\"Universidad Galileo\" \/>\n<meta property=\"article:modified_time\" content=\"2023-02-21T16:59:51+00:00\" \/>\n<meta name=\"twitter:card\" content=\"summary_large_image\" \/>\n<meta name=\"twitter:label1\" content=\"Est. reading time\" \/>\n\t<meta name=\"twitter:data1\" content=\"8 minutes\" \/>\n<script type=\"application\/ld+json\" class=\"yoast-schema-graph\">{\"@context\":\"https:\/\/schema.org\",\"@graph\":[{\"@type\":\"WebPage\",\"@id\":\"https:\/\/www.galileo.edu\/page\/biblioteca-galileo\/\",\"url\":\"https:\/\/www.galileo.edu\/page\/biblioteca-galileo\/\",\"name\":\"Biblioteca Galileo - Universidad Galileo\",\"isPartOf\":{\"@id\":\"https:\/\/www.galileo.edu\/page\/#website\"},\"datePublished\":\"2022-11-25T20:18:08+00:00\",\"dateModified\":\"2023-02-21T16:59:51+00:00\",\"breadcrumb\":{\"@id\":\"https:\/\/www.galileo.edu\/page\/biblioteca-galileo\/#breadcrumb\"},\"inLanguage\":\"en-US\",\"potentialAction\":[{\"@type\":\"ReadAction\",\"target\":[\"https:\/\/www.galileo.edu\/page\/biblioteca-galileo\/\"]}]},{\"@type\":\"BreadcrumbList\",\"@id\":\"https:\/\/www.galileo.edu\/page\/biblioteca-galileo\/#breadcrumb\",\"itemListElement\":[{\"@type\":\"ListItem\",\"position\":1,\"name\":\"Home\",\"item\":\"https:\/\/www.galileo.edu\/page\/home\/\"},{\"@type\":\"ListItem\",\"position\":2,\"name\":\"Biblioteca Galileo\"}]},{\"@type\":\"WebSite\",\"@id\":\"https:\/\/www.galileo.edu\/page\/#website\",\"url\":\"https:\/\/www.galileo.edu\/page\/\",\"name\":\"Universidad Galileo\",\"description\":\"La revoluci\u00f3n en la educaci\u00f3n\",\"potentialAction\":[{\"@type\":\"SearchAction\",\"target\":{\"@type\":\"EntryPoint\",\"urlTemplate\":\"https:\/\/www.galileo.edu\/page\/?s={search_term_string}\"},\"query-input\":\"required name=search_term_string\"}],\"inLanguage\":\"en-US\"}]}<\/script>\n<!-- \/ Yoast SEO plugin. -->","yoast_head_json":{"title":"Biblioteca Galileo - Universidad Galileo","robots":{"index":"index","follow":"follow","max-snippet":"max-snippet:-1","max-image-preview":"max-image-preview:large","max-video-preview":"max-video-preview:-1"},"canonical":"https:\/\/www.galileo.edu\/page\/biblioteca-galileo\/","og_locale":"en_US","og_type":"article","og_title":"Biblioteca Galileo - Universidad Galileo","og_description":"Biblioteca Galileo \"Lorem ipsum dolor sit amet, consectetur adipiscing elit, sed do eiusmod tempor incididunt ut labore et dolore magna aliqua. Ut enim ad minim veniam, quis nostrud exercitation ullamco laboris nisi ut aliquip ex ea commodo consequat. Your content goes here. Edit or remove this text inline or in the module Content settings. Recursos [&hellip;]","og_url":"https:\/\/www.galileo.edu\/page\/biblioteca-galileo\/","og_site_name":"Universidad Galileo","article_modified_time":"2023-02-21T16:59:51+00:00","twitter_card":"summary_large_image","twitter_misc":{"Est. reading time":"8 minutes"},"schema":{"@context":"https:\/\/schema.org","@graph":[{"@type":"WebPage","@id":"https:\/\/www.galileo.edu\/page\/biblioteca-galileo\/","url":"https:\/\/www.galileo.edu\/page\/biblioteca-galileo\/","name":"Biblioteca Galileo - Universidad Galileo","isPartOf":{"@id":"https:\/\/www.galileo.edu\/page\/#website"},"datePublished":"2022-11-25T20:18:08+00:00","dateModified":"2023-02-21T16:59:51+00:00","breadcrumb":{"@id":"https:\/\/www.galileo.edu\/page\/biblioteca-galileo\/#breadcrumb"},"inLanguage":"en-US","potentialAction":[{"@type":"ReadAction","target":["https:\/\/www.galileo.edu\/page\/biblioteca-galileo\/"]}]},{"@type":"BreadcrumbList","@id":"https:\/\/www.galileo.edu\/page\/biblioteca-galileo\/#breadcrumb","itemListElement":[{"@type":"ListItem","position":1,"name":"Home","item":"https:\/\/www.galileo.edu\/page\/home\/"},{"@type":"ListItem","position":2,"name":"Biblioteca Galileo"}]},{"@type":"WebSite","@id":"https:\/\/www.galileo.edu\/page\/#website","url":"https:\/\/www.galileo.edu\/page\/","name":"Universidad Galileo","description":"La revoluci\u00f3n en la educaci\u00f3n","potentialAction":[{"@type":"SearchAction","target":{"@type":"EntryPoint","urlTemplate":"https:\/\/www.galileo.edu\/page\/?s={search_term_string}"},"query-input":"required name=search_term_string"}],"inLanguage":"en-US"}]}},"_links":{"self":[{"href":"https:\/\/www.galileo.edu\/page\/wp-json\/wp\/v2\/pages\/64285"}],"collection":[{"href":"https:\/\/www.galileo.edu\/page\/wp-json\/wp\/v2\/pages"}],"about":[{"href":"https:\/\/www.galileo.edu\/page\/wp-json\/wp\/v2\/types\/page"}],"author":[{"embeddable":true,"href":"https:\/\/www.galileo.edu\/page\/wp-json\/wp\/v2\/users\/10"}],"replies":[{"embeddable":true,"href":"https:\/\/www.galileo.edu\/page\/wp-json\/wp\/v2\/comments?post=64285"}],"version-history":[{"count":157,"href":"https:\/\/www.galileo.edu\/page\/wp-json\/wp\/v2\/pages\/64285\/revisions"}],"predecessor-version":[{"id":69344,"href":"https:\/\/www.galileo.edu\/page\/wp-json\/wp\/v2\/pages\/64285\/revisions\/69344"}],"wp:attachment":[{"href":"https:\/\/www.galileo.edu\/page\/wp-json\/wp\/v2\/media?parent=64285"}],"curies":[{"name":"wp","href":"https:\/\/api.w.org\/{rel}","templated":true}]}}