{"id":64282,"date":"2022-11-25T20:22:19","date_gmt":"2022-11-25T20:22:19","guid":{"rendered":"https:\/\/www.galileo.edu\/page\/?page_id=64282"},"modified":"2022-12-02T21:53:58","modified_gmt":"2022-12-02T21:53:58","slug":"gracias-registro-learning-analytics","status":"publish","type":"page","link":"https:\/\/www.galileo.edu\/page\/gracias-registro-learning-analytics\/","title":{"rendered":"Gracias Learning Analytics: presente y futuro del e-learning"},"content":{"rendered":"<p>[et_pb_section fb_built=&#8221;1&#8243; disabled_on=&#8221;on|off|off&#8221; _builder_version=&#8221;3.2.2&#8243; background_video_mp4=&#8221;http:\/\/www.galileo.edu\/page\/wp-content\/uploads\/2022\/11\/global-information-technology-of-internet-of-things-iot-big-data-network-SBV-346738452-HD_1.mp4&#8243; custom_padding=&#8221;54px|0px|145px|0px|false|false&#8221; top_divider_color=&#8221;#003849&#8243; top_divider_height=&#8221;40px&#8221; top_divider_flip=&#8221;horizontal&#8221; bottom_divider_style=&#8221;asymmetric3&#8243; bottom_divider_color=&#8221;#002833&#8243;][et_pb_row make_fullwidth=&#8221;on&#8221; _builder_version=&#8221;3.2.2&#8243; background_size=&#8221;initial&#8221; background_position=&#8221;top_left&#8221; background_repeat=&#8221;repeat&#8221;][et_pb_column type=&#8221;4_4&#8243; _builder_version=&#8221;3.0.47&#8243; parallax=&#8221;off&#8221; parallax_method=&#8221;on&#8221;][et_pb_text _builder_version=&#8221;3.2.2&#8243; header_font=&#8221;Poppins||||||||&#8221; header_text_align=&#8221;center&#8221; header_text_color=&#8221;#0fffeb&#8221; header_font_size=&#8221;58px&#8221; header_font_size_phone=&#8221;44px&#8221; header_font_size_last_edited=&#8221;on|phone&#8221; header_2_font=&#8221;Poppins|300|||||||&#8221; header_2_text_align=&#8221;center&#8221; header_2_text_color=&#8221;#ffffff&#8221; header_2_font_size=&#8221;40px&#8221; header_2_font_size_phone=&#8221;31px&#8221; header_2_font_size_last_edited=&#8221;on|phone&#8221; header_2_text_shadow_style=&#8221;preset3&#8243; header_2_text_shadow_color=&#8221;#089cc9&#8243;]<\/p>\n<h1><b>\u00a1Gracias por inscribirte!<\/b><\/h1>\n<h2><strong>Learning Analytics: presente y futuro del e-learning<\/strong><\/h2>\n<p>[\/et_pb_text][\/et_pb_column][\/et_pb_row][\/et_pb_section][et_pb_section fb_built=&#8221;1&#8243; disabled_on=&#8221;off|on|on&#8221; _builder_version=&#8221;3.2.2&#8243; use_background_color_gradient=&#8221;on&#8221; background_color_gradient_start=&#8221;#002833&#8243; background_color_gradient_end=&#8221;rgba(41,196,169,0)&#8221; background_color_gradient_direction=&#8221;173deg&#8221; background_color_gradient_start_position=&#8221;25%&#8221; background_color_gradient_overlays_image=&#8221;on&#8221; background_image=&#8221;http:\/\/www.galileo.edu\/page\/wp-content\/uploads\/2022\/11\/rm314-aew-01-1.jpg&#8221; custom_padding=&#8221;54px|0px|178px|0px|false|false&#8221; top_divider_color=&#8221;#003849&#8243; top_divider_height=&#8221;40px&#8221; top_divider_flip=&#8221;horizontal&#8221; bottom_divider_style=&#8221;asymmetric3&#8243; bottom_divider_color=&#8221;#002833&#8243;][et_pb_row make_fullwidth=&#8221;on&#8221; _builder_version=&#8221;3.2.2&#8243; background_size=&#8221;initial&#8221; background_position=&#8221;top_left&#8221; background_repeat=&#8221;repeat&#8221;][et_pb_column type=&#8221;4_4&#8243; _builder_version=&#8221;3.0.47&#8243; parallax=&#8221;off&#8221; parallax_method=&#8221;on&#8221;][et_pb_text _builder_version=&#8221;3.2.2&#8243; header_font=&#8221;Poppins||||||||&#8221; header_text_align=&#8221;center&#8221; header_text_color=&#8221;#0fffeb&#8221; header_font_size=&#8221;69px&#8221; header_font_size_phone=&#8221;44px&#8221; header_font_size_last_edited=&#8221;on|phone&#8221; header_2_font=&#8221;Poppins|300|||||||&#8221; header_2_text_align=&#8221;center&#8221; header_2_text_color=&#8221;#ffffff&#8221; header_2_font_size=&#8221;52px&#8221; header_2_font_size_phone=&#8221;31px&#8221; header_2_font_size_last_edited=&#8221;on|phone&#8221; header_2_text_shadow_style=&#8221;preset3&#8243; header_2_text_shadow_color=&#8221;#089cc9&#8243;]<\/p>\n<h1><b>\u00a1Gracias por inscribirte!<\/b><\/h1>\n<h2>Learning Analytics: presente y futuro del e-learning<\/h2>\n<p>[\/et_pb_text][\/et_pb_column][\/et_pb_row][\/et_pb_section][et_pb_section fb_built=&#8221;1&#8243; _builder_version=&#8221;3.2.2&#8243; background_color=&#8221;#002833&#8243; custom_padding=&#8221;0|0px|0|0px|false|false&#8221; bottom_divider_color=&#8221;#ffffff&#8221; bottom_divider_height=&#8221;180px&#8221;][et_pb_row make_fullwidth=&#8221;on&#8221; custom_padding=&#8221;0|0px|56px|0px|false|false&#8221; _builder_version=&#8221;3.2.2&#8243;][et_pb_column type=&#8221;4_4&#8243; _builder_version=&#8221;3.0.47&#8243; parallax=&#8221;off&#8221; parallax_method=&#8221;on&#8221;][et_pb_blurb content_max_width=&#8221;1100px&#8221; _builder_version=&#8221;3.2.2&#8243; body_font=&#8221;Poppins||||||||&#8221; body_text_align=&#8221;center&#8221; body_text_color=&#8221;#ffffff&#8221; body_font_size=&#8221;23px&#8221; custom_margin=&#8221;27px|||&#8221;]<\/p>\n<p><b>Revisa tu correo electr\u00f3nico.<\/b> En pocos minutos recibir\u00e1s la informaci\u00f3n que solicitaste. Si no recibes el correo con la informaci\u00f3n de parte de Universidad Galileo en los pr\u00f3ximos minutos,<b> busca en tus otras carpetas de correo como \u201cPromociones\u201d, \u201cNotificaciones\u201d o \u201cNewsletter\u201d, o bien en \u201cNo deseado\u201d o \u201cSpam\u201d, algunas veces se filtran all\u00ed<\/b>. Si no te llega el correo electr\u00f3nico, puede ser que escribiste mal tu email, por lo que te pedimos que vuelvas a llenar tus datos en la p\u00e1gina anterior a esta y revisa que est\u00e9n bien escritos.<\/p>\n<p>Agenda la fecha, la conferencia\u00a0 ser\u00e1 el:<\/p>\n<p><b>Mi\u00e9rcoles 7 de diciembre\u00a0<\/b>del a\u00f1o 2022 a las <strong>8:00\u00a0<\/strong><b>horas Guatemala<\/b> (UTC-6).<\/p>\n<p><strong>Este evento es organizado por la Facultad de Administraci\u00f3n de Universidad Galileo.<\/strong><\/p>\n<p>[\/et_pb_blurb][\/et_pb_column][\/et_pb_row][\/et_pb_section][et_pb_section fb_built=&#8221;1&#8243; _builder_version=&#8221;3.2.2&#8243; background_color=&#8221;#002833&#8243;][et_pb_row _builder_version=&#8221;3.2.2&#8243;][et_pb_column type=&#8221;1_3&#8243; _builder_version=&#8221;3.2.2&#8243; parallax=&#8221;off&#8221; parallax_method=&#8221;on&#8221;][et_pb_blurb title=&#8221;Tel\u00e9fono&#8221; _builder_version=&#8221;3.2.2&#8243; header_font=&#8221;Poppins|700|||||||&#8221; header_text_align=&#8221;center&#8221; header_text_color=&#8221;#ffffff&#8221; body_font=&#8221;Poppins|300|||||||&#8221; body_text_color=&#8221;#ffffff&#8221; text_orientation=&#8221;center&#8221;]<span style=\"font-weight: 400;\">+502 2423-8000 Ext. 7417<\/span><br \/>\n[\/et_pb_blurb][\/et_pb_column][et_pb_column type=&#8221;1_3&#8243; _builder_version=&#8221;3.2.2&#8243; parallax=&#8221;off&#8221; parallax_method=&#8221;on&#8221;][et_pb_blurb title=&#8221;Correo Electr\u00f3nico&#8221; _builder_version=&#8221;3.2.2&#8243; header_font=&#8221;Poppins|700|||||||&#8221; header_text_align=&#8221;center&#8221; header_text_color=&#8221;#ffffff&#8221; body_font=&#8221;Poppins|300|||||||&#8221; body_text_color=&#8221;#ffffff&#8221; text_orientation=&#8221;center&#8221;]<a href=\"mailto:asistenteivn@galileo.edu\"><span style=\"color: #ffffff;\">asistenteivn@galileo.edu<\/span><\/a><br \/>\n[\/et_pb_blurb][\/et_pb_column][et_pb_column type=&#8221;1_3&#8243; _builder_version=&#8221;3.2.2&#8243; parallax=&#8221;off&#8221; parallax_method=&#8221;on&#8221;][et_pb_blurb title=&#8221;Direcci\u00f3n&#8221; icon_placement=&#8221;left&#8221; _builder_version=&#8221;3.2.2&#8243; header_font=&#8221;Poppins|700|||||||&#8221; header_text_align=&#8221;center&#8221; header_text_color=&#8221;#ffffff&#8221; body_font=&#8221;Poppins|300|||||||&#8221; body_text_color=&#8221;#ffffff&#8221;]<\/p>\n<p style=\"text-align: center;\"><span style=\"font-weight: 400;\">Oficina 413, 4to. Nivel Torre I, Kepler Campus Central, zona 10, Universidad Galileo.<\/span><\/p>\n<p>[\/et_pb_blurb][\/et_pb_column][\/et_pb_row][et_pb_row _builder_version=&#8221;3.2.2&#8243;][et_pb_column type=&#8221;1_2&#8243; _builder_version=&#8221;3.2.2&#8243; parallax=&#8221;off&#8221; parallax_method=&#8221;on&#8221;][et_pb_image src=&#8221;http:\/\/www.galileo.edu\/page\/wp-content\/uploads\/2022\/06\/Logo-Galileo_Blanco-4.png&#8221; _builder_version=&#8221;3.2.2&#8243; max_width=&#8221;41%&#8221; max_width_tablet=&#8221;31%&#8221; max_width_phone=&#8221;46%&#8221; max_width_last_edited=&#8221;on|phone&#8221; module_alignment=&#8221;center&#8221;][\/et_pb_image][\/et_pb_column][et_pb_column type=&#8221;1_2&#8243; _builder_version=&#8221;3.2.2&#8243; parallax=&#8221;off&#8221; parallax_method=&#8221;on&#8221;][et_pb_image src=&#8221;http:\/\/www.galileo.edu\/page\/wp-content\/uploads\/2022\/11\/logo-ivn-1.png&#8221; _builder_version=&#8221;3.2.2&#8243; max_width=&#8221;44%&#8221; max_width_tablet=&#8221;33%&#8221; max_width_phone=&#8221;49%&#8221; max_width_last_edited=&#8221;on|phone&#8221; module_alignment=&#8221;center&#8221; custom_margin=&#8221;29px|||&#8221;][\/et_pb_image][\/et_pb_column][\/et_pb_row][\/et_pb_section]<\/p>\n","protected":false},"excerpt":{"rendered":"<p>\u00a1Gracias por inscribirte! Learning Analytics: presente y futuro del e-learning \u00a1Gracias por inscribirte! Learning Analytics: presente y futuro del e-learning Revisa tu correo electr\u00f3nico. En pocos minutos recibir\u00e1s la informaci\u00f3n que solicitaste. Si no recibes el correo con la informaci\u00f3n de parte de Universidad Galileo en los pr\u00f3ximos minutos, busca en tus otras carpetas de [&hellip;]<\/p>\n","protected":false},"author":10,"featured_media":64671,"parent":0,"menu_order":0,"comment_status":"closed","ping_status":"closed","template":"page-template-blank.php","meta":{"_et_pb_use_builder":"on","_et_pb_old_content":"","_et_gb_content_width":""},"yoast_head":"<!-- This site is optimized with the Yoast SEO plugin v20.13 - https:\/\/yoast.com\/wordpress\/plugins\/seo\/ -->\n<title>Learning Analytics: presente y futuro del e-learning<\/title>\n<meta name=\"description\" content=\"Vivimos en la era digital de los datos, y las tecnolog\u00edas que utilizamos nos permiten visualizar: n\u00famero de horas en tr\u00e1fico, n\u00famero de pasos al d\u00eda, trayectorias vehiculares, trayectorias de ciclismo, n\u00famero de ventas, n\u00famero de visitas al sitio web, lugares favoritos, platos favoritos, preferencias musicales, preferencias de pel\u00edculas, tiendas m\u00e1s visitadas, ranking de hoteles, n\u00famero de emojis enviados en un chat, horas en las que m\u00e1s te conectas a internet, entre otros.\" \/>\n<meta name=\"robots\" content=\"index, follow, max-snippet:-1, max-image-preview:large, max-video-preview:-1\" \/>\n<link rel=\"canonical\" href=\"https:\/\/www.galileo.edu\/page\/gracias-registro-learning-analytics\/\" \/>\n<meta property=\"og:locale\" content=\"en_US\" \/>\n<meta property=\"og:type\" content=\"article\" \/>\n<meta property=\"og:title\" content=\"Learning Analytics: presente y futuro del e-learning\" \/>\n<meta property=\"og:description\" content=\"Vivimos en la era digital de los datos, y las tecnolog\u00edas que utilizamos nos permiten visualizar: n\u00famero de horas en tr\u00e1fico, n\u00famero de pasos al d\u00eda, trayectorias vehiculares, trayectorias de ciclismo, n\u00famero de ventas, n\u00famero de visitas al sitio web, lugares favoritos, platos favoritos, preferencias musicales, preferencias de pel\u00edculas, tiendas m\u00e1s visitadas, ranking de hoteles, n\u00famero de emojis enviados en un chat, horas en las que m\u00e1s te conectas a internet, entre otros.\" \/>\n<meta property=\"og:url\" content=\"https:\/\/www.galileo.edu\/page\/gracias-registro-learning-analytics\/\" \/>\n<meta property=\"og:site_name\" content=\"Universidad Galileo\" \/>\n<meta property=\"article:modified_time\" content=\"2022-12-02T21:53:58+00:00\" \/>\n<meta property=\"og:image\" content=\"http:\/\/www.galileo.edu\/page\/wp-content\/uploads\/2022\/11\/Banner-de-eventos-1.png\" \/>\n\t<meta property=\"og:image:width\" content=\"554\" \/>\n\t<meta property=\"og:image:height\" content=\"674\" \/>\n\t<meta property=\"og:image:type\" content=\"image\/png\" \/>\n<meta name=\"twitter:card\" content=\"summary_large_image\" \/>\n<meta name=\"twitter:label1\" content=\"Est. reading time\" \/>\n\t<meta name=\"twitter:data1\" content=\"4 minutes\" \/>\n<script type=\"application\/ld+json\" class=\"yoast-schema-graph\">{\"@context\":\"https:\/\/schema.org\",\"@graph\":[{\"@type\":\"WebPage\",\"@id\":\"https:\/\/www.galileo.edu\/page\/gracias-registro-learning-analytics\/\",\"url\":\"https:\/\/www.galileo.edu\/page\/gracias-registro-learning-analytics\/\",\"name\":\"Learning Analytics: presente y futuro del e-learning\",\"isPartOf\":{\"@id\":\"https:\/\/www.galileo.edu\/page\/#website\"},\"datePublished\":\"2022-11-25T20:22:19+00:00\",\"dateModified\":\"2022-12-02T21:53:58+00:00\",\"description\":\"Vivimos en la era digital de los datos, y las tecnolog\u00edas que utilizamos nos permiten visualizar: n\u00famero de horas en tr\u00e1fico, n\u00famero de pasos al d\u00eda, trayectorias vehiculares, trayectorias de ciclismo, n\u00famero de ventas, n\u00famero de visitas al sitio web, lugares favoritos, platos favoritos, preferencias musicales, preferencias de pel\u00edculas, tiendas m\u00e1s visitadas, ranking de hoteles, n\u00famero de emojis enviados en un chat, horas en las que m\u00e1s te conectas a internet, entre otros.\",\"breadcrumb\":{\"@id\":\"https:\/\/www.galileo.edu\/page\/gracias-registro-learning-analytics\/#breadcrumb\"},\"inLanguage\":\"en-US\",\"potentialAction\":[{\"@type\":\"ReadAction\",\"target\":[\"https:\/\/www.galileo.edu\/page\/gracias-registro-learning-analytics\/\"]}]},{\"@type\":\"BreadcrumbList\",\"@id\":\"https:\/\/www.galileo.edu\/page\/gracias-registro-learning-analytics\/#breadcrumb\",\"itemListElement\":[{\"@type\":\"ListItem\",\"position\":1,\"name\":\"Home\",\"item\":\"https:\/\/www.galileo.edu\/page\/home\/\"},{\"@type\":\"ListItem\",\"position\":2,\"name\":\"Gracias Learning Analytics: presente y futuro del e-learning\"}]},{\"@type\":\"WebSite\",\"@id\":\"https:\/\/www.galileo.edu\/page\/#website\",\"url\":\"https:\/\/www.galileo.edu\/page\/\",\"name\":\"Universidad Galileo\",\"description\":\"La revoluci\u00f3n en la educaci\u00f3n\",\"potentialAction\":[{\"@type\":\"SearchAction\",\"target\":{\"@type\":\"EntryPoint\",\"urlTemplate\":\"https:\/\/www.galileo.edu\/page\/?s={search_term_string}\"},\"query-input\":\"required name=search_term_string\"}],\"inLanguage\":\"en-US\"}]}<\/script>\n<!-- \/ Yoast SEO plugin. -->","yoast_head_json":{"title":"Learning Analytics: presente y futuro del e-learning","description":"Vivimos en la era digital de los datos, y las tecnolog\u00edas que utilizamos nos permiten visualizar: n\u00famero de horas en tr\u00e1fico, n\u00famero de pasos al d\u00eda, trayectorias vehiculares, trayectorias de ciclismo, n\u00famero de ventas, n\u00famero de visitas al sitio web, lugares favoritos, platos favoritos, preferencias musicales, preferencias de pel\u00edculas, tiendas m\u00e1s visitadas, ranking de hoteles, n\u00famero de emojis enviados en un chat, horas en las que m\u00e1s te conectas a internet, entre otros.","robots":{"index":"index","follow":"follow","max-snippet":"max-snippet:-1","max-image-preview":"max-image-preview:large","max-video-preview":"max-video-preview:-1"},"canonical":"https:\/\/www.galileo.edu\/page\/gracias-registro-learning-analytics\/","og_locale":"en_US","og_type":"article","og_title":"Learning Analytics: presente y futuro del e-learning","og_description":"Vivimos en la era digital de los datos, y las tecnolog\u00edas que utilizamos nos permiten visualizar: n\u00famero de horas en tr\u00e1fico, n\u00famero de pasos al d\u00eda, trayectorias vehiculares, trayectorias de ciclismo, n\u00famero de ventas, n\u00famero de visitas al sitio web, lugares favoritos, platos favoritos, preferencias musicales, preferencias de pel\u00edculas, tiendas m\u00e1s visitadas, ranking de hoteles, n\u00famero de emojis enviados en un chat, horas en las que m\u00e1s te conectas a internet, entre otros.","og_url":"https:\/\/www.galileo.edu\/page\/gracias-registro-learning-analytics\/","og_site_name":"Universidad Galileo","article_modified_time":"2022-12-02T21:53:58+00:00","og_image":[{"width":554,"height":674,"url":"http:\/\/www.galileo.edu\/page\/wp-content\/uploads\/2022\/11\/Banner-de-eventos-1.png","type":"image\/png"}],"twitter_card":"summary_large_image","twitter_misc":{"Est. reading time":"4 minutes"},"schema":{"@context":"https:\/\/schema.org","@graph":[{"@type":"WebPage","@id":"https:\/\/www.galileo.edu\/page\/gracias-registro-learning-analytics\/","url":"https:\/\/www.galileo.edu\/page\/gracias-registro-learning-analytics\/","name":"Learning Analytics: presente y futuro del e-learning","isPartOf":{"@id":"https:\/\/www.galileo.edu\/page\/#website"},"datePublished":"2022-11-25T20:22:19+00:00","dateModified":"2022-12-02T21:53:58+00:00","description":"Vivimos en la era digital de los datos, y las tecnolog\u00edas que utilizamos nos permiten visualizar: n\u00famero de horas en tr\u00e1fico, n\u00famero de pasos al d\u00eda, trayectorias vehiculares, trayectorias de ciclismo, n\u00famero de ventas, n\u00famero de visitas al sitio web, lugares favoritos, platos favoritos, preferencias musicales, preferencias de pel\u00edculas, tiendas m\u00e1s visitadas, ranking de hoteles, n\u00famero de emojis enviados en un chat, horas en las que m\u00e1s te conectas a internet, entre otros.","breadcrumb":{"@id":"https:\/\/www.galileo.edu\/page\/gracias-registro-learning-analytics\/#breadcrumb"},"inLanguage":"en-US","potentialAction":[{"@type":"ReadAction","target":["https:\/\/www.galileo.edu\/page\/gracias-registro-learning-analytics\/"]}]},{"@type":"BreadcrumbList","@id":"https:\/\/www.galileo.edu\/page\/gracias-registro-learning-analytics\/#breadcrumb","itemListElement":[{"@type":"ListItem","position":1,"name":"Home","item":"https:\/\/www.galileo.edu\/page\/home\/"},{"@type":"ListItem","position":2,"name":"Gracias Learning Analytics: presente y futuro del e-learning"}]},{"@type":"WebSite","@id":"https:\/\/www.galileo.edu\/page\/#website","url":"https:\/\/www.galileo.edu\/page\/","name":"Universidad Galileo","description":"La revoluci\u00f3n en la educaci\u00f3n","potentialAction":[{"@type":"SearchAction","target":{"@type":"EntryPoint","urlTemplate":"https:\/\/www.galileo.edu\/page\/?s={search_term_string}"},"query-input":"required name=search_term_string"}],"inLanguage":"en-US"}]}},"_links":{"self":[{"href":"https:\/\/www.galileo.edu\/page\/wp-json\/wp\/v2\/pages\/64282"}],"collection":[{"href":"https:\/\/www.galileo.edu\/page\/wp-json\/wp\/v2\/pages"}],"about":[{"href":"https:\/\/www.galileo.edu\/page\/wp-json\/wp\/v2\/types\/page"}],"author":[{"embeddable":true,"href":"https:\/\/www.galileo.edu\/page\/wp-json\/wp\/v2\/users\/10"}],"replies":[{"embeddable":true,"href":"https:\/\/www.galileo.edu\/page\/wp-json\/wp\/v2\/comments?post=64282"}],"version-history":[{"count":8,"href":"https:\/\/www.galileo.edu\/page\/wp-json\/wp\/v2\/pages\/64282\/revisions"}],"predecessor-version":[{"id":64610,"href":"https:\/\/www.galileo.edu\/page\/wp-json\/wp\/v2\/pages\/64282\/revisions\/64610"}],"wp:featuredmedia":[{"embeddable":true,"href":"https:\/\/www.galileo.edu\/page\/wp-json\/wp\/v2\/media\/64671"}],"wp:attachment":[{"href":"https:\/\/www.galileo.edu\/page\/wp-json\/wp\/v2\/media?parent=64282"}],"curies":[{"name":"wp","href":"https:\/\/api.w.org\/{rel}","templated":true}]}}