{"id":61764,"date":"2022-11-03T18:27:59","date_gmt":"2022-11-03T18:27:59","guid":{"rendered":"https:\/\/www.galileo.edu\/page\/?page_id=61764"},"modified":"2022-11-04T21:59:39","modified_gmt":"2022-11-04T21:59:39","slug":"gracias-registro-webinar-ciudadania-identidad-digital","status":"publish","type":"page","link":"https:\/\/www.galileo.edu\/page\/gracias-registro-webinar-ciudadania-identidad-digital\/","title":{"rendered":"Gracias Webinar Ciudadan\u00eda e identidad digital"},"content":{"rendered":"<p>[et_pb_section fb_built=&#8221;1&#8243; next_background_color=&#8221;#707d9e&#8221; disabled_on=&#8221;off|off|off&#8221; _builder_version=&#8221;3.2.2&#8243; background_color=&#8221;#E4DE5E&#8221; use_background_color_gradient=&#8221;on&#8221; background_color_gradient_start=&#8221;#6845c3&#8243; background_color_gradient_end=&#8221;#ffffff&#8221; background_color_gradient_direction=&#8221;225deg&#8221; background_color_gradient_start_position=&#8221;22%&#8221; background_color_gradient_end_position=&#8221;0%&#8221; custom_padding=&#8221;0|0px|216px|0px|false|false&#8221; top_divider_color=&#8221;#00578D&#8221; top_divider_height=&#8221;80px&#8221; top_divider_flip=&#8221;horizontal&#8221; bottom_divider_style=&#8221;slant2&#8243; bottom_divider_height=&#8221;381px&#8221; bottom_divider_flip=&#8221;horizontal&#8221;][et_pb_row custom_padding=&#8221;0|0px|0|0px|false|false&#8221; custom_margin=&#8221;32px|||293px&#8221; _builder_version=&#8221;3.2.2&#8243; module_alignment=&#8221;left&#8221; custom_margin_tablet=&#8221;23px|||-18px&#8221; custom_margin_last_edited=&#8221;on|tablet&#8221;][et_pb_column type=&#8221;4_4&#8243; _builder_version=&#8221;3.0.47&#8243; parallax=&#8221;off&#8221; parallax_method=&#8221;on&#8221;][et_pb_image src=&#8221;http:\/\/www.galileo.edu\/page\/wp-content\/uploads\/2022\/05\/logos.png&#8221; _builder_version=&#8221;3.2.2&#8243; max_width_phone=&#8221;67%&#8221; max_width_last_edited=&#8221;on|phone&#8221; module_alignment=&#8221;center&#8221; custom_margin=&#8221;32px|||&#8221; custom_margin_tablet=&#8221;14px|||&#8221; custom_margin_last_edited=&#8221;on|tablet&#8221;][\/et_pb_image][\/et_pb_column][\/et_pb_row][et_pb_row custom_padding=&#8221;|||&#8221; custom_margin=&#8221;-11px|||321px&#8221; disabled_on=&#8221;off|off|off&#8221; _builder_version=&#8221;3.2.2&#8243; background_size=&#8221;initial&#8221; background_position=&#8221;top_left&#8221; background_repeat=&#8221;repeat&#8221; module_alignment=&#8221;left&#8221; custom_margin_tablet=&#8221;-66px|||107px&#8221; custom_margin_phone=&#8221;0px|||68px&#8221; custom_margin_last_edited=&#8221;on|desktop&#8221;][et_pb_column type=&#8221;4_4&#8243; _builder_version=&#8221;3.0.47&#8243; parallax=&#8221;off&#8221; parallax_method=&#8221;on&#8221;][et_pb_text disabled_on=&#8221;off|off|off&#8221; _builder_version=&#8221;3.2.2&#8243; text_font=&#8221;||||||||&#8221; header_font=&#8221;Poppins|700|||||||&#8221; header_text_align=&#8221;center&#8221; header_text_color=&#8221;#00578d&#8221; header_font_size=&#8221;33px&#8221; header_font_size_tablet=&#8221;24px&#8221; header_font_size_phone=&#8221;17px&#8221; header_font_size_last_edited=&#8221;on|phone&#8221; custom_margin=&#8221;||-12px|&#8221; custom_margin_tablet=&#8221;||-43px|&#8221; custom_margin_phone=&#8221;-65px||-80px|&#8221; custom_margin_last_edited=&#8221;on|desktop&#8221;]<\/p>\n<h1 style=\"text-align: left;\">Gracias por registrarte al webinar:<\/h1>\n<p>[\/et_pb_text][\/et_pb_column][\/et_pb_row][et_pb_row custom_padding=&#8221;27px|0px|13px|0px|false|false&#8221; custom_margin=&#8221;-37px|||&#8221; _builder_version=&#8221;3.2.2&#8243; custom_margin_tablet=&#8221;-112px|||&#8221; custom_margin_phone=&#8221;-151px|||&#8221; custom_margin_last_edited=&#8221;on|phone&#8221;][et_pb_column type=&#8221;4_4&#8243; _builder_version=&#8221;3.0.47&#8243; parallax=&#8221;off&#8221; parallax_method=&#8221;on&#8221;][et_pb_image src=&#8221;http:\/\/www.galileo.edu\/page\/wp-content\/uploads\/2022\/11\/Recurso-3-8-1.png&#8221; _builder_version=&#8221;3.2.2&#8243; max_width=&#8221;57%&#8221; max_width_last_edited=&#8221;on|desktop&#8221; custom_margin_phone=&#8221;-73px|||&#8221; custom_margin_last_edited=&#8221;on|phone&#8221;][\/et_pb_image][\/et_pb_column][\/et_pb_row][\/et_pb_section][et_pb_section fb_built=&#8221;1&#8243; _builder_version=&#8221;3.2.2&#8243; background_color=&#8221;#707d9e&#8221; custom_margin=&#8221;-223px|||&#8221; custom_padding=&#8221;74px|0px|59px|0px|false|false&#8221; top_divider_height=&#8221;0px&#8221; top_divider_flip=&#8221;vertical&#8221;][et_pb_row custom_padding=&#8221;2px|0px|0|0px|false|false&#8221; _builder_version=&#8221;3.2.2&#8243; custom_margin_phone=&#8221;-27px|||&#8221; custom_margin_last_edited=&#8221;on|phone&#8221;][et_pb_column type=&#8221;4_4&#8243; _builder_version=&#8221;3.0.47&#8243; parallax=&#8221;off&#8221; parallax_method=&#8221;on&#8221;][et_pb_text _builder_version=&#8221;3.2.2&#8243; text_font=&#8221;||||||||&#8221; header_font=&#8221;Montserrat|700|||||||&#8221; header_text_align=&#8221;center&#8221; header_text_color=&#8221;#ffffff&#8221; header_font_size=&#8221;25px&#8221; custom_margin=&#8221;-6px|||&#8221; custom_margin_tablet=&#8221;||-69px|&#8221; custom_margin_phone=&#8221;||-13px|&#8221; custom_margin_last_edited=&#8221;on|desktop&#8221;]<\/p>\n<h1>\u00a1Revisa tu correo electr\u00f3nico!<\/h1>\n<p>[\/et_pb_text][\/et_pb_column][\/et_pb_row][et_pb_row custom_padding=&#8221;0|0px|0|0px|false|false&#8221; _builder_version=&#8221;3.2.2&#8243; custom_margin_phone=&#8221;-113px|||&#8221; custom_margin_last_edited=&#8221;on|phone&#8221;][et_pb_column type=&#8221;4_4&#8243; _builder_version=&#8221;3.0.47&#8243; parallax=&#8221;off&#8221; parallax_method=&#8221;on&#8221;][et_pb_text _builder_version=&#8221;3.2.2&#8243; text_font=&#8221;Montserrat||||||||&#8221; text_text_color=&#8221;#ffffff&#8221; text_font_size=&#8221;18px&#8221; text_font_size_phone=&#8221;15px&#8221; text_font_size_last_edited=&#8221;on|phone&#8221; text_line_height=&#8221;1.4em&#8221; header_font=&#8221;Raleway|700|||||||&#8221; header_font_size=&#8221;28px&#8221; header_font_size_last_edited=&#8221;on|desktop&#8221; header_line_height=&#8221;1.1em&#8221; text_orientation=&#8221;center&#8221;]<\/p>\n<p style=\"text-align: center;\"><strong><span style=\"font-weight: 400;\">Tu espacio se encuentra reservado para el Webinar<\/span> <em><b>Ciudadan\u00eda e Identidad Digital<\/b><\/em><span style=\"font-weight: 400;\">, que se llevar\u00e1 a cabo <\/span><b>el s\u00e1bado 19 de Noviembre del 2022 a las 18:00 horas, Guatemala<\/b><span style=\"font-weight: 400;\">.\u00a0<\/span>Tu registro est\u00e1 completo.<\/strong> Revisa tu correo electr\u00f3nico para ver m\u00e1s detalles sobre el evento.<\/p>\n<p>[\/et_pb_text][\/et_pb_column][\/et_pb_row][\/et_pb_section][et_pb_section fb_built=&#8221;1&#8243; custom_padding_last_edited=&#8221;on|desktop&#8221; _builder_version=&#8221;3.2.2&#8243; background_color=&#8221;#000000&#8243; custom_padding=&#8221;0.8%|0px|9px|0px|false|false&#8221;][et_pb_row custom_padding=&#8221;0|0px|16px|0px|false|false&#8221; custom_margin=&#8221;23px|||&#8221; _builder_version=&#8221;3.2.2&#8243; custom_margin_tablet=&#8221;57px|||&#8221; custom_margin_phone=&#8221;36px|||&#8221; custom_margin_last_edited=&#8221;on|desktop&#8221;][et_pb_column type=&#8221;1_3&#8243; _builder_version=&#8221;3.0.47&#8243; parallax=&#8221;off&#8221; parallax_method=&#8221;on&#8221;][et_pb_text _builder_version=&#8221;3.2.2&#8243; header_font=&#8221;||||||||&#8221; header_text_color=&#8221;#f2eecc&#8221; header_3_font=&#8221;Raleway|700|||||||&#8221; header_3_text_align=&#8221;center&#8221; header_3_text_color=&#8221;#ffffff&#8221; header_5_font=&#8221;Raleway||||||||&#8221; header_5_text_align=&#8221;center&#8221; header_5_text_color=&#8221;#ffffff&#8221;]<\/p>\n<h3 style=\"text-align: center;\"><strong><img decoding=\"async\" loading=\"lazy\" class=\"wp-image-50830 alignnone size-full\" src=\"https:\/\/www.galileo.edu\/page\/wp-content\/uploads\/2022\/04\/correo-electronico.png\" alt=\"\" width=\"38\" height=\"38\" \/><\/strong><\/h3>\n<p>&nbsp;<\/p>\n<h3 style=\"text-align: center;\"><\/h3>\n<h3 style=\"text-align: center;\"><strong>Correo electr\u00f3nico:<\/strong><\/h3>\n<h5><a href=\"mailto:facultad_educacion@galileo.edu\" target=\"_blank\" rel=\"noopener noreferrer\">facultad_educacion@galileo.edu<\/a><\/h5>\n<p>[\/et_pb_text][\/et_pb_column][et_pb_column type=&#8221;1_3&#8243; _builder_version=&#8221;3.0.47&#8243; parallax=&#8221;off&#8221; parallax_method=&#8221;on&#8221;][et_pb_text _builder_version=&#8221;3.2.2&#8243; header_font=&#8221;||||||||&#8221; header_text_color=&#8221;#f2eecc&#8221; header_3_font=&#8221;Raleway|700|||||||&#8221; header_3_text_align=&#8221;center&#8221; header_3_text_color=&#8221;#ffffff&#8221; header_5_font=&#8221;Raleway||||||||&#8221; header_5_text_align=&#8221;center&#8221; header_5_text_color=&#8221;#ffffff&#8221;]<\/p>\n<h3 style=\"text-align: center;\"><span style=\"color: #ffffff;\"><strong><img decoding=\"async\" loading=\"lazy\" class=\"wp-image-53116 aligncenter size-full\" src=\"https:\/\/www.galileo.edu\/page\/wp-content\/uploads\/2022\/05\/iphone.png\" alt=\"\" width=\"44\" height=\"44\" \/><\/strong><\/span><\/h3>\n<p>&nbsp;<\/p>\n<h3 style=\"text-align: center;\"><span style=\"color: #ffffff;\"><a style=\"color: #ffffff;\" href=\"https:\/\/api.whatsapp.com\/send?phone=50224238000&amp;text=Hola!%20Estoy%20interesado%20en%20informaci%C3%B3n%20del%20Open%20Day%20para%20ingenier%C3%ADas%20y%20licenciaturas%20de%20Universidad%20Galileo.\" target=\"_blank\" rel=\"noopener noreferrer\"><strong>Tel\u00e9fono\u00a0<\/strong><\/a><\/span><\/h3>\n<h5><span>+502 2423-8000<\/span><\/h5>\n<h5><span>Ext. 7335, 7336, 7337, 7338<\/span><\/h5>\n<p>[\/et_pb_text][\/et_pb_column][et_pb_column type=&#8221;1_3&#8243; _builder_version=&#8221;3.0.47&#8243; parallax=&#8221;off&#8221; parallax_method=&#8221;on&#8221;][et_pb_text _builder_version=&#8221;3.2.2&#8243; header_font=&#8221;||||||||&#8221; header_3_font=&#8221;Raleway|700|||||||&#8221; header_3_text_align=&#8221;center&#8221; header_3_text_color=&#8221;#ffffff&#8221; header_5_font=&#8221;Raleway||||||||&#8221; header_5_text_align=&#8221;center&#8221; header_5_text_color=&#8221;#ffffff&#8221;]<\/p>\n<h3 style=\"text-align: center;\"><strong><img decoding=\"async\" loading=\"lazy\" class=\"wp-image-50835 alignnone size-full\" src=\"https:\/\/www.galileo.edu\/page\/wp-content\/uploads\/2022\/04\/localizacion.png\" alt=\"\" width=\"38\" height=\"38\" \/><\/strong><\/h3>\n<h3 style=\"text-align: center;\"><\/h3>\n<h3 style=\"text-align: center;\"><strong>Direcci\u00f3n:<\/strong><\/h3>\n<h5 style=\"text-align: center;\">Oficina 300, 3er. Nivel Torre 1<\/h5>\n<h5 style=\"text-align: center;\">Galileo Campus Central, Zona 10, Universidad Galileo.<\/h5>\n<p>[\/et_pb_text][\/et_pb_column][\/et_pb_row][et_pb_row custom_padding=&#8221;0|0px|27px|0px|false|false&#8221; _builder_version=&#8221;3.2.2&#8243;][et_pb_column type=&#8221;4_4&#8243; _builder_version=&#8221;3.0.47&#8243; parallax=&#8221;off&#8221; parallax_method=&#8221;on&#8221;][et_pb_image src=&#8221;http:\/\/www.galileo.edu\/page\/wp-content\/uploads\/2020\/07\/Logo-Galileo-blanco.png&#8221; url=&#8221;http:\/\/www.galileo.edu&#8221; align=&#8221;center&#8221; _builder_version=&#8221;3.2.2&#8243; max_width=&#8221;15%&#8221; max_width_tablet=&#8221;41%&#8221; max_width_phone=&#8221;38%&#8221; max_width_last_edited=&#8221;on|phone&#8221; module_alignment=&#8221;center&#8221;][\/et_pb_image][\/et_pb_column][\/et_pb_row][\/et_pb_section]<\/p>\n","protected":false},"excerpt":{"rendered":"<p>Gracias por registrarte al webinar: \u00a1Revisa tu correo electr\u00f3nico! Tu espacio se encuentra reservado para el Webinar Ciudadan\u00eda e Identidad Digital, que se llevar\u00e1 a cabo el s\u00e1bado 19 de Noviembre del 2022 a las 18:00 horas, Guatemala.\u00a0Tu registro est\u00e1 completo. Revisa tu correo electr\u00f3nico para ver m\u00e1s detalles sobre el evento. &nbsp; Correo electr\u00f3nico: [&hellip;]<\/p>\n","protected":false},"author":17,"featured_media":61750,"parent":0,"menu_order":0,"comment_status":"closed","ping_status":"closed","template":"page-template-blank.php","meta":{"_et_pb_use_builder":"on","_et_pb_old_content":"","_et_gb_content_width":""},"yoast_head":"<!-- This site is optimized with the Yoast SEO plugin v20.13 - https:\/\/yoast.com\/wordpress\/plugins\/seo\/ -->\n<title>Gracias Webinar Gratuito: Ciudadan\u00eda e identidad digital<\/title>\n<meta name=\"description\" content=\"Gracias por inscribirte al Webinar Gratuito sobre: Ciudadan\u00eda e identidad digital, de Universidad Galileo. Ser\u00e1 este S\u00e1bado 19 de noviembre, 2022\" \/>\n<meta name=\"robots\" content=\"index, follow, max-snippet:-1, max-image-preview:large, max-video-preview:-1\" \/>\n<link rel=\"canonical\" href=\"https:\/\/www.galileo.edu\/page\/gracias-registro-webinar-ciudadania-identidad-digital\/\" \/>\n<meta property=\"og:locale\" content=\"en_US\" \/>\n<meta property=\"og:type\" content=\"article\" \/>\n<meta property=\"og:title\" content=\"Gracias Webinar Gratuito: Ciudadan\u00eda e identidad digital\" \/>\n<meta property=\"og:description\" content=\"Gracias por inscribirte al Webinar Gratuito sobre: Ciudadan\u00eda e identidad digital, de Universidad Galileo. Ser\u00e1 este S\u00e1bado 19 de noviembre, 2022\" \/>\n<meta property=\"og:url\" content=\"https:\/\/www.galileo.edu\/page\/gracias-registro-webinar-ciudadania-identidad-digital\/\" \/>\n<meta property=\"og:site_name\" content=\"Universidad Galileo\" \/>\n<meta property=\"article:modified_time\" content=\"2022-11-04T21:59:39+00:00\" \/>\n<meta property=\"og:image\" content=\"http:\/\/www.galileo.edu\/page\/wp-content\/uploads\/2022\/11\/post-02.jpg\" \/>\n\t<meta property=\"og:image:width\" content=\"1024\" \/>\n\t<meta property=\"og:image:height\" content=\"1024\" \/>\n\t<meta property=\"og:image:type\" content=\"image\/jpeg\" \/>\n<meta name=\"twitter:card\" content=\"summary_large_image\" \/>\n<meta name=\"twitter:label1\" content=\"Est. reading time\" \/>\n\t<meta name=\"twitter:data1\" content=\"5 minutes\" \/>\n<script type=\"application\/ld+json\" class=\"yoast-schema-graph\">{\"@context\":\"https:\/\/schema.org\",\"@graph\":[{\"@type\":\"WebPage\",\"@id\":\"https:\/\/www.galileo.edu\/page\/gracias-registro-webinar-ciudadania-identidad-digital\/\",\"url\":\"https:\/\/www.galileo.edu\/page\/gracias-registro-webinar-ciudadania-identidad-digital\/\",\"name\":\"Gracias Webinar Gratuito: Ciudadan\u00eda e identidad digital\",\"isPartOf\":{\"@id\":\"https:\/\/www.galileo.edu\/page\/#website\"},\"datePublished\":\"2022-11-03T18:27:59+00:00\",\"dateModified\":\"2022-11-04T21:59:39+00:00\",\"description\":\"Gracias por inscribirte al Webinar Gratuito sobre: Ciudadan\u00eda e identidad digital, de Universidad Galileo. Ser\u00e1 este S\u00e1bado 19 de noviembre, 2022\",\"breadcrumb\":{\"@id\":\"https:\/\/www.galileo.edu\/page\/gracias-registro-webinar-ciudadania-identidad-digital\/#breadcrumb\"},\"inLanguage\":\"en-US\",\"potentialAction\":[{\"@type\":\"ReadAction\",\"target\":[\"https:\/\/www.galileo.edu\/page\/gracias-registro-webinar-ciudadania-identidad-digital\/\"]}]},{\"@type\":\"BreadcrumbList\",\"@id\":\"https:\/\/www.galileo.edu\/page\/gracias-registro-webinar-ciudadania-identidad-digital\/#breadcrumb\",\"itemListElement\":[{\"@type\":\"ListItem\",\"position\":1,\"name\":\"Home\",\"item\":\"https:\/\/www.galileo.edu\/page\/home\/\"},{\"@type\":\"ListItem\",\"position\":2,\"name\":\"Gracias Webinar Ciudadan\u00eda e identidad digital\"}]},{\"@type\":\"WebSite\",\"@id\":\"https:\/\/www.galileo.edu\/page\/#website\",\"url\":\"https:\/\/www.galileo.edu\/page\/\",\"name\":\"Universidad Galileo\",\"description\":\"La revoluci\u00f3n en la educaci\u00f3n\",\"potentialAction\":[{\"@type\":\"SearchAction\",\"target\":{\"@type\":\"EntryPoint\",\"urlTemplate\":\"https:\/\/www.galileo.edu\/page\/?s={search_term_string}\"},\"query-input\":\"required name=search_term_string\"}],\"inLanguage\":\"en-US\"}]}<\/script>\n<!-- \/ Yoast SEO plugin. -->","yoast_head_json":{"title":"Gracias Webinar Gratuito: Ciudadan\u00eda e identidad digital","description":"Gracias por inscribirte al Webinar Gratuito sobre: Ciudadan\u00eda e identidad digital, de Universidad Galileo. Ser\u00e1 este S\u00e1bado 19 de noviembre, 2022","robots":{"index":"index","follow":"follow","max-snippet":"max-snippet:-1","max-image-preview":"max-image-preview:large","max-video-preview":"max-video-preview:-1"},"canonical":"https:\/\/www.galileo.edu\/page\/gracias-registro-webinar-ciudadania-identidad-digital\/","og_locale":"en_US","og_type":"article","og_title":"Gracias Webinar Gratuito: Ciudadan\u00eda e identidad digital","og_description":"Gracias por inscribirte al Webinar Gratuito sobre: Ciudadan\u00eda e identidad digital, de Universidad Galileo. Ser\u00e1 este S\u00e1bado 19 de noviembre, 2022","og_url":"https:\/\/www.galileo.edu\/page\/gracias-registro-webinar-ciudadania-identidad-digital\/","og_site_name":"Universidad Galileo","article_modified_time":"2022-11-04T21:59:39+00:00","og_image":[{"url":"http:\/\/www.galileo.edu\/page\/wp-content\/uploads\/2022\/11\/post-02.jpg","width":1024,"height":1024,"type":"image\/jpeg"}],"twitter_card":"summary_large_image","twitter_misc":{"Est. reading time":"5 minutes"},"schema":{"@context":"https:\/\/schema.org","@graph":[{"@type":"WebPage","@id":"https:\/\/www.galileo.edu\/page\/gracias-registro-webinar-ciudadania-identidad-digital\/","url":"https:\/\/www.galileo.edu\/page\/gracias-registro-webinar-ciudadania-identidad-digital\/","name":"Gracias Webinar Gratuito: Ciudadan\u00eda e identidad digital","isPartOf":{"@id":"https:\/\/www.galileo.edu\/page\/#website"},"datePublished":"2022-11-03T18:27:59+00:00","dateModified":"2022-11-04T21:59:39+00:00","description":"Gracias por inscribirte al Webinar Gratuito sobre: Ciudadan\u00eda e identidad digital, de Universidad Galileo. Ser\u00e1 este S\u00e1bado 19 de noviembre, 2022","breadcrumb":{"@id":"https:\/\/www.galileo.edu\/page\/gracias-registro-webinar-ciudadania-identidad-digital\/#breadcrumb"},"inLanguage":"en-US","potentialAction":[{"@type":"ReadAction","target":["https:\/\/www.galileo.edu\/page\/gracias-registro-webinar-ciudadania-identidad-digital\/"]}]},{"@type":"BreadcrumbList","@id":"https:\/\/www.galileo.edu\/page\/gracias-registro-webinar-ciudadania-identidad-digital\/#breadcrumb","itemListElement":[{"@type":"ListItem","position":1,"name":"Home","item":"https:\/\/www.galileo.edu\/page\/home\/"},{"@type":"ListItem","position":2,"name":"Gracias Webinar Ciudadan\u00eda e identidad digital"}]},{"@type":"WebSite","@id":"https:\/\/www.galileo.edu\/page\/#website","url":"https:\/\/www.galileo.edu\/page\/","name":"Universidad Galileo","description":"La revoluci\u00f3n en la educaci\u00f3n","potentialAction":[{"@type":"SearchAction","target":{"@type":"EntryPoint","urlTemplate":"https:\/\/www.galileo.edu\/page\/?s={search_term_string}"},"query-input":"required name=search_term_string"}],"inLanguage":"en-US"}]}},"_links":{"self":[{"href":"https:\/\/www.galileo.edu\/page\/wp-json\/wp\/v2\/pages\/61764"}],"collection":[{"href":"https:\/\/www.galileo.edu\/page\/wp-json\/wp\/v2\/pages"}],"about":[{"href":"https:\/\/www.galileo.edu\/page\/wp-json\/wp\/v2\/types\/page"}],"author":[{"embeddable":true,"href":"https:\/\/www.galileo.edu\/page\/wp-json\/wp\/v2\/users\/17"}],"replies":[{"embeddable":true,"href":"https:\/\/www.galileo.edu\/page\/wp-json\/wp\/v2\/comments?post=61764"}],"version-history":[{"count":5,"href":"https:\/\/www.galileo.edu\/page\/wp-json\/wp\/v2\/pages\/61764\/revisions"}],"predecessor-version":[{"id":62084,"href":"https:\/\/www.galileo.edu\/page\/wp-json\/wp\/v2\/pages\/61764\/revisions\/62084"}],"wp:featuredmedia":[{"embeddable":true,"href":"https:\/\/www.galileo.edu\/page\/wp-json\/wp\/v2\/media\/61750"}],"wp:attachment":[{"href":"https:\/\/www.galileo.edu\/page\/wp-json\/wp\/v2\/media?parent=61764"}],"curies":[{"name":"wp","href":"https:\/\/api.w.org\/{rel}","templated":true}]}}