{"id":60491,"date":"2022-10-18T02:12:03","date_gmt":"2022-10-18T02:12:03","guid":{"rendered":"https:\/\/www.galileo.edu\/page\/?page_id=60491"},"modified":"2022-10-25T17:18:36","modified_gmt":"2022-10-25T17:18:36","slug":"gracias-webinar-hibrido-la-importancia-del-aprendizaje-activo","status":"publish","type":"page","link":"https:\/\/www.galileo.edu\/page\/gracias-webinar-hibrido-la-importancia-del-aprendizaje-activo\/","title":{"rendered":"Gracias Webinar H\u00edbrido: La importancia del aprendizaje activo"},"content":{"rendered":"<p>[et_pb_section fb_built=&#8221;1&#8243; disabled_on=&#8221;on|off|off&#8221; _builder_version=&#8221;3.2.2&#8243; background_image=&#8221;http:\/\/www.galileo.edu\/page\/wp-content\/uploads\/2022\/10\/Banner_Webinar_3.jpg&#8221; background_position=&#8221;center_left&#8221; background_video_width=&#8221;1920&#8243; custom_padding=&#8221;3px|0px|817px|0px|false|false&#8221; top_divider_color=&#8221;#e09900&#8243; top_divider_height=&#8221;0px&#8221; bottom_divider_color=&#8221;#ffffff&#8221; bottom_divider_height=&#8221;75px&#8221; bottom_divider_flip=&#8221;vertical&#8221;][\/et_pb_section][et_pb_section fb_built=&#8221;1&#8243; disabled_on=&#8221;off|on|on&#8221; _builder_version=&#8221;3.2.2&#8243; background_image=&#8221;http:\/\/www.galileo.edu\/page\/wp-content\/uploads\/2022\/10\/Banner_Movil-05-1.jpg&#8221; background_video_width=&#8221;1920&#8243; custom_padding=&#8221;3px|0px|525px|0px|false|false&#8221; top_divider_color=&#8221;#e09900&#8243; top_divider_height=&#8221;0px&#8221; bottom_divider_color=&#8221;#ffffff&#8221; bottom_divider_height=&#8221;75px&#8221; bottom_divider_flip=&#8221;vertical&#8221;][\/et_pb_section][et_pb_section fb_built=&#8221;1&#8243; _builder_version=&#8221;3.2.2&#8243; custom_padding=&#8221;54px|0px|0|0px|false|false&#8221;][et_pb_row make_fullwidth=&#8221;on&#8221; custom_padding=&#8221;41px|0px|20px|0px|false|false&#8221; _builder_version=&#8221;3.2.2&#8243;][et_pb_column type=&#8221;4_4&#8243; _builder_version=&#8221;3.0.47&#8243; parallax=&#8221;off&#8221; parallax_method=&#8221;on&#8221;][et_pb_text _builder_version=&#8221;3.2.2&#8243; text_font=&#8221;||||||||&#8221; header_font=&#8221;Poppins|700|||||||&#8221; header_text_align=&#8221;left&#8221; header_text_color=&#8221;#dc9700&#8243; header_font_size=&#8221;42px&#8221; header_font_size_phone=&#8221;23px&#8221; header_font_size_last_edited=&#8221;on|phone&#8221; header_line_height=&#8221;1.2em&#8221; border_color_all=&#8221;#bc7c12&#8243; max_width=&#8221;49%&#8221; max_width_tablet=&#8221;65%&#8221; max_width_phone=&#8221;76%&#8221; max_width_last_edited=&#8221;on|phone&#8221; module_alignment=&#8221;center&#8221; custom_margin=&#8221;||0px|&#8221; custom_padding=&#8221;||0px|&#8221;]<\/p>\n<h1 style=\"text-align: center;\">Gracias por inscribirte\u00a0al webinar<\/h1>\n<p>[\/et_pb_text][et_pb_text _builder_version=&#8221;3.2.2&#8243; text_font=&#8221;||||||||&#8221; header_font=&#8221;Poppins|700|||||||&#8221; header_text_align=&#8221;left&#8221; header_font_size=&#8221;55px&#8221; header_font_size_phone=&#8221;29px&#8221; header_font_size_last_edited=&#8221;on|phone&#8221; header_line_height=&#8221;1.2em&#8221; custom_margin=&#8221;||0px|&#8221; custom_padding=&#8221;||0px|&#8221;]<\/p>\n<h1 style=\"text-align: center;\"><strong>\u201cLa importancia del aprendizaje activo\u201d<\/strong><\/h1>\n<p>[\/et_pb_text][\/et_pb_column][\/et_pb_row][\/et_pb_section][et_pb_section fb_built=&#8221;1&#8243; _builder_version=&#8221;3.2.2&#8243; custom_padding=&#8221;0|0px|0|0px|false|false&#8221; bottom_divider_color=&#8221;#ffffff&#8221; bottom_divider_height=&#8221;56px&#8221;][et_pb_row custom_padding=&#8221;0|0px|34px|0px|false|false&#8221; _builder_version=&#8221;3.2.2&#8243;][et_pb_column type=&#8221;4_4&#8243; _builder_version=&#8221;3.0.47&#8243; parallax=&#8221;off&#8221; parallax_method=&#8221;on&#8221;][et_pb_text _builder_version=&#8221;3.2.2&#8243; text_font=&#8221;Poppins||||||||&#8221; text_text_color=&#8221;#000000&#8243; text_font_size=&#8221;23px&#8221; text_font_size_phone=&#8221;15px&#8221; text_font_size_last_edited=&#8221;on|phone&#8221; text_line_height=&#8221;1.3em&#8221; header_font=&#8221;Poppins|700|||||||&#8221; header_text_align=&#8221;center&#8221; header_text_color=&#8221;#000000&#8243; header_font_size=&#8221;36px&#8221; header_line_height=&#8221;1.1em&#8221; header_2_font=&#8221;Poppins|700|||||||&#8221; header_2_text_align=&#8221;left&#8221; header_2_text_color=&#8221;#ffffff&#8221; header_2_font_size=&#8221;34px&#8221; border_color_all=&#8221;#ffffff&#8221; text_orientation=&#8221;justified&#8221;]<\/p>\n<p style=\"text-align: center;\"><span style=\"font-weight: 400;\">Te recomendamos estar pendiente de tu correo electr\u00f3nico.\u00a0 En breve recibir\u00e1s la informaci\u00f3n completa de acceso y asistencia a la conferencia. Si no recibes el correo con la informaci\u00f3n de parte de <strong>Proyecto PROF-XXI<\/strong>, busca en tus otras carpetas de correo como \u201cPromociones\u201d, \u201cNotificaciones\u201d o \u201cNewsletter\u201d, o bien en \u201cNo deseado\u201d o \u201cSpam\u201d, algunas veces se filtran all\u00ed. Si no te llega el correo electr\u00f3nico, puede ser que escribiste mal tu email, por lo que te pedimos que vuelvas a llenar tus datos en la p\u00e1gina anterior a esta y revisa que est\u00e9n bien escritos.<\/span><\/p>\n<p>[\/et_pb_text][\/et_pb_column][\/et_pb_row][\/et_pb_section][et_pb_section fb_built=&#8221;1&#8243; _builder_version=&#8221;3.2.2&#8243; custom_padding=&#8221;0|0px|0|0px|false|false&#8221;][et_pb_row make_fullwidth=&#8221;on&#8221; custom_padding=&#8221;40px|0px|0|0px|false|false&#8221; custom_padding_last_edited=&#8221;on|desktop&#8221; _builder_version=&#8221;3.2.2&#8243;][et_pb_column type=&#8221;1_4&#8243; _builder_version=&#8221;3.0.47&#8243; parallax=&#8221;off&#8221; parallax_method=&#8221;on&#8221;][et_pb_blurb url=&#8221;https:\/\/www.usbcali.edu.co\/&#8221; url_new_window=&#8221;on&#8221; image=&#8221;http:\/\/www.galileo.edu\/page\/wp-content\/uploads\/2022\/10\/SanBuenaventuraCali.png&#8221; image_max_width=&#8221;76%&#8221; image_max_width_phone=&#8221;65%&#8221; image_max_width_last_edited=&#8221;on|phone&#8221; _builder_version=&#8221;3.2.2&#8243;][\/et_pb_blurb][\/et_pb_column][et_pb_column type=&#8221;1_4&#8243; _builder_version=&#8221;3.0.47&#8243; parallax=&#8221;off&#8221; parallax_method=&#8221;on&#8221;][et_pb_blurb url=&#8221;https:\/\/www.usac.edu.gt\/&#8221; url_new_window=&#8221;on&#8221; image=&#8221;http:\/\/www.galileo.edu\/page\/wp-content\/uploads\/2022\/08\/USAC.png&#8221; image_max_width=&#8221;73%&#8221; image_max_width_phone=&#8221;59%&#8221; image_max_width_last_edited=&#8221;on|phone&#8221; _builder_version=&#8221;3.2.2&#8243;][\/et_pb_blurb][\/et_pb_column][et_pb_column type=&#8221;1_4&#8243; _builder_version=&#8221;3.0.47&#8243; parallax=&#8221;off&#8221; parallax_method=&#8221;on&#8221;][et_pb_blurb url=&#8221;https:\/\/www.galileo.edu\/&#8221; url_new_window=&#8221;on&#8221; image=&#8221;http:\/\/www.galileo.edu\/page\/wp-content\/uploads\/2022\/08\/logo-galileo-01-2-2.png&#8221; image_max_width=&#8221;70%&#8221; image_max_width_phone=&#8221;65%&#8221; image_max_width_last_edited=&#8221;on|phone&#8221; _builder_version=&#8221;3.2.2&#8243;][\/et_pb_blurb][\/et_pb_column][et_pb_column type=&#8221;1_4&#8243; _builder_version=&#8221;3.0.47&#8243; parallax=&#8221;off&#8221; parallax_method=&#8221;on&#8221;][et_pb_blurb url=&#8221;https:\/\/www.uc3m.es\/Inicio&#8221; url_new_window=&#8221;on&#8221; image=&#8221;http:\/\/www.galileo.edu\/page\/wp-content\/uploads\/2022\/08\/images.png&#8221; image_max_width=&#8221;92%&#8221; image_max_width_phone=&#8221;68%&#8221; image_max_width_last_edited=&#8221;on|phone&#8221; _builder_version=&#8221;3.2.2&#8243;][\/et_pb_blurb][\/et_pb_column][\/et_pb_row][et_pb_row make_fullwidth=&#8221;on&#8221; custom_padding=&#8221;0|0px|0px|0px|false|false&#8221; _builder_version=&#8221;3.2.2&#8243;][et_pb_column type=&#8221;1_3&#8243; _builder_version=&#8221;3.0.47&#8243; parallax=&#8221;off&#8221; parallax_method=&#8221;on&#8221;][et_pb_blurb url=&#8221;https:\/\/portal.uab.pt\/&#8221; url_new_window=&#8221;on&#8221; image=&#8221;http:\/\/www.galileo.edu\/page\/wp-content\/uploads\/2022\/08\/aberta.png&#8221; image_max_width=&#8221;93%&#8221; image_max_width_phone=&#8221;80%&#8221; image_max_width_last_edited=&#8221;on|phone&#8221; _builder_version=&#8221;3.2.2&#8243;][\/et_pb_blurb][\/et_pb_column][et_pb_column type=&#8221;1_3&#8243; _builder_version=&#8221;3.0.47&#8243; parallax=&#8221;off&#8221; parallax_method=&#8221;on&#8221;][et_pb_blurb url=&#8221;https:\/\/www.univ-tlse3.fr\/&#8221; url_new_window=&#8221;on&#8221; image=&#8221;http:\/\/www.galileo.edu\/page\/wp-content\/uploads\/2022\/08\/Logo_Universidad_Paul_Sabatier_Toulouse_III.png&#8221; image_max_width=&#8221;93%&#8221; image_max_width_phone=&#8221;71%&#8221; image_max_width_last_edited=&#8221;on|phone&#8221; _builder_version=&#8221;3.2.2&#8243;][\/et_pb_blurb][\/et_pb_column][et_pb_column type=&#8221;1_3&#8243; _builder_version=&#8221;3.0.47&#8243; parallax=&#8221;off&#8221; parallax_method=&#8221;on&#8221;][et_pb_blurb url=&#8221;http:\/\/www.unicauca.edu.co\/versionP\/&#8221; url_new_window=&#8221;on&#8221; image=&#8221;http:\/\/www.galileo.edu\/page\/wp-content\/uploads\/2022\/08\/Logo_de_la_Universidad_del_Cauca.svg_.png&#8221; image_max_width=&#8221;22%&#8221; image_max_width_last_edited=&#8221;on|phone&#8221; _builder_version=&#8221;3.2.2&#8243;][\/et_pb_blurb][\/et_pb_column][\/et_pb_row][\/et_pb_section][et_pb_section fb_built=&#8221;1&#8243; _builder_version=&#8221;3.2.2&#8243; background_color=&#8221;#efefef&#8221; custom_margin=&#8221;-24px|||&#8221;][et_pb_row make_fullwidth=&#8221;on&#8221; custom_padding=&#8221;0|0px|10px|0px|false|false&#8221; _builder_version=&#8221;3.2.2&#8243; module_alignment=&#8221;center&#8221;][et_pb_column type=&#8221;1_3&#8243; _builder_version=&#8221;3.0.47&#8243; parallax=&#8221;off&#8221; parallax_method=&#8221;on&#8221;][et_pb_image src=&#8221;http:\/\/www.galileo.edu\/page\/wp-content\/uploads\/2022\/08\/eu_flag_co_funded_pos_rgb_right.png&#8221; _builder_version=&#8221;3.2.2&#8243;][\/et_pb_image][\/et_pb_column][et_pb_column type=&#8221;1_3&#8243; _builder_version=&#8221;3.0.47&#8243; parallax=&#8221;off&#8221; parallax_method=&#8221;on&#8221;][et_pb_text _builder_version=&#8221;3.2.2&#8243; text_font=&#8221;Poppins|300|||||||&#8221; text_text_color=&#8221;#000000&#8243; text_font_size=&#8221;23px&#8221; text_font_size_phone=&#8221;16px&#8221; text_font_size_last_edited=&#8221;on|phone&#8221; custom_margin=&#8221;57px|||&#8221; custom_margin_phone=&#8221;0px|||&#8221; custom_margin_last_edited=&#8221;on|phone&#8221;] Este proyecto ha sido financiado con la ayuda de Erasmus+.\u00a0Los contenidos son responsabilidad de su actor y de ningun modo debe considerarse que refleja la opinion oficial de Erasmus+<br \/>\n[\/et_pb_text][\/et_pb_column][et_pb_column type=&#8221;1_3&#8243; _builder_version=&#8221;3.0.47&#8243; parallax=&#8221;off&#8221; parallax_method=&#8221;on&#8221;][et_pb_text _builder_version=&#8221;3.2.2&#8243; text_font=&#8221;||||||||&#8221; header_font=&#8221;Poppins|700|||||||&#8221; header_text_align=&#8221;center&#8221; header_text_color=&#8221;#000000&#8243; header_font_size=&#8221;36px&#8221; header_line_height=&#8221;1.1em&#8221; header_2_font=&#8221;Poppins|700|||||||&#8221; header_2_text_align=&#8221;left&#8221; header_2_text_color=&#8221;#000000&#8243; header_2_font_size=&#8221;34px&#8221; custom_margin=&#8221;26px|||&#8221; custom_margin_phone=&#8221;0px|||&#8221; custom_margin_last_edited=&#8221;on|phone&#8221;]<\/p>\n<h2 style=\"text-align: center;\">Redes sociales del proyecto:<\/h2>\n<p>[\/et_pb_text][et_pb_social_media_follow follow_button=&#8221;on&#8221; _builder_version=&#8221;3.2.2&#8243; box_shadow_style=&#8221;preset3&#8243; text_orientation=&#8221;center&#8221; custom_margin=&#8221;-30px|||&#8221;][et_pb_social_media_follow_network social_network=&#8221;facebook&#8221; url=&#8221;https:\/\/www.facebook.com\/profxxi&#8221; _builder_version=&#8221;3.2.2&#8243; background_color=&#8221;#3b5998&#8243; follow_button=&#8221;on&#8221; url_new_window=&#8221;on&#8221;]facebook[\/et_pb_social_media_follow_network][et_pb_social_media_follow_network social_network=&#8221;twitter&#8221; url=&#8221;https:\/\/twitter.com\/prof_xxi&#8221; _builder_version=&#8221;3.2.2&#8243; background_color=&#8221;#00aced&#8221; follow_button=&#8221;on&#8221; url_new_window=&#8221;on&#8221;]twitter[\/et_pb_social_media_follow_network][\/et_pb_social_media_follow][\/et_pb_column][\/et_pb_row][\/et_pb_section]<\/p>\n","protected":false},"excerpt":{"rendered":"<p>Gracias por inscribirte\u00a0al webinar \u201cLa importancia del aprendizaje activo\u201d Te recomendamos estar pendiente de tu correo electr\u00f3nico.\u00a0 En breve recibir\u00e1s la informaci\u00f3n completa de acceso y asistencia a la conferencia. Si no recibes el correo con la informaci\u00f3n de parte de Proyecto PROF-XXI, busca en tus otras carpetas de correo como \u201cPromociones\u201d, \u201cNotificaciones\u201d o \u201cNewsletter\u201d, [&hellip;]<\/p>\n","protected":false},"author":10,"featured_media":60485,"parent":0,"menu_order":0,"comment_status":"closed","ping_status":"closed","template":"page-template-blank.php","meta":{"_et_pb_use_builder":"on","_et_pb_old_content":"","_et_gb_content_width":""},"yoast_head":"<!-- This site is optimized with the Yoast SEO plugin v20.13 - https:\/\/yoast.com\/wordpress\/plugins\/seo\/ -->\n<title>Gracias Webinar H\u00edbrido: La importancia del aprendizaje activo - Universidad Galileo<\/title>\n<meta name=\"description\" content=\"\u00a1Gracias por registrarte al Webinar H\u00edbrido: La importancia del aprendizaje activo\" \/>\n<meta name=\"robots\" content=\"index, follow, max-snippet:-1, max-image-preview:large, max-video-preview:-1\" \/>\n<link rel=\"canonical\" href=\"https:\/\/www.galileo.edu\/page\/gracias-webinar-hibrido-la-importancia-del-aprendizaje-activo\/\" \/>\n<meta property=\"og:locale\" content=\"en_US\" \/>\n<meta property=\"og:type\" content=\"article\" \/>\n<meta property=\"og:title\" content=\"Gracias Webinar H\u00edbrido: La importancia del aprendizaje activo - Universidad Galileo\" \/>\n<meta property=\"og:description\" content=\"\u00a1Gracias por registrarte al Webinar H\u00edbrido: La importancia del aprendizaje activo\" \/>\n<meta property=\"og:url\" content=\"https:\/\/www.galileo.edu\/page\/gracias-webinar-hibrido-la-importancia-del-aprendizaje-activo\/\" \/>\n<meta property=\"og:site_name\" content=\"Universidad Galileo\" \/>\n<meta property=\"article:modified_time\" content=\"2022-10-25T17:18:36+00:00\" \/>\n<meta property=\"og:image\" content=\"http:\/\/www.galileo.edu\/page\/wp-content\/uploads\/2022\/10\/Banner_Movil-05-1.jpg\" \/>\n\t<meta property=\"og:image:width\" content=\"749\" \/>\n\t<meta property=\"og:image:height\" content=\"876\" \/>\n\t<meta property=\"og:image:type\" content=\"image\/jpeg\" \/>\n<meta name=\"twitter:card\" content=\"summary_large_image\" \/>\n<meta name=\"twitter:label1\" content=\"Est. reading time\" \/>\n\t<meta name=\"twitter:data1\" content=\"7 minutes\" \/>\n<script type=\"application\/ld+json\" class=\"yoast-schema-graph\">{\"@context\":\"https:\/\/schema.org\",\"@graph\":[{\"@type\":\"WebPage\",\"@id\":\"https:\/\/www.galileo.edu\/page\/gracias-webinar-hibrido-la-importancia-del-aprendizaje-activo\/\",\"url\":\"https:\/\/www.galileo.edu\/page\/gracias-webinar-hibrido-la-importancia-del-aprendizaje-activo\/\",\"name\":\"Gracias Webinar H\u00edbrido: La importancia del aprendizaje activo - Universidad Galileo\",\"isPartOf\":{\"@id\":\"https:\/\/www.galileo.edu\/page\/#website\"},\"datePublished\":\"2022-10-18T02:12:03+00:00\",\"dateModified\":\"2022-10-25T17:18:36+00:00\",\"description\":\"\u00a1Gracias por registrarte al Webinar H\u00edbrido: La importancia del aprendizaje activo\",\"breadcrumb\":{\"@id\":\"https:\/\/www.galileo.edu\/page\/gracias-webinar-hibrido-la-importancia-del-aprendizaje-activo\/#breadcrumb\"},\"inLanguage\":\"en-US\",\"potentialAction\":[{\"@type\":\"ReadAction\",\"target\":[\"https:\/\/www.galileo.edu\/page\/gracias-webinar-hibrido-la-importancia-del-aprendizaje-activo\/\"]}]},{\"@type\":\"BreadcrumbList\",\"@id\":\"https:\/\/www.galileo.edu\/page\/gracias-webinar-hibrido-la-importancia-del-aprendizaje-activo\/#breadcrumb\",\"itemListElement\":[{\"@type\":\"ListItem\",\"position\":1,\"name\":\"Home\",\"item\":\"https:\/\/www.galileo.edu\/page\/home\/\"},{\"@type\":\"ListItem\",\"position\":2,\"name\":\"Gracias Webinar H\u00edbrido: La importancia del aprendizaje activo\"}]},{\"@type\":\"WebSite\",\"@id\":\"https:\/\/www.galileo.edu\/page\/#website\",\"url\":\"https:\/\/www.galileo.edu\/page\/\",\"name\":\"Universidad Galileo\",\"description\":\"La revoluci\u00f3n en la educaci\u00f3n\",\"potentialAction\":[{\"@type\":\"SearchAction\",\"target\":{\"@type\":\"EntryPoint\",\"urlTemplate\":\"https:\/\/www.galileo.edu\/page\/?s={search_term_string}\"},\"query-input\":\"required name=search_term_string\"}],\"inLanguage\":\"en-US\"}]}<\/script>\n<!-- \/ Yoast SEO plugin. -->","yoast_head_json":{"title":"Gracias Webinar H\u00edbrido: La importancia del aprendizaje activo - Universidad Galileo","description":"\u00a1Gracias por registrarte al Webinar H\u00edbrido: La importancia del aprendizaje activo","robots":{"index":"index","follow":"follow","max-snippet":"max-snippet:-1","max-image-preview":"max-image-preview:large","max-video-preview":"max-video-preview:-1"},"canonical":"https:\/\/www.galileo.edu\/page\/gracias-webinar-hibrido-la-importancia-del-aprendizaje-activo\/","og_locale":"en_US","og_type":"article","og_title":"Gracias Webinar H\u00edbrido: La importancia del aprendizaje activo - Universidad Galileo","og_description":"\u00a1Gracias por registrarte al Webinar H\u00edbrido: La importancia del aprendizaje activo","og_url":"https:\/\/www.galileo.edu\/page\/gracias-webinar-hibrido-la-importancia-del-aprendizaje-activo\/","og_site_name":"Universidad Galileo","article_modified_time":"2022-10-25T17:18:36+00:00","og_image":[{"width":749,"height":876,"url":"http:\/\/www.galileo.edu\/page\/wp-content\/uploads\/2022\/10\/Banner_Movil-05-1.jpg","type":"image\/jpeg"}],"twitter_card":"summary_large_image","twitter_misc":{"Est. reading time":"7 minutes"},"schema":{"@context":"https:\/\/schema.org","@graph":[{"@type":"WebPage","@id":"https:\/\/www.galileo.edu\/page\/gracias-webinar-hibrido-la-importancia-del-aprendizaje-activo\/","url":"https:\/\/www.galileo.edu\/page\/gracias-webinar-hibrido-la-importancia-del-aprendizaje-activo\/","name":"Gracias Webinar H\u00edbrido: La importancia del aprendizaje activo - Universidad Galileo","isPartOf":{"@id":"https:\/\/www.galileo.edu\/page\/#website"},"datePublished":"2022-10-18T02:12:03+00:00","dateModified":"2022-10-25T17:18:36+00:00","description":"\u00a1Gracias por registrarte al Webinar H\u00edbrido: La importancia del aprendizaje activo","breadcrumb":{"@id":"https:\/\/www.galileo.edu\/page\/gracias-webinar-hibrido-la-importancia-del-aprendizaje-activo\/#breadcrumb"},"inLanguage":"en-US","potentialAction":[{"@type":"ReadAction","target":["https:\/\/www.galileo.edu\/page\/gracias-webinar-hibrido-la-importancia-del-aprendizaje-activo\/"]}]},{"@type":"BreadcrumbList","@id":"https:\/\/www.galileo.edu\/page\/gracias-webinar-hibrido-la-importancia-del-aprendizaje-activo\/#breadcrumb","itemListElement":[{"@type":"ListItem","position":1,"name":"Home","item":"https:\/\/www.galileo.edu\/page\/home\/"},{"@type":"ListItem","position":2,"name":"Gracias Webinar H\u00edbrido: La importancia del aprendizaje activo"}]},{"@type":"WebSite","@id":"https:\/\/www.galileo.edu\/page\/#website","url":"https:\/\/www.galileo.edu\/page\/","name":"Universidad Galileo","description":"La revoluci\u00f3n en la educaci\u00f3n","potentialAction":[{"@type":"SearchAction","target":{"@type":"EntryPoint","urlTemplate":"https:\/\/www.galileo.edu\/page\/?s={search_term_string}"},"query-input":"required name=search_term_string"}],"inLanguage":"en-US"}]}},"_links":{"self":[{"href":"https:\/\/www.galileo.edu\/page\/wp-json\/wp\/v2\/pages\/60491"}],"collection":[{"href":"https:\/\/www.galileo.edu\/page\/wp-json\/wp\/v2\/pages"}],"about":[{"href":"https:\/\/www.galileo.edu\/page\/wp-json\/wp\/v2\/types\/page"}],"author":[{"embeddable":true,"href":"https:\/\/www.galileo.edu\/page\/wp-json\/wp\/v2\/users\/10"}],"replies":[{"embeddable":true,"href":"https:\/\/www.galileo.edu\/page\/wp-json\/wp\/v2\/comments?post=60491"}],"version-history":[{"count":9,"href":"https:\/\/www.galileo.edu\/page\/wp-json\/wp\/v2\/pages\/60491\/revisions"}],"predecessor-version":[{"id":60896,"href":"https:\/\/www.galileo.edu\/page\/wp-json\/wp\/v2\/pages\/60491\/revisions\/60896"}],"wp:featuredmedia":[{"embeddable":true,"href":"https:\/\/www.galileo.edu\/page\/wp-json\/wp\/v2\/media\/60485"}],"wp:attachment":[{"href":"https:\/\/www.galileo.edu\/page\/wp-json\/wp\/v2\/media?parent=60491"}],"curies":[{"name":"wp","href":"https:\/\/api.w.org\/{rel}","templated":true}]}}