{"id":6020,"date":"2018-07-27T15:49:24","date_gmt":"2018-07-27T15:49:24","guid":{"rendered":"http:\/\/www.galileo.edu\/page\/?page_id=6020"},"modified":"2018-07-27T17:05:01","modified_gmt":"2018-07-27T17:05:01","slug":"xicongresoaibguatemala","status":"publish","type":"page","link":"https:\/\/www.galileo.edu\/page\/xicongresoaibguatemala\/","title":{"rendered":"xicongresoaibguatemala"},"content":{"rendered":"<p>[et_pb_section fb_built=&#8221;1&#8243; _builder_version=&#8221;3.2.2&#8243; background_image=&#8221;http:\/\/www.galileo.edu\/page\/wp-content\/uploads\/2018\/07\/banner.png&#8221; custom_padding=&#8221;54px|0px|0|0px|false|false&#8221;][et_pb_row _builder_version=&#8221;3.0.47&#8243; background_size=&#8221;initial&#8221; background_position=&#8221;top_left&#8221; background_repeat=&#8221;repeat&#8221;][et_pb_column type=&#8221;4_4&#8243; _builder_version=&#8221;3.0.47&#8243; parallax=&#8221;off&#8221; parallax_method=&#8221;on&#8221;][et_pb_image src=&#8221;http:\/\/www.galileo.edu\/page\/wp-content\/uploads\/2018\/07\/texto-banner.png&#8221; align=&#8221;center&#8221; _builder_version=&#8221;3.2.2&#8243; custom_padding_last_edited=&#8221;on|desktop&#8221; custom_padding=&#8221;15%|||&#8221;][\/et_pb_image][\/et_pb_column][\/et_pb_row][et_pb_row _builder_version=&#8221;3.0.47&#8243; background_size=&#8221;initial&#8221; background_position=&#8221;top_left&#8221; background_repeat=&#8221;repeat&#8221;][et_pb_column type=&#8221;1_2&#8243; _builder_version=&#8221;3.0.47&#8243; parallax=&#8221;off&#8221; parallax_method=&#8221;on&#8221;][et_pb_text _builder_version=&#8221;3.2.2&#8243; header_3_font=&#8221;|700||on|||||&#8221; header_3_text_align=&#8221;center&#8221; header_3_text_color=&#8221;#ffffff&#8221; header_3_font_size=&#8221;35px&#8221; header_3_font_size_last_edited=&#8221;on|&#8221; header_font=&#8221;||||||||&#8221;]<\/p>\n<h3><strong>24 al 26 de octubre<\/strong><\/h3>\n<p>[\/et_pb_text][\/et_pb_column][et_pb_column type=&#8221;1_2&#8243; _builder_version=&#8221;3.0.47&#8243; parallax=&#8221;off&#8221; parallax_method=&#8221;on&#8221;][et_pb_text _builder_version=&#8221;3.2.2&#8243; header_3_font=&#8221;|700|||||||&#8221; header_3_text_align=&#8221;left&#8221; header_3_text_color=&#8221;#ffffff&#8221; header_3_font_size=&#8221;35px&#8221; header_3_font_size_last_edited=&#8221;on|&#8221; text_font=&#8221;||||||||&#8221; header_font=&#8221;||||||||&#8221; background_color=&#8221;rgba(78,44,137,0.46)&#8221; custom_padding_last_edited=&#8221;on|desktop&#8221; custom_padding=&#8221;1%|2%|1%|2%&#8221;]<\/p>\n<h3>Conferencistas nacionales e internacionales<\/h3>\n<p>[\/et_pb_text][\/et_pb_column][\/et_pb_row][et_pb_row _builder_version=&#8221;3.0.47&#8243; background_size=&#8221;initial&#8221; background_position=&#8221;top_left&#8221; background_repeat=&#8221;repeat&#8221;][et_pb_column type=&#8221;4_4&#8243; _builder_version=&#8221;3.0.47&#8243; parallax=&#8221;off&#8221; parallax_method=&#8221;on&#8221;][et_pb_countdown_timer date_time=&#8221;2018-10-24 00:00&#8243; _builder_version=&#8221;3.2.2&#8243; header_font_size=&#8221;1px&#8221; header_font_size_last_edited=&#8221;on|&#8221; numbers_font=&#8221;||||||||&#8221; numbers_text_align=&#8221;center&#8221; numbers_font_size=&#8221;25px&#8221; numbers_font_size_last_edited=&#8221;on|&#8221; use_background_color=&#8221;off&#8221; animation_style=&#8221;fade&#8221; label_font=&#8221;||||||||&#8221; label_font_size_last_edited=&#8221;on|desktop&#8221; label_font_size=&#8221;25px&#8221; header_font=&#8221;||||||||&#8221;][\/et_pb_countdown_timer][et_pb_button button_text=&#8221;Entradas&#8221; button_alignment=&#8221;center&#8221; _builder_version=&#8221;3.2.2&#8243; custom_button=&#8221;on&#8221; animation_style=&#8221;fade&#8221; button_text_size=&#8221;25px&#8221; button_text_color=&#8221;#ffffff&#8221; button_bg_color=&#8221;#4e2c89&#8243; button_border_color=&#8221;rgba(0,0,0,0)&#8221; button_bg_color_hover=&#8221;#ea7e34&#8243; button_font=&#8221;||||||||&#8221; button_text_size_last_edited=&#8221;on|desktop&#8221; custom_padding=&#8221;|||&#8221; custom_margin_last_edited=&#8221;on|desktop&#8221; custom_margin=&#8221;3%|||&#8221;][\/et_pb_button][\/et_pb_column][\/et_pb_row][et_pb_row make_fullwidth=&#8221;on&#8221; use_custom_gutter=&#8221;on&#8221; gutter_width=&#8221;1&#8243; _builder_version=&#8221;3.2.2&#8243; module_alignment=&#8221;center&#8221; custom_padding=&#8221;27px|0px|0|0px|false|false&#8221;][et_pb_column type=&#8221;4_4&#8243; _builder_version=&#8221;3.2.2&#8243; parallax=&#8221;off&#8221; parallax_method=&#8221;on&#8221;][et_pb_text header_3_font_size=&#8221;25px&#8221; _builder_version=&#8221;3.2.2&#8243; text_font=&#8221;||||||||&#8221; header_font=&#8221;||||||||&#8221; header_3_font=&#8221;|600|||||||&#8221; header_3_text_align=&#8221;center&#8221; header_3_text_color=&#8221;#ffffff&#8221; header_3_font_size_last_edited=&#8221;on|desktop&#8221; background_color=&#8221;rgba(22,22,22,0.7)&#8221; custom_padding_last_edited=&#8221;on|desktop&#8221; custom_padding=&#8221;1%|1%|1%|1%&#8221;]<\/p>\n<h3><strong>M\u00e1s de 600 asistentes investigadores, cient\u00edficos, profesionales de la salud, familiares y cuidadores.<\/strong><\/h3>\n<p>[\/et_pb_text][\/et_pb_column][\/et_pb_row][\/et_pb_section][et_pb_section fb_built=&#8221;1&#8243; _builder_version=&#8221;3.2.2&#8243;][et_pb_row _builder_version=&#8221;3.2.2&#8243;][et_pb_column type=&#8221;4_4&#8243; _builder_version=&#8221;3.2.2&#8243; parallax=&#8221;off&#8221; parallax_method=&#8221;on&#8221;][et_pb_text _builder_version=&#8221;3.2.2&#8243; header_font=&#8221;|700||on|||||&#8221; header_text_color=&#8221;#4e2c89&#8243; header_text_align=&#8221;center&#8221;]<\/p>\n<h1>ACERCA DEL CONGRESO<\/h1>\n<p>[\/et_pb_text][et_pb_text header_5_line_height=&#8221;1.5em&#8221; _builder_version=&#8221;3.2.2&#8243; header_font=&#8221;||||||||&#8221; header_5_font=&#8221;||||||||&#8221; header_5_text_align=&#8221;justify&#8221; header_5_font_size_last_edited=&#8221;on|desktop&#8221; header_5_line_height_last_edited=&#8221;on|desktop&#8221;]<\/p>\n<h5>La Asociaci\u00f3n Grupo Ermita Alzheimer de Guatemala, de acuerdo con el lema del Congreso\u201d Si te olvido, no me olvides \u201c, ha programado un importante espacio propicio para intercambiar y divulgar ideas y experiencias, contribuyendo al esperado Encuentro en el que las asociaciones de la sociedad civil, miembros de Alzheimer Iberoam\u00e9rica, se unen con otros actores de la sociedad abocados tambi\u00e9n a enfrentar la problem\u00e1tica de la demencia, empresa que demanda un trabajo conjunto y comprometido.<\/h5>\n<h5>Una extraordinaria oportunidad internacional de acercarnos a la diversidad de conocimientos, investigaciones y experiencias actuales marcadas por el intercambio de di\u00e1logos eruditos y enriquecedores entre los responsables de dar respuestas concretas y soluciones para nuestra regi\u00f3n.<\/h5>\n<h5>Actividades cient\u00edficas: mesas redondas, conferencias magistrales, simposios, cursos formativos pre-congresuales, presentaci\u00f3n de comunicaciones y sumadas actividades propuestas por las asociaciones integrantes de AIB, ofrecen un amplio y satisfactorio programa que hacen que la asistencia y participaci\u00f3n en el Congreso, en la bella e hist\u00f3rica Ciudad Nueva Guatemala de la Asunci\u00f3n, sea imprescindible e inolvidable.<\/h5>\n<p>[\/et_pb_text][et_pb_text _builder_version=&#8221;3.2.2&#8243; header_font=&#8221;|700||on|||||&#8221; header_text_color=&#8221;#4e2c89&#8243; header_text_align=&#8221;center&#8221;]<\/p>\n<h1>ENTRADAS<\/h1>\n<p>[\/et_pb_text][et_pb_pricing_tables _builder_version=&#8221;3.2.2&#8243; border_color_all=&#8221;#ffffff&#8221; subheader_font=&#8221;||||||||&#8221; featured_table_background_color=&#8221;#4e2c89&#8243; featured_table_bullet_color=&#8221;#4e2c89&#8243; bullet_color=&#8221;#4e2c89&#8243; header_font=&#8221;|700|||||||&#8221; featured_table_header_background_color=&#8221;rgba(0,0,0,0)&#8221; featured_table_header_text_color=&#8221;#000000&#8243; header_background_color=&#8221;#4e2c89&#8243; header_font_size=&#8221;19px&#8221; header_font_size_last_edited=&#8221;on|desktop&#8221;][et_pb_pricing_table custom_button=&#8221;on&#8221; button_text_size=&#8221;18px&#8221; button_text_color=&#8221;#4e2c89&#8243; button_bg_color_hover=&#8221;#ea7e34&#8243; title=&#8221;Profesionales&#8221; currency=&#8221;$&#8221; sum=&#8221;175&#8243; _builder_version=&#8221;3.2.2&#8243; button_text=&#8221;Comprar entrada&#8221; pricing_item_excluded_color=&#8221;#4e2c89&#8243; header_font=&#8221;||||||||&#8221; price_font=&#8221;||||||||&#8221; price_text_color=&#8221;#4e2c89&#8243; button_font=&#8221;||||||||&#8221; subheader_font=&#8221;||||||||&#8221; subheader_text_color=&#8221;#ffffff&#8221; button_url=&#8221;#&#8221; button_text_size_last_edited=&#8221;on|desktop&#8221; currency_frequency_font=&#8221;||||||||&#8221; currency_frequency_text_color=&#8221;#4e2c89&#8243; border_color_all=&#8221;#3e1089&#8243;]<\/p>\n<p>Coffe Break<br \/>Almuerzo (3 d\u00edas)<br \/>Material<br \/>Diploma de participaci\u00f3n<\/p>\n<p>[\/et_pb_pricing_table][et_pb_pricing_table custom_button=&#8221;on&#8221; button_text_size=&#8221;18px&#8221; button_text_color=&#8221;#4e2c89&#8243; button_bg_color_hover=&#8221;#ea7e34&#8243; title=&#8221;Miembro AIB&#8221; subtitle=&#8221;Alzheimer Iberoam\u00e9rica&#8221; currency=&#8221;$&#8221; sum=&#8221;150&#8243; _builder_version=&#8221;3.2.2&#8243; button_text=&#8221;Comprar entrada&#8221; pricing_item_excluded_color=&#8221;#4e2c89&#8243; header_font=&#8221;||||||||&#8221; price_font=&#8221;||||||||&#8221; price_text_color=&#8221;#4e2c89&#8243; button_font=&#8221;||||||||&#8221; subheader_font=&#8221;||||||||&#8221; subheader_text_color=&#8221;#ffffff&#8221; button_url=&#8221;#&#8221; button_text_size_last_edited=&#8221;on|desktop&#8221; currency_frequency_font=&#8221;||||||||&#8221; currency_frequency_text_color=&#8221;#4e2c89&#8243; border_color_all=&#8221;#411789&#8243;]<\/p>\n<p>Coffe Break<br \/>Almuerzo (3 d\u00edas)<br \/>Material<br \/>Diploma de participaci\u00f3n<\/p>\n<p>[\/et_pb_pricing_table][et_pb_pricing_table custom_button=&#8221;on&#8221; button_text_size=&#8221;18px&#8221; button_text_color=&#8221;#4e2c89&#8243; button_bg_color_hover=&#8221;#ea7e34&#8243; title=&#8221;Cuidadores y Familiares&#8221; subtitle=&#8221;Pacientes con Alzheimer&#8221; currency=&#8221;$&#8221; sum=&#8221;150&#8243; _builder_version=&#8221;3.2.2&#8243; button_text=&#8221;Comprar entrada&#8221; pricing_item_excluded_color=&#8221;#4e2c89&#8243; header_font=&#8221;||||||||&#8221; price_font=&#8221;||||||||&#8221; price_text_color=&#8221;#4e2c89&#8243; button_font=&#8221;||||||||&#8221; subheader_font=&#8221;||||||||&#8221; subheader_text_color=&#8221;#ffffff&#8221; button_url=&#8221;#&#8221; button_text_size_last_edited=&#8221;on|desktop&#8221; currency_frequency_font=&#8221;||||||||&#8221; currency_frequency_text_color=&#8221;#4e2c89&#8243; border_color_all=&#8221;#411789&#8243;]<\/p>\n<p>Coffe Break<br \/>Almuerzo (3 d\u00edas)<br \/>Material<br \/>Diploma de participaci\u00f3n<\/p>\n<p>[\/et_pb_pricing_table][et_pb_pricing_table custom_button=&#8221;on&#8221; button_text_size=&#8221;18px&#8221; button_text_color=&#8221;#4e2c89&#8243; button_bg_color_hover=&#8221;#ea7e34&#8243; title=&#8221;Estudiante de Medicina, Fisioterapia y Enfermer\u00eda&#8221; currency=&#8221;$&#8221; sum=&#8221;125&#8243; _builder_version=&#8221;3.2.2&#8243; button_text=&#8221;Comprar entrada&#8221; pricing_item_excluded_color=&#8221;#4e2c89&#8243; header_font=&#8221;||||||||&#8221; price_font=&#8221;||||||||&#8221; price_text_color=&#8221;#4e2c89&#8243; button_font=&#8221;||||||||&#8221; subheader_font=&#8221;||||||||&#8221; subheader_text_color=&#8221;#ffffff&#8221; button_url=&#8221;#&#8221; button_text_size_last_edited=&#8221;on|desktop&#8221; currency_frequency_font=&#8221;||||||||&#8221; currency_frequency_text_color=&#8221;#4e2c89&#8243; border_color_all=&#8221;#411789&#8243;]<\/p>\n<p>Coffe Break<br \/>Almuerzo (3 d\u00edas)<br \/>Material<br \/>Diploma de participaci\u00f3n<\/p>\n<p>[\/et_pb_pricing_table][\/et_pb_pricing_tables][et_pb_text text_orientation=&#8221;center&#8221; _builder_version=&#8221;3.2.2&#8243; text_font=&#8221;||||||||&#8221;]Pago en Banco G&#038;T Continental<br \/>\nA nombre de<br \/>\nASOCIACI\u00d3N GRUPO ERMITA-ALZHEIMER DE GUATEMALA<br \/>\nCuenta No. 01-616267-1<br \/>\n[\/et_pb_text][\/et_pb_column][\/et_pb_row][\/et_pb_section]<\/p>\n","protected":false},"excerpt":{"rendered":"<p>24 al 26 de octubre Conferencistas nacionales e internacionalesM\u00e1s de 600 asistentes investigadores, cient\u00edficos, profesionales de la salud, familiares y cuidadores. ACERCA DEL CONGRESO La Asociaci\u00f3n Grupo Ermita Alzheimer de Guatemala, de acuerdo con el lema del Congreso\u201d Si te olvido, no me olvides \u201c, ha programado un importante espacio propicio para intercambiar y divulgar [&hellip;]<\/p>\n","protected":false},"author":9,"featured_media":0,"parent":0,"menu_order":0,"comment_status":"closed","ping_status":"closed","template":"page-template-blank.php","meta":{"_et_pb_use_builder":"on","_et_pb_old_content":"","_et_gb_content_width":""},"yoast_head":"<!-- This site is optimized with the Yoast SEO plugin v20.13 - https:\/\/yoast.com\/wordpress\/plugins\/seo\/ -->\n<title>xicongresoaibguatemala - Universidad Galileo<\/title>\n<meta name=\"robots\" content=\"index, follow, max-snippet:-1, max-image-preview:large, max-video-preview:-1\" \/>\n<link rel=\"canonical\" href=\"https:\/\/www.galileo.edu\/page\/xicongresoaibguatemala\/\" \/>\n<meta property=\"og:locale\" content=\"en_US\" \/>\n<meta property=\"og:type\" content=\"article\" \/>\n<meta property=\"og:title\" content=\"xicongresoaibguatemala - Universidad Galileo\" \/>\n<meta property=\"og:description\" content=\"24 al 26 de octubre Conferencistas nacionales e internacionalesM\u00e1s de 600 asistentes investigadores, cient\u00edficos, profesionales de la salud, familiares y cuidadores. ACERCA DEL CONGRESO La Asociaci\u00f3n Grupo Ermita Alzheimer de Guatemala, de acuerdo con el lema del Congreso\u201d Si te olvido, no me olvides \u201c, ha programado un importante espacio propicio para intercambiar y divulgar [&hellip;]\" \/>\n<meta property=\"og:url\" content=\"https:\/\/www.galileo.edu\/page\/xicongresoaibguatemala\/\" \/>\n<meta property=\"og:site_name\" content=\"Universidad Galileo\" \/>\n<meta property=\"article:modified_time\" content=\"2018-07-27T17:05:01+00:00\" \/>\n<meta name=\"twitter:card\" content=\"summary_large_image\" \/>\n<meta name=\"twitter:label1\" content=\"Est. reading time\" \/>\n\t<meta name=\"twitter:data1\" content=\"6 minutes\" \/>\n<script type=\"application\/ld+json\" class=\"yoast-schema-graph\">{\"@context\":\"https:\/\/schema.org\",\"@graph\":[{\"@type\":\"WebPage\",\"@id\":\"https:\/\/www.galileo.edu\/page\/xicongresoaibguatemala\/\",\"url\":\"https:\/\/www.galileo.edu\/page\/xicongresoaibguatemala\/\",\"name\":\"xicongresoaibguatemala - Universidad Galileo\",\"isPartOf\":{\"@id\":\"https:\/\/www.galileo.edu\/page\/#website\"},\"datePublished\":\"2018-07-27T15:49:24+00:00\",\"dateModified\":\"2018-07-27T17:05:01+00:00\",\"breadcrumb\":{\"@id\":\"https:\/\/www.galileo.edu\/page\/xicongresoaibguatemala\/#breadcrumb\"},\"inLanguage\":\"en-US\",\"potentialAction\":[{\"@type\":\"ReadAction\",\"target\":[\"https:\/\/www.galileo.edu\/page\/xicongresoaibguatemala\/\"]}]},{\"@type\":\"BreadcrumbList\",\"@id\":\"https:\/\/www.galileo.edu\/page\/xicongresoaibguatemala\/#breadcrumb\",\"itemListElement\":[{\"@type\":\"ListItem\",\"position\":1,\"name\":\"Home\",\"item\":\"https:\/\/www.galileo.edu\/page\/home\/\"},{\"@type\":\"ListItem\",\"position\":2,\"name\":\"xicongresoaibguatemala\"}]},{\"@type\":\"WebSite\",\"@id\":\"https:\/\/www.galileo.edu\/page\/#website\",\"url\":\"https:\/\/www.galileo.edu\/page\/\",\"name\":\"Universidad Galileo\",\"description\":\"La revoluci\u00f3n en la educaci\u00f3n\",\"potentialAction\":[{\"@type\":\"SearchAction\",\"target\":{\"@type\":\"EntryPoint\",\"urlTemplate\":\"https:\/\/www.galileo.edu\/page\/?s={search_term_string}\"},\"query-input\":\"required name=search_term_string\"}],\"inLanguage\":\"en-US\"}]}<\/script>\n<!-- \/ Yoast SEO plugin. -->","yoast_head_json":{"title":"xicongresoaibguatemala - Universidad Galileo","robots":{"index":"index","follow":"follow","max-snippet":"max-snippet:-1","max-image-preview":"max-image-preview:large","max-video-preview":"max-video-preview:-1"},"canonical":"https:\/\/www.galileo.edu\/page\/xicongresoaibguatemala\/","og_locale":"en_US","og_type":"article","og_title":"xicongresoaibguatemala - Universidad Galileo","og_description":"24 al 26 de octubre Conferencistas nacionales e internacionalesM\u00e1s de 600 asistentes investigadores, cient\u00edficos, profesionales de la salud, familiares y cuidadores. ACERCA DEL CONGRESO La Asociaci\u00f3n Grupo Ermita Alzheimer de Guatemala, de acuerdo con el lema del Congreso\u201d Si te olvido, no me olvides \u201c, ha programado un importante espacio propicio para intercambiar y divulgar [&hellip;]","og_url":"https:\/\/www.galileo.edu\/page\/xicongresoaibguatemala\/","og_site_name":"Universidad Galileo","article_modified_time":"2018-07-27T17:05:01+00:00","twitter_card":"summary_large_image","twitter_misc":{"Est. reading time":"6 minutes"},"schema":{"@context":"https:\/\/schema.org","@graph":[{"@type":"WebPage","@id":"https:\/\/www.galileo.edu\/page\/xicongresoaibguatemala\/","url":"https:\/\/www.galileo.edu\/page\/xicongresoaibguatemala\/","name":"xicongresoaibguatemala - Universidad Galileo","isPartOf":{"@id":"https:\/\/www.galileo.edu\/page\/#website"},"datePublished":"2018-07-27T15:49:24+00:00","dateModified":"2018-07-27T17:05:01+00:00","breadcrumb":{"@id":"https:\/\/www.galileo.edu\/page\/xicongresoaibguatemala\/#breadcrumb"},"inLanguage":"en-US","potentialAction":[{"@type":"ReadAction","target":["https:\/\/www.galileo.edu\/page\/xicongresoaibguatemala\/"]}]},{"@type":"BreadcrumbList","@id":"https:\/\/www.galileo.edu\/page\/xicongresoaibguatemala\/#breadcrumb","itemListElement":[{"@type":"ListItem","position":1,"name":"Home","item":"https:\/\/www.galileo.edu\/page\/home\/"},{"@type":"ListItem","position":2,"name":"xicongresoaibguatemala"}]},{"@type":"WebSite","@id":"https:\/\/www.galileo.edu\/page\/#website","url":"https:\/\/www.galileo.edu\/page\/","name":"Universidad Galileo","description":"La revoluci\u00f3n en la educaci\u00f3n","potentialAction":[{"@type":"SearchAction","target":{"@type":"EntryPoint","urlTemplate":"https:\/\/www.galileo.edu\/page\/?s={search_term_string}"},"query-input":"required name=search_term_string"}],"inLanguage":"en-US"}]}},"_links":{"self":[{"href":"https:\/\/www.galileo.edu\/page\/wp-json\/wp\/v2\/pages\/6020"}],"collection":[{"href":"https:\/\/www.galileo.edu\/page\/wp-json\/wp\/v2\/pages"}],"about":[{"href":"https:\/\/www.galileo.edu\/page\/wp-json\/wp\/v2\/types\/page"}],"author":[{"embeddable":true,"href":"https:\/\/www.galileo.edu\/page\/wp-json\/wp\/v2\/users\/9"}],"replies":[{"embeddable":true,"href":"https:\/\/www.galileo.edu\/page\/wp-json\/wp\/v2\/comments?post=6020"}],"version-history":[{"count":9,"href":"https:\/\/www.galileo.edu\/page\/wp-json\/wp\/v2\/pages\/6020\/revisions"}],"predecessor-version":[{"id":6045,"href":"https:\/\/www.galileo.edu\/page\/wp-json\/wp\/v2\/pages\/6020\/revisions\/6045"}],"wp:attachment":[{"href":"https:\/\/www.galileo.edu\/page\/wp-json\/wp\/v2\/media?parent=6020"}],"curies":[{"name":"wp","href":"https:\/\/api.w.org\/{rel}","templated":true}]}}