{"id":58835,"date":"2022-10-05T22:24:35","date_gmt":"2022-10-05T22:24:35","guid":{"rendered":"https:\/\/www.galileo.edu\/page\/?page_id=58835"},"modified":"2023-11-09T18:09:36","modified_gmt":"2023-11-09T18:09:36","slug":"gracias-registro-congreso-tematico-optometria","status":"publish","type":"page","link":"https:\/\/www.galileo.edu\/page\/gracias-registro-congreso-tematico-optometria\/","title":{"rendered":"Gracias M\u00c1S ALL\u00c1 DEL 20\/20 II CONGRESO TEM\u00c1TICO DE OPTOMETR\u00cdA"},"content":{"rendered":"<p>[et_pb_section fb_built=&#8221;1&#8243; disabled_on=&#8221;off|off|off&#8221; _builder_version=&#8221;4.16&#8243; global_colors_info=&#8221;{}&#8221;][et_pb_row column_structure=&#8221;1_2,1_2&#8243; _builder_version=&#8221;4.21.2&#8243; background_size=&#8221;initial&#8221; background_position=&#8221;top_left&#8221; background_repeat=&#8221;repeat&#8221; custom_padding=&#8221;27px|0px|23px|0px|false|false&#8221; global_colors_info=&#8221;{}&#8221;][et_pb_column type=&#8221;1_2&#8243; _builder_version=&#8221;4.21.2&#8243; custom_padding=&#8221;|||&#8221; global_colors_info=&#8221;{}&#8221; custom_padding__hover=&#8221;|||&#8221;][et_pb_text _builder_version=&#8221;4.16&#8243; text_font=&#8221;Raleway|700|||||||&#8221; text_font_size=&#8221;35px&#8221; header_font=&#8221;Poppins|600|||||||&#8221; header_text_color=&#8221;#b81823&#8243; header_font_size=&#8221;35px&#8221; header_line_height=&#8221;1.1em&#8221; header_2_font=&#8221;Montserrat|700|||||||&#8221; header_2_text_color=&#8221;#372b1b&#8221; header_2_font_size=&#8221;37px&#8221; header_3_font=&#8221;Poppins|700|||||||&#8221; header_3_text_color=&#8221;#008c00&#8243; header_3_font_size=&#8221;39px&#8221; header_font_size_tablet=&#8221;&#8221; header_font_size_phone=&#8221;&#8221; header_font_size_last_edited=&#8221;on|desktop&#8221; global_colors_info=&#8221;{}&#8221;]<\/p>\n<h2><span style=\"color: #e09900;\">\u00a1Gracias por registrarte!<\/span><\/h2>\n<p>[\/et_pb_text][et_pb_image src=&#8221;http:\/\/www.galileo.edu\/page\/wp-content\/uploads\/2023\/11\/Recurso-1.png&#8221; title_text=&#8221;Recurso 1&#8243; align_tablet=&#8221;center&#8221; align_phone=&#8221;center&#8221; align_last_edited=&#8221;on|desktop&#8221; _builder_version=&#8221;4.21.2&#8243; max_width=&#8221;80%&#8221; module_alignment=&#8221;center&#8221; global_colors_info=&#8221;{}&#8221;][\/et_pb_image][et_pb_image src=&#8221;http:\/\/www.galileo.edu\/page\/wp-content\/uploads\/2023\/11\/Recurso-3.png&#8221; title_text=&#8221;Recurso 3&#8243; align_tablet=&#8221;center&#8221; align_phone=&#8221;center&#8221; align_last_edited=&#8221;on|desktop&#8221; _builder_version=&#8221;4.21.2&#8243; max_width=&#8221;41%&#8221; module_alignment=&#8221;center&#8221; hover_enabled=&#8221;0&#8243; global_colors_info=&#8221;{}&#8221; sticky_enabled=&#8221;0&#8243;][\/et_pb_image][\/et_pb_column][et_pb_column type=&#8221;1_2&#8243; _builder_version=&#8221;4.16&#8243; custom_padding=&#8221;|||&#8221; global_colors_info=&#8221;{}&#8221; custom_padding__hover=&#8221;|||&#8221;][et_pb_text _builder_version=&#8221;4.16&#8243; global_colors_info=&#8221;{}&#8221;]<\/p>\n<p style=\"text-align: justify;\">Tu registro est\u00e1 completo.\u00a0<strong>Revisa tu correo electr\u00f3nico<\/strong> para ver m\u00e1s detalles sobre el evento. Y qu\u00e9date pendiente porque m\u00e1s informaci\u00f3n del evento.<\/p>\n<p>Si no recibes el correo con la informaci\u00f3n de parte de Universidad Galileo en los pr\u00f3ximos minutos,<strong> busca en tus otras carpetas de correo como \u201cPromociones\u201d, \u201cNotificaciones\u201d o &#8220;Newsletter&#8221;, o bien en \u201cNo deseado\u201d o \u201cSpam\u201d, algunas veces se filtran all\u00ed<\/strong>. Si no te llega el correo electr\u00f3nico, puede ser que escribiste mal tu email, por lo que te pedimos que vuelvas a llenar tus datos en la p\u00e1gina anterior a esta y revisa que est\u00e9n bien escritos. Agenda la fecha, el congreso se realizar\u00e1 del <strong>19 Y 20 DE NOVIEMBRE, 2023 DE 8:00 A 17:00 HORAS.<\/strong><\/p>\n<p>[\/et_pb_text][\/et_pb_column][\/et_pb_row][et_pb_row column_structure=&#8221;1_2,1_2&#8243; disabled_on=&#8221;off|off|off&#8221; _builder_version=&#8221;4.16&#8243; custom_padding=&#8221;17px|0px|0|0px|false|false&#8221; global_colors_info=&#8221;{}&#8221;][et_pb_column type=&#8221;1_2&#8243; _builder_version=&#8221;4.16&#8243; custom_padding=&#8221;|||&#8221; global_colors_info=&#8221;{}&#8221; custom_padding__hover=&#8221;|||&#8221;][et_pb_blurb title=&#8221;PBX&#8221; use_icon=&#8221;on&#8221; font_icon=&#8221;&#xe090;||divi||400&#8243; icon_color=&#8221;#E09900&#8243; image_icon_width=&#8221;75px&#8221; _builder_version=&#8221;4.21.2&#8243; header_font=&#8221;||||||||&#8221; header_text_align=&#8221;center&#8221; body_line_height=&#8221;1em&#8221; text_orientation=&#8221;center&#8221; image_max_width=&#8221;18%&#8221; global_colors_info=&#8221;{}&#8221;]<\/p>\n<p style=\"text-align: center;\"><strong>+502 2423-8000 <\/strong><span style=\"font-weight: 400;\">Ext. 7432, 7433,<\/span><\/p>\n<p style=\"text-align: center;\"><span style=\"font-weight: 400;\"> 7434, 7435, 7436, 7437, 7438<\/span><\/p>\n<p>[\/et_pb_blurb][\/et_pb_column][et_pb_column type=&#8221;1_2&#8243; _builder_version=&#8221;4.16&#8243; custom_padding=&#8221;|||&#8221; global_colors_info=&#8221;{}&#8221; custom_padding__hover=&#8221;|||&#8221;][et_pb_blurb title=&#8221;Correo electr\u00f3nico&#8221; use_icon=&#8221;on&#8221; font_icon=&#8221;&#xe076;||divi||400&#8243; icon_color=&#8221;#E09900&#8243; image_icon_width=&#8221;75px&#8221; _builder_version=&#8221;4.21.2&#8243; header_font=&#8221;||||||||&#8221; header_text_align=&#8221;center&#8221; text_orientation=&#8221;center&#8221; image_max_width=&#8221;18%&#8221; global_colors_info=&#8221;{}&#8221;]<\/p>\n<p><a href=\"mailto:facisa@galileo.edu\" target=\"_blank\" rel=\"noopener noreferrer\"><span style=\"font-weight: 400;\">facisa@galileo.edu\u00a0<\/span><\/a><\/p>\n<p>[\/et_pb_blurb][\/et_pb_column][\/et_pb_row][et_pb_row column_structure=&#8221;1_2,1_2&#8243; _builder_version=&#8221;4.16&#8243; custom_padding=&#8221;72px|0px|25.5938px|0px|false|false&#8221; global_colors_info=&#8221;{}&#8221;][et_pb_column type=&#8221;1_2&#8243; _builder_version=&#8221;4.16&#8243; custom_padding=&#8221;|||&#8221; global_colors_info=&#8221;{}&#8221; custom_padding__hover=&#8221;|||&#8221;][et_pb_image src=&#8221;http:\/\/www.galileo.edu\/page\/wp-content\/uploads\/2022\/05\/galileo.png&#8221; align=&#8221;right&#8221; align_tablet=&#8221;center&#8221; align_phone=&#8221;center&#8221; align_last_edited=&#8221;on|desktop&#8221; _builder_version=&#8221;4.16&#8243; max_width=&#8221;45%&#8221; max_width_tablet=&#8221;&#8221; max_width_phone=&#8221;40%&#8221; max_width_last_edited=&#8221;on|desktop&#8221; module_alignment=&#8221;right&#8221; global_colors_info=&#8221;{}&#8221;][\/et_pb_image][\/et_pb_column][et_pb_column type=&#8221;1_2&#8243; _builder_version=&#8221;4.16&#8243; custom_padding=&#8221;|||&#8221; global_colors_info=&#8221;{}&#8221; custom_padding__hover=&#8221;|||&#8221;][et_pb_image src=&#8221;http:\/\/www.galileo.edu\/page\/wp-content\/uploads\/2023\/11\/Recurso-2.png&#8221; title_text=&#8221;Recurso 2&#8243; align_tablet=&#8221;center&#8221; align_phone=&#8221;center&#8221; align_last_edited=&#8221;on|desktop&#8221; _builder_version=&#8221;4.21.2&#8243; max_width=&#8221;57%&#8221; max_width_tablet=&#8221;&#8221; max_width_phone=&#8221;30%&#8221; max_width_last_edited=&#8221;on|desktop&#8221; module_alignment=&#8221;center&#8221; custom_padding=&#8221;20px||||false|false&#8221; global_colors_info=&#8221;{}&#8221;][\/et_pb_image][\/et_pb_column][\/et_pb_row][\/et_pb_section]<\/p>\n","protected":false},"excerpt":{"rendered":"<p>\u00a1Gracias por registrarte!Tu registro est\u00e1 completo.\u00a0Revisa tu correo electr\u00f3nico para ver m\u00e1s detalles sobre el evento. Y qu\u00e9date pendiente porque m\u00e1s informaci\u00f3n del evento. Si no recibes el correo con la informaci\u00f3n de parte de Universidad Galileo en los pr\u00f3ximos minutos, busca en tus otras carpetas de correo como \u201cPromociones\u201d, \u201cNotificaciones\u201d o &#8220;Newsletter&#8221;, o bien [&hellip;]<\/p>\n","protected":false},"author":17,"featured_media":58836,"parent":0,"menu_order":0,"comment_status":"closed","ping_status":"closed","template":"page-template-blank.php","meta":{"_et_pb_use_builder":"on","_et_pb_old_content":"","_et_gb_content_width":""},"yoast_head":"<!-- This site is optimized with the Yoast SEO plugin v20.13 - https:\/\/yoast.com\/wordpress\/plugins\/seo\/ -->\n<title>Gracias M\u00c1S ALL\u00c1 DEL 20\/20 II CONGRESO TEM\u00c1TICO DE OPTOMETR\u00cdA<\/title>\n<meta name=\"description\" content=\"Gracias por registrarte al: II CONGRESO TEM\u00c1TICO DE OPTOMETR\u00cdA, M\u00c1S ALL\u00c1 DEL 20\/20, organizado por la Universidad Galileo\" \/>\n<meta name=\"robots\" content=\"index, follow, max-snippet:-1, max-image-preview:large, max-video-preview:-1\" \/>\n<link rel=\"canonical\" href=\"https:\/\/www.galileo.edu\/page\/gracias-registro-congreso-tematico-optometria\/\" \/>\n<meta property=\"og:locale\" content=\"en_US\" \/>\n<meta property=\"og:type\" content=\"article\" \/>\n<meta property=\"og:title\" content=\"Gracias M\u00c1S ALL\u00c1 DEL 20\/20 II CONGRESO TEM\u00c1TICO DE OPTOMETR\u00cdA\" \/>\n<meta property=\"og:description\" content=\"Gracias por registrarte al: II CONGRESO TEM\u00c1TICO DE OPTOMETR\u00cdA, M\u00c1S ALL\u00c1 DEL 20\/20, organizado por la Universidad Galileo\" \/>\n<meta property=\"og:url\" content=\"https:\/\/www.galileo.edu\/page\/gracias-registro-congreso-tematico-optometria\/\" \/>\n<meta property=\"og:site_name\" content=\"Universidad Galileo\" \/>\n<meta property=\"article:modified_time\" content=\"2023-11-09T18:09:36+00:00\" \/>\n<meta property=\"og:image\" content=\"http:\/\/www.galileo.edu\/page\/wp-content\/uploads\/2022\/10\/post-01.jpg\" \/>\n\t<meta property=\"og:image:width\" content=\"1200\" \/>\n\t<meta property=\"og:image:height\" content=\"1200\" \/>\n\t<meta property=\"og:image:type\" content=\"image\/jpeg\" \/>\n<meta name=\"twitter:card\" content=\"summary_large_image\" \/>\n<meta name=\"twitter:label1\" content=\"Est. reading time\" \/>\n\t<meta name=\"twitter:data1\" content=\"3 minutes\" \/>\n<script type=\"application\/ld+json\" class=\"yoast-schema-graph\">{\"@context\":\"https:\/\/schema.org\",\"@graph\":[{\"@type\":\"WebPage\",\"@id\":\"https:\/\/www.galileo.edu\/page\/gracias-registro-congreso-tematico-optometria\/\",\"url\":\"https:\/\/www.galileo.edu\/page\/gracias-registro-congreso-tematico-optometria\/\",\"name\":\"Gracias M\u00c1S ALL\u00c1 DEL 20\/20 II CONGRESO TEM\u00c1TICO DE OPTOMETR\u00cdA\",\"isPartOf\":{\"@id\":\"https:\/\/www.galileo.edu\/page\/#website\"},\"datePublished\":\"2022-10-05T22:24:35+00:00\",\"dateModified\":\"2023-11-09T18:09:36+00:00\",\"description\":\"Gracias por registrarte al: II CONGRESO TEM\u00c1TICO DE OPTOMETR\u00cdA, M\u00c1S ALL\u00c1 DEL 20\/20, organizado por la Universidad Galileo\",\"breadcrumb\":{\"@id\":\"https:\/\/www.galileo.edu\/page\/gracias-registro-congreso-tematico-optometria\/#breadcrumb\"},\"inLanguage\":\"en-US\",\"potentialAction\":[{\"@type\":\"ReadAction\",\"target\":[\"https:\/\/www.galileo.edu\/page\/gracias-registro-congreso-tematico-optometria\/\"]}]},{\"@type\":\"BreadcrumbList\",\"@id\":\"https:\/\/www.galileo.edu\/page\/gracias-registro-congreso-tematico-optometria\/#breadcrumb\",\"itemListElement\":[{\"@type\":\"ListItem\",\"position\":1,\"name\":\"Home\",\"item\":\"https:\/\/www.galileo.edu\/page\/home\/\"},{\"@type\":\"ListItem\",\"position\":2,\"name\":\"Gracias M\u00c1S ALL\u00c1 DEL 20\/20 II CONGRESO TEM\u00c1TICO DE OPTOMETR\u00cdA\"}]},{\"@type\":\"WebSite\",\"@id\":\"https:\/\/www.galileo.edu\/page\/#website\",\"url\":\"https:\/\/www.galileo.edu\/page\/\",\"name\":\"Universidad Galileo\",\"description\":\"La revoluci\u00f3n en la educaci\u00f3n\",\"potentialAction\":[{\"@type\":\"SearchAction\",\"target\":{\"@type\":\"EntryPoint\",\"urlTemplate\":\"https:\/\/www.galileo.edu\/page\/?s={search_term_string}\"},\"query-input\":\"required name=search_term_string\"}],\"inLanguage\":\"en-US\"}]}<\/script>\n<!-- \/ Yoast SEO plugin. -->","yoast_head_json":{"title":"Gracias M\u00c1S ALL\u00c1 DEL 20\/20 II CONGRESO TEM\u00c1TICO DE OPTOMETR\u00cdA","description":"Gracias por registrarte al: II CONGRESO TEM\u00c1TICO DE OPTOMETR\u00cdA, M\u00c1S ALL\u00c1 DEL 20\/20, organizado por la Universidad Galileo","robots":{"index":"index","follow":"follow","max-snippet":"max-snippet:-1","max-image-preview":"max-image-preview:large","max-video-preview":"max-video-preview:-1"},"canonical":"https:\/\/www.galileo.edu\/page\/gracias-registro-congreso-tematico-optometria\/","og_locale":"en_US","og_type":"article","og_title":"Gracias M\u00c1S ALL\u00c1 DEL 20\/20 II CONGRESO TEM\u00c1TICO DE OPTOMETR\u00cdA","og_description":"Gracias por registrarte al: II CONGRESO TEM\u00c1TICO DE OPTOMETR\u00cdA, M\u00c1S ALL\u00c1 DEL 20\/20, organizado por la Universidad Galileo","og_url":"https:\/\/www.galileo.edu\/page\/gracias-registro-congreso-tematico-optometria\/","og_site_name":"Universidad Galileo","article_modified_time":"2023-11-09T18:09:36+00:00","og_image":[{"width":1200,"height":1200,"url":"http:\/\/www.galileo.edu\/page\/wp-content\/uploads\/2022\/10\/post-01.jpg","type":"image\/jpeg"}],"twitter_card":"summary_large_image","twitter_misc":{"Est. reading time":"3 minutes"},"schema":{"@context":"https:\/\/schema.org","@graph":[{"@type":"WebPage","@id":"https:\/\/www.galileo.edu\/page\/gracias-registro-congreso-tematico-optometria\/","url":"https:\/\/www.galileo.edu\/page\/gracias-registro-congreso-tematico-optometria\/","name":"Gracias M\u00c1S ALL\u00c1 DEL 20\/20 II CONGRESO TEM\u00c1TICO DE OPTOMETR\u00cdA","isPartOf":{"@id":"https:\/\/www.galileo.edu\/page\/#website"},"datePublished":"2022-10-05T22:24:35+00:00","dateModified":"2023-11-09T18:09:36+00:00","description":"Gracias por registrarte al: II CONGRESO TEM\u00c1TICO DE OPTOMETR\u00cdA, M\u00c1S ALL\u00c1 DEL 20\/20, organizado por la Universidad Galileo","breadcrumb":{"@id":"https:\/\/www.galileo.edu\/page\/gracias-registro-congreso-tematico-optometria\/#breadcrumb"},"inLanguage":"en-US","potentialAction":[{"@type":"ReadAction","target":["https:\/\/www.galileo.edu\/page\/gracias-registro-congreso-tematico-optometria\/"]}]},{"@type":"BreadcrumbList","@id":"https:\/\/www.galileo.edu\/page\/gracias-registro-congreso-tematico-optometria\/#breadcrumb","itemListElement":[{"@type":"ListItem","position":1,"name":"Home","item":"https:\/\/www.galileo.edu\/page\/home\/"},{"@type":"ListItem","position":2,"name":"Gracias M\u00c1S ALL\u00c1 DEL 20\/20 II CONGRESO TEM\u00c1TICO DE OPTOMETR\u00cdA"}]},{"@type":"WebSite","@id":"https:\/\/www.galileo.edu\/page\/#website","url":"https:\/\/www.galileo.edu\/page\/","name":"Universidad Galileo","description":"La revoluci\u00f3n en la educaci\u00f3n","potentialAction":[{"@type":"SearchAction","target":{"@type":"EntryPoint","urlTemplate":"https:\/\/www.galileo.edu\/page\/?s={search_term_string}"},"query-input":"required name=search_term_string"}],"inLanguage":"en-US"}]}},"_links":{"self":[{"href":"https:\/\/www.galileo.edu\/page\/wp-json\/wp\/v2\/pages\/58835"}],"collection":[{"href":"https:\/\/www.galileo.edu\/page\/wp-json\/wp\/v2\/pages"}],"about":[{"href":"https:\/\/www.galileo.edu\/page\/wp-json\/wp\/v2\/types\/page"}],"author":[{"embeddable":true,"href":"https:\/\/www.galileo.edu\/page\/wp-json\/wp\/v2\/users\/17"}],"replies":[{"embeddable":true,"href":"https:\/\/www.galileo.edu\/page\/wp-json\/wp\/v2\/comments?post=58835"}],"version-history":[{"count":5,"href":"https:\/\/www.galileo.edu\/page\/wp-json\/wp\/v2\/pages\/58835\/revisions"}],"predecessor-version":[{"id":81119,"href":"https:\/\/www.galileo.edu\/page\/wp-json\/wp\/v2\/pages\/58835\/revisions\/81119"}],"wp:featuredmedia":[{"embeddable":true,"href":"https:\/\/www.galileo.edu\/page\/wp-json\/wp\/v2\/media\/58836"}],"wp:attachment":[{"href":"https:\/\/www.galileo.edu\/page\/wp-json\/wp\/v2\/media?parent=58835"}],"curies":[{"name":"wp","href":"https:\/\/api.w.org\/{rel}","templated":true}]}}