{"id":58119,"date":"2022-09-13T18:19:43","date_gmt":"2022-09-13T18:19:43","guid":{"rendered":"https:\/\/www.galileo.edu\/page\/?page_id=58119"},"modified":"2022-10-25T16:23:56","modified_gmt":"2022-10-25T16:23:56","slug":"gracias-registro-sesiones-tehsb","status":"publish","type":"page","link":"https:\/\/www.galileo.edu\/page\/gracias-registro-sesiones-tehsb\/","title":{"rendered":"Gracias TEHSB"},"content":{"rendered":"<p>[et_pb_section fb_built=&#8221;1&#8243; disabled_on=&#8221;off|off|off&#8221; _builder_version=&#8221;3.2.2&#8243; background_image=&#8221;http:\/\/www.galileo.edu\/page\/wp-content\/uploads\/2022\/09\/green-leaves-white-background.jpg&#8221; custom_padding=&#8221;54px|0px|0|7px|false|false&#8221;][et_pb_row make_fullwidth=&#8221;on&#8221; custom_padding=&#8221;27px|0px|0|0px|false|false&#8221; _builder_version=&#8221;3.2.2&#8243; background_size=&#8221;initial&#8221; background_position=&#8221;top_left&#8221; background_repeat=&#8221;repeat&#8221;][et_pb_column type=&#8221;4_4&#8243; _builder_version=&#8221;3.0.47&#8243; parallax=&#8221;off&#8221; parallax_method=&#8221;on&#8221;][et_pb_image src=&#8221;http:\/\/www.galileo.edu\/page\/wp-content\/uploads\/2022\/09\/LOGO.png&#8221; _builder_version=&#8221;3.2.2&#8243; max_width=&#8221;61%&#8221; module_alignment=&#8221;left&#8221;][\/et_pb_image][et_pb_text _builder_version=&#8221;3.2.2&#8243; text_font=&#8221;Poppins||||||||&#8221; text_text_color=&#8221;#04275D&#8221; text_font_size=&#8221;20px&#8221; header_font=&#8221;||||||||&#8221; header_text_color=&#8221;#000000&#8243; header_font_size=&#8221;44px&#8221; text_orientation=&#8221;center&#8221;]<\/p>\n<h1 style=\"text-align: left;\"><b>\u00a1Gracias por registrarte a la <\/b><\/h1>\n<h1 style=\"text-align: left;\"><b>Conferencia\u00a0<\/b><b><i>Sue\u00f1o y Salud<\/i>!<\/b><\/h1>\n<p>[\/et_pb_text][et_pb_image _builder_version=&#8221;3.2.2&#8243; custom_margin=&#8221;50px|||&#8221;][\/et_pb_image][\/et_pb_column][\/et_pb_row][et_pb_row make_fullwidth=&#8221;on&#8221; custom_padding=&#8221;0|0px|62px|0px|false|false&#8221; _builder_version=&#8221;3.2.2&#8243;][et_pb_column type=&#8221;1_2&#8243; _builder_version=&#8221;3.0.47&#8243; parallax=&#8221;off&#8221; parallax_method=&#8221;on&#8221;][et_pb_text _builder_version=&#8221;3.2.2&#8243; text_font=&#8221;Poppins||||||||&#8221; text_text_color=&#8221;#000000&#8243; text_font_size=&#8221;20px&#8221; text_orientation=&#8221;center&#8221;]<\/p>\n<p><b>Revisa tu correo electr\u00f3nico.<\/b> En pocos minutos recibir\u00e1s la informaci\u00f3n que solicitaste. Si no recibes el correo con la informaci\u00f3n de parte de Universidad Galileo en los pr\u00f3ximos minutos,<b> busca en tus otras carpetas de correo como \u201cPromociones\u201d, \u201cNotificaciones\u201d o \u201cNewsletter\u201d, o bien en \u201cNo deseado\u201d o \u201cSpam\u201d, algunas veces se filtran all\u00ed<\/b>. Si no te llega el correo electr\u00f3nico, puede ser que escribiste mal tu email, por lo que te pedimos que vuelvas a llenar tus datos en la p\u00e1gina anterior a esta y revisa que est\u00e9n bien escritos.<\/p>\n<p>Agenda la fecha, la conferencia\u00a0 ser\u00e1 el\u00a0<b>Mi\u00e9rcoles 9 de noviembre,\u00a0<\/b>2022 a las <b>18:00 horas, Guatemala.<\/b><\/p>\n<p>[\/et_pb_text][et_pb_image src=&#8221;http:\/\/www.galileo.edu\/page\/wp-content\/uploads\/2020\/11\/FABIQ.png&#8221; _builder_version=&#8221;3.2.2&#8243; max_width=&#8221;26%&#8221; max_width_tablet=&#8221;46%&#8221; max_width_last_edited=&#8221;on|phone&#8221; module_alignment=&#8221;center&#8221;][\/et_pb_image][\/et_pb_column][et_pb_column type=&#8221;1_2&#8243; _builder_version=&#8221;3.0.47&#8243; parallax=&#8221;off&#8221; parallax_method=&#8221;on&#8221;][\/et_pb_column][\/et_pb_row][\/et_pb_section][et_pb_section fb_built=&#8221;1&#8243; _builder_version=&#8221;3.2.2&#8243; background_color=&#8221;#45ab01&#8243; custom_padding=&#8221;0|0px|68px|0px|false|false&#8221;][et_pb_row make_fullwidth=&#8221;on&#8221; custom_padding=&#8221;77px|0px|0|0px|false|false&#8221; _builder_version=&#8221;3.2.2&#8243;][et_pb_column type=&#8221;1_4&#8243; _builder_version=&#8221;3.0.47&#8243; parallax=&#8221;off&#8221; parallax_method=&#8221;on&#8221;][et_pb_blurb title=&#8221;Tel\u00e9fono&#8221; _builder_version=&#8221;3.2.2&#8243; header_font=&#8221;Poppins|700|||||||&#8221; header_text_align=&#8221;center&#8221; header_text_color=&#8221;#ffffff&#8221; header_font_size=&#8221;28px&#8221; body_font=&#8221;Poppins|300|||||||&#8221; body_text_color=&#8221;#ffffff&#8221; body_font_size=&#8221;21px&#8221; text_orientation=&#8221;center&#8221;]<\/p>\n<h5><span style=\"font-weight: 400; color: #ffffff;\">+502 2423-8000 Ext. 7107, 7108<\/span><\/h5>\n<p>[\/et_pb_blurb][\/et_pb_column][et_pb_column type=&#8221;1_4&#8243; _builder_version=&#8221;3.0.47&#8243; parallax=&#8221;off&#8221; parallax_method=&#8221;on&#8221;][et_pb_blurb title=&#8221;Correo Electr\u00f3nico&#8221; _builder_version=&#8221;3.2.2&#8243; header_font=&#8221;Poppins|700|||||||&#8221; header_text_align=&#8221;center&#8221; header_text_color=&#8221;#ffffff&#8221; header_font_size=&#8221;28px&#8221; body_font=&#8221;Poppins|300|||||||&#8221; body_text_color=&#8221;#ffffff&#8221; body_font_size=&#8221;21px&#8221; text_orientation=&#8221;center&#8221; header_level=&#8221;h5&#8243;]<\/p>\n<h5><span style=\"color: #ffffff;\"><a style=\"color: #ffffff;\" href=\"mailto:fabiqconsultas@galileo.edu\"><span style=\"font-weight: 400;\">fabiqconsultas@galileo.edu<\/span><\/a><\/span><\/h5>\n<p>[\/et_pb_blurb][\/et_pb_column][et_pb_column type=&#8221;1_4&#8243; _builder_version=&#8221;3.0.47&#8243; parallax=&#8221;off&#8221; parallax_method=&#8221;on&#8221;][et_pb_blurb title=&#8221;Direcci\u00f3n&#8221; icon_placement=&#8221;left&#8221; _builder_version=&#8221;3.2.2&#8243; header_font=&#8221;Poppins|700|||||||&#8221; header_text_align=&#8221;center&#8221; header_text_color=&#8221;#ffffff&#8221; header_font_size=&#8221;28px&#8221; body_font=&#8221;Poppins|300|||||||&#8221; body_text_align=&#8221;center&#8221; body_text_color=&#8221;#ffffff&#8221; body_font_size=&#8221;20px&#8221;]<\/p>\n<h5><span style=\"font-weight: 400; color: #ffffff;\">Oficina 406, 4to. Nivel Torre I, Galileo Campus Central, zona 10, Universidad Galileo<\/span><\/h5>\n<p>[\/et_pb_blurb][\/et_pb_column][et_pb_column type=&#8221;1_4&#8243; _builder_version=&#8221;3.0.47&#8243; parallax=&#8221;off&#8221; parallax_method=&#8221;on&#8221;][et_pb_image src=&#8221;http:\/\/www.galileo.edu\/page\/wp-content\/uploads\/2022\/08\/logo-galileo-01-2-2.png&#8221; _builder_version=&#8221;3.2.2&#8243; max_width=&#8221;54%&#8221; max_width_tablet=&#8221;89%&#8221; max_width_phone=&#8221;69%&#8221; max_width_last_edited=&#8221;on|phone&#8221; module_alignment=&#8221;center&#8221;][\/et_pb_image][\/et_pb_column][\/et_pb_row][\/et_pb_section]<\/p>\n","protected":false},"excerpt":{"rendered":"<p>\u00a1Gracias por registrarte a la Conferencia\u00a0Sue\u00f1o y Salud!Revisa tu correo electr\u00f3nico. En pocos minutos recibir\u00e1s la informaci\u00f3n que solicitaste. Si no recibes el correo con la informaci\u00f3n de parte de Universidad Galileo en los pr\u00f3ximos minutos, busca en tus otras carpetas de correo como \u201cPromociones\u201d, \u201cNotificaciones\u201d o \u201cNewsletter\u201d, o bien en \u201cNo deseado\u201d o \u201cSpam\u201d, [&hellip;]<\/p>\n","protected":false},"author":10,"featured_media":0,"parent":0,"menu_order":0,"comment_status":"closed","ping_status":"closed","template":"page-template-blank.php","meta":{"_et_pb_use_builder":"on","_et_pb_old_content":"","_et_gb_content_width":""},"yoast_head":"<!-- This site is optimized with the Yoast SEO plugin v20.13 - https:\/\/yoast.com\/wordpress\/plugins\/seo\/ -->\n<title>Gracias por registrarte: Serie de Webinars TEHSB<\/title>\n<meta name=\"description\" content=\"Conoce m\u00e1s sobre el funcionamiento del ser humano desde las diferentes esferas que componen el bienestar (f\u00edsico, mental, emocional, social)\" \/>\n<meta name=\"robots\" content=\"index, follow, max-snippet:-1, max-image-preview:large, max-video-preview:-1\" \/>\n<link rel=\"canonical\" href=\"https:\/\/www.galileo.edu\/page\/gracias-registro-sesiones-tehsb\/\" \/>\n<meta property=\"og:locale\" content=\"en_US\" \/>\n<meta property=\"og:type\" content=\"article\" \/>\n<meta property=\"og:title\" content=\"Gracias por registrarte: Serie de Webinars TEHSB\" \/>\n<meta property=\"og:description\" content=\"Conoce m\u00e1s sobre el funcionamiento del ser humano desde las diferentes esferas que componen el bienestar (f\u00edsico, mental, emocional, social)\" \/>\n<meta property=\"og:url\" content=\"https:\/\/www.galileo.edu\/page\/gracias-registro-sesiones-tehsb\/\" \/>\n<meta property=\"og:site_name\" content=\"Universidad Galileo\" \/>\n<meta property=\"article:modified_time\" content=\"2022-10-25T16:23:56+00:00\" \/>\n<meta name=\"twitter:card\" content=\"summary_large_image\" \/>\n<meta name=\"twitter:label1\" content=\"Est. reading time\" \/>\n\t<meta name=\"twitter:data1\" content=\"3 minutes\" \/>\n<script type=\"application\/ld+json\" class=\"yoast-schema-graph\">{\"@context\":\"https:\/\/schema.org\",\"@graph\":[{\"@type\":\"WebPage\",\"@id\":\"https:\/\/www.galileo.edu\/page\/gracias-registro-sesiones-tehsb\/\",\"url\":\"https:\/\/www.galileo.edu\/page\/gracias-registro-sesiones-tehsb\/\",\"name\":\"Gracias por registrarte: Serie de Webinars TEHSB\",\"isPartOf\":{\"@id\":\"https:\/\/www.galileo.edu\/page\/#website\"},\"datePublished\":\"2022-09-13T18:19:43+00:00\",\"dateModified\":\"2022-10-25T16:23:56+00:00\",\"description\":\"Conoce m\u00e1s sobre el funcionamiento del ser humano desde las diferentes esferas que componen el bienestar (f\u00edsico, mental, emocional, social)\",\"breadcrumb\":{\"@id\":\"https:\/\/www.galileo.edu\/page\/gracias-registro-sesiones-tehsb\/#breadcrumb\"},\"inLanguage\":\"en-US\",\"potentialAction\":[{\"@type\":\"ReadAction\",\"target\":[\"https:\/\/www.galileo.edu\/page\/gracias-registro-sesiones-tehsb\/\"]}]},{\"@type\":\"BreadcrumbList\",\"@id\":\"https:\/\/www.galileo.edu\/page\/gracias-registro-sesiones-tehsb\/#breadcrumb\",\"itemListElement\":[{\"@type\":\"ListItem\",\"position\":1,\"name\":\"Home\",\"item\":\"https:\/\/www.galileo.edu\/page\/home\/\"},{\"@type\":\"ListItem\",\"position\":2,\"name\":\"Gracias TEHSB\"}]},{\"@type\":\"WebSite\",\"@id\":\"https:\/\/www.galileo.edu\/page\/#website\",\"url\":\"https:\/\/www.galileo.edu\/page\/\",\"name\":\"Universidad Galileo\",\"description\":\"La revoluci\u00f3n en la educaci\u00f3n\",\"potentialAction\":[{\"@type\":\"SearchAction\",\"target\":{\"@type\":\"EntryPoint\",\"urlTemplate\":\"https:\/\/www.galileo.edu\/page\/?s={search_term_string}\"},\"query-input\":\"required name=search_term_string\"}],\"inLanguage\":\"en-US\"}]}<\/script>\n<!-- \/ Yoast SEO plugin. -->","yoast_head_json":{"title":"Gracias por registrarte: Serie de Webinars TEHSB","description":"Conoce m\u00e1s sobre el funcionamiento del ser humano desde las diferentes esferas que componen el bienestar (f\u00edsico, mental, emocional, social)","robots":{"index":"index","follow":"follow","max-snippet":"max-snippet:-1","max-image-preview":"max-image-preview:large","max-video-preview":"max-video-preview:-1"},"canonical":"https:\/\/www.galileo.edu\/page\/gracias-registro-sesiones-tehsb\/","og_locale":"en_US","og_type":"article","og_title":"Gracias por registrarte: Serie de Webinars TEHSB","og_description":"Conoce m\u00e1s sobre el funcionamiento del ser humano desde las diferentes esferas que componen el bienestar (f\u00edsico, mental, emocional, social)","og_url":"https:\/\/www.galileo.edu\/page\/gracias-registro-sesiones-tehsb\/","og_site_name":"Universidad Galileo","article_modified_time":"2022-10-25T16:23:56+00:00","twitter_card":"summary_large_image","twitter_misc":{"Est. reading time":"3 minutes"},"schema":{"@context":"https:\/\/schema.org","@graph":[{"@type":"WebPage","@id":"https:\/\/www.galileo.edu\/page\/gracias-registro-sesiones-tehsb\/","url":"https:\/\/www.galileo.edu\/page\/gracias-registro-sesiones-tehsb\/","name":"Gracias por registrarte: Serie de Webinars TEHSB","isPartOf":{"@id":"https:\/\/www.galileo.edu\/page\/#website"},"datePublished":"2022-09-13T18:19:43+00:00","dateModified":"2022-10-25T16:23:56+00:00","description":"Conoce m\u00e1s sobre el funcionamiento del ser humano desde las diferentes esferas que componen el bienestar (f\u00edsico, mental, emocional, social)","breadcrumb":{"@id":"https:\/\/www.galileo.edu\/page\/gracias-registro-sesiones-tehsb\/#breadcrumb"},"inLanguage":"en-US","potentialAction":[{"@type":"ReadAction","target":["https:\/\/www.galileo.edu\/page\/gracias-registro-sesiones-tehsb\/"]}]},{"@type":"BreadcrumbList","@id":"https:\/\/www.galileo.edu\/page\/gracias-registro-sesiones-tehsb\/#breadcrumb","itemListElement":[{"@type":"ListItem","position":1,"name":"Home","item":"https:\/\/www.galileo.edu\/page\/home\/"},{"@type":"ListItem","position":2,"name":"Gracias TEHSB"}]},{"@type":"WebSite","@id":"https:\/\/www.galileo.edu\/page\/#website","url":"https:\/\/www.galileo.edu\/page\/","name":"Universidad Galileo","description":"La revoluci\u00f3n en la educaci\u00f3n","potentialAction":[{"@type":"SearchAction","target":{"@type":"EntryPoint","urlTemplate":"https:\/\/www.galileo.edu\/page\/?s={search_term_string}"},"query-input":"required name=search_term_string"}],"inLanguage":"en-US"}]}},"_links":{"self":[{"href":"https:\/\/www.galileo.edu\/page\/wp-json\/wp\/v2\/pages\/58119"}],"collection":[{"href":"https:\/\/www.galileo.edu\/page\/wp-json\/wp\/v2\/pages"}],"about":[{"href":"https:\/\/www.galileo.edu\/page\/wp-json\/wp\/v2\/types\/page"}],"author":[{"embeddable":true,"href":"https:\/\/www.galileo.edu\/page\/wp-json\/wp\/v2\/users\/10"}],"replies":[{"embeddable":true,"href":"https:\/\/www.galileo.edu\/page\/wp-json\/wp\/v2\/comments?post=58119"}],"version-history":[{"count":10,"href":"https:\/\/www.galileo.edu\/page\/wp-json\/wp\/v2\/pages\/58119\/revisions"}],"predecessor-version":[{"id":60894,"href":"https:\/\/www.galileo.edu\/page\/wp-json\/wp\/v2\/pages\/58119\/revisions\/60894"}],"wp:attachment":[{"href":"https:\/\/www.galileo.edu\/page\/wp-json\/wp\/v2\/media?parent=58119"}],"curies":[{"name":"wp","href":"https:\/\/api.w.org\/{rel}","templated":true}]}}