{"id":55663,"date":"2022-08-16T17:49:43","date_gmt":"2022-08-16T17:49:43","guid":{"rendered":"https:\/\/www.galileo.edu\/page\/?page_id=55663"},"modified":"2022-10-13T16:25:51","modified_gmt":"2022-10-13T16:25:51","slug":"gracias-registro-enlace-quimico","status":"publish","type":"page","link":"https:\/\/www.galileo.edu\/page\/gracias-registro-enlace-quimico\/","title":{"rendered":"Gracias por Registrarte a Enlace Qu\u00edmico"},"content":{"rendered":"<p>[et_pb_section fb_built=&#8221;1&#8243; disabled_on=&#8221;on|on|off&#8221; _builder_version=&#8221;3.2.2&#8243; background_color=&#8221;#000000&#8243; use_background_color_gradient=&#8221;on&#8221; background_color_gradient_start=&#8221;#ffffff&#8221; background_color_gradient_end=&#8221;#ffffff&#8221; background_size=&#8221;contain&#8221; max_width_last_edited=&#8221;on|desktop&#8221; module_alignment=&#8221;center&#8221; custom_padding=&#8221;54px|0|0|0px|false|false&#8221;][et_pb_row make_fullwidth=&#8221;on&#8221; custom_padding=&#8221;27px|0px|0|0px|false|false&#8221; _builder_version=&#8221;3.2.2&#8243; background_size=&#8221;initial&#8221; background_position=&#8221;top_left&#8221; background_repeat=&#8221;repeat&#8221;][et_pb_column type=&#8221;1_2&#8243; _builder_version=&#8221;3.0.47&#8243; parallax=&#8221;off&#8221; parallax_method=&#8221;on&#8221;][et_pb_image src=&#8221;http:\/\/www.galileo.edu\/page\/wp-content\/uploads\/2022\/08\/Recurso-1.png&#8221; _builder_version=&#8221;3.2.2&#8243; max_width=&#8221;61%&#8221; max_width_tablet=&#8221;67%&#8221; max_width_phone=&#8221;62%&#8221; max_width_last_edited=&#8221;on|phone&#8221; module_alignment=&#8221;center&#8221; custom_margin=&#8221;|||&#8221;][\/et_pb_image][et_pb_text _builder_version=&#8221;3.2.2&#8243; text_font=&#8221;Poppins||||||||&#8221; text_text_color=&#8221;#000000&#8243; text_font_size=&#8221;16px&#8221; header_font=&#8221;Poppins|700|||||||&#8221; header_text_align=&#8221;center&#8221; header_text_color=&#8221;#000000&#8243; header_2_font=&#8221;Poppins|300|||||||&#8221; header_2_text_color=&#8221;#000000&#8243;]<\/p>\n<blockquote>\n<h1 style=\"text-align: left;\">\u00a1Gracias por inscribirte a la Sesi\u00f3n 5:<\/h1>\n<h1 style=\"text-align: left;\">Oportunidades Laborales del Ingeniero Qu\u00edmico!<\/h1>\n<h2 style=\"text-align: left;\"><span style=\"font-weight: 400;\">se realizar\u00e1 el<\/span><b>\u00a0martes 25 de octubre, <\/b><\/h2>\n<h2 style=\"text-align: left;\"><span style=\"font-weight: 400;\">a las 16:30 horas, Guatemala.<\/span><\/h2>\n<p>&nbsp;<\/p>\n<p><span style=\"font-weight: 400;\"><b>Revisa tu correo electr\u00f3nico.<\/b> En pocos minutos recibir\u00e1s el enlace para unirte a la conferencia. Si no recibes el correo con la informaci\u00f3n de parte de Universidad Galileo en los pr\u00f3ximos minutos,<b> busca en tus otras carpetas de correo como \u201cPromociones\u201d, \u201cNotificaciones\u201d o \u201cNewsletter\u201d, o bien en \u201cNo deseado\u201d o \u201cSpam\u201d, algunas veces se filtran all\u00ed<\/b>. Si no te llega el correo electr\u00f3nico, puede ser que escribiste mal tu email, por lo que te pedimos que vuelvas a llenar tus datos en la p\u00e1gina anterior a esta y revisa que est\u00e9n bien escritos.<\/span><\/p>\n<\/blockquote>\n<p>[\/et_pb_text][\/et_pb_column][et_pb_column type=&#8221;1_2&#8243; _builder_version=&#8221;3.0.47&#8243; parallax=&#8221;off&#8221; parallax_method=&#8221;on&#8221;][et_pb_image src=&#8221;http:\/\/www.galileo.edu\/page\/wp-content\/uploads\/2022\/10\/movil-1.jpg&#8221; align=&#8221;center&#8221; force_fullwidth=&#8221;on&#8221; _builder_version=&#8221;3.2.2&#8243; max_width_last_edited=&#8221;on|desktop&#8221; module_alignment=&#8221;center&#8221; custom_margin=&#8221;-512px|||&#8221;][\/et_pb_image][\/et_pb_column][\/et_pb_row][\/et_pb_section][et_pb_section fb_built=&#8221;1&#8243; disabled_on=&#8221;off|off|on&#8221; _builder_version=&#8221;3.0.47&#8243; background_color=&#8221;#000000&#8243; use_background_color_gradient=&#8221;on&#8221; background_color_gradient_start=&#8221;#ffffff&#8221; background_color_gradient_end=&#8221;#ffffff&#8221; background_size=&#8221;contain&#8221; background_position=&#8221;center_right&#8221; module_alignment=&#8221;center&#8221; custom_padding=&#8221;0|0px|0|0px|false|false&#8221;][et_pb_row make_fullwidth=&#8221;on&#8221; custom_padding=&#8221;13px|0px|0|0px|false|false&#8221; _builder_version=&#8221;3.2.2&#8243; background_size=&#8221;initial&#8221; background_position=&#8221;top_left&#8221; background_repeat=&#8221;repeat&#8221;][et_pb_column type=&#8221;4_4&#8243; _builder_version=&#8221;3.0.47&#8243; parallax=&#8221;off&#8221; parallax_method=&#8221;on&#8221;][et_pb_image src=&#8221;http:\/\/www.galileo.edu\/page\/wp-content\/uploads\/2022\/08\/Recurso-1.png&#8221; force_fullwidth=&#8221;on&#8221; _builder_version=&#8221;3.2.2&#8243; max_width_tablet=&#8221;67%&#8221; max_width_phone=&#8221;62%&#8221; max_width_last_edited=&#8221;on|phone&#8221; module_alignment=&#8221;left&#8221; custom_margin=&#8221;|||&#8221;][\/et_pb_image][\/et_pb_column][\/et_pb_row][et_pb_row make_fullwidth=&#8221;on&#8221; custom_padding=&#8221;0|0px|0|0px|false|false&#8221; _builder_version=&#8221;3.2.2&#8243;][et_pb_column type=&#8221;1_4&#8243; _builder_version=&#8221;3.0.47&#8243; parallax=&#8221;off&#8221; parallax_method=&#8221;on&#8221;][et_pb_text _builder_version=&#8221;3.2.2&#8243; header_font=&#8221;Poppins|700|||||||&#8221; header_text_align=&#8221;center&#8221; header_text_color=&#8221;#000000&#8243; header_font_size=&#8221;35px&#8221; header_2_font=&#8221;Poppins|300|||||||&#8221; header_2_text_color=&#8221;#000000&#8243; custom_margin=&#8221;||-59px|&#8221;]<\/p>\n<blockquote>\n<h1 style=\"text-align: center;\">\u00a1Gracias por inscribirte a la Sesi\u00f3n 5: Oportunidades Laborales del Ingeniero Qu\u00edmico!<\/h1>\n<h2 style=\"text-align: center;\"><span style=\"font-weight: 400;\">se realizar\u00e1 el<\/span><b>\u00a0martes 25 de octubre, <\/b><span style=\"font-weight: 400;\">a las 16:30 horas, Guatemala.<\/span><\/h2>\n<\/blockquote>\n<p>[\/et_pb_text][\/et_pb_column][et_pb_column type=&#8221;3_4&#8243; _builder_version=&#8221;3.0.47&#8243; parallax=&#8221;off&#8221; parallax_method=&#8221;on&#8221;][et_pb_image src=&#8221;http:\/\/www.galileo.edu\/page\/wp-content\/uploads\/2022\/10\/Copia-de-Copia-de-Banner-Eventos-COMMUNITY.png&#8221; _builder_version=&#8221;3.2.2&#8243;][\/et_pb_image][\/et_pb_column][\/et_pb_row][et_pb_row custom_width_px=&#8221;2600px&#8221; custom_padding=&#8221;0px|16px||0|false|false&#8221; custom_margin=&#8221;|||83px&#8221; _builder_version=&#8221;3.2.2&#8243; module_alignment=&#8221;center&#8221; custom_margin_tablet=&#8221;-105px|||132px&#8221; custom_margin_phone=&#8221;-182px|||89px&#8221; custom_margin_last_edited=&#8221;on|tablet&#8221;][et_pb_column type=&#8221;4_4&#8243; _builder_version=&#8221;3.0.47&#8243; parallax=&#8221;off&#8221; parallax_method=&#8221;on&#8221;][et_pb_text _builder_version=&#8221;3.2.2&#8243; text_font=&#8221;Poppins|300|||||||&#8221; text_text_color=&#8221;#000000&#8243; text_font_size=&#8221;18px&#8221; header_font=&#8221;||||||||&#8221; header_2_font=&#8221;Poppins|300|||||||&#8221; header_2_text_color=&#8221;#80cae5&#8243; text_orientation=&#8221;center&#8221; max_width=&#8221;81%&#8221; module_alignment=&#8221;left&#8221; custom_margin_phone=&#8221;|||0px&#8221; custom_margin_last_edited=&#8221;on|phone&#8221; custom_padding=&#8221;|||0px&#8221;]<\/p>\n<p style=\"text-align: center;\"><span style=\"font-size: medium;\"><b>Revisa tu correo electr\u00f3nico.<\/b> En pocos minutos recibir\u00e1s el enlace para unirte a la conferencia. <\/span><span style=\"font-size: medium;\">Si no recibes el correo con la informaci\u00f3n de parte de Universidad Galileo en los pr\u00f3ximos minutos,<b> busca en tus otras carpetas de correo como \u201cPromociones\u201d, \u201cNotificaciones\u201d o \u201cNewsletter\u201d, o bien en \u201cNo deseado\u201d o \u201cSpam\u201d, algunas veces se filtran all\u00ed<\/b>. Si no te llega el correo electr\u00f3nico, puede ser que escribiste mal tu email, por lo que te pedimos que vuelvas a llenar tus datos en la p\u00e1gina anterior a esta y revisa que est\u00e9n bien escritos.<\/span><\/p>\n<p>[\/et_pb_text][\/et_pb_column][\/et_pb_row][\/et_pb_section][et_pb_section fb_built=&#8221;1&#8243; _builder_version=&#8221;3.2.2&#8243; background_color=&#8221;#000000&#8243; custom_padding=&#8221;0|0px|64px|0px|false|false&#8221;][et_pb_row custom_padding=&#8221;69px|0px|0|0px|false|false&#8221; _builder_version=&#8221;3.2.2&#8243;][et_pb_column type=&#8221;1_3&#8243; _builder_version=&#8221;3.0.47&#8243; parallax=&#8221;off&#8221; parallax_method=&#8221;on&#8221;][et_pb_blurb title=&#8221;Tel\u00e9fono&#8221; _builder_version=&#8221;3.2.2&#8243; header_font=&#8221;Poppins|700|||||||&#8221; header_text_align=&#8221;center&#8221; header_text_color=&#8221;#ffffff&#8221; body_font=&#8221;Poppins|300|||||||&#8221; body_text_color=&#8221;#ffffff&#8221; text_orientation=&#8221;center&#8221;] <span style=\"font-weight: 400;\">+502 2423-8000 Ext. 7107, 7108<\/span> [\/et_pb_blurb][\/et_pb_column][et_pb_column type=&#8221;1_3&#8243; _builder_version=&#8221;3.0.47&#8243; parallax=&#8221;off&#8221; parallax_method=&#8221;on&#8221;][et_pb_blurb title=&#8221;Correo Electr\u00f3nico&#8221; _builder_version=&#8221;3.2.2&#8243; header_font=&#8221;Poppins|700|||||||&#8221; header_text_align=&#8221;center&#8221; header_text_color=&#8221;#ffffff&#8221; body_font=&#8221;Poppins|300|||||||&#8221; body_text_color=&#8221;#ffffff&#8221; text_orientation=&#8221;center&#8221;] <span style=\"color: #ffffff;\"><a style=\"color: #ffffff;\" href=\"mailto:fabiqconsultas@galileo.edu\"><span style=\"font-weight: 400;\">fabiqconsultas@galileo.edu<\/span><\/a><\/span> [\/et_pb_blurb][\/et_pb_column][et_pb_column type=&#8221;1_3&#8243; _builder_version=&#8221;3.0.47&#8243; parallax=&#8221;off&#8221; parallax_method=&#8221;on&#8221;][et_pb_blurb title=&#8221;Direcci\u00f3n&#8221; icon_placement=&#8221;left&#8221; _builder_version=&#8221;3.2.2&#8243; header_font=&#8221;Poppins|700|||||||&#8221; header_text_align=&#8221;center&#8221; header_text_color=&#8221;#ffffff&#8221; body_font=&#8221;Poppins|300|||||||&#8221; body_text_color=&#8221;#ffffff&#8221;]<\/p>\n<p style=\"text-align: center;\"><span style=\"font-weight: 400;\">Oficina 406, 4to. Nivel Torre I, Galileo Campus Central, zona 10, Universidad Galileo.<\/span><\/p>\n<p>[\/et_pb_blurb][\/et_pb_column][\/et_pb_row][et_pb_row custom_padding=&#8221;7px|0px|27px|0px|false|false&#8221; _builder_version=&#8221;3.2.2&#8243;][et_pb_column type=&#8221;4_4&#8243; _builder_version=&#8221;3.0.47&#8243; parallax=&#8221;off&#8221; parallax_method=&#8221;on&#8221;][et_pb_image src=&#8221;http:\/\/www.galileo.edu\/page\/wp-content\/uploads\/2022\/06\/Logo-Galileo_Blanco-4.png&#8221; _builder_version=&#8221;3.2.2&#8243; max_width=&#8221;24%&#8221; max_width_tablet=&#8221;31%&#8221; max_width_phone=&#8221;46%&#8221; max_width_last_edited=&#8221;on|phone&#8221; module_alignment=&#8221;center&#8221;][\/et_pb_image][\/et_pb_column][\/et_pb_row][\/et_pb_section]<\/p>\n","protected":false},"excerpt":{"rendered":"<p>\u00a1Gracias por inscribirte a la Sesi\u00f3n 5: Oportunidades Laborales del Ingeniero Qu\u00edmico! se realizar\u00e1 el\u00a0martes 25 de octubre, a las 16:30 horas, Guatemala. &nbsp; Revisa tu correo electr\u00f3nico. En pocos minutos recibir\u00e1s el enlace para unirte a la conferencia. Si no recibes el correo con la informaci\u00f3n de parte de Universidad Galileo en los pr\u00f3ximos [&hellip;]<\/p>\n","protected":false},"author":10,"featured_media":59866,"parent":0,"menu_order":0,"comment_status":"closed","ping_status":"closed","template":"page-template-blank.php","meta":{"_et_pb_use_builder":"on","_et_pb_old_content":"","_et_gb_content_width":""},"yoast_head":"<!-- This site is optimized with the Yoast SEO plugin v20.13 - https:\/\/yoast.com\/wordpress\/plugins\/seo\/ -->\n<title>Gracias por Registrarte a Enlace Qu\u00edmico<\/title>\n<meta name=\"description\" content=\"Conoceremos el d\u00eda a d\u00eda de un Ingeniero qu\u00edmico. .\" \/>\n<meta name=\"robots\" content=\"index, follow, max-snippet:-1, max-image-preview:large, max-video-preview:-1\" \/>\n<link rel=\"canonical\" href=\"https:\/\/www.galileo.edu\/page\/gracias-registro-enlace-quimico\/\" \/>\n<meta property=\"og:locale\" content=\"en_US\" \/>\n<meta property=\"og:type\" content=\"article\" \/>\n<meta property=\"og:title\" content=\"Gracias por Registrarte a Enlace Qu\u00edmico\" \/>\n<meta property=\"og:description\" content=\"Conoceremos el d\u00eda a d\u00eda de un Ingeniero qu\u00edmico. .\" \/>\n<meta property=\"og:url\" content=\"https:\/\/www.galileo.edu\/page\/gracias-registro-enlace-quimico\/\" \/>\n<meta property=\"og:site_name\" content=\"Universidad Galileo\" \/>\n<meta property=\"article:modified_time\" content=\"2022-10-13T16:25:51+00:00\" \/>\n<meta property=\"og:image\" content=\"https:\/\/www.galileo.edu\/page\/wp-content\/uploads\/2022\/10\/webinar_banner_eventos-6.jpg\" \/>\n\t<meta property=\"og:image:width\" content=\"554\" \/>\n\t<meta property=\"og:image:height\" content=\"674\" \/>\n\t<meta property=\"og:image:type\" content=\"image\/jpeg\" \/>\n<meta name=\"twitter:card\" content=\"summary_large_image\" \/>\n<meta name=\"twitter:label1\" content=\"Est. reading time\" \/>\n\t<meta name=\"twitter:data1\" content=\"5 minutes\" \/>\n<script type=\"application\/ld+json\" class=\"yoast-schema-graph\">{\"@context\":\"https:\/\/schema.org\",\"@graph\":[{\"@type\":\"WebPage\",\"@id\":\"https:\/\/www.galileo.edu\/page\/gracias-registro-enlace-quimico\/\",\"url\":\"https:\/\/www.galileo.edu\/page\/gracias-registro-enlace-quimico\/\",\"name\":\"Gracias por Registrarte a Enlace Qu\u00edmico\",\"isPartOf\":{\"@id\":\"https:\/\/www.galileo.edu\/page\/#website\"},\"datePublished\":\"2022-08-16T17:49:43+00:00\",\"dateModified\":\"2022-10-13T16:25:51+00:00\",\"description\":\"Conoceremos el d\u00eda a d\u00eda de un Ingeniero qu\u00edmico. .\",\"breadcrumb\":{\"@id\":\"https:\/\/www.galileo.edu\/page\/gracias-registro-enlace-quimico\/#breadcrumb\"},\"inLanguage\":\"en-US\",\"potentialAction\":[{\"@type\":\"ReadAction\",\"target\":[\"https:\/\/www.galileo.edu\/page\/gracias-registro-enlace-quimico\/\"]}]},{\"@type\":\"BreadcrumbList\",\"@id\":\"https:\/\/www.galileo.edu\/page\/gracias-registro-enlace-quimico\/#breadcrumb\",\"itemListElement\":[{\"@type\":\"ListItem\",\"position\":1,\"name\":\"Home\",\"item\":\"https:\/\/www.galileo.edu\/page\/home\/\"},{\"@type\":\"ListItem\",\"position\":2,\"name\":\"Gracias por Registrarte a Enlace Qu\u00edmico\"}]},{\"@type\":\"WebSite\",\"@id\":\"https:\/\/www.galileo.edu\/page\/#website\",\"url\":\"https:\/\/www.galileo.edu\/page\/\",\"name\":\"Universidad Galileo\",\"description\":\"La revoluci\u00f3n en la educaci\u00f3n\",\"potentialAction\":[{\"@type\":\"SearchAction\",\"target\":{\"@type\":\"EntryPoint\",\"urlTemplate\":\"https:\/\/www.galileo.edu\/page\/?s={search_term_string}\"},\"query-input\":\"required name=search_term_string\"}],\"inLanguage\":\"en-US\"}]}<\/script>\n<!-- \/ Yoast SEO plugin. -->","yoast_head_json":{"title":"Gracias por Registrarte a Enlace Qu\u00edmico","description":"Conoceremos el d\u00eda a d\u00eda de un Ingeniero qu\u00edmico. .","robots":{"index":"index","follow":"follow","max-snippet":"max-snippet:-1","max-image-preview":"max-image-preview:large","max-video-preview":"max-video-preview:-1"},"canonical":"https:\/\/www.galileo.edu\/page\/gracias-registro-enlace-quimico\/","og_locale":"en_US","og_type":"article","og_title":"Gracias por Registrarte a Enlace Qu\u00edmico","og_description":"Conoceremos el d\u00eda a d\u00eda de un Ingeniero qu\u00edmico. .","og_url":"https:\/\/www.galileo.edu\/page\/gracias-registro-enlace-quimico\/","og_site_name":"Universidad Galileo","article_modified_time":"2022-10-13T16:25:51+00:00","og_image":[{"width":554,"height":674,"url":"https:\/\/www.galileo.edu\/page\/wp-content\/uploads\/2022\/10\/webinar_banner_eventos-6.jpg","type":"image\/jpeg"}],"twitter_card":"summary_large_image","twitter_misc":{"Est. reading time":"5 minutes"},"schema":{"@context":"https:\/\/schema.org","@graph":[{"@type":"WebPage","@id":"https:\/\/www.galileo.edu\/page\/gracias-registro-enlace-quimico\/","url":"https:\/\/www.galileo.edu\/page\/gracias-registro-enlace-quimico\/","name":"Gracias por Registrarte a Enlace Qu\u00edmico","isPartOf":{"@id":"https:\/\/www.galileo.edu\/page\/#website"},"datePublished":"2022-08-16T17:49:43+00:00","dateModified":"2022-10-13T16:25:51+00:00","description":"Conoceremos el d\u00eda a d\u00eda de un Ingeniero qu\u00edmico. .","breadcrumb":{"@id":"https:\/\/www.galileo.edu\/page\/gracias-registro-enlace-quimico\/#breadcrumb"},"inLanguage":"en-US","potentialAction":[{"@type":"ReadAction","target":["https:\/\/www.galileo.edu\/page\/gracias-registro-enlace-quimico\/"]}]},{"@type":"BreadcrumbList","@id":"https:\/\/www.galileo.edu\/page\/gracias-registro-enlace-quimico\/#breadcrumb","itemListElement":[{"@type":"ListItem","position":1,"name":"Home","item":"https:\/\/www.galileo.edu\/page\/home\/"},{"@type":"ListItem","position":2,"name":"Gracias por Registrarte a Enlace Qu\u00edmico"}]},{"@type":"WebSite","@id":"https:\/\/www.galileo.edu\/page\/#website","url":"https:\/\/www.galileo.edu\/page\/","name":"Universidad Galileo","description":"La revoluci\u00f3n en la educaci\u00f3n","potentialAction":[{"@type":"SearchAction","target":{"@type":"EntryPoint","urlTemplate":"https:\/\/www.galileo.edu\/page\/?s={search_term_string}"},"query-input":"required name=search_term_string"}],"inLanguage":"en-US"}]}},"_links":{"self":[{"href":"https:\/\/www.galileo.edu\/page\/wp-json\/wp\/v2\/pages\/55663"}],"collection":[{"href":"https:\/\/www.galileo.edu\/page\/wp-json\/wp\/v2\/pages"}],"about":[{"href":"https:\/\/www.galileo.edu\/page\/wp-json\/wp\/v2\/types\/page"}],"author":[{"embeddable":true,"href":"https:\/\/www.galileo.edu\/page\/wp-json\/wp\/v2\/users\/10"}],"replies":[{"embeddable":true,"href":"https:\/\/www.galileo.edu\/page\/wp-json\/wp\/v2\/comments?post=55663"}],"version-history":[{"count":48,"href":"https:\/\/www.galileo.edu\/page\/wp-json\/wp\/v2\/pages\/55663\/revisions"}],"predecessor-version":[{"id":59869,"href":"https:\/\/www.galileo.edu\/page\/wp-json\/wp\/v2\/pages\/55663\/revisions\/59869"}],"wp:featuredmedia":[{"embeddable":true,"href":"https:\/\/www.galileo.edu\/page\/wp-json\/wp\/v2\/media\/59866"}],"wp:attachment":[{"href":"https:\/\/www.galileo.edu\/page\/wp-json\/wp\/v2\/media?parent=55663"}],"curies":[{"name":"wp","href":"https:\/\/api.w.org\/{rel}","templated":true}]}}