{"id":54592,"date":"2022-06-28T19:08:10","date_gmt":"2022-06-28T19:08:10","guid":{"rendered":"https:\/\/www.galileo.edu\/page\/?page_id=54592"},"modified":"2022-06-28T19:09:57","modified_gmt":"2022-06-28T19:09:57","slug":"gracias-informacion-curso-pmi","status":"publish","type":"page","link":"https:\/\/www.galileo.edu\/page\/gracias-informacion-curso-pmi\/","title":{"rendered":"Gracias Curso Preparaci\u00f3n para el examen de certificaci\u00f3n PMP\u00ae de PMI\u00ae"},"content":{"rendered":"<p>[et_pb_section fb_built=&#8221;1&#8243; _builder_version=&#8221;3.0.47&#8243;][et_pb_row _builder_version=&#8221;3.0.47&#8243; background_size=&#8221;initial&#8221; background_position=&#8221;top_left&#8221; background_repeat=&#8221;repeat&#8221;][et_pb_column type=&#8221;1_2&#8243; _builder_version=&#8221;3.0.47&#8243; parallax=&#8221;off&#8221; parallax_method=&#8221;on&#8221;][et_pb_text _builder_version=&#8221;3.2.2&#8243; text_font=&#8221;Raleway|700|||||||&#8221; text_font_size=&#8221;35px&#8221; header_font=&#8221;Raleway|700|||||||&#8221; header_font_size=&#8221;35px&#8221; header_font_size_last_edited=&#8221;on|desktop&#8221; header_line_height=&#8221;1.1em&#8221;]<\/p>\n<h1>\u00a1Gracias por solicitar informaci\u00f3n del<span style=\"color: #b89958;\"><strong> Curso Preparaci\u00f3n para el examen de certificaci\u00f3n PMP\u00ae de PMI\u00ae<\/strong><\/span><\/h1>\n<p>[\/et_pb_text][\/et_pb_column][et_pb_column type=&#8221;1_2&#8243; _builder_version=&#8221;3.0.47&#8243; parallax=&#8221;off&#8221; parallax_method=&#8221;on&#8221;][et_pb_text _builder_version=&#8221;3.2.2&#8243;] Si deseas resolver dudas o recibir ayuda en tu proceso de inscripci\u00f3n, comun\u00edcate. \u00a1Ser\u00e1 un gusto atenderte!<\/p>\n<p><a href=\"https:\/\/www.facebook.com\/admisionesgalileo\/\" target=\"_blank\" rel=\"noopener noreferrer\">Ahora ingresa a Admisiones Galileo y s\u00edguenos<\/a><br \/>\n[\/et_pb_text][\/et_pb_column][\/et_pb_row][et_pb_row custom_padding=&#8221;17px|0px|0|0px|false|false&#8221; _builder_version=&#8221;3.2.2&#8243;][et_pb_column type=&#8221;1_3&#8243; _builder_version=&#8221;3.0.47&#8243; parallax=&#8221;off&#8221; parallax_method=&#8221;on&#8221;][et_pb_blurb title=&#8221;PBX&#8221; image=&#8221;http:\/\/www.galileo.edu\/page\/wp-content\/uploads\/2019\/05\/telephone.png&#8221; image_max_width=&#8221;25%&#8221; _builder_version=&#8221;3.2.2&#8243; header_font=&#8221;||||||||&#8221; header_text_align=&#8221;center&#8221;]<\/p>\n<h5 style=\"text-align: center;\">+ 502 24238000<\/h5>\n<h5 style=\"text-align: center;\">Extensiones: 7401, 7406<\/h5>\n<p>[\/et_pb_blurb][\/et_pb_column][et_pb_column type=&#8221;1_3&#8243; _builder_version=&#8221;3.0.47&#8243; parallax=&#8221;off&#8221; parallax_method=&#8221;on&#8221;][et_pb_blurb title=&#8221;Correo electr\u00f3nico&#8221; image=&#8221;http:\/\/www.galileo.edu\/page\/wp-content\/uploads\/2019\/05\/mail-1.png&#8221; image_max_width=&#8221;25%&#8221; _builder_version=&#8221;3.2.2&#8243; header_font=&#8221;||||||||&#8221; header_text_align=&#8221;center&#8221; text_orientation=&#8221;center&#8221;]<\/p>\n<h5><a href=\"mailto:mgdp@galileo.edu\">mgdp@galileo.edu<\/a><\/h5>\n<p>[\/et_pb_blurb][\/et_pb_column][et_pb_column type=&#8221;1_3&#8243; _builder_version=&#8221;3.0.47&#8243; parallax=&#8221;off&#8221; parallax_method=&#8221;on&#8221;][et_pb_blurb title=&#8221;Direcci\u00f3n&#8221; image=&#8221;http:\/\/www.galileo.edu\/page\/wp-content\/uploads\/2019\/05\/placeholder-1.png&#8221; image_max_width=&#8221;25%&#8221; _builder_version=&#8221;3.2.2&#8243; header_font=&#8221;||||||||&#8221; header_text_align=&#8221;center&#8221;]<\/p>\n<h5 style=\"text-align: center;\">7a. avenida calle Dr. Eduardo Suger Cofi\u00f1o zona 10<\/h5>\n<h5 style=\"text-align: center;\">Oficina 301, 3er Nivel, Torre I, Galileo Campus Central<\/h5>\n<h5 style=\"text-align: center;\">FISICC &#8211; Facultad de Ingenier\u00eda de Sistemas, Inform\u00e1tica y Ciencias de la Computaci\u00f3n<\/h5>\n<p>[\/et_pb_blurb][\/et_pb_column][\/et_pb_row][et_pb_row custom_padding=&#8221;60px|0px|27px|0px|false|false&#8221; _builder_version=&#8221;3.2.2&#8243;][et_pb_column type=&#8221;4_4&#8243; _builder_version=&#8221;3.0.47&#8243; parallax=&#8221;off&#8221; parallax_method=&#8221;on&#8221;][et_pb_image src=&#8221;http:\/\/www.galileo.edu\/page\/wp-content\/uploads\/2020\/08\/logo_u_galileo.png&#8221; align=&#8221;center&#8221; _builder_version=&#8221;3.2.2&#8243; max_width=&#8221;50%&#8221;][\/et_pb_image][\/et_pb_column][\/et_pb_row][\/et_pb_section]<\/p>\n","protected":false},"excerpt":{"rendered":"<p>\u00a1Gracias por solicitar informaci\u00f3n del Curso Preparaci\u00f3n para el examen de certificaci\u00f3n PMP\u00ae de PMI\u00ae Si deseas resolver dudas o recibir ayuda en tu proceso de inscripci\u00f3n, comun\u00edcate. \u00a1Ser\u00e1 un gusto atenderte! Ahora ingresa a Admisiones Galileo y s\u00edguenos + 502 24238000 Extensiones: 7401, 7406 mgdp@galileo.edu 7a. avenida calle Dr. Eduardo Suger Cofi\u00f1o zona 10 [&hellip;]<\/p>\n","protected":false},"author":17,"featured_media":54593,"parent":0,"menu_order":0,"comment_status":"closed","ping_status":"closed","template":"page-template-blank.php","meta":{"_et_pb_use_builder":"on","_et_pb_old_content":"","_et_gb_content_width":""},"yoast_head":"<!-- This site is optimized with the Yoast SEO plugin v20.13 - https:\/\/yoast.com\/wordpress\/plugins\/seo\/ -->\n<title>Gracias Curso Preparaci\u00f3n para el examen de certificaci\u00f3n PMP\u00ae de PMI\u00ae<\/title>\n<meta name=\"description\" content=\"Gracias por solicitar informaci\u00f3n del curso: Preparaci\u00f3n para el examen de certificaci\u00f3n PMP\u00ae de PMI\u00ae de FISICC, Uiversidad Galileo\" \/>\n<meta name=\"robots\" content=\"index, follow, max-snippet:-1, max-image-preview:large, max-video-preview:-1\" \/>\n<link rel=\"canonical\" href=\"https:\/\/www.galileo.edu\/page\/gracias-informacion-curso-pmi\/\" \/>\n<meta property=\"og:locale\" content=\"en_US\" \/>\n<meta property=\"og:type\" content=\"article\" \/>\n<meta property=\"og:title\" content=\"Gracias Curso Preparaci\u00f3n para el examen de certificaci\u00f3n PMP\u00ae de PMI\u00ae\" \/>\n<meta property=\"og:description\" content=\"Gracias por solicitar informaci\u00f3n del curso: Preparaci\u00f3n para el examen de certificaci\u00f3n PMP\u00ae de PMI\u00ae de FISICC, Uiversidad Galileo\" \/>\n<meta property=\"og:url\" content=\"https:\/\/www.galileo.edu\/page\/gracias-informacion-curso-pmi\/\" \/>\n<meta property=\"og:site_name\" content=\"Universidad Galileo\" \/>\n<meta property=\"article:modified_time\" content=\"2022-06-28T19:09:57+00:00\" \/>\n<meta property=\"og:image\" content=\"https:\/\/www.galileo.edu\/page\/wp-content\/uploads\/2022\/06\/curso-PMP-post-01.jpg\" \/>\n\t<meta property=\"og:image:width\" content=\"1200\" \/>\n\t<meta property=\"og:image:height\" content=\"1200\" \/>\n\t<meta property=\"og:image:type\" content=\"image\/jpeg\" \/>\n<meta name=\"twitter:card\" content=\"summary_large_image\" \/>\n<meta name=\"twitter:label1\" content=\"Est. reading time\" \/>\n\t<meta name=\"twitter:data1\" content=\"2 minutes\" \/>\n<script type=\"application\/ld+json\" class=\"yoast-schema-graph\">{\"@context\":\"https:\/\/schema.org\",\"@graph\":[{\"@type\":\"WebPage\",\"@id\":\"https:\/\/www.galileo.edu\/page\/gracias-informacion-curso-pmi\/\",\"url\":\"https:\/\/www.galileo.edu\/page\/gracias-informacion-curso-pmi\/\",\"name\":\"Gracias Curso Preparaci\u00f3n para el examen de certificaci\u00f3n PMP\u00ae de PMI\u00ae\",\"isPartOf\":{\"@id\":\"https:\/\/www.galileo.edu\/page\/#website\"},\"datePublished\":\"2022-06-28T19:08:10+00:00\",\"dateModified\":\"2022-06-28T19:09:57+00:00\",\"description\":\"Gracias por solicitar informaci\u00f3n del curso: Preparaci\u00f3n para el examen de certificaci\u00f3n PMP\u00ae de PMI\u00ae de FISICC, Uiversidad Galileo\",\"breadcrumb\":{\"@id\":\"https:\/\/www.galileo.edu\/page\/gracias-informacion-curso-pmi\/#breadcrumb\"},\"inLanguage\":\"en-US\",\"potentialAction\":[{\"@type\":\"ReadAction\",\"target\":[\"https:\/\/www.galileo.edu\/page\/gracias-informacion-curso-pmi\/\"]}]},{\"@type\":\"BreadcrumbList\",\"@id\":\"https:\/\/www.galileo.edu\/page\/gracias-informacion-curso-pmi\/#breadcrumb\",\"itemListElement\":[{\"@type\":\"ListItem\",\"position\":1,\"name\":\"Home\",\"item\":\"https:\/\/www.galileo.edu\/page\/home\/\"},{\"@type\":\"ListItem\",\"position\":2,\"name\":\"Gracias Curso Preparaci\u00f3n para el examen de certificaci\u00f3n PMP\u00ae de PMI\u00ae\"}]},{\"@type\":\"WebSite\",\"@id\":\"https:\/\/www.galileo.edu\/page\/#website\",\"url\":\"https:\/\/www.galileo.edu\/page\/\",\"name\":\"Universidad Galileo\",\"description\":\"La revoluci\u00f3n en la educaci\u00f3n\",\"potentialAction\":[{\"@type\":\"SearchAction\",\"target\":{\"@type\":\"EntryPoint\",\"urlTemplate\":\"https:\/\/www.galileo.edu\/page\/?s={search_term_string}\"},\"query-input\":\"required name=search_term_string\"}],\"inLanguage\":\"en-US\"}]}<\/script>\n<!-- \/ Yoast SEO plugin. -->","yoast_head_json":{"title":"Gracias Curso Preparaci\u00f3n para el examen de certificaci\u00f3n PMP\u00ae de PMI\u00ae","description":"Gracias por solicitar informaci\u00f3n del curso: Preparaci\u00f3n para el examen de certificaci\u00f3n PMP\u00ae de PMI\u00ae de FISICC, Uiversidad Galileo","robots":{"index":"index","follow":"follow","max-snippet":"max-snippet:-1","max-image-preview":"max-image-preview:large","max-video-preview":"max-video-preview:-1"},"canonical":"https:\/\/www.galileo.edu\/page\/gracias-informacion-curso-pmi\/","og_locale":"en_US","og_type":"article","og_title":"Gracias Curso Preparaci\u00f3n para el examen de certificaci\u00f3n PMP\u00ae de PMI\u00ae","og_description":"Gracias por solicitar informaci\u00f3n del curso: Preparaci\u00f3n para el examen de certificaci\u00f3n PMP\u00ae de PMI\u00ae de FISICC, Uiversidad Galileo","og_url":"https:\/\/www.galileo.edu\/page\/gracias-informacion-curso-pmi\/","og_site_name":"Universidad Galileo","article_modified_time":"2022-06-28T19:09:57+00:00","og_image":[{"width":1200,"height":1200,"url":"https:\/\/www.galileo.edu\/page\/wp-content\/uploads\/2022\/06\/curso-PMP-post-01.jpg","type":"image\/jpeg"}],"twitter_card":"summary_large_image","twitter_misc":{"Est. reading time":"2 minutes"},"schema":{"@context":"https:\/\/schema.org","@graph":[{"@type":"WebPage","@id":"https:\/\/www.galileo.edu\/page\/gracias-informacion-curso-pmi\/","url":"https:\/\/www.galileo.edu\/page\/gracias-informacion-curso-pmi\/","name":"Gracias Curso Preparaci\u00f3n para el examen de certificaci\u00f3n PMP\u00ae de PMI\u00ae","isPartOf":{"@id":"https:\/\/www.galileo.edu\/page\/#website"},"datePublished":"2022-06-28T19:08:10+00:00","dateModified":"2022-06-28T19:09:57+00:00","description":"Gracias por solicitar informaci\u00f3n del curso: Preparaci\u00f3n para el examen de certificaci\u00f3n PMP\u00ae de PMI\u00ae de FISICC, Uiversidad Galileo","breadcrumb":{"@id":"https:\/\/www.galileo.edu\/page\/gracias-informacion-curso-pmi\/#breadcrumb"},"inLanguage":"en-US","potentialAction":[{"@type":"ReadAction","target":["https:\/\/www.galileo.edu\/page\/gracias-informacion-curso-pmi\/"]}]},{"@type":"BreadcrumbList","@id":"https:\/\/www.galileo.edu\/page\/gracias-informacion-curso-pmi\/#breadcrumb","itemListElement":[{"@type":"ListItem","position":1,"name":"Home","item":"https:\/\/www.galileo.edu\/page\/home\/"},{"@type":"ListItem","position":2,"name":"Gracias Curso Preparaci\u00f3n para el examen de certificaci\u00f3n PMP\u00ae de PMI\u00ae"}]},{"@type":"WebSite","@id":"https:\/\/www.galileo.edu\/page\/#website","url":"https:\/\/www.galileo.edu\/page\/","name":"Universidad Galileo","description":"La revoluci\u00f3n en la educaci\u00f3n","potentialAction":[{"@type":"SearchAction","target":{"@type":"EntryPoint","urlTemplate":"https:\/\/www.galileo.edu\/page\/?s={search_term_string}"},"query-input":"required name=search_term_string"}],"inLanguage":"en-US"}]}},"_links":{"self":[{"href":"https:\/\/www.galileo.edu\/page\/wp-json\/wp\/v2\/pages\/54592"}],"collection":[{"href":"https:\/\/www.galileo.edu\/page\/wp-json\/wp\/v2\/pages"}],"about":[{"href":"https:\/\/www.galileo.edu\/page\/wp-json\/wp\/v2\/types\/page"}],"author":[{"embeddable":true,"href":"https:\/\/www.galileo.edu\/page\/wp-json\/wp\/v2\/users\/17"}],"replies":[{"embeddable":true,"href":"https:\/\/www.galileo.edu\/page\/wp-json\/wp\/v2\/comments?post=54592"}],"version-history":[{"count":4,"href":"https:\/\/www.galileo.edu\/page\/wp-json\/wp\/v2\/pages\/54592\/revisions"}],"predecessor-version":[{"id":54602,"href":"https:\/\/www.galileo.edu\/page\/wp-json\/wp\/v2\/pages\/54592\/revisions\/54602"}],"wp:featuredmedia":[{"embeddable":true,"href":"https:\/\/www.galileo.edu\/page\/wp-json\/wp\/v2\/media\/54593"}],"wp:attachment":[{"href":"https:\/\/www.galileo.edu\/page\/wp-json\/wp\/v2\/media?parent=54592"}],"curies":[{"name":"wp","href":"https:\/\/api.w.org\/{rel}","templated":true}]}}