{"id":5268,"date":"2018-05-15T21:44:23","date_gmt":"2018-05-15T21:44:23","guid":{"rendered":"http:\/\/www.galileo.edu\/page\/?page_id=5268"},"modified":"2018-05-16T14:53:03","modified_gmt":"2018-05-16T14:53:03","slug":"galileo-virtual","status":"publish","type":"page","link":"https:\/\/www.galileo.edu\/page\/galileo-virtual\/","title":{"rendered":"Galileo Virtual"},"content":{"rendered":"<p>[et_pb_section bb_built=&#8221;1&#8243; next_background_color=&#8221;#ffffff&#8221; _builder_version=&#8221;3.2.2&#8243; use_background_color_gradient=&#8221;on&#8221; background_color_gradient_start=&#8221;#06eff3&#8243; background_color_gradient_end=&#8221;#3972f5&#8243; background_color_gradient_direction=&#8221;153deg&#8221; top_divider_style=&#8221;ramp2&#8243; top_divider_height=&#8221;81px&#8221; bottom_divider_style=&#8221;ramp2&#8243; bottom_divider_height=&#8221;101px&#8221; bottom_divider_flip=&#8221;horizontal&#8221;][et_pb_row _builder_version=&#8221;3.2.2&#8243;][et_pb_column type=&#8221;1_2&#8243;][et_pb_text _builder_version=&#8221;3.2.2&#8243; text_font=&#8221;||||||||&#8221; header_font=&#8221;Basic|700|||||||&#8221; header_text_align=&#8221;right&#8221; header_text_color=&#8221;#ffffff&#8221; header_font_size=&#8221;67px&#8221; header_2_font=&#8221;Bad Script|500|||||||&#8221; header_2_text_align=&#8221;right&#8221; header_2_text_color=&#8221;#ffffff&#8221; header_2_font_size=&#8221;35px&#8221; border_width_right=&#8221;4px&#8221; border_color_right=&#8221;#ffffff&#8221; custom_margin=&#8221;100px|||&#8221; custom_padding=&#8221;|30px||&#8221; animation_style=&#8221;flip&#8221; animation_speed_curve=&#8221;ease-in&#8221;]<\/p>\n<h1>Galieo<\/h1>\n<h1>Virtual<\/h1>\n<h2>\u00a1Siempre Innovando!<\/h2>\n<p>[\/et_pb_text][\/et_pb_column][et_pb_column type=&#8221;1_2&#8243;][et_pb_image admin_label=&#8221;TOOLS&#8221; src=&#8221;http:\/\/www.galileo.edu\/page\/wp-content\/uploads\/2018\/05\/tools.png&#8221; _builder_version=&#8221;3.2.2&#8243; max_width=&#8221;50%&#8221; module_alignment=&#8221;left&#8221; custom_margin=&#8221;80px|||&#8221; animation_style=&#8221;flip&#8221; animation_speed_curve=&#8221;ease-in&#8221; \/][\/et_pb_column][\/et_pb_row][\/et_pb_section][et_pb_section bb_built=&#8221;1&#8243; _builder_version=&#8221;3.2.2&#8243; prev_background_color=&#8221;#000000&#8243; next_background_color=&#8221;#1fb2f7&#8243;][et_pb_row _builder_version=&#8221;3.2.2&#8243;][et_pb_column type=&#8221;1_3&#8243;][et_pb_image src=&#8221;http:\/\/www.galileo.edu\/page\/wp-content\/uploads\/2017\/04\/logoheader.png&#8221; _builder_version=&#8221;3.2.2&#8243; custom_margin=&#8221;35px|||&#8221; animation_style=&#8221;slide&#8221; animation_direction=&#8221;left&#8221; \/][\/et_pb_column][et_pb_column type=&#8221;2_3&#8243;][et_pb_text _builder_version=&#8221;3.2.2&#8243; animation_style=&#8221;slide&#8221; animation_direction=&#8221;right&#8221;]<\/p>\n<p><span style=\"font-weight: 400;\">Universidad Galileo, es una entidad educativa l\u00edder en la regi\u00f3n por su <strong>enfoque tecnol\u00f3gico con m\u00e1s de 40 a\u00f1os de experiencia<\/strong> en formar profesionales altamente capacitados.<\/span><\/p>\n<p><span style=\"font-weight: 400;\">La innovaci\u00f3n e investigaci\u00f3n en educaci\u00f3n virtual, es uno de los compromisos y actividades m\u00e1s destacadas de Universidad Galileo, con m\u00e1s de<strong> 15 a\u00f1os de trayectoria en investigaci\u00f3n cient\u00edfica de primer nivel y en la direcci\u00f3n y producci\u00f3n de proyectos e-Learning a nivel mundial.<\/strong> <\/span><\/p>\n<p>[\/et_pb_text][\/et_pb_column][\/et_pb_row][\/et_pb_section][et_pb_section bb_built=&#8221;1&#8243; _builder_version=&#8221;3.2.2&#8243; background_color=&#8221;#1fb2f7&#8243; top_divider_style=&#8221;waves2&#8243; top_divider_color=&#8221;#ffffff&#8221; top_divider_height=&#8221;88px&#8221; top_divider_repeat=&#8221;2x&#8221; top_divider_arrangement=&#8221;above_content&#8221; prev_background_color=&#8221;#ffffff&#8221; next_background_color=&#8221;#ffffff&#8221;][et_pb_row custom_padding=&#8221;100px|0px|27px|0px|false|false&#8221; _builder_version=&#8221;3.2.2&#8243;][et_pb_column type=&#8221;1_4&#8243;][et_pb_number_counter title=&#8221;A\u00f1os de experiencia en educaci\u00f3n virtual &#8221; number=&#8221;15&#8243; percent_sign=&#8221;off&#8221; _builder_version=&#8221;3.2.2&#8243; title_font=&#8221;Assistant||||||||&#8221; title_text_align=&#8221;center&#8221; title_font_size=&#8221;20px&#8221; number_font=&#8221;|700|||||||&#8221; number_text_color=&#8221;#ffffff&#8221; background_layout=&#8221;dark&#8221; \/][\/et_pb_column][et_pb_column type=&#8221;1_4&#8243;][et_pb_number_counter title=&#8221;Mil Estudiantes en Modalidad Virtual&#8221; number=&#8221;250&#8243; percent_sign=&#8221;off&#8221; _builder_version=&#8221;3.2.2&#8243; title_font=&#8221;Assistant||||||||&#8221; title_text_align=&#8221;center&#8221; title_font_size=&#8221;20px&#8221; number_font=&#8221;|700|||||||&#8221; number_text_color=&#8221;#ffffff&#8221; background_layout=&#8221;dark&#8221; \/][\/et_pb_column][et_pb_column type=&#8221;1_4&#8243;][et_pb_number_counter title=&#8221;Nacionalidades Distintas de Estudiantes&#8221; number=&#8221;105&#8243; percent_sign=&#8221;off&#8221; _builder_version=&#8221;3.2.2&#8243; title_font=&#8221;Assistant||||||||&#8221; title_text_align=&#8221;center&#8221; title_font_size=&#8221;20px&#8221; number_font=&#8221;|700|||||||&#8221; number_text_color=&#8221;#ffffff&#8221; background_layout=&#8221;dark&#8221; \/][\/et_pb_column][et_pb_column type=&#8221;1_4&#8243;][et_pb_number_counter title=&#8221;Carreras Completamente Virtuales &#8221; number=&#8221;19&#8243; percent_sign=&#8221;off&#8221; _builder_version=&#8221;3.2.2&#8243; title_font=&#8221;Assistant||||||||&#8221; title_text_align=&#8221;center&#8221; title_font_size=&#8221;20px&#8221; number_font=&#8221;|700|||||||&#8221; number_text_color=&#8221;#ffffff&#8221; background_layout=&#8221;dark&#8221; \/][\/et_pb_column][\/et_pb_row][et_pb_row _builder_version=&#8221;3.2.2&#8243;][et_pb_column type=&#8221;1_3&#8243;][et_pb_number_counter title=&#8221;MicroMasters Programs en edX&#8221; number=&#8221;2&#8243; percent_sign=&#8221;off&#8221; _builder_version=&#8221;3.2.2&#8243; title_font=&#8221;Assistant||||||||&#8221; title_text_align=&#8221;center&#8221; title_font_size=&#8221;20px&#8221; number_font=&#8221;|700|||||||&#8221; number_text_color=&#8221;#ffffff&#8221; background_layout=&#8221;dark&#8221; \/][\/et_pb_column][et_pb_column type=&#8221;1_3&#8243;][et_pb_number_counter title=&#8221;Cursos disponibles en edX&#8221; number=&#8221;11&#8243; percent_sign=&#8221;off&#8221; _builder_version=&#8221;3.2.2&#8243; title_font=&#8221;Assistant||||||||&#8221; title_text_align=&#8221;center&#8221; title_font_size=&#8221;20px&#8221; number_font=&#8221;|700|||||||&#8221; number_text_color=&#8221;#ffffff&#8221; background_layout=&#8221;dark&#8221; \/][\/et_pb_column][et_pb_column type=&#8221;1_3&#8243;][et_pb_number_counter title=&#8221;Cursos presenciales con apoyo virtual&#8221; number=&#8221;55&#8243; percent_sign=&#8221;off&#8221; _builder_version=&#8221;3.2.2&#8243; title_font=&#8221;Assistant||||||||&#8221; title_text_align=&#8221;center&#8221; title_font_size=&#8221;20px&#8221; number_font=&#8221;|700|||||||&#8221; number_text_color=&#8221;#ffffff&#8221; background_layout=&#8221;dark&#8221; \/][\/et_pb_column][\/et_pb_row][\/et_pb_section][et_pb_section bb_built=&#8221;1&#8243; prev_background_color=&#8221;#1fb2f7&#8243; next_background_color=&#8221;#ffffff&#8221; _builder_version=&#8221;3.2.2&#8243; background_image=&#8221;http:\/\/www.galileo.edu\/page\/wp-content\/uploads\/2018\/05\/galileo-edificio.jpg&#8221; parallax=&#8221;on&#8221; top_divider_style=&#8221;mountains&#8221; top_divider_height=&#8221;138px&#8221; top_divider_arrangement=&#8221;above_content&#8221; bottom_divider_style=&#8221;mountains&#8221; bottom_divider_height=&#8221;68px&#8221; parallax_method=&#8221;off&#8221;][et_pb_row make_fullwidth=&#8221;on&#8221; _builder_version=&#8221;3.2.2&#8243; background_image=&#8221;http:\/\/www.galileo.edu\/page\/wp-content\/uploads\/2018\/05\/fondo-tech.png&#8221;][et_pb_column type=&#8221;1_3&#8243;][et_pb_text _builder_version=&#8221;3.2.2&#8243; text_font=&#8221;||||||||&#8221; header_font=&#8221;|700|||||||&#8221; header_text_color=&#8221;#ffffff&#8221; header_font_size=&#8221;40px&#8221; header_text_shadow_style=&#8221;preset1&#8243; custom_margin=&#8221;100px|||&#8221;]<\/p>\n<h1><strong>Metodolog\u00eda Virtual<\/strong><\/h1>\n<p>[\/et_pb_text][\/et_pb_column][et_pb_column type=&#8221;2_3&#8243;][et_pb_text _builder_version=&#8221;3.2.2&#8243; text_font=&#8221;||||||||&#8221; text_text_color=&#8221;#ffffff&#8221; text_font_size=&#8221;16px&#8221; background_color=&#8221;rgba(0,0,0,0.54)&#8221; border_color_all=&#8221;#000000&#8243; border_width_bottom=&#8221;6px&#8221; border_color_bottom=&#8221;#dddddd&#8221; box_shadow_style=&#8221;preset1&#8243; custom_margin=&#8221;100px|||&#8221; custom_padding=&#8221;|20px|20px|20px||true&#8221; animation_style=&#8221;slide&#8221; animation_direction=&#8221;top&#8221; animation_speed_curve=&#8221;linear&#8221;]<\/p>\n<p>&nbsp;<\/p>\n<p>Los programas acad\u00e9micos virtuales de Universidad Galileo, destacan por impartirse a trav\u00e9s de un m\u00e9todo flexible e innovador, sobre la base de una educaci\u00f3n personalizada, el trabajo colaborativo y la participaci\u00f3n activa de los estudiantes. Los contenidos y materiales de cada asignatura se imparten en clases magistrales transmitidas en vivo (directo) y accesibles en diferido, materiales de lectura, podcasts y recursos interactivos. Todo esto con el acompa\u00f1amiento de un tutor para guiar y apoyar el proceso de aprendizaje de nuestros estudiantes.<\/p>\n<p>[\/et_pb_text][\/et_pb_column][\/et_pb_row][\/et_pb_section][et_pb_section bb_built=&#8221;1&#8243; specialty=&#8221;on&#8221; _builder_version=&#8221;3.2.2&#8243; custom_padding=&#8221;54px|0px|5px|0px|false|false&#8221; prev_background_color=&#8221;#000000&#8243; next_background_color=&#8221;#000000&#8243;][et_pb_column type=&#8221;1_4&#8243;][et_pb_text _builder_version=&#8221;3.2.2&#8243; animation_style=&#8221;slide&#8221; animation_direction=&#8221;top&#8221;]<\/p>\n<h1><strong>Galileo Virtual Inside<\/strong><\/h1>\n<p>[\/et_pb_text][\/et_pb_column][et_pb_column type=&#8221;3_4&#8243; specialty_columns=&#8221;3&#8243;][et_pb_row_inner _builder_version=&#8221;3.2.2&#8243;][et_pb_column_inner type=&#8221;4_4&#8243; saved_specialty_column_type=&#8221;3_4&#8243;][et_pb_text _builder_version=&#8221;3.2.2&#8243;]<\/p>\n<p><strong>Programas virtuales desarrollados<\/strong><\/p>\n<p>Utilizando los avances m\u00e1s significativos en educaci\u00f3n virtual en conjunto con facultades, escuelas e institutos, se han desarrollado carreras, recursos y herramientas virtuales, para obtener una educaci\u00f3n de alta calidad.<\/p>\n<p>[\/et_pb_text][\/et_pb_column_inner][\/et_pb_row_inner][et_pb_row_inner _builder_version=&#8221;3.2.2&#8243;][et_pb_column_inner type=&#8221;1_3&#8243; saved_specialty_column_type=&#8221;3_4&#8243;][et_pb_circle_counter title=&#8221;Carreras completamente virtuales&#8221; number=&#8221;19&#8243; percent_sign=&#8221;off&#8221; bar_bg_color=&#8221;#7cda24&#8243; circle_color=&#8221;#438e18&#8243; _builder_version=&#8221;3.2.2&#8243; title_font=&#8221;ABeeZee||||||||&#8221; title_text_color=&#8221;#383838&#8243; number_font=&#8221;Arimo||||||||&#8221; max_width=&#8221;160px&#8221; \/][\/et_pb_column_inner][et_pb_column_inner type=&#8221;1_3&#8243; saved_specialty_column_type=&#8221;3_4&#8243;][et_pb_circle_counter title=&#8221;Carreras blended Learning&#8221; number=&#8221;7&#8243; percent_sign=&#8221;off&#8221; bar_bg_color=&#8221;#7cda24&#8243; circle_color=&#8221;#438e18&#8243; _builder_version=&#8221;3.2.2&#8243; title_font=&#8221;ABeeZee||||||||&#8221; title_text_color=&#8221;#383838&#8243; number_font=&#8221;Arimo||||||||&#8221; max_width=&#8221;160px&#8221; \/][\/et_pb_column_inner][et_pb_column_inner type=&#8221;1_3&#8243; saved_specialty_column_type=&#8221;3_4&#8243;][et_pb_circle_counter title=&#8221;Cursos con apoyo virtual &#8221; number=&#8221;55&#8243; percent_sign=&#8221;off&#8221; bar_bg_color=&#8221;#7cda24&#8243; circle_color=&#8221;#438e18&#8243; _builder_version=&#8221;3.2.2&#8243; title_font=&#8221;ABeeZee||||||||&#8221; title_text_color=&#8221;#383838&#8243; number_font=&#8221;Arimo||||||||&#8221; max_width=&#8221;160px&#8221; \/][\/et_pb_column_inner][\/et_pb_row_inner][\/et_pb_column][\/et_pb_section][et_pb_section bb_built=&#8221;1&#8243; _builder_version=&#8221;3.2.2&#8243; custom_padding=&#8221;3px|0px|0|0px|false|false&#8221; prev_background_color=&#8221;#000000&#8243; next_background_color=&#8221;#000000&#8243;][et_pb_row make_fullwidth=&#8221;on&#8221; use_custom_gutter=&#8221;on&#8221; gutter_width=&#8221;2&#8243; _builder_version=&#8221;3.2.2&#8243; custom_padding=&#8221;27px|0px|0|0px|false|false&#8221;][et_pb_column type=&#8221;1_3&#8243;][\/et_pb_column][et_pb_column type=&#8221;2_3&#8243;][et_pb_divider color=&#8221;#c6c6c6&#8243; divider_position=&#8221;center&#8221; _builder_version=&#8221;3.2.2&#8243; \/][\/et_pb_column][\/et_pb_row][\/et_pb_section][et_pb_section bb_built=&#8221;1&#8243; specialty=&#8221;on&#8221; _builder_version=&#8221;3.2.2&#8243; custom_padding=&#8221;0|0px|2px|0px|false|false&#8221; prev_background_color=&#8221;#000000&#8243; next_background_color=&#8221;#000000&#8243;][et_pb_column type=&#8221;1_4&#8243;][\/et_pb_column][et_pb_column type=&#8221;3_4&#8243; specialty_columns=&#8221;3&#8243;][et_pb_row_inner _builder_version=&#8221;3.2.2&#8243;][et_pb_column_inner type=&#8221;4_4&#8243; saved_specialty_column_type=&#8221;3_4&#8243;][et_pb_text _builder_version=&#8221;3.2.2&#8243;]<\/p>\n<p><strong>Profesores formados en educaci\u00f3n virtual<\/strong><\/p>\n<p>Universidad Galileo ofrece una formaci\u00f3n de alta calidad en grados acad\u00e9micos de Maestr\u00eda y certificaci\u00f3n, en producci\u00f3n y direcci\u00f3n de e-Learning. Donde ha tenido la oportunidad de formar de manera exitosa a profesores, directores acad\u00e9micos y autoridades acad\u00e9micas y estudiantes internacionales.<\/p>\n<p>[\/et_pb_text][\/et_pb_column_inner][\/et_pb_row_inner][et_pb_row_inner _builder_version=&#8221;3.2.2&#8243;][et_pb_column_inner type=&#8221;1_2&#8243; saved_specialty_column_type=&#8221;3_4&#8243;][et_pb_circle_counter title=&#8221;Egresados de la Maestr\u00eda en Direcci\u00f3n y Producci\u00f3n de e-Learning&#8221; number=&#8221;50&#8243; percent_sign=&#8221;off&#8221; bar_bg_color=&#8221;#0e81ed&#8221; circle_color=&#8221;#438e18&#8243; _builder_version=&#8221;3.2.2&#8243; title_font=&#8221;ABeeZee||||||||&#8221; title_text_color=&#8221;#383838&#8243; number_font=&#8221;Arimo||||||||&#8221; max_width=&#8221;160px&#8221; \/][\/et_pb_column_inner][et_pb_column_inner type=&#8221;1_2&#8243; saved_specialty_column_type=&#8221;3_4&#8243;][et_pb_circle_counter title=&#8221;Acad\u00e9micos de Universidad Galileo han completado la Maestr\u00eda en Direcci\u00f3n y Producci\u00f3n de e-Learning &#8221; number=&#8221;27&#8243; percent_sign=&#8221;off&#8221; bar_bg_color=&#8221;#0e81ed&#8221; circle_color=&#8221;#438e18&#8243; _builder_version=&#8221;3.2.2&#8243; title_font=&#8221;ABeeZee||||||||&#8221; title_text_color=&#8221;#383838&#8243; number_font=&#8221;Arimo||||||||&#8221; max_width=&#8221;160px&#8221; \/][\/et_pb_column_inner][\/et_pb_row_inner][et_pb_row_inner _builder_version=&#8221;3.2.2&#8243;][et_pb_column_inner type=&#8221;1_2&#8243; saved_specialty_column_type=&#8221;3_4&#8243;][et_pb_circle_counter title=&#8221;Egresados de la Certificaci\u00f3n en e-Learning&#8221; number=&#8221;219&#8243; percent_sign=&#8221;off&#8221; bar_bg_color=&#8221;#0e81ed&#8221; circle_color=&#8221;#438e18&#8243; _builder_version=&#8221;3.2.2&#8243; title_font=&#8221;ABeeZee||||||||&#8221; title_text_color=&#8221;#383838&#8243; number_font=&#8221;Arimo||||||||&#8221; max_width=&#8221;160px&#8221; \/][\/et_pb_column_inner][et_pb_column_inner type=&#8221;1_2&#8243; saved_specialty_column_type=&#8221;3_4&#8243;][et_pb_circle_counter title=&#8221;Acad\u00e9micos de Universidad Galileo han completado la Certificaci\u00f3n en e-Learnig&#8221; number=&#8221;80&#8243; percent_sign=&#8221;off&#8221; bar_bg_color=&#8221;#0e81ed&#8221; circle_color=&#8221;#438e18&#8243; _builder_version=&#8221;3.2.2&#8243; title_font=&#8221;ABeeZee||||||||&#8221; title_text_color=&#8221;#383838&#8243; number_font=&#8221;Arimo||||||||&#8221; max_width=&#8221;160px&#8221; \/][\/et_pb_column_inner][\/et_pb_row_inner][\/et_pb_column][\/et_pb_section][et_pb_section bb_built=&#8221;1&#8243; _builder_version=&#8221;3.2.2&#8243; custom_padding=&#8221;3px|0px|0|0px|false|false&#8221; prev_background_color=&#8221;#000000&#8243; next_background_color=&#8221;#000000&#8243;][et_pb_row make_fullwidth=&#8221;on&#8221; use_custom_gutter=&#8221;on&#8221; gutter_width=&#8221;2&#8243; _builder_version=&#8221;3.2.2&#8243; custom_padding=&#8221;27px|0px|0|0px|false|false&#8221;][et_pb_column type=&#8221;1_3&#8243;][\/et_pb_column][et_pb_column type=&#8221;2_3&#8243;][et_pb_divider color=&#8221;#c6c6c6&#8243; divider_position=&#8221;center&#8221; _builder_version=&#8221;3.2.2&#8243; \/][\/et_pb_column][\/et_pb_row][\/et_pb_section][et_pb_section bb_built=&#8221;1&#8243; specialty=&#8221;on&#8221; _builder_version=&#8221;3.2.2&#8243; custom_padding=&#8221;1px|0px|2px|0px|false|false&#8221; prev_background_color=&#8221;#000000&#8243;][et_pb_column type=&#8221;1_4&#8243;][\/et_pb_column][et_pb_column type=&#8221;3_4&#8243; specialty_columns=&#8221;3&#8243;][et_pb_row_inner _builder_version=&#8221;3.2.2&#8243;][et_pb_column_inner type=&#8221;4_4&#8243; saved_specialty_column_type=&#8221;3_4&#8243;][et_pb_text _builder_version=&#8221;3.2.2&#8243;]<\/p>\n<p><strong>Capacitaciones a profesores<\/strong><\/p>\n<p>Se ha impartido talleres a profesores de Universidad Galileo, donde se desarrolla conocimientos y habilidades en el manejo de plataformas tecnol\u00f3gicas educativas, creaci\u00f3n de recursos did\u00e1cticos y actividades innovadores utilizando herramientas web en la nube.<\/p>\n<p>[\/et_pb_text][\/et_pb_column_inner][\/et_pb_row_inner][et_pb_row_inner _builder_version=&#8221;3.2.2&#8243;][et_pb_column_inner type=&#8221;1_2&#8243; saved_specialty_column_type=&#8221;3_4&#8243;][et_pb_circle_counter title=&#8221;Son los profesores que han sido capacitados de 2012 a 2017&#8243; number=&#8221;520&#8243; percent_sign=&#8221;off&#8221; bar_bg_color=&#8221;#e09900&#8243; circle_color=&#8221;#438e18&#8243; _builder_version=&#8221;3.2.2&#8243; title_font=&#8221;ABeeZee||||||||&#8221; title_text_color=&#8221;#383838&#8243; number_font=&#8221;Arimo||||||||&#8221; max_width=&#8221;160px&#8221; \/][\/et_pb_column_inner][et_pb_column_inner type=&#8221;1_2&#8243; saved_specialty_column_type=&#8221;3_4&#8243;][et_pb_circle_counter title=&#8221;Son los talleres que se han realizado de 2012 a 2017 &#8221; number=&#8221;244&#8243; percent_sign=&#8221;off&#8221; bar_bg_color=&#8221;#e09900&#8243; circle_color=&#8221;#438e18&#8243; _builder_version=&#8221;3.2.2&#8243; title_font=&#8221;ABeeZee||||||||&#8221; title_text_color=&#8221;#383838&#8243; number_font=&#8221;Arimo||||||||&#8221; max_width=&#8221;160px&#8221; \/][\/et_pb_column_inner][\/et_pb_row_inner][\/et_pb_column][\/et_pb_section]<\/p>\n","protected":false},"excerpt":{"rendered":"<p>Galieo Virtual \u00a1Siempre Innovando! Universidad Galileo, es una entidad educativa l\u00edder en la regi\u00f3n por su enfoque tecnol\u00f3gico con m\u00e1s de 40 a\u00f1os de experiencia en formar profesionales altamente capacitados. La innovaci\u00f3n e investigaci\u00f3n en educaci\u00f3n virtual, es uno de los compromisos y actividades m\u00e1s destacadas de Universidad Galileo, con m\u00e1s de 15 a\u00f1os de [&hellip;]<\/p>\n","protected":false},"author":1,"featured_media":0,"parent":0,"menu_order":0,"comment_status":"closed","ping_status":"closed","template":"","meta":{"_et_pb_use_builder":"on","_et_pb_old_content":"<p>[et_pb_section bb_built=\"1\" next_background_color=\"#000000\"][et_pb_row][\/et_pb_row][\/et_pb_section][et_pb_section bb_built=\"1\" fullwidth=\"on\" specialty=\"off\" prev_background_color=\"#ffffff\" _builder_version=\"3.2.2\" use_background_color_gradient=\"on\" background_color_gradient_start=\"#08eaf6\" background_color_gradient_end=\"#3c6ef5\" top_divider_style=\"curve2\" top_divider_color=\"#ffffff\"][et_pb_fullwidth_header admin_label=\"Banner principal\" _builder_version=\"3.2.2\" title=\"Galileo Virtual \" subhead=\"Simpre Innovando\" logo_image_url=\"http:\/\/www.galileo.edu\/page\/wp-content\/uploads\/2018\/02\/galileo-postgrado.png\" background_color=\"#ffffff\" \/][\/et_pb_section]<\/p>","_et_gb_content_width":""},"yoast_head":"<!-- This site is optimized with the Yoast SEO plugin v20.13 - https:\/\/yoast.com\/wordpress\/plugins\/seo\/ -->\n<title>Galileo Virtual - Universidad Galileo<\/title>\n<meta name=\"robots\" content=\"index, follow, max-snippet:-1, max-image-preview:large, max-video-preview:-1\" \/>\n<link rel=\"canonical\" href=\"https:\/\/www.galileo.edu\/page\/galileo-virtual\/\" \/>\n<meta property=\"og:locale\" content=\"en_US\" \/>\n<meta property=\"og:type\" content=\"article\" \/>\n<meta property=\"og:title\" content=\"Galileo Virtual - Universidad Galileo\" \/>\n<meta property=\"og:description\" content=\"Galieo Virtual \u00a1Siempre Innovando! Universidad Galileo, es una entidad educativa l\u00edder en la regi\u00f3n por su enfoque tecnol\u00f3gico con m\u00e1s de 40 a\u00f1os de experiencia en formar profesionales altamente capacitados. La innovaci\u00f3n e investigaci\u00f3n en educaci\u00f3n virtual, es uno de los compromisos y actividades m\u00e1s destacadas de Universidad Galileo, con m\u00e1s de 15 a\u00f1os de [&hellip;]\" \/>\n<meta property=\"og:url\" content=\"https:\/\/www.galileo.edu\/page\/galileo-virtual\/\" \/>\n<meta property=\"og:site_name\" content=\"Universidad Galileo\" \/>\n<meta property=\"article:modified_time\" content=\"2018-05-16T14:53:03+00:00\" \/>\n<meta name=\"twitter:card\" content=\"summary_large_image\" \/>\n<meta name=\"twitter:label1\" content=\"Est. reading time\" \/>\n\t<meta name=\"twitter:data1\" content=\"10 minutes\" \/>\n<script type=\"application\/ld+json\" class=\"yoast-schema-graph\">{\"@context\":\"https:\/\/schema.org\",\"@graph\":[{\"@type\":\"WebPage\",\"@id\":\"https:\/\/www.galileo.edu\/page\/galileo-virtual\/\",\"url\":\"https:\/\/www.galileo.edu\/page\/galileo-virtual\/\",\"name\":\"Galileo Virtual - Universidad Galileo\",\"isPartOf\":{\"@id\":\"https:\/\/www.galileo.edu\/page\/#website\"},\"datePublished\":\"2018-05-15T21:44:23+00:00\",\"dateModified\":\"2018-05-16T14:53:03+00:00\",\"breadcrumb\":{\"@id\":\"https:\/\/www.galileo.edu\/page\/galileo-virtual\/#breadcrumb\"},\"inLanguage\":\"en-US\",\"potentialAction\":[{\"@type\":\"ReadAction\",\"target\":[\"https:\/\/www.galileo.edu\/page\/galileo-virtual\/\"]}]},{\"@type\":\"BreadcrumbList\",\"@id\":\"https:\/\/www.galileo.edu\/page\/galileo-virtual\/#breadcrumb\",\"itemListElement\":[{\"@type\":\"ListItem\",\"position\":1,\"name\":\"Home\",\"item\":\"https:\/\/www.galileo.edu\/page\/home\/\"},{\"@type\":\"ListItem\",\"position\":2,\"name\":\"Galileo Virtual\"}]},{\"@type\":\"WebSite\",\"@id\":\"https:\/\/www.galileo.edu\/page\/#website\",\"url\":\"https:\/\/www.galileo.edu\/page\/\",\"name\":\"Universidad Galileo\",\"description\":\"La revoluci\u00f3n en la educaci\u00f3n\",\"potentialAction\":[{\"@type\":\"SearchAction\",\"target\":{\"@type\":\"EntryPoint\",\"urlTemplate\":\"https:\/\/www.galileo.edu\/page\/?s={search_term_string}\"},\"query-input\":\"required name=search_term_string\"}],\"inLanguage\":\"en-US\"}]}<\/script>\n<!-- \/ Yoast SEO plugin. -->","yoast_head_json":{"title":"Galileo Virtual - Universidad Galileo","robots":{"index":"index","follow":"follow","max-snippet":"max-snippet:-1","max-image-preview":"max-image-preview:large","max-video-preview":"max-video-preview:-1"},"canonical":"https:\/\/www.galileo.edu\/page\/galileo-virtual\/","og_locale":"en_US","og_type":"article","og_title":"Galileo Virtual - Universidad Galileo","og_description":"Galieo Virtual \u00a1Siempre Innovando! Universidad Galileo, es una entidad educativa l\u00edder en la regi\u00f3n por su enfoque tecnol\u00f3gico con m\u00e1s de 40 a\u00f1os de experiencia en formar profesionales altamente capacitados. La innovaci\u00f3n e investigaci\u00f3n en educaci\u00f3n virtual, es uno de los compromisos y actividades m\u00e1s destacadas de Universidad Galileo, con m\u00e1s de 15 a\u00f1os de [&hellip;]","og_url":"https:\/\/www.galileo.edu\/page\/galileo-virtual\/","og_site_name":"Universidad Galileo","article_modified_time":"2018-05-16T14:53:03+00:00","twitter_card":"summary_large_image","twitter_misc":{"Est. reading time":"10 minutes"},"schema":{"@context":"https:\/\/schema.org","@graph":[{"@type":"WebPage","@id":"https:\/\/www.galileo.edu\/page\/galileo-virtual\/","url":"https:\/\/www.galileo.edu\/page\/galileo-virtual\/","name":"Galileo Virtual - Universidad Galileo","isPartOf":{"@id":"https:\/\/www.galileo.edu\/page\/#website"},"datePublished":"2018-05-15T21:44:23+00:00","dateModified":"2018-05-16T14:53:03+00:00","breadcrumb":{"@id":"https:\/\/www.galileo.edu\/page\/galileo-virtual\/#breadcrumb"},"inLanguage":"en-US","potentialAction":[{"@type":"ReadAction","target":["https:\/\/www.galileo.edu\/page\/galileo-virtual\/"]}]},{"@type":"BreadcrumbList","@id":"https:\/\/www.galileo.edu\/page\/galileo-virtual\/#breadcrumb","itemListElement":[{"@type":"ListItem","position":1,"name":"Home","item":"https:\/\/www.galileo.edu\/page\/home\/"},{"@type":"ListItem","position":2,"name":"Galileo Virtual"}]},{"@type":"WebSite","@id":"https:\/\/www.galileo.edu\/page\/#website","url":"https:\/\/www.galileo.edu\/page\/","name":"Universidad Galileo","description":"La revoluci\u00f3n en la educaci\u00f3n","potentialAction":[{"@type":"SearchAction","target":{"@type":"EntryPoint","urlTemplate":"https:\/\/www.galileo.edu\/page\/?s={search_term_string}"},"query-input":"required name=search_term_string"}],"inLanguage":"en-US"}]}},"_links":{"self":[{"href":"https:\/\/www.galileo.edu\/page\/wp-json\/wp\/v2\/pages\/5268"}],"collection":[{"href":"https:\/\/www.galileo.edu\/page\/wp-json\/wp\/v2\/pages"}],"about":[{"href":"https:\/\/www.galileo.edu\/page\/wp-json\/wp\/v2\/types\/page"}],"author":[{"embeddable":true,"href":"https:\/\/www.galileo.edu\/page\/wp-json\/wp\/v2\/users\/1"}],"replies":[{"embeddable":true,"href":"https:\/\/www.galileo.edu\/page\/wp-json\/wp\/v2\/comments?post=5268"}],"version-history":[{"count":10,"href":"https:\/\/www.galileo.edu\/page\/wp-json\/wp\/v2\/pages\/5268\/revisions"}],"predecessor-version":[{"id":5288,"href":"https:\/\/www.galileo.edu\/page\/wp-json\/wp\/v2\/pages\/5268\/revisions\/5288"}],"wp:attachment":[{"href":"https:\/\/www.galileo.edu\/page\/wp-json\/wp\/v2\/media?parent=5268"}],"curies":[{"name":"wp","href":"https:\/\/api.w.org\/{rel}","templated":true}]}}