{"id":52644,"date":"2022-05-19T15:38:23","date_gmt":"2022-05-19T15:38:23","guid":{"rendered":"https:\/\/www.galileo.edu\/page\/?page_id=52644"},"modified":"2022-05-19T15:45:31","modified_gmt":"2022-05-19T15:45:31","slug":"gracias-simposio-ingenieras-cambiando-mundo","status":"publish","type":"page","link":"https:\/\/www.galileo.edu\/page\/gracias-simposio-ingenieras-cambiando-mundo\/","title":{"rendered":"Gracias Simposio Ingenieras cambiando el mundo"},"content":{"rendered":"<p>[et_pb_section fb_built=&#8221;1&#8243; disabled_on=&#8221;on|on|off&#8221; _builder_version=&#8221;3.2.2&#8243; background_image=&#8221;http:\/\/www.galileo.edu\/page\/wp-content\/uploads\/2022\/05\/PORTADA.jpg&#8221; custom_margin=&#8221;-40px||85px|&#8221; custom_padding=&#8221;47px|0px|625px|0px|false|false&#8221;][\/et_pb_section][et_pb_section fb_built=&#8221;1&#8243; disabled_on=&#8221;on|off|on&#8221; _builder_version=&#8221;3.2.2&#8243; background_image=&#8221;http:\/\/www.galileo.edu\/page\/wp-content\/uploads\/2022\/05\/banner-tablet2.jpg&#8221; custom_margin=&#8221;|||&#8221; custom_padding=&#8221;648px||0||false|false&#8221;][et_pb_row _builder_version=&#8221;3.2.2&#8243;][et_pb_column type=&#8221;4_4&#8243; _builder_version=&#8221;3.2.2&#8243; parallax=&#8221;off&#8221; parallax_method=&#8221;on&#8221;][\/et_pb_column][\/et_pb_row][\/et_pb_section][et_pb_section fb_built=&#8221;1&#8243; disabled_on=&#8221;off|on|on&#8221; _builder_version=&#8221;3.2.2&#8243; background_image=&#8221;http:\/\/www.galileo.edu\/page\/wp-content\/uploads\/2022\/05\/banner-tablet2.jpg&#8221; custom_padding=&#8221;387px||||false|false&#8221; custom_margin=&#8221;|||&#8221; bottom_divider_style=&#8221;arrow3&#8243; next_background_color=&#8221;#EC5C6F&#8221;][\/et_pb_section][et_pb_section fb_built=&#8221;1&#8243; _builder_version=&#8221;3.2.2&#8243; background_color=&#8221;#EC5C6F&#8221; custom_margin=&#8221;-40px|||&#8221; custom_padding=&#8221;0|0px|47px|0px|false|false&#8221; top_divider_color=&#8221;#ffffff&#8221; top_divider_height=&#8221;105px&#8221; top_divider_flip=&#8221;vertical&#8221; bottom_divider_style=&#8221;arrow2&#8243; bottom_divider_height=&#8221;34px&#8221; next_background_color=&#8221;#353535&#8243;][et_pb_row custom_padding=&#8221;44px|0px|0|0px|false|false&#8221; _builder_version=&#8221;3.2.2&#8243; custom_margin_phone=&#8221;-27px|||&#8221; custom_margin_last_edited=&#8221;on|phone&#8221;][et_pb_column type=&#8221;4_4&#8243; _builder_version=&#8221;3.0.47&#8243; parallax=&#8221;off&#8221; parallax_method=&#8221;on&#8221;][et_pb_text _builder_version=&#8221;3.2.2&#8243; text_font=&#8221;||||||||&#8221; header_font=&#8221;Montserrat|700|||||||&#8221; header_text_align=&#8221;center&#8221; header_text_color=&#8221;#ffffff&#8221; header_font_size=&#8221;25px&#8221; custom_margin=&#8221;-6px|||&#8221; custom_margin_tablet=&#8221;||-69px|&#8221; custom_margin_phone=&#8221;||-13px|&#8221; custom_margin_last_edited=&#8221;on|desktop&#8221;]<\/p>\n<h1>\u00a1Gracias por Inscribirte al Simposio de Ingenieras cambiando el mundo!<\/h1>\n<p>[\/et_pb_text][\/et_pb_column][\/et_pb_row][et_pb_row custom_padding=&#8221;0|0px|0|0px|false|false&#8221; _builder_version=&#8221;3.2.2&#8243; custom_margin_phone=&#8221;-113px|||&#8221; custom_margin_last_edited=&#8221;on|phone&#8221;][et_pb_column type=&#8221;4_4&#8243; _builder_version=&#8221;3.0.47&#8243; parallax=&#8221;off&#8221; parallax_method=&#8221;on&#8221;][et_pb_text _builder_version=&#8221;3.2.2&#8243; text_font=&#8221;Montserrat||||||||&#8221; text_text_color=&#8221;#ffffff&#8221; text_font_size=&#8221;18px&#8221; text_line_height=&#8221;1em&#8221; header_font=&#8221;Raleway|700|||||||&#8221; header_font_size=&#8221;28px&#8221; header_font_size_last_edited=&#8221;on|desktop&#8221; header_line_height=&#8221;1.1em&#8221; text_orientation=&#8221;center&#8221;]<\/p>\n<p style=\"text-align: center;\"><strong><\/strong><\/p>\n<p style=\"text-align: center;\"><strong>Tu registro est\u00e1 completo.<\/strong> Revisa tu correo electr\u00f3nico para ver m\u00e1s detalles sobre el evento.<\/p>\n<p style=\"text-align: center;\">Y qu\u00e9date pendiente porque recibir\u00e1s el enlace para conectarte.<\/p>\n<p>&nbsp;<\/p>\n<p style=\"text-align: center;\">\u00a1Agenda la fecha! <strong>El Simposio de Ingenieras cambiando el mundo\u00a0<\/strong>es gratuito, ser\u00e1 el d<span style=\"font-weight: 400;\">el 30 de mayo al 10 de junio.<\/span><\/p>\n<p>[\/et_pb_text][\/et_pb_column][\/et_pb_row][\/et_pb_section][et_pb_section fb_built=&#8221;1&#8243; custom_padding_last_edited=&#8221;on|desktop&#8221; _builder_version=&#8221;3.2.2&#8243; background_color=&#8221;#353535&#8243; custom_padding=&#8221;0|0px|18px|0px|false|false&#8221;][et_pb_row custom_padding=&#8221;36px|0px|9.6636px|0px|false|false&#8221; _builder_version=&#8221;3.2.2&#8243;][et_pb_column type=&#8221;1_2&#8243; _builder_version=&#8221;3.0.47&#8243; parallax=&#8221;off&#8221; parallax_method=&#8221;on&#8221;][et_pb_image src=&#8221;http:\/\/www.galileo.edu\/page\/wp-content\/uploads\/2020\/06\/logo-galileo-bl.png&#8221; url=&#8221;http:\/\/www.galileo.edu&#8221; align=&#8221;center&#8221; _builder_version=&#8221;3.2.2&#8243; max_width=&#8221;69%&#8221; max_width_phone=&#8221;40%&#8221; max_width_last_edited=&#8221;on|desktop&#8221; module_alignment=&#8221;center&#8221;][\/et_pb_image][et_pb_social_media_follow _builder_version=&#8221;3.2.2&#8243; text_orientation=&#8221;center&#8221; custom_margin=&#8221;|||&#8221; custom_margin_tablet=&#8221;|||&#8221; custom_margin_phone=&#8221;|||&#8221; custom_margin_last_edited=&#8221;on|desktop&#8221; filter_saturate=&#8221;4%&#8221; filter_brightness=&#8221;121%&#8221; filter_contrast=&#8221;165%&#8221;][et_pb_social_media_follow_network social_network=&#8221;facebook&#8221; url=&#8221;https:\/\/www.facebook.com\/ugalileo%20&#8243; _builder_version=&#8221;3.2.2&#8243; background_color=&#8221;#3b5998&#8243; follow_button=&#8221;off&#8221; url_new_window=&#8221;on&#8221;]facebook[\/et_pb_social_media_follow_network][et_pb_social_media_follow_network social_network=&#8221;instagram&#8221; url=&#8221;https:\/\/www.instagram.com\/ugalileo_edu&#8221; _builder_version=&#8221;3.2.2&#8243; background_color=&#8221;#ea2c59&#8243; follow_button=&#8221;off&#8221; url_new_window=&#8221;on&#8221;]instagram[\/et_pb_social_media_follow_network][\/et_pb_social_media_follow][\/et_pb_column][et_pb_column type=&#8221;1_2&#8243; _builder_version=&#8221;3.0.47&#8243; parallax=&#8221;off&#8221; parallax_method=&#8221;on&#8221;][et_pb_image src=&#8221;http:\/\/www.galileo.edu\/page\/wp-content\/uploads\/2022\/03\/Recurso-4.png&#8221; url=&#8221;http:\/\/www.galileo.edu&#8221; align=&#8221;center&#8221; _builder_version=&#8221;3.2.2&#8243; max_width=&#8221;30%&#8221; max_width_tablet=&#8221;44%&#8221; max_width_last_edited=&#8221;off|desktop&#8221; module_alignment=&#8221;center&#8221; custom_margin=&#8221;|||&#8221; custom_margin_tablet=&#8221;0%|||&#8221; custom_margin_last_edited=&#8221;on|desktop&#8221;][\/et_pb_image][et_pb_social_media_follow _builder_version=&#8221;3.2.2&#8243; text_orientation=&#8221;center&#8221; filter_saturate=&#8221;4%&#8221; filter_brightness=&#8221;121%&#8221; filter_contrast=&#8221;156%&#8221;][et_pb_social_media_follow_network social_network=&#8221;facebook&#8221; url=&#8221;https:\/\/www.facebook.com\/InnovationLabUG&#8221; _builder_version=&#8221;3.2.2&#8243; background_color=&#8221;#3b5998&#8243; follow_button=&#8221;off&#8221; url_new_window=&#8221;on&#8221;]facebook[\/et_pb_social_media_follow_network][et_pb_social_media_follow_network social_network=&#8221;instagram&#8221; url=&#8221;https:\/\/www.instagram.com\/innovationlabug\/%20&#8243; _builder_version=&#8221;3.2.2&#8243; background_color=&#8221;#ea2c59&#8243; follow_button=&#8221;off&#8221; url_new_window=&#8221;on&#8221;]instagram[\/et_pb_social_media_follow_network][\/et_pb_social_media_follow][\/et_pb_column][\/et_pb_row][et_pb_row custom_padding=&#8221;0|0px|38px|0px|false|false&#8221; _builder_version=&#8221;3.2.2&#8243; module_alignment=&#8221;center&#8221;][et_pb_column type=&#8221;1_3&#8243; _builder_version=&#8221;3.0.47&#8243; parallax=&#8221;off&#8221; parallax_method=&#8221;on&#8221;][et_pb_blurb title=&#8221;PBX&#8221; use_icon=&#8221;on&#8221; _builder_version=&#8221;3.2.2&#8243; header_font=&#8221;Poppins|700|||||||&#8221; header_text_align=&#8221;center&#8221; header_text_color=&#8221;#ffffff&#8221; body_font=&#8221;||||||||&#8221; body_text_align=&#8221;center&#8221; body_text_color=&#8221;#ffffff&#8221; text_orientation=&#8221;center&#8221; custom_padding=&#8221;50px|||&#8221;]<\/p>\n<p style=\"text-align: center;\">+502 2423-8010<\/p>\n<p>[\/et_pb_blurb][\/et_pb_column][et_pb_column type=&#8221;1_3&#8243; _builder_version=&#8221;3.0.47&#8243; parallax=&#8221;off&#8221; parallax_method=&#8221;on&#8221;][et_pb_text _builder_version=&#8221;3.2.2&#8243; header_font=&#8221;||||||||&#8221; header_text_color=&#8221;#f2eecc&#8221; header_3_font=&#8221;Raleway|700|||||||&#8221; header_3_text_align=&#8221;center&#8221; header_3_text_color=&#8221;#ffffff&#8221; header_5_font=&#8221;Raleway||||||||&#8221; header_5_text_align=&#8221;center&#8221; header_5_text_color=&#8221;#ffffff&#8221;]<\/p>\n<h3 style=\"text-align: center;\"><strong><img decoding=\"async\" loading=\"lazy\" class=\"wp-image-50830 alignnone size-full\" src=\"https:\/\/www.galileo.edu\/page\/wp-content\/uploads\/2022\/04\/correo-electronico.png\" alt=\"\" width=\"38\" height=\"38\" \/><\/strong><\/h3>\n<h3 style=\"text-align: center;\"><strong>Correo electr\u00f3nico:<\/strong><\/h3>\n<h5 style=\"text-align: center;\"><a href=\"mailto:innovationlab@galileo.edu\">innovationlab@galileo.edu<\/a><\/h5>\n<p>[\/et_pb_text][\/et_pb_column][et_pb_column type=&#8221;1_3&#8243; _builder_version=&#8221;3.0.47&#8243; parallax=&#8221;off&#8221; parallax_method=&#8221;on&#8221;][et_pb_text _builder_version=&#8221;3.2.2&#8243; header_font=&#8221;||||||||&#8221; header_3_font=&#8221;Raleway|700|||||||&#8221; header_3_text_align=&#8221;center&#8221; header_3_text_color=&#8221;#ffffff&#8221; header_5_font=&#8221;Raleway||||||||&#8221; header_5_text_align=&#8221;center&#8221; header_5_text_color=&#8221;#ffffff&#8221;]<\/p>\n<h3 style=\"text-align: center;\"><strong><img decoding=\"async\" loading=\"lazy\" class=\"wp-image-50835 alignnone size-full\" src=\"https:\/\/www.galileo.edu\/page\/wp-content\/uploads\/2022\/04\/localizacion.png\" alt=\"\" width=\"38\" height=\"38\" \/><\/strong><\/h3>\n<h3 style=\"text-align: center;\"><strong>Direcci\u00f3n:<\/strong><\/h3>\n<h5 style=\"text-align: center;\">7a ave calle Dr. Eduardo Suger Cofi\u00f1o zona 10, campus central Universidad Galileo. Oficina 418, 4to Nivel Torre I, Galileo campus Central<\/h5>\n<p>[\/et_pb_text][\/et_pb_column][\/et_pb_row][\/et_pb_section]<\/p>\n","protected":false},"excerpt":{"rendered":"<p>\u00a1Gracias por Inscribirte al Simposio de Ingenieras cambiando el mundo! Tu registro est\u00e1 completo. Revisa tu correo electr\u00f3nico para ver m\u00e1s detalles sobre el evento. Y qu\u00e9date pendiente porque recibir\u00e1s el enlace para conectarte. &nbsp; \u00a1Agenda la fecha! El Simposio de Ingenieras cambiando el mundo\u00a0es gratuito, ser\u00e1 el del 30 de mayo al 10 de [&hellip;]<\/p>\n","protected":false},"author":10,"featured_media":52572,"parent":0,"menu_order":0,"comment_status":"closed","ping_status":"closed","template":"page-template-blank.php","meta":{"_et_pb_use_builder":"on","_et_pb_old_content":"","_et_gb_content_width":""},"yoast_head":"<!-- This site is optimized with the Yoast SEO plugin v20.13 - https:\/\/yoast.com\/wordpress\/plugins\/seo\/ -->\n<title>Gracias por registrarte al Simposio de Ingenieras cambiando el mundo<\/title>\n<meta name=\"description\" content=\"Espacio pensado para que descubran los aportes que las mujeres han realizado al mundo y se incentiven a estudiar una carrera tecnol\u00f3gica.\" \/>\n<meta name=\"robots\" content=\"index, follow, max-snippet:-1, max-image-preview:large, max-video-preview:-1\" \/>\n<link rel=\"canonical\" href=\"https:\/\/www.galileo.edu\/page\/gracias-simposio-ingenieras-cambiando-mundo\/\" \/>\n<meta property=\"og:locale\" content=\"en_US\" \/>\n<meta property=\"og:type\" content=\"article\" \/>\n<meta property=\"og:title\" content=\"Gracias por registrarte al Simposio de Ingenieras cambiando el mundo\" \/>\n<meta property=\"og:description\" content=\"Espacio pensado para que descubran los aportes que las mujeres han realizado al mundo y se incentiven a estudiar una carrera tecnol\u00f3gica.\" \/>\n<meta property=\"og:url\" content=\"https:\/\/www.galileo.edu\/page\/gracias-simposio-ingenieras-cambiando-mundo\/\" \/>\n<meta property=\"og:site_name\" content=\"Universidad Galileo\" \/>\n<meta property=\"article:modified_time\" content=\"2022-05-19T15:45:31+00:00\" \/>\n<meta property=\"og:image\" content=\"http:\/\/www.galileo.edu\/page\/wp-content\/uploads\/2022\/05\/banner-tablet2.jpg\" \/>\n\t<meta property=\"og:image:width\" content=\"1200\" \/>\n\t<meta property=\"og:image:height\" content=\"1200\" \/>\n\t<meta property=\"og:image:type\" content=\"image\/jpeg\" \/>\n<meta name=\"twitter:card\" content=\"summary_large_image\" \/>\n<meta name=\"twitter:label1\" content=\"Est. reading time\" \/>\n\t<meta name=\"twitter:data1\" content=\"5 minutes\" \/>\n<script type=\"application\/ld+json\" class=\"yoast-schema-graph\">{\"@context\":\"https:\/\/schema.org\",\"@graph\":[{\"@type\":\"WebPage\",\"@id\":\"https:\/\/www.galileo.edu\/page\/gracias-simposio-ingenieras-cambiando-mundo\/\",\"url\":\"https:\/\/www.galileo.edu\/page\/gracias-simposio-ingenieras-cambiando-mundo\/\",\"name\":\"Gracias por registrarte al Simposio de Ingenieras cambiando el mundo\",\"isPartOf\":{\"@id\":\"https:\/\/www.galileo.edu\/page\/#website\"},\"datePublished\":\"2022-05-19T15:38:23+00:00\",\"dateModified\":\"2022-05-19T15:45:31+00:00\",\"description\":\"Espacio pensado para que descubran los aportes que las mujeres han realizado al mundo y se incentiven a estudiar una carrera tecnol\u00f3gica.\",\"breadcrumb\":{\"@id\":\"https:\/\/www.galileo.edu\/page\/gracias-simposio-ingenieras-cambiando-mundo\/#breadcrumb\"},\"inLanguage\":\"en-US\",\"potentialAction\":[{\"@type\":\"ReadAction\",\"target\":[\"https:\/\/www.galileo.edu\/page\/gracias-simposio-ingenieras-cambiando-mundo\/\"]}]},{\"@type\":\"BreadcrumbList\",\"@id\":\"https:\/\/www.galileo.edu\/page\/gracias-simposio-ingenieras-cambiando-mundo\/#breadcrumb\",\"itemListElement\":[{\"@type\":\"ListItem\",\"position\":1,\"name\":\"Home\",\"item\":\"https:\/\/www.galileo.edu\/page\/home\/\"},{\"@type\":\"ListItem\",\"position\":2,\"name\":\"Gracias Simposio Ingenieras cambiando el mundo\"}]},{\"@type\":\"WebSite\",\"@id\":\"https:\/\/www.galileo.edu\/page\/#website\",\"url\":\"https:\/\/www.galileo.edu\/page\/\",\"name\":\"Universidad Galileo\",\"description\":\"La revoluci\u00f3n en la educaci\u00f3n\",\"potentialAction\":[{\"@type\":\"SearchAction\",\"target\":{\"@type\":\"EntryPoint\",\"urlTemplate\":\"https:\/\/www.galileo.edu\/page\/?s={search_term_string}\"},\"query-input\":\"required name=search_term_string\"}],\"inLanguage\":\"en-US\"}]}<\/script>\n<!-- \/ Yoast SEO plugin. -->","yoast_head_json":{"title":"Gracias por registrarte al Simposio de Ingenieras cambiando el mundo","description":"Espacio pensado para que descubran los aportes que las mujeres han realizado al mundo y se incentiven a estudiar una carrera tecnol\u00f3gica.","robots":{"index":"index","follow":"follow","max-snippet":"max-snippet:-1","max-image-preview":"max-image-preview:large","max-video-preview":"max-video-preview:-1"},"canonical":"https:\/\/www.galileo.edu\/page\/gracias-simposio-ingenieras-cambiando-mundo\/","og_locale":"en_US","og_type":"article","og_title":"Gracias por registrarte al Simposio de Ingenieras cambiando el mundo","og_description":"Espacio pensado para que descubran los aportes que las mujeres han realizado al mundo y se incentiven a estudiar una carrera tecnol\u00f3gica.","og_url":"https:\/\/www.galileo.edu\/page\/gracias-simposio-ingenieras-cambiando-mundo\/","og_site_name":"Universidad Galileo","article_modified_time":"2022-05-19T15:45:31+00:00","og_image":[{"width":1200,"height":1200,"url":"http:\/\/www.galileo.edu\/page\/wp-content\/uploads\/2022\/05\/banner-tablet2.jpg","type":"image\/jpeg"}],"twitter_card":"summary_large_image","twitter_misc":{"Est. reading time":"5 minutes"},"schema":{"@context":"https:\/\/schema.org","@graph":[{"@type":"WebPage","@id":"https:\/\/www.galileo.edu\/page\/gracias-simposio-ingenieras-cambiando-mundo\/","url":"https:\/\/www.galileo.edu\/page\/gracias-simposio-ingenieras-cambiando-mundo\/","name":"Gracias por registrarte al Simposio de Ingenieras cambiando el mundo","isPartOf":{"@id":"https:\/\/www.galileo.edu\/page\/#website"},"datePublished":"2022-05-19T15:38:23+00:00","dateModified":"2022-05-19T15:45:31+00:00","description":"Espacio pensado para que descubran los aportes que las mujeres han realizado al mundo y se incentiven a estudiar una carrera tecnol\u00f3gica.","breadcrumb":{"@id":"https:\/\/www.galileo.edu\/page\/gracias-simposio-ingenieras-cambiando-mundo\/#breadcrumb"},"inLanguage":"en-US","potentialAction":[{"@type":"ReadAction","target":["https:\/\/www.galileo.edu\/page\/gracias-simposio-ingenieras-cambiando-mundo\/"]}]},{"@type":"BreadcrumbList","@id":"https:\/\/www.galileo.edu\/page\/gracias-simposio-ingenieras-cambiando-mundo\/#breadcrumb","itemListElement":[{"@type":"ListItem","position":1,"name":"Home","item":"https:\/\/www.galileo.edu\/page\/home\/"},{"@type":"ListItem","position":2,"name":"Gracias Simposio Ingenieras cambiando el mundo"}]},{"@type":"WebSite","@id":"https:\/\/www.galileo.edu\/page\/#website","url":"https:\/\/www.galileo.edu\/page\/","name":"Universidad Galileo","description":"La revoluci\u00f3n en la educaci\u00f3n","potentialAction":[{"@type":"SearchAction","target":{"@type":"EntryPoint","urlTemplate":"https:\/\/www.galileo.edu\/page\/?s={search_term_string}"},"query-input":"required name=search_term_string"}],"inLanguage":"en-US"}]}},"_links":{"self":[{"href":"https:\/\/www.galileo.edu\/page\/wp-json\/wp\/v2\/pages\/52644"}],"collection":[{"href":"https:\/\/www.galileo.edu\/page\/wp-json\/wp\/v2\/pages"}],"about":[{"href":"https:\/\/www.galileo.edu\/page\/wp-json\/wp\/v2\/types\/page"}],"author":[{"embeddable":true,"href":"https:\/\/www.galileo.edu\/page\/wp-json\/wp\/v2\/users\/10"}],"replies":[{"embeddable":true,"href":"https:\/\/www.galileo.edu\/page\/wp-json\/wp\/v2\/comments?post=52644"}],"version-history":[{"count":22,"href":"https:\/\/www.galileo.edu\/page\/wp-json\/wp\/v2\/pages\/52644\/revisions"}],"predecessor-version":[{"id":52676,"href":"https:\/\/www.galileo.edu\/page\/wp-json\/wp\/v2\/pages\/52644\/revisions\/52676"}],"wp:featuredmedia":[{"embeddable":true,"href":"https:\/\/www.galileo.edu\/page\/wp-json\/wp\/v2\/media\/52572"}],"wp:attachment":[{"href":"https:\/\/www.galileo.edu\/page\/wp-json\/wp\/v2\/media?parent=52644"}],"curies":[{"name":"wp","href":"https:\/\/api.w.org\/{rel}","templated":true}]}}