{"id":50610,"date":"2022-03-25T23:55:19","date_gmt":"2022-03-25T23:55:19","guid":{"rendered":"https:\/\/www.galileo.edu\/page\/?page_id=50610"},"modified":"2023-06-01T16:45:28","modified_gmt":"2023-06-01T16:45:28","slug":"gracias-registro-expo-galileo-2023","status":"publish","type":"page","link":"https:\/\/www.galileo.edu\/page\/gracias-registro-expo-galileo-2023\/","title":{"rendered":"Gracias Expo Galileo"},"content":{"rendered":"<p>[et_pb_section fb_built=&#8221;1&#8243; custom_padding_last_edited=&#8221;on|desktop&#8221; disabled_on=&#8221;on|on|off&#8221; _builder_version=&#8221;3.2.2&#8243; background_image=&#8221;http:\/\/www.galileo.edu\/page\/wp-content\/uploads\/2023\/05\/ug.gif&#8221; custom_padding=&#8221;58px|0px|58px|0px|true|false&#8221; bottom_divider_color=&#8221;#0C71C3&#8243; bottom_divider_height=&#8221;74px&#8221;][et_pb_row custom_padding=&#8221;0|0px|380px|0px|false|false&#8221; _builder_version=&#8221;3.2.2&#8243;][et_pb_column type=&#8221;4_4&#8243; _builder_version=&#8221;3.0.47&#8243; parallax=&#8221;off&#8221; parallax_method=&#8221;on&#8221;][et_pb_divider show_divider=&#8221;off&#8221; height=&#8221;100px&#8221; _builder_version=&#8221;3.2.2&#8243;][\/et_pb_divider][\/et_pb_column][\/et_pb_row][et_pb_row use_custom_width=&#8221;on&#8221; width_unit=&#8221;off&#8221; custom_width_percent=&#8221;95%&#8221; custom_padding=&#8221;0%||0%|&#8221; custom_padding_phone=&#8221;0%||17px||false|false&#8221; custom_margin=&#8221;|||&#8221; custom_padding_last_edited=&#8221;on|desktop&#8221; module_class_1=&#8221;redes-sociales&#8221; _builder_version=&#8221;3.2.2&#8243; custom_margin_last_edited=&#8221;on|desktop&#8221;][et_pb_column type=&#8221;4_4&#8243; _builder_version=&#8221;3.0.47&#8243; parallax=&#8221;off&#8221; parallax_method=&#8221;on&#8221; module_class=&#8221;redes-sociales&#8221;][et_pb_social_media_follow disabled_on=&#8221;on|on|off&#8221; _builder_version=&#8221;3.2.2&#8243; background_color=&#8221;#e8e8e8&#8243; box_shadow_style=&#8221;preset1&#8243; box_shadow_blur=&#8221;7px&#8221; box_shadow_color=&#8221;rgba(0,0,0,0.62)&#8221; text_orientation=&#8221;left&#8221; max_width=&#8221;64px&#8221; max_width_phone=&#8221;100px&#8221; max_width_last_edited=&#8221;on|phone&#8221; module_alignment=&#8221;left&#8221; custom_margin=&#8221;||-23%|&#8221; custom_margin_phone=&#8221;||0%|&#8221; custom_margin_last_edited=&#8221;on|desktop&#8221; custom_padding=&#8221;1%||1%|1.3%&#8221; custom_padding_phone=&#8221;|||0%&#8221; custom_padding_last_edited=&#8221;on|desktop&#8221;][et_pb_social_media_follow_network social_network=&#8221;facebook&#8221; url=&#8221;https:\/\/www.facebook.com\/ugalileo\/&#8221; _builder_version=&#8221;3.2.2&#8243; background_color=&#8221;#3b5998&#8243; border_radii=&#8221;on|20px|20px|20px|20px&#8221; follow_button=&#8221;off&#8221; url_new_window=&#8221;on&#8221;]facebook[\/et_pb_social_media_follow_network][et_pb_social_media_follow_network social_network=&#8221;instagram&#8221; url=&#8221;https:\/\/www.instagram.com\/admisionesgalileo\/&#8221; _builder_version=&#8221;3.2.2&#8243; background_color=&#8221;#ea2c59&#8243; border_radii=&#8221;on|20px|20px|20px|20px&#8221; follow_button=&#8221;off&#8221; url_new_window=&#8221;on&#8221;]instagram[\/et_pb_social_media_follow_network][et_pb_social_media_follow_network social_network=&#8221;youtube&#8221; url=&#8221;http:\/\/www.youtube.com\/user\/ugalileogt&#8221; _builder_version=&#8221;3.2.2&#8243; background_color=&#8221;#a82400&#8243; border_radii=&#8221;on|20px|20px|20px|20px&#8221; follow_button=&#8221;off&#8221; url_new_window=&#8221;on&#8221;]youtube[\/et_pb_social_media_follow_network][\/et_pb_social_media_follow][\/et_pb_column][\/et_pb_row][\/et_pb_section][et_pb_section fb_built=&#8221;1&#8243; disabled_on=&#8221;off|on|on&#8221; _builder_version=&#8221;3.2.2&#8243; background_image=&#8221;http:\/\/www.galileo.edu\/page\/wp-content\/uploads\/2023\/05\/ugmovfinal.gif&#8221; custom_padding=&#8221;50px|0px|533px|0px|false|false&#8221;][\/et_pb_section][et_pb_section fb_built=&#8221;1&#8243; disabled_on=&#8221;off|off|off&#8221; _builder_version=&#8221;3.2.2&#8243; background_color=&#8221;#6b01a0&#8243; background_color_gradient_direction=&#8221;90deg&#8221; custom_padding=&#8221;41px|0px|14px|0px|false|false&#8221; top_divider_color=&#8221;#0c71c3&#8243; top_divider_height=&#8221;242px&#8221; bottom_divider_style=&#8221;curve2&#8243; bottom_divider_color=&#8221;#F9F9F9&#8243; bottom_divider_height=&#8221;19px&#8221; bottom_divider_flip=&#8221;horizontal&#8221; locked=&#8221;off&#8221;][et_pb_row use_custom_width=&#8221;on&#8221; custom_width_px=&#8221;2134px&#8221; use_custom_gutter=&#8221;on&#8221; gutter_width=&#8221;1&#8243; custom_padding=&#8221;27px|0px|32px|0px|false|false&#8221; _builder_version=&#8221;3.2.2&#8243;][et_pb_column type=&#8221;1_2&#8243; _builder_version=&#8221;3.0.47&#8243; parallax=&#8221;off&#8221; parallax_method=&#8221;on&#8221;][et_pb_text _builder_version=&#8221;3.2.2&#8243; text_font=&#8221;Raleway|700|||||||&#8221; text_font_size=&#8221;35px&#8221; header_font=&#8221;Raleway|700|||||||&#8221; header_font_size=&#8221;35px&#8221; header_font_size_last_edited=&#8221;on|desktop&#8221; header_line_height=&#8221;1.1em&#8221; header_2_font=&#8221;||||||||&#8221; header_3_font=&#8221;||||||||&#8221; header_4_font=&#8221;||||||||&#8221; header_5_font=&#8221;||||||||&#8221; header_5_text_color=&#8221;#ffffff&#8221;]<\/p>\n<h1 style=\"text-align: center;\"><strong><span style=\"color: #a3c624;\">\u00a1Listo!<\/span><\/strong><\/h1>\n<p>[\/et_pb_text][et_pb_text _builder_version=&#8221;3.2.2&#8243; text_font=&#8221;Montserrat||||||||&#8221; text_text_color=&#8221;#ffffff&#8221; text_font_size=&#8221;18px&#8221; text_font_size_last_edited=&#8221;on|desktop&#8221; text_line_height_last_edited=&#8221;on|desktop&#8221; header_2_font=&#8221;Open Sans|800|||||||&#8221; header_2_text_align=&#8221;center&#8221; header_2_text_color=&#8221;#591dd2&#8243; header_2_font_size=&#8221;36px&#8221; header_2_font_size_tablet=&#8221;30px&#8221; header_2_font_size_phone=&#8221;20px&#8221; header_2_font_size_last_edited=&#8221;on|phone&#8221; header_2_line_height=&#8221;1.2em&#8221; header_2_line_height_last_edited=&#8221;on|desktop&#8221; header_3_font=&#8221;|700|||||||&#8221; header_3_text_align=&#8221;center&#8221; header_3_font_size=&#8221;30px&#8221; header_3_font_size_last_edited=&#8221;on|desktop&#8221; header_3_line_height=&#8221;1.2em&#8221; header_3_line_height_last_edited=&#8221;on|desktop&#8221; border_color_all=&#8221;#56d624&#8243; max_width=&#8221;75%&#8221; max_width_last_edited=&#8221;on|desktop&#8221; module_alignment=&#8221;center&#8221; animation_direction=&#8221;bottom&#8221;]<\/p>\n<p style=\"text-align: center;\">Revisa tu correo electr\u00f3nico. Gracias por enviar tus datos, te mandaremos informaci\u00f3n de la carrera solicitada pronto.<\/p>\n<p style=\"text-align: center;\"><strong>Esperamos tu participaci\u00f3n en el evento virtual que se realizar\u00e1 el s\u00e1bado 3 de JUNIO de 8:00 a 16:00 horas.<\/strong><\/p>\n<p>[\/et_pb_text][\/et_pb_column][et_pb_column type=&#8221;1_2&#8243; _builder_version=&#8221;3.0.47&#8243; parallax=&#8221;off&#8221; parallax_method=&#8221;on&#8221;][et_pb_text _builder_version=&#8221;3.2.2&#8243; text_font=&#8221;|600|||||||&#8221; text_text_color=&#8221;#ffffff&#8221; text_font_size=&#8221;45px&#8221; text_font_size_phone=&#8221;25px&#8221; text_font_size_last_edited=&#8221;on|desktop&#8221; text_line_height=&#8221;1.5em&#8221; text_line_height_last_edited=&#8221;on|desktop&#8221; header_font=&#8221;Montserrat|700|||||||&#8221; header_text_color=&#8221;#ffffff&#8221; header_font_size_last_edited=&#8221;on|desktop&#8221; text_orientation=&#8221;center&#8221; max_width=&#8221;75%&#8221; max_width_last_edited=&#8221;on|desktop&#8221; module_alignment=&#8221;center&#8221; custom_margin_phone=&#8221;52px|||&#8221; custom_margin_last_edited=&#8221;on|phone&#8221; custom_padding=&#8221;0%|||0%&#8221; custom_padding_last_edited=&#8221;on|desktop&#8221;]<\/p>\n<h1>Explora un mundo de <span style=\"color: #99cc00;\">posibilidades<\/span> y descubre tu <span style=\"color: #99cc00;\">pasi\u00f3n en Universidad Galileo<\/span><\/h1>\n<p>[\/et_pb_text][et_pb_countdown_timer date_time=&#8221;2023-06-03 08:00&#8243; _builder_version=&#8221;3.2.2&#8243; header_font=&#8221;Open Sans|600|||||||&#8221; header_text_align=&#8221;left&#8221; header_text_color=&#8221;#ffffff&#8221; header_font_size=&#8221;18px&#8221; header_font_size_last_edited=&#8221;on|desktop&#8221; numbers_font=&#8221;Open Sans|700|||||||&#8221; numbers_text_align=&#8221;center&#8221; numbers_text_color=&#8221;#ffffff&#8221; numbers_font_size=&#8221;35px&#8221; numbers_font_size_phone=&#8221;30px&#8221; numbers_font_size_last_edited=&#8221;on|desktop&#8221; numbers_letter_spacing=&#8221;1px&#8221; numbers_letter_spacing_last_edited=&#8221;on|desktop&#8221; numbers_line_height=&#8221;66px&#8221; numbers_line_height_last_edited=&#8221;on|desktop&#8221; label_font=&#8221;Open Sans|600|||||||&#8221; label_text_align=&#8221;center&#8221; label_text_color=&#8221;#ffffff&#8221; label_font_size=&#8221;18px&#8221; label_font_size_phone=&#8221;14px&#8221; label_font_size_last_edited=&#8221;on|desktop&#8221; label_line_height=&#8221;14px&#8221; label_line_height_last_edited=&#8221;on|desktop&#8221; background_color=&#8221;#6b01a0&#8243; max_width_last_edited=&#8221;on|desktop&#8221; module_alignment=&#8221;center&#8221; custom_margin=&#8221;3px|||&#8221; custom_margin_last_edited=&#8221;on|desktop&#8221;][\/et_pb_countdown_timer][\/et_pb_column][\/et_pb_row][\/et_pb_section][et_pb_section fb_built=&#8221;1&#8243; disabled_on=&#8221;off|off|off&#8221; _builder_version=&#8221;3.2.2&#8243; custom_padding=&#8221;54px|0px|21px|0px|false|false&#8221;][et_pb_row custom_padding=&#8221;0|0px|0|0px|false|false&#8221; disabled_on=&#8221;off|off|off&#8221; _builder_version=&#8221;3.2.2&#8243;][et_pb_column type=&#8221;1_2&#8243; _builder_version=&#8221;3.2.2&#8243; parallax=&#8221;off&#8221; parallax_method=&#8221;on&#8221;][et_pb_text _builder_version=&#8221;3.2.2&#8243; text_font=&#8221;Raleway||||||||&#8221; text_font_size=&#8221;18px&#8221; text_line_height=&#8221;1em&#8221; header_font=&#8221;Raleway|700|||||||&#8221; header_font_size=&#8221;18px&#8221; header_font_size_last_edited=&#8221;on|desktop&#8221; header_line_height=&#8221;1.1em&#8221; text_orientation=&#8221;center&#8221;]<\/p>\n<h1 style=\"text-align: center;\"><strong>\u00bfTienes dudas del evento?<\/strong><\/h1>\n<h1 style=\"text-align: center;\"><strong><span style=\"font-weight: 400;\">Escribenos por WhatsApp<\/span><\/strong><\/h1>\n<p>[\/et_pb_text][et_pb_image src=&#8221;http:\/\/www.galileo.edu\/page\/wp-content\/uploads\/2022\/03\/whatsapp.png&#8221; url=&#8221;https:\/\/api.whatsapp.com\/send?phone=+50224238000&#038;text=%C2%A1Hola!%20Me%20puedes%20dar%20m%C3%A1s%20informaci%C3%B3n%20de%20la%20Expo%20Galileo,%20por%20favor.&#8221; align=&#8221;center&#8221; _builder_version=&#8221;3.2.2&#8243; max_width=&#8221;15%&#8221; module_alignment=&#8221;center&#8221;][\/et_pb_image][et_pb_text _builder_version=&#8221;3.2.2&#8243; text_font=&#8221;Raleway||||||||&#8221; text_line_height=&#8221;1em&#8221; header_font=&#8221;Raleway|700|||||||&#8221; header_font_size=&#8221;18px&#8221; header_font_size_last_edited=&#8221;on|desktop&#8221; header_line_height=&#8221;1.1em&#8221; text_orientation=&#8221;center&#8221;]<\/p>\n<h1 style=\"text-align: center;\"><span style=\"font-weight: 400;\">Haz clic para un asesoramiento personalizado<\/span><\/h1>\n<p>[\/et_pb_text][\/et_pb_column][et_pb_column type=&#8221;1_2&#8243; _builder_version=&#8221;3.2.2&#8243; parallax=&#8221;off&#8221; parallax_method=&#8221;on&#8221;][et_pb_text _builder_version=&#8221;3.2.2&#8243; text_font=&#8221;Raleway||||||||&#8221; text_font_size=&#8221;18px&#8221;]<\/p>\n<p style=\"text-align: center;\">Ingresa aqu\u00ed para descargar las<\/p>\n<p style=\"text-align: center;\"><strong>GU\u00cdAS DE ESTUDIO<\/strong><\/p>\n<p>[\/et_pb_text][et_pb_image src=&#8221;http:\/\/www.galileo.edu\/page\/wp-content\/uploads\/2023\/04\/ICONO-2.gif&#8221; url=&#8221;https:\/\/admisiones.galileo.edu\/main#&#8221; url_new_window=&#8221;on&#8221; align=&#8221;center&#8221; _builder_version=&#8221;3.2.2&#8243; max_width=&#8221;15%&#8221; module_alignment=&#8221;center&#8221;][\/et_pb_image][et_pb_text _builder_version=&#8221;3.2.2&#8243; text_font=&#8221;Raleway||||||||&#8221; text_line_height=&#8221;1em&#8221; header_font=&#8221;Raleway|700|||||||&#8221; header_font_size=&#8221;18px&#8221; header_font_size_last_edited=&#8221;on|desktop&#8221; header_line_height=&#8221;1.1em&#8221; text_orientation=&#8221;center&#8221;]<\/p>\n<h1 style=\"text-align: center;\"><span style=\"font-weight: 400;\">Aqu\u00ed tambi\u00e9n podr\u00e1s conocer las pr\u00f3ximas fechas de admisi\u00f3n\u00a0<\/span><\/h1>\n<p>[\/et_pb_text][\/et_pb_column][\/et_pb_row][\/et_pb_section][et_pb_section fb_built=&#8221;1&#8243; _builder_version=&#8221;3.2.2&#8243; background_color=&#8221;#e2e2e2&#8243; custom_padding=&#8221;0|0px|5px|0px|false|false&#8221;][et_pb_row custom_padding=&#8221;0|0px|27px|0px|false|false&#8221; disabled_on=&#8221;off|off|off&#8221; _builder_version=&#8221;3.2.2&#8243;][et_pb_column type=&#8221;4_4&#8243; _builder_version=&#8221;3.2.2&#8243; parallax=&#8221;off&#8221; parallax_method=&#8221;on&#8221;][et_pb_text _builder_version=&#8221;3.2.2&#8243; text_font=&#8221;Raleway||||||||&#8221; text_font_size=&#8221;18px&#8221; text_line_height=&#8221;1em&#8221; header_font=&#8221;Raleway|700|||||||&#8221; header_font_size=&#8221;28px&#8221; header_font_size_last_edited=&#8221;on|desktop&#8221; header_line_height=&#8221;1.1em&#8221; text_orientation=&#8221;center&#8221;]<\/p>\n<h1 style=\"text-align: center;\"><\/h1>\n<p><strong>Si tienes dudas o deseas m\u00e1s informaci\u00f3n puedes comunicarte <\/strong><\/p>\n<p><strong>directamente al 2423-8000 EXT. 7122, 7123, 7124 y 7121,<\/strong><\/p>\n<p><strong>\u00a0o env\u00eda un correo a <a href=\"mailto:info@galileo.edu.gt\">info@galileo.edu.gt<\/a><\/strong><br \/>\n[\/et_pb_text][\/et_pb_column][\/et_pb_row][et_pb_row custom_padding=&#8221;0|0px|16px|0px|false|false&#8221; disabled_on=&#8221;off|off|off&#8221; _builder_version=&#8221;3.2.2&#8243;][et_pb_column type=&#8221;1_3&#8243; _builder_version=&#8221;3.2.2&#8243; parallax=&#8221;off&#8221; parallax_method=&#8221;on&#8221;][\/et_pb_column][et_pb_column type=&#8221;1_3&#8243; _builder_version=&#8221;3.2.2&#8243; parallax=&#8221;off&#8221; parallax_method=&#8221;on&#8221;][et_pb_image src=&#8221;http:\/\/www.galileo.edu\/page\/wp-content\/uploads\/2021\/10\/logo-galileo.png&#8221; align=&#8221;center&#8221; _builder_version=&#8221;3.2.2&#8243;][\/et_pb_image][\/et_pb_column][et_pb_column type=&#8221;1_3&#8243; _builder_version=&#8221;3.2.2&#8243; parallax=&#8221;off&#8221; parallax_method=&#8221;on&#8221;][\/et_pb_column][\/et_pb_row][\/et_pb_section]<\/p>\n","protected":false},"excerpt":{"rendered":"<p>\u00a1Listo! Revisa tu correo electr\u00f3nico. Gracias por enviar tus datos, te mandaremos informaci\u00f3n de la carrera solicitada pronto. Esperamos tu participaci\u00f3n en el evento virtual que se realizar\u00e1 el s\u00e1bado 3 de JUNIO de 8:00 a 16:00 horas.Explora un mundo de posibilidades y descubre tu pasi\u00f3n en Universidad Galileo \u00bfTienes dudas del evento? Escribenos por [&hellip;]<\/p>\n","protected":false},"author":17,"featured_media":72626,"parent":0,"menu_order":0,"comment_status":"closed","ping_status":"closed","template":"page-template-blank.php","meta":{"_et_pb_use_builder":"on","_et_pb_old_content":"","_et_gb_content_width":""},"yoast_head":"<!-- This site is optimized with the Yoast SEO plugin v20.13 - https:\/\/yoast.com\/wordpress\/plugins\/seo\/ -->\n<title>Registro Expo Galileo<\/title>\n<meta name=\"description\" content=\"Gracias por registrarte a nuestra EXPO GALILEO que se llevar\u00e1 acabo este 26, 27 y 28 de mayo de 9 a 17 horas Guatemala, de manera virtual\" \/>\n<meta name=\"robots\" content=\"index, follow, max-snippet:-1, max-image-preview:large, max-video-preview:-1\" \/>\n<link rel=\"canonical\" href=\"https:\/\/www.galileo.edu\/page\/gracias-registro-expo-galileo-2023\/\" \/>\n<meta property=\"og:locale\" content=\"en_US\" \/>\n<meta property=\"og:type\" content=\"article\" \/>\n<meta property=\"og:title\" content=\"Registro Expo Galileo\" \/>\n<meta property=\"og:description\" content=\"Gracias por registrarte a nuestra EXPO GALILEO que se llevar\u00e1 acabo este 26, 27 y 28 de mayo de 9 a 17 horas Guatemala, de manera virtual\" \/>\n<meta property=\"og:url\" content=\"https:\/\/www.galileo.edu\/page\/gracias-registro-expo-galileo-2023\/\" \/>\n<meta property=\"og:site_name\" content=\"Universidad Galileo\" \/>\n<meta property=\"article:modified_time\" content=\"2023-06-01T16:45:28+00:00\" \/>\n<meta property=\"og:image\" content=\"https:\/\/www.galileo.edu\/page\/wp-content\/uploads\/2023\/05\/eventos.jpg\" \/>\n\t<meta property=\"og:image:width\" content=\"1154\" \/>\n\t<meta property=\"og:image:height\" content=\"1387\" \/>\n\t<meta property=\"og:image:type\" content=\"image\/jpeg\" \/>\n<meta name=\"twitter:card\" content=\"summary_large_image\" \/>\n<meta name=\"twitter:label1\" content=\"Est. reading time\" \/>\n\t<meta name=\"twitter:data1\" content=\"7 minutes\" \/>\n<script type=\"application\/ld+json\" class=\"yoast-schema-graph\">{\"@context\":\"https:\/\/schema.org\",\"@graph\":[{\"@type\":\"WebPage\",\"@id\":\"https:\/\/www.galileo.edu\/page\/gracias-registro-expo-galileo-2023\/\",\"url\":\"https:\/\/www.galileo.edu\/page\/gracias-registro-expo-galileo-2023\/\",\"name\":\"Registro Expo Galileo\",\"isPartOf\":{\"@id\":\"https:\/\/www.galileo.edu\/page\/#website\"},\"datePublished\":\"2022-03-25T23:55:19+00:00\",\"dateModified\":\"2023-06-01T16:45:28+00:00\",\"description\":\"Gracias por registrarte a nuestra EXPO GALILEO que se llevar\u00e1 acabo este 26, 27 y 28 de mayo de 9 a 17 horas Guatemala, de manera virtual\",\"breadcrumb\":{\"@id\":\"https:\/\/www.galileo.edu\/page\/gracias-registro-expo-galileo-2023\/#breadcrumb\"},\"inLanguage\":\"en-US\",\"potentialAction\":[{\"@type\":\"ReadAction\",\"target\":[\"https:\/\/www.galileo.edu\/page\/gracias-registro-expo-galileo-2023\/\"]}]},{\"@type\":\"BreadcrumbList\",\"@id\":\"https:\/\/www.galileo.edu\/page\/gracias-registro-expo-galileo-2023\/#breadcrumb\",\"itemListElement\":[{\"@type\":\"ListItem\",\"position\":1,\"name\":\"Home\",\"item\":\"https:\/\/www.galileo.edu\/page\/home\/\"},{\"@type\":\"ListItem\",\"position\":2,\"name\":\"Gracias Expo Galileo\"}]},{\"@type\":\"WebSite\",\"@id\":\"https:\/\/www.galileo.edu\/page\/#website\",\"url\":\"https:\/\/www.galileo.edu\/page\/\",\"name\":\"Universidad Galileo\",\"description\":\"La revoluci\u00f3n en la educaci\u00f3n\",\"potentialAction\":[{\"@type\":\"SearchAction\",\"target\":{\"@type\":\"EntryPoint\",\"urlTemplate\":\"https:\/\/www.galileo.edu\/page\/?s={search_term_string}\"},\"query-input\":\"required name=search_term_string\"}],\"inLanguage\":\"en-US\"}]}<\/script>\n<!-- \/ Yoast SEO plugin. -->","yoast_head_json":{"title":"Registro Expo Galileo","description":"Gracias por registrarte a nuestra EXPO GALILEO que se llevar\u00e1 acabo este 26, 27 y 28 de mayo de 9 a 17 horas Guatemala, de manera virtual","robots":{"index":"index","follow":"follow","max-snippet":"max-snippet:-1","max-image-preview":"max-image-preview:large","max-video-preview":"max-video-preview:-1"},"canonical":"https:\/\/www.galileo.edu\/page\/gracias-registro-expo-galileo-2023\/","og_locale":"en_US","og_type":"article","og_title":"Registro Expo Galileo","og_description":"Gracias por registrarte a nuestra EXPO GALILEO que se llevar\u00e1 acabo este 26, 27 y 28 de mayo de 9 a 17 horas Guatemala, de manera virtual","og_url":"https:\/\/www.galileo.edu\/page\/gracias-registro-expo-galileo-2023\/","og_site_name":"Universidad Galileo","article_modified_time":"2023-06-01T16:45:28+00:00","og_image":[{"width":1154,"height":1387,"url":"https:\/\/www.galileo.edu\/page\/wp-content\/uploads\/2023\/05\/eventos.jpg","type":"image\/jpeg"}],"twitter_card":"summary_large_image","twitter_misc":{"Est. reading time":"7 minutes"},"schema":{"@context":"https:\/\/schema.org","@graph":[{"@type":"WebPage","@id":"https:\/\/www.galileo.edu\/page\/gracias-registro-expo-galileo-2023\/","url":"https:\/\/www.galileo.edu\/page\/gracias-registro-expo-galileo-2023\/","name":"Registro Expo Galileo","isPartOf":{"@id":"https:\/\/www.galileo.edu\/page\/#website"},"datePublished":"2022-03-25T23:55:19+00:00","dateModified":"2023-06-01T16:45:28+00:00","description":"Gracias por registrarte a nuestra EXPO GALILEO que se llevar\u00e1 acabo este 26, 27 y 28 de mayo de 9 a 17 horas Guatemala, de manera virtual","breadcrumb":{"@id":"https:\/\/www.galileo.edu\/page\/gracias-registro-expo-galileo-2023\/#breadcrumb"},"inLanguage":"en-US","potentialAction":[{"@type":"ReadAction","target":["https:\/\/www.galileo.edu\/page\/gracias-registro-expo-galileo-2023\/"]}]},{"@type":"BreadcrumbList","@id":"https:\/\/www.galileo.edu\/page\/gracias-registro-expo-galileo-2023\/#breadcrumb","itemListElement":[{"@type":"ListItem","position":1,"name":"Home","item":"https:\/\/www.galileo.edu\/page\/home\/"},{"@type":"ListItem","position":2,"name":"Gracias Expo Galileo"}]},{"@type":"WebSite","@id":"https:\/\/www.galileo.edu\/page\/#website","url":"https:\/\/www.galileo.edu\/page\/","name":"Universidad Galileo","description":"La revoluci\u00f3n en la educaci\u00f3n","potentialAction":[{"@type":"SearchAction","target":{"@type":"EntryPoint","urlTemplate":"https:\/\/www.galileo.edu\/page\/?s={search_term_string}"},"query-input":"required name=search_term_string"}],"inLanguage":"en-US"}]}},"_links":{"self":[{"href":"https:\/\/www.galileo.edu\/page\/wp-json\/wp\/v2\/pages\/50610"}],"collection":[{"href":"https:\/\/www.galileo.edu\/page\/wp-json\/wp\/v2\/pages"}],"about":[{"href":"https:\/\/www.galileo.edu\/page\/wp-json\/wp\/v2\/types\/page"}],"author":[{"embeddable":true,"href":"https:\/\/www.galileo.edu\/page\/wp-json\/wp\/v2\/users\/17"}],"replies":[{"embeddable":true,"href":"https:\/\/www.galileo.edu\/page\/wp-json\/wp\/v2\/comments?post=50610"}],"version-history":[{"count":45,"href":"https:\/\/www.galileo.edu\/page\/wp-json\/wp\/v2\/pages\/50610\/revisions"}],"predecessor-version":[{"id":73712,"href":"https:\/\/www.galileo.edu\/page\/wp-json\/wp\/v2\/pages\/50610\/revisions\/73712"}],"wp:featuredmedia":[{"embeddable":true,"href":"https:\/\/www.galileo.edu\/page\/wp-json\/wp\/v2\/media\/72626"}],"wp:attachment":[{"href":"https:\/\/www.galileo.edu\/page\/wp-json\/wp\/v2\/media?parent=50610"}],"curies":[{"name":"wp","href":"https:\/\/api.w.org\/{rel}","templated":true}]}}