{"id":49665,"date":"2022-03-11T17:52:37","date_gmt":"2022-03-11T17:52:37","guid":{"rendered":"https:\/\/www.galileo.edu\/page\/?page_id=49665"},"modified":"2022-09-13T21:00:49","modified_gmt":"2022-09-13T21:00:49","slug":"gracias-registro-webinar-genero-periodistico-entrevista-herramienta-base-todos-formato","status":"publish","type":"page","link":"https:\/\/www.galileo.edu\/page\/gracias-registro-webinar-genero-periodistico-entrevista-herramienta-base-todos-formato\/","title":{"rendered":"Gracias Webinar G\u00e9neros period\u00edsticos: La entrevista como herramienta base de todos los formatos"},"content":{"rendered":"<p>[et_pb_section fb_built=&#8221;1&#8243; _builder_version=&#8221;3.2.2&#8243; background_color=&#8221;#ffffff&#8221; custom_padding=&#8221;54px|0px|0|0px|false|false&#8221; top_divider_style=&#8221;arrow2&#8243; top_divider_color=&#8221;#325B7B&#8221; bottom_divider_style=&#8221;asymmetric4&#8243; bottom_divider_color=&#8221;#A39C38&#8243; bottom_divider_height=&#8221;48px&#8221;][et_pb_row custom_padding=&#8221;27px|0px|0|0px|false|false&#8221; custom_margin=&#8221;144px|||&#8221; _builder_version=&#8221;3.2.2&#8243; module_alignment=&#8221;center&#8221; custom_margin_tablet=&#8221;71px||-180px|66px&#8221; custom_margin_phone=&#8221;64px|||55px&#8221; custom_margin_last_edited=&#8221;on|phone&#8221;][et_pb_column type=&#8221;4_4&#8243; _builder_version=&#8221;3.0.47&#8243; parallax=&#8221;off&#8221; parallax_method=&#8221;on&#8221;][et_pb_text _builder_version=&#8221;3.2.2&#8243; text_font=&#8221;Poppins|700|||||||&#8221; text_text_color=&#8221;#000000&#8243; text_font_size=&#8221;36px&#8221; text_font_size_tablet=&#8221;25px&#8221; text_font_size_phone=&#8221;13px&#8221; text_font_size_last_edited=&#8221;on|tablet&#8221; text_line_height=&#8221;1.8em&#8221; header_font=&#8221;||||||||&#8221; header_5_font=&#8221;Poppins|500|||||||&#8221; header_5_text_color=&#8221;#0c71c3&#8243; header_5_font_size=&#8221;30px&#8221; header_5_line_height=&#8221;1.4em&#8221; text_orientation=&#8221;center&#8221; max_width_tablet=&#8221;100%&#8221; max_width_phone=&#8221;102%&#8221; max_width_last_edited=&#8221;off|desktop&#8221; module_alignment=&#8221;center&#8221; custom_margin=&#8221;-47px||96px|&#8221; custom_margin_tablet=&#8221;5px|||&#8221; custom_margin_phone=&#8221;8px|||&#8221; custom_margin_last_edited=&#8221;on|phone&#8221; animation_style=&#8221;slide&#8221; animation_duration=&#8221;400ms&#8221;]\u00a1Gracias por registrarte al Webinar gratuito!<\/p>\n<h5><span style=\"font-weight: 400;\">\u00a0<\/span><b>G\u00e9neros period\u00edsticos: La entrevista como herramienta base de todos los formatos\u00a0<\/b><\/h5>\n<p>[\/et_pb_text][\/et_pb_column][\/et_pb_row][et_pb_row custom_padding=&#8221;27px|0px|0|0px|false|false&#8221; _builder_version=&#8221;3.2.2&#8243;][et_pb_column type=&#8221;4_4&#8243; _builder_version=&#8221;3.0.47&#8243; parallax=&#8221;off&#8221; parallax_method=&#8221;on&#8221;][et_pb_text _builder_version=&#8221;3.2.2&#8243; text_font=&#8221;Poppins||||||||&#8221; text_text_color=&#8221;#000000&#8243; text_font_size=&#8221;15px&#8221; custom_margin=&#8221;-30px|||&#8221; custom_margin_tablet=&#8221;-85px|||&#8221; custom_margin_phone=&#8221;-81px|||&#8221; custom_margin_last_edited=&#8221;on|phone&#8221;]<\/p>\n<p style=\"text-align: justify;\"><b>Revisa tu correo electr\u00f3nico.<\/b><span style=\"font-weight: 400;\"> En pocos minutos recibir\u00e1s la informaci\u00f3n que solicitaste. Si no recibes el correo con la informaci\u00f3n de parte de Universidad Galileo en los pr\u00f3ximos minutos,<\/span><b> busca en tus otras carpetas de correo como \u201cPromociones\u201d, \u201cNotificaciones\u201d o \u201cNewsletter\u201d, o bien en \u201cNo deseado\u201d o \u201cSpam\u201d, algunas veces se filtran all\u00ed<\/b><span style=\"font-weight: 400;\">. Si no te llega el correo electr\u00f3nico, puede ser que escribiste mal tu email, por lo que te pedimos que vuelvas a llenar tus datos en la p\u00e1gina anterior a esta y revisa que est\u00e9n bien escritos. <\/span><\/p>\n<p style=\"text-align: justify;\"><span style=\"font-weight: 400;\">Agenda la fecha, el Webinar gratuito ser\u00e1 el <\/span><b>MI\u00c9RCOLES 30 DE MARZO<\/b><span style=\"font-weight: 400;\">\u00a0del a\u00f1o 2022 a las <\/span><b>18:00 horas Guatemala<\/b><span style=\"font-weight: 400;\"> (UTC-6).\u00a0<\/span><\/p>\n<p>[\/et_pb_text][\/et_pb_column][\/et_pb_row][et_pb_row custom_padding=&#8221;27px|0px|59px|0px|false|false&#8221; custom_margin=&#8221;19px||16px|&#8221; _builder_version=&#8221;3.2.2&#8243; custom_margin_tablet=&#8221;-16px||-26px|&#8221; custom_margin_phone=&#8221;-15px||-21px|&#8221; custom_margin_last_edited=&#8221;on|phone&#8221; animation_style=&#8221;fade&#8221;][et_pb_column type=&#8221;1_4&#8243; _builder_version=&#8221;3.0.47&#8243; parallax=&#8221;off&#8221; parallax_method=&#8221;on&#8221;][et_pb_image src=&#8221;http:\/\/www.galileo.edu\/page\/wp-content\/uploads\/2022\/02\/logo-galileo-01-3.png&#8221; url=&#8221;https:\/\/www.galileo.edu\/&#8221; url_new_window=&#8221;on&#8221; align=&#8221;center&#8221; _builder_version=&#8221;3.2.2&#8243; max_width=&#8221;69%&#8221; max_width_tablet=&#8221;85%&#8221; max_width_phone=&#8221;46%&#8221; max_width_last_edited=&#8221;on|phone&#8221; module_alignment=&#8221;center&#8221; custom_margin=&#8221;|||&#8221; custom_margin_tablet=&#8221;|||&#8221; custom_margin_phone=&#8221;|||&#8221; custom_margin_last_edited=&#8221;on|phone&#8221;][\/et_pb_image][et_pb_social_media_follow _builder_version=&#8221;3.2.2&#8243; text_orientation=&#8221;center&#8221; max_width_last_edited=&#8221;on|desktop&#8221; custom_margin=&#8221;-30px|||55px&#8221; custom_margin_tablet=&#8221;|||45px&#8221; custom_margin_phone=&#8221;|||30px&#8221; custom_margin_last_edited=&#8221;on|phone&#8221;][et_pb_social_media_follow_network social_network=&#8221;facebook&#8221; url=&#8221;https:\/\/www.facebook.com\/ugalileo%20&#8243; _builder_version=&#8221;3.2.2&#8243; background_color=&#8221;#3b5998&#8243; follow_button=&#8221;off&#8221; url_new_window=&#8221;on&#8221;]facebook[\/et_pb_social_media_follow_network][et_pb_social_media_follow_network social_network=&#8221;instagram&#8221; url=&#8221;https:\/\/www.instagram.com\/ugalileo_edu%20&#8243; _builder_version=&#8221;3.2.2&#8243; background_color=&#8221;#ea2c59&#8243; follow_button=&#8221;off&#8221; url_new_window=&#8221;on&#8221;]instagram[\/et_pb_social_media_follow_network][\/et_pb_social_media_follow][\/et_pb_column][et_pb_column type=&#8221;1_4&#8243; _builder_version=&#8221;3.0.47&#8243; parallax=&#8221;off&#8221; parallax_method=&#8221;on&#8221;][et_pb_blurb title=&#8221;PBX&#8221; image=&#8221;http:\/\/www.galileo.edu\/page\/wp-content\/uploads\/2019\/05\/telephone.png&#8221; image_max_width=&#8221;25%&#8221; _builder_version=&#8221;3.2.2&#8243; header_font=&#8221;Poppins|700|||||||&#8221; header_text_align=&#8221;center&#8221; header_text_color=&#8221;#968e1f&#8221; body_font=&#8221;||||||||&#8221; body_text_align=&#8221;center&#8221; text_orientation=&#8221;center&#8221; custom_margin_last_edited=&#8221;on|phone&#8221; animation_style=&#8221;fade&#8221;]<\/p>\n<p style=\"text-align: center;\"><span style=\"font-weight: 400;\">+502 2423-8000 <\/span><\/p>\n<p style=\"text-align: center;\"><span style=\"font-weight: 400;\">Ext. 7341, 7342, 7343, 7344<\/span><\/p>\n<p>[\/et_pb_blurb][\/et_pb_column][et_pb_column type=&#8221;1_4&#8243; _builder_version=&#8221;3.0.47&#8243; parallax=&#8221;off&#8221; parallax_method=&#8221;on&#8221;][et_pb_blurb title=&#8221;Correo electr\u00f3nico&#8221; image=&#8221;http:\/\/www.galileo.edu\/page\/wp-content\/uploads\/2019\/05\/mail-1.png&#8221; image_max_width=&#8221;25%&#8221; _builder_version=&#8221;3.2.2&#8243; header_font=&#8221;Poppins|700|||||||&#8221; header_text_align=&#8221;center&#8221; header_text_color=&#8221;#968e1f&#8221; body_font=&#8221;||||||||&#8221; body_text_align=&#8221;center&#8221; text_orientation=&#8221;center&#8221; animation_style=&#8221;fade&#8221;]<\/p>\n<p style=\"text-align: center;\"><span style=\"font-weight: 400;\">escueladeimagenpublica@galileo.edu<\/span><\/p>\n<p>[\/et_pb_blurb][\/et_pb_column][et_pb_column type=&#8221;1_4&#8243; _builder_version=&#8221;3.0.47&#8243; parallax=&#8221;off&#8221; parallax_method=&#8221;on&#8221;][et_pb_blurb title=&#8221;Direcci\u00f3n&#8221; image=&#8221;http:\/\/www.galileo.edu\/page\/wp-content\/uploads\/2019\/05\/placeholder-1.png&#8221; image_max_width=&#8221;25%&#8221; _builder_version=&#8221;3.2.2&#8243; header_font=&#8221;Poppins|800|||||||&#8221; header_text_align=&#8221;center&#8221; header_text_color=&#8221;#968e1f&#8221; body_font=&#8221;||||||||&#8221; body_text_align=&#8221;center&#8221; text_orientation=&#8221;center&#8221; animation_style=&#8221;fade&#8221;]<span style=\"font-weight: 400;\">Oficina 300, 3er. Nivel Torre I,<\/span><span style=\"font-weight: 400;\"> Galileo Campus Central, zona 10, Universidad Galileo<\/span><br \/>\n[\/et_pb_blurb][\/et_pb_column][\/et_pb_row][\/et_pb_section]<\/p>\n","protected":false},"excerpt":{"rendered":"<p>\u00a1Gracias por registrarte al Webinar gratuito! \u00a0G\u00e9neros period\u00edsticos: La entrevista como herramienta base de todos los formatos\u00a0 Revisa tu correo electr\u00f3nico. En pocos minutos recibir\u00e1s la informaci\u00f3n que solicitaste. Si no recibes el correo con la informaci\u00f3n de parte de Universidad Galileo en los pr\u00f3ximos minutos, busca en tus otras carpetas de correo como \u201cPromociones\u201d, [&hellip;]<\/p>\n","protected":false},"author":10,"featured_media":49586,"parent":0,"menu_order":0,"comment_status":"closed","ping_status":"closed","template":"page-template-blank.php","meta":{"_et_pb_use_builder":"on","_et_pb_old_content":"","_et_gb_content_width":""},"yoast_head":"<!-- This site is optimized with the Yoast SEO plugin v20.13 - https:\/\/yoast.com\/wordpress\/plugins\/seo\/ -->\n<title>Gracias Webinar gratuito G\u00e9neros period\u00edsticos La entrevista<\/title>\n<meta name=\"description\" content=\"Gracias por registrarte al Webinar gratuito G\u00e9neros period\u00edsticos: La entrevista como herramienta base de todos los formatos\" \/>\n<meta name=\"robots\" content=\"index, follow, max-snippet:-1, max-image-preview:large, max-video-preview:-1\" \/>\n<link rel=\"canonical\" href=\"https:\/\/www.galileo.edu\/page\/gracias-registro-webinar-genero-periodistico-entrevista-herramienta-base-todos-formato\/\" \/>\n<meta property=\"og:locale\" content=\"en_US\" \/>\n<meta property=\"og:type\" content=\"article\" \/>\n<meta property=\"og:title\" content=\"Gracias Webinar gratuito G\u00e9neros period\u00edsticos La entrevista\" \/>\n<meta property=\"og:description\" content=\"Gracias por registrarte al Webinar gratuito G\u00e9neros period\u00edsticos: La entrevista como herramienta base de todos los formatos\" \/>\n<meta property=\"og:url\" content=\"https:\/\/www.galileo.edu\/page\/gracias-registro-webinar-genero-periodistico-entrevista-herramienta-base-todos-formato\/\" \/>\n<meta property=\"og:site_name\" content=\"Universidad Galileo\" \/>\n<meta property=\"article:modified_time\" content=\"2022-09-13T21:00:49+00:00\" \/>\n<meta property=\"og:image\" content=\"http:\/\/www.galileo.edu\/page\/wp-content\/uploads\/2022\/03\/Banner-evento-2.jpg\" \/>\n\t<meta property=\"og:image:width\" content=\"554\" \/>\n\t<meta property=\"og:image:height\" content=\"674\" \/>\n\t<meta property=\"og:image:type\" content=\"image\/jpeg\" \/>\n<meta name=\"twitter:card\" content=\"summary_large_image\" \/>\n<meta name=\"twitter:label1\" content=\"Est. reading time\" \/>\n\t<meta name=\"twitter:data1\" content=\"4 minutes\" \/>\n<script type=\"application\/ld+json\" class=\"yoast-schema-graph\">{\"@context\":\"https:\/\/schema.org\",\"@graph\":[{\"@type\":\"WebPage\",\"@id\":\"https:\/\/www.galileo.edu\/page\/gracias-registro-webinar-genero-periodistico-entrevista-herramienta-base-todos-formato\/\",\"url\":\"https:\/\/www.galileo.edu\/page\/gracias-registro-webinar-genero-periodistico-entrevista-herramienta-base-todos-formato\/\",\"name\":\"Gracias Webinar gratuito G\u00e9neros period\u00edsticos La entrevista\",\"isPartOf\":{\"@id\":\"https:\/\/www.galileo.edu\/page\/#website\"},\"datePublished\":\"2022-03-11T17:52:37+00:00\",\"dateModified\":\"2022-09-13T21:00:49+00:00\",\"description\":\"Gracias por registrarte al Webinar gratuito G\u00e9neros period\u00edsticos: La entrevista como herramienta base de todos los formatos\",\"breadcrumb\":{\"@id\":\"https:\/\/www.galileo.edu\/page\/gracias-registro-webinar-genero-periodistico-entrevista-herramienta-base-todos-formato\/#breadcrumb\"},\"inLanguage\":\"en-US\",\"potentialAction\":[{\"@type\":\"ReadAction\",\"target\":[\"https:\/\/www.galileo.edu\/page\/gracias-registro-webinar-genero-periodistico-entrevista-herramienta-base-todos-formato\/\"]}]},{\"@type\":\"BreadcrumbList\",\"@id\":\"https:\/\/www.galileo.edu\/page\/gracias-registro-webinar-genero-periodistico-entrevista-herramienta-base-todos-formato\/#breadcrumb\",\"itemListElement\":[{\"@type\":\"ListItem\",\"position\":1,\"name\":\"Home\",\"item\":\"https:\/\/www.galileo.edu\/page\/home\/\"},{\"@type\":\"ListItem\",\"position\":2,\"name\":\"Gracias Webinar G\u00e9neros period\u00edsticos: La entrevista como herramienta base de todos los formatos\"}]},{\"@type\":\"WebSite\",\"@id\":\"https:\/\/www.galileo.edu\/page\/#website\",\"url\":\"https:\/\/www.galileo.edu\/page\/\",\"name\":\"Universidad Galileo\",\"description\":\"La revoluci\u00f3n en la educaci\u00f3n\",\"potentialAction\":[{\"@type\":\"SearchAction\",\"target\":{\"@type\":\"EntryPoint\",\"urlTemplate\":\"https:\/\/www.galileo.edu\/page\/?s={search_term_string}\"},\"query-input\":\"required name=search_term_string\"}],\"inLanguage\":\"en-US\"}]}<\/script>\n<!-- \/ Yoast SEO plugin. -->","yoast_head_json":{"title":"Gracias Webinar gratuito G\u00e9neros period\u00edsticos La entrevista","description":"Gracias por registrarte al Webinar gratuito G\u00e9neros period\u00edsticos: La entrevista como herramienta base de todos los formatos","robots":{"index":"index","follow":"follow","max-snippet":"max-snippet:-1","max-image-preview":"max-image-preview:large","max-video-preview":"max-video-preview:-1"},"canonical":"https:\/\/www.galileo.edu\/page\/gracias-registro-webinar-genero-periodistico-entrevista-herramienta-base-todos-formato\/","og_locale":"en_US","og_type":"article","og_title":"Gracias Webinar gratuito G\u00e9neros period\u00edsticos La entrevista","og_description":"Gracias por registrarte al Webinar gratuito G\u00e9neros period\u00edsticos: La entrevista como herramienta base de todos los formatos","og_url":"https:\/\/www.galileo.edu\/page\/gracias-registro-webinar-genero-periodistico-entrevista-herramienta-base-todos-formato\/","og_site_name":"Universidad Galileo","article_modified_time":"2022-09-13T21:00:49+00:00","og_image":[{"width":554,"height":674,"url":"http:\/\/www.galileo.edu\/page\/wp-content\/uploads\/2022\/03\/Banner-evento-2.jpg","type":"image\/jpeg"}],"twitter_card":"summary_large_image","twitter_misc":{"Est. reading time":"4 minutes"},"schema":{"@context":"https:\/\/schema.org","@graph":[{"@type":"WebPage","@id":"https:\/\/www.galileo.edu\/page\/gracias-registro-webinar-genero-periodistico-entrevista-herramienta-base-todos-formato\/","url":"https:\/\/www.galileo.edu\/page\/gracias-registro-webinar-genero-periodistico-entrevista-herramienta-base-todos-formato\/","name":"Gracias Webinar gratuito G\u00e9neros period\u00edsticos La entrevista","isPartOf":{"@id":"https:\/\/www.galileo.edu\/page\/#website"},"datePublished":"2022-03-11T17:52:37+00:00","dateModified":"2022-09-13T21:00:49+00:00","description":"Gracias por registrarte al Webinar gratuito G\u00e9neros period\u00edsticos: La entrevista como herramienta base de todos los formatos","breadcrumb":{"@id":"https:\/\/www.galileo.edu\/page\/gracias-registro-webinar-genero-periodistico-entrevista-herramienta-base-todos-formato\/#breadcrumb"},"inLanguage":"en-US","potentialAction":[{"@type":"ReadAction","target":["https:\/\/www.galileo.edu\/page\/gracias-registro-webinar-genero-periodistico-entrevista-herramienta-base-todos-formato\/"]}]},{"@type":"BreadcrumbList","@id":"https:\/\/www.galileo.edu\/page\/gracias-registro-webinar-genero-periodistico-entrevista-herramienta-base-todos-formato\/#breadcrumb","itemListElement":[{"@type":"ListItem","position":1,"name":"Home","item":"https:\/\/www.galileo.edu\/page\/home\/"},{"@type":"ListItem","position":2,"name":"Gracias Webinar G\u00e9neros period\u00edsticos: La entrevista como herramienta base de todos los formatos"}]},{"@type":"WebSite","@id":"https:\/\/www.galileo.edu\/page\/#website","url":"https:\/\/www.galileo.edu\/page\/","name":"Universidad Galileo","description":"La revoluci\u00f3n en la educaci\u00f3n","potentialAction":[{"@type":"SearchAction","target":{"@type":"EntryPoint","urlTemplate":"https:\/\/www.galileo.edu\/page\/?s={search_term_string}"},"query-input":"required name=search_term_string"}],"inLanguage":"en-US"}]}},"_links":{"self":[{"href":"https:\/\/www.galileo.edu\/page\/wp-json\/wp\/v2\/pages\/49665"}],"collection":[{"href":"https:\/\/www.galileo.edu\/page\/wp-json\/wp\/v2\/pages"}],"about":[{"href":"https:\/\/www.galileo.edu\/page\/wp-json\/wp\/v2\/types\/page"}],"author":[{"embeddable":true,"href":"https:\/\/www.galileo.edu\/page\/wp-json\/wp\/v2\/users\/10"}],"replies":[{"embeddable":true,"href":"https:\/\/www.galileo.edu\/page\/wp-json\/wp\/v2\/comments?post=49665"}],"version-history":[{"count":6,"href":"https:\/\/www.galileo.edu\/page\/wp-json\/wp\/v2\/pages\/49665\/revisions"}],"predecessor-version":[{"id":58176,"href":"https:\/\/www.galileo.edu\/page\/wp-json\/wp\/v2\/pages\/49665\/revisions\/58176"}],"wp:featuredmedia":[{"embeddable":true,"href":"https:\/\/www.galileo.edu\/page\/wp-json\/wp\/v2\/media\/49586"}],"wp:attachment":[{"href":"https:\/\/www.galileo.edu\/page\/wp-json\/wp\/v2\/media?parent=49665"}],"curies":[{"name":"wp","href":"https:\/\/api.w.org\/{rel}","templated":true}]}}