{"id":48041,"date":"2022-02-11T20:19:20","date_gmt":"2022-02-11T20:19:20","guid":{"rendered":"https:\/\/www.galileo.edu\/page\/?page_id=48041"},"modified":"2022-06-22T17:24:34","modified_gmt":"2022-06-22T17:24:34","slug":"gracias-maestria-optimizacion-energetica-edificaciones-2","status":"publish","type":"page","link":"https:\/\/www.galileo.edu\/page\/gracias-maestria-optimizacion-energetica-edificaciones-2\/","title":{"rendered":"Gracias Maestr\u00eda en Optimizaci\u00f3n Energ\u00e9tica de Edificaciones"},"content":{"rendered":"<p>[et_pb_section fb_built=&#8221;1&#8243; _builder_version=&#8221;3.0.47&#8243;][et_pb_row _builder_version=&#8221;3.0.47&#8243; background_size=&#8221;initial&#8221; background_position=&#8221;top_left&#8221; background_repeat=&#8221;repeat&#8221;][et_pb_column type=&#8221;1_2&#8243; _builder_version=&#8221;3.0.47&#8243; parallax=&#8221;off&#8221; parallax_method=&#8221;on&#8221;][et_pb_text _builder_version=&#8221;3.2.2&#8243; text_font=&#8221;Raleway|700|||||||&#8221; text_font_size=&#8221;35px&#8221; header_font=&#8221;Raleway|700|||||||&#8221; header_font_size=&#8221;35px&#8221; header_font_size_last_edited=&#8221;on|desktop&#8221; header_line_height=&#8221;1.1em&#8221;]<\/p>\n<h1>\u00a1Gracias por solicitar informaci\u00f3n de la<span style=\"color: #000080;\"><strong>\u00a0Maestr\u00eda en Optimizaci\u00f3n Energ\u00e9tica de Edificaciones!<\/strong><\/span><\/h1>\n<p>[\/et_pb_text][\/et_pb_column][et_pb_column type=&#8221;1_2&#8243; _builder_version=&#8221;3.0.47&#8243; parallax=&#8221;off&#8221; parallax_method=&#8221;on&#8221;][et_pb_text _builder_version=&#8221;3.2.2&#8243;]Si deseas resolver dudas o recibir ayuda en tu proceso de inscripci\u00f3n, comun\u00edcate. \u00a1Ser\u00e1 un gusto atenderte!<\/p>\n<p><a href=\"https:\/\/www.facebook.com\/admisionesgalileo\/\" target=\"_blank\" rel=\"noopener noreferrer\">Ahora ingresa a Admisiones Galileo y s\u00edguenos<\/a><br \/>\n[\/et_pb_text][\/et_pb_column][\/et_pb_row][et_pb_row custom_padding=&#8221;17px|0px|0|0px|false|false&#8221; _builder_version=&#8221;3.2.2&#8243;][et_pb_column type=&#8221;1_3&#8243; _builder_version=&#8221;3.0.47&#8243; parallax=&#8221;off&#8221; parallax_method=&#8221;on&#8221;][et_pb_blurb title=&#8221;PBX&#8221; image=&#8221;http:\/\/www.galileo.edu\/page\/wp-content\/uploads\/2019\/05\/telephone.png&#8221; image_max_width=&#8221;25%&#8221; _builder_version=&#8221;3.2.2&#8243; header_font=&#8221;||||||||&#8221; header_text_align=&#8221;center&#8221;]<\/p>\n<p style=\"text-align: center;\">+502 2423-8000<\/p>\n<p style=\"text-align: center;\">Extensi\u00f3n:<span>\u00a0<\/span><span>\u00a07328, 7327<\/span><\/p>\n<p>[\/et_pb_blurb][\/et_pb_column][et_pb_column type=&#8221;1_3&#8243; _builder_version=&#8221;3.0.47&#8243; parallax=&#8221;off&#8221; parallax_method=&#8221;on&#8221;][et_pb_blurb title=&#8221;Correo electr\u00f3nico&#8221; image=&#8221;http:\/\/www.galileo.edu\/page\/wp-content\/uploads\/2019\/05\/mail-1.png&#8221; image_max_width=&#8221;25%&#8221; _builder_version=&#8221;3.2.2&#8243; header_font=&#8221;||||||||&#8221; header_text_align=&#8221;center&#8221; text_orientation=&#8221;center&#8221;]<\/p>\n<p><a href=\"mailto:ire@galileo.edu\"><span>ire@galileo.edu<\/span><\/a><\/p>\n<p>[\/et_pb_blurb][\/et_pb_column][et_pb_column type=&#8221;1_3&#8243; _builder_version=&#8221;3.0.47&#8243; parallax=&#8221;off&#8221; parallax_method=&#8221;on&#8221;][et_pb_blurb title=&#8221;Direcci\u00f3n&#8221; image=&#8221;http:\/\/www.galileo.edu\/page\/wp-content\/uploads\/2019\/05\/placeholder-1.png&#8221; image_max_width=&#8221;25%&#8221; _builder_version=&#8221;3.2.2&#8243; header_font=&#8221;||||||||&#8221; header_text_align=&#8221;center&#8221;]<\/p>\n<p style=\"text-align: center;\"><span>7a. avenida calle Dr. Eduardo Suger Cofi\u00f1o zona 10.\u00a0<\/span><span>Edificio del Instituto de Recursos Energ\u00e9ticos. Campus Central.<\/span><\/p>\n<p>[\/et_pb_blurb][\/et_pb_column][\/et_pb_row][et_pb_row custom_padding=&#8221;60px|0px|27px|0px|false|false&#8221; _builder_version=&#8221;3.2.2&#8243;][et_pb_column type=&#8221;4_4&#8243; _builder_version=&#8221;3.0.47&#8243; parallax=&#8221;off&#8221; parallax_method=&#8221;on&#8221;][et_pb_image src=&#8221;http:\/\/www.galileo.edu\/page\/wp-content\/uploads\/2020\/08\/logo_u_galileo.png&#8221; align=&#8221;center&#8221; _builder_version=&#8221;3.2.2&#8243; max_width=&#8221;50%&#8221;][\/et_pb_image][\/et_pb_column][\/et_pb_row][\/et_pb_section]<\/p>\n","protected":false},"excerpt":{"rendered":"<p>\u00a1Gracias por solicitar informaci\u00f3n de la\u00a0Maestr\u00eda en Optimizaci\u00f3n Energ\u00e9tica de Edificaciones!Si deseas resolver dudas o recibir ayuda en tu proceso de inscripci\u00f3n, comun\u00edcate. \u00a1Ser\u00e1 un gusto atenderte! Ahora ingresa a Admisiones Galileo y s\u00edguenos +502 2423-8000 Extensi\u00f3n:\u00a0\u00a07328, 7327ire@galileo.edu7a. avenida calle Dr. Eduardo Suger Cofi\u00f1o zona 10.\u00a0Edificio del Instituto de Recursos Energ\u00e9ticos. Campus Central.<\/p>\n","protected":false},"author":10,"featured_media":0,"parent":0,"menu_order":0,"comment_status":"closed","ping_status":"closed","template":"page-template-blank.php","meta":{"_et_pb_use_builder":"on","_et_pb_old_content":"","_et_gb_content_width":""},"yoast_head":"<!-- This site is optimized with the Yoast SEO plugin v20.13 - https:\/\/yoast.com\/wordpress\/plugins\/seo\/ -->\n<title>Gracias Maestr\u00eda en Optimizaci\u00f3n Energ\u00e9tica de Edificaciones<\/title>\n<meta name=\"description\" content=\"Gracias por solicitar informaci\u00f3n de la Maestr\u00eda en Optimizaci\u00f3n Energ\u00e9tica de Edificaciones de Universidad Galileo. Revisa tu correo electr\u00f3nico.\" \/>\n<meta name=\"robots\" content=\"index, follow, max-snippet:-1, max-image-preview:large, max-video-preview:-1\" \/>\n<link rel=\"canonical\" href=\"https:\/\/www.galileo.edu\/page\/gracias-maestria-optimizacion-energetica-edificaciones-2\/\" \/>\n<meta property=\"og:locale\" content=\"en_US\" \/>\n<meta property=\"og:type\" content=\"article\" \/>\n<meta property=\"og:title\" content=\"Gracias Maestr\u00eda en Optimizaci\u00f3n Energ\u00e9tica de Edificaciones\" \/>\n<meta property=\"og:description\" content=\"Gracias por solicitar informaci\u00f3n de la Maestr\u00eda en Optimizaci\u00f3n Energ\u00e9tica de Edificaciones de Universidad Galileo. Revisa tu correo electr\u00f3nico.\" \/>\n<meta property=\"og:url\" content=\"https:\/\/www.galileo.edu\/page\/gracias-maestria-optimizacion-energetica-edificaciones-2\/\" \/>\n<meta property=\"og:site_name\" content=\"Universidad Galileo\" \/>\n<meta property=\"article:modified_time\" content=\"2022-06-22T17:24:34+00:00\" \/>\n<meta name=\"twitter:card\" content=\"summary_large_image\" \/>\n<meta name=\"twitter:label1\" content=\"Est. reading time\" \/>\n\t<meta name=\"twitter:data1\" content=\"2 minutes\" \/>\n<script type=\"application\/ld+json\" class=\"yoast-schema-graph\">{\"@context\":\"https:\/\/schema.org\",\"@graph\":[{\"@type\":\"WebPage\",\"@id\":\"https:\/\/www.galileo.edu\/page\/gracias-maestria-optimizacion-energetica-edificaciones-2\/\",\"url\":\"https:\/\/www.galileo.edu\/page\/gracias-maestria-optimizacion-energetica-edificaciones-2\/\",\"name\":\"Gracias Maestr\u00eda en Optimizaci\u00f3n Energ\u00e9tica de Edificaciones\",\"isPartOf\":{\"@id\":\"https:\/\/www.galileo.edu\/page\/#website\"},\"datePublished\":\"2022-02-11T20:19:20+00:00\",\"dateModified\":\"2022-06-22T17:24:34+00:00\",\"description\":\"Gracias por solicitar informaci\u00f3n de la Maestr\u00eda en Optimizaci\u00f3n Energ\u00e9tica de Edificaciones de Universidad Galileo. Revisa tu correo electr\u00f3nico.\",\"breadcrumb\":{\"@id\":\"https:\/\/www.galileo.edu\/page\/gracias-maestria-optimizacion-energetica-edificaciones-2\/#breadcrumb\"},\"inLanguage\":\"en-US\",\"potentialAction\":[{\"@type\":\"ReadAction\",\"target\":[\"https:\/\/www.galileo.edu\/page\/gracias-maestria-optimizacion-energetica-edificaciones-2\/\"]}]},{\"@type\":\"BreadcrumbList\",\"@id\":\"https:\/\/www.galileo.edu\/page\/gracias-maestria-optimizacion-energetica-edificaciones-2\/#breadcrumb\",\"itemListElement\":[{\"@type\":\"ListItem\",\"position\":1,\"name\":\"Home\",\"item\":\"https:\/\/www.galileo.edu\/page\/home\/\"},{\"@type\":\"ListItem\",\"position\":2,\"name\":\"Gracias Maestr\u00eda en Optimizaci\u00f3n Energ\u00e9tica de Edificaciones\"}]},{\"@type\":\"WebSite\",\"@id\":\"https:\/\/www.galileo.edu\/page\/#website\",\"url\":\"https:\/\/www.galileo.edu\/page\/\",\"name\":\"Universidad Galileo\",\"description\":\"La revoluci\u00f3n en la educaci\u00f3n\",\"potentialAction\":[{\"@type\":\"SearchAction\",\"target\":{\"@type\":\"EntryPoint\",\"urlTemplate\":\"https:\/\/www.galileo.edu\/page\/?s={search_term_string}\"},\"query-input\":\"required name=search_term_string\"}],\"inLanguage\":\"en-US\"}]}<\/script>\n<!-- \/ Yoast SEO plugin. -->","yoast_head_json":{"title":"Gracias Maestr\u00eda en Optimizaci\u00f3n Energ\u00e9tica de Edificaciones","description":"Gracias por solicitar informaci\u00f3n de la Maestr\u00eda en Optimizaci\u00f3n Energ\u00e9tica de Edificaciones de Universidad Galileo. Revisa tu correo electr\u00f3nico.","robots":{"index":"index","follow":"follow","max-snippet":"max-snippet:-1","max-image-preview":"max-image-preview:large","max-video-preview":"max-video-preview:-1"},"canonical":"https:\/\/www.galileo.edu\/page\/gracias-maestria-optimizacion-energetica-edificaciones-2\/","og_locale":"en_US","og_type":"article","og_title":"Gracias Maestr\u00eda en Optimizaci\u00f3n Energ\u00e9tica de Edificaciones","og_description":"Gracias por solicitar informaci\u00f3n de la Maestr\u00eda en Optimizaci\u00f3n Energ\u00e9tica de Edificaciones de Universidad Galileo. Revisa tu correo electr\u00f3nico.","og_url":"https:\/\/www.galileo.edu\/page\/gracias-maestria-optimizacion-energetica-edificaciones-2\/","og_site_name":"Universidad Galileo","article_modified_time":"2022-06-22T17:24:34+00:00","twitter_card":"summary_large_image","twitter_misc":{"Est. reading time":"2 minutes"},"schema":{"@context":"https:\/\/schema.org","@graph":[{"@type":"WebPage","@id":"https:\/\/www.galileo.edu\/page\/gracias-maestria-optimizacion-energetica-edificaciones-2\/","url":"https:\/\/www.galileo.edu\/page\/gracias-maestria-optimizacion-energetica-edificaciones-2\/","name":"Gracias Maestr\u00eda en Optimizaci\u00f3n Energ\u00e9tica de Edificaciones","isPartOf":{"@id":"https:\/\/www.galileo.edu\/page\/#website"},"datePublished":"2022-02-11T20:19:20+00:00","dateModified":"2022-06-22T17:24:34+00:00","description":"Gracias por solicitar informaci\u00f3n de la Maestr\u00eda en Optimizaci\u00f3n Energ\u00e9tica de Edificaciones de Universidad Galileo. Revisa tu correo electr\u00f3nico.","breadcrumb":{"@id":"https:\/\/www.galileo.edu\/page\/gracias-maestria-optimizacion-energetica-edificaciones-2\/#breadcrumb"},"inLanguage":"en-US","potentialAction":[{"@type":"ReadAction","target":["https:\/\/www.galileo.edu\/page\/gracias-maestria-optimizacion-energetica-edificaciones-2\/"]}]},{"@type":"BreadcrumbList","@id":"https:\/\/www.galileo.edu\/page\/gracias-maestria-optimizacion-energetica-edificaciones-2\/#breadcrumb","itemListElement":[{"@type":"ListItem","position":1,"name":"Home","item":"https:\/\/www.galileo.edu\/page\/home\/"},{"@type":"ListItem","position":2,"name":"Gracias Maestr\u00eda en Optimizaci\u00f3n Energ\u00e9tica de Edificaciones"}]},{"@type":"WebSite","@id":"https:\/\/www.galileo.edu\/page\/#website","url":"https:\/\/www.galileo.edu\/page\/","name":"Universidad Galileo","description":"La revoluci\u00f3n en la educaci\u00f3n","potentialAction":[{"@type":"SearchAction","target":{"@type":"EntryPoint","urlTemplate":"https:\/\/www.galileo.edu\/page\/?s={search_term_string}"},"query-input":"required name=search_term_string"}],"inLanguage":"en-US"}]}},"_links":{"self":[{"href":"https:\/\/www.galileo.edu\/page\/wp-json\/wp\/v2\/pages\/48041"}],"collection":[{"href":"https:\/\/www.galileo.edu\/page\/wp-json\/wp\/v2\/pages"}],"about":[{"href":"https:\/\/www.galileo.edu\/page\/wp-json\/wp\/v2\/types\/page"}],"author":[{"embeddable":true,"href":"https:\/\/www.galileo.edu\/page\/wp-json\/wp\/v2\/users\/10"}],"replies":[{"embeddable":true,"href":"https:\/\/www.galileo.edu\/page\/wp-json\/wp\/v2\/comments?post=48041"}],"version-history":[{"count":4,"href":"https:\/\/www.galileo.edu\/page\/wp-json\/wp\/v2\/pages\/48041\/revisions"}],"predecessor-version":[{"id":54485,"href":"https:\/\/www.galileo.edu\/page\/wp-json\/wp\/v2\/pages\/48041\/revisions\/54485"}],"wp:attachment":[{"href":"https:\/\/www.galileo.edu\/page\/wp-json\/wp\/v2\/media?parent=48041"}],"curies":[{"name":"wp","href":"https:\/\/api.w.org\/{rel}","templated":true}]}}