{"id":47951,"date":"2022-02-09T18:23:56","date_gmt":"2022-02-09T18:23:56","guid":{"rendered":"https:\/\/www.galileo.edu\/page\/?page_id=47951"},"modified":"2023-03-14T23:21:45","modified_gmt":"2023-03-14T23:21:45","slug":"gracias-evento-international-women-day-women-techmakers","status":"publish","type":"page","link":"https:\/\/www.galileo.edu\/page\/gracias-evento-international-women-day-women-techmakers\/","title":{"rendered":"Gracias Women Techmakers International Women\u2019s Day 2022"},"content":{"rendered":"<p>[et_pb_section fb_built=&#8221;1&#8243; _builder_version=&#8221;3.2.2&#8243; background_color=&#8221;#ffffff&#8221; custom_padding=&#8221;0px|0px|0|0px|false|false&#8221;][et_pb_row custom_padding=&#8221;0|0px|27px|0px|false|false&#8221; custom_margin=&#8221;0px|||&#8221; _builder_version=&#8221;3.2.2&#8243; module_alignment=&#8221;center&#8221; custom_margin_tablet=&#8221;71px|||66px&#8221; custom_margin_phone=&#8221;64px|||55px&#8221; custom_margin_last_edited=&#8221;on|phone&#8221;][et_pb_column type=&#8221;4_4&#8243; _builder_version=&#8221;3.0.47&#8243; parallax=&#8221;off&#8221; parallax_method=&#8221;on&#8221;][et_pb_image src=&#8221;http:\/\/www.galileo.edu\/page\/wp-content\/uploads\/2023\/03\/Pag-web-3.gif&#8221; _builder_version=&#8221;3.2.2&#8243;][\/et_pb_image][et_pb_text _builder_version=&#8221;3.2.2&#8243; text_font=&#8221;Poppins|600|||||||&#8221; text_text_color=&#8221;#6689ED&#8221; text_font_size=&#8221;40px&#8221; text_font_size_tablet=&#8221;20px&#8221; text_font_size_phone=&#8221;13px&#8221; text_font_size_last_edited=&#8221;on|phone&#8221; text_line_height=&#8221;1.8em&#8221; text_orientation=&#8221;center&#8221; max_width_tablet=&#8221;57%&#8221; max_width_last_edited=&#8221;on|tablet&#8221; module_alignment=&#8221;center&#8221; custom_margin=&#8221;-69px|||&#8221; custom_margin_tablet=&#8221;-57px|||&#8221; custom_margin_phone=&#8221;-43px|||73px&#8221; custom_margin_last_edited=&#8221;on|phone&#8221; animation_style=&#8221;slide&#8221; animation_duration=&#8221;400ms&#8221;]<\/p>\n<p>\u00a1Gracias por registrarte al IWD 2023!<\/p>\n<p>[\/et_pb_text][\/et_pb_column][\/et_pb_row][et_pb_row custom_padding=&#8221;27px|0px|0|0px|false|false&#8221; _builder_version=&#8221;3.2.2&#8243;][et_pb_column type=&#8221;1_2&#8243; _builder_version=&#8221;3.0.47&#8243; parallax=&#8221;off&#8221; parallax_method=&#8221;on&#8221;][et_pb_image src=&#8221;http:\/\/www.galileo.edu\/page\/wp-content\/uploads\/2023\/03\/Copia-de-Copia-de-Copia-de-Copia-de-BANNER-PROF-XXI.gif&#8221; align=&#8221;center&#8221; _builder_version=&#8221;3.2.2&#8243; max_width_tablet=&#8221;47%&#8221; max_width_phone=&#8221;48%&#8221; max_width_last_edited=&#8221;on|tablet&#8221; custom_margin=&#8221;-33px||100px|&#8221; custom_margin_tablet=&#8221;-78px||-48px|&#8221; custom_margin_phone=&#8221;||-59px|93px&#8221; custom_margin_last_edited=&#8221;on|phone&#8221; animation_style=&#8221;zoom&#8221; animation_duration=&#8221;450ms&#8221;][\/et_pb_image][\/et_pb_column][et_pb_column type=&#8221;1_2&#8243; _builder_version=&#8221;3.0.47&#8243; parallax=&#8221;off&#8221; parallax_method=&#8221;on&#8221;][et_pb_text _builder_version=&#8221;3.2.2&#8243; text_font=&#8221;Poppins||||||||&#8221; custom_margin=&#8221;-30px|||&#8221; custom_margin_phone=&#8221;-31px|||&#8221; custom_margin_last_edited=&#8221;on|desktop&#8221;]<\/p>\n<p style=\"text-align: justify;\"><span style=\"font-weight: 400;\">Revisa tu correo electr\u00f3nico. En pocos minutos recibir\u00e1s la informaci\u00f3n que solicitaste.<\/span><\/p>\n<p style=\"text-align: justify;\"><span style=\"font-weight: 400;\">Si no recibes el correo con la informaci\u00f3n de parte de Universidad Galileo en los pr\u00f3ximos minutos, busca en tus otras carpetas de correo como \u201cPromociones\u201d, \u201cNotificaciones\u201d o \u201cNewsletter\u201d, o bien en \u201cNo deseado\u201d o \u201cSpam\u201d, algunas veces se filtran all\u00ed. Si no te llega el correo electr\u00f3nico, puede ser que escribiste mal tu email, por lo que te pedimos que vuelvas a llenar tus datos en la p\u00e1gina anterior a esta y revisa que est\u00e9n bien escritos.<\/span><\/p>\n<p style=\"text-align: justify;\"><span style=\"font-weight: 400;\">Agenda la fecha, para el <strong>Women Techmakers International Women\u2019s Day 2023 \u201cAtrevete a ser&#8221;<\/strong>, que se llevar\u00e1 a cabo el el VIERNES 24 y S\u00c1BADO 25 DE MARZO, 2023.<\/span><\/p>\n<p style=\"text-align: justify;\"><span style=\"font-weight: 400;\">Para m\u00e1s informaci\u00f3n ingresa a\u00a0<a href=\"https:\/\/www.facebook.com\/InnovationLabUG\"><strong>InnovationLab.<\/strong><\/a><\/span><\/p>\n<p>[\/et_pb_text][\/et_pb_column][\/et_pb_row][et_pb_row _builder_version=&#8221;3.2.2&#8243;][et_pb_column type=&#8221;1_4&#8243; _builder_version=&#8221;3.0.47&#8243; parallax=&#8221;off&#8221; parallax_method=&#8221;on&#8221;][et_pb_image src=&#8221;http:\/\/www.galileo.edu\/page\/wp-content\/uploads\/2022\/02\/logo-galileo-01-3.png&#8221; _builder_version=&#8221;3.2.2&#8243; max_width_phone=&#8221;70%&#8221; max_width_last_edited=&#8221;on|phone&#8221; module_alignment=&#8221;center&#8221; custom_margin=&#8221;29px|||&#8221; custom_margin_tablet=&#8221;13px|||&#8221; custom_margin_phone=&#8221;-13px|||46px&#8221; custom_margin_last_edited=&#8221;on|phone&#8221;][\/et_pb_image][et_pb_social_media_follow _builder_version=&#8221;3.2.2&#8243; text_orientation=&#8221;center&#8221; custom_margin=&#8221;-19px|||39px&#8221; custom_margin_tablet=&#8221;-29px|||35px&#8221; custom_margin_phone=&#8221;|||0px&#8221; custom_margin_last_edited=&#8221;on|desktop&#8221;][et_pb_social_media_follow_network social_network=&#8221;facebook&#8221; url=&#8221;https:\/\/www.facebook.com\/ugalileo%20&#8243; _builder_version=&#8221;3.2.2&#8243; background_color=&#8221;#3b5998&#8243; follow_button=&#8221;off&#8221; url_new_window=&#8221;on&#8221;]facebook[\/et_pb_social_media_follow_network][et_pb_social_media_follow_network social_network=&#8221;instagram&#8221; url=&#8221;https:\/\/www.instagram.com\/ugalileo_edu%20&#8243; _builder_version=&#8221;3.2.2&#8243; background_color=&#8221;#ea2c59&#8243; follow_button=&#8221;off&#8221; url_new_window=&#8221;on&#8221;]instagram[\/et_pb_social_media_follow_network][\/et_pb_social_media_follow][\/et_pb_column][et_pb_column type=&#8221;1_4&#8243; _builder_version=&#8221;3.0.47&#8243; parallax=&#8221;off&#8221; parallax_method=&#8221;on&#8221;][et_pb_blurb title=&#8221;PBX&#8221; image=&#8221;http:\/\/www.galileo.edu\/page\/wp-content\/uploads\/2019\/05\/telephone.png&#8221; image_max_width=&#8221;25%&#8221; _builder_version=&#8221;3.2.2&#8243; header_font=&#8221;Poppins|700|||||||&#8221; header_text_align=&#8221;center&#8221; header_text_color=&#8221;#638CEF&#8221; body_font=&#8221;||||||||&#8221; body_text_align=&#8221;center&#8221; text_orientation=&#8221;center&#8221;]<\/p>\n<p style=\"text-align: center;\">+502 2423-8010<\/p>\n<p>[\/et_pb_blurb][\/et_pb_column][et_pb_column type=&#8221;1_4&#8243; _builder_version=&#8221;3.0.47&#8243; parallax=&#8221;off&#8221; parallax_method=&#8221;on&#8221;][et_pb_blurb title=&#8221;Correo electr\u00f3nico&#8221; image=&#8221;http:\/\/www.galileo.edu\/page\/wp-content\/uploads\/2019\/05\/mail-1.png&#8221; image_max_width=&#8221;25%&#8221; _builder_version=&#8221;3.2.2&#8243; header_font=&#8221;Poppins|700|||||||&#8221; header_text_align=&#8221;center&#8221; header_text_color=&#8221;#638CEF&#8221; body_font=&#8221;||||||||&#8221; body_text_align=&#8221;center&#8221; text_orientation=&#8221;center&#8221;]<\/p>\n<p style=\"text-align: center;\"><a href=\"mailto:innovationlab@galileo.edu\"><span style=\"font-weight: 400;\">innovationlab@galileo.edu<\/span><\/a><\/p>\n<p>[\/et_pb_blurb][\/et_pb_column][et_pb_column type=&#8221;1_4&#8243; _builder_version=&#8221;3.0.47&#8243; parallax=&#8221;off&#8221; parallax_method=&#8221;on&#8221;][et_pb_blurb title=&#8221;Direcci\u00f3n&#8221; image=&#8221;http:\/\/www.galileo.edu\/page\/wp-content\/uploads\/2019\/05\/placeholder-1.png&#8221; image_max_width=&#8221;25%&#8221; _builder_version=&#8221;3.2.2&#8243; header_font=&#8221;Poppins|800|||||||&#8221; header_text_align=&#8221;center&#8221; header_text_color=&#8221;#638CEF&#8221; body_font=&#8221;||||||||&#8221; body_text_align=&#8221;center&#8221; text_orientation=&#8221;center&#8221;]<\/p>\n<p>7a ave calle Dr. Eduardo Suger Cofi\u00f1o zona 10. Campus central Universidad Galileo.<\/p>\n<p>[\/et_pb_blurb][\/et_pb_column][\/et_pb_row][\/et_pb_section]<\/p>\n","protected":false},"excerpt":{"rendered":"<p>\u00a1Gracias por registrarte al IWD 2023!Revisa tu correo electr\u00f3nico. En pocos minutos recibir\u00e1s la informaci\u00f3n que solicitaste. Si no recibes el correo con la informaci\u00f3n de parte de Universidad Galileo en los pr\u00f3ximos minutos, busca en tus otras carpetas de correo como \u201cPromociones\u201d, \u201cNotificaciones\u201d o \u201cNewsletter\u201d, o bien en \u201cNo deseado\u201d o \u201cSpam\u201d, algunas veces [&hellip;]<\/p>\n","protected":false},"author":10,"featured_media":0,"parent":0,"menu_order":0,"comment_status":"closed","ping_status":"closed","template":"page-template-blank.php","meta":{"_et_pb_use_builder":"on","_et_pb_old_content":"","_et_gb_content_width":""},"yoast_head":"<!-- This site is optimized with the Yoast SEO plugin v20.13 - https:\/\/yoast.com\/wordpress\/plugins\/seo\/ -->\n<title>Gracias Women Techmakers International Women\u2019s Day 2022<\/title>\n<meta name=\"description\" content=\"Gracias por registrarte en el evento Women Techmakers International Women\u2019s Day 2022 \u201cMujeres protagonistas en las \u00e1reas de tecnolog\u00eda\u201d\" \/>\n<meta name=\"robots\" content=\"index, follow, max-snippet:-1, max-image-preview:large, max-video-preview:-1\" \/>\n<link rel=\"canonical\" href=\"https:\/\/www.galileo.edu\/page\/gracias-evento-international-women-day-women-techmakers\/\" \/>\n<meta property=\"og:locale\" content=\"en_US\" \/>\n<meta property=\"og:type\" content=\"article\" \/>\n<meta property=\"og:title\" content=\"Gracias Women Techmakers International Women\u2019s Day 2022\" \/>\n<meta property=\"og:description\" content=\"Gracias por registrarte en el evento Women Techmakers International Women\u2019s Day 2022 \u201cMujeres protagonistas en las \u00e1reas de tecnolog\u00eda\u201d\" \/>\n<meta property=\"og:url\" content=\"https:\/\/www.galileo.edu\/page\/gracias-evento-international-women-day-women-techmakers\/\" \/>\n<meta property=\"og:site_name\" content=\"Universidad Galileo\" \/>\n<meta property=\"article:modified_time\" content=\"2023-03-14T23:21:45+00:00\" \/>\n<meta name=\"twitter:card\" content=\"summary_large_image\" \/>\n<meta name=\"twitter:label1\" content=\"Est. reading time\" \/>\n\t<meta name=\"twitter:data1\" content=\"4 minutes\" \/>\n<script type=\"application\/ld+json\" class=\"yoast-schema-graph\">{\"@context\":\"https:\/\/schema.org\",\"@graph\":[{\"@type\":\"WebPage\",\"@id\":\"https:\/\/www.galileo.edu\/page\/gracias-evento-international-women-day-women-techmakers\/\",\"url\":\"https:\/\/www.galileo.edu\/page\/gracias-evento-international-women-day-women-techmakers\/\",\"name\":\"Gracias Women Techmakers International Women\u2019s Day 2022\",\"isPartOf\":{\"@id\":\"https:\/\/www.galileo.edu\/page\/#website\"},\"datePublished\":\"2022-02-09T18:23:56+00:00\",\"dateModified\":\"2023-03-14T23:21:45+00:00\",\"description\":\"Gracias por registrarte en el evento Women Techmakers International Women\u2019s Day 2022 \u201cMujeres protagonistas en las \u00e1reas de tecnolog\u00eda\u201d\",\"breadcrumb\":{\"@id\":\"https:\/\/www.galileo.edu\/page\/gracias-evento-international-women-day-women-techmakers\/#breadcrumb\"},\"inLanguage\":\"en-US\",\"potentialAction\":[{\"@type\":\"ReadAction\",\"target\":[\"https:\/\/www.galileo.edu\/page\/gracias-evento-international-women-day-women-techmakers\/\"]}]},{\"@type\":\"BreadcrumbList\",\"@id\":\"https:\/\/www.galileo.edu\/page\/gracias-evento-international-women-day-women-techmakers\/#breadcrumb\",\"itemListElement\":[{\"@type\":\"ListItem\",\"position\":1,\"name\":\"Home\",\"item\":\"https:\/\/www.galileo.edu\/page\/home\/\"},{\"@type\":\"ListItem\",\"position\":2,\"name\":\"Gracias Women Techmakers International Women\u2019s Day 2022\"}]},{\"@type\":\"WebSite\",\"@id\":\"https:\/\/www.galileo.edu\/page\/#website\",\"url\":\"https:\/\/www.galileo.edu\/page\/\",\"name\":\"Universidad Galileo\",\"description\":\"La revoluci\u00f3n en la educaci\u00f3n\",\"potentialAction\":[{\"@type\":\"SearchAction\",\"target\":{\"@type\":\"EntryPoint\",\"urlTemplate\":\"https:\/\/www.galileo.edu\/page\/?s={search_term_string}\"},\"query-input\":\"required name=search_term_string\"}],\"inLanguage\":\"en-US\"}]}<\/script>\n<!-- \/ Yoast SEO plugin. -->","yoast_head_json":{"title":"Gracias Women Techmakers International Women\u2019s Day 2022","description":"Gracias por registrarte en el evento Women Techmakers International Women\u2019s Day 2022 \u201cMujeres protagonistas en las \u00e1reas de tecnolog\u00eda\u201d","robots":{"index":"index","follow":"follow","max-snippet":"max-snippet:-1","max-image-preview":"max-image-preview:large","max-video-preview":"max-video-preview:-1"},"canonical":"https:\/\/www.galileo.edu\/page\/gracias-evento-international-women-day-women-techmakers\/","og_locale":"en_US","og_type":"article","og_title":"Gracias Women Techmakers International Women\u2019s Day 2022","og_description":"Gracias por registrarte en el evento Women Techmakers International Women\u2019s Day 2022 \u201cMujeres protagonistas en las \u00e1reas de tecnolog\u00eda\u201d","og_url":"https:\/\/www.galileo.edu\/page\/gracias-evento-international-women-day-women-techmakers\/","og_site_name":"Universidad Galileo","article_modified_time":"2023-03-14T23:21:45+00:00","twitter_card":"summary_large_image","twitter_misc":{"Est. reading time":"4 minutes"},"schema":{"@context":"https:\/\/schema.org","@graph":[{"@type":"WebPage","@id":"https:\/\/www.galileo.edu\/page\/gracias-evento-international-women-day-women-techmakers\/","url":"https:\/\/www.galileo.edu\/page\/gracias-evento-international-women-day-women-techmakers\/","name":"Gracias Women Techmakers International Women\u2019s Day 2022","isPartOf":{"@id":"https:\/\/www.galileo.edu\/page\/#website"},"datePublished":"2022-02-09T18:23:56+00:00","dateModified":"2023-03-14T23:21:45+00:00","description":"Gracias por registrarte en el evento Women Techmakers International Women\u2019s Day 2022 \u201cMujeres protagonistas en las \u00e1reas de tecnolog\u00eda\u201d","breadcrumb":{"@id":"https:\/\/www.galileo.edu\/page\/gracias-evento-international-women-day-women-techmakers\/#breadcrumb"},"inLanguage":"en-US","potentialAction":[{"@type":"ReadAction","target":["https:\/\/www.galileo.edu\/page\/gracias-evento-international-women-day-women-techmakers\/"]}]},{"@type":"BreadcrumbList","@id":"https:\/\/www.galileo.edu\/page\/gracias-evento-international-women-day-women-techmakers\/#breadcrumb","itemListElement":[{"@type":"ListItem","position":1,"name":"Home","item":"https:\/\/www.galileo.edu\/page\/home\/"},{"@type":"ListItem","position":2,"name":"Gracias Women Techmakers International Women\u2019s Day 2022"}]},{"@type":"WebSite","@id":"https:\/\/www.galileo.edu\/page\/#website","url":"https:\/\/www.galileo.edu\/page\/","name":"Universidad Galileo","description":"La revoluci\u00f3n en la educaci\u00f3n","potentialAction":[{"@type":"SearchAction","target":{"@type":"EntryPoint","urlTemplate":"https:\/\/www.galileo.edu\/page\/?s={search_term_string}"},"query-input":"required name=search_term_string"}],"inLanguage":"en-US"}]}},"_links":{"self":[{"href":"https:\/\/www.galileo.edu\/page\/wp-json\/wp\/v2\/pages\/47951"}],"collection":[{"href":"https:\/\/www.galileo.edu\/page\/wp-json\/wp\/v2\/pages"}],"about":[{"href":"https:\/\/www.galileo.edu\/page\/wp-json\/wp\/v2\/types\/page"}],"author":[{"embeddable":true,"href":"https:\/\/www.galileo.edu\/page\/wp-json\/wp\/v2\/users\/10"}],"replies":[{"embeddable":true,"href":"https:\/\/www.galileo.edu\/page\/wp-json\/wp\/v2\/comments?post=47951"}],"version-history":[{"count":39,"href":"https:\/\/www.galileo.edu\/page\/wp-json\/wp\/v2\/pages\/47951\/revisions"}],"predecessor-version":[{"id":70303,"href":"https:\/\/www.galileo.edu\/page\/wp-json\/wp\/v2\/pages\/47951\/revisions\/70303"}],"wp:attachment":[{"href":"https:\/\/www.galileo.edu\/page\/wp-json\/wp\/v2\/media?parent=47951"}],"curies":[{"name":"wp","href":"https:\/\/api.w.org\/{rel}","templated":true}]}}