{"id":45804,"date":"2021-11-19T19:03:07","date_gmt":"2021-11-19T19:03:07","guid":{"rendered":"https:\/\/www.galileo.edu\/page\/?page_id=45804"},"modified":"2021-11-19T19:05:28","modified_gmt":"2021-11-19T19:05:28","slug":"gracias-registro-webinar-resultados-cop-futuro-energias-renovables","status":"publish","type":"page","link":"https:\/\/www.galileo.edu\/page\/gracias-registro-webinar-resultados-cop-futuro-energias-renovables\/","title":{"rendered":"Gracias Registro Webinar Resultados de la COP26 y el futuro de las energ\u00edas renovables"},"content":{"rendered":"<p>[et_pb_section fb_built=&#8221;1&#8243; _builder_version=&#8221;3.0.47&#8243; custom_padding=&#8221;54px|0px|29px|0px|false|false&#8221;][et_pb_row custom_padding=&#8221;27px|0px|50px|0px|false|false&#8221; _builder_version=&#8221;3.0.47&#8243; background_size=&#8221;initial&#8221; background_position=&#8221;top_left&#8221; background_repeat=&#8221;repeat&#8221;][et_pb_column type=&#8221;1_2&#8243; _builder_version=&#8221;3.0.47&#8243; parallax=&#8221;off&#8221; parallax_method=&#8221;on&#8221;][et_pb_text _builder_version=&#8221;3.2.2&#8243; text_font=&#8221;Raleway|700|||||||&#8221; text_font_size=&#8221;35px&#8221; header_font=&#8221;Poppins|700|||||||&#8221; header_text_color=&#8221;#0b1151&#8243; header_font_size=&#8221;48px&#8221; header_font_size_last_edited=&#8221;on|desktop&#8221; header_line_height=&#8221;1.1em&#8221; header_2_font=&#8221;Poppins|300|||||||&#8221; header_2_text_color=&#8221;#8c513b&#8221; header_2_font_size=&#8221;30px&#8221; header_2_font_size_last_edited=&#8221;on|desktop&#8221;]<\/p>\n<h2 style=\"text-align: left;\">\u00a1Gracias por registrarte al Webinar gratuito!<\/span><\/h2>\n<h1>Resultados de la COP26 y el futuro de las energ\u00edas renovables<br \/>\n<\/h1>\n<p>[\/et_pb_text][\/et_pb_column][et_pb_column type=&#8221;1_2&#8243; _builder_version=&#8221;3.0.47&#8243; parallax=&#8221;off&#8221; parallax_method=&#8221;on&#8221;][et_pb_text _builder_version=&#8221;3.2.2&#8243;]<\/p>\n<p style=\"text-align: justify;\">Tu registro est\u00e1 completo.\u00a0<strong>Revisa tu correo electr\u00f3nico<\/strong> para ver m\u00e1s detalles sobre el evento. Y qu\u00e9date pendiente porque recibir\u00e1s el enlace para conectarte.<\/p>\n<p>Si no recibes el correo con la informaci\u00f3n de parte de Universidad Galileo en los pr\u00f3ximos minutos,<strong> busca en tus otras carpetas de correo como \u201cPromociones\u201d, \u201cNotificaciones\u201d o &#8220;Newsletter&#8221;, o bien en \u201cNo deseado\u201d o \u201cSpam\u201d, algunas veces se filtran all\u00ed<\/strong>. Si no te llega el correo electr\u00f3nico, puede ser que escribiste mal tu email, por lo que te pedimos que vuelvas a llenar tus datos en la p\u00e1gina anterior a esta y revisa que est\u00e9n bien escritos. Agenda la fecha, el webinar gratuito ser\u00e1 el <strong>MARTES 30 DE NOVIEMBRE del a\u00f1o 2021 a las 18:30 horas Guatemala (UTC-6).<\/strong><\/p>\n<p>[\/et_pb_text][\/et_pb_column][\/et_pb_row][et_pb_row custom_padding=&#8221;14px|0px|27px|0px|false|false&#8221; _builder_version=&#8221;3.2.2&#8243;][et_pb_column type=&#8221;1_2&#8243; _builder_version=&#8221;3.0.47&#8243; parallax=&#8221;off&#8221; parallax_method=&#8221;on&#8221;][et_pb_image src=&#8221;http:\/\/www.galileo.edu\/page\/wp-content\/uploads\/2019\/05\/telephone.png&#8221; align=&#8221;center&#8221; _builder_version=&#8221;3.2.2&#8243; max_width=&#8221;17%&#8221;][\/et_pb_image][et_pb_text _builder_version=&#8221;3.2.2&#8243;]<\/p>\n<h5 style=\"text-align: center;\"><strong>PBX: +502 2423-8000 Ext.\u00a07327<\/strong><\/h5>\n<p>[\/et_pb_text][\/et_pb_column][et_pb_column type=&#8221;1_2&#8243; _builder_version=&#8221;3.0.47&#8243; parallax=&#8221;off&#8221; parallax_method=&#8221;on&#8221;][et_pb_image src=&#8221;http:\/\/www.galileo.edu\/page\/wp-content\/uploads\/2019\/05\/mail-1.png&#8221; align=&#8221;center&#8221; _builder_version=&#8221;3.2.2&#8243; max_width=&#8221;20%&#8221;][\/et_pb_image][et_pb_text _builder_version=&#8221;3.2.2&#8243;]<\/p>\n<h5 style=\"text-align: center;\"><strong><a href=\"mailto:ire@galileo.edu\">ire@galileo.edu<\/a><\/strong><\/h5>\n<h5 style=\"text-align: center;\"><a href=\"mailto:mgdp@galileo.edu\" target=\"_blank\" rel=\"noopener noreferrer\"><\/a><\/h5>\n<p>[\/et_pb_text][\/et_pb_column][\/et_pb_row][et_pb_row _builder_version=&#8221;3.2.2&#8243;][et_pb_column type=&#8221;4_4&#8243; _builder_version=&#8221;3.2.2&#8243; parallax=&#8221;off&#8221; parallax_method=&#8221;on&#8221;][et_pb_image src=&#8221;http:\/\/www.galileo.edu\/page\/wp-content\/uploads\/2021\/05\/Galileo-Sin-slogan.png&#8221; _builder_version=&#8221;3.2.2&#8243; max_width=&#8221;40%&#8221; max_width_tablet=&#8221;57%&#8221; max_width_last_edited=&#8221;on|phone&#8221; module_alignment=&#8221;center&#8221;][\/et_pb_image][\/et_pb_column][\/et_pb_row][\/et_pb_section]<\/p>\n","protected":false},"excerpt":{"rendered":"<p>\u00a1Gracias por registrarte al Webinar gratuito! Resultados de la COP26 y el futuro de las energ\u00edas renovables Tu registro est\u00e1 completo.\u00a0Revisa tu correo electr\u00f3nico para ver m\u00e1s detalles sobre el evento. Y qu\u00e9date pendiente porque recibir\u00e1s el enlace para conectarte. Si no recibes el correo con la informaci\u00f3n de parte de Universidad Galileo en los [&hellip;]<\/p>\n","protected":false},"author":9,"featured_media":0,"parent":0,"menu_order":0,"comment_status":"closed","ping_status":"closed","template":"page-template-blank.php","meta":{"_et_pb_use_builder":"on","_et_pb_old_content":"","_et_gb_content_width":""},"yoast_head":"<!-- This site is optimized with the Yoast SEO plugin v20.13 - https:\/\/yoast.com\/wordpress\/plugins\/seo\/ -->\n<title>Gracias Registro Resultados de la COP26 y el futuro de las energ\u00edas renovables<\/title>\n<meta name=\"description\" content=\"Gracias por registrarte al Webinar: 5 pasos para el ahorro energ\u00e9tico en edificaciones, este mi\u00e9rcoles 27 de oct 2021 a las 18:30 horas\" \/>\n<meta name=\"robots\" content=\"index, follow, max-snippet:-1, max-image-preview:large, max-video-preview:-1\" \/>\n<link rel=\"canonical\" href=\"https:\/\/www.galileo.edu\/page\/gracias-registro-webinar-resultados-cop-futuro-energias-renovables\/\" \/>\n<meta property=\"og:locale\" content=\"en_US\" \/>\n<meta property=\"og:type\" content=\"article\" \/>\n<meta property=\"og:title\" content=\"Gracias Registro Resultados de la COP26 y el futuro de las energ\u00edas renovables\" \/>\n<meta property=\"og:description\" content=\"Gracias por registrarte al Webinar: 5 pasos para el ahorro energ\u00e9tico en edificaciones, este mi\u00e9rcoles 27 de oct 2021 a las 18:30 horas\" \/>\n<meta property=\"og:url\" content=\"https:\/\/www.galileo.edu\/page\/gracias-registro-webinar-resultados-cop-futuro-energias-renovables\/\" \/>\n<meta property=\"og:site_name\" content=\"Universidad Galileo\" \/>\n<meta property=\"article:modified_time\" content=\"2021-11-19T19:05:28+00:00\" \/>\n<meta name=\"twitter:card\" content=\"summary_large_image\" \/>\n<meta name=\"twitter:label1\" content=\"Est. reading time\" \/>\n\t<meta name=\"twitter:data1\" content=\"2 minutes\" \/>\n<script type=\"application\/ld+json\" class=\"yoast-schema-graph\">{\"@context\":\"https:\/\/schema.org\",\"@graph\":[{\"@type\":\"WebPage\",\"@id\":\"https:\/\/www.galileo.edu\/page\/gracias-registro-webinar-resultados-cop-futuro-energias-renovables\/\",\"url\":\"https:\/\/www.galileo.edu\/page\/gracias-registro-webinar-resultados-cop-futuro-energias-renovables\/\",\"name\":\"Gracias Registro Resultados de la COP26 y el futuro de las energ\u00edas renovables\",\"isPartOf\":{\"@id\":\"https:\/\/www.galileo.edu\/page\/#website\"},\"datePublished\":\"2021-11-19T19:03:07+00:00\",\"dateModified\":\"2021-11-19T19:05:28+00:00\",\"description\":\"Gracias por registrarte al Webinar: 5 pasos para el ahorro energ\u00e9tico en edificaciones, este mi\u00e9rcoles 27 de oct 2021 a las 18:30 horas\",\"breadcrumb\":{\"@id\":\"https:\/\/www.galileo.edu\/page\/gracias-registro-webinar-resultados-cop-futuro-energias-renovables\/#breadcrumb\"},\"inLanguage\":\"en-US\",\"potentialAction\":[{\"@type\":\"ReadAction\",\"target\":[\"https:\/\/www.galileo.edu\/page\/gracias-registro-webinar-resultados-cop-futuro-energias-renovables\/\"]}]},{\"@type\":\"BreadcrumbList\",\"@id\":\"https:\/\/www.galileo.edu\/page\/gracias-registro-webinar-resultados-cop-futuro-energias-renovables\/#breadcrumb\",\"itemListElement\":[{\"@type\":\"ListItem\",\"position\":1,\"name\":\"Home\",\"item\":\"https:\/\/www.galileo.edu\/page\/home\/\"},{\"@type\":\"ListItem\",\"position\":2,\"name\":\"Gracias Registro Webinar Resultados de la COP26 y el futuro de las energ\u00edas renovables\"}]},{\"@type\":\"WebSite\",\"@id\":\"https:\/\/www.galileo.edu\/page\/#website\",\"url\":\"https:\/\/www.galileo.edu\/page\/\",\"name\":\"Universidad Galileo\",\"description\":\"La revoluci\u00f3n en la educaci\u00f3n\",\"potentialAction\":[{\"@type\":\"SearchAction\",\"target\":{\"@type\":\"EntryPoint\",\"urlTemplate\":\"https:\/\/www.galileo.edu\/page\/?s={search_term_string}\"},\"query-input\":\"required name=search_term_string\"}],\"inLanguage\":\"en-US\"}]}<\/script>\n<!-- \/ Yoast SEO plugin. -->","yoast_head_json":{"title":"Gracias Registro Resultados de la COP26 y el futuro de las energ\u00edas renovables","description":"Gracias por registrarte al Webinar: 5 pasos para el ahorro energ\u00e9tico en edificaciones, este mi\u00e9rcoles 27 de oct 2021 a las 18:30 horas","robots":{"index":"index","follow":"follow","max-snippet":"max-snippet:-1","max-image-preview":"max-image-preview:large","max-video-preview":"max-video-preview:-1"},"canonical":"https:\/\/www.galileo.edu\/page\/gracias-registro-webinar-resultados-cop-futuro-energias-renovables\/","og_locale":"en_US","og_type":"article","og_title":"Gracias Registro Resultados de la COP26 y el futuro de las energ\u00edas renovables","og_description":"Gracias por registrarte al Webinar: 5 pasos para el ahorro energ\u00e9tico en edificaciones, este mi\u00e9rcoles 27 de oct 2021 a las 18:30 horas","og_url":"https:\/\/www.galileo.edu\/page\/gracias-registro-webinar-resultados-cop-futuro-energias-renovables\/","og_site_name":"Universidad Galileo","article_modified_time":"2021-11-19T19:05:28+00:00","twitter_card":"summary_large_image","twitter_misc":{"Est. reading time":"2 minutes"},"schema":{"@context":"https:\/\/schema.org","@graph":[{"@type":"WebPage","@id":"https:\/\/www.galileo.edu\/page\/gracias-registro-webinar-resultados-cop-futuro-energias-renovables\/","url":"https:\/\/www.galileo.edu\/page\/gracias-registro-webinar-resultados-cop-futuro-energias-renovables\/","name":"Gracias Registro Resultados de la COP26 y el futuro de las energ\u00edas renovables","isPartOf":{"@id":"https:\/\/www.galileo.edu\/page\/#website"},"datePublished":"2021-11-19T19:03:07+00:00","dateModified":"2021-11-19T19:05:28+00:00","description":"Gracias por registrarte al Webinar: 5 pasos para el ahorro energ\u00e9tico en edificaciones, este mi\u00e9rcoles 27 de oct 2021 a las 18:30 horas","breadcrumb":{"@id":"https:\/\/www.galileo.edu\/page\/gracias-registro-webinar-resultados-cop-futuro-energias-renovables\/#breadcrumb"},"inLanguage":"en-US","potentialAction":[{"@type":"ReadAction","target":["https:\/\/www.galileo.edu\/page\/gracias-registro-webinar-resultados-cop-futuro-energias-renovables\/"]}]},{"@type":"BreadcrumbList","@id":"https:\/\/www.galileo.edu\/page\/gracias-registro-webinar-resultados-cop-futuro-energias-renovables\/#breadcrumb","itemListElement":[{"@type":"ListItem","position":1,"name":"Home","item":"https:\/\/www.galileo.edu\/page\/home\/"},{"@type":"ListItem","position":2,"name":"Gracias Registro Webinar Resultados de la COP26 y el futuro de las energ\u00edas renovables"}]},{"@type":"WebSite","@id":"https:\/\/www.galileo.edu\/page\/#website","url":"https:\/\/www.galileo.edu\/page\/","name":"Universidad Galileo","description":"La revoluci\u00f3n en la educaci\u00f3n","potentialAction":[{"@type":"SearchAction","target":{"@type":"EntryPoint","urlTemplate":"https:\/\/www.galileo.edu\/page\/?s={search_term_string}"},"query-input":"required name=search_term_string"}],"inLanguage":"en-US"}]}},"_links":{"self":[{"href":"https:\/\/www.galileo.edu\/page\/wp-json\/wp\/v2\/pages\/45804"}],"collection":[{"href":"https:\/\/www.galileo.edu\/page\/wp-json\/wp\/v2\/pages"}],"about":[{"href":"https:\/\/www.galileo.edu\/page\/wp-json\/wp\/v2\/types\/page"}],"author":[{"embeddable":true,"href":"https:\/\/www.galileo.edu\/page\/wp-json\/wp\/v2\/users\/9"}],"replies":[{"embeddable":true,"href":"https:\/\/www.galileo.edu\/page\/wp-json\/wp\/v2\/comments?post=45804"}],"version-history":[{"count":3,"href":"https:\/\/www.galileo.edu\/page\/wp-json\/wp\/v2\/pages\/45804\/revisions"}],"predecessor-version":[{"id":45808,"href":"https:\/\/www.galileo.edu\/page\/wp-json\/wp\/v2\/pages\/45804\/revisions\/45808"}],"wp:attachment":[{"href":"https:\/\/www.galileo.edu\/page\/wp-json\/wp\/v2\/media?parent=45804"}],"curies":[{"name":"wp","href":"https:\/\/api.w.org\/{rel}","templated":true}]}}