{"id":44671,"date":"2021-11-02T15:26:04","date_gmt":"2021-11-02T15:26:04","guid":{"rendered":"https:\/\/www.galileo.edu\/page\/?page_id=44671"},"modified":"2021-11-03T02:34:07","modified_gmt":"2021-11-03T02:34:07","slug":"gracias-registro-open-day-maestria-ingenieria-biomedica-2021","status":"publish","type":"page","link":"https:\/\/www.galileo.edu\/page\/gracias-registro-open-day-maestria-ingenieria-biomedica-2021\/","title":{"rendered":"Gracias Open Day Maestr\u00eda en Ingenier\u00eda Biom\u00e9dica 2021"},"content":{"rendered":"<p>[et_pb_section fb_built=&#8221;1&#8243; _builder_version=&#8221;3.0.47&#8243;][et_pb_row _builder_version=&#8221;3.0.47&#8243; background_size=&#8221;initial&#8221; background_position=&#8221;top_left&#8221; background_repeat=&#8221;repeat&#8221;][et_pb_column type=&#8221;1_2&#8243; _builder_version=&#8221;3.0.47&#8243; parallax=&#8221;off&#8221; parallax_method=&#8221;on&#8221;][et_pb_text _builder_version=&#8221;3.2.2&#8243; text_font=&#8221;Raleway|700|||||||&#8221; text_font_size=&#8221;35px&#8221; header_font=&#8221;Montserrat|700|||||||&#8221; header_text_color=&#8221;#ff8d17&#8243; header_font_size=&#8221;36px&#8221; header_font_size_last_edited=&#8221;on|desktop&#8221; header_line_height=&#8221;1.1em&#8221;]<\/p>\n<h1><span style=\"color: #084e7a;\">Gracias por registrarte al <b>Open Day Maestr\u00eda en Ingenier\u00eda Biom\u00e9dica<\/b><\/span><\/h1>\n<p>[\/et_pb_text][\/et_pb_column][et_pb_column type=&#8221;1_2&#8243; _builder_version=&#8221;3.0.47&#8243; parallax=&#8221;off&#8221; parallax_method=&#8221;on&#8221;][et_pb_text _builder_version=&#8221;3.2.2&#8243;]<\/p>\n<p><b>Revisa tu correo electr\u00f3nico.<\/b><span style=\"font-weight: 400;\"> En pocos minutos recibir\u00e1s la informaci\u00f3n que solicitaste.<\/span><\/p>\n<p><span style=\"font-weight: 400;\">Si no recibes el correo con la informaci\u00f3n de parte de Universidad Galileo en los pr\u00f3ximos minutos,<\/span><b> busca en tus otras carpetas de correo como \u201cPromociones\u201d, \u201cNotificaciones\u201d o \u201cNewsletter\u201d, o bien en \u201cNo deseado\u201d o \u201cSpam\u201d, algunas veces se filtran all\u00ed<\/b><span style=\"font-weight: 400;\">. Si no te llega el correo electr\u00f3nico, puede ser que escribiste mal tu email, por lo que te pedimos que vuelvas a llenar tus datos en la p\u00e1gina anterior a esta y revisa que est\u00e9n bien escritos.\u00a0Agenda la fecha, el Open Day gratuito ser\u00e1 el <strong>MI\u00c9RCOLES 17 DE NOVIEMBRE<\/strong> del a\u00f1o 2021 a las <strong>18:30 horas Guatemala<\/strong> (UTC-6).<\/span><\/p>\n<p><a href=\"https:\/\/www.facebook.com\/admisionesgalileo\"><span style=\"font-weight: 400;\">Ahora ingresa a Admisiones Galileo y s\u00edguenos.<\/span><\/a><\/p>\n<p><span style=\"font-weight: 400;\">Si deseas resolver tus dudas, comun\u00edcate con nosotros. \u00a1Ser\u00e1 un gusto atenderte como te mereces!<\/span><\/p>\n<p>[\/et_pb_text][\/et_pb_column][\/et_pb_row][et_pb_row _builder_version=&#8221;3.2.2&#8243;][et_pb_column type=&#8221;1_3&#8243; _builder_version=&#8221;3.0.47&#8243; parallax=&#8221;off&#8221; parallax_method=&#8221;on&#8221;][et_pb_blurb title=&#8221;PBX&#8221; image=&#8221;http:\/\/www.galileo.edu\/page\/wp-content\/uploads\/2019\/05\/telephone.png&#8221; image_max_width=&#8221;25%&#8221; _builder_version=&#8221;3.2.2&#8243; header_font=&#8221;||||||||&#8221; header_text_align=&#8221;center&#8221; body_font=&#8221;||||||||&#8221; body_text_align=&#8221;center&#8221; text_orientation=&#8221;center&#8221;]<\/p>\n<h5>+(502) +502 2423-8000 ext 4310, 7710<\/h5>\n<p>[\/et_pb_blurb][\/et_pb_column][et_pb_column type=&#8221;1_3&#8243; _builder_version=&#8221;3.0.47&#8243; parallax=&#8221;off&#8221; parallax_method=&#8221;on&#8221;][et_pb_blurb title=&#8221;Correo electr\u00f3nico&#8221; image=&#8221;http:\/\/www.galileo.edu\/page\/wp-content\/uploads\/2019\/05\/mail-1.png&#8221; image_max_width=&#8221;25%&#8221; _builder_version=&#8221;3.2.2&#8243; header_font=&#8221;||||||||&#8221; header_text_align=&#8221;center&#8221; body_font=&#8221;||||||||&#8221; body_text_align=&#8221;center&#8221; text_orientation=&#8221;center&#8221;]<\/p>\n<p style=\"text-align: center;\"><a class=\"Xx\" dir=\"ltr\" tabindex=\"-1\" href=\"mailto:biomedica@galileo.edu\" target=\"_blank\" rel=\"nofollow noopener noreferrer\" data-display=\"biomedica@galileo.edu\" data-sanitized=\"mailto:biomedica@galileo.edu\">biomedica@galileo.edu<\/a><\/p>\n<p>[\/et_pb_blurb][\/et_pb_column][et_pb_column type=&#8221;1_3&#8243; _builder_version=&#8221;3.0.47&#8243; parallax=&#8221;off&#8221; parallax_method=&#8221;on&#8221;][et_pb_blurb title=&#8221;Direcci\u00f3n&#8221; image=&#8221;http:\/\/www.galileo.edu\/page\/wp-content\/uploads\/2019\/05\/placeholder-1.png&#8221; image_max_width=&#8221;25%&#8221; _builder_version=&#8221;3.2.2&#8243; header_font=&#8221;||||||||&#8221; header_text_align=&#8221;center&#8221; body_font=&#8221;||||||||&#8221; body_text_align=&#8221;center&#8221; text_orientation=&#8221;center&#8221;]Oficina 305 \u201cA\u201d, 3er Nivel, Torre I, Campus Central, Universidad Galileo 7a. avenida calle Dr. Eduardo Suger Cofi\u00f1o zona 10<br \/>\n[\/et_pb_blurb][\/et_pb_column][\/et_pb_row][et_pb_row disabled_on=&#8221;on|on|on&#8221; _builder_version=&#8221;3.2.2&#8243; disabled=&#8221;on&#8221;][et_pb_column type=&#8221;1_4&#8243; _builder_version=&#8221;3.0.47&#8243; parallax=&#8221;off&#8221; parallax_method=&#8221;on&#8221;][et_pb_blurb title=&#8221;PBX&#8221; image=&#8221;http:\/\/www.galileo.edu\/page\/wp-content\/uploads\/2019\/05\/telephone.png&#8221; image_max_width=&#8221;25%&#8221; _builder_version=&#8221;3.2.2&#8243; header_font=&#8221;||||||||&#8221; header_text_align=&#8221;center&#8221; body_font=&#8221;||||||||&#8221; body_text_align=&#8221;center&#8221; text_orientation=&#8221;center&#8221;]<\/p>\n<h5><a href=\"tel:+502 24238000\">+(502) 2423-8000 ext 7272, 7273 y 7119<\/a><\/h5>\n<p>[\/et_pb_blurb][\/et_pb_column][et_pb_column type=&#8221;1_4&#8243; _builder_version=&#8221;3.0.47&#8243; parallax=&#8221;off&#8221; parallax_method=&#8221;on&#8221;][et_pb_blurb title=&#8221;WhatsApp&#8221; image=&#8221;http:\/\/www.galileo.edu\/page\/wp-content\/uploads\/2020\/10\/1200px-WhatsApp_logo-color-vertical.svg_.jpg&#8221; image_max_width=&#8221;25%&#8221; _builder_version=&#8221;3.2.2&#8243; header_font=&#8221;||||||||&#8221; header_text_align=&#8221;center&#8221; body_font=&#8221;||||||||&#8221; body_text_align=&#8221;center&#8221; text_orientation=&#8221;center&#8221;]<\/p>\n<p style=\"text-align: center;\">2315-6274<\/p>\n<p>[\/et_pb_blurb][\/et_pb_column][et_pb_column type=&#8221;1_4&#8243; _builder_version=&#8221;3.0.47&#8243; parallax=&#8221;off&#8221; parallax_method=&#8221;on&#8221;][et_pb_blurb title=&#8221;Correo electr\u00f3nico&#8221; image=&#8221;http:\/\/www.galileo.edu\/page\/wp-content\/uploads\/2019\/05\/mail-1.png&#8221; image_max_width=&#8221;25%&#8221; _builder_version=&#8221;3.2.2&#8243; header_font=&#8221;||||||||&#8221; header_text_align=&#8221;center&#8221; body_font=&#8221;||||||||&#8221; body_text_align=&#8221;center&#8221; text_orientation=&#8221;center&#8221;]<\/p>\n<p style=\"text-align: center;\"><a class=\"mail-footer\" href=\"mailto:maise@galileo.edu\">maise@galileo.edu<\/a><\/p>\n<p>[\/et_pb_blurb][\/et_pb_column][et_pb_column type=&#8221;1_4&#8243; _builder_version=&#8221;3.0.47&#8243; parallax=&#8221;off&#8221; parallax_method=&#8221;on&#8221;][et_pb_blurb title=&#8221;Direcci\u00f3n&#8221; image=&#8221;http:\/\/www.galileo.edu\/page\/wp-content\/uploads\/2019\/05\/placeholder-1.png&#8221; image_max_width=&#8221;25%&#8221; _builder_version=&#8221;3.2.2&#8243; header_font=&#8221;||||||||&#8221; header_text_align=&#8221;center&#8221; body_font=&#8221;||||||||&#8221; body_text_align=&#8221;center&#8221; text_orientation=&#8221;center&#8221;]<span style=\"font-weight: 400;\">Universidad Galileo 7a. Avenida, calle Dr. Eduardo Suger Cofi\u00f1o, Zona 10<\/span><br \/>\n[\/et_pb_blurb][\/et_pb_column][\/et_pb_row][et_pb_row custom_padding=&#8221;60px|0px|27px|0px|false|false&#8221; _builder_version=&#8221;3.2.2&#8243;][et_pb_column type=&#8221;4_4&#8243; _builder_version=&#8221;3.0.47&#8243; parallax=&#8221;off&#8221; parallax_method=&#8221;on&#8221;][et_pb_image src=&#8221;http:\/\/www.galileo.edu\/page\/wp-content\/uploads\/2020\/08\/logo_u_galileo.png&#8221; align=&#8221;center&#8221; _builder_version=&#8221;3.2.2&#8243; max_width=&#8221;94%&#8221; max_width_tablet=&#8221;50%&#8221; max_width_last_edited=&#8221;on|phone&#8221;][\/et_pb_image][\/et_pb_column][\/et_pb_row][\/et_pb_section]<\/p>\n","protected":false},"excerpt":{"rendered":"<p>Gracias por registrarte al Open Day Maestr\u00eda en Ingenier\u00eda Biom\u00e9dicaRevisa tu correo electr\u00f3nico. En pocos minutos recibir\u00e1s la informaci\u00f3n que solicitaste. Si no recibes el correo con la informaci\u00f3n de parte de Universidad Galileo en los pr\u00f3ximos minutos, busca en tus otras carpetas de correo como \u201cPromociones\u201d, \u201cNotificaciones\u201d o \u201cNewsletter\u201d, o bien en \u201cNo deseado\u201d [&hellip;]<\/p>\n","protected":false},"author":10,"featured_media":44658,"parent":0,"menu_order":0,"comment_status":"closed","ping_status":"closed","template":"page-template-blank.php","meta":{"_et_pb_use_builder":"on","_et_pb_old_content":"","_et_gb_content_width":""},"yoast_head":"<!-- This site is optimized with the Yoast SEO plugin v20.13 - https:\/\/yoast.com\/wordpress\/plugins\/seo\/ -->\n<title>Gracias Open Day Maestr\u00eda en Ingenier\u00eda Biom\u00e9dica 2021<\/title>\n<meta name=\"description\" content=\"Gracias por registrarte al Open Day Maestr\u00eda en Ingenier\u00eda Biom\u00e9dica que se llevar\u00e1 a cabo el miercoles 17 de noviembre del 2021 de manera virtual.\" \/>\n<meta name=\"robots\" content=\"index, follow, max-snippet:-1, max-image-preview:large, max-video-preview:-1\" \/>\n<link rel=\"canonical\" href=\"https:\/\/www.galileo.edu\/page\/gracias-registro-open-day-maestria-ingenieria-biomedica-2021\/\" \/>\n<meta property=\"og:locale\" content=\"en_US\" \/>\n<meta property=\"og:type\" content=\"article\" \/>\n<meta property=\"og:title\" content=\"Gracias Open Day Maestr\u00eda en Ingenier\u00eda Biom\u00e9dica 2021\" \/>\n<meta property=\"og:description\" content=\"Gracias por registrarte al Open Day Maestr\u00eda en Ingenier\u00eda Biom\u00e9dica que se llevar\u00e1 a cabo el miercoles 17 de noviembre del 2021 de manera virtual.\" \/>\n<meta property=\"og:url\" content=\"https:\/\/www.galileo.edu\/page\/gracias-registro-open-day-maestria-ingenieria-biomedica-2021\/\" \/>\n<meta property=\"og:site_name\" content=\"Universidad Galileo\" \/>\n<meta property=\"article:modified_time\" content=\"2021-11-03T02:34:07+00:00\" \/>\n<meta property=\"og:image\" content=\"https:\/\/www.galileo.edu\/page\/wp-content\/uploads\/2021\/10\/HEADER-LP-ENLACE-3.jpg\" \/>\n\t<meta property=\"og:image:width\" content=\"702\" \/>\n\t<meta property=\"og:image:height\" content=\"752\" \/>\n\t<meta property=\"og:image:type\" content=\"image\/jpeg\" \/>\n<meta name=\"twitter:card\" content=\"summary_large_image\" \/>\n<meta name=\"twitter:label1\" content=\"Est. reading time\" \/>\n\t<meta name=\"twitter:data1\" content=\"4 minutes\" \/>\n<script type=\"application\/ld+json\" class=\"yoast-schema-graph\">{\"@context\":\"https:\/\/schema.org\",\"@graph\":[{\"@type\":\"WebPage\",\"@id\":\"https:\/\/www.galileo.edu\/page\/gracias-registro-open-day-maestria-ingenieria-biomedica-2021\/\",\"url\":\"https:\/\/www.galileo.edu\/page\/gracias-registro-open-day-maestria-ingenieria-biomedica-2021\/\",\"name\":\"Gracias Open Day Maestr\u00eda en Ingenier\u00eda Biom\u00e9dica 2021\",\"isPartOf\":{\"@id\":\"https:\/\/www.galileo.edu\/page\/#website\"},\"datePublished\":\"2021-11-02T15:26:04+00:00\",\"dateModified\":\"2021-11-03T02:34:07+00:00\",\"description\":\"Gracias por registrarte al Open Day Maestr\u00eda en Ingenier\u00eda Biom\u00e9dica que se llevar\u00e1 a cabo el miercoles 17 de noviembre del 2021 de manera virtual.\",\"breadcrumb\":{\"@id\":\"https:\/\/www.galileo.edu\/page\/gracias-registro-open-day-maestria-ingenieria-biomedica-2021\/#breadcrumb\"},\"inLanguage\":\"en-US\",\"potentialAction\":[{\"@type\":\"ReadAction\",\"target\":[\"https:\/\/www.galileo.edu\/page\/gracias-registro-open-day-maestria-ingenieria-biomedica-2021\/\"]}]},{\"@type\":\"BreadcrumbList\",\"@id\":\"https:\/\/www.galileo.edu\/page\/gracias-registro-open-day-maestria-ingenieria-biomedica-2021\/#breadcrumb\",\"itemListElement\":[{\"@type\":\"ListItem\",\"position\":1,\"name\":\"Home\",\"item\":\"https:\/\/www.galileo.edu\/page\/home\/\"},{\"@type\":\"ListItem\",\"position\":2,\"name\":\"Gracias Open Day Maestr\u00eda en Ingenier\u00eda Biom\u00e9dica 2021\"}]},{\"@type\":\"WebSite\",\"@id\":\"https:\/\/www.galileo.edu\/page\/#website\",\"url\":\"https:\/\/www.galileo.edu\/page\/\",\"name\":\"Universidad Galileo\",\"description\":\"La revoluci\u00f3n en la educaci\u00f3n\",\"potentialAction\":[{\"@type\":\"SearchAction\",\"target\":{\"@type\":\"EntryPoint\",\"urlTemplate\":\"https:\/\/www.galileo.edu\/page\/?s={search_term_string}\"},\"query-input\":\"required name=search_term_string\"}],\"inLanguage\":\"en-US\"}]}<\/script>\n<!-- \/ Yoast SEO plugin. -->","yoast_head_json":{"title":"Gracias Open Day Maestr\u00eda en Ingenier\u00eda Biom\u00e9dica 2021","description":"Gracias por registrarte al Open Day Maestr\u00eda en Ingenier\u00eda Biom\u00e9dica que se llevar\u00e1 a cabo el miercoles 17 de noviembre del 2021 de manera virtual.","robots":{"index":"index","follow":"follow","max-snippet":"max-snippet:-1","max-image-preview":"max-image-preview:large","max-video-preview":"max-video-preview:-1"},"canonical":"https:\/\/www.galileo.edu\/page\/gracias-registro-open-day-maestria-ingenieria-biomedica-2021\/","og_locale":"en_US","og_type":"article","og_title":"Gracias Open Day Maestr\u00eda en Ingenier\u00eda Biom\u00e9dica 2021","og_description":"Gracias por registrarte al Open Day Maestr\u00eda en Ingenier\u00eda Biom\u00e9dica que se llevar\u00e1 a cabo el miercoles 17 de noviembre del 2021 de manera virtual.","og_url":"https:\/\/www.galileo.edu\/page\/gracias-registro-open-day-maestria-ingenieria-biomedica-2021\/","og_site_name":"Universidad Galileo","article_modified_time":"2021-11-03T02:34:07+00:00","og_image":[{"width":702,"height":752,"url":"https:\/\/www.galileo.edu\/page\/wp-content\/uploads\/2021\/10\/HEADER-LP-ENLACE-3.jpg","type":"image\/jpeg"}],"twitter_card":"summary_large_image","twitter_misc":{"Est. reading time":"4 minutes"},"schema":{"@context":"https:\/\/schema.org","@graph":[{"@type":"WebPage","@id":"https:\/\/www.galileo.edu\/page\/gracias-registro-open-day-maestria-ingenieria-biomedica-2021\/","url":"https:\/\/www.galileo.edu\/page\/gracias-registro-open-day-maestria-ingenieria-biomedica-2021\/","name":"Gracias Open Day Maestr\u00eda en Ingenier\u00eda Biom\u00e9dica 2021","isPartOf":{"@id":"https:\/\/www.galileo.edu\/page\/#website"},"datePublished":"2021-11-02T15:26:04+00:00","dateModified":"2021-11-03T02:34:07+00:00","description":"Gracias por registrarte al Open Day Maestr\u00eda en Ingenier\u00eda Biom\u00e9dica que se llevar\u00e1 a cabo el miercoles 17 de noviembre del 2021 de manera virtual.","breadcrumb":{"@id":"https:\/\/www.galileo.edu\/page\/gracias-registro-open-day-maestria-ingenieria-biomedica-2021\/#breadcrumb"},"inLanguage":"en-US","potentialAction":[{"@type":"ReadAction","target":["https:\/\/www.galileo.edu\/page\/gracias-registro-open-day-maestria-ingenieria-biomedica-2021\/"]}]},{"@type":"BreadcrumbList","@id":"https:\/\/www.galileo.edu\/page\/gracias-registro-open-day-maestria-ingenieria-biomedica-2021\/#breadcrumb","itemListElement":[{"@type":"ListItem","position":1,"name":"Home","item":"https:\/\/www.galileo.edu\/page\/home\/"},{"@type":"ListItem","position":2,"name":"Gracias Open Day Maestr\u00eda en Ingenier\u00eda Biom\u00e9dica 2021"}]},{"@type":"WebSite","@id":"https:\/\/www.galileo.edu\/page\/#website","url":"https:\/\/www.galileo.edu\/page\/","name":"Universidad Galileo","description":"La revoluci\u00f3n en la educaci\u00f3n","potentialAction":[{"@type":"SearchAction","target":{"@type":"EntryPoint","urlTemplate":"https:\/\/www.galileo.edu\/page\/?s={search_term_string}"},"query-input":"required name=search_term_string"}],"inLanguage":"en-US"}]}},"_links":{"self":[{"href":"https:\/\/www.galileo.edu\/page\/wp-json\/wp\/v2\/pages\/44671"}],"collection":[{"href":"https:\/\/www.galileo.edu\/page\/wp-json\/wp\/v2\/pages"}],"about":[{"href":"https:\/\/www.galileo.edu\/page\/wp-json\/wp\/v2\/types\/page"}],"author":[{"embeddable":true,"href":"https:\/\/www.galileo.edu\/page\/wp-json\/wp\/v2\/users\/10"}],"replies":[{"embeddable":true,"href":"https:\/\/www.galileo.edu\/page\/wp-json\/wp\/v2\/comments?post=44671"}],"version-history":[{"count":4,"href":"https:\/\/www.galileo.edu\/page\/wp-json\/wp\/v2\/pages\/44671\/revisions"}],"predecessor-version":[{"id":44730,"href":"https:\/\/www.galileo.edu\/page\/wp-json\/wp\/v2\/pages\/44671\/revisions\/44730"}],"wp:featuredmedia":[{"embeddable":true,"href":"https:\/\/www.galileo.edu\/page\/wp-json\/wp\/v2\/media\/44658"}],"wp:attachment":[{"href":"https:\/\/www.galileo.edu\/page\/wp-json\/wp\/v2\/media?parent=44671"}],"curies":[{"name":"wp","href":"https:\/\/api.w.org\/{rel}","templated":true}]}}