{"id":44369,"date":"2021-10-28T15:19:51","date_gmt":"2021-10-28T15:19:51","guid":{"rendered":"https:\/\/www.galileo.edu\/page\/?page_id=44369"},"modified":"2021-10-28T15:22:40","modified_gmt":"2021-10-28T15:22:40","slug":"gracias-elegir-influencer-correcto-emprendimiento","status":"publish","type":"page","link":"https:\/\/www.galileo.edu\/page\/gracias-elegir-influencer-correcto-emprendimiento\/","title":{"rendered":"Gracias Webinar gratuito C\u00f3mo elegir influencer correcto de acuerdo a tu emprendimiento"},"content":{"rendered":"<p>[et_pb_section fb_built=&#8221;1&#8243; _builder_version=&#8221;3.0.47&#8243;][et_pb_row custom_padding=&#8221;27px|0px|62px|0px|false|false&#8221; _builder_version=&#8221;3.0.47&#8243; background_size=&#8221;initial&#8221; background_position=&#8221;top_left&#8221; background_repeat=&#8221;repeat&#8221;][et_pb_column type=&#8221;1_2&#8243; _builder_version=&#8221;3.0.47&#8243; parallax=&#8221;off&#8221; parallax_method=&#8221;on&#8221;][et_pb_text _builder_version=&#8221;3.2.2&#8243; text_font=&#8221;Raleway|700|||||||&#8221; text_font_size=&#8221;35px&#8221; header_font=&#8221;Poppins|700|||||||&#8221; header_text_color=&#8221;#000000&#8243; header_font_size=&#8221;35px&#8221; header_font_size_last_edited=&#8221;on|desktop&#8221; header_line_height=&#8221;1.3em&#8221; header_2_font=&#8221;Poppins|800|||||||&#8221; header_2_text_color=&#8221;#C80B0F&#8221; header_2_font_size=&#8221;41px&#8221; header_3_font=&#8221;Raleway|800|||||||&#8221; header_3_text_color=&#8221;#2a3187&#8243; header_3_font_size=&#8221;46px&#8221; header_2_line_height=&#8221;1.3em&#8221; header_2_font_size_last_edited=&#8221;on|desktop&#8221; header_2_line_height_last_edited=&#8221;on|desktop&#8221; header_line_height_last_edited=&#8221;on|desktop&#8221;]<\/p>\n<h1><span style=\"color: #;\">\u00a1Gracias por registrarte al webinar gratuito!<\/span><\/h1>\n<h2>C\u00f3mo elegir influencer correcto de acuerdo a tu emprendimiento<\/h2>\n<p>[\/et_pb_text][\/et_pb_column][et_pb_column type=&#8221;1_2&#8243; _builder_version=&#8221;3.0.47&#8243; parallax=&#8221;off&#8221; parallax_method=&#8221;on&#8221;][et_pb_text _builder_version=&#8221;3.2.2&#8243;]<\/p>\n<p style=\"text-align: justify;\">Tu registro est\u00e1 completo.\u00a0<strong>Revisa tu correo electr\u00f3nico<\/strong> para ver m\u00e1s detalles sobre el evento. Y qu\u00e9date pendiente porque recibir\u00e1s el enlace para conectarte.<\/p>\n<p>Si no recibes el correo con la informaci\u00f3n de parte de Universidad Galileo en los pr\u00f3ximos minutos,<strong> busca en tus otras carpetas de correo como \u201cPromociones\u201d, \u201cNotificaciones\u201d o &#8220;Newsletter&#8221;, o bien en \u201cNo deseado\u201d o \u201cSpam\u201d, algunas veces se filtran all\u00ed<\/strong>. Si no te llega el correo electr\u00f3nico, puede ser que escribiste mal tu email, por lo que te pedimos que vuelvas a llenar tus datos en la p\u00e1gina anterior a esta y revisa que est\u00e9n bien escritos. Agenda la fecha, el webinar gratuito ser\u00e1 el <strong>JUEVES 11 DE NOVIEMBRE del a\u00f1o 2021 a las 18:30 horas Guatemala (UTC-6).<\/strong><br \/>\n[\/et_pb_text][\/et_pb_column][\/et_pb_row][et_pb_row custom_padding=&#8221;0px|0px||200px&#8221; custom_padding_phone=&#8221;|||0px&#8221; custom_margin=&#8221;0px|60px|0px|60px||false&#8221; custom_padding_last_edited=&#8221;on|phone&#8221; padding_right_1=&#8221;0px&#8221; disabled_on=&#8221;on|on|on&#8221; _builder_version=&#8221;3.2.2&#8243; border_radii=&#8221;on|15px|15px|15px|15px&#8221; module_alignment=&#8221;center&#8221; custom_margin_last_edited=&#8221;on|desktop&#8221; disabled=&#8221;on&#8221;][et_pb_column type=&#8221;4_4&#8243; _builder_version=&#8221;3.0.47&#8243; padding_right=&#8221;0px&#8221; parallax=&#8221;off&#8221; parallax_method=&#8221;on&#8221;][et_pb_text _builder_version=&#8221;3.2.2&#8243;]<\/p>\n<p style=\"text-align: center;\">Este webinar gratuito es un evento organizado por la Facultad de Administraci\u00f3n, <strong>ADMOS de Universidad Galileo<\/strong><\/p>\n<p style=\"text-align: center;\">Si tienes dudas sobre el webinar o la Facultad, cont\u00e1ctanos.<\/p>\n<p style=\"text-align: center;\">\u00a1Ser\u00e1 un gusto atenderte!<\/p>\n<p>[\/et_pb_text][\/et_pb_column][\/et_pb_row][et_pb_row custom_padding=&#8221;17px|0px|0|0px|false|false&#8221; disabled_on=&#8221;on|on|on&#8221; _builder_version=&#8221;3.2.2&#8243; disabled=&#8221;on&#8221;][et_pb_column type=&#8221;1_2&#8243; _builder_version=&#8221;3.0.47&#8243; parallax=&#8221;off&#8221; parallax_method=&#8221;on&#8221;][et_pb_blurb title=&#8221;PBX&#8221; image=&#8221;http:\/\/www.galileo.edu\/page\/wp-content\/uploads\/2019\/05\/telephone.png&#8221; image_max_width=&#8221;18%&#8221; _builder_version=&#8221;3.2.2&#8243; header_font=&#8221;||||||||&#8221; header_text_align=&#8221;center&#8221;]<\/p>\n<p style=\"text-align: center;\">+502 2423-8020<\/p>\n<p style=\"text-align: center;\">ext:\u00a07444\/7445<\/p>\n<p>[\/et_pb_blurb][\/et_pb_column][et_pb_column type=&#8221;1_2&#8243; _builder_version=&#8221;3.0.47&#8243; parallax=&#8221;off&#8221; parallax_method=&#8221;on&#8221;][et_pb_blurb title=&#8221;Correo electr\u00f3nico&#8221; image=&#8221;http:\/\/www.galileo.edu\/page\/wp-content\/uploads\/2019\/05\/mail-1.png&#8221; image_max_width=&#8221;18%&#8221; _builder_version=&#8221;3.2.2&#8243; header_font=&#8221;||||||||&#8221; header_text_align=&#8221;center&#8221; text_orientation=&#8221;center&#8221;] <a class=\"Xx\" href=\"mailto:facultad-de-administracion@galileo.edu\" target=\"_blank\" rel=\"nofollow noopener noreferrer\">facultad-de-administracion@galileo.edu<\/a> [\/et_pb_blurb][\/et_pb_column][\/et_pb_row][et_pb_row custom_padding=&#8221;60px|0px|27px|0px|false|false&#8221; _builder_version=&#8221;3.2.2&#8243;][et_pb_column type=&#8221;4_4&#8243; _builder_version=&#8221;3.0.47&#8243; parallax=&#8221;off&#8221; parallax_method=&#8221;on&#8221;][et_pb_image src=&#8221;http:\/\/www.galileo.edu\/page\/wp-content\/uploads\/2020\/08\/logo_u_galileo.png&#8221; align=&#8221;center&#8221; _builder_version=&#8221;3.2.2&#8243; max_width=&#8221;35%&#8221; max_width_last_edited=&#8221;on|desktop&#8221;][\/et_pb_image][\/et_pb_column][\/et_pb_row][\/et_pb_section]<\/p>\n","protected":false},"excerpt":{"rendered":"<p>\u00a1Gracias por registrarte al webinar gratuito! C\u00f3mo elegir influencer correcto de acuerdo a tu emprendimiento Tu registro est\u00e1 completo.\u00a0Revisa tu correo electr\u00f3nico para ver m\u00e1s detalles sobre el evento. Y qu\u00e9date pendiente porque recibir\u00e1s el enlace para conectarte. Si no recibes el correo con la informaci\u00f3n de parte de Universidad Galileo en los pr\u00f3ximos minutos, [&hellip;]<\/p>\n","protected":false},"author":9,"featured_media":0,"parent":0,"menu_order":0,"comment_status":"closed","ping_status":"closed","template":"page-template-blank.php","meta":{"_et_pb_use_builder":"on","_et_pb_old_content":"","_et_gb_content_width":""},"yoast_head":"<!-- This site is optimized with the Yoast SEO plugin v20.13 - https:\/\/yoast.com\/wordpress\/plugins\/seo\/ -->\n<title>Gracias Webinar gratuito Historia y actualizaci\u00f3n en VIH<\/title>\n<meta name=\"description\" content=\"Gracias por registrarte al Webinar gratuito sobre: Historia y actualizaci\u00f3n en VIH, que ser\u00e1 el 28 de julio a las 17:00 horas.\" \/>\n<meta name=\"robots\" content=\"index, follow, max-snippet:-1, max-image-preview:large, max-video-preview:-1\" \/>\n<link rel=\"canonical\" href=\"https:\/\/www.galileo.edu\/page\/gracias-elegir-influencer-correcto-emprendimiento\/\" \/>\n<meta property=\"og:locale\" content=\"en_US\" \/>\n<meta property=\"og:type\" content=\"article\" \/>\n<meta property=\"og:title\" content=\"Gracias Webinar gratuito Historia y actualizaci\u00f3n en VIH\" \/>\n<meta property=\"og:description\" content=\"Gracias por registrarte al Webinar gratuito sobre: Historia y actualizaci\u00f3n en VIH, que ser\u00e1 el 28 de julio a las 17:00 horas.\" \/>\n<meta property=\"og:url\" content=\"https:\/\/www.galileo.edu\/page\/gracias-elegir-influencer-correcto-emprendimiento\/\" \/>\n<meta property=\"og:site_name\" content=\"Universidad Galileo\" \/>\n<meta property=\"article:modified_time\" content=\"2021-10-28T15:22:40+00:00\" \/>\n<meta name=\"twitter:card\" content=\"summary_large_image\" \/>\n<meta name=\"twitter:label1\" content=\"Est. reading time\" \/>\n\t<meta name=\"twitter:data1\" content=\"3 minutes\" \/>\n<script type=\"application\/ld+json\" class=\"yoast-schema-graph\">{\"@context\":\"https:\/\/schema.org\",\"@graph\":[{\"@type\":\"WebPage\",\"@id\":\"https:\/\/www.galileo.edu\/page\/gracias-elegir-influencer-correcto-emprendimiento\/\",\"url\":\"https:\/\/www.galileo.edu\/page\/gracias-elegir-influencer-correcto-emprendimiento\/\",\"name\":\"Gracias Webinar gratuito Historia y actualizaci\u00f3n en VIH\",\"isPartOf\":{\"@id\":\"https:\/\/www.galileo.edu\/page\/#website\"},\"datePublished\":\"2021-10-28T15:19:51+00:00\",\"dateModified\":\"2021-10-28T15:22:40+00:00\",\"description\":\"Gracias por registrarte al Webinar gratuito sobre: Historia y actualizaci\u00f3n en VIH, que ser\u00e1 el 28 de julio a las 17:00 horas.\",\"breadcrumb\":{\"@id\":\"https:\/\/www.galileo.edu\/page\/gracias-elegir-influencer-correcto-emprendimiento\/#breadcrumb\"},\"inLanguage\":\"en-US\",\"potentialAction\":[{\"@type\":\"ReadAction\",\"target\":[\"https:\/\/www.galileo.edu\/page\/gracias-elegir-influencer-correcto-emprendimiento\/\"]}]},{\"@type\":\"BreadcrumbList\",\"@id\":\"https:\/\/www.galileo.edu\/page\/gracias-elegir-influencer-correcto-emprendimiento\/#breadcrumb\",\"itemListElement\":[{\"@type\":\"ListItem\",\"position\":1,\"name\":\"Home\",\"item\":\"https:\/\/www.galileo.edu\/page\/home\/\"},{\"@type\":\"ListItem\",\"position\":2,\"name\":\"Gracias Webinar gratuito C\u00f3mo elegir influencer correcto de acuerdo a tu emprendimiento\"}]},{\"@type\":\"WebSite\",\"@id\":\"https:\/\/www.galileo.edu\/page\/#website\",\"url\":\"https:\/\/www.galileo.edu\/page\/\",\"name\":\"Universidad Galileo\",\"description\":\"La revoluci\u00f3n en la educaci\u00f3n\",\"potentialAction\":[{\"@type\":\"SearchAction\",\"target\":{\"@type\":\"EntryPoint\",\"urlTemplate\":\"https:\/\/www.galileo.edu\/page\/?s={search_term_string}\"},\"query-input\":\"required name=search_term_string\"}],\"inLanguage\":\"en-US\"}]}<\/script>\n<!-- \/ Yoast SEO plugin. -->","yoast_head_json":{"title":"Gracias Webinar gratuito Historia y actualizaci\u00f3n en VIH","description":"Gracias por registrarte al Webinar gratuito sobre: Historia y actualizaci\u00f3n en VIH, que ser\u00e1 el 28 de julio a las 17:00 horas.","robots":{"index":"index","follow":"follow","max-snippet":"max-snippet:-1","max-image-preview":"max-image-preview:large","max-video-preview":"max-video-preview:-1"},"canonical":"https:\/\/www.galileo.edu\/page\/gracias-elegir-influencer-correcto-emprendimiento\/","og_locale":"en_US","og_type":"article","og_title":"Gracias Webinar gratuito Historia y actualizaci\u00f3n en VIH","og_description":"Gracias por registrarte al Webinar gratuito sobre: Historia y actualizaci\u00f3n en VIH, que ser\u00e1 el 28 de julio a las 17:00 horas.","og_url":"https:\/\/www.galileo.edu\/page\/gracias-elegir-influencer-correcto-emprendimiento\/","og_site_name":"Universidad Galileo","article_modified_time":"2021-10-28T15:22:40+00:00","twitter_card":"summary_large_image","twitter_misc":{"Est. reading time":"3 minutes"},"schema":{"@context":"https:\/\/schema.org","@graph":[{"@type":"WebPage","@id":"https:\/\/www.galileo.edu\/page\/gracias-elegir-influencer-correcto-emprendimiento\/","url":"https:\/\/www.galileo.edu\/page\/gracias-elegir-influencer-correcto-emprendimiento\/","name":"Gracias Webinar gratuito Historia y actualizaci\u00f3n en VIH","isPartOf":{"@id":"https:\/\/www.galileo.edu\/page\/#website"},"datePublished":"2021-10-28T15:19:51+00:00","dateModified":"2021-10-28T15:22:40+00:00","description":"Gracias por registrarte al Webinar gratuito sobre: Historia y actualizaci\u00f3n en VIH, que ser\u00e1 el 28 de julio a las 17:00 horas.","breadcrumb":{"@id":"https:\/\/www.galileo.edu\/page\/gracias-elegir-influencer-correcto-emprendimiento\/#breadcrumb"},"inLanguage":"en-US","potentialAction":[{"@type":"ReadAction","target":["https:\/\/www.galileo.edu\/page\/gracias-elegir-influencer-correcto-emprendimiento\/"]}]},{"@type":"BreadcrumbList","@id":"https:\/\/www.galileo.edu\/page\/gracias-elegir-influencer-correcto-emprendimiento\/#breadcrumb","itemListElement":[{"@type":"ListItem","position":1,"name":"Home","item":"https:\/\/www.galileo.edu\/page\/home\/"},{"@type":"ListItem","position":2,"name":"Gracias Webinar gratuito C\u00f3mo elegir influencer correcto de acuerdo a tu emprendimiento"}]},{"@type":"WebSite","@id":"https:\/\/www.galileo.edu\/page\/#website","url":"https:\/\/www.galileo.edu\/page\/","name":"Universidad Galileo","description":"La revoluci\u00f3n en la educaci\u00f3n","potentialAction":[{"@type":"SearchAction","target":{"@type":"EntryPoint","urlTemplate":"https:\/\/www.galileo.edu\/page\/?s={search_term_string}"},"query-input":"required name=search_term_string"}],"inLanguage":"en-US"}]}},"_links":{"self":[{"href":"https:\/\/www.galileo.edu\/page\/wp-json\/wp\/v2\/pages\/44369"}],"collection":[{"href":"https:\/\/www.galileo.edu\/page\/wp-json\/wp\/v2\/pages"}],"about":[{"href":"https:\/\/www.galileo.edu\/page\/wp-json\/wp\/v2\/types\/page"}],"author":[{"embeddable":true,"href":"https:\/\/www.galileo.edu\/page\/wp-json\/wp\/v2\/users\/9"}],"replies":[{"embeddable":true,"href":"https:\/\/www.galileo.edu\/page\/wp-json\/wp\/v2\/comments?post=44369"}],"version-history":[{"count":3,"href":"https:\/\/www.galileo.edu\/page\/wp-json\/wp\/v2\/pages\/44369\/revisions"}],"predecessor-version":[{"id":44373,"href":"https:\/\/www.galileo.edu\/page\/wp-json\/wp\/v2\/pages\/44369\/revisions\/44373"}],"wp:attachment":[{"href":"https:\/\/www.galileo.edu\/page\/wp-json\/wp\/v2\/media?parent=44369"}],"curies":[{"name":"wp","href":"https:\/\/api.w.org\/{rel}","templated":true}]}}