{"id":42427,"date":"2021-09-24T20:30:07","date_gmt":"2021-09-24T20:30:07","guid":{"rendered":"https:\/\/www.galileo.edu\/page\/?page_id=42427"},"modified":"2021-09-27T16:33:01","modified_gmt":"2021-09-27T16:33:01","slug":"salud","status":"publish","type":"page","link":"https:\/\/www.galileo.edu\/page\/openday2021\/salud\/","title":{"rendered":"Salud"},"content":{"rendered":"<p>[et_pb_section bb_built=&#8221;1&#8243; fullwidth=&#8221;on&#8221; _builder_version=&#8221;3.2.2&#8243; next_background_color=&#8221;#000000&#8243; global_module=&#8221;42421&#8243;][et_pb_fullwidth_menu global_parent=&#8221;42421&#8243; menu_id=&#8221;80&#8243; fullwidth_menu=&#8221;off&#8221; _builder_version=&#8221;3.2.2&#8243; menu_font=&#8221;Open Sans|600|||||||&#8221; menu_text_color=&#8221;#ffffff&#8221; menu_font_size_last_edited=&#8221;on|desktop&#8221; background_color=&#8221;#5304D3&#8243; text_orientation=&#8221;center&#8221;]<\/p>\n<p>&nbsp;<\/p>\n<p>[\/et_pb_fullwidth_menu][\/et_pb_section][et_pb_section bb_built=&#8221;1&#8243; custom_padding_last_edited=&#8221;on|desktop&#8221; disabled_on=&#8221;on|on|off&#8221; _builder_version=&#8221;3.2.2&#8243; background_image=&#8221;http:\/\/www.galileo.edu\/page\/wp-content\/uploads\/2021\/09\/open-day-carreras-1920&#215;500-1.jpg&#8221; custom_padding=&#8221;8%|0px|8%|0px|true|false&#8221; prev_background_color=&#8221;#ffffff&#8221; next_background_color=&#8221;#ffffff&#8221;][et_pb_row _builder_version=&#8221;3.2.2&#8243;][et_pb_column type=&#8221;4_4&#8243;][et_pb_divider show_divider=&#8221;off&#8221; height=&#8221;100px&#8221; _builder_version=&#8221;3.2.2&#8243;]<br \/>\n[\/et_pb_divider][\/et_pb_column][\/et_pb_row][\/et_pb_section][et_pb_section bb_built=&#8221;1&#8243; custom_padding_last_edited=&#8221;on|desktop&#8221; disabled_on=&#8221;off|off|on&#8221; _builder_version=&#8221;3.2.2&#8243; background_image=&#8221;http:\/\/www.galileo.edu\/page\/wp-content\/uploads\/2021\/09\/2021_openday_movil_628x1200.jpg&#8221; custom_padding=&#8221;8%|0px|8%|0px|true|false&#8221; custom_padding_phone=&#8221;73%||73%||true&#8221; prev_background_color=&#8221;#ffffff&#8221; next_background_color=&#8221;#ffffff&#8221;][et_pb_row _builder_version=&#8221;3.2.2&#8243;][et_pb_column type=&#8221;4_4&#8243;][et_pb_divider show_divider=&#8221;off&#8221; height=&#8221;100px&#8221; _builder_version=&#8221;3.2.2&#8243;]<br \/>\n[\/et_pb_divider][\/et_pb_column][\/et_pb_row][\/et_pb_section][et_pb_section bb_built=&#8221;1&#8243; admin_label=&#8221;categorias&#8221; custom_padding_last_edited=&#8221;on|desktop&#8221; module_id=&#8221;categorias&#8221; _builder_version=&#8221;3.2.2&#8243; use_background_color_gradient=&#8221;on&#8221; background_color_gradient_start=&#8221;#f7f7f7&#8243; background_color_gradient_end=&#8221;#ffffff&#8221; custom_padding=&#8221;0||0||true|false&#8221; prev_background_color=&#8221;#ffffff&#8221; next_background_color=&#8221;#ffffff&#8221;][et_pb_row custom_padding=&#8221;39px|0px|0|0px|false|false&#8221; _builder_version=&#8221;3.2.2&#8243;][et_pb_column type=&#8221;4_4&#8243;][et_pb_text _builder_version=&#8221;3.2.2&#8243; text_text_color=&#8221;#000000&#8243; text_font_size=&#8221;15px&#8221; text_font_size_last_edited=&#8221;on|desktop&#8221; text_line_height_last_edited=&#8221;on|desktop&#8221; header_font=&#8221;||||||||&#8221; header_2_font=&#8221;Open Sans|800|||||||&#8221; header_2_text_align=&#8221;center&#8221; header_2_text_color=&#8221;#591dd2&#8243; header_2_font_size=&#8221;36px&#8221; header_2_font_size_tablet=&#8221;30px&#8221; header_2_font_size_phone=&#8221;20px&#8221; header_2_font_size_last_edited=&#8221;on|phone&#8221; header_2_line_height=&#8221;1.2em&#8221; header_2_line_height_last_edited=&#8221;on|desktop&#8221; header_3_font=&#8221;|700|||||||&#8221; header_3_text_align=&#8221;center&#8221; header_3_font_size=&#8221;30px&#8221; header_3_font_size_last_edited=&#8221;on|desktop&#8221; header_3_line_height=&#8221;1.2em&#8221; header_3_line_height_last_edited=&#8221;on|desktop&#8221; text_orientation=&#8221;center&#8221; max_width=&#8221;75%&#8221; max_width_last_edited=&#8221;on|desktop&#8221; module_alignment=&#8221;center&#8221; animation_direction=&#8221;bottom&#8221;]<\/p>\n<h2>Descubre las \u00e1reas de estudio<\/h2>\n<p>[\/et_pb_text][\/et_pb_column][\/et_pb_row][et_pb_row custom_padding=&#8221;3%|0px|3%|0px|false|false&#8221; custom_padding_last_edited=&#8221;on|desktop&#8221; _builder_version=&#8221;3.2.2&#8243; saved_tabs=&#8221;all&#8221; global_module=&#8221;42440&#8243;][et_pb_column type=&#8221;1_4&#8243;][et_pb_image global_parent=&#8221;42440&#8243; src=&#8221;http:\/\/www.galileo.edu\/page\/wp-content\/uploads\/2021\/09\/boton-tecnologia.png&#8221; url=&#8221;https:\/\/www.galileo.edu\/page\/openday2021\/tecnologia\/&#8221; _builder_version=&#8221;3.2.2&#8243; border_radii=&#8221;on|20px|20px|20px|20px&#8221; box_shadow_style=&#8221;preset1&#8243; box_shadow_blur=&#8221;15px&#8221; box_shadow_color=&#8221;rgba(0,0,0,0.15)&#8221; max_width_phone=&#8221;55%&#8221; max_width_last_edited=&#8221;on|phone&#8221; custom_margin=&#8221;|||&#8221; custom_padding=&#8221;|||&#8221; custom_padding_last_edited=&#8221;on|desktop&#8221;]<\/p>\n<p>&nbsp;<\/p>\n<p>[\/et_pb_image][\/et_pb_column][et_pb_column type=&#8221;1_4&#8243;][et_pb_image global_parent=&#8221;42440&#8243; src=&#8221;http:\/\/www.galileo.edu\/page\/wp-content\/uploads\/2021\/09\/Boton-ciencia-.png&#8221; url=&#8221;https:\/\/www.galileo.edu\/page\/openday2021\/ciencia\/&#8221; _builder_version=&#8221;3.2.2&#8243; border_radii=&#8221;on|20px|20px|20px|20px&#8221; box_shadow_style=&#8221;preset1&#8243; box_shadow_blur=&#8221;15px&#8221; box_shadow_color=&#8221;rgba(0,0,0,0.15)&#8221; max_width_phone=&#8221;55%&#8221; max_width_last_edited=&#8221;on|phone&#8221; custom_margin=&#8221;|||&#8221; custom_padding=&#8221;|||&#8221; custom_padding_last_edited=&#8221;on|desktop&#8221;]<\/p>\n<p>&nbsp;<\/p>\n<p>[\/et_pb_image][\/et_pb_column][et_pb_column type=&#8221;1_4&#8243;][et_pb_image global_parent=&#8221;42440&#8243; src=&#8221;http:\/\/www.galileo.edu\/page\/wp-content\/uploads\/2021\/09\/Boton-salud-.png&#8221; url=&#8221;https:\/\/www.galileo.edu\/page\/openday2021\/salud\/&#8221; _builder_version=&#8221;3.2.2&#8243; border_radii=&#8221;on|20px|20px|20px|20px&#8221; box_shadow_style=&#8221;preset1&#8243; box_shadow_blur=&#8221;15px&#8221; box_shadow_color=&#8221;rgba(0,0,0,0.15)&#8221; max_width_phone=&#8221;55%&#8221; max_width_last_edited=&#8221;on|phone&#8221; custom_margin=&#8221;|||&#8221; custom_padding=&#8221;|||&#8221; custom_padding_last_edited=&#8221;on|desktop&#8221;]<\/p>\n<p>&nbsp;<\/p>\n<p>[\/et_pb_image][\/et_pb_column][et_pb_column type=&#8221;1_4&#8243;][et_pb_image global_parent=&#8221;42440&#8243; src=&#8221;http:\/\/www.galileo.edu\/page\/wp-content\/uploads\/2021\/09\/Boton-social-.png&#8221; url=&#8221;https:\/\/www.galileo.edu\/page\/openday2021\/social\/&#8221; _builder_version=&#8221;3.2.2&#8243; border_radii=&#8221;on|20px|20px|20px|20px&#8221; box_shadow_style=&#8221;preset1&#8243; box_shadow_blur=&#8221;15px&#8221; box_shadow_color=&#8221;rgba(0,0,0,0.15)&#8221; max_width_phone=&#8221;55%&#8221; max_width_last_edited=&#8221;on|phone&#8221; custom_margin=&#8221;|||&#8221; custom_padding=&#8221;|||&#8221; custom_padding_last_edited=&#8221;on|desktop&#8221;]<\/p>\n<p>&nbsp;<\/p>\n<p>[\/et_pb_image][\/et_pb_column][\/et_pb_row][\/et_pb_section][et_pb_section bb_built=&#8221;1&#8243; custom_padding_last_edited=&#8221;on|desktop&#8221; module_id=&#8221;tecnologia&#8221; _builder_version=&#8221;3.2.2&#8243; custom_padding=&#8221;3%||10%|&#8221; prev_background_color=&#8221;#000000&#8243; next_background_color=&#8221;#353535&#8243;][et_pb_row custom_padding=&#8221;0%||0%|&#8221; custom_padding_last_edited=&#8221;on|desktop&#8221; background_color_2=&#8221;#5200d3&#8243; padding_top_2=&#8221;2.5%&#8221; _builder_version=&#8221;3.2.2&#8243;][et_pb_column type=&#8221;4_4&#8243;][et_pb_text _builder_version=&#8221;3.2.2&#8243; text_font=&#8221;||||||||&#8221; text_text_color=&#8221;#000000&#8243; text_font_size=&#8221;15px&#8221; text_font_size_last_edited=&#8221;on|desktop&#8221; text_line_height_last_edited=&#8221;on|desktop&#8221; header_font=&#8221;||||||||&#8221; header_text_align=&#8221;left&#8221; header_2_font=&#8221;Open Sans|700|||||||&#8221; header_2_text_align=&#8221;left&#8221; header_2_text_color=&#8221;#591DD2&#8243; header_2_font_size=&#8221;30px&#8221; header_2_font_size_phone=&#8221;35px&#8221; header_2_font_size_last_edited=&#8221;on|desktop&#8221; header_2_line_height=&#8221;1.2em&#8221; header_2_line_height_last_edited=&#8221;on|desktop&#8221; header_3_font=&#8221;|700|||||||&#8221; header_3_text_align=&#8221;left&#8221; header_3_font_size=&#8221;30px&#8221; header_3_font_size_last_edited=&#8221;on|desktop&#8221; header_3_line_height=&#8221;1.2em&#8221; header_3_line_height_last_edited=&#8221;on|desktop&#8221; max_width_last_edited=&#8221;on|desktop&#8221; module_alignment=&#8221;center&#8221; animation_style=&#8221;slide&#8221; animation_direction=&#8221;bottom&#8221; animation_duration=&#8221;1300ms&#8221; animation_intensity_slide=&#8221;4%&#8221; animation_starting_opacity=&#8221;62%&#8221;]<\/p>\n<h2>Salud<\/h2>\n<p>[\/et_pb_text][\/et_pb_column][\/et_pb_row][et_pb_row _builder_version=&#8221;3.2.2&#8243;][et_pb_column type=&#8221;1_3&#8243;][et_pb_video src=&#8221;https:\/\/youtu.be\/d5Y6vg3UiCg&#8221; _builder_version=&#8221;3.2.2&#8243; box_shadow_style=&#8221;preset3&#8243; box_shadow_color=&#8221;rgba(0,0,0,0.15)&#8221;]<br \/>\n[\/et_pb_video][et_pb_text _builder_version=&#8221;3.2.2&#8243; header_font=&#8221;||||||||&#8221; header_5_font=&#8221;Open Sans|600|||||||&#8221; header_5_font_size_last_edited=&#8221;on|desktop&#8221; header_5_line_height=&#8221;1.3em&#8221; header_5_line_height_last_edited=&#8221;on|desktop&#8221;]<\/p>\n<h5>Licda. Mar\u00eda Jos\u00e9 Bonilla |<span style=\"text-decoration: underline; color: #0000ff;\"> <a style=\"color: #0000ff; text-decoration: underline;\" href=\"https:\/\/www.galileo.edu\/fabiq\/carrera\/licenciatura-alimentacion-nutricion\/\" target=\"_blank\" rel=\"noopener noreferrer\">Descubre m\u00e1s<\/a><\/span><\/h5>\n<p>Licenciatura en Alimentaci\u00f3n y Nutrici\u00f3n<\/p>\n<p>[\/et_pb_text][\/et_pb_column][et_pb_column type=&#8221;1_3&#8243;][et_pb_video src=&#8221;https:\/\/youtu.be\/hC9q9jA3pcA&#8221; _builder_version=&#8221;3.2.2&#8243; box_shadow_style=&#8221;preset3&#8243; box_shadow_color=&#8221;rgba(0,0,0,0.15)&#8221;]<br \/>\n[\/et_pb_video][et_pb_text _builder_version=&#8221;3.2.2&#8243; header_font=&#8221;||||||||&#8221; header_5_font=&#8221;Open Sans|600|||||||&#8221; header_5_font_size_last_edited=&#8221;on|desktop&#8221; header_5_line_height=&#8221;1.3em&#8221; header_5_line_height_last_edited=&#8221;on|desktop&#8221;]<\/p>\n<h5>Lic. Erick Mart\u00ednez | <span style=\"text-decoration: underline; color: #0000ff;\"> <a style=\"color: #0000ff; text-decoration: underline;\" href=\"https:\/\/www.galileo.edu\/icf\/carrera\/lpc\/\" target=\"_blank\" rel=\"noopener noreferrer\">Descubre m\u00e1s<\/a><\/span><\/h5>\n<p>Licenciatura en Psicolog\u00eda Cl\u00ednica<\/p>\n<p>[\/et_pb_text][\/et_pb_column][et_pb_column type=&#8221;1_3&#8243;][et_pb_video src=&#8221;https:\/\/youtu.be\/3n0zKUQYJcY&#8221; _builder_version=&#8221;3.2.2&#8243; box_shadow_style=&#8221;preset3&#8243; box_shadow_color=&#8221;rgba(0,0,0,0.15)&#8221;]<br \/>\n[\/et_pb_video][et_pb_text _builder_version=&#8221;3.2.2&#8243; header_font=&#8221;||||||||&#8221; header_5_font=&#8221;Open Sans|600|||||||&#8221; header_5_font_size_last_edited=&#8221;on|desktop&#8221; header_5_line_height=&#8221;1.3em&#8221; header_5_line_height_last_edited=&#8221;on|desktop&#8221;]<\/p>\n<h5>Lic. Guillermo Antonio Carrillo | <span style=\"text-decoration: underline; color: #0000ff;\"> <a style=\"color: #0000ff; text-decoration: underline;\" href=\"https:\/\/www.galileo.edu\/estec\/carrera\/lddh\/\" target=\"_blank\" rel=\"noopener noreferrer\">Descubre m\u00e1s<\/a><\/span><\/h5>\n<p>Licenciatura en Deporte y Desarrollo Humano<\/p>\n<p>[\/et_pb_text][\/et_pb_column][\/et_pb_row][et_pb_row _builder_version=&#8221;3.2.2&#8243;][et_pb_column type=&#8221;1_3&#8243;][et_pb_video src=&#8221;https:\/\/youtu.be\/dCt7PSPTC94&#8243; _builder_version=&#8221;3.2.2&#8243; box_shadow_style=&#8221;preset3&#8243; box_shadow_color=&#8221;rgba(0,0,0,0.15)&#8221;]<br \/>\n[\/et_pb_video][et_pb_text _builder_version=&#8221;3.2.2&#8243; header_5_font=&#8221;Open Sans|600|||||||&#8221; header_5_font_size_last_edited=&#8221;on|desktop&#8221; header_5_line_height=&#8221;1.3em&#8221; header_5_line_height_last_edited=&#8221;on|desktop&#8221;]<\/p>\n<h5>Licda. Jennifer Mishel Barrientos |<span style=\"text-decoration: underline; color: #0000ff;\"> <a style=\"color: #0000ff; text-decoration: underline;\" href=\"https:\/\/www.galileo.edu\/facisa\/carrera\/lbc\/\" target=\"_blank\" rel=\"noopener noreferrer\">Descubre m\u00e1s<\/a><\/span><\/h5>\n<p>Licenciatura en Qu\u00edmica Biol\u00f3gica<\/p>\n<p>[\/et_pb_text][\/et_pb_column][et_pb_column type=&#8221;1_3&#8243;][et_pb_video src=&#8221;https:\/\/youtu.be\/tSNFEFoEH0s&#8221; _builder_version=&#8221;3.2.2&#8243; box_shadow_style=&#8221;preset3&#8243; box_shadow_color=&#8221;rgba(0,0,0,0.15)&#8221;]<br \/>\n[\/et_pb_video][et_pb_text _builder_version=&#8221;3.2.2&#8243; header_font=&#8221;||||||||&#8221; header_5_font=&#8221;Open Sans|600|||||||&#8221; header_5_font_size_last_edited=&#8221;on|desktop&#8221; header_5_line_height=&#8221;1.3em&#8221; header_5_line_height_last_edited=&#8221;on|desktop&#8221;]<\/p>\n<h5>Lic. Jos\u00e9 Javier Chocano |\u00a0<span style=\"text-decoration: underline; color: #0000ff;\"><a style=\"color: #0000ff; text-decoration: underline;\" href=\"https:\/\/www.galileo.edu\/facisa\/carrera\/lf\/\" target=\"_blank\" rel=\"noopener noreferrer\">Descubre m\u00e1s<\/a><\/span><\/h5>\n<p>Licenciatura en Fisioterapia<\/p>\n<p>[\/et_pb_text][\/et_pb_column][et_pb_column type=&#8221;1_3&#8243;][et_pb_video src=&#8221;https:\/\/youtu.be\/tiWJKjJ7FyU&#8221; _builder_version=&#8221;3.2.2&#8243; box_shadow_style=&#8221;preset3&#8243; box_shadow_color=&#8221;rgba(0,0,0,0.15)&#8221;]<br \/>\n[\/et_pb_video][et_pb_text _builder_version=&#8221;3.2.2&#8243; header_font=&#8221;||||||||&#8221; header_5_font=&#8221;Open Sans|600|||||||&#8221; header_5_font_size_last_edited=&#8221;on|desktop&#8221; header_5_line_height=&#8221;1.3em&#8221; header_5_line_height_last_edited=&#8221;on|desktop&#8221;]<\/p>\n<h5>Licda. Cristina Boy |<span style=\"text-decoration: underline; color: #0000ff;\"> <a style=\"color: #0000ff; text-decoration: underline;\" href=\"https:\/\/www.galileo.edu\/icf\/carrera\/lpfel\/\" target=\"_blank\" rel=\"noopener noreferrer\">Descubre m\u00e1s<\/a><\/span><\/h5>\n<p>Licenciatura en Psicolog\u00eda Familiar<\/p>\n<p>[\/et_pb_text][\/et_pb_column][\/et_pb_row][\/et_pb_section][et_pb_section bb_built=&#8221;1&#8243; custom_padding_last_edited=&#8221;on|desktop&#8221; _builder_version=&#8221;3.2.2&#8243; background_color=&#8221;#353535&#8243; custom_padding=&#8221;5%|0px|18px|0px|false|false&#8221; prev_background_color=&#8221;#ffffff&#8221;][et_pb_row custom_padding=&#8221;|||&#8221; _builder_version=&#8221;3.2.2&#8243;][et_pb_column type=&#8221;1_4&#8243;][et_pb_text _builder_version=&#8221;3.2.2&#8243; header_font=&#8221;||||||||&#8221; header_text_color=&#8221;#f2eecc&#8221; header_3_font=&#8221;Raleway|700|||||||&#8221; header_3_text_align=&#8221;center&#8221; header_3_text_color=&#8221;#ffffff&#8221; header_5_font=&#8221;Raleway||||||||&#8221; header_5_text_align=&#8221;center&#8221; header_5_text_color=&#8221;#ffffff&#8221;]<\/p>\n<h3 style=\"text-align: center;\"><strong>Correo electr\u00f3nico:<\/strong><\/h3>\n<h5 style=\"text-align: center;\"><a href=\"mailto:info@galileo.edu \">info@galileo.edu<\/a><\/h5>\n<p>[\/et_pb_text][\/et_pb_column][et_pb_column type=&#8221;1_4&#8243;][et_pb_text _builder_version=&#8221;3.2.2&#8243; header_font=&#8221;||||||||&#8221; header_text_color=&#8221;#f2eecc&#8221; header_3_font=&#8221;Raleway|700|||||||&#8221; header_3_text_align=&#8221;center&#8221; header_3_text_color=&#8221;#ffffff&#8221; header_5_font=&#8221;Raleway||||||||&#8221; header_5_text_align=&#8221;center&#8221; header_5_text_color=&#8221;#ffffff&#8221;]<\/p>\n<h3 style=\"text-align: center;\"><span style=\"color: #ffffff;\"><a style=\"color: #ffffff;\" href=\"https:\/\/api.whatsapp.com\/send?phone=50224238000&amp;text=Hola!%20Estoy%20interesado%20en%20informaci%C3%B3n%20del%20Open%20Day%20para%20ingenier%C3%ADas%20y%20licenciaturas%20de%20Universidad%20Galileo.\" target=\"_blank\" rel=\"noopener noreferrer\"><strong>Escr\u00edbenos por Whatsapp<\/strong><\/a><\/span><\/h3>\n<p>[\/et_pb_text][\/et_pb_column][et_pb_column type=&#8221;1_4&#8243;][et_pb_text _builder_version=&#8221;3.2.2&#8243; header_font=&#8221;||||||||&#8221; header_3_font=&#8221;Raleway|700|||||||&#8221; header_3_text_align=&#8221;center&#8221; header_3_text_color=&#8221;#ffffff&#8221; header_5_font=&#8221;Raleway||||||||&#8221; header_5_text_align=&#8221;center&#8221; header_5_text_color=&#8221;#ffffff&#8221;]<\/p>\n<h3 style=\"text-align: center;\"><strong>Direcci\u00f3n:<\/strong><\/h3>\n<h5 style=\"text-align: center;\">7a. avenida calle Dr. Eduardo Suger Cofi\u00f1o zona 10<\/h5>\n<p>[\/et_pb_text][\/et_pb_column][et_pb_column type=&#8221;1_4&#8243;][et_pb_social_media_follow _builder_version=&#8221;3.2.2&#8243; box_shadow_style=&#8221;preset1&#8243; text_orientation=&#8221;center&#8221;][et_pb_social_media_follow_network social_network=&#8221;facebook&#8221; url=&#8221;https:\/\/www.facebook.com\/ugalileo\/&#8221; _builder_version=&#8221;3.2.2&#8243; background_color=&#8221;#3b5998&#8243; follow_button=&#8221;off&#8221; url_new_window=&#8221;on&#8221;]facebook[\/et_pb_social_media_follow_network][et_pb_social_media_follow_network social_network=&#8221;instagram&#8221; url=&#8221;https:\/\/www.instagram.com\/ugalileo_edu\/&#8221; _builder_version=&#8221;3.2.2&#8243; background_color=&#8221;#ea2c59&#8243; follow_button=&#8221;off&#8221; url_new_window=&#8221;on&#8221;]instagram[\/et_pb_social_media_follow_network][et_pb_social_media_follow_network social_network=&#8221;youtube&#8221; url=&#8221;http:\/\/www.youtube.com\/user\/ugalileogt&#8221; _builder_version=&#8221;3.2.2&#8243; background_color=&#8221;#a82400&#8243; follow_button=&#8221;off&#8221; url_new_window=&#8221;on&#8221;]youtube[\/et_pb_social_media_follow_network][\/et_pb_social_media_follow][\/et_pb_column][\/et_pb_row][et_pb_row _builder_version=&#8221;3.2.2&#8243;][et_pb_column type=&#8221;4_4&#8243;][et_pb_image src=&#8221;http:\/\/www.galileo.edu\/page\/wp-content\/uploads\/2020\/07\/Logo-Galileo-blanco.png&#8221; url=&#8221;http:\/\/www.galileo.edu&#8221; align=&#8221;center&#8221; _builder_version=&#8221;3.2.2&#8243; max_width=&#8221;15%&#8221; max_width_phone=&#8221;34%&#8221; max_width_last_edited=&#8221;on|desktop&#8221; module_alignment=&#8221;center&#8221;]<br \/>\n[\/et_pb_image][\/et_pb_column][\/et_pb_row][\/et_pb_section]<\/p>\n","protected":false},"excerpt":{"rendered":"<p>&nbsp; Descubre las \u00e1reas de estudio &nbsp; &nbsp; &nbsp; &nbsp; Salud Licda. Mar\u00eda Jos\u00e9 Bonilla | Descubre m\u00e1s Licenciatura en Alimentaci\u00f3n y Nutrici\u00f3n Lic. Erick Mart\u00ednez | Descubre m\u00e1s Licenciatura en Psicolog\u00eda Cl\u00ednica Lic. Guillermo Antonio Carrillo | Descubre m\u00e1s Licenciatura en Deporte y Desarrollo Humano Licda. Jennifer Mishel Barrientos | Descubre m\u00e1s Licenciatura en [&hellip;]<\/p>\n","protected":false},"author":9,"featured_media":41487,"parent":41173,"menu_order":0,"comment_status":"closed","ping_status":"closed","template":"page-template-blank.php","meta":{"_et_pb_use_builder":"on","_et_pb_old_content":"","_et_gb_content_width":""},"yoast_head":"<!-- This site is optimized with the Yoast SEO plugin v20.13 - https:\/\/yoast.com\/wordpress\/plugins\/seo\/ -->\n<title>Galileo Open Day 2021: Ingenier\u00edas y Licenciaturas de Universidad Galileo<\/title>\n<meta name=\"description\" content=\"Open Day de Universidad Galileo. Evento gratuito. Conoce la experiencias de egresados de Ingenier\u00edas y Licenciaturas. Del 27 al 30 de septiembre 2021.\" \/>\n<meta name=\"robots\" content=\"index, follow, max-snippet:-1, max-image-preview:large, max-video-preview:-1\" \/>\n<link rel=\"canonical\" href=\"https:\/\/www.galileo.edu\/page\/openday2021\/salud\/\" \/>\n<meta property=\"og:locale\" content=\"en_US\" \/>\n<meta property=\"og:type\" content=\"article\" \/>\n<meta property=\"og:title\" content=\"Galileo Open Day 2021: Ingenier\u00edas y Licenciaturas de Universidad Galileo\" \/>\n<meta property=\"og:description\" content=\"Open Day de Universidad Galileo. Evento gratuito. Conoce la experiencias de egresados de Ingenier\u00edas y Licenciaturas. Del 27 al 30 de septiembre 2021.\" \/>\n<meta property=\"og:url\" content=\"https:\/\/www.galileo.edu\/page\/openday2021\/salud\/\" \/>\n<meta property=\"og:site_name\" content=\"Universidad Galileo\" \/>\n<meta property=\"article:modified_time\" content=\"2021-09-27T16:33:01+00:00\" \/>\n<meta property=\"og:image\" content=\"https:\/\/www.galileo.edu\/page\/wp-content\/uploads\/2021\/09\/Li\u0301nea-gra\u0301fica-Open-Day-2021.png\" \/>\n\t<meta property=\"og:image:width\" content=\"315\" \/>\n\t<meta property=\"og:image:height\" content=\"348\" \/>\n\t<meta property=\"og:image:type\" content=\"image\/png\" \/>\n<meta name=\"twitter:card\" content=\"summary_large_image\" \/>\n<meta name=\"twitter:label1\" content=\"Est. reading time\" \/>\n\t<meta name=\"twitter:data1\" content=\"9 minutes\" \/>\n<script type=\"application\/ld+json\" class=\"yoast-schema-graph\">{\"@context\":\"https:\/\/schema.org\",\"@graph\":[{\"@type\":\"WebPage\",\"@id\":\"https:\/\/www.galileo.edu\/page\/openday2021\/salud\/\",\"url\":\"https:\/\/www.galileo.edu\/page\/openday2021\/salud\/\",\"name\":\"Galileo Open Day 2021: Ingenier\u00edas y Licenciaturas de Universidad Galileo\",\"isPartOf\":{\"@id\":\"https:\/\/www.galileo.edu\/page\/#website\"},\"datePublished\":\"2021-09-24T20:30:07+00:00\",\"dateModified\":\"2021-09-27T16:33:01+00:00\",\"description\":\"Open Day de Universidad Galileo. Evento gratuito. Conoce la experiencias de egresados de Ingenier\u00edas y Licenciaturas. Del 27 al 30 de septiembre 2021.\",\"breadcrumb\":{\"@id\":\"https:\/\/www.galileo.edu\/page\/openday2021\/salud\/#breadcrumb\"},\"inLanguage\":\"en-US\",\"potentialAction\":[{\"@type\":\"ReadAction\",\"target\":[\"https:\/\/www.galileo.edu\/page\/openday2021\/salud\/\"]}]},{\"@type\":\"BreadcrumbList\",\"@id\":\"https:\/\/www.galileo.edu\/page\/openday2021\/salud\/#breadcrumb\",\"itemListElement\":[{\"@type\":\"ListItem\",\"position\":1,\"name\":\"Home\",\"item\":\"https:\/\/www.galileo.edu\/page\/home\/\"},{\"@type\":\"ListItem\",\"position\":2,\"name\":\"Galileo Open Day 2021\",\"item\":\"https:\/\/www.galileo.edu\/page\/openday2021\/\"},{\"@type\":\"ListItem\",\"position\":3,\"name\":\"Salud\"}]},{\"@type\":\"WebSite\",\"@id\":\"https:\/\/www.galileo.edu\/page\/#website\",\"url\":\"https:\/\/www.galileo.edu\/page\/\",\"name\":\"Universidad Galileo\",\"description\":\"La revoluci\u00f3n en la educaci\u00f3n\",\"potentialAction\":[{\"@type\":\"SearchAction\",\"target\":{\"@type\":\"EntryPoint\",\"urlTemplate\":\"https:\/\/www.galileo.edu\/page\/?s={search_term_string}\"},\"query-input\":\"required name=search_term_string\"}],\"inLanguage\":\"en-US\"}]}<\/script>\n<!-- \/ Yoast SEO plugin. -->","yoast_head_json":{"title":"Galileo Open Day 2021: Ingenier\u00edas y Licenciaturas de Universidad Galileo","description":"Open Day de Universidad Galileo. Evento gratuito. Conoce la experiencias de egresados de Ingenier\u00edas y Licenciaturas. Del 27 al 30 de septiembre 2021.","robots":{"index":"index","follow":"follow","max-snippet":"max-snippet:-1","max-image-preview":"max-image-preview:large","max-video-preview":"max-video-preview:-1"},"canonical":"https:\/\/www.galileo.edu\/page\/openday2021\/salud\/","og_locale":"en_US","og_type":"article","og_title":"Galileo Open Day 2021: Ingenier\u00edas y Licenciaturas de Universidad Galileo","og_description":"Open Day de Universidad Galileo. Evento gratuito. Conoce la experiencias de egresados de Ingenier\u00edas y Licenciaturas. Del 27 al 30 de septiembre 2021.","og_url":"https:\/\/www.galileo.edu\/page\/openday2021\/salud\/","og_site_name":"Universidad Galileo","article_modified_time":"2021-09-27T16:33:01+00:00","og_image":[{"width":315,"height":348,"url":"https:\/\/www.galileo.edu\/page\/wp-content\/uploads\/2021\/09\/Li\u0301nea-gra\u0301fica-Open-Day-2021.png","type":"image\/png"}],"twitter_card":"summary_large_image","twitter_misc":{"Est. reading time":"9 minutes"},"schema":{"@context":"https:\/\/schema.org","@graph":[{"@type":"WebPage","@id":"https:\/\/www.galileo.edu\/page\/openday2021\/salud\/","url":"https:\/\/www.galileo.edu\/page\/openday2021\/salud\/","name":"Galileo Open Day 2021: Ingenier\u00edas y Licenciaturas de Universidad Galileo","isPartOf":{"@id":"https:\/\/www.galileo.edu\/page\/#website"},"datePublished":"2021-09-24T20:30:07+00:00","dateModified":"2021-09-27T16:33:01+00:00","description":"Open Day de Universidad Galileo. Evento gratuito. Conoce la experiencias de egresados de Ingenier\u00edas y Licenciaturas. Del 27 al 30 de septiembre 2021.","breadcrumb":{"@id":"https:\/\/www.galileo.edu\/page\/openday2021\/salud\/#breadcrumb"},"inLanguage":"en-US","potentialAction":[{"@type":"ReadAction","target":["https:\/\/www.galileo.edu\/page\/openday2021\/salud\/"]}]},{"@type":"BreadcrumbList","@id":"https:\/\/www.galileo.edu\/page\/openday2021\/salud\/#breadcrumb","itemListElement":[{"@type":"ListItem","position":1,"name":"Home","item":"https:\/\/www.galileo.edu\/page\/home\/"},{"@type":"ListItem","position":2,"name":"Galileo Open Day 2021","item":"https:\/\/www.galileo.edu\/page\/openday2021\/"},{"@type":"ListItem","position":3,"name":"Salud"}]},{"@type":"WebSite","@id":"https:\/\/www.galileo.edu\/page\/#website","url":"https:\/\/www.galileo.edu\/page\/","name":"Universidad Galileo","description":"La revoluci\u00f3n en la educaci\u00f3n","potentialAction":[{"@type":"SearchAction","target":{"@type":"EntryPoint","urlTemplate":"https:\/\/www.galileo.edu\/page\/?s={search_term_string}"},"query-input":"required name=search_term_string"}],"inLanguage":"en-US"}]}},"_links":{"self":[{"href":"https:\/\/www.galileo.edu\/page\/wp-json\/wp\/v2\/pages\/42427"}],"collection":[{"href":"https:\/\/www.galileo.edu\/page\/wp-json\/wp\/v2\/pages"}],"about":[{"href":"https:\/\/www.galileo.edu\/page\/wp-json\/wp\/v2\/types\/page"}],"author":[{"embeddable":true,"href":"https:\/\/www.galileo.edu\/page\/wp-json\/wp\/v2\/users\/9"}],"replies":[{"embeddable":true,"href":"https:\/\/www.galileo.edu\/page\/wp-json\/wp\/v2\/comments?post=42427"}],"version-history":[{"count":6,"href":"https:\/\/www.galileo.edu\/page\/wp-json\/wp\/v2\/pages\/42427\/revisions"}],"predecessor-version":[{"id":42507,"href":"https:\/\/www.galileo.edu\/page\/wp-json\/wp\/v2\/pages\/42427\/revisions\/42507"}],"up":[{"embeddable":true,"href":"https:\/\/www.galileo.edu\/page\/wp-json\/wp\/v2\/pages\/41173"}],"wp:featuredmedia":[{"embeddable":true,"href":"https:\/\/www.galileo.edu\/page\/wp-json\/wp\/v2\/media\/41487"}],"wp:attachment":[{"href":"https:\/\/www.galileo.edu\/page\/wp-json\/wp\/v2\/media?parent=42427"}],"curies":[{"name":"wp","href":"https:\/\/api.w.org\/{rel}","templated":true}]}}