{"id":4196,"date":"2017-11-10T21:36:06","date_gmt":"2017-11-10T21:36:06","guid":{"rendered":"http:\/\/www.galileo.edu\/page\/?page_id=4196"},"modified":"2018-04-06T20:54:15","modified_gmt":"2018-04-06T20:54:15","slug":"tech4teachers","status":"publish","type":"page","link":"https:\/\/www.galileo.edu\/page\/tech4teachers\/","title":{"rendered":"Tech4Teachers"},"content":{"rendered":"<p>[et_pb_section bb_built=&#8221;1&#8243; admin_label=&#8221;Section&#8221; background_image=&#8221;http:\/\/www.galileo.edu\/page\/wp-content\/uploads\/2017\/11\/banner_mecatronica-02.png&#8221; parallax=&#8221;on&#8221; make_fullwidth=&#8221;on&#8221; specialty=&#8221;on&#8221; parallax_1=&#8221;off&#8221; parallax_2=&#8221;off&#8221; parallax_method_1=&#8221;off&#8221; parallax_method_2=&#8221;off&#8221;][et_pb_column type=&#8221;1_3&#8243;][\/et_pb_column][et_pb_column type=&#8221;2_3&#8243; specialty_columns=&#8221;2&#8243;][et_pb_row_inner admin_label=&#8221;Row&#8221;][et_pb_column_inner type=&#8221;4_4&#8243; saved_specialty_column_type=&#8221;2_3&#8243;][et_pb_text admin_label=&#8221;#Tech4Teachers&#8221; text_orientation=&#8221;right&#8221; text_font=&#8221;Nunito||||&#8221; text_font_size=&#8221;25&#8243; text_text_color=&#8221;#ffffff&#8221; background_layout=&#8221;light&#8221; use_border_color=&#8221;off&#8221; border_color=&#8221;#ffffff&#8221; border_style=&#8221;solid&#8221;]<\/p>\n<p><strong><img decoding=\"async\" loading=\"lazy\" class=\"size-full wp-image-5157 alignleft\" src=\"https:\/\/www.galileo.edu\/page\/wp-content\/uploads\/2018\/03\/baja-250.png\" alt=\"\" width=\"250\" height=\"98\" \/>#Tech<span style=\"color: #0dd7db;\">4<\/span>Teachers<\/strong><\/p>\n<p>[\/et_pb_text][et_pb_text admin_label=&#8221;seminario&#8221; background_layout=&#8221;dark&#8221; text_orientation=&#8221;right&#8221; header_font=&#8221;Arimo||||&#8221; header_text_color=&#8221;#109ed2&#8243; text_font=&#8221;Raleway||||&#8221; text_font_size=&#8221;30&#8243; text_text_color=&#8221;#ffffff&#8221;]<\/p>\n<p><strong>SEMINARIO DE TECNOLOG\u00cdA<\/strong><\/p>\n<p>[\/et_pb_text][et_pb_text admin_label=&#8221;Texto&#8221; text_orientation=&#8221;right&#8221; text_font=&#8221;Nunito||||&#8221; text_text_color=&#8221;#ffffff&#8221; background_color=&#8221;rgba(68,68,68,0)&#8221; custom_padding=&#8221;0px|0px|0px|0px&#8221; background_layout=&#8221;light&#8221; use_border_color=&#8221;off&#8221; border_color=&#8221;#ffffff&#8221; border_style=&#8221;solid&#8221;]<\/p>\n<p>Actualiza o aprende de conceptos de microcontroladores, dispositivos electr\u00f3nicos y programaci\u00f3n avanzada en proyectos del \u00e1rea de mecatr\u00f3nica, de una forma din\u00e1mica y pr\u00e1tica.<\/p>\n<p>[\/et_pb_text][et_pb_button admin_label=&#8221;Button&#8221; button_url=&#8221;#contenido&#8221; button_text=&#8221;Ver contenido&#8221; button_alignment=&#8221;right&#8221; custom_button=&#8221;on&#8221; button_text_size=&#8221;16&#8243; button_text_color=&#8221;#2dcde5&#8243; button_bg_color=&#8221;#2c2c2c&#8221; button_border_color=&#8221;rgba(255,255,255,0)&#8221; button_font=&#8221;Nunito||||&#8221; background_color=&#8221;#7EBEC5&#8243; url_new_window=&#8221;off&#8221; background_layout=&#8221;light&#8221; button_letter_spacing=&#8221;0&#8243; button_use_icon=&#8221;default&#8221; button_icon_placement=&#8221;right&#8221; button_on_hover=&#8221;on&#8221; button_letter_spacing_hover=&#8221;0&#8243; \/][\/et_pb_column_inner][\/et_pb_row_inner][\/et_pb_column][\/et_pb_section][et_pb_section bb_built=&#8221;1&#8243; admin_label=&#8221;Section&#8221; background_color=&#8221;#ededed&#8221;][et_pb_row admin_label=&#8221;Row&#8221;][et_pb_column type=&#8221;1_2&#8243;][et_pb_text admin_label=&#8221;Text&#8221; background_layout=&#8221;dark&#8221; text_orientation=&#8221;center&#8221; text_font=&#8221;Arimo||||&#8221; text_font_size=&#8221;40&#8243; text_text_color=&#8221;#2c2c2c&#8221; custom_padding=&#8221;50px||50px|&#8221;]<\/p>\n<p>Ficha <strong>T\u00e9cnica<\/strong><\/p>\n<p>[\/et_pb_text][\/et_pb_column][et_pb_column type=&#8221;1_2&#8243;][et_pb_text admin_label=&#8221;Text&#8221; background_layout=&#8221;dark&#8221; text_font=&#8221;Nunito||||&#8221; text_text_color=&#8221;#2c2c2c&#8221;]<\/p>\n<p><strong>Modalidad:<\/strong> Presencial<br \/>\n<strong>Duraci\u00f3n:<\/strong> 2 d\u00edas \/ 4 horas cada d\u00eda<br \/>\n<strong>Fechas:<\/strong> 28 de abril y 5 de mayo<br \/>\n<strong>Horario:<\/strong> 14:00 a 18:00 hrs.<br \/>\n<strong>Sede:<\/strong> Universidad Galileo, Campus central<\/p>\n<p><em>Manejamos cupo limitado.<\/em><\/p>\n<p>[\/et_pb_text][\/et_pb_column][\/et_pb_row][\/et_pb_section][et_pb_section bb_built=&#8221;1&#8243; admin_label=&#8221;Section&#8221; background_color=&#8221;#000000&#8243; custom_padding=&#8221;54px|0px|41px|0px&#8221;][et_pb_row admin_label=&#8221;Row&#8221;][et_pb_column type=&#8221;4_4&#8243;][et_pb_text admin_label=&#8221;Por que cursar modulo&#8221; background_layout=&#8221;dark&#8221; header_text_color=&#8221;#ffffff&#8221; text_font=&#8221;Arimo||||&#8221; text_font_size=&#8221;40&#8243; text_text_color=&#8221;#ededed&#8221; text_line_height=&#8221;1em&#8221;]<\/p>\n<p style=\"text-align: center;\">Por qu\u00e9 cursar el<br \/>\n<strong>Seminario<\/strong><\/p>\n<p>[\/et_pb_text][\/et_pb_column][\/et_pb_row][et_pb_row admin_label=&#8221;Row&#8221;][et_pb_column type=&#8221;1_3&#8243;][et_pb_blurb admin_label=&#8221;Actualiza conocimientos&#8221; title=&#8221;Actualiza Conocimientos&#8221; image=&#8221;http:\/\/www.galileo.edu\/page\/wp-content\/uploads\/2017\/11\/Iconos_Porque_estudiar-07.png&#8221; animation=&#8221;bottom&#8221; background_layout=&#8221;dark&#8221; text_orientation=&#8221;center&#8221; header_font=&#8221;Arimo|on|||&#8221; header_text_color=&#8221;#ffffff&#8221; body_font=&#8221;Nunito||||&#8221; body_text_color=&#8221;#ededed&#8221;]<\/p>\n<p>Tendr\u00e1s una actualizaci\u00f3n t\u00e9cnica y pedag\u00f3gica en temas de microcontroladores, dispositivos electr\u00f3nicos y programaci\u00f3n avanzada en proyectos.<\/p>\n<p>[\/et_pb_blurb][\/et_pb_column][et_pb_column type=&#8221;1_3&#8243;][et_pb_blurb admin_label=&#8221;Lidera Proyectos&#8221; title=&#8221;Lidera Proyectos&#8221; image=&#8221;http:\/\/www.galileo.edu\/page\/wp-content\/uploads\/2017\/11\/Iconos_Porque_estudiar-12.png&#8221; animation=&#8221;bottom&#8221; background_layout=&#8221;dark&#8221; text_orientation=&#8221;center&#8221; header_font=&#8221;Arimo|on|||&#8221; header_text_color=&#8221;#ffffff&#8221; body_font=&#8221;Nunito||||&#8221; body_text_color=&#8221;#ededed&#8221;]<\/p>\n<p>En el seminario aprender\u00e1s a liderar proyectos de tecnolog\u00eda para tu instituci\u00f3n.<\/p>\n<p>[\/et_pb_blurb][\/et_pb_column][et_pb_column type=&#8221;1_3&#8243;][et_pb_blurb admin_label=&#8221;Aprende Haciendo&#8221; title=&#8221;Aprende Haciendo&#8221; image=&#8221;http:\/\/www.galileo.edu\/page\/wp-content\/uploads\/2017\/11\/Iconos_Porque_estudiar-13.png&#8221; animation=&#8221;bottom&#8221; background_layout=&#8221;dark&#8221; text_orientation=&#8221;center&#8221; header_font=&#8221;Arimo|on|||&#8221; header_text_color=&#8221;#ffffff&#8221; body_font=&#8221;Nunito||||&#8221; body_text_color=&#8221;#ededed&#8221;]<\/p>\n<p>Aprender\u00e1s con la metodolog\u00eda &#8220;Learning by doing&#8221; donde contar\u00e1s con los recursos y herramientas de mecatr\u00f3nica necesarios.<\/p>\n<p>[\/et_pb_blurb][\/et_pb_column][\/et_pb_row][et_pb_row admin_label=&#8221;Row&#8221;][et_pb_column type=&#8221;1_3&#8243;][et_pb_blurb admin_label=&#8221;diploma&#8221; title=&#8221;Aval de Conocimiento&#8221; image=&#8221;http:\/\/www.galileo.edu\/page\/wp-content\/uploads\/2017\/11\/Iconos_Porque_estudiar-10.png&#8221; animation=&#8221;bottom&#8221; background_layout=&#8221;dark&#8221; text_orientation=&#8221;center&#8221; header_font=&#8221;Arimo|on|||&#8221; header_text_color=&#8221;#ffffff&#8221; body_font=&#8221;Nunito||||&#8221; body_text_color=&#8221;#ededed&#8221;]<\/p>\n<p>Al finalizar obtendr\u00e1s un diploma que avala el conocimiento adquirido.<\/p>\n<p>[\/et_pb_blurb][\/et_pb_column][et_pb_column type=&#8221;1_3&#8243;][et_pb_blurb admin_label=&#8221;Destaca&#8221; title=&#8221;Descata en Tecnolog\u00eda&#8221; image=&#8221;http:\/\/www.galileo.edu\/page\/wp-content\/uploads\/2017\/11\/Iconos_Porque_estudiar-09.png&#8221; animation=&#8221;bottom&#8221; background_layout=&#8221;dark&#8221; text_orientation=&#8221;center&#8221; header_font=&#8221;Arimo|on|||&#8221; header_text_color=&#8221;#ffffff&#8221; body_font=&#8221;Nunito||||&#8221; body_text_color=&#8221;#ededed&#8221;]<\/p>\n<p>Forma parte de la primera promoci\u00f3n de docentes especializados en el \u00e1rea de mecatr\u00f3nica.<\/p>\n<p>[\/et_pb_blurb][\/et_pb_column][et_pb_column type=&#8221;1_3&#8243;][et_pb_blurb admin_label=&#8221;Calidad educativa&#8221; title=&#8221;Calidad Educativa&#8221; image=&#8221;http:\/\/www.galileo.edu\/page\/wp-content\/uploads\/2017\/11\/Iconos_Porque_estudiar-08.png&#8221; animation=&#8221;bottom&#8221; background_layout=&#8221;dark&#8221; text_orientation=&#8221;center&#8221; header_font=&#8221;Arimo|on|||&#8221; header_text_color=&#8221;#ffffff&#8221; body_font=&#8221;Nunito||||&#8221; body_text_color=&#8221;#ededed&#8221;]<\/p>\n<p>Aprende es expertos en mecatr\u00f3nica y de una de las universidades de alto prestigio en tecnolog\u00eda en la regi\u00f3n.<\/p>\n<p>[\/et_pb_blurb][\/et_pb_column][\/et_pb_row][\/et_pb_section][et_pb_section bb_built=&#8221;1&#8243; admin_label=&#8221;Section&#8221; custom_padding=&#8221;1px|0px|0px|0px&#8221; transparent_background=&#8221;off&#8221; allow_player_pause=&#8221;off&#8221; inner_shadow=&#8221;off&#8221; parallax=&#8221;off&#8221; parallax_method=&#8221;on&#8221; make_fullwidth=&#8221;off&#8221; use_custom_width=&#8221;off&#8221; width_unit=&#8221;on&#8221; make_equal=&#8221;off&#8221; use_custom_gutter=&#8221;off&#8221; module_id=&#8221;contenido&#8221;][et_pb_row admin_label=&#8221;Row&#8221; make_fullwidth=&#8221;on&#8221; use_custom_gutter=&#8221;on&#8221; gutter_width=&#8221;1&#8243; custom_padding=&#8221;0px|0px|0px|0px&#8221; custom_margin=&#8221;0px|0px|0px|0px&#8221; background_color=&#8221;#dddddd&#8221; background_color_2=&#8221;rgba(234,234,234,0)&#8221; bg_img_1=&#8221;http:\/\/www.galileo.edu\/page\/wp-content\/uploads\/2017\/11\/contenido-aprendiendo.jpg&#8221; padding_top_1=&#8221;220px&#8221; padding_right_1=&#8221;0px&#8221; padding_bottom_1=&#8221;220px&#8221; padding_left_1=&#8221;0px&#8221; padding_top_2=&#8221;20px&#8221; padding_right_2=&#8221;20px&#8221; padding_bottom_2=&#8221;20px&#8221; padding_left_2=&#8221;20px&#8221; parallax_1=&#8221;on&#8221; parallax_method_1=&#8221;off&#8221; parallax_method_2=&#8221;off&#8221;][et_pb_column type=&#8221;2_3&#8243;][\/et_pb_column][et_pb_column type=&#8221;1_3&#8243;][et_pb_text admin_label=&#8221;Contenido&#8221; text_font=&#8221;Arimo|on|||&#8221; text_font_size=&#8221;30&#8243; text_text_color=&#8221;#2c2c2c&#8221; custom_margin=&#8221;20px|||&#8221;]<\/p>\n<p style=\"text-align: center;\"><strong>Contenido<\/strong><\/p>\n<p>[\/et_pb_text][et_pb_text admin_label=&#8221;Text&#8221; text_font=&#8221;Nunito||||&#8221; text_font_size=&#8221;16&#8243; text_text_color=&#8221;#595959&#8243;]<\/p>\n<p><strong>S\u00e1bado 28 de abril<\/strong><br \/>\nTemas:<br \/>\n&#8211; Introducci\u00f3n<br \/>\n&#8211; ArduBlocks<br \/>\n&#8211; CAD<br \/>\n&#8211; Armado de Robot<\/p>\n<p><strong>S\u00e1bado 5 de mayo<\/strong><br \/>\nTemas:<br \/>\n&#8211; Programaci\u00f3n Avanzada<br \/>\n&#8211; Sensores<br \/>\n&#8211; Armado final<br \/>\n&#8211; Competencia<\/p>\n<p>[\/et_pb_text][\/et_pb_column][\/et_pb_row][\/et_pb_section][et_pb_section bb_built=&#8221;1&#8243; admin_label=&#8221;Section&#8221; background_color=&#8221;#adadad&#8221; custom_padding=&#8221;44px|0px|54px|0px&#8221;][et_pb_row admin_label=&#8221;Row&#8221;][et_pb_column type=&#8221;4_4&#8243;][et_pb_countdown_timer admin_label=&#8221;Countdown Timer&#8221; title=&#8221;Ultima Fecha de Inscripci\u00f3n&#8221; date_time=&#8221;04\/20\/2018 16:18&#8243; background_layout=&#8221;light&#8221; use_background_color=&#8221;on&#8221; background_color=&#8221;rgba(126,190,197,0)&#8221; header_font=&#8221;Arimo|on|||&#8221; header_text_color=&#8221;#2c2c2c&#8221; numbers_font_size=&#8221;40px&#8221; numbers_text_color=&#8221;#2c2c2c&#8221; header_font_size=&#8221;25&#8243; numbers_font_size_last_edited=&#8221;on|phone&#8221; numbers_font_size_phone=&#8221;25px&#8221; \/][et_pb_contact_form admin_label=&#8221;Ficha de inscripci\u00f3n &#8221; title=&#8221;Solicita Ficha de Inscripci\u00f3n &#8221; form_background_color=&#8221;#d1d1d1&#8243; module_id=&#8221;et_pb_contact_form_1&#8243; title_font=&#8221;Arimo|on|||&#8221; title_font_size=&#8221;29&#8243; title_text_color=&#8221;#2c2c2c&#8221; title_line_height=&#8221;1.7em&#8221; form_field_font=&#8221;Nunito||||&#8221; form_field_font_size=&#8221;16&#8243; form_field_text_color=&#8221;#ffffff&#8221; custom_button=&#8221;on&#8221; button_text_color=&#8221;#ffffff&#8221; button_bg_color=&#8221;#f36e5b&#8221; button_border_width=&#8221;0&#8243; button_border_color=&#8221;rgba(0,0,0,0)&#8221; button_font=&#8221;Nunito||||&#8221;] [et_pb_contact_field field_id=&#8221;Name&#8221; field_title=&#8221;Nombre:&#8221; field_background_color=&#8221;#2c2c2c&#8221; form_field_font=&#8221;||||&#8221; form_field_text_color=&#8221;#ffffff&#8221; use_border_color=&#8221;off&#8221;][\/et_pb_contact_field][et_pb_contact_field field_id=&#8221;Apellido&#8221; field_title=&#8221;Apellido:&#8221; field_background_color=&#8221;#2c2c2c&#8221; form_field_font=&#8221;||||&#8221; form_field_text_color=&#8221;#ffffff&#8221; use_border_color=&#8221;off&#8221;][\/et_pb_contact_field][et_pb_contact_field field_id=&#8221;Email&#8221; field_title=&#8221;Correo electr\u00f3nico&#8221; field_type=&#8221;email&#8221; field_background_color=&#8221;#2c2c2c&#8221; form_field_font=&#8221;||||&#8221; form_field_text_color=&#8221;#ffffff&#8221; use_border_color=&#8221;off&#8221;][\/et_pb_contact_field][et_pb_contact_field field_id=&#8221;Tel&#8221; field_title=&#8221;Tel\u00e9fono:&#8221; field_background_color=&#8221;#2c2c2c&#8221; form_field_font=&#8221;||||&#8221; form_field_text_color=&#8221;#ffffff&#8221; use_border_color=&#8221;off&#8221;][\/et_pb_contact_field][et_pb_contact_field field_id=&#8221;Instituci\u00f3n&#8221; field_title=&#8221;Instituci\u00f3n:&#8221; field_background_color=&#8221;#2c2c2c&#8221; form_field_font=&#8221;||||&#8221; form_field_text_color=&#8221;#ffffff&#8221; use_border_color=&#8221;off&#8221;][\/et_pb_contact_field] [\/et_pb_contact_form][\/et_pb_column][\/et_pb_row][\/et_pb_section]<\/p>\n","protected":false},"excerpt":{"rendered":"<p>#Tech4Teachers SEMINARIO DE TECNOLOG\u00cdA Actualiza o aprende de conceptos de microcontroladores, dispositivos electr\u00f3nicos y programaci\u00f3n avanzada en proyectos del \u00e1rea de mecatr\u00f3nica, de una forma din\u00e1mica y pr\u00e1tica. Ficha T\u00e9cnica Modalidad: Presencial Duraci\u00f3n: 2 d\u00edas \/ 4 horas cada d\u00eda Fechas: 28 de abril y 5 de mayo Horario: 14:00 a 18:00 hrs. Sede: Universidad [&hellip;]<\/p>\n","protected":false},"author":1,"featured_media":0,"parent":0,"menu_order":0,"comment_status":"closed","ping_status":"closed","template":"","meta":{"_et_pb_use_builder":"on","_et_pb_old_content":"","_et_gb_content_width":""},"yoast_head":"<!-- This site is optimized with the Yoast SEO plugin v20.13 - https:\/\/yoast.com\/wordpress\/plugins\/seo\/ -->\n<title>Seminario de Tecnolog\u00eda | Tech4Teachers<\/title>\n<meta name=\"description\" content=\"Actualiza o aprende de conceptos de microcontroladores, dispositivos electr\u00f3nicos y programaci\u00f3n avanzada de una forma din\u00e1mica y pr\u00e1ctica.\" \/>\n<meta name=\"robots\" content=\"index, follow, max-snippet:-1, max-image-preview:large, max-video-preview:-1\" \/>\n<link rel=\"canonical\" href=\"https:\/\/www.galileo.edu\/page\/tech4teachers\/\" \/>\n<meta property=\"og:locale\" content=\"en_US\" \/>\n<meta property=\"og:type\" content=\"article\" \/>\n<meta property=\"og:title\" content=\"Seminario de Tecnolog\u00eda | Tech4Teachers\" \/>\n<meta property=\"og:description\" content=\"Actualiza o aprende de conceptos de microcontroladores, dispositivos electr\u00f3nicos y programaci\u00f3n avanzada de una forma din\u00e1mica y pr\u00e1ctica.\" \/>\n<meta property=\"og:url\" content=\"https:\/\/www.galileo.edu\/page\/tech4teachers\/\" \/>\n<meta property=\"og:site_name\" content=\"Universidad Galileo\" \/>\n<meta property=\"article:modified_time\" content=\"2018-04-06T20:54:15+00:00\" \/>\n<meta property=\"og:image\" content=\"http:\/\/www.galileo.edu\/page\/wp-content\/uploads\/2018\/03\/baja-250.png\" \/>\n<meta name=\"twitter:card\" content=\"summary_large_image\" \/>\n<meta name=\"twitter:label1\" content=\"Est. reading time\" \/>\n\t<meta name=\"twitter:data1\" content=\"8 minutes\" \/>\n<script type=\"application\/ld+json\" class=\"yoast-schema-graph\">{\"@context\":\"https:\/\/schema.org\",\"@graph\":[{\"@type\":\"WebPage\",\"@id\":\"https:\/\/www.galileo.edu\/page\/tech4teachers\/\",\"url\":\"https:\/\/www.galileo.edu\/page\/tech4teachers\/\",\"name\":\"Seminario de Tecnolog\u00eda | Tech4Teachers\",\"isPartOf\":{\"@id\":\"https:\/\/www.galileo.edu\/page\/#website\"},\"datePublished\":\"2017-11-10T21:36:06+00:00\",\"dateModified\":\"2018-04-06T20:54:15+00:00\",\"description\":\"Actualiza o aprende de conceptos de microcontroladores, dispositivos electr\u00f3nicos y programaci\u00f3n avanzada de una forma din\u00e1mica y pr\u00e1ctica.\",\"breadcrumb\":{\"@id\":\"https:\/\/www.galileo.edu\/page\/tech4teachers\/#breadcrumb\"},\"inLanguage\":\"en-US\",\"potentialAction\":[{\"@type\":\"ReadAction\",\"target\":[\"https:\/\/www.galileo.edu\/page\/tech4teachers\/\"]}]},{\"@type\":\"BreadcrumbList\",\"@id\":\"https:\/\/www.galileo.edu\/page\/tech4teachers\/#breadcrumb\",\"itemListElement\":[{\"@type\":\"ListItem\",\"position\":1,\"name\":\"Home\",\"item\":\"https:\/\/www.galileo.edu\/page\/home\/\"},{\"@type\":\"ListItem\",\"position\":2,\"name\":\"Tech4Teachers\"}]},{\"@type\":\"WebSite\",\"@id\":\"https:\/\/www.galileo.edu\/page\/#website\",\"url\":\"https:\/\/www.galileo.edu\/page\/\",\"name\":\"Universidad Galileo\",\"description\":\"La revoluci\u00f3n en la educaci\u00f3n\",\"potentialAction\":[{\"@type\":\"SearchAction\",\"target\":{\"@type\":\"EntryPoint\",\"urlTemplate\":\"https:\/\/www.galileo.edu\/page\/?s={search_term_string}\"},\"query-input\":\"required name=search_term_string\"}],\"inLanguage\":\"en-US\"}]}<\/script>\n<!-- \/ Yoast SEO plugin. -->","yoast_head_json":{"title":"Seminario de Tecnolog\u00eda | Tech4Teachers","description":"Actualiza o aprende de conceptos de microcontroladores, dispositivos electr\u00f3nicos y programaci\u00f3n avanzada de una forma din\u00e1mica y pr\u00e1ctica.","robots":{"index":"index","follow":"follow","max-snippet":"max-snippet:-1","max-image-preview":"max-image-preview:large","max-video-preview":"max-video-preview:-1"},"canonical":"https:\/\/www.galileo.edu\/page\/tech4teachers\/","og_locale":"en_US","og_type":"article","og_title":"Seminario de Tecnolog\u00eda | Tech4Teachers","og_description":"Actualiza o aprende de conceptos de microcontroladores, dispositivos electr\u00f3nicos y programaci\u00f3n avanzada de una forma din\u00e1mica y pr\u00e1ctica.","og_url":"https:\/\/www.galileo.edu\/page\/tech4teachers\/","og_site_name":"Universidad Galileo","article_modified_time":"2018-04-06T20:54:15+00:00","og_image":[{"url":"http:\/\/www.galileo.edu\/page\/wp-content\/uploads\/2018\/03\/baja-250.png"}],"twitter_card":"summary_large_image","twitter_misc":{"Est. reading time":"8 minutes"},"schema":{"@context":"https:\/\/schema.org","@graph":[{"@type":"WebPage","@id":"https:\/\/www.galileo.edu\/page\/tech4teachers\/","url":"https:\/\/www.galileo.edu\/page\/tech4teachers\/","name":"Seminario de Tecnolog\u00eda | Tech4Teachers","isPartOf":{"@id":"https:\/\/www.galileo.edu\/page\/#website"},"datePublished":"2017-11-10T21:36:06+00:00","dateModified":"2018-04-06T20:54:15+00:00","description":"Actualiza o aprende de conceptos de microcontroladores, dispositivos electr\u00f3nicos y programaci\u00f3n avanzada de una forma din\u00e1mica y pr\u00e1ctica.","breadcrumb":{"@id":"https:\/\/www.galileo.edu\/page\/tech4teachers\/#breadcrumb"},"inLanguage":"en-US","potentialAction":[{"@type":"ReadAction","target":["https:\/\/www.galileo.edu\/page\/tech4teachers\/"]}]},{"@type":"BreadcrumbList","@id":"https:\/\/www.galileo.edu\/page\/tech4teachers\/#breadcrumb","itemListElement":[{"@type":"ListItem","position":1,"name":"Home","item":"https:\/\/www.galileo.edu\/page\/home\/"},{"@type":"ListItem","position":2,"name":"Tech4Teachers"}]},{"@type":"WebSite","@id":"https:\/\/www.galileo.edu\/page\/#website","url":"https:\/\/www.galileo.edu\/page\/","name":"Universidad Galileo","description":"La revoluci\u00f3n en la educaci\u00f3n","potentialAction":[{"@type":"SearchAction","target":{"@type":"EntryPoint","urlTemplate":"https:\/\/www.galileo.edu\/page\/?s={search_term_string}"},"query-input":"required name=search_term_string"}],"inLanguage":"en-US"}]}},"_links":{"self":[{"href":"https:\/\/www.galileo.edu\/page\/wp-json\/wp\/v2\/pages\/4196"}],"collection":[{"href":"https:\/\/www.galileo.edu\/page\/wp-json\/wp\/v2\/pages"}],"about":[{"href":"https:\/\/www.galileo.edu\/page\/wp-json\/wp\/v2\/types\/page"}],"author":[{"embeddable":true,"href":"https:\/\/www.galileo.edu\/page\/wp-json\/wp\/v2\/users\/1"}],"replies":[{"embeddable":true,"href":"https:\/\/www.galileo.edu\/page\/wp-json\/wp\/v2\/comments?post=4196"}],"version-history":[{"count":78,"href":"https:\/\/www.galileo.edu\/page\/wp-json\/wp\/v2\/pages\/4196\/revisions"}],"predecessor-version":[{"id":5245,"href":"https:\/\/www.galileo.edu\/page\/wp-json\/wp\/v2\/pages\/4196\/revisions\/5245"}],"wp:attachment":[{"href":"https:\/\/www.galileo.edu\/page\/wp-json\/wp\/v2\/media?parent=4196"}],"curies":[{"name":"wp","href":"https:\/\/api.w.org\/{rel}","templated":true}]}}