{"id":38718,"date":"2021-06-24T15:21:21","date_gmt":"2021-06-24T15:21:21","guid":{"rendered":"http:\/\/www.galileo.edu\/page\/?page_id=38718"},"modified":"2021-07-02T23:19:02","modified_gmt":"2021-07-02T23:19:02","slug":"gracias-metamorfosis-de-la-educacion-en-los-estudios-de-posgrado","status":"publish","type":"page","link":"https:\/\/www.galileo.edu\/page\/gracias-metamorfosis-de-la-educacion-en-los-estudios-de-posgrado\/","title":{"rendered":"Gracias Metamorfosis de la Educaci\u00f3n en los Estudios de Posgrado"},"content":{"rendered":"<p>[et_pb_section fb_built=&#8221;1&#8243; _builder_version=&#8221;3.0.47&#8243;][et_pb_row custom_padding=&#8221;2%|0px|27px|0px|false|false&#8221; custom_padding_last_edited=&#8221;on|desktop&#8221; _builder_version=&#8221;3.2.2&#8243;][et_pb_column type=&#8221;4_4&#8243; _builder_version=&#8221;3.0.47&#8243; parallax=&#8221;off&#8221; parallax_method=&#8221;on&#8221;][et_pb_image src=&#8221;http:\/\/www.galileo.edu\/page\/wp-content\/uploads\/2021\/06\/Imagen4.png&#8221; align=&#8221;center&#8221; _builder_version=&#8221;3.2.2&#8243;][\/et_pb_image][\/et_pb_column][\/et_pb_row][et_pb_row custom_padding=&#8221;27px|0px|62px|0px|false|false&#8221; _builder_version=&#8221;3.0.47&#8243; background_size=&#8221;initial&#8221; background_position=&#8221;top_left&#8221; background_repeat=&#8221;repeat&#8221;][et_pb_column type=&#8221;1_2&#8243; _builder_version=&#8221;3.0.47&#8243; parallax=&#8221;off&#8221; parallax_method=&#8221;on&#8221;][et_pb_text _builder_version=&#8221;3.2.2&#8243; text_font=&#8221;Raleway|700|||||||&#8221; text_font_size=&#8221;35px&#8221; header_font=&#8221;Montserrat|700|||||||&#8221; header_text_color=&#8221;#dac031&#8243; header_font_size=&#8221;38px&#8221; header_font_size_last_edited=&#8221;on|desktop&#8221; header_line_height=&#8221;1.1em&#8221; header_2_font=&#8221;Montserrat|700|||||||&#8221; header_2_text_color=&#8221;#372b1b&#8221; header_2_font_size=&#8221;37px&#8221; header_3_font=&#8221;Raleway|800|||||||&#8221; header_3_text_color=&#8221;#2a3187&#8243; header_3_font_size=&#8221;46px&#8221;]<\/p>\n<h1><span style=\"color: #;\">\u00a1Gracias por registrarte al VI Encuentro del Foro Interuniversitario de Estudios de Postgrado<\/span><\/h1>\n<h3>\u201cMetamorfosis de la Educaci\u00f3n en los Estudios de Posgrado\u201d<\/h3>\n<p>[\/et_pb_text][\/et_pb_column][et_pb_column type=&#8221;1_2&#8243; _builder_version=&#8221;3.0.47&#8243; parallax=&#8221;off&#8221; parallax_method=&#8221;on&#8221;][et_pb_text _builder_version=&#8221;3.2.2&#8243;]<\/p>\n<p>Gracias por tu participaci\u00f3n en este evento, tu registro est\u00e1 completo. A continuaci\u00f3n, <strong>te compartimos el enlace de transmisi\u00f3n del evento en vivo ingresa al siguiente enlace:<\/strong> <a href=\"https:\/\/www.youtube.com\/watch?v=2CIn3xU7uf8\" target=\"_blank\" rel=\"noopener noreferrer\">\u201cVI Encuentro del Foro Interuniversitario de Estudios de Postgrado\u201d<\/a><\/p>\n<p>Recuerda y Agenda la fecha, el VI Encuentro del Foro Interuniversitario de Estudios de Postgrado ser\u00e1 el <strong>JUEVES 08 DE JULIO del a\u00f1o 2021 de 8:00 a 12:30 horas Guatemala (UTC-6).<\/strong><\/p>\n<p>[\/et_pb_text][\/et_pb_column][\/et_pb_row][et_pb_row custom_padding=&#8221;60px|0px|27px|0px|false|false&#8221; _builder_version=&#8221;3.2.2&#8243;][et_pb_column type=&#8221;4_4&#8243; _builder_version=&#8221;3.0.47&#8243; parallax=&#8221;off&#8221; parallax_method=&#8221;on&#8221;][et_pb_image src=&#8221;http:\/\/www.galileo.edu\/page\/wp-content\/uploads\/2021\/06\/logos-universidades-foros.png&#8221; _builder_version=&#8221;3.2.2&#8243;][\/et_pb_image][\/et_pb_column][\/et_pb_row][\/et_pb_section]<\/p>\n","protected":false},"excerpt":{"rendered":"<p>\u00a1Gracias por registrarte al VI Encuentro del Foro Interuniversitario de Estudios de Postgrado \u201cMetamorfosis de la Educaci\u00f3n en los Estudios de Posgrado\u201d Gracias por tu participaci\u00f3n en este evento, tu registro est\u00e1 completo. A continuaci\u00f3n, te compartimos el enlace de transmisi\u00f3n del evento en vivo ingresa al siguiente enlace: \u201cVI Encuentro del Foro Interuniversitario de [&hellip;]<\/p>\n","protected":false},"author":9,"featured_media":0,"parent":0,"menu_order":0,"comment_status":"closed","ping_status":"closed","template":"page-template-blank.php","meta":{"_et_pb_use_builder":"on","_et_pb_old_content":"","_et_gb_content_width":""},"yoast_head":"<!-- This site is optimized with the Yoast SEO plugin v20.13 - https:\/\/yoast.com\/wordpress\/plugins\/seo\/ -->\n<title>Gracias Registro Licitaciones para el abastecimiento de la demanda el\u00e9ctrica en Guatemala<\/title>\n<meta name=\"description\" content=\"Gracias por registrarte al Webinar Licitaciones para el abastecimiento de la demanda el\u00e9ctrica en Guatemala, que ser\u00e1 el 07 de julio a las 18:30 horas.\" \/>\n<meta name=\"robots\" content=\"index, follow, max-snippet:-1, max-image-preview:large, max-video-preview:-1\" \/>\n<link rel=\"canonical\" href=\"https:\/\/www.galileo.edu\/page\/gracias-metamorfosis-de-la-educacion-en-los-estudios-de-posgrado\/\" \/>\n<meta property=\"og:locale\" content=\"en_US\" \/>\n<meta property=\"og:type\" content=\"article\" \/>\n<meta property=\"og:title\" content=\"Gracias Registro Licitaciones para el abastecimiento de la demanda el\u00e9ctrica en Guatemala\" \/>\n<meta property=\"og:description\" content=\"Gracias por registrarte al Webinar Licitaciones para el abastecimiento de la demanda el\u00e9ctrica en Guatemala, que ser\u00e1 el 07 de julio a las 18:30 horas.\" \/>\n<meta property=\"og:url\" content=\"https:\/\/www.galileo.edu\/page\/gracias-metamorfosis-de-la-educacion-en-los-estudios-de-posgrado\/\" \/>\n<meta property=\"og:site_name\" content=\"Universidad Galileo\" \/>\n<meta property=\"article:modified_time\" content=\"2021-07-02T23:19:02+00:00\" \/>\n<meta name=\"twitter:card\" content=\"summary_large_image\" \/>\n<meta name=\"twitter:label1\" content=\"Est. reading time\" \/>\n\t<meta name=\"twitter:data1\" content=\"2 minutes\" \/>\n<script type=\"application\/ld+json\" class=\"yoast-schema-graph\">{\"@context\":\"https:\/\/schema.org\",\"@graph\":[{\"@type\":\"WebPage\",\"@id\":\"https:\/\/www.galileo.edu\/page\/gracias-metamorfosis-de-la-educacion-en-los-estudios-de-posgrado\/\",\"url\":\"https:\/\/www.galileo.edu\/page\/gracias-metamorfosis-de-la-educacion-en-los-estudios-de-posgrado\/\",\"name\":\"Gracias Registro Licitaciones para el abastecimiento de la demanda el\u00e9ctrica en Guatemala\",\"isPartOf\":{\"@id\":\"https:\/\/www.galileo.edu\/page\/#website\"},\"datePublished\":\"2021-06-24T15:21:21+00:00\",\"dateModified\":\"2021-07-02T23:19:02+00:00\",\"description\":\"Gracias por registrarte al Webinar Licitaciones para el abastecimiento de la demanda el\u00e9ctrica en Guatemala, que ser\u00e1 el 07 de julio a las 18:30 horas.\",\"breadcrumb\":{\"@id\":\"https:\/\/www.galileo.edu\/page\/gracias-metamorfosis-de-la-educacion-en-los-estudios-de-posgrado\/#breadcrumb\"},\"inLanguage\":\"en-US\",\"potentialAction\":[{\"@type\":\"ReadAction\",\"target\":[\"https:\/\/www.galileo.edu\/page\/gracias-metamorfosis-de-la-educacion-en-los-estudios-de-posgrado\/\"]}]},{\"@type\":\"BreadcrumbList\",\"@id\":\"https:\/\/www.galileo.edu\/page\/gracias-metamorfosis-de-la-educacion-en-los-estudios-de-posgrado\/#breadcrumb\",\"itemListElement\":[{\"@type\":\"ListItem\",\"position\":1,\"name\":\"Home\",\"item\":\"https:\/\/www.galileo.edu\/page\/home\/\"},{\"@type\":\"ListItem\",\"position\":2,\"name\":\"Gracias Metamorfosis de la Educaci\u00f3n en los Estudios de Posgrado\"}]},{\"@type\":\"WebSite\",\"@id\":\"https:\/\/www.galileo.edu\/page\/#website\",\"url\":\"https:\/\/www.galileo.edu\/page\/\",\"name\":\"Universidad Galileo\",\"description\":\"La revoluci\u00f3n en la educaci\u00f3n\",\"potentialAction\":[{\"@type\":\"SearchAction\",\"target\":{\"@type\":\"EntryPoint\",\"urlTemplate\":\"https:\/\/www.galileo.edu\/page\/?s={search_term_string}\"},\"query-input\":\"required name=search_term_string\"}],\"inLanguage\":\"en-US\"}]}<\/script>\n<!-- \/ Yoast SEO plugin. -->","yoast_head_json":{"title":"Gracias Registro Licitaciones para el abastecimiento de la demanda el\u00e9ctrica en Guatemala","description":"Gracias por registrarte al Webinar Licitaciones para el abastecimiento de la demanda el\u00e9ctrica en Guatemala, que ser\u00e1 el 07 de julio a las 18:30 horas.","robots":{"index":"index","follow":"follow","max-snippet":"max-snippet:-1","max-image-preview":"max-image-preview:large","max-video-preview":"max-video-preview:-1"},"canonical":"https:\/\/www.galileo.edu\/page\/gracias-metamorfosis-de-la-educacion-en-los-estudios-de-posgrado\/","og_locale":"en_US","og_type":"article","og_title":"Gracias Registro Licitaciones para el abastecimiento de la demanda el\u00e9ctrica en Guatemala","og_description":"Gracias por registrarte al Webinar Licitaciones para el abastecimiento de la demanda el\u00e9ctrica en Guatemala, que ser\u00e1 el 07 de julio a las 18:30 horas.","og_url":"https:\/\/www.galileo.edu\/page\/gracias-metamorfosis-de-la-educacion-en-los-estudios-de-posgrado\/","og_site_name":"Universidad Galileo","article_modified_time":"2021-07-02T23:19:02+00:00","twitter_card":"summary_large_image","twitter_misc":{"Est. reading time":"2 minutes"},"schema":{"@context":"https:\/\/schema.org","@graph":[{"@type":"WebPage","@id":"https:\/\/www.galileo.edu\/page\/gracias-metamorfosis-de-la-educacion-en-los-estudios-de-posgrado\/","url":"https:\/\/www.galileo.edu\/page\/gracias-metamorfosis-de-la-educacion-en-los-estudios-de-posgrado\/","name":"Gracias Registro Licitaciones para el abastecimiento de la demanda el\u00e9ctrica en Guatemala","isPartOf":{"@id":"https:\/\/www.galileo.edu\/page\/#website"},"datePublished":"2021-06-24T15:21:21+00:00","dateModified":"2021-07-02T23:19:02+00:00","description":"Gracias por registrarte al Webinar Licitaciones para el abastecimiento de la demanda el\u00e9ctrica en Guatemala, que ser\u00e1 el 07 de julio a las 18:30 horas.","breadcrumb":{"@id":"https:\/\/www.galileo.edu\/page\/gracias-metamorfosis-de-la-educacion-en-los-estudios-de-posgrado\/#breadcrumb"},"inLanguage":"en-US","potentialAction":[{"@type":"ReadAction","target":["https:\/\/www.galileo.edu\/page\/gracias-metamorfosis-de-la-educacion-en-los-estudios-de-posgrado\/"]}]},{"@type":"BreadcrumbList","@id":"https:\/\/www.galileo.edu\/page\/gracias-metamorfosis-de-la-educacion-en-los-estudios-de-posgrado\/#breadcrumb","itemListElement":[{"@type":"ListItem","position":1,"name":"Home","item":"https:\/\/www.galileo.edu\/page\/home\/"},{"@type":"ListItem","position":2,"name":"Gracias Metamorfosis de la Educaci\u00f3n en los Estudios de Posgrado"}]},{"@type":"WebSite","@id":"https:\/\/www.galileo.edu\/page\/#website","url":"https:\/\/www.galileo.edu\/page\/","name":"Universidad Galileo","description":"La revoluci\u00f3n en la educaci\u00f3n","potentialAction":[{"@type":"SearchAction","target":{"@type":"EntryPoint","urlTemplate":"https:\/\/www.galileo.edu\/page\/?s={search_term_string}"},"query-input":"required name=search_term_string"}],"inLanguage":"en-US"}]}},"_links":{"self":[{"href":"https:\/\/www.galileo.edu\/page\/wp-json\/wp\/v2\/pages\/38718"}],"collection":[{"href":"https:\/\/www.galileo.edu\/page\/wp-json\/wp\/v2\/pages"}],"about":[{"href":"https:\/\/www.galileo.edu\/page\/wp-json\/wp\/v2\/types\/page"}],"author":[{"embeddable":true,"href":"https:\/\/www.galileo.edu\/page\/wp-json\/wp\/v2\/users\/9"}],"replies":[{"embeddable":true,"href":"https:\/\/www.galileo.edu\/page\/wp-json\/wp\/v2\/comments?post=38718"}],"version-history":[{"count":11,"href":"https:\/\/www.galileo.edu\/page\/wp-json\/wp\/v2\/pages\/38718\/revisions"}],"predecessor-version":[{"id":39528,"href":"https:\/\/www.galileo.edu\/page\/wp-json\/wp\/v2\/pages\/38718\/revisions\/39528"}],"wp:attachment":[{"href":"https:\/\/www.galileo.edu\/page\/wp-json\/wp\/v2\/media?parent=38718"}],"curies":[{"name":"wp","href":"https:\/\/api.w.org\/{rel}","templated":true}]}}