{"id":38391,"date":"2021-06-23T18:46:48","date_gmt":"2021-06-23T18:46:48","guid":{"rendered":"http:\/\/www.galileo.edu\/page\/?page_id=38391"},"modified":"2021-06-23T22:27:29","modified_gmt":"2021-06-23T22:27:29","slug":"registro-webinar-asistencia-humanitaria-a-poblaciones-con-inseguridad-alimentaria","status":"publish","type":"page","link":"https:\/\/www.galileo.edu\/page\/registro-webinar-asistencia-humanitaria-a-poblaciones-con-inseguridad-alimentaria\/","title":{"rendered":"Registro Webinar Asistencia Humanitaria a Poblaciones con Inseguridad Alimentaria"},"content":{"rendered":"<p>[et_pb_section fb_built=&#8221;1&#8243; _builder_version=&#8221;3.0.47&#8243;][et_pb_row custom_padding=&#8221;27px|0px|62px|0px|false|false&#8221; _builder_version=&#8221;3.0.47&#8243; background_size=&#8221;initial&#8221; background_position=&#8221;top_left&#8221; background_repeat=&#8221;repeat&#8221;][et_pb_column type=&#8221;1_2&#8243; _builder_version=&#8221;3.0.47&#8243; parallax=&#8221;off&#8221; parallax_method=&#8221;on&#8221;][et_pb_text _builder_version=&#8221;3.2.2&#8243; text_font=&#8221;Raleway|700|||||||&#8221; text_font_size=&#8221;35px&#8221; header_font=&#8221;Montserrat|700|||||||&#8221; header_font_size=&#8221;35px&#8221; header_font_size_last_edited=&#8221;on|desktop&#8221; header_line_height=&#8221;1.1em&#8221; header_3_line_height=&#8221;1.2em&#8221;]&nbsp;<\/p>\n<h1 style=\"text-align: left;\"><span style=\"color: #000000;\">\u00a1Gracias por registrarte al Webinar gratuito!<\/span><\/h1>\n<h1><span style=\"color: #81b522;\"><b>Asistencia Humanitaria a Poblaciones con Inseguridad Alimentaria<\/b><\/span><\/h1>\n<h3><strong>\u00a0<\/strong><\/h3>\n<p>&nbsp;[\/et_pb_text][\/et_pb_column][et_pb_column type=&#8221;1_2&#8243; _builder_version=&#8221;3.0.47&#8243; parallax=&#8221;off&#8221; parallax_method=&#8221;on&#8221;][et_pb_text _builder_version=&#8221;3.2.2&#8243;]&nbsp;<\/p>\n<p style=\"text-align: justify;\">Tu registro est\u00e1 completo.\u00a0<strong>Revisa tu correo electr\u00f3nico<\/strong> para ver m\u00e1s detalles sobre el evento. Y qu\u00e9date pendiente porque recibir\u00e1s el enlace para conectarte.<\/p>\n<p>Si no recibes el correo con la informaci\u00f3n de parte de Universidad Galileo en los pr\u00f3ximos minutos,<strong> busca en tus otras carpetas de correo como \u201cPromociones\u201d, \u201cNotificaciones\u201d o &#8220;Newsletter&#8221;, o bien en \u201cNo deseado\u201d o \u201cSpam\u201d, algunas veces se filtran all\u00ed<\/strong>. Si no te llega el correo electr\u00f3nico, puede ser que escribiste mal tu email, por lo que te pedimos que vuelvas a llenar tus datos en la p\u00e1gina anterior a esta y revisa que est\u00e9n bien escritos.<\/p>\n<p>Agenda la fecha, el webinar gratuito ser\u00e1 el <strong>jueves 1 de julio del a\u00f1o 2021 a las 16:00 horas, Guatemala.\u00a0<\/strong><\/p>\n<p>&nbsp;<br \/>\n[\/et_pb_text][\/et_pb_column][\/et_pb_row][et_pb_row custom_padding=&#8221;0px|0px||200px&#8221; custom_padding_phone=&#8221;|||0px&#8221; custom_margin=&#8221;0px|60px|0px|60px||false&#8221; custom_padding_last_edited=&#8221;on|phone&#8221; padding_right_1=&#8221;0px&#8221; disabled_on=&#8221;on|on|on&#8221; _builder_version=&#8221;3.2.2&#8243; border_radii=&#8221;on|15px|15px|15px|15px&#8221; module_alignment=&#8221;center&#8221; custom_margin_last_edited=&#8221;on|desktop&#8221; disabled=&#8221;on&#8221;][et_pb_column type=&#8221;4_4&#8243; _builder_version=&#8221;3.0.47&#8243; padding_right=&#8221;0px&#8221; parallax=&#8221;off&#8221; parallax_method=&#8221;on&#8221;][et_pb_text _builder_version=&#8221;3.2.2&#8243;]<\/p>\n<p style=\"text-align: center;\">Este webinar gratuito es un evento organizado por la Facultad de Administraci\u00f3n, <strong>ADMOS de Universidad Galileo<\/strong><\/p>\n<p style=\"text-align: center;\">Si tienes dudas sobre el webinar o la Facultad, cont\u00e1ctanos.<\/p>\n<p style=\"text-align: center;\">\u00a1Ser\u00e1 un gusto atenderte!<\/p>\n<p>[\/et_pb_text][\/et_pb_column][\/et_pb_row][et_pb_row custom_padding=&#8221;17px|0px|0|0px|false|false&#8221; disabled_on=&#8221;on|on|on&#8221; _builder_version=&#8221;3.2.2&#8243; disabled=&#8221;on&#8221;][et_pb_column type=&#8221;1_2&#8243; _builder_version=&#8221;3.0.47&#8243; parallax=&#8221;off&#8221; parallax_method=&#8221;on&#8221;][et_pb_blurb title=&#8221;PBX&#8221; image=&#8221;http:\/\/www.galileo.edu\/page\/wp-content\/uploads\/2019\/05\/telephone.png&#8221; image_max_width=&#8221;18%&#8221; _builder_version=&#8221;3.2.2&#8243; header_font=&#8221;||||||||&#8221; header_text_align=&#8221;center&#8221;]<\/p>\n<p style=\"text-align: center;\">+502 2423-8020<\/p>\n<p style=\"text-align: center;\">ext:\u00a07444\/7445<\/p>\n<p>[\/et_pb_blurb][\/et_pb_column][et_pb_column type=&#8221;1_2&#8243; _builder_version=&#8221;3.0.47&#8243; parallax=&#8221;off&#8221; parallax_method=&#8221;on&#8221;][et_pb_blurb title=&#8221;Correo electr\u00f3nico&#8221; image=&#8221;http:\/\/www.galileo.edu\/page\/wp-content\/uploads\/2019\/05\/mail-1.png&#8221; image_max_width=&#8221;18%&#8221; _builder_version=&#8221;3.2.2&#8243; header_font=&#8221;||||||||&#8221; header_text_align=&#8221;center&#8221; text_orientation=&#8221;center&#8221;] <a class=\"Xx\" href=\"mailto:facultad-de-administracion@galileo.edu\" target=\"_blank\" rel=\"nofollow noopener noreferrer\">facultad-de-administracion@galileo.edu<\/a> [\/et_pb_blurb][\/et_pb_column][\/et_pb_row][et_pb_row custom_padding=&#8221;60px|0px|27px|0px|false|false&#8221; _builder_version=&#8221;3.2.2&#8243;][et_pb_column type=&#8221;4_4&#8243; _builder_version=&#8221;3.0.47&#8243; parallax=&#8221;off&#8221; parallax_method=&#8221;on&#8221;][et_pb_image src=&#8221;http:\/\/www.galileo.edu\/page\/wp-content\/uploads\/2020\/08\/logo_u_galileo.png&#8221; align=&#8221;center&#8221; _builder_version=&#8221;3.2.2&#8243; max_width=&#8221;31%&#8221; max_width_tablet=&#8221;71%&#8221; max_width_phone=&#8221;63%&#8221; max_width_last_edited=&#8221;on|phone&#8221;][\/et_pb_image][\/et_pb_column][\/et_pb_row][\/et_pb_section]<\/p>\n","protected":false},"excerpt":{"rendered":"<p>&nbsp; \u00a1Gracias por registrarte al Webinar gratuito! Asistencia Humanitaria a Poblaciones con Inseguridad Alimentaria \u00a0 &nbsp;&nbsp; Tu registro est\u00e1 completo.\u00a0Revisa tu correo electr\u00f3nico para ver m\u00e1s detalles sobre el evento. Y qu\u00e9date pendiente porque recibir\u00e1s el enlace para conectarte. Si no recibes el correo con la informaci\u00f3n de parte de Universidad Galileo en los pr\u00f3ximos [&hellip;]<\/p>\n","protected":false},"author":12,"featured_media":38559,"parent":0,"menu_order":0,"comment_status":"closed","ping_status":"closed","template":"page-template-blank.php","meta":{"_et_pb_use_builder":"on","_et_pb_old_content":"","_et_gb_content_width":""},"yoast_head":"<!-- This site is optimized with the Yoast SEO plugin v20.13 - https:\/\/yoast.com\/wordpress\/plugins\/seo\/ -->\n<title>Registro Webinar Asistencia Humanitaria a Poblaciones con Inseguridad Alimentaria<\/title>\n<meta name=\"description\" content=\"Gracias por registrarte al webinar gratuito Asistencia Humanitaria a Poblaciones con Inseguridad Alimentaria que se llevar\u00e1 a cabo jueves 1 de julio.\" \/>\n<meta name=\"robots\" content=\"index, follow, max-snippet:-1, max-image-preview:large, max-video-preview:-1\" \/>\n<link rel=\"canonical\" href=\"https:\/\/www.galileo.edu\/page\/registro-webinar-asistencia-humanitaria-a-poblaciones-con-inseguridad-alimentaria\/\" \/>\n<meta property=\"og:locale\" content=\"en_US\" \/>\n<meta property=\"og:type\" content=\"article\" \/>\n<meta property=\"og:title\" content=\"Registro Webinar Asistencia Humanitaria a Poblaciones con Inseguridad Alimentaria\" \/>\n<meta property=\"og:description\" content=\"Gracias por registrarte al webinar gratuito Asistencia Humanitaria a Poblaciones con Inseguridad Alimentaria que se llevar\u00e1 a cabo jueves 1 de julio.\" \/>\n<meta property=\"og:url\" content=\"https:\/\/www.galileo.edu\/page\/registro-webinar-asistencia-humanitaria-a-poblaciones-con-inseguridad-alimentaria\/\" \/>\n<meta property=\"og:site_name\" content=\"Universidad Galileo\" \/>\n<meta property=\"article:modified_time\" content=\"2021-06-23T22:27:29+00:00\" \/>\n<meta property=\"og:image\" content=\"https:\/\/www.galileo.edu\/page\/wp-content\/uploads\/2021\/06\/post-01.jpg\" \/>\n\t<meta property=\"og:image:width\" content=\"1024\" \/>\n\t<meta property=\"og:image:height\" content=\"1024\" \/>\n\t<meta property=\"og:image:type\" content=\"image\/jpeg\" \/>\n<meta name=\"twitter:card\" content=\"summary_large_image\" \/>\n<meta name=\"twitter:label1\" content=\"Est. reading time\" \/>\n\t<meta name=\"twitter:data1\" content=\"3 minutes\" \/>\n<script type=\"application\/ld+json\" class=\"yoast-schema-graph\">{\"@context\":\"https:\/\/schema.org\",\"@graph\":[{\"@type\":\"WebPage\",\"@id\":\"https:\/\/www.galileo.edu\/page\/registro-webinar-asistencia-humanitaria-a-poblaciones-con-inseguridad-alimentaria\/\",\"url\":\"https:\/\/www.galileo.edu\/page\/registro-webinar-asistencia-humanitaria-a-poblaciones-con-inseguridad-alimentaria\/\",\"name\":\"Registro Webinar Asistencia Humanitaria a Poblaciones con Inseguridad Alimentaria\",\"isPartOf\":{\"@id\":\"https:\/\/www.galileo.edu\/page\/#website\"},\"datePublished\":\"2021-06-23T18:46:48+00:00\",\"dateModified\":\"2021-06-23T22:27:29+00:00\",\"description\":\"Gracias por registrarte al webinar gratuito Asistencia Humanitaria a Poblaciones con Inseguridad Alimentaria que se llevar\u00e1 a cabo jueves 1 de julio.\",\"breadcrumb\":{\"@id\":\"https:\/\/www.galileo.edu\/page\/registro-webinar-asistencia-humanitaria-a-poblaciones-con-inseguridad-alimentaria\/#breadcrumb\"},\"inLanguage\":\"en-US\",\"potentialAction\":[{\"@type\":\"ReadAction\",\"target\":[\"https:\/\/www.galileo.edu\/page\/registro-webinar-asistencia-humanitaria-a-poblaciones-con-inseguridad-alimentaria\/\"]}]},{\"@type\":\"BreadcrumbList\",\"@id\":\"https:\/\/www.galileo.edu\/page\/registro-webinar-asistencia-humanitaria-a-poblaciones-con-inseguridad-alimentaria\/#breadcrumb\",\"itemListElement\":[{\"@type\":\"ListItem\",\"position\":1,\"name\":\"Home\",\"item\":\"https:\/\/www.galileo.edu\/page\/home\/\"},{\"@type\":\"ListItem\",\"position\":2,\"name\":\"Registro Webinar Asistencia Humanitaria a Poblaciones con Inseguridad Alimentaria\"}]},{\"@type\":\"WebSite\",\"@id\":\"https:\/\/www.galileo.edu\/page\/#website\",\"url\":\"https:\/\/www.galileo.edu\/page\/\",\"name\":\"Universidad Galileo\",\"description\":\"La revoluci\u00f3n en la educaci\u00f3n\",\"potentialAction\":[{\"@type\":\"SearchAction\",\"target\":{\"@type\":\"EntryPoint\",\"urlTemplate\":\"https:\/\/www.galileo.edu\/page\/?s={search_term_string}\"},\"query-input\":\"required name=search_term_string\"}],\"inLanguage\":\"en-US\"}]}<\/script>\n<!-- \/ Yoast SEO plugin. -->","yoast_head_json":{"title":"Registro Webinar Asistencia Humanitaria a Poblaciones con Inseguridad Alimentaria","description":"Gracias por registrarte al webinar gratuito Asistencia Humanitaria a Poblaciones con Inseguridad Alimentaria que se llevar\u00e1 a cabo jueves 1 de julio.","robots":{"index":"index","follow":"follow","max-snippet":"max-snippet:-1","max-image-preview":"max-image-preview:large","max-video-preview":"max-video-preview:-1"},"canonical":"https:\/\/www.galileo.edu\/page\/registro-webinar-asistencia-humanitaria-a-poblaciones-con-inseguridad-alimentaria\/","og_locale":"en_US","og_type":"article","og_title":"Registro Webinar Asistencia Humanitaria a Poblaciones con Inseguridad Alimentaria","og_description":"Gracias por registrarte al webinar gratuito Asistencia Humanitaria a Poblaciones con Inseguridad Alimentaria que se llevar\u00e1 a cabo jueves 1 de julio.","og_url":"https:\/\/www.galileo.edu\/page\/registro-webinar-asistencia-humanitaria-a-poblaciones-con-inseguridad-alimentaria\/","og_site_name":"Universidad Galileo","article_modified_time":"2021-06-23T22:27:29+00:00","og_image":[{"url":"https:\/\/www.galileo.edu\/page\/wp-content\/uploads\/2021\/06\/post-01.jpg","width":1024,"height":1024,"type":"image\/jpeg"}],"twitter_card":"summary_large_image","twitter_misc":{"Est. reading time":"3 minutes"},"schema":{"@context":"https:\/\/schema.org","@graph":[{"@type":"WebPage","@id":"https:\/\/www.galileo.edu\/page\/registro-webinar-asistencia-humanitaria-a-poblaciones-con-inseguridad-alimentaria\/","url":"https:\/\/www.galileo.edu\/page\/registro-webinar-asistencia-humanitaria-a-poblaciones-con-inseguridad-alimentaria\/","name":"Registro Webinar Asistencia Humanitaria a Poblaciones con Inseguridad Alimentaria","isPartOf":{"@id":"https:\/\/www.galileo.edu\/page\/#website"},"datePublished":"2021-06-23T18:46:48+00:00","dateModified":"2021-06-23T22:27:29+00:00","description":"Gracias por registrarte al webinar gratuito Asistencia Humanitaria a Poblaciones con Inseguridad Alimentaria que se llevar\u00e1 a cabo jueves 1 de julio.","breadcrumb":{"@id":"https:\/\/www.galileo.edu\/page\/registro-webinar-asistencia-humanitaria-a-poblaciones-con-inseguridad-alimentaria\/#breadcrumb"},"inLanguage":"en-US","potentialAction":[{"@type":"ReadAction","target":["https:\/\/www.galileo.edu\/page\/registro-webinar-asistencia-humanitaria-a-poblaciones-con-inseguridad-alimentaria\/"]}]},{"@type":"BreadcrumbList","@id":"https:\/\/www.galileo.edu\/page\/registro-webinar-asistencia-humanitaria-a-poblaciones-con-inseguridad-alimentaria\/#breadcrumb","itemListElement":[{"@type":"ListItem","position":1,"name":"Home","item":"https:\/\/www.galileo.edu\/page\/home\/"},{"@type":"ListItem","position":2,"name":"Registro Webinar Asistencia Humanitaria a Poblaciones con Inseguridad Alimentaria"}]},{"@type":"WebSite","@id":"https:\/\/www.galileo.edu\/page\/#website","url":"https:\/\/www.galileo.edu\/page\/","name":"Universidad Galileo","description":"La revoluci\u00f3n en la educaci\u00f3n","potentialAction":[{"@type":"SearchAction","target":{"@type":"EntryPoint","urlTemplate":"https:\/\/www.galileo.edu\/page\/?s={search_term_string}"},"query-input":"required name=search_term_string"}],"inLanguage":"en-US"}]}},"_links":{"self":[{"href":"https:\/\/www.galileo.edu\/page\/wp-json\/wp\/v2\/pages\/38391"}],"collection":[{"href":"https:\/\/www.galileo.edu\/page\/wp-json\/wp\/v2\/pages"}],"about":[{"href":"https:\/\/www.galileo.edu\/page\/wp-json\/wp\/v2\/types\/page"}],"author":[{"embeddable":true,"href":"https:\/\/www.galileo.edu\/page\/wp-json\/wp\/v2\/users\/12"}],"replies":[{"embeddable":true,"href":"https:\/\/www.galileo.edu\/page\/wp-json\/wp\/v2\/comments?post=38391"}],"version-history":[{"count":2,"href":"https:\/\/www.galileo.edu\/page\/wp-json\/wp\/v2\/pages\/38391\/revisions"}],"predecessor-version":[{"id":38560,"href":"https:\/\/www.galileo.edu\/page\/wp-json\/wp\/v2\/pages\/38391\/revisions\/38560"}],"wp:featuredmedia":[{"embeddable":true,"href":"https:\/\/www.galileo.edu\/page\/wp-json\/wp\/v2\/media\/38559"}],"wp:attachment":[{"href":"https:\/\/www.galileo.edu\/page\/wp-json\/wp\/v2\/media?parent=38391"}],"curies":[{"name":"wp","href":"https:\/\/api.w.org\/{rel}","templated":true}]}}