{"id":32074,"date":"2021-01-26T18:08:11","date_gmt":"2021-01-26T18:08:11","guid":{"rendered":"http:\/\/www.galileo.edu\/page\/?page_id=32074"},"modified":"2021-02-12T22:11:21","modified_gmt":"2021-02-12T22:11:21","slug":"acerca-de","status":"publish","type":"page","link":"https:\/\/www.galileo.edu\/page\/directorio-profxxi\/acerca-de\/","title":{"rendered":"Prof XXI &#8211; Acerca de"},"content":{"rendered":"<p>[et_pb_section fb_built=&#8221;1&#8243; custom_padding_last_edited=&#8221;on|desktop&#8221; _builder_version=&#8221;3.2.2&#8243; box_shadow_style=&#8221;preset3&#8243; custom_padding=&#8221;2%||1%|&#8221; global_module=&#8221;32160&#8243;][et_pb_row use_custom_width=&#8221;on&#8221; width_unit=&#8221;off&#8221; custom_width_percent=&#8221;95%&#8221; _builder_version=&#8221;3.2.2&#8243;][et_pb_column type=&#8221;1_3&#8243; _builder_version=&#8221;3.0.47&#8243; parallax=&#8221;off&#8221; parallax_method=&#8221;on&#8221;][et_pb_image src=&#8221;http:\/\/www.galileo.edu\/page\/wp-content\/uploads\/2020\/08\/proffxxi.png&#8221; _builder_version=&#8221;3.2.2&#8243; max_width=&#8221;30%&#8221; max_width_last_edited=&#8221;on|desktop&#8221; module_alignment=&#8221;left&#8221;][\/et_pb_image][\/et_pb_column][et_pb_column type=&#8221;1_3&#8243; _builder_version=&#8221;3.0.47&#8243; parallax=&#8221;off&#8221; parallax_method=&#8221;on&#8221;][et_pb_text _builder_version=&#8221;3.2.2&#8243; header_font=&#8221;Open Sans|700|||||||&#8221; header_text_align=&#8221;center&#8221; header_font_size=&#8221;26px&#8221; header_font_size_last_edited=&#8221;on|desktop&#8221; header_line_height=&#8221;1.3em&#8221;]<\/p>\n<h1>Directorio de los Centros de Ense\u00f1anza y Aprendizaje <\/h1>\n<p>[\/et_pb_text][\/et_pb_column][et_pb_column type=&#8221;1_3&#8243; _builder_version=&#8221;3.0.47&#8243; parallax=&#8221;off&#8221; parallax_method=&#8221;on&#8221;][et_pb_text _builder_version=&#8221;3.2.2&#8243; header_font=&#8221;||||||||&#8221; header_2_font=&#8221;|700|||||||&#8221; header_2_text_align=&#8221;center&#8221; header_2_font_size=&#8221;16px&#8221; header_2_font_size_last_edited=&#8221;on|desktop&#8221; header_3_font=&#8221;|300|||||||&#8221; header_3_text_align=&#8221;center&#8221; header_3_font_size=&#8221;14px&#8221; header_3_font_size_last_edited=&#8221;on|desktop&#8221; header_3_line_height=&#8221;1.2em&#8221; header_3_line_height_last_edited=&#8221;on|desktop&#8221; max_width=&#8221;63%&#8221; max_width_last_edited=&#8221;on|desktop&#8221; module_alignment=&#8221;center&#8221;]<\/p>\n<h2>PROF-XXI<\/h2>\n<h3>Centros de Ense\u00f1anza y Aprendizaje para las Universidades de Latinoam\u00e9rica en el siglo XXI<\/h3>\n<p>[\/et_pb_text][\/et_pb_column][\/et_pb_row][\/et_pb_section][et_pb_section fb_built=&#8221;1&#8243; fullwidth=&#8221;on&#8221; custom_padding_last_edited=&#8221;on|desktop&#8221; _builder_version=&#8221;3.2.2&#8243; background_color=&#8221;#cd7c0c&#8221; custom_padding=&#8221;1%||1%||true&#8221; global_module=&#8221;32162&#8243;][et_pb_fullwidth_menu menu_id=&#8221;66&#8243; submenu_direction=&#8221;downwards&#8221; fullwidth_menu=&#8221;off&#8221; active_link_color=&#8221;#ffffff&#8221; dropdown_menu_bg_color=&#8221;#cd7c0c&#8221; dropdown_menu_line_color=&#8221;#cd7c0c&#8221; dropdown_menu_text_color=&#8221;#ffffff&#8221; mobile_menu_bg_color=&#8221;#ffffff&#8221; mobile_menu_text_color=&#8221;#ffffff&#8221; _builder_version=&#8221;3.2.2&#8243; menu_font=&#8221;||||||||&#8221; menu_text_color=&#8221;#ffffff&#8221; menu_font_size=&#8221;16px&#8221; menu_font_size_last_edited=&#8221;on|desktop&#8221; background_color=&#8221;rgba(255,255,255,0)&#8221; text_orientation=&#8221;center&#8221; background_layout=&#8221;dark&#8221;][\/et_pb_fullwidth_menu][\/et_pb_section][et_pb_section fb_built=&#8221;1&#8243; custom_padding_last_edited=&#8221;on|desktop&#8221; disabled_on=&#8221;off|off|off&#8221; _builder_version=&#8221;3.2.2&#8243; custom_padding=&#8221;2%||2%|&#8221;][et_pb_row custom_padding=&#8221;25.5938px|0px|0|0px|false|false&#8221; module_id=&#8221;centros&#8221; _builder_version=&#8221;3.2.2&#8243;][et_pb_column type=&#8221;4_4&#8243; _builder_version=&#8221;3.0.47&#8243; parallax=&#8221;off&#8221; parallax_method=&#8221;on&#8221;][et_pb_text _builder_version=&#8221;3.2.2&#8243; header_font=&#8221;||||||||&#8221; header_2_font=&#8221;Open Sans|700|||||||&#8221; header_2_text_color=&#8221;#000000&#8243; header_2_font_size_last_edited=&#8221;on|desktop&#8221; header_4_font=&#8221;Open Sans|600|||||||&#8221; header_4_text_color=&#8221;#df026c&#8221; header_4_font_size=&#8221;20px&#8221; header_4_font_size_last_edited=&#8221;on|desktop&#8221;]<\/p>\n<h2>Acerca de<\/h2>\n<h4>Directorio CEA<\/h4>\n<p>Este sitio tiene como objetivo el hacer una presentaci\u00f3n y difusi\u00f3n del trabajo realizado en el estudio <a href=\"https:\/\/drive.google.com\/file\/d\/1OlYYjoit-MZgSqodL1En3UMG1smkjLac\/view\" target=\"_blank\" rel=\"noopener noreferrer\">&#8221; Estado del Arte de los Centros de Ense\u00f1anza y Aprendizaje<\/a>&#8221; del proyecto PROF-XXI.<\/p>\n<p><span>El informe elaborado\u00a0es fruto del trabajo conjunto realizado por el equipo de la Universidad Galileo (Guatemala) y socios del proyecto, en el que se realiz\u00f3 un levantamiento de datos de los centros de ense\u00f1anza aprendizaje existentes a nivel mundial.<\/span> Puedes acceder a la informaci\u00f3n recopilada de los<a href=\"https:\/\/docs.google.com\/spreadsheets\/d\/1hLGM401DmYjbpUNJDcc6Dl4s-xFhIxFM\/edit#gid=1652002045\" target=\"_blank\" rel=\"noopener noreferrer\"> datos de Centros de ense\u00f1anza aprendizaje existentes a lo largo de Am\u00e9rica Latina y Europa<\/a>.<\/p>\n<p>As\u00ed como el mapeo global de los servicios que ofrecen los CEA en las IES. Adicionalmente a ra\u00edz de la pandemia COVID-19 las Instituciones de educaci\u00f3n superior optaron por un plan de contingencia de emergencia para cual habilitaron Sitios de continuidad acad\u00e9mica que han sido registrados en este sitio para conocimiento y retroalimentaci\u00f3n del lector y de la poblaci\u00f3n investigadora.<\/p>\n<p>Finalmente, al realizar la revisi\u00f3n del sitio encontrar\u00e1s la <a href=\"https:\/\/www.galileo.edu\/page\/observatorio-profxxi\/#demografia\" target=\"_blank\" rel=\"noopener noreferrer\">demograf\u00eda de los cursos<\/a>, <a href=\"https:\/\/www.galileo.edu\/page\/observatorio-profxxi\/#top\" target=\"_blank\" rel=\"noopener noreferrer\">un ranking de los pa\u00edses pioneros en los CEA<\/a>,<a href=\"https:\/\/www.galileo.edu\/page\/observatorio-profxxi\/#servicios\" target=\"_blank\" rel=\"noopener noreferrer\"> an\u00e1lisis de servicios de los CEA en la IES<\/a>, <a href=\"https:\/\/www.galileo.edu\/page\/observatorio-profxxi\/#directorio\" target=\"_blank\" rel=\"noopener noreferrer\">el directorio de los CEA<\/a>, <a href=\"https:\/\/www.galileo.edu\/page\/observatorio-profxxi\/sitios-de-continuidad-academica\/#demografiasitios\" target=\"_blank\" rel=\"noopener noreferrer\">demograf\u00eda de los sitios de continuidad acad\u00e9mica activos por el COVID-19<\/a> y el <a href=\"https:\/\/www.galileo.edu\/page\/observatorio-profxxi\/sitios-de-continuidad-academica\/#directoriositios\" target=\"_blank\" rel=\"noopener noreferrer\">directorio de los sitios de continuidad acad\u00e9mica y una visi\u00f3n general del estado actual de las entidades de educaci\u00f3n superior<\/a>.<\/p>\n<p>[\/et_pb_text][\/et_pb_column][\/et_pb_row][\/et_pb_section][et_pb_section fb_built=&#8221;1&#8243; _builder_version=&#8221;3.2.2&#8243;][et_pb_row use_custom_width=&#8221;on&#8221; width_unit=&#8221;off&#8221; custom_width_percent=&#8221;98%&#8221; _builder_version=&#8221;3.2.2&#8243; module_alignment=&#8221;center&#8221;][et_pb_column type=&#8221;1_4&#8243; _builder_version=&#8221;3.2.2&#8243; parallax=&#8221;off&#8221; parallax_method=&#8221;on&#8221;][et_pb_text _builder_version=&#8221;3.2.2&#8243; text_font=&#8221;|700|||||||&#8221; text_font_size=&#8221;16px&#8221; text_font_size_last_edited=&#8221;on|desktop&#8221; text_orientation=&#8221;center&#8221;]Creado por[\/et_pb_text][et_pb_divider show_divider=&#8221;off&#8221; height=&#8221;17px&#8221; _builder_version=&#8221;3.2.2&#8243;][\/et_pb_divider][et_pb_image src=&#8221;http:\/\/www.galileo.edu\/page\/wp-content\/uploads\/2021\/01\/logo-GES-277&#215;90-no-txt.png&#8221; _builder_version=&#8221;3.2.2&#8243; max_width=&#8221;35%&#8221; max_width_phone=&#8221;25%&#8221; max_width_last_edited=&#8221;on|desktop&#8221; module_alignment=&#8221;center&#8221;][\/et_pb_image][\/et_pb_column][et_pb_column type=&#8221;1_4&#8243; _builder_version=&#8221;3.2.2&#8243; parallax=&#8221;off&#8221; parallax_method=&#8221;on&#8221;][et_pb_text _builder_version=&#8221;3.2.2&#8243; text_font=&#8221;|700|||||||&#8221; text_font_size=&#8221;16px&#8221; text_font_size_last_edited=&#8221;on|desktop&#8221; text_orientation=&#8221;center&#8221;]Con el apoyo de:[\/et_pb_text][et_pb_divider show_divider=&#8221;off&#8221; height=&#8221;17px&#8221; _builder_version=&#8221;3.2.2&#8243;][\/et_pb_divider][et_pb_image src=&#8221;http:\/\/www.galileo.edu\/page\/wp-content\/uploads\/2018\/07\/Logo-Erasmus-UO.png&#8221; align=&#8221;center&#8221; _builder_version=&#8221;3.2.2&#8243; max_width=&#8221;55%&#8221; max_width_phone=&#8221;35%&#8221; max_width_last_edited=&#8221;on|desktop&#8221; module_alignment=&#8221;center&#8221; custom_padding=&#8221;0%|||&#8221;][\/et_pb_image][\/et_pb_column][et_pb_column type=&#8221;1_2&#8243; _builder_version=&#8221;3.2.2&#8243; parallax=&#8221;off&#8221; parallax_method=&#8221;on&#8221;][et_pb_text _builder_version=&#8221;3.2.2&#8243; text_font=&#8221;|700|||||||&#8221; text_font_size=&#8221;16px&#8221; text_font_size_last_edited=&#8221;on|desktop&#8221; text_orientation=&#8221;center&#8221;]En asociaci\u00f3n con:[\/et_pb_text][et_pb_image src=&#8221;http:\/\/www.galileo.edu\/page\/wp-content\/uploads\/2021\/01\/cintillo-logos-u-profxxi.jpg&#8221; _builder_version=&#8221;3.2.2&#8243;][\/et_pb_image][\/et_pb_column][\/et_pb_row][\/et_pb_section][et_pb_section fb_built=&#8221;1&#8243; custom_padding_last_edited=&#8221;on|desktop&#8221; _builder_version=&#8221;3.2.2&#8243; background_color=&#8221;#353535&#8243; background_image=&#8221;http:\/\/www.galileo.edu\/page\/wp-content\/uploads\/2021\/01\/footer-profxxi-observatorio-2.jpg&#8221; parallax=&#8221;on&#8221; custom_padding=&#8221;3.6%||3.6%||true|false&#8221;][et_pb_row custom_padding=&#8221;|||&#8221; _builder_version=&#8221;3.2.2&#8243;][et_pb_column type=&#8221;1_3&#8243; _builder_version=&#8221;3.0.47&#8243; parallax=&#8221;off&#8221; parallax_method=&#8221;on&#8221;][et_pb_image src=&#8221;http:\/\/www.galileo.edu\/page\/wp-content\/uploads\/2020\/08\/proffxxi.png&#8221; align=&#8221;center&#8221; _builder_version=&#8221;3.2.2&#8243; max_width=&#8221;50%&#8221; max_width_phone=&#8221;22%&#8221; max_width_last_edited=&#8221;on|desktop&#8221;][\/et_pb_image][\/et_pb_column][et_pb_column type=&#8221;1_3&#8243; _builder_version=&#8221;3.0.47&#8243; parallax=&#8221;off&#8221; parallax_method=&#8221;on&#8221;][et_pb_text _builder_version=&#8221;3.2.2&#8243; header_font=&#8221;||||||||&#8221; header_text_color=&#8221;#f2eecc&#8221; header_3_font=&#8221;Open Sans|700|||||||&#8221; header_3_text_align=&#8221;center&#8221; header_3_text_color=&#8221;#000000&#8243; header_5_font=&#8221;Open Sans||||||||&#8221; header_5_text_align=&#8221;center&#8221; header_5_text_color=&#8221;#000000&#8243;]<\/p>\n<h3 style=\"text-align: center;\"><strong>Correo electr\u00f3nico:<\/strong><\/h3>\n<h5 style=\"text-align: center;\"><a href=\"mailto:proyecto.profxxi@gmail.com\">proyecto.profxxi@gmail.com<\/a><\/h5>\n<p>[\/et_pb_text][\/et_pb_column][et_pb_column type=&#8221;1_3&#8243; _builder_version=&#8221;3.0.47&#8243; parallax=&#8221;off&#8221; parallax_method=&#8221;on&#8221;][et_pb_social_media_follow _builder_version=&#8221;3.2.2&#8243; text_orientation=&#8221;center&#8221; background_layout=&#8221;dark&#8221;][et_pb_social_media_follow_network social_network=&#8221;facebook&#8221; url=&#8221;https:\/\/www.facebook.com\/profxxi&#8221; _builder_version=&#8221;3.2.2&#8243; background_color=&#8221;#3b5998&#8243; box_shadow_style=&#8221;preset3&#8243; follow_button=&#8221;off&#8221; url_new_window=&#8221;on&#8221;]facebook[\/et_pb_social_media_follow_network][et_pb_social_media_follow_network social_network=&#8221;twitter&#8221; url=&#8221;https:\/\/www.facebook.com\/profxxi&#8221; _builder_version=&#8221;3.2.2&#8243; background_color=&#8221;#00aced&#8221; box_shadow_style=&#8221;preset3&#8243; follow_button=&#8221;off&#8221; url_new_window=&#8221;on&#8221;]twitter[\/et_pb_social_media_follow_network][\/et_pb_social_media_follow][\/et_pb_column][\/et_pb_row][\/et_pb_section]<\/p>\n","protected":false},"excerpt":{"rendered":"<p>Directorio de los Centros de Ense\u00f1anza y Aprendizaje PROF-XXI Centros de Ense\u00f1anza y Aprendizaje para las Universidades de Latinoam\u00e9rica en el siglo XXIAcerca de Directorio CEA Este sitio tiene como objetivo el hacer una presentaci\u00f3n y difusi\u00f3n del trabajo realizado en el estudio &#8221; Estado del Arte de los Centros de Ense\u00f1anza y Aprendizaje&#8221; del [&hellip;]<\/p>\n","protected":false},"author":9,"featured_media":26717,"parent":31735,"menu_order":0,"comment_status":"closed","ping_status":"closed","template":"page-template-blank.php","meta":{"_et_pb_use_builder":"on","_et_pb_old_content":"","_et_gb_content_width":""},"yoast_head":"<!-- This site is optimized with the Yoast SEO plugin v20.13 - https:\/\/yoast.com\/wordpress\/plugins\/seo\/ -->\n<title>Prof XXI - Acerca de - Universidad Galileo<\/title>\n<meta name=\"robots\" content=\"index, follow, max-snippet:-1, max-image-preview:large, max-video-preview:-1\" \/>\n<link rel=\"canonical\" href=\"https:\/\/www.galileo.edu\/page\/directorio-profxxi\/acerca-de\/\" \/>\n<meta property=\"og:locale\" content=\"en_US\" \/>\n<meta property=\"og:type\" content=\"article\" \/>\n<meta property=\"og:title\" content=\"Prof XXI - Acerca de - Universidad Galileo\" \/>\n<meta property=\"og:description\" content=\"Directorio de los Centros de Ense\u00f1anza y Aprendizaje PROF-XXI Centros de Ense\u00f1anza y Aprendizaje para las Universidades de Latinoam\u00e9rica en el siglo XXIAcerca de Directorio CEA Este sitio tiene como objetivo el hacer una presentaci\u00f3n y difusi\u00f3n del trabajo realizado en el estudio &quot; Estado del Arte de los Centros de Ense\u00f1anza y Aprendizaje&quot; del [&hellip;]\" \/>\n<meta property=\"og:url\" content=\"https:\/\/www.galileo.edu\/page\/directorio-profxxi\/acerca-de\/\" \/>\n<meta property=\"og:site_name\" content=\"Universidad Galileo\" \/>\n<meta property=\"article:modified_time\" content=\"2021-02-12T22:11:21+00:00\" \/>\n<meta property=\"og:image\" content=\"https:\/\/www.galileo.edu\/page\/wp-content\/uploads\/2020\/08\/proffxxi.png\" \/>\n\t<meta property=\"og:image:width\" content=\"360\" \/>\n\t<meta property=\"og:image:height\" content=\"219\" \/>\n\t<meta property=\"og:image:type\" content=\"image\/png\" \/>\n<meta name=\"twitter:card\" content=\"summary_large_image\" \/>\n<meta name=\"twitter:label1\" content=\"Est. reading time\" \/>\n\t<meta name=\"twitter:data1\" content=\"6 minutes\" \/>\n<script type=\"application\/ld+json\" class=\"yoast-schema-graph\">{\"@context\":\"https:\/\/schema.org\",\"@graph\":[{\"@type\":\"WebPage\",\"@id\":\"https:\/\/www.galileo.edu\/page\/directorio-profxxi\/acerca-de\/\",\"url\":\"https:\/\/www.galileo.edu\/page\/directorio-profxxi\/acerca-de\/\",\"name\":\"Prof XXI - Acerca de - Universidad Galileo\",\"isPartOf\":{\"@id\":\"https:\/\/www.galileo.edu\/page\/#website\"},\"datePublished\":\"2021-01-26T18:08:11+00:00\",\"dateModified\":\"2021-02-12T22:11:21+00:00\",\"breadcrumb\":{\"@id\":\"https:\/\/www.galileo.edu\/page\/directorio-profxxi\/acerca-de\/#breadcrumb\"},\"inLanguage\":\"en-US\",\"potentialAction\":[{\"@type\":\"ReadAction\",\"target\":[\"https:\/\/www.galileo.edu\/page\/directorio-profxxi\/acerca-de\/\"]}]},{\"@type\":\"BreadcrumbList\",\"@id\":\"https:\/\/www.galileo.edu\/page\/directorio-profxxi\/acerca-de\/#breadcrumb\",\"itemListElement\":[{\"@type\":\"ListItem\",\"position\":1,\"name\":\"Home\",\"item\":\"https:\/\/www.galileo.edu\/page\/home\/\"},{\"@type\":\"ListItem\",\"position\":2,\"name\":\"Directorio CEAs ProfXXI\",\"item\":\"https:\/\/www.galileo.edu\/page\/directorio-profxxi\/\"},{\"@type\":\"ListItem\",\"position\":3,\"name\":\"Prof XXI &#8211; Acerca de\"}]},{\"@type\":\"WebSite\",\"@id\":\"https:\/\/www.galileo.edu\/page\/#website\",\"url\":\"https:\/\/www.galileo.edu\/page\/\",\"name\":\"Universidad Galileo\",\"description\":\"La revoluci\u00f3n en la educaci\u00f3n\",\"potentialAction\":[{\"@type\":\"SearchAction\",\"target\":{\"@type\":\"EntryPoint\",\"urlTemplate\":\"https:\/\/www.galileo.edu\/page\/?s={search_term_string}\"},\"query-input\":\"required name=search_term_string\"}],\"inLanguage\":\"en-US\"}]}<\/script>\n<!-- \/ Yoast SEO plugin. -->","yoast_head_json":{"title":"Prof XXI - Acerca de - Universidad Galileo","robots":{"index":"index","follow":"follow","max-snippet":"max-snippet:-1","max-image-preview":"max-image-preview:large","max-video-preview":"max-video-preview:-1"},"canonical":"https:\/\/www.galileo.edu\/page\/directorio-profxxi\/acerca-de\/","og_locale":"en_US","og_type":"article","og_title":"Prof XXI - Acerca de - Universidad Galileo","og_description":"Directorio de los Centros de Ense\u00f1anza y Aprendizaje PROF-XXI Centros de Ense\u00f1anza y Aprendizaje para las Universidades de Latinoam\u00e9rica en el siglo XXIAcerca de Directorio CEA Este sitio tiene como objetivo el hacer una presentaci\u00f3n y difusi\u00f3n del trabajo realizado en el estudio \" Estado del Arte de los Centros de Ense\u00f1anza y Aprendizaje\" del [&hellip;]","og_url":"https:\/\/www.galileo.edu\/page\/directorio-profxxi\/acerca-de\/","og_site_name":"Universidad Galileo","article_modified_time":"2021-02-12T22:11:21+00:00","og_image":[{"width":360,"height":219,"url":"https:\/\/www.galileo.edu\/page\/wp-content\/uploads\/2020\/08\/proffxxi.png","type":"image\/png"}],"twitter_card":"summary_large_image","twitter_misc":{"Est. reading time":"6 minutes"},"schema":{"@context":"https:\/\/schema.org","@graph":[{"@type":"WebPage","@id":"https:\/\/www.galileo.edu\/page\/directorio-profxxi\/acerca-de\/","url":"https:\/\/www.galileo.edu\/page\/directorio-profxxi\/acerca-de\/","name":"Prof XXI - Acerca de - Universidad Galileo","isPartOf":{"@id":"https:\/\/www.galileo.edu\/page\/#website"},"datePublished":"2021-01-26T18:08:11+00:00","dateModified":"2021-02-12T22:11:21+00:00","breadcrumb":{"@id":"https:\/\/www.galileo.edu\/page\/directorio-profxxi\/acerca-de\/#breadcrumb"},"inLanguage":"en-US","potentialAction":[{"@type":"ReadAction","target":["https:\/\/www.galileo.edu\/page\/directorio-profxxi\/acerca-de\/"]}]},{"@type":"BreadcrumbList","@id":"https:\/\/www.galileo.edu\/page\/directorio-profxxi\/acerca-de\/#breadcrumb","itemListElement":[{"@type":"ListItem","position":1,"name":"Home","item":"https:\/\/www.galileo.edu\/page\/home\/"},{"@type":"ListItem","position":2,"name":"Directorio CEAs ProfXXI","item":"https:\/\/www.galileo.edu\/page\/directorio-profxxi\/"},{"@type":"ListItem","position":3,"name":"Prof XXI &#8211; Acerca de"}]},{"@type":"WebSite","@id":"https:\/\/www.galileo.edu\/page\/#website","url":"https:\/\/www.galileo.edu\/page\/","name":"Universidad Galileo","description":"La revoluci\u00f3n en la educaci\u00f3n","potentialAction":[{"@type":"SearchAction","target":{"@type":"EntryPoint","urlTemplate":"https:\/\/www.galileo.edu\/page\/?s={search_term_string}"},"query-input":"required name=search_term_string"}],"inLanguage":"en-US"}]}},"_links":{"self":[{"href":"https:\/\/www.galileo.edu\/page\/wp-json\/wp\/v2\/pages\/32074"}],"collection":[{"href":"https:\/\/www.galileo.edu\/page\/wp-json\/wp\/v2\/pages"}],"about":[{"href":"https:\/\/www.galileo.edu\/page\/wp-json\/wp\/v2\/types\/page"}],"author":[{"embeddable":true,"href":"https:\/\/www.galileo.edu\/page\/wp-json\/wp\/v2\/users\/9"}],"replies":[{"embeddable":true,"href":"https:\/\/www.galileo.edu\/page\/wp-json\/wp\/v2\/comments?post=32074"}],"version-history":[{"count":16,"href":"https:\/\/www.galileo.edu\/page\/wp-json\/wp\/v2\/pages\/32074\/revisions"}],"predecessor-version":[{"id":75927,"href":"https:\/\/www.galileo.edu\/page\/wp-json\/wp\/v2\/pages\/32074\/revisions\/75927"}],"up":[{"embeddable":true,"href":"https:\/\/www.galileo.edu\/page\/wp-json\/wp\/v2\/pages\/31735"}],"wp:featuredmedia":[{"embeddable":true,"href":"https:\/\/www.galileo.edu\/page\/wp-json\/wp\/v2\/media\/26717"}],"wp:attachment":[{"href":"https:\/\/www.galileo.edu\/page\/wp-json\/wp\/v2\/media?parent=32074"}],"curies":[{"name":"wp","href":"https:\/\/api.w.org\/{rel}","templated":true}]}}