{"id":30901,"date":"2020-12-16T01:03:41","date_gmt":"2020-12-16T01:03:41","guid":{"rendered":"http:\/\/www.galileo.edu\/page\/?page_id=30901"},"modified":"2021-12-10T15:32:03","modified_gmt":"2021-12-10T15:32:03","slug":"directores-fisicc","status":"publish","type":"page","link":"https:\/\/www.galileo.edu\/page\/directores-fisicc\/","title":{"rendered":"Mensaje de Bienvenida FISICC"},"content":{"rendered":"<p>[et_pb_section fb_built=&#8221;1&#8243; custom_padding_last_edited=&#8221;on|desktop&#8221; _builder_version=&#8221;3.2.2&#8243; background_color=&#8221;#07132d&#8221; custom_padding=&#8221;2.4%|0%|3%|0%|false|false&#8221;][et_pb_row custom_padding=&#8221;0|0%|0|0%|false|false&#8221; custom_padding_phone=&#8221;8%|||&#8221; custom_padding_last_edited=&#8221;on|desktop&#8221; disabled_on=&#8221;off|off|off&#8221; _builder_version=&#8221;3.2.2&#8243; module_alignment=&#8221;center&#8221;][et_pb_column type=&#8221;4_4&#8243; _builder_version=&#8221;3.0.47&#8243; parallax=&#8221;off&#8221; parallax_method=&#8221;on&#8221;][et_pb_text _builder_version=&#8221;3.2.2&#8243; header_font_size=&#8221;24px&#8221; header_2_font=&#8221;Montserrat|700|||||||&#8221; header_2_text_align=&#8221;left&#8221; header_2_text_color=&#8221;#ffffff&#8221; header_2_font_size=&#8221;34px&#8221; header_2_font_size_tablet=&#8221;30px&#8221; header_2_font_size_phone=&#8221;23px&#8221; header_2_font_size_last_edited=&#8221;on|phone&#8221; header_2_line_height=&#8221;1.1em&#8221; header_2_line_height_last_edited=&#8221;on|desktop&#8221; header_3_text_color=&#8221;#000000&#8243; header_3_font_size=&#8221;18px&#8221; header_3_font_size_last_edited=&#8221;on|desktop&#8221; header_3_line_height=&#8221;1.4em&#8221; header_3_line_height_last_edited=&#8221;on|desktop&#8221; header_4_font=&#8221;Open Sans|600|||||||&#8221; header_4_text_color=&#8221;#ffffff&#8221; inline_fonts=&#8221;Open Sans&#8221;]<\/p>\n<h2 style=\"text-align: center;\"><\/h2>\n<h2 style=\"text-align: center;\"><span style=\"color: #ffffff;\">Mensaje de\u00a0<span style=\"color: #31dffe;\"><span style=\"color: #ffffff;\">Autoridades<\/span> FISICC<\/span><br \/>\n<\/span><\/h2>\n<p>[\/et_pb_text][\/et_pb_column][\/et_pb_row][et_pb_row custom_padding=&#8221;1.4%|0%|35px|0%|false|false&#8221; custom_padding_last_edited=&#8221;on|desktop&#8221; _builder_version=&#8221;3.2.2&#8243;][et_pb_column type=&#8221;1_3&#8243; _builder_version=&#8221;3.0.47&#8243; parallax=&#8221;off&#8221; parallax_method=&#8221;on&#8221;][et_pb_blurb title=&#8221;Ing. Jack Trachtenberg&#8221; image=&#8221;http:\/\/www.galileo.edu\/page\/wp-content\/uploads\/2020\/12\/08_Jack.png&#8221; image_max_width=&#8221;50%&#8221; _builder_version=&#8221;3.2.2&#8243; header_font=&#8221;|700|||||||&#8221; header_text_align=&#8221;center&#8221; header_text_color=&#8221;#ffffff&#8221; header_font_size=&#8221;25px&#8221; body_font=&#8221;||||||||&#8221; body_text_align=&#8221;center&#8221; body_text_color=&#8221;#ffffff&#8221; text_orientation=&#8221;center&#8221; custom_margin=&#8221;40px|||&#8221; animation=&#8221;off&#8221;]<\/p>\n<h3><strong><span style=\"color: #31dffe;\">Director de Ingenier\u00eda en Sistemas<\/span><\/strong><\/h3>\n<p>[\/et_pb_blurb][et_pb_video src=&#8221;https:\/\/youtu.be\/eqVAIzt_2j0&#8243; _builder_version=&#8221;3.2.2&#8243;][\/et_pb_video][\/et_pb_column][et_pb_column type=&#8221;1_3&#8243; _builder_version=&#8221;3.0.47&#8243; parallax=&#8221;off&#8221; parallax_method=&#8221;on&#8221;][et_pb_blurb title=&#8221;Dr. Oscar Rodas&#8221; image=&#8221;http:\/\/www.galileo.edu\/page\/wp-content\/uploads\/2020\/12\/09_Oscar.png&#8221; image_max_width=&#8221;50%&#8221; _builder_version=&#8221;3.2.2&#8243; header_font=&#8221;|700|||||||&#8221; header_text_align=&#8221;center&#8221; header_text_color=&#8221;#ffffff&#8221; header_font_size=&#8221;25px&#8221; body_font=&#8221;||||||||&#8221; body_text_align=&#8221;center&#8221; body_text_color=&#8221;#ffffff&#8221; text_orientation=&#8221;center&#8221; custom_margin=&#8221;40px|||&#8221; animation=&#8221;off&#8221;]<\/p>\n<h3><span style=\"color: #31dffe;\"><strong>Director de Ingenier\u00eda en Electr\u00f3nica<\/strong><\/span><\/h3>\n<p>[\/et_pb_blurb][et_pb_video src=&#8221;https:\/\/youtu.be\/2k56YdsioD0&#8243; _builder_version=&#8221;3.2.2&#8243;][\/et_pb_video][\/et_pb_column][et_pb_column type=&#8221;1_3&#8243; _builder_version=&#8221;3.0.47&#8243; parallax=&#8221;off&#8221; parallax_method=&#8221;on&#8221;][et_pb_blurb title=&#8221;Dr. Alberto Marroqu\u00edn&#8221; image=&#8221;http:\/\/www.galileo.edu\/page\/wp-content\/uploads\/2020\/12\/02_Marroqu\u00edn.png&#8221; image_max_width=&#8221;50%&#8221; _builder_version=&#8221;3.2.2&#8243; header_font=&#8221;|700|||||||&#8221; header_text_align=&#8221;center&#8221; header_text_color=&#8221;#ffffff&#8221; header_font_size=&#8221;25px&#8221; body_font=&#8221;||||||||&#8221; body_text_align=&#8221;center&#8221; body_text_color=&#8221;#ffffff&#8221; text_orientation=&#8221;center&#8221; custom_margin=&#8221;40px|||&#8221; animation=&#8221;off&#8221;]<\/p>\n<h3><strong><span style=\"color: #31dffe;\">Director de Ingenier\u00eda en Mecatr\u00f3nica<\/span><\/strong><\/h3>\n<p>[\/et_pb_blurb][et_pb_video src=&#8221;https:\/\/youtu.be\/gt0R5P0YEnI&#8221; _builder_version=&#8221;3.2.2&#8243;][\/et_pb_video][\/et_pb_column][\/et_pb_row][et_pb_row custom_padding=&#8221;1.4%|0%|35px|0%|false|false&#8221; custom_padding_last_edited=&#8221;on|desktop&#8221; _builder_version=&#8221;3.2.2&#8243;][et_pb_column type=&#8221;1_3&#8243; _builder_version=&#8221;3.0.47&#8243; parallax=&#8221;off&#8221; parallax_method=&#8221;on&#8221;][et_pb_blurb title=&#8221;Dr. Alberto Marroqu\u00edn&#8221; image=&#8221;http:\/\/www.galileo.edu\/page\/wp-content\/uploads\/2020\/12\/02_Marroqu\u00edn.png&#8221; image_max_width=&#8221;50%&#8221; _builder_version=&#8221;3.2.2&#8243; header_font=&#8221;|700|||||||&#8221; header_text_align=&#8221;center&#8221; header_text_color=&#8221;#ffffff&#8221; header_font_size=&#8221;25px&#8221; body_font=&#8221;||||||||&#8221; body_text_align=&#8221;center&#8221; body_text_color=&#8221;#ffffff&#8221; text_orientation=&#8221;center&#8221; custom_margin=&#8221;40px|||&#8221; animation=&#8221;off&#8221;]<\/p>\n<h3><strong><span style=\"color: #31dffe;\">Director de Ingenier\u00eda en Telecomunicaciones<\/span><\/strong><\/h3>\n<p>[\/et_pb_blurb][et_pb_video src=&#8221;https:\/\/youtu.be\/WKhsUL9sDtk&#8221; _builder_version=&#8221;3.2.2&#8243;][\/et_pb_video][\/et_pb_column][et_pb_column type=&#8221;1_3&#8243; _builder_version=&#8221;3.0.47&#8243; parallax=&#8221;off&#8221; parallax_method=&#8221;on&#8221;][et_pb_blurb title=&#8221;Inga. Lourdes Socarr\u00e1s&#8221; image=&#8221;http:\/\/www.galileo.edu\/page\/wp-content\/uploads\/2020\/12\/06_Lourdes.png&#8221; image_max_width=&#8221;50%&#8221; _builder_version=&#8221;3.2.2&#8243; header_font=&#8221;|700|||||||&#8221; header_text_align=&#8221;center&#8221; header_text_color=&#8221;#ffffff&#8221; header_font_size=&#8221;25px&#8221; body_font=&#8221;||||||||&#8221; body_text_align=&#8221;center&#8221; body_text_color=&#8221;#ffffff&#8221; text_orientation=&#8221;center&#8221; custom_margin=&#8221;40px|||&#8221; animation=&#8221;off&#8221;]<\/p>\n<h3><strong><span style=\"color: #31dffe;\">Directora de Ingenier\u00eda en Sistemas Energ\u00e9ticos<\/span><\/strong><\/h3>\n<p>[\/et_pb_blurb][et_pb_video src=&#8221;https:\/\/youtu.be\/zyKMgotPFCc&#8221; _builder_version=&#8221;3.2.2&#8243;][\/et_pb_video][\/et_pb_column][et_pb_column type=&#8221;1_3&#8243; _builder_version=&#8221;3.0.47&#8243; parallax=&#8221;off&#8221; parallax_method=&#8221;on&#8221;][et_pb_blurb title=&#8221;Lic. Manuel Monroy&#8221; image=&#8221;http:\/\/www.galileo.edu\/page\/wp-content\/uploads\/2020\/12\/03_Monroy.png&#8221; image_max_width=&#8221;50%&#8221; _builder_version=&#8221;3.2.2&#8243; header_font=&#8221;|700|||||||&#8221; header_text_align=&#8221;center&#8221; header_text_color=&#8221;#ffffff&#8221; header_font_size=&#8221;25px&#8221; body_font=&#8221;||||||||&#8221; body_text_align=&#8221;center&#8221; body_text_color=&#8221;#ffffff&#8221; text_orientation=&#8221;center&#8221; custom_margin=&#8221;40px|||&#8221; animation=&#8221;off&#8221;]<\/p>\n<h3><strong><span style=\"color: #31dffe;\">Director de la Licenciatura en Administraci\u00f3n de Sistemas Inform\u00e1ticos<\/span><\/strong><\/h3>\n<p>[\/et_pb_blurb][et_pb_video src=&#8221;https:\/\/youtu.be\/vByDmNAueZg&#8221; _builder_version=&#8221;3.2.2&#8243;][\/et_pb_video][\/et_pb_column][\/et_pb_row][et_pb_row custom_padding=&#8221;1.4%|0%|35px|0%|false|false&#8221; custom_padding_last_edited=&#8221;on|desktop&#8221; _builder_version=&#8221;3.2.2&#8243;][et_pb_column type=&#8221;1_3&#8243; _builder_version=&#8221;3.0.47&#8243; parallax=&#8221;off&#8221; parallax_method=&#8221;on&#8221;][et_pb_blurb title=&#8221;Lic. Melvin Garc\u00eda&#8221; image=&#8221;http:\/\/www.galileo.edu\/page\/wp-content\/uploads\/2020\/12\/01_Melvin.png&#8221; image_max_width=&#8221;50%&#8221; _builder_version=&#8221;3.2.2&#8243; header_font=&#8221;|700|||||||&#8221; header_text_align=&#8221;center&#8221; header_text_color=&#8221;#ffffff&#8221; header_font_size=&#8221;25px&#8221; body_font=&#8221;||||||||&#8221; body_text_align=&#8221;center&#8221; body_text_color=&#8221;#ffffff&#8221; text_orientation=&#8221;center&#8221; custom_margin=&#8221;40px|||&#8221; animation=&#8221;off&#8221;]<\/p>\n<h3><strong><span style=\"color: #31dffe;\">Director de la Maestr\u00eda en Gesti\u00f3n y Direcci\u00f3n de Proyectos<\/span><\/strong><\/h3>\n<p>[\/et_pb_blurb][et_pb_video src=&#8221;https:\/\/youtu.be\/x2xoch67vkw&#8221; _builder_version=&#8221;3.2.2&#8243;][\/et_pb_video][\/et_pb_column][et_pb_column type=&#8221;1_3&#8243; _builder_version=&#8221;3.0.47&#8243; parallax=&#8221;off&#8221; parallax_method=&#8221;on&#8221;][et_pb_blurb title=&#8221;Inga. Andrea Lara&#8221; image=&#8221;http:\/\/www.galileo.edu\/page\/wp-content\/uploads\/2020\/12\/04_AndreLara.png&#8221; image_max_width=&#8221;50%&#8221; _builder_version=&#8221;3.2.2&#8243; header_font=&#8221;|700|||||||&#8221; header_text_align=&#8221;center&#8221; header_text_color=&#8221;#ffffff&#8221; header_font_size=&#8221;25px&#8221; body_font=&#8221;||||||||&#8221; body_text_align=&#8221;center&#8221; body_text_color=&#8221;#ffffff&#8221; text_orientation=&#8221;center&#8221; custom_margin=&#8221;40px|||&#8221; animation=&#8221;off&#8221;]<\/p>\n<h3><strong><span style=\"color: #31dffe;\">Directora de la Maestr\u00eda en Ingenier\u00eda Biom\u00e9dica<\/span><\/strong><\/h3>\n<p>[\/et_pb_blurb][et_pb_video src=&#8221;https:\/\/youtu.be\/R-bNladKuGs&#8221; _builder_version=&#8221;3.2.2&#8243;][\/et_pb_video][\/et_pb_column][et_pb_column type=&#8221;1_3&#8243; _builder_version=&#8221;3.0.47&#8243; parallax=&#8221;off&#8221; parallax_method=&#8221;on&#8221;][et_pb_blurb title=&#8221;Dr. Jorge Samayoa&#8221; image=&#8221;http:\/\/www.galileo.edu\/page\/wp-content\/uploads\/2020\/12\/05_Samayoa.png&#8221; image_max_width=&#8221;50%&#8221; _builder_version=&#8221;3.2.2&#8243; header_font=&#8221;|700|||||||&#8221; header_text_align=&#8221;center&#8221; header_text_color=&#8221;#ffffff&#8221; header_font_size=&#8221;25px&#8221; body_font=&#8221;||||||||&#8221; body_text_align=&#8221;center&#8221; body_text_color=&#8221;#ffffff&#8221; text_orientation=&#8221;center&#8221; custom_margin=&#8221;40px|||&#8221; animation=&#8221;off&#8221;]<\/p>\n<h3><strong><span style=\"color: #31dffe;\">Director de la Maestr\u00eda en Investigaci\u00f3n de Operaciones<\/span><\/strong><\/h3>\n<p>[\/et_pb_blurb][et_pb_video src=&#8221;https:\/\/youtu.be\/DOqe1hCOwYM&#8221; _builder_version=&#8221;3.2.2&#8243;][\/et_pb_video][\/et_pb_column][\/et_pb_row][et_pb_row custom_padding=&#8221;1.4%|0%|35px|0%|false|false&#8221; custom_padding_last_edited=&#8221;on|desktop&#8221; _builder_version=&#8221;3.2.2&#8243;][et_pb_column type=&#8221;1_3&#8243; _builder_version=&#8221;3.0.47&#8243; parallax=&#8221;off&#8221; parallax_method=&#8221;on&#8221;][et_pb_blurb title=&#8221;Dr. Marco To&#8221; image=&#8221;http:\/\/www.galileo.edu\/page\/wp-content\/uploads\/2020\/12\/07_MarcoTo.png&#8221; image_max_width=&#8221;50%&#8221; _builder_version=&#8221;3.2.2&#8243; header_font=&#8221;|700|||||||&#8221; header_text_align=&#8221;center&#8221; header_text_color=&#8221;#ffffff&#8221; header_font_size=&#8221;25px&#8221; body_font=&#8221;||||||||&#8221; body_text_align=&#8221;center&#8221; body_text_color=&#8221;#ffffff&#8221; text_orientation=&#8221;center&#8221; custom_margin=&#8221;40px|||&#8221; animation=&#8221;off&#8221;]<\/p>\n<h3><strong><span style=\"color: #31dffe;\">Director de la Maestr\u00eda en Seguridad Inform\u00e1tica<\/span><\/strong><\/h3>\n<p>[\/et_pb_blurb][et_pb_video src=&#8221;https:\/\/youtu.be\/k7ahU07YZPs&#8221; _builder_version=&#8221;3.2.2&#8243;][\/et_pb_video][\/et_pb_column][et_pb_column type=&#8221;1_3&#8243; _builder_version=&#8221;3.0.47&#8243; parallax=&#8221;off&#8221; parallax_method=&#8221;on&#8221;][et_pb_blurb title=&#8221;Dr. Erick Reyes&#8221; image=&#8221;http:\/\/www.galileo.edu\/page\/wp-content\/uploads\/2020\/12\/09_ErickReyes.png&#8221; image_max_width=&#8221;50%&#8221; _builder_version=&#8221;3.2.2&#8243; header_font=&#8221;|700|||||||&#8221; header_text_align=&#8221;center&#8221; header_text_color=&#8221;#ffffff&#8221; header_font_size=&#8221;25px&#8221; body_font=&#8221;||||||||&#8221; body_text_align=&#8221;center&#8221; body_text_color=&#8221;#ffffff&#8221; text_orientation=&#8221;center&#8221; custom_margin=&#8221;40px|||&#8221; animation=&#8221;off&#8221;]<\/p>\n<h3><strong><span style=\"color: #31dffe;\">Director\u00a0de la\u00a0Maestr\u00eda en Bases de Datos y Sistemas de Informaci\u00f3n<\/span><\/strong><\/h3>\n<p>[\/et_pb_blurb][et_pb_video src=&#8221;https:\/\/youtu.be\/e5vX7CkAvb8&#8243; _builder_version=&#8221;3.2.2&#8243;][\/et_pb_video][\/et_pb_column][et_pb_column type=&#8221;1_3&#8243; _builder_version=&#8221;3.0.47&#8243; parallax=&#8221;off&#8221; parallax_method=&#8221;on&#8221;][\/et_pb_column][\/et_pb_row][et_pb_row custom_padding=&#8221;|||&#8221; custom_padding_phone=&#8221;8%|||&#8221; custom_padding_last_edited=&#8221;on|desktop&#8221; disabled_on=&#8221;off|off|off&#8221; _builder_version=&#8221;3.2.2&#8243; module_alignment=&#8221;center&#8221;][et_pb_column type=&#8221;4_4&#8243; _builder_version=&#8221;3.0.47&#8243; parallax=&#8221;off&#8221; parallax_method=&#8221;on&#8221;][et_pb_button button_url=&#8221;https:\/\/www.galileo.edu\/page\/kit-de-bienvenida-fisicc&#8221; button_text=&#8221;Volver al Kit&#8221; button_alignment=&#8221;center&#8221; _builder_version=&#8221;3.2.2&#8243; custom_button=&#8221;on&#8221; button_text_size=&#8221;25px&#8221; button_text_color=&#8221;#000000&#8243; button_bg_color=&#8221;#31DFFE&#8221; button_border_width=&#8221;4px&#8221; button_border_radius=&#8221;50px&#8221; button_font=&#8221;Montserrat|700|||||||&#8221; button_use_icon=&#8221;off&#8221; button_text_color_hover=&#8221;#ffffff&#8221; button_bg_color_hover=&#8221;#186ed0&#8243; button_border_color_hover=&#8221;#000000&#8243; button_letter_spacing_hover=&#8221;3px&#8221; button_text_size_tablet=&#8221;20px&#8221; button_text_size_phone=&#8221;15px&#8221; button_text_size_last_edited=&#8221;on|phone&#8221; button_letter_spacing_hover_last_edited=&#8221;on|desktop&#8221; custom_margin=&#8221;|||&#8221; custom_margin_last_edited=&#8221;on|desktop&#8221; custom_padding=&#8221;|||&#8221; custom_padding_last_edited=&#8221;on|desktop&#8221; animation_style=&#8221;slide&#8221; animation_direction=&#8221;bottom&#8221;][\/et_pb_button][\/et_pb_column][\/et_pb_row][\/et_pb_section][et_pb_section fb_built=&#8221;1&#8243; _builder_version=&#8221;3.2.2&#8243; background_color=&#8221;#353535&#8243; custom_padding=&#8221;0|0px|18px|0px|false|false&#8221;][et_pb_row custom_padding=&#8221;58px|0px|27px|0px|false|false&#8221; _builder_version=&#8221;3.2.2&#8243;][et_pb_column type=&#8221;4_4&#8243; _builder_version=&#8221;3.0.47&#8243; parallax=&#8221;off&#8221; parallax_method=&#8221;on&#8221;][et_pb_image src=&#8221;http:\/\/www.galileo.edu\/page\/wp-content\/uploads\/2020\/07\/Logo-Galileo-blanco.png&#8221; url=&#8221;http:\/\/www.galileo.edu&#8221; align=&#8221;center&#8221; _builder_version=&#8221;3.2.2&#8243; max_width=&#8221;18%&#8221; max_width_tablet=&#8221;36%&#8221; max_width_phone=&#8221;42%&#8221; max_width_last_edited=&#8221;on|desktop&#8221;][\/et_pb_image][\/et_pb_column][\/et_pb_row][et_pb_row custom_padding=&#8221;0|0px|27px|0px|false|false&#8221; _builder_version=&#8221;3.2.2&#8243;][et_pb_column type=&#8221;4_4&#8243; _builder_version=&#8221;3.2.2&#8243; parallax=&#8221;off&#8221; parallax_method=&#8221;on&#8221;][et_pb_image src=&#8221;http:\/\/www.galileo.edu\/page\/wp-content\/uploads\/2020\/07\/logo-ges-126&#215;79.png&#8221; align=&#8221;center&#8221; _builder_version=&#8221;3.2.2&#8243;][\/et_pb_image][et_pb_text _builder_version=&#8221;3.2.2&#8243; text_font=&#8221;||||||||&#8221; text_text_color=&#8221;#ffffff&#8221;]<\/p>\n<p style=\"text-align: center;\">Todos los contenidos presentados en este sitio web fueron elaborados por el \u00e1rea de e-Learning del GES,\u00a0\u00a9 Todos los derechos reservados.<\/p>\n<p>[\/et_pb_text][\/et_pb_column][\/et_pb_row][\/et_pb_section]<\/p>\n","protected":false},"excerpt":{"rendered":"<p>Mensaje de\u00a0Autoridades FISICC Director de Ingenier\u00eda en Sistemas Director de Ingenier\u00eda en Electr\u00f3nica Director de Ingenier\u00eda en Mecatr\u00f3nica Director de Ingenier\u00eda en Telecomunicaciones Directora de Ingenier\u00eda en Sistemas Energ\u00e9ticos Director de la Licenciatura en Administraci\u00f3n de Sistemas Inform\u00e1ticos Director de la Maestr\u00eda en Gesti\u00f3n y Direcci\u00f3n de Proyectos Directora de la Maestr\u00eda en Ingenier\u00eda Biom\u00e9dica [&hellip;]<\/p>\n","protected":false},"author":10,"featured_media":0,"parent":0,"menu_order":0,"comment_status":"closed","ping_status":"closed","template":"page-template-blank.php","meta":{"_et_pb_use_builder":"on","_et_pb_old_content":"","_et_gb_content_width":""},"yoast_head":"<!-- This site is optimized with the Yoast SEO plugin v20.13 - https:\/\/yoast.com\/wordpress\/plugins\/seo\/ -->\n<title>Mensaje de Bienvenida FISICC - Universidad Galileo<\/title>\n<meta name=\"robots\" content=\"index, follow, max-snippet:-1, max-image-preview:large, max-video-preview:-1\" \/>\n<link rel=\"canonical\" href=\"https:\/\/www.galileo.edu\/page\/directores-fisicc\/\" \/>\n<meta property=\"og:locale\" content=\"en_US\" \/>\n<meta property=\"og:type\" content=\"article\" \/>\n<meta property=\"og:title\" content=\"Mensaje de Bienvenida FISICC - Universidad Galileo\" \/>\n<meta property=\"og:description\" content=\"Mensaje de\u00a0Autoridades FISICC Director de Ingenier\u00eda en Sistemas Director de Ingenier\u00eda en Electr\u00f3nica Director de Ingenier\u00eda en Mecatr\u00f3nica Director de Ingenier\u00eda en Telecomunicaciones Directora de Ingenier\u00eda en Sistemas Energ\u00e9ticos Director de la Licenciatura en Administraci\u00f3n de Sistemas Inform\u00e1ticos Director de la Maestr\u00eda en Gesti\u00f3n y Direcci\u00f3n de Proyectos Directora de la Maestr\u00eda en Ingenier\u00eda Biom\u00e9dica [&hellip;]\" \/>\n<meta property=\"og:url\" content=\"https:\/\/www.galileo.edu\/page\/directores-fisicc\/\" \/>\n<meta property=\"og:site_name\" content=\"Universidad Galileo\" \/>\n<meta property=\"article:modified_time\" content=\"2021-12-10T15:32:03+00:00\" \/>\n<meta name=\"twitter:card\" content=\"summary_large_image\" \/>\n<meta name=\"twitter:label1\" content=\"Est. reading time\" \/>\n\t<meta name=\"twitter:data1\" content=\"8 minutes\" \/>\n<script type=\"application\/ld+json\" class=\"yoast-schema-graph\">{\"@context\":\"https:\/\/schema.org\",\"@graph\":[{\"@type\":\"WebPage\",\"@id\":\"https:\/\/www.galileo.edu\/page\/directores-fisicc\/\",\"url\":\"https:\/\/www.galileo.edu\/page\/directores-fisicc\/\",\"name\":\"Mensaje de Bienvenida FISICC - Universidad Galileo\",\"isPartOf\":{\"@id\":\"https:\/\/www.galileo.edu\/page\/#website\"},\"datePublished\":\"2020-12-16T01:03:41+00:00\",\"dateModified\":\"2021-12-10T15:32:03+00:00\",\"breadcrumb\":{\"@id\":\"https:\/\/www.galileo.edu\/page\/directores-fisicc\/#breadcrumb\"},\"inLanguage\":\"en-US\",\"potentialAction\":[{\"@type\":\"ReadAction\",\"target\":[\"https:\/\/www.galileo.edu\/page\/directores-fisicc\/\"]}]},{\"@type\":\"BreadcrumbList\",\"@id\":\"https:\/\/www.galileo.edu\/page\/directores-fisicc\/#breadcrumb\",\"itemListElement\":[{\"@type\":\"ListItem\",\"position\":1,\"name\":\"Home\",\"item\":\"https:\/\/www.galileo.edu\/page\/home\/\"},{\"@type\":\"ListItem\",\"position\":2,\"name\":\"Mensaje de Bienvenida FISICC\"}]},{\"@type\":\"WebSite\",\"@id\":\"https:\/\/www.galileo.edu\/page\/#website\",\"url\":\"https:\/\/www.galileo.edu\/page\/\",\"name\":\"Universidad Galileo\",\"description\":\"La revoluci\u00f3n en la educaci\u00f3n\",\"potentialAction\":[{\"@type\":\"SearchAction\",\"target\":{\"@type\":\"EntryPoint\",\"urlTemplate\":\"https:\/\/www.galileo.edu\/page\/?s={search_term_string}\"},\"query-input\":\"required name=search_term_string\"}],\"inLanguage\":\"en-US\"}]}<\/script>\n<!-- \/ Yoast SEO plugin. -->","yoast_head_json":{"title":"Mensaje de Bienvenida FISICC - Universidad Galileo","robots":{"index":"index","follow":"follow","max-snippet":"max-snippet:-1","max-image-preview":"max-image-preview:large","max-video-preview":"max-video-preview:-1"},"canonical":"https:\/\/www.galileo.edu\/page\/directores-fisicc\/","og_locale":"en_US","og_type":"article","og_title":"Mensaje de Bienvenida FISICC - Universidad Galileo","og_description":"Mensaje de\u00a0Autoridades FISICC Director de Ingenier\u00eda en Sistemas Director de Ingenier\u00eda en Electr\u00f3nica Director de Ingenier\u00eda en Mecatr\u00f3nica Director de Ingenier\u00eda en Telecomunicaciones Directora de Ingenier\u00eda en Sistemas Energ\u00e9ticos Director de la Licenciatura en Administraci\u00f3n de Sistemas Inform\u00e1ticos Director de la Maestr\u00eda en Gesti\u00f3n y Direcci\u00f3n de Proyectos Directora de la Maestr\u00eda en Ingenier\u00eda Biom\u00e9dica [&hellip;]","og_url":"https:\/\/www.galileo.edu\/page\/directores-fisicc\/","og_site_name":"Universidad Galileo","article_modified_time":"2021-12-10T15:32:03+00:00","twitter_card":"summary_large_image","twitter_misc":{"Est. reading time":"8 minutes"},"schema":{"@context":"https:\/\/schema.org","@graph":[{"@type":"WebPage","@id":"https:\/\/www.galileo.edu\/page\/directores-fisicc\/","url":"https:\/\/www.galileo.edu\/page\/directores-fisicc\/","name":"Mensaje de Bienvenida FISICC - Universidad Galileo","isPartOf":{"@id":"https:\/\/www.galileo.edu\/page\/#website"},"datePublished":"2020-12-16T01:03:41+00:00","dateModified":"2021-12-10T15:32:03+00:00","breadcrumb":{"@id":"https:\/\/www.galileo.edu\/page\/directores-fisicc\/#breadcrumb"},"inLanguage":"en-US","potentialAction":[{"@type":"ReadAction","target":["https:\/\/www.galileo.edu\/page\/directores-fisicc\/"]}]},{"@type":"BreadcrumbList","@id":"https:\/\/www.galileo.edu\/page\/directores-fisicc\/#breadcrumb","itemListElement":[{"@type":"ListItem","position":1,"name":"Home","item":"https:\/\/www.galileo.edu\/page\/home\/"},{"@type":"ListItem","position":2,"name":"Mensaje de Bienvenida FISICC"}]},{"@type":"WebSite","@id":"https:\/\/www.galileo.edu\/page\/#website","url":"https:\/\/www.galileo.edu\/page\/","name":"Universidad Galileo","description":"La revoluci\u00f3n en la educaci\u00f3n","potentialAction":[{"@type":"SearchAction","target":{"@type":"EntryPoint","urlTemplate":"https:\/\/www.galileo.edu\/page\/?s={search_term_string}"},"query-input":"required name=search_term_string"}],"inLanguage":"en-US"}]}},"_links":{"self":[{"href":"https:\/\/www.galileo.edu\/page\/wp-json\/wp\/v2\/pages\/30901"}],"collection":[{"href":"https:\/\/www.galileo.edu\/page\/wp-json\/wp\/v2\/pages"}],"about":[{"href":"https:\/\/www.galileo.edu\/page\/wp-json\/wp\/v2\/types\/page"}],"author":[{"embeddable":true,"href":"https:\/\/www.galileo.edu\/page\/wp-json\/wp\/v2\/users\/10"}],"replies":[{"embeddable":true,"href":"https:\/\/www.galileo.edu\/page\/wp-json\/wp\/v2\/comments?post=30901"}],"version-history":[{"count":50,"href":"https:\/\/www.galileo.edu\/page\/wp-json\/wp\/v2\/pages\/30901\/revisions"}],"predecessor-version":[{"id":46349,"href":"https:\/\/www.galileo.edu\/page\/wp-json\/wp\/v2\/pages\/30901\/revisions\/46349"}],"wp:attachment":[{"href":"https:\/\/www.galileo.edu\/page\/wp-json\/wp\/v2\/media?parent=30901"}],"curies":[{"name":"wp","href":"https:\/\/api.w.org\/{rel}","templated":true}]}}