{"id":25818,"date":"2020-08-12T17:14:59","date_gmt":"2020-08-12T17:14:59","guid":{"rendered":"http:\/\/www.galileo.edu\/page\/?page_id=25818"},"modified":"2021-11-08T16:51:14","modified_gmt":"2021-11-08T16:51:14","slug":"gracias-registro-congreso-virtual-advances-in-data-science-or-virtual-conference","status":"publish","type":"page","link":"https:\/\/www.galileo.edu\/page\/gracias-registro-congreso-virtual-advances-in-data-science-or-virtual-conference\/","title":{"rendered":"Gracias Registro Conferencia virtual: Advances in Data Science &#038; OR Virtual Conference"},"content":{"rendered":"<p>[et_pb_section fb_built=&#8221;1&#8243; _builder_version=&#8221;3.0.47&#8243;][et_pb_row custom_padding=&#8221;27px|0px|62px|0px|false|false&#8221; _builder_version=&#8221;3.0.47&#8243; background_size=&#8221;initial&#8221; background_position=&#8221;top_left&#8221; background_repeat=&#8221;repeat&#8221;][et_pb_column type=&#8221;1_2&#8243; _builder_version=&#8221;3.0.47&#8243; parallax=&#8221;off&#8221; parallax_method=&#8221;on&#8221;][et_pb_text _builder_version=&#8221;3.2.2&#8243; text_font=&#8221;Raleway|700|||||||&#8221; text_font_size=&#8221;35px&#8221; header_font=&#8221;Montserrat|800|||||||&#8221; header_font_size=&#8221;35px&#8221; header_font_size_last_edited=&#8221;on|desktop&#8221; header_line_height=&#8221;1.4em&#8221; header_2_font=&#8221;Montserrat||||||||&#8221; header_2_text_color=&#8221;#263576&#8243; header_2_font_size=&#8221;30px&#8221; header_2_font_size_last_edited=&#8221;on|desktop&#8221; header_2_line_height=&#8221;1.4em&#8221; header_2_line_height_last_edited=&#8221;on|desktop&#8221; header_3_font=&#8221;Montserrat|300|||||||&#8221; header_3_font_size=&#8221;20px&#8221; header_3_font_size_last_edited=&#8221;on|desktop&#8221; header_3_line_height=&#8221;1.5em&#8221; header_3_line_height_last_edited=&#8221;on|desktop&#8221;]<\/p>\n<h2 style=\"text-align: left;\"><span style=\"color: #565656;\">\u00a1Gracias por registrarte\u00a0y solicitar tu beca para la 2da. edici\u00f3n de la Conferencia virtual!<\/span><\/h2>\n<h1 style=\"text-align: left;\"><span style=\"color: #263576;\">Advances in Data Science<br \/>\n&amp; Operations Research <\/span><\/h1>\n<h3 style=\"text-align: left;\"><span style=\"color: #f08e01;\">Organizado por Universidad Galileo en colaboraci\u00f3n con INFORMS para tu organizaci\u00f3n<\/span><\/h3>\n<p>[\/et_pb_text][\/et_pb_column][et_pb_column type=&#8221;1_2&#8243; _builder_version=&#8221;3.0.47&#8243; parallax=&#8221;off&#8221; parallax_method=&#8221;on&#8221;][et_pb_text _builder_version=&#8221;3.2.2&#8243;]<\/p>\n<p style=\"text-align: justify;\">La solicitud de tu beca se encuentra en proceso de aprobaci\u00f3n, dentro de las pr\u00f3ximas horas recibir\u00e1s un correo con la confirmaci\u00f3n y los procedimientos para que puedas conectarte y participar en el evento. \u00a1Adem\u00e1s recibir\u00e1s informaci\u00f3n de la agenda y dem\u00e1s actividades que forman parte de esta experiencia virtual!<\/p>\n<p>Si no recibes el correo con la informaci\u00f3n de parte de Universidad Galileo en los pr\u00f3ximos minutos, <strong>busca en tu carpeta de correo \u201cNo deseado\u201d o \u201cSpam\u201d, o bien en la secci\u00f3n de \u201cPromociones\u201d o \u201cNotificaciones\u201d, algunas veces se filtran all\u00ed.<\/strong> Si no te llega el correo electr\u00f3nico, puede ser que escribiste mal tu email, por lo que te pedimos que vuelvas a llenar tus datos en el formulario anterior y revisa que est\u00e9n bien escritos.<\/p>\n<p>Agenda la fecha para el <strong>7 y 8 DE DICIEMBRE del a\u00f1o 2021 a las 09:00 horas Guatemala (UTC-6)<\/strong>[\/et_pb_text][\/et_pb_column][\/et_pb_row][et_pb_row custom_padding=&#8221;17px|0px|0|0px|false|false&#8221; disabled_on=&#8221;off|off|off&#8221; _builder_version=&#8221;3.2.2&#8243;][et_pb_column type=&#8221;1_2&#8243; _builder_version=&#8221;3.0.47&#8243; parallax=&#8221;off&#8221; parallax_method=&#8221;on&#8221;][et_pb_blurb title=&#8221;PBX&#8221; image=&#8221;http:\/\/www.galileo.edu\/page\/wp-content\/uploads\/2019\/05\/telephone.png&#8221; image_max_width=&#8221;25%&#8221; _builder_version=&#8221;3.2.2&#8243; header_font=&#8221;||||||||&#8221; header_text_align=&#8221;center&#8221; body_font=&#8221;Montserrat|300|||||||&#8221; body_font_size_last_edited=&#8221;on|desktop&#8221;]<\/p>\n<p style=\"text-align: center;\">+502 2423-8000\u00a0extensi\u00f3n\u00a07382, 7383, 7386<\/p>\n<p>[\/et_pb_blurb][\/et_pb_column][et_pb_column type=&#8221;1_2&#8243; _builder_version=&#8221;3.0.47&#8243; parallax=&#8221;off&#8221; parallax_method=&#8221;on&#8221;][et_pb_blurb title=&#8221;Correo electr\u00f3nico&#8221; image=&#8221;http:\/\/www.galileo.edu\/page\/wp-content\/uploads\/2019\/05\/mail-1.png&#8221; image_max_width=&#8221;25%&#8221; _builder_version=&#8221;3.2.2&#8243; header_font=&#8221;||||||||&#8221; header_text_align=&#8221;center&#8221; text_orientation=&#8221;center&#8221;]<a class=\"Xx\" dir=\"ltr\" tabindex=\"-1\" href=\"mailto:iio@galileo.edu\" target=\"_blank\" rel=\"nofollow noopener noreferrer\" data-display=\"mgdp@galileo.edu\" data-sanitized=\"mailto:mgdp@galileo.edu\">iio@galileo.edu<\/a><br \/>\n[\/et_pb_blurb][\/et_pb_column][\/et_pb_row][et_pb_row custom_padding=&#8221;60px|0px|27px|0px|false|false&#8221; _builder_version=&#8221;3.2.2&#8243;][et_pb_column type=&#8221;1_2&#8243; _builder_version=&#8221;3.0.47&#8243; parallax=&#8221;off&#8221; parallax_method=&#8221;on&#8221;][et_pb_image src=&#8221;http:\/\/www.galileo.edu\/page\/wp-content\/uploads\/2020\/05\/logotipo-universidad-galileo-nuevo-220&#215;95.png&#8221; align=&#8221;right&#8221; _builder_version=&#8221;3.2.2&#8243; max_width_last_edited=&#8221;off|desktop&#8221; module_alignment=&#8221;center&#8221;][\/et_pb_image][\/et_pb_column][et_pb_column type=&#8221;1_2&#8243; _builder_version=&#8221;3.0.47&#8243; parallax=&#8221;off&#8221; parallax_method=&#8221;on&#8221;][et_pb_image src=&#8221;http:\/\/www.galileo.edu\/page\/wp-content\/uploads\/2020\/08\/logo-iio-2.png&#8221; _builder_version=&#8221;3.2.2&#8243; max_width=&#8221;25%&#8221; max_width_phone=&#8221;30%&#8221; max_width_last_edited=&#8221;on|desktop&#8221; module_alignment=&#8221;left&#8221;][\/et_pb_image][\/et_pb_column][\/et_pb_row][\/et_pb_section]<\/p>\n","protected":false},"excerpt":{"rendered":"<p>\u00a1Gracias por registrarte\u00a0y solicitar tu beca para la 2da. edici\u00f3n de la Conferencia virtual! Advances in Data Science &amp; Operations Research Organizado por Universidad Galileo en colaboraci\u00f3n con INFORMS para tu organizaci\u00f3nLa solicitud de tu beca se encuentra en proceso de aprobaci\u00f3n, dentro de las pr\u00f3ximas horas recibir\u00e1s un correo con la confirmaci\u00f3n y los [&hellip;]<\/p>\n","protected":false},"author":9,"featured_media":25268,"parent":0,"menu_order":0,"comment_status":"closed","ping_status":"closed","template":"page-template-blank.php","meta":{"_et_pb_use_builder":"on","_et_pb_old_content":"","_et_gb_content_width":""},"yoast_head":"<!-- This site is optimized with the Yoast SEO plugin v20.13 - https:\/\/yoast.com\/wordpress\/plugins\/seo\/ -->\n<title>Gracias Registro Congreso virtual: Advances in Data Science &amp; OR Virtual Conference<\/title>\n<meta name=\"robots\" content=\"index, follow, max-snippet:-1, max-image-preview:large, max-video-preview:-1\" \/>\n<link rel=\"canonical\" href=\"https:\/\/www.galileo.edu\/page\/gracias-registro-congreso-virtual-advances-in-data-science-or-virtual-conference\/\" \/>\n<meta property=\"og:locale\" content=\"en_US\" \/>\n<meta property=\"og:type\" content=\"article\" \/>\n<meta property=\"og:title\" content=\"Gracias Registro Congreso virtual: Advances in Data Science &amp; OR Virtual Conference\" \/>\n<meta property=\"og:description\" content=\"\u00a1Gracias por registrarte\u00a0y solicitar tu beca para la 2da. edici\u00f3n de la Conferencia virtual! Advances in Data Science &amp; Operations Research Organizado por Universidad Galileo en colaboraci\u00f3n con INFORMS para tu organizaci\u00f3nLa solicitud de tu beca se encuentra en proceso de aprobaci\u00f3n, dentro de las pr\u00f3ximas horas recibir\u00e1s un correo con la confirmaci\u00f3n y los [&hellip;]\" \/>\n<meta property=\"og:url\" content=\"https:\/\/www.galileo.edu\/page\/gracias-registro-congreso-virtual-advances-in-data-science-or-virtual-conference\/\" \/>\n<meta property=\"og:site_name\" content=\"Universidad Galileo\" \/>\n<meta property=\"article:modified_time\" content=\"2021-11-08T16:51:14+00:00\" \/>\n<meta property=\"og:image\" content=\"https:\/\/www.galileo.edu\/page\/wp-content\/uploads\/2020\/07\/arte_Mesa-de-trabajo-1-copia-2-1024x1024.jpg\" \/>\n\t<meta property=\"og:image:width\" content=\"1024\" \/>\n\t<meta property=\"og:image:height\" content=\"1024\" \/>\n\t<meta property=\"og:image:type\" content=\"image\/jpeg\" \/>\n<meta name=\"twitter:card\" content=\"summary_large_image\" \/>\n<meta name=\"twitter:label1\" content=\"Est. reading time\" \/>\n\t<meta name=\"twitter:data1\" content=\"3 minutes\" \/>\n<script type=\"application\/ld+json\" class=\"yoast-schema-graph\">{\"@context\":\"https:\/\/schema.org\",\"@graph\":[{\"@type\":\"WebPage\",\"@id\":\"https:\/\/www.galileo.edu\/page\/gracias-registro-congreso-virtual-advances-in-data-science-or-virtual-conference\/\",\"url\":\"https:\/\/www.galileo.edu\/page\/gracias-registro-congreso-virtual-advances-in-data-science-or-virtual-conference\/\",\"name\":\"Gracias Registro Congreso virtual: Advances in Data Science & OR Virtual Conference\",\"isPartOf\":{\"@id\":\"https:\/\/www.galileo.edu\/page\/#website\"},\"datePublished\":\"2020-08-12T17:14:59+00:00\",\"dateModified\":\"2021-11-08T16:51:14+00:00\",\"breadcrumb\":{\"@id\":\"https:\/\/www.galileo.edu\/page\/gracias-registro-congreso-virtual-advances-in-data-science-or-virtual-conference\/#breadcrumb\"},\"inLanguage\":\"en-US\",\"potentialAction\":[{\"@type\":\"ReadAction\",\"target\":[\"https:\/\/www.galileo.edu\/page\/gracias-registro-congreso-virtual-advances-in-data-science-or-virtual-conference\/\"]}]},{\"@type\":\"BreadcrumbList\",\"@id\":\"https:\/\/www.galileo.edu\/page\/gracias-registro-congreso-virtual-advances-in-data-science-or-virtual-conference\/#breadcrumb\",\"itemListElement\":[{\"@type\":\"ListItem\",\"position\":1,\"name\":\"Home\",\"item\":\"https:\/\/www.galileo.edu\/page\/home\/\"},{\"@type\":\"ListItem\",\"position\":2,\"name\":\"Gracias Registro Conferencia virtual: Advances in Data Science &#038; OR Virtual Conference\"}]},{\"@type\":\"WebSite\",\"@id\":\"https:\/\/www.galileo.edu\/page\/#website\",\"url\":\"https:\/\/www.galileo.edu\/page\/\",\"name\":\"Universidad Galileo\",\"description\":\"La revoluci\u00f3n en la educaci\u00f3n\",\"potentialAction\":[{\"@type\":\"SearchAction\",\"target\":{\"@type\":\"EntryPoint\",\"urlTemplate\":\"https:\/\/www.galileo.edu\/page\/?s={search_term_string}\"},\"query-input\":\"required name=search_term_string\"}],\"inLanguage\":\"en-US\"}]}<\/script>\n<!-- \/ Yoast SEO plugin. -->","yoast_head_json":{"title":"Gracias Registro Congreso virtual: Advances in Data Science & OR Virtual Conference","robots":{"index":"index","follow":"follow","max-snippet":"max-snippet:-1","max-image-preview":"max-image-preview:large","max-video-preview":"max-video-preview:-1"},"canonical":"https:\/\/www.galileo.edu\/page\/gracias-registro-congreso-virtual-advances-in-data-science-or-virtual-conference\/","og_locale":"en_US","og_type":"article","og_title":"Gracias Registro Congreso virtual: Advances in Data Science & OR Virtual Conference","og_description":"\u00a1Gracias por registrarte\u00a0y solicitar tu beca para la 2da. edici\u00f3n de la Conferencia virtual! Advances in Data Science &amp; Operations Research Organizado por Universidad Galileo en colaboraci\u00f3n con INFORMS para tu organizaci\u00f3nLa solicitud de tu beca se encuentra en proceso de aprobaci\u00f3n, dentro de las pr\u00f3ximas horas recibir\u00e1s un correo con la confirmaci\u00f3n y los [&hellip;]","og_url":"https:\/\/www.galileo.edu\/page\/gracias-registro-congreso-virtual-advances-in-data-science-or-virtual-conference\/","og_site_name":"Universidad Galileo","article_modified_time":"2021-11-08T16:51:14+00:00","og_image":[{"width":1024,"height":1024,"url":"https:\/\/www.galileo.edu\/page\/wp-content\/uploads\/2020\/07\/arte_Mesa-de-trabajo-1-copia-2-1024x1024.jpg","type":"image\/jpeg"}],"twitter_card":"summary_large_image","twitter_misc":{"Est. reading time":"3 minutes"},"schema":{"@context":"https:\/\/schema.org","@graph":[{"@type":"WebPage","@id":"https:\/\/www.galileo.edu\/page\/gracias-registro-congreso-virtual-advances-in-data-science-or-virtual-conference\/","url":"https:\/\/www.galileo.edu\/page\/gracias-registro-congreso-virtual-advances-in-data-science-or-virtual-conference\/","name":"Gracias Registro Congreso virtual: Advances in Data Science & OR Virtual Conference","isPartOf":{"@id":"https:\/\/www.galileo.edu\/page\/#website"},"datePublished":"2020-08-12T17:14:59+00:00","dateModified":"2021-11-08T16:51:14+00:00","breadcrumb":{"@id":"https:\/\/www.galileo.edu\/page\/gracias-registro-congreso-virtual-advances-in-data-science-or-virtual-conference\/#breadcrumb"},"inLanguage":"en-US","potentialAction":[{"@type":"ReadAction","target":["https:\/\/www.galileo.edu\/page\/gracias-registro-congreso-virtual-advances-in-data-science-or-virtual-conference\/"]}]},{"@type":"BreadcrumbList","@id":"https:\/\/www.galileo.edu\/page\/gracias-registro-congreso-virtual-advances-in-data-science-or-virtual-conference\/#breadcrumb","itemListElement":[{"@type":"ListItem","position":1,"name":"Home","item":"https:\/\/www.galileo.edu\/page\/home\/"},{"@type":"ListItem","position":2,"name":"Gracias Registro Conferencia virtual: Advances in Data Science &#038; OR Virtual Conference"}]},{"@type":"WebSite","@id":"https:\/\/www.galileo.edu\/page\/#website","url":"https:\/\/www.galileo.edu\/page\/","name":"Universidad Galileo","description":"La revoluci\u00f3n en la educaci\u00f3n","potentialAction":[{"@type":"SearchAction","target":{"@type":"EntryPoint","urlTemplate":"https:\/\/www.galileo.edu\/page\/?s={search_term_string}"},"query-input":"required name=search_term_string"}],"inLanguage":"en-US"}]}},"_links":{"self":[{"href":"https:\/\/www.galileo.edu\/page\/wp-json\/wp\/v2\/pages\/25818"}],"collection":[{"href":"https:\/\/www.galileo.edu\/page\/wp-json\/wp\/v2\/pages"}],"about":[{"href":"https:\/\/www.galileo.edu\/page\/wp-json\/wp\/v2\/types\/page"}],"author":[{"embeddable":true,"href":"https:\/\/www.galileo.edu\/page\/wp-json\/wp\/v2\/users\/9"}],"replies":[{"embeddable":true,"href":"https:\/\/www.galileo.edu\/page\/wp-json\/wp\/v2\/comments?post=25818"}],"version-history":[{"count":19,"href":"https:\/\/www.galileo.edu\/page\/wp-json\/wp\/v2\/pages\/25818\/revisions"}],"predecessor-version":[{"id":45078,"href":"https:\/\/www.galileo.edu\/page\/wp-json\/wp\/v2\/pages\/25818\/revisions\/45078"}],"wp:featuredmedia":[{"embeddable":true,"href":"https:\/\/www.galileo.edu\/page\/wp-json\/wp\/v2\/media\/25268"}],"wp:attachment":[{"href":"https:\/\/www.galileo.edu\/page\/wp-json\/wp\/v2\/media?parent=25818"}],"curies":[{"name":"wp","href":"https:\/\/api.w.org\/{rel}","templated":true}]}}