{"id":24706,"date":"2020-07-22T18:30:10","date_gmt":"2020-07-22T18:30:10","guid":{"rendered":"http:\/\/www.galileo.edu\/page\/?page_id=24706"},"modified":"2021-09-22T20:04:47","modified_gmt":"2021-09-22T20:04:47","slug":"graciasopenday","status":"publish","type":"page","link":"https:\/\/www.galileo.edu\/page\/graciasopenday\/","title":{"rendered":"Gracias Open Day Galileo"},"content":{"rendered":"<p>[et_pb_section fb_built=&#8221;1&#8243; _builder_version=&#8221;3.0.47&#8243;][et_pb_row custom_padding=&#8221;30px|0px|0|0px|false|false&#8221; disabled_on=&#8221;on|on|on&#8221; _builder_version=&#8221;3.2.2&#8243; background_size=&#8221;initial&#8221; background_position=&#8221;top_left&#8221; background_repeat=&#8221;repeat&#8221; disabled=&#8221;on&#8221;][et_pb_column type=&#8221;1_2&#8243; _builder_version=&#8221;3.0.47&#8243; parallax=&#8221;off&#8221; parallax_method=&#8221;on&#8221;][et_pb_text _builder_version=&#8221;3.2.2&#8243; text_font=&#8221;Raleway|700|||||||&#8221; text_font_size=&#8221;35px&#8221; header_font=&#8221;Raleway|700|||||||&#8221; header_font_size=&#8221;35px&#8221; header_font_size_last_edited=&#8221;on|desktop&#8221; header_line_height=&#8221;1.1em&#8221;]<\/p>\n<h1 style=\"text-align: center;\">Registro exitoso al Open Day 2021<\/h1>\n<p>[\/et_pb_text][\/et_pb_column][et_pb_column type=&#8221;1_2&#8243; _builder_version=&#8221;3.0.47&#8243; parallax=&#8221;off&#8221; parallax_method=&#8221;on&#8221;][et_pb_text _builder_version=&#8221;3.2.2&#8243;]\u00a1Proy\u00e9ctate! Descubre tu futuro en Universidad Galileo<\/p>\n<p><strong>\u00a1Revisa tu correo electr\u00f3nico!<\/strong> Te estar\u00e1 llegando a tu bandeja de entrada un correo de <strong>Admisiones Universidad Galileo<\/strong> donde recibir\u00e1s la agenda completa y los accesos directos a cada conferencia.<\/p>\n<p>Si tienes dudas o deseas m\u00e1s informaci\u00f3n puedes comunicarte directamente al 2423-8000 Ext. 7122, 7123, 7124, 7121 o enviar un correo a <a href=\"mailto:info@galileo.edu\">info@galileo.edu<\/a>.<br \/>\n[\/et_pb_text][\/et_pb_column][\/et_pb_row][et_pb_row custom_padding=&#8221;23px|0px|0|0px|false|false&#8221; _builder_version=&#8221;3.0.47&#8243; background_size=&#8221;initial&#8221; background_position=&#8221;top_left&#8221; background_repeat=&#8221;repeat&#8221;][et_pb_column type=&#8221;4_4&#8243; _builder_version=&#8221;3.0.47&#8243; parallax=&#8221;off&#8221; parallax_method=&#8221;on&#8221;][et_pb_text admin_label=&#8221;Registro&#8221; _builder_version=&#8221;3.2.2&#8243; text_font=&#8221;Raleway|700|||||||&#8221; text_font_size=&#8221;35px&#8221; header_font=&#8221;Raleway|700|||||||&#8221; header_font_size=&#8221;54px&#8221; header_font_size_phone=&#8221;41px&#8221; header_font_size_last_edited=&#8221;on|desktop&#8221; header_line_height=&#8221;1.1em&#8221;]<\/p>\n<h1 style=\"text-align: center;\">Registro exitoso al Open Day 2021<\/h1>\n<p>[\/et_pb_text][et_pb_text _builder_version=&#8221;3.2.2&#8243; text_font=&#8221;||||||||&#8221; text_font_size=&#8221;29px&#8221; text_font_size_phone=&#8221;19px&#8221; text_font_size_last_edited=&#8221;on|phone&#8221; header_font=&#8221;||||||||&#8221;]<\/p>\n<p style=\"text-align: center;\">\u00a1Proy\u00e9ctate!<strong> Descubre tu futuro en Universidad Galileo<\/strong><\/p>\n<p>[\/et_pb_text][\/et_pb_column][\/et_pb_row][et_pb_row custom_padding=&#8221;30px|0px|0|0px|false|false&#8221; disabled_on=&#8221;on|on|&#8221; _builder_version=&#8221;3.2.2&#8243;][et_pb_column type=&#8221;1_2&#8243; _builder_version=&#8221;3.0.47&#8243; parallax=&#8221;off&#8221; parallax_method=&#8221;on&#8221;][et_pb_text _builder_version=&#8221;3.2.2&#8243; text_font=&#8221;||||||||&#8221; text_font_size=&#8221;16px&#8221; text_font_size_last_edited=&#8221;on|phone&#8221;]<\/p>\n<p style=\"text-align: center;\">\u00bfTienes dudas del evento? escr\u00edbenos por WHATSAPP<\/p>\n<p>[\/et_pb_text][et_pb_button button_url=&#8221;https:\/\/wa.link\/pjqzm0&#8243; url_new_window=&#8221;on&#8221; button_text=&#8221;WhatsApp&#8221; button_alignment=&#8221;center&#8221; admin_label=&#8221;WhatsApp&#8221; _builder_version=&#8221;3.2.2&#8243; custom_button=&#8221;on&#8221; button_text_color=&#8221;#000000&#8243; button_bg_color=&#8221;#61e2b1&#8243; button_font=&#8221;||||||||&#8221;][\/et_pb_button][et_pb_text admin_label=&#8221;Asesoramiento personalizado&#8221; _builder_version=&#8221;3.2.2&#8243;]<\/p>\n<p style=\"text-align: center;\"><em>Aqu\u00ed te daremos un asesoramiento personalizado<\/em><\/p>\n<p>[\/et_pb_text][\/et_pb_column][et_pb_column type=&#8221;1_2&#8243; _builder_version=&#8221;3.0.47&#8243; parallax=&#8221;off&#8221; parallax_method=&#8221;on&#8221;][et_pb_text admin_label=&#8221;Gu\u00eda de Carreras Galileo&#8221; _builder_version=&#8221;3.2.2&#8243; text_font=&#8221;||||||||&#8221; text_font_size=&#8221;16px&#8221; text_font_size_last_edited=&#8221;on|desktop&#8221;]<\/p>\n<p style=\"text-align: center;\">Te obsequiemos esta Gu\u00eda de Carreras Galileo<\/p>\n<p>[\/et_pb_text][et_pb_button button_url=&#8221;https:\/\/bit.ly\/carrerasgalileo&#8221; url_new_window=&#8221;on&#8221; button_text=&#8221;Descargar&#8221; button_alignment=&#8221;center&#8221; admin_label=&#8221;Descargar&#8221; _builder_version=&#8221;3.2.2&#8243; custom_button=&#8221;on&#8221; button_text_color=&#8221;#000000&#8243; button_bg_color=&#8221;#F8C41D&#8221; button_font=&#8221;||||||||&#8221;][\/et_pb_button][et_pb_text admin_label=&#8221;Dale una revisada&#8221; _builder_version=&#8221;3.2.2&#8243;]<\/p>\n<p style=\"text-align: center;\"><em>Dale una revisada a algunas carreras las cuales solicitan examen de ubicaci\u00f3n y com\u00e9ntanos tus dudas por redes sociales <a href=\"https:\/\/wa.link\/pjqzm0\" target=\"_blank\" rel=\"noopener\">Whatsapp<\/a> 2423-8000<\/em><\/p>\n<p>[\/et_pb_text][\/et_pb_column][\/et_pb_row][et_pb_row custom_padding=&#8221;0|0px|0|0px|false|false&#8221; disabled_on=&#8221;||on&#8221; _builder_version=&#8221;3.2.2&#8243;][et_pb_column type=&#8221;4_4&#8243; _builder_version=&#8221;3.0.47&#8243; parallax=&#8221;off&#8221; parallax_method=&#8221;on&#8221;][et_pb_text _builder_version=&#8221;3.2.2&#8243;]<\/p>\n<p style=\"text-align: center;\"><strong>\u00bfTienes dudas del evento?<\/strong> escr\u00edbenos por WHATSAPP<\/p>\n<p>[\/et_pb_text][\/et_pb_column][\/et_pb_row][et_pb_row custom_padding=&#8221;0|0px|0|0px|false|false&#8221; disabled_on=&#8221;||on&#8221; _builder_version=&#8221;3.2.2&#8243;][et_pb_column type=&#8221;4_4&#8243; _builder_version=&#8221;3.0.47&#8243; parallax=&#8221;off&#8221; parallax_method=&#8221;on&#8221;][et_pb_button button_url=&#8221;https:\/\/wa.link\/pjqzm0&#8243; url_new_window=&#8221;on&#8221; button_text=&#8221;WhatsApp&#8221; button_alignment=&#8221;center&#8221; admin_label=&#8221;WhatsApp&#8221; _builder_version=&#8221;3.2.2&#8243; custom_button=&#8221;on&#8221; button_text_color=&#8221;#000000&#8243; button_bg_color=&#8221;#61e2b1&#8243; button_font=&#8221;||||||||&#8221;][\/et_pb_button][\/et_pb_column][\/et_pb_row][et_pb_row custom_padding=&#8221;0|0px|0|0px|false|false&#8221; disabled_on=&#8221;||on&#8221; _builder_version=&#8221;3.2.2&#8243;][et_pb_column type=&#8221;4_4&#8243; _builder_version=&#8221;3.0.47&#8243; parallax=&#8221;off&#8221; parallax_method=&#8221;on&#8221;][et_pb_text admin_label=&#8221;Aqu\u00ed te daremos un asesoramiento personalizado&#8221; _builder_version=&#8221;3.2.2&#8243;]<\/p>\n<p style=\"text-align: center;\"><em>Aqu\u00ed te daremos un asesoramiento personalizado<\/em><\/p>\n<p>[\/et_pb_text][\/et_pb_column][\/et_pb_row][et_pb_row custom_padding=&#8221;16px|0px|0|0px|false|false&#8221; disabled_on=&#8221;||on&#8221; _builder_version=&#8221;3.2.2&#8243;][et_pb_column type=&#8221;4_4&#8243; _builder_version=&#8221;3.0.47&#8243; parallax=&#8221;off&#8221; parallax_method=&#8221;on&#8221;][et_pb_text admin_label=&#8221;Te obsequiemos esta Gu\u00eda de Carreras Galileo&#8221; _builder_version=&#8221;3.2.2&#8243;]<\/p>\n<p style=\"text-align: center;\">Te obsequiemos esta Gu\u00eda de Carreras Galileo<\/p>\n<p>[\/et_pb_text][et_pb_button button_url=&#8221;https:\/\/bit.ly\/carrerasgalileo&#8221; url_new_window=&#8221;on&#8221; button_text=&#8221;Descargar&#8221; button_alignment=&#8221;center&#8221; admin_label=&#8221;Descargar&#8221; _builder_version=&#8221;3.2.2&#8243; custom_button=&#8221;on&#8221; button_text_color=&#8221;#000000&#8243; button_bg_color=&#8221;#F8C41D&#8221; button_font=&#8221;||||||||&#8221;][\/et_pb_button][et_pb_text admin_label=&#8221;Dale una revisada&#8221; _builder_version=&#8221;3.2.2&#8243;]<\/p>\n<p style=\"text-align: center;\"><em>Dale una revisada a algunas carreras las cuales solicitan examen de ubicaci\u00f3n y com\u00e9ntanos tus dudas por redes sociales o <a href=\"https:\/\/wa.link\/pjqzm0\" target=\"_blank\" rel=\"noopener\">Whatsapp<\/a> 2423-8000<\/em><\/p>\n<p>[\/et_pb_text][\/et_pb_column][\/et_pb_row][et_pb_row _builder_version=&#8221;3.0.47&#8243; background_size=&#8221;initial&#8221; background_position=&#8221;top_left&#8221; background_repeat=&#8221;repeat&#8221;][et_pb_column type=&#8221;4_4&#8243; _builder_version=&#8221;3.0.47&#8243; parallax=&#8221;off&#8221; parallax_method=&#8221;on&#8221;][et_pb_text admin_label=&#8221;\u00a1REVISA TU CORREO ELECTR\u00d3NIO!&#8221; _builder_version=&#8221;3.2.2&#8243; text_font=&#8221;Raleway|700|||||||&#8221; text_font_size=&#8221;35px&#8221; header_font=&#8221;Raleway|700|||||||&#8221; header_font_size=&#8221;35px&#8221; header_font_size_last_edited=&#8221;on|desktop&#8221; header_line_height=&#8221;1.1em&#8221;]<\/p>\n<h1 style=\"text-align: center;\">\u00a1REVISA TU CORREO ELECTR\u00d3NIO!<\/h1>\n<p>[\/et_pb_text][et_pb_text _builder_version=&#8221;3.2.2&#8243;]<\/p>\n<p style=\"text-align: center;\">El 27 de septiembre te estaremos enviando a tu bandeja de entrada un correo de <strong>Admisiones Universidad Galileo<\/strong> con TODOS los links de acceso a la transmisi\u00f3n en directo para que conozcas de egresados las ingenier\u00edas y licenciaturas que Universidad galileo tiene para ti.<\/p>\n<p style=\"text-align: center;\">Si tienes dudas o deseas m\u00e1s informaci\u00f3n puedes comunicarte directamente al 2423-8000 Ext. 7122, 7123, 7124, 7121 o enviar un correo a <a href=\"mailto:info@galileo.edu\">info@galileo.edu<\/a>.<\/p>\n<p>[\/et_pb_text][\/et_pb_column][\/et_pb_row][et_pb_row disabled_on=&#8221;on|on|on&#8221; _builder_version=&#8221;3.2.2&#8243; disabled=&#8221;on&#8221;][et_pb_column type=&#8221;1_3&#8243; _builder_version=&#8221;3.0.47&#8243; parallax=&#8221;off&#8221; parallax_method=&#8221;on&#8221;][et_pb_blurb title=&#8221;PBX&#8221; image=&#8221;http:\/\/www.galileo.edu\/page\/wp-content\/uploads\/2019\/05\/telephone.png&#8221; image_max_width=&#8221;25%&#8221; _builder_version=&#8221;3.2.2&#8243; header_text_align=&#8221;center&#8221; body_text_align=&#8221;center&#8221; text_orientation=&#8221;center&#8221;]<\/p>\n<p style=\"text-align: center;\">+502 2423-8000 Ext. 7122, 7123, 7124, 7121<\/p>\n<p>[\/et_pb_blurb][\/et_pb_column][et_pb_column type=&#8221;1_3&#8243; _builder_version=&#8221;3.0.47&#8243; parallax=&#8221;off&#8221; parallax_method=&#8221;on&#8221;][et_pb_blurb title=&#8221;Correo electr\u00f3nico&#8221; image=&#8221;http:\/\/www.galileo.edu\/page\/wp-content\/uploads\/2019\/05\/mail-1.png&#8221; image_max_width=&#8221;25%&#8221; _builder_version=&#8221;3.2.2&#8243; header_text_align=&#8221;center&#8221; body_text_align=&#8221;center&#8221; text_orientation=&#8221;center&#8221;]<\/p>\n<p style=\"text-align: center;\"><a href=\"mailto:info@galileo.edu\">info@galileo.edu<\/a><\/p>\n<p>[\/et_pb_blurb][\/et_pb_column][et_pb_column type=&#8221;1_3&#8243; _builder_version=&#8221;3.0.47&#8243; parallax=&#8221;off&#8221; parallax_method=&#8221;on&#8221;][et_pb_blurb title=&#8221;Direcci\u00f3n&#8221; image=&#8221;http:\/\/www.galileo.edu\/page\/wp-content\/uploads\/2019\/05\/placeholder-1.png&#8221; image_max_width=&#8221;25%&#8221; _builder_version=&#8221;3.2.2&#8243; header_text_align=&#8221;center&#8221; body_text_align=&#8221;center&#8221; text_orientation=&#8221;center&#8221;]7a ave calle Dr. Eduardo Suger Cofi\u00f1o zona 10, campus central Universidad Galileo.<br \/>\n[\/et_pb_blurb][\/et_pb_column][\/et_pb_row][et_pb_row _builder_version=&#8221;3.2.2&#8243;][et_pb_column type=&#8221;1_2&#8243; _builder_version=&#8221;3.0.47&#8243; parallax=&#8221;off&#8221; parallax_method=&#8221;on&#8221;][et_pb_image src=&#8221;http:\/\/www.galileo.edu\/page\/wp-content\/uploads\/2020\/05\/logotipo-universidad-galileo-nuevo-220&#215;95.png&#8221; align=&#8221;right&#8221; disabled_on=&#8221;on|on|off&#8221; _builder_version=&#8221;3.2.2&#8243; max_width=&#8221;40%&#8221; max_width_last_edited=&#8221;on|desktop&#8221; module_alignment=&#8221;right&#8221;][\/et_pb_image][et_pb_image src=&#8221;http:\/\/www.galileo.edu\/page\/wp-content\/uploads\/2020\/05\/logotipo-universidad-galileo-nuevo-220&#215;95.png&#8221; align=&#8221;right&#8221; disabled_on=&#8221;off|off|on&#8221; _builder_version=&#8221;3.2.2&#8243; max_width=&#8221;40%&#8221; max_width_phone=&#8221;50%&#8221; max_width_last_edited=&#8221;on|desktop&#8221; module_alignment=&#8221;center&#8221;][\/et_pb_image][\/et_pb_column][et_pb_column type=&#8221;1_2&#8243; _builder_version=&#8221;3.0.47&#8243; parallax=&#8221;off&#8221; parallax_method=&#8221;on&#8221;][et_pb_image src=&#8221;http:\/\/www.galileo.edu\/page\/wp-content\/uploads\/2020\/08\/logo-open-day-menu.png&#8221; _builder_version=&#8221;3.2.2&#8243;][\/et_pb_image][\/et_pb_column][\/et_pb_row][\/et_pb_section]<\/p>\n","protected":false},"excerpt":{"rendered":"<p>Registro exitoso al Open Day 2021 \u00a1Proy\u00e9ctate! Descubre tu futuro en Universidad Galileo \u00a1Revisa tu correo electr\u00f3nico! Te estar\u00e1 llegando a tu bandeja de entrada un correo de Admisiones Universidad Galileo donde recibir\u00e1s la agenda completa y los accesos directos a cada conferencia. Si tienes dudas o deseas m\u00e1s informaci\u00f3n puedes comunicarte directamente al 2423-8000 [&hellip;]<\/p>\n","protected":false},"author":9,"featured_media":0,"parent":0,"menu_order":0,"comment_status":"closed","ping_status":"closed","template":"page-template-blank.php","meta":{"_et_pb_use_builder":"on","_et_pb_old_content":"<p>[et_pb_section bb_built=\"1\" _builder_version=\"3.0.47\"][et_pb_row _builder_version=\"3.0.47\" background_size=\"initial\" background_position=\"top_left\" background_repeat=\"repeat\"][et_pb_column type=\"1_2\"][et_pb_text _builder_version=\"3.2.2\" text_font=\"Raleway|700|||||||\" text_font_size=\"35px\" header_font=\"Raleway|700|||||||\" header_font_size=\"35px\" header_font_size_last_edited=\"on|desktop\" header_line_height=\"1.1em\"]<\/p><h1>\u00a1Gracias por solicitar informaci\u00f3n del Curso Tutor virtual!<\/h1><p>[\/et_pb_text][\/et_pb_column][et_pb_column type=\"1_2\"][et_pb_text _builder_version=\"3.2.2\"]<\/p><p>Revisa tu correo electr\u00f3nico. En pocos minutos recibir\u00e1s la informaci\u00f3n que solicitaste.<\/p><p>Si deseas resolver dudas o recibir ayuda en tu proceso de inscripci\u00f3n, comun\u00edcate. \u00a1Ser\u00e1 un gusto atenderte!<\/p><p>[\/et_pb_text][\/et_pb_column][\/et_pb_row][et_pb_row _builder_version=\"3.2.2\"][et_pb_column type=\"1_4\"][et_pb_blurb image_max_width=\"25%\" text_orientation=\"center\" title=\"WhatsApp\" image=\"http:\/\/www.galileo.edu\/page\/wp-content\/uploads\/2019\/05\/smartphone-1.png\" _builder_version=\"3.2.2\" header_font=\"||||||||\" header_text_align=\"center\" body_font=\"||||||||\" body_text_align=\"center\"]<\/p><p style=\"text-align: center;\">+502 5976 3418<\/p><p>[\/et_pb_blurb][\/et_pb_column][et_pb_column type=\"1_4\"][et_pb_blurb image_max_width=\"25%\" text_orientation=\"center\" title=\"PBX\" image=\"http:\/\/www.galileo.edu\/page\/wp-content\/uploads\/2019\/05\/telephone.png\" _builder_version=\"3.2.2\" header_font=\"||||||||\" header_text_align=\"center\" body_font=\"||||||||\" body_text_align=\"center\"]<\/p><p style=\"text-align: center;\">+502 2423-8000 extensi\u00f3n: 7417<\/p><p>[\/et_pb_blurb][\/et_pb_column][et_pb_column type=\"1_4\"][et_pb_blurb image_max_width=\"25%\" text_orientation=\"center\" title=\"Correo electr\u00f3nico\" image=\"http:\/\/www.galileo.edu\/page\/wp-content\/uploads\/2019\/05\/mail-1.png\" _builder_version=\"3.2.2\" header_font=\"||||||||\" header_text_align=\"center\" body_font=\"||||||||\" body_text_align=\"center\"]<\/p><p style=\"text-align: center;\"><a href=\"mailto:asistenteivn@galileo.edu\">asistenteivn@galileo.edu<\/a><\/p><p>[\/et_pb_blurb][\/et_pb_column][et_pb_column type=\"1_4\"][et_pb_blurb image_max_width=\"25%\" text_orientation=\"center\" title=\"Direcci\u00f3n\" image=\"http:\/\/www.galileo.edu\/page\/wp-content\/uploads\/2019\/05\/placeholder-1.png\" _builder_version=\"3.2.2\" header_font=\"||||||||\" header_text_align=\"center\" body_font=\"||||||||\" body_text_align=\"center\"]<\/p><p>Oficina 414 nivel 4 torre I Galileo<\/p><p>7a ave calle Dr. Eduardo Suger Cofi\u00f1o zona 10, campus central Universidad Galileo<\/p><p>[\/et_pb_blurb][\/et_pb_column][\/et_pb_row][et_pb_row custom_padding=\"60px|0px|27px|0px|false|false\" _builder_version=\"3.2.2\"][et_pb_column type=\"1_2\"][et_pb_image src=\"http:\/\/www.galileo.edu\/page\/wp-content\/uploads\/2019\/04\/Logo-Galileo.png\" align=\"center\" _builder_version=\"3.2.2\" max_width=\"50%\" \/][\/et_pb_column][et_pb_column type=\"1_2\"][et_pb_image src=\"http:\/\/www.galileo.edu\/page\/wp-content\/uploads\/2019\/04\/Logo-IVN.png\" align=\"center\" _builder_version=\"3.2.2\" max_width=\"55%\" \/][\/et_pb_column][\/et_pb_row][\/et_pb_section]<\/p>","_et_gb_content_width":""},"yoast_head":"<!-- This site is optimized with the Yoast SEO plugin v20.13 - https:\/\/yoast.com\/wordpress\/plugins\/seo\/ -->\n<title>Gracias por registrate al Open Day de Universidad Galileo<\/title>\n<meta name=\"description\" content=\"Confirmaci\u00f3n de registro al evento: Open Day de Universidad Galileo. Evento gratuito. Conocer\u00e1s las carreras de Ingenier\u00edas y Licenciaturas.\" \/>\n<meta name=\"robots\" content=\"index, follow, max-snippet:-1, max-image-preview:large, max-video-preview:-1\" \/>\n<link rel=\"canonical\" href=\"https:\/\/www.galileo.edu\/page\/graciasopenday\/\" \/>\n<meta property=\"og:locale\" content=\"en_US\" \/>\n<meta property=\"og:type\" content=\"article\" \/>\n<meta property=\"og:title\" content=\"Gracias por registrate al Open Day de Universidad Galileo\" \/>\n<meta property=\"og:description\" content=\"Confirmaci\u00f3n de registro al evento: Open Day de Universidad Galileo. Evento gratuito. Conocer\u00e1s las carreras de Ingenier\u00edas y Licenciaturas.\" \/>\n<meta property=\"og:url\" content=\"https:\/\/www.galileo.edu\/page\/graciasopenday\/\" \/>\n<meta property=\"og:site_name\" content=\"Universidad Galileo\" \/>\n<meta property=\"article:modified_time\" content=\"2021-09-22T20:04:47+00:00\" \/>\n<meta name=\"twitter:card\" content=\"summary_large_image\" \/>\n<meta name=\"twitter:label1\" content=\"Est. reading time\" \/>\n\t<meta name=\"twitter:data1\" content=\"7 minutes\" \/>\n<script type=\"application\/ld+json\" class=\"yoast-schema-graph\">{\"@context\":\"https:\/\/schema.org\",\"@graph\":[{\"@type\":\"WebPage\",\"@id\":\"https:\/\/www.galileo.edu\/page\/graciasopenday\/\",\"url\":\"https:\/\/www.galileo.edu\/page\/graciasopenday\/\",\"name\":\"Gracias por registrate al Open Day de Universidad Galileo\",\"isPartOf\":{\"@id\":\"https:\/\/www.galileo.edu\/page\/#website\"},\"datePublished\":\"2020-07-22T18:30:10+00:00\",\"dateModified\":\"2021-09-22T20:04:47+00:00\",\"description\":\"Confirmaci\u00f3n de registro al evento: Open Day de Universidad Galileo. Evento gratuito. Conocer\u00e1s las carreras de Ingenier\u00edas y Licenciaturas.\",\"breadcrumb\":{\"@id\":\"https:\/\/www.galileo.edu\/page\/graciasopenday\/#breadcrumb\"},\"inLanguage\":\"en-US\",\"potentialAction\":[{\"@type\":\"ReadAction\",\"target\":[\"https:\/\/www.galileo.edu\/page\/graciasopenday\/\"]}]},{\"@type\":\"BreadcrumbList\",\"@id\":\"https:\/\/www.galileo.edu\/page\/graciasopenday\/#breadcrumb\",\"itemListElement\":[{\"@type\":\"ListItem\",\"position\":1,\"name\":\"Home\",\"item\":\"https:\/\/www.galileo.edu\/page\/home\/\"},{\"@type\":\"ListItem\",\"position\":2,\"name\":\"Gracias Open Day Galileo\"}]},{\"@type\":\"WebSite\",\"@id\":\"https:\/\/www.galileo.edu\/page\/#website\",\"url\":\"https:\/\/www.galileo.edu\/page\/\",\"name\":\"Universidad Galileo\",\"description\":\"La revoluci\u00f3n en la educaci\u00f3n\",\"potentialAction\":[{\"@type\":\"SearchAction\",\"target\":{\"@type\":\"EntryPoint\",\"urlTemplate\":\"https:\/\/www.galileo.edu\/page\/?s={search_term_string}\"},\"query-input\":\"required name=search_term_string\"}],\"inLanguage\":\"en-US\"}]}<\/script>\n<!-- \/ Yoast SEO plugin. -->","yoast_head_json":{"title":"Gracias por registrate al Open Day de Universidad Galileo","description":"Confirmaci\u00f3n de registro al evento: Open Day de Universidad Galileo. Evento gratuito. Conocer\u00e1s las carreras de Ingenier\u00edas y Licenciaturas.","robots":{"index":"index","follow":"follow","max-snippet":"max-snippet:-1","max-image-preview":"max-image-preview:large","max-video-preview":"max-video-preview:-1"},"canonical":"https:\/\/www.galileo.edu\/page\/graciasopenday\/","og_locale":"en_US","og_type":"article","og_title":"Gracias por registrate al Open Day de Universidad Galileo","og_description":"Confirmaci\u00f3n de registro al evento: Open Day de Universidad Galileo. Evento gratuito. Conocer\u00e1s las carreras de Ingenier\u00edas y Licenciaturas.","og_url":"https:\/\/www.galileo.edu\/page\/graciasopenday\/","og_site_name":"Universidad Galileo","article_modified_time":"2021-09-22T20:04:47+00:00","twitter_card":"summary_large_image","twitter_misc":{"Est. reading time":"7 minutes"},"schema":{"@context":"https:\/\/schema.org","@graph":[{"@type":"WebPage","@id":"https:\/\/www.galileo.edu\/page\/graciasopenday\/","url":"https:\/\/www.galileo.edu\/page\/graciasopenday\/","name":"Gracias por registrate al Open Day de Universidad Galileo","isPartOf":{"@id":"https:\/\/www.galileo.edu\/page\/#website"},"datePublished":"2020-07-22T18:30:10+00:00","dateModified":"2021-09-22T20:04:47+00:00","description":"Confirmaci\u00f3n de registro al evento: Open Day de Universidad Galileo. Evento gratuito. Conocer\u00e1s las carreras de Ingenier\u00edas y Licenciaturas.","breadcrumb":{"@id":"https:\/\/www.galileo.edu\/page\/graciasopenday\/#breadcrumb"},"inLanguage":"en-US","potentialAction":[{"@type":"ReadAction","target":["https:\/\/www.galileo.edu\/page\/graciasopenday\/"]}]},{"@type":"BreadcrumbList","@id":"https:\/\/www.galileo.edu\/page\/graciasopenday\/#breadcrumb","itemListElement":[{"@type":"ListItem","position":1,"name":"Home","item":"https:\/\/www.galileo.edu\/page\/home\/"},{"@type":"ListItem","position":2,"name":"Gracias Open Day Galileo"}]},{"@type":"WebSite","@id":"https:\/\/www.galileo.edu\/page\/#website","url":"https:\/\/www.galileo.edu\/page\/","name":"Universidad Galileo","description":"La revoluci\u00f3n en la educaci\u00f3n","potentialAction":[{"@type":"SearchAction","target":{"@type":"EntryPoint","urlTemplate":"https:\/\/www.galileo.edu\/page\/?s={search_term_string}"},"query-input":"required name=search_term_string"}],"inLanguage":"en-US"}]}},"_links":{"self":[{"href":"https:\/\/www.galileo.edu\/page\/wp-json\/wp\/v2\/pages\/24706"}],"collection":[{"href":"https:\/\/www.galileo.edu\/page\/wp-json\/wp\/v2\/pages"}],"about":[{"href":"https:\/\/www.galileo.edu\/page\/wp-json\/wp\/v2\/types\/page"}],"author":[{"embeddable":true,"href":"https:\/\/www.galileo.edu\/page\/wp-json\/wp\/v2\/users\/9"}],"replies":[{"embeddable":true,"href":"https:\/\/www.galileo.edu\/page\/wp-json\/wp\/v2\/comments?post=24706"}],"version-history":[{"count":23,"href":"https:\/\/www.galileo.edu\/page\/wp-json\/wp\/v2\/pages\/24706\/revisions"}],"predecessor-version":[{"id":41926,"href":"https:\/\/www.galileo.edu\/page\/wp-json\/wp\/v2\/pages\/24706\/revisions\/41926"}],"wp:attachment":[{"href":"https:\/\/www.galileo.edu\/page\/wp-json\/wp\/v2\/media?parent=24706"}],"curies":[{"name":"wp","href":"https:\/\/api.w.org\/{rel}","templated":true}]}}