{"id":23070,"date":"2020-06-19T18:07:29","date_gmt":"2020-06-19T18:07:29","guid":{"rendered":"http:\/\/www.galileo.edu\/page\/?page_id=23070"},"modified":"2020-06-19T18:07:29","modified_gmt":"2020-06-19T18:07:29","slug":"gracias-webinar-profxxi-estrategias-educacion-remota","status":"publish","type":"page","link":"https:\/\/www.galileo.edu\/page\/gracias-webinar-profxxi-estrategias-educacion-remota\/","title":{"rendered":"Gracias Webinar: Activa, invierte y divierte, estrategias para la educaci\u00f3n remota"},"content":{"rendered":"<p>[et_pb_section fb_built=&#8221;1&#8243; _builder_version=&#8221;3.0.47&#8243; custom_padding=&#8221;54px|0px|18px|0px|false|false&#8221;][et_pb_row custom_padding=&#8221;27px|0px|43px|0px|false|false&#8221; _builder_version=&#8221;3.0.47&#8243; background_size=&#8221;initial&#8221; background_position=&#8221;top_left&#8221; background_repeat=&#8221;repeat&#8221;][et_pb_column type=&#8221;1_2&#8243; _builder_version=&#8221;3.0.47&#8243; parallax=&#8221;off&#8221; parallax_method=&#8221;on&#8221;][et_pb_text _builder_version=&#8221;3.2.2&#8243; text_font=&#8221;Raleway|700|||||||&#8221; text_font_size=&#8221;35px&#8221; header_font=&#8221;Roboto|300|||||||&#8221; header_font_size=&#8221;35px&#8221; header_font_size_last_edited=&#8221;on|desktop&#8221; header_line_height=&#8221;1.1em&#8221; header_2_font=&#8221;Playfair Display|900|||||||&#8221; header_2_text_color=&#8221;#fe5857&#8243; header_2_font_size=&#8221;44px&#8221; header_2_font_size_last_edited=&#8221;on|desktop&#8221;]<\/p>\n<h1 style=\"text-align: left;\"><span style=\"color: #686767;\">\u00a1Gracias por registrarte al Webinar gratuito!<\/span><\/h1>\n<h2 style=\"text-align: left;\"><span style=\"color: #1bcdd4;\">Activa, invierte y divierte, estrategias para la educaci\u00f3n remota <\/span><\/h2>\n<p>[\/et_pb_text][et_pb_image src=&#8221;http:\/\/www.galileo.edu\/page\/wp-content\/uploads\/2020\/05\/cropped-logoprofxxi.png&#8221; _builder_version=&#8221;3.2.2&#8243; max_width=&#8221;44%&#8221; max_width_phone=&#8221;48%&#8221; max_width_last_edited=&#8221;on|desktop&#8221; module_alignment=&#8221;center&#8221; custom_margin=&#8221;17px|||&#8221;][\/et_pb_image][\/et_pb_column][et_pb_column type=&#8221;1_2&#8243; _builder_version=&#8221;3.0.47&#8243; parallax=&#8221;off&#8221; parallax_method=&#8221;on&#8221;][et_pb_text _builder_version=&#8221;3.2.2&#8243;]<\/p>\n<p style=\"text-align: justify;\">Tu registro est\u00e1 completo.\u00a0<strong>Revisa tu correo electr\u00f3nico<\/strong> para ver m\u00e1s detalles sobre el evento. Y qu\u00e9date pendiente porque recibir\u00e1s el enlace para conectarte.<\/p>\n<p>Si no recibes el correo con la informaci\u00f3n de parte de PROF-XXI en los pr\u00f3ximos minutos,<strong> busca en tu carpeta de correo \u201cNo deseado\u201d o \u201cSpam\u201d, o bien en la secci\u00f3n de \u201cPromociones\u201d o \u201cNotificaciones\u201d,<\/strong> algunas veces se filtran all\u00ed. Si no te llega el correo electr\u00f3nico, puede ser que escribiste mal tu email, por lo que te pedimos que vuelvas a llenar tus datos en la p\u00e1gina anterior a esta y revisa que est\u00e9n bien escritos.<\/p>\n<p><span style=\"font-size: large;\"> Agenda la fecha, el webinar gratuito ser\u00e1 el<strong> jueves<\/strong>\u00a0<strong>25 de JUNIO<\/strong>\u00a0del a\u00f1o 2020 a las <strong>10:00 horas Guatemala (UTC-6)<\/strong> \/ <strong>11:00 Colombia \/ 18:00 horas Espa\u00f1a.<\/strong><\/span><\/p>\n<p><span style=\"font-size: large;\"><a title=\"Facebook PROF-XXI\" href=\"https:\/\/www.facebook.com\/pg\/profxxi\/about\/?ref=page_internal\" target=\"_blank\" rel=\"noopener noreferrer\"><img decoding=\"async\" loading=\"lazy\" class=\"wp-image-5788 alignnone size-thumbnail\" src=\"https:\/\/www.galileo.edu\/page\/wp-content\/uploads\/2018\/07\/Facebook-150x150.png\" alt=\"\" width=\"34\" height=\"35\" \/><\/a>\u00a0<span style=\"font-size: medium;\">S\u00edguenos en Facebook: @profxxi<\/span><\/span><\/p>\n<p><span style=\"font-size: medium;\"><img decoding=\"async\" loading=\"lazy\" class=\"wp-image-173 alignnone size-full\" src=\"https:\/\/www.galileo.edu\/page\/wp-content\/uploads\/2017\/04\/correo.png\" alt=\"\" width=\"26\" height=\"17\" \/>\u00a0\u00a0Correo electr\u00f3nico: <a href=\"mailto:profxxi@gmail.com\">proyecto.profxxi@gmail.com<\/a><\/span><\/p>\n<p>[\/et_pb_text][\/et_pb_column][\/et_pb_row][et_pb_row custom_padding=&#8221;24px|0px|27px|0px|false|false&#8221; _builder_version=&#8221;3.2.2&#8243;][et_pb_column type=&#8221;4_4&#8243; _builder_version=&#8221;3.2.2&#8243; parallax=&#8221;off&#8221; parallax_method=&#8221;on&#8221;][et_pb_image src=&#8221;http:\/\/www.galileo.edu\/page\/wp-content\/uploads\/2020\/05\/Logos_socios_profxxi.png&#8221; _builder_version=&#8221;3.2.2&#8243;][\/et_pb_image][\/et_pb_column][\/et_pb_row][et_pb_row custom_padding=&#8221;|200px||&#8221; custom_margin=&#8221;|||200px&#8221; custom_padding_last_edited=&#8221;on|desktop&#8221; disabled_on=&#8221;on|on|off&#8221; _builder_version=&#8221;3.2.2&#8243; custom_margin_last_edited=&#8221;on|desktop&#8221; ab_subject=&#8221;on&#8221; ab_subject_id=&#8221;1&#8243;][et_pb_column type=&#8221;1_2&#8243; _builder_version=&#8221;3.2.2&#8243; parallax=&#8221;off&#8221; parallax_method=&#8221;on&#8221;][et_pb_image src=&#8221;http:\/\/www.galileo.edu\/page\/wp-content\/uploads\/2020\/05\/eu_flag_co_funded_pos_rgb_right.png&#8221; align=&#8221;center&#8221; _builder_version=&#8221;3.2.2&#8243; max_width=&#8221;81%&#8221; max_width_last_edited=&#8221;on|phone&#8221;][\/et_pb_image][\/et_pb_column][et_pb_column type=&#8221;1_2&#8243; _builder_version=&#8221;3.2.2&#8243; parallax=&#8221;off&#8221; parallax_method=&#8221;on&#8221;][et_pb_text _builder_version=&#8221;3.2.2&#8243;]<\/p>\n<p style=\"text-align: left;\">Este proyecto ha sido financiado con la ayuda de Erasmus+.<br \/>\nLos contenidos son responsabilidad de su actor y de ningun modo debe considerarse que refleja la opinion oficial de Erasmus+<\/p>\n<p>[\/et_pb_text][\/et_pb_column][\/et_pb_row][\/et_pb_section][et_pb_section fb_built=&#8221;1&#8243; _builder_version=&#8221;3.2.2&#8243;][et_pb_row custom_padding=&#8221;30px|0px|0|0px|false|false&#8221; disabled_on=&#8221;off|off|on&#8221; _builder_version=&#8221;3.2.2&#8243;][et_pb_column type=&#8221;4_4&#8243; _builder_version=&#8221;3.2.2&#8243; parallax=&#8221;off&#8221; parallax_method=&#8221;on&#8221;][et_pb_image src=&#8221;http:\/\/www.galileo.edu\/page\/wp-content\/uploads\/2020\/05\/eu_flag_co_funded_pos_rgb_right.png&#8221; disabled_on=&#8221;off|off|on&#8221; _builder_version=&#8221;3.2.2&#8243; max_width=&#8221;59%&#8221; module_alignment=&#8221;center&#8221;][\/et_pb_image][\/et_pb_column][\/et_pb_row][et_pb_row custom_padding=&#8221;0|0px|30px|0px|false|false&#8221; disabled_on=&#8221;off|off|on&#8221; _builder_version=&#8221;3.2.2&#8243;][et_pb_column type=&#8221;4_4&#8243; _builder_version=&#8221;3.2.2&#8243; parallax=&#8221;off&#8221; parallax_method=&#8221;on&#8221;][et_pb_text _builder_version=&#8221;3.2.2&#8243; max_width=&#8221;85%&#8221; module_alignment=&#8221;center&#8221;]<\/p>\n<p style=\"text-align: center;\">Este proyecto ha sido financiado con la ayuda de Erasmus+.\u00a0Los contenidos son responsabilidad de su actor y de ningun modo debe considerarse que refleja la opinion oficial de Erasmus+<\/p>\n<p>[\/et_pb_text][\/et_pb_column][\/et_pb_row][et_pb_row custom_padding=&#8221;|200px||&#8221; custom_margin=&#8221;|||200px&#8221; custom_padding_last_edited=&#8221;on|desktop&#8221; disabled_on=&#8221;on|on|off&#8221; _builder_version=&#8221;3.2.2&#8243; custom_margin_last_edited=&#8221;on|desktop&#8221; ab_subject=&#8221;on&#8221; ab_subject_id=&#8221;2&#8243;][et_pb_column type=&#8221;1_2&#8243; _builder_version=&#8221;3.2.2&#8243;][et_pb_image src=&#8221;http:\/\/www.galileo.edu\/page\/wp-content\/uploads\/2020\/05\/eu_flag_co_funded_pos_rgb_right.png&#8221; align=&#8221;center&#8221; _builder_version=&#8221;3.2.2&#8243; max_width=&#8221;81%&#8221; max_width_last_edited=&#8221;on|phone&#8221;][\/et_pb_image][\/et_pb_column][et_pb_column type=&#8221;1_2&#8243; _builder_version=&#8221;3.2.2&#8243;][et_pb_text _builder_version=&#8221;3.2.2&#8243;]<\/p>\n<p style=\"text-align: left;\">Este proyecto ha sido financiado con la ayuda de Erasmus+.<br \/>\nLos contenidos son responsabilidad de su actor y de ningun modo debe considerarse que refleja la opinion oficial de Erasmus+<\/p>\n<p>[\/et_pb_text][\/et_pb_column][\/et_pb_row][\/et_pb_section][et_pb_section fb_built=&#8221;1&#8243; _builder_version=&#8221;3.2.2&#8243;][et_pb_row custom_padding=&#8221;62px|0px|27px|0px|false|false&#8221; disabled_on=&#8221;on|on|on&#8221; _builder_version=&#8221;3.2.2&#8243; disabled=&#8221;on&#8221; ab_goal=&#8221;on&#8221;][et_pb_column type=&#8221;4_4&#8243; _builder_version=&#8221;3.0.47&#8243; parallax=&#8221;off&#8221; parallax_method=&#8221;on&#8221;][et_pb_image src=&#8221;http:\/\/www.galileo.edu\/page\/wp-content\/uploads\/2019\/04\/Logo-Galileo.png&#8221; align=&#8221;center&#8221; _builder_version=&#8221;3.2.2&#8243; max_width=&#8221;50%&#8221;][\/et_pb_image][\/et_pb_column][\/et_pb_row][\/et_pb_section]<\/p>\n","protected":false},"excerpt":{"rendered":"<p>\u00a1Gracias por registrarte al Webinar gratuito! Activa, invierte y divierte, estrategias para la educaci\u00f3n remota Tu registro est\u00e1 completo.\u00a0Revisa tu correo electr\u00f3nico para ver m\u00e1s detalles sobre el evento. Y qu\u00e9date pendiente porque recibir\u00e1s el enlace para conectarte. Si no recibes el correo con la informaci\u00f3n de parte de PROF-XXI en los pr\u00f3ximos minutos, busca [&hellip;]<\/p>\n","protected":false},"author":17,"featured_media":23071,"parent":0,"menu_order":0,"comment_status":"closed","ping_status":"closed","template":"page-template-blank.php","meta":{"_et_pb_use_builder":"on","_et_pb_old_content":"","_et_gb_content_width":""},"yoast_head":"<!-- This site is optimized with the Yoast SEO plugin v20.13 - https:\/\/yoast.com\/wordpress\/plugins\/seo\/ -->\n<title>Registro Webinar Activa, invierte y divierte, estrategias para la educaci\u00f3n remota<\/title>\n<meta name=\"description\" content=\"Gracias por registrarte al webinar gratuito: Activa, invierte y divierte, estrategias para la educaci\u00f3n remota que ser\u00e1 el jueves 25 de junio 10 h. GT.\" \/>\n<meta name=\"robots\" content=\"index, follow, max-snippet:-1, max-image-preview:large, max-video-preview:-1\" \/>\n<link rel=\"canonical\" href=\"https:\/\/www.galileo.edu\/page\/gracias-webinar-profxxi-estrategias-educacion-remota\/\" \/>\n<meta property=\"og:locale\" content=\"en_US\" \/>\n<meta property=\"og:type\" content=\"article\" \/>\n<meta property=\"og:title\" content=\"Registro Webinar Activa, invierte y divierte, estrategias para la educaci\u00f3n remota\" \/>\n<meta property=\"og:description\" content=\"Gracias por registrarte al webinar gratuito: Activa, invierte y divierte, estrategias para la educaci\u00f3n remota que ser\u00e1 el jueves 25 de junio 10 h. GT.\" \/>\n<meta property=\"og:url\" content=\"https:\/\/www.galileo.edu\/page\/gracias-webinar-profxxi-estrategias-educacion-remota\/\" \/>\n<meta property=\"og:site_name\" content=\"Universidad Galileo\" \/>\n<meta property=\"og:image\" content=\"https:\/\/www.galileo.edu\/page\/wp-content\/uploads\/2020\/06\/webinar_profxxi_educacion_remota_post01.jpg\" \/>\n\t<meta property=\"og:image:width\" content=\"1200\" \/>\n\t<meta property=\"og:image:height\" content=\"1200\" \/>\n\t<meta property=\"og:image:type\" content=\"image\/jpeg\" \/>\n<meta name=\"twitter:card\" content=\"summary_large_image\" \/>\n<meta name=\"twitter:label1\" content=\"Est. reading time\" \/>\n\t<meta name=\"twitter:data1\" content=\"4 minutes\" \/>\n<script type=\"application\/ld+json\" class=\"yoast-schema-graph\">{\"@context\":\"https:\/\/schema.org\",\"@graph\":[{\"@type\":\"WebPage\",\"@id\":\"https:\/\/www.galileo.edu\/page\/gracias-webinar-profxxi-estrategias-educacion-remota\/\",\"url\":\"https:\/\/www.galileo.edu\/page\/gracias-webinar-profxxi-estrategias-educacion-remota\/\",\"name\":\"Registro Webinar Activa, invierte y divierte, estrategias para la educaci\u00f3n remota\",\"isPartOf\":{\"@id\":\"https:\/\/www.galileo.edu\/page\/#website\"},\"datePublished\":\"2020-06-19T18:07:29+00:00\",\"dateModified\":\"2020-06-19T18:07:29+00:00\",\"description\":\"Gracias por registrarte al webinar gratuito: Activa, invierte y divierte, estrategias para la educaci\u00f3n remota que ser\u00e1 el jueves 25 de junio 10 h. GT.\",\"breadcrumb\":{\"@id\":\"https:\/\/www.galileo.edu\/page\/gracias-webinar-profxxi-estrategias-educacion-remota\/#breadcrumb\"},\"inLanguage\":\"en-US\",\"potentialAction\":[{\"@type\":\"ReadAction\",\"target\":[\"https:\/\/www.galileo.edu\/page\/gracias-webinar-profxxi-estrategias-educacion-remota\/\"]}]},{\"@type\":\"BreadcrumbList\",\"@id\":\"https:\/\/www.galileo.edu\/page\/gracias-webinar-profxxi-estrategias-educacion-remota\/#breadcrumb\",\"itemListElement\":[{\"@type\":\"ListItem\",\"position\":1,\"name\":\"Home\",\"item\":\"https:\/\/www.galileo.edu\/page\/home\/\"},{\"@type\":\"ListItem\",\"position\":2,\"name\":\"Gracias Webinar: Activa, invierte y divierte, estrategias para la educaci\u00f3n remota\"}]},{\"@type\":\"WebSite\",\"@id\":\"https:\/\/www.galileo.edu\/page\/#website\",\"url\":\"https:\/\/www.galileo.edu\/page\/\",\"name\":\"Universidad Galileo\",\"description\":\"La revoluci\u00f3n en la educaci\u00f3n\",\"potentialAction\":[{\"@type\":\"SearchAction\",\"target\":{\"@type\":\"EntryPoint\",\"urlTemplate\":\"https:\/\/www.galileo.edu\/page\/?s={search_term_string}\"},\"query-input\":\"required name=search_term_string\"}],\"inLanguage\":\"en-US\"}]}<\/script>\n<!-- \/ Yoast SEO plugin. -->","yoast_head_json":{"title":"Registro Webinar Activa, invierte y divierte, estrategias para la educaci\u00f3n remota","description":"Gracias por registrarte al webinar gratuito: Activa, invierte y divierte, estrategias para la educaci\u00f3n remota que ser\u00e1 el jueves 25 de junio 10 h. GT.","robots":{"index":"index","follow":"follow","max-snippet":"max-snippet:-1","max-image-preview":"max-image-preview:large","max-video-preview":"max-video-preview:-1"},"canonical":"https:\/\/www.galileo.edu\/page\/gracias-webinar-profxxi-estrategias-educacion-remota\/","og_locale":"en_US","og_type":"article","og_title":"Registro Webinar Activa, invierte y divierte, estrategias para la educaci\u00f3n remota","og_description":"Gracias por registrarte al webinar gratuito: Activa, invierte y divierte, estrategias para la educaci\u00f3n remota que ser\u00e1 el jueves 25 de junio 10 h. GT.","og_url":"https:\/\/www.galileo.edu\/page\/gracias-webinar-profxxi-estrategias-educacion-remota\/","og_site_name":"Universidad Galileo","og_image":[{"width":1200,"height":1200,"url":"https:\/\/www.galileo.edu\/page\/wp-content\/uploads\/2020\/06\/webinar_profxxi_educacion_remota_post01.jpg","type":"image\/jpeg"}],"twitter_card":"summary_large_image","twitter_misc":{"Est. reading time":"4 minutes"},"schema":{"@context":"https:\/\/schema.org","@graph":[{"@type":"WebPage","@id":"https:\/\/www.galileo.edu\/page\/gracias-webinar-profxxi-estrategias-educacion-remota\/","url":"https:\/\/www.galileo.edu\/page\/gracias-webinar-profxxi-estrategias-educacion-remota\/","name":"Registro Webinar Activa, invierte y divierte, estrategias para la educaci\u00f3n remota","isPartOf":{"@id":"https:\/\/www.galileo.edu\/page\/#website"},"datePublished":"2020-06-19T18:07:29+00:00","dateModified":"2020-06-19T18:07:29+00:00","description":"Gracias por registrarte al webinar gratuito: Activa, invierte y divierte, estrategias para la educaci\u00f3n remota que ser\u00e1 el jueves 25 de junio 10 h. GT.","breadcrumb":{"@id":"https:\/\/www.galileo.edu\/page\/gracias-webinar-profxxi-estrategias-educacion-remota\/#breadcrumb"},"inLanguage":"en-US","potentialAction":[{"@type":"ReadAction","target":["https:\/\/www.galileo.edu\/page\/gracias-webinar-profxxi-estrategias-educacion-remota\/"]}]},{"@type":"BreadcrumbList","@id":"https:\/\/www.galileo.edu\/page\/gracias-webinar-profxxi-estrategias-educacion-remota\/#breadcrumb","itemListElement":[{"@type":"ListItem","position":1,"name":"Home","item":"https:\/\/www.galileo.edu\/page\/home\/"},{"@type":"ListItem","position":2,"name":"Gracias Webinar: Activa, invierte y divierte, estrategias para la educaci\u00f3n remota"}]},{"@type":"WebSite","@id":"https:\/\/www.galileo.edu\/page\/#website","url":"https:\/\/www.galileo.edu\/page\/","name":"Universidad Galileo","description":"La revoluci\u00f3n en la educaci\u00f3n","potentialAction":[{"@type":"SearchAction","target":{"@type":"EntryPoint","urlTemplate":"https:\/\/www.galileo.edu\/page\/?s={search_term_string}"},"query-input":"required name=search_term_string"}],"inLanguage":"en-US"}]}},"_links":{"self":[{"href":"https:\/\/www.galileo.edu\/page\/wp-json\/wp\/v2\/pages\/23070"}],"collection":[{"href":"https:\/\/www.galileo.edu\/page\/wp-json\/wp\/v2\/pages"}],"about":[{"href":"https:\/\/www.galileo.edu\/page\/wp-json\/wp\/v2\/types\/page"}],"author":[{"embeddable":true,"href":"https:\/\/www.galileo.edu\/page\/wp-json\/wp\/v2\/users\/17"}],"replies":[{"embeddable":true,"href":"https:\/\/www.galileo.edu\/page\/wp-json\/wp\/v2\/comments?post=23070"}],"version-history":[{"count":2,"href":"https:\/\/www.galileo.edu\/page\/wp-json\/wp\/v2\/pages\/23070\/revisions"}],"predecessor-version":[{"id":23101,"href":"https:\/\/www.galileo.edu\/page\/wp-json\/wp\/v2\/pages\/23070\/revisions\/23101"}],"wp:featuredmedia":[{"embeddable":true,"href":"https:\/\/www.galileo.edu\/page\/wp-json\/wp\/v2\/media\/23071"}],"wp:attachment":[{"href":"https:\/\/www.galileo.edu\/page\/wp-json\/wp\/v2\/media?parent=23070"}],"curies":[{"name":"wp","href":"https:\/\/api.w.org\/{rel}","templated":true}]}}