{"id":20344,"date":"2020-03-26T16:07:33","date_gmt":"2020-03-26T16:07:33","guid":{"rendered":"http:\/\/www.galileo.edu\/page\/?page_id=20344"},"modified":"2020-04-01T00:16:59","modified_gmt":"2020-04-01T00:16:59","slug":"codigo-de-honor-olimpico","status":"publish","type":"page","link":"https:\/\/www.galileo.edu\/page\/olimpiada-mayo\/codigo-de-honor-olimpico\/","title":{"rendered":"Olimpiada de mayo 2020 &#8211; C\u00f3digo de Honor Ol\u00edmpico"},"content":{"rendered":"<p>[et_pb_section fb_built=&#8221;1&#8243; fullwidth=&#8221;on&#8221; _builder_version=&#8221;3.0.47&#8243;][et_pb_fullwidth_menu menu_id=&#8221;30&#8243; submenu_direction=&#8221;downwards&#8221; fullwidth_menu=&#8221;off&#8221; active_link_color=&#8221;#0c71c3&#8243; dropdown_menu_text_color=&#8221;#0a0a0a&#8221; mobile_menu_text_color=&#8221;#191919&#8243; admin_label=&#8221;Men\u00fa Olimpiadas&#8221; _builder_version=&#8221;3.2.2&#8243; menu_font=&#8221;|600|||||||&#8221; text_orientation=&#8221;right&#8221;][\/et_pb_fullwidth_menu][\/et_pb_section][et_pb_section fb_built=&#8221;1&#8243; custom_padding_last_edited=&#8221;on|desktop&#8221; disabled_on=&#8221;on|on|off&#8221; _builder_version=&#8221;3.2.2&#8243; background_image=&#8221;http:\/\/www.galileo.edu\/page\/wp-content\/uploads\/2020\/03\/header-olimpiadas-de-matematicas-mayo-mecanica.jpg&#8221; custom_padding=&#8221;8.8%|0%|8.8%|0%|true|false&#8221;][et_pb_row custom_padding=&#8221;5%|8.6%|2%|2.8%|false|false&#8221; custom_padding_tablet=&#8221;3%|6%|3%|0%|false|false&#8221; custom_padding_phone=&#8221;5%|5%|5%|0%|false|false&#8221; custom_padding_last_edited=&#8221;on|phone&#8221; disabled_on=&#8221;on|off|off&#8221; _builder_version=&#8221;3.2.2&#8243; module_alignment=&#8221;left&#8221;][et_pb_column type=&#8221;4_4&#8243; _builder_version=&#8221;3.0.47&#8243; parallax=&#8221;off&#8221; parallax_method=&#8221;on&#8221;][et_pb_text _builder_version=&#8221;3.2.2&#8243; header_font=&#8221;Open Sans|700|||||||&#8221; header_text_align=&#8221;left&#8221; header_text_color=&#8221;#ffffff&#8221; header_font_size=&#8221;40px&#8221; header_font_size_tablet=&#8221;35px&#8221; header_font_size_phone=&#8221;25px&#8221; header_font_size_last_edited=&#8221;on|phone&#8221; header_line_height=&#8221;1.2em&#8221; header_line_height_last_edited=&#8221;on|desktop&#8221; custom_padding=&#8221;0%|0%|0%|0%&#8221; custom_padding_tablet=&#8221;||0%|&#8221; custom_padding_last_edited=&#8221;on|desktop&#8221;]<\/p>\n<h1 style=\"text-align: left;\"><span style=\"color: #ffffff;\">C\u00f3digo de Honor Ol\u00edmpico<\/span><\/h1>\n<p>[\/et_pb_text][et_pb_image src=&#8221;http:\/\/www.galileo.edu\/page\/wp-content\/uploads\/2020\/03\/lapiz-olimpiada-mayo-guatemala.png&#8221; _builder_version=&#8221;3.2.2&#8243; custom_margin=&#8221;-4%|0%|0%|0%&#8221; custom_margin_last_edited=&#8221;on|desktop&#8221; custom_padding=&#8221;0%|0%|0%|0%&#8221; custom_padding_last_edited=&#8221;on|desktop&#8221;][\/et_pb_image][\/et_pb_column][\/et_pb_row][\/et_pb_section][et_pb_section fb_built=&#8221;1&#8243; custom_padding_last_edited=&#8221;on|desktop&#8221; disabled_on=&#8221;off|on|on&#8221; _builder_version=&#8221;3.2.2&#8243; background_image=&#8221;http:\/\/www.galileo.edu\/page\/wp-content\/uploads\/2020\/03\/header-olimpiadas-de-matematicas-mayo-mecanica.jpg&#8221; custom_padding=&#8221;11.8%|0%|11.8%|0%|true|false&#8221; custom_padding_phone=&#8221;8.2%||8.2%||false|false&#8221;][et_pb_row custom_padding=&#8221;2.8%|8.6%|6%|2.8%|false|false&#8221; custom_padding_tablet=&#8221;3%|6%|3%|0%|false|false&#8221; custom_padding_phone=&#8221;6.4%|11.2%|6.4%|3.2%|true|false&#8221; custom_padding_last_edited=&#8221;on|phone&#8221; disabled_on=&#8221;off|off|off&#8221; _builder_version=&#8221;3.2.2&#8243; module_alignment=&#8221;left&#8221;][et_pb_column type=&#8221;4_4&#8243; _builder_version=&#8221;3.0.47&#8243; parallax=&#8221;off&#8221; parallax_method=&#8221;on&#8221;][et_pb_text _builder_version=&#8221;3.2.2&#8243; header_font=&#8221;Open Sans|700|||||||&#8221; header_text_align=&#8221;left&#8221; header_text_color=&#8221;#ffffff&#8221; header_font_size=&#8221;40px&#8221; header_font_size_tablet=&#8221;35px&#8221; header_font_size_phone=&#8221;20px&#8221; header_font_size_last_edited=&#8221;on|phone&#8221; header_line_height=&#8221;1.2em&#8221; header_line_height_last_edited=&#8221;on|desktop&#8221; custom_padding=&#8221;0%|0%|0%|0%&#8221; custom_padding_tablet=&#8221;||0%|&#8221; custom_padding_last_edited=&#8221;on|desktop&#8221;]<\/p>\n<h1 style=\"text-align: left;\"><span style=\"color: #ffffff;\">C\u00f3digo de Honor Ol\u00edmpico<\/span><\/h1>\n<p>[\/et_pb_text][et_pb_image src=&#8221;http:\/\/www.galileo.edu\/page\/wp-content\/uploads\/2020\/03\/lapiz-olimpiada-mayo-guatemala.png&#8221; always_center_on_mobile=&#8221;off&#8221; _builder_version=&#8221;3.2.2&#8243; max_width_phone=&#8221;51%&#8221; max_width_last_edited=&#8221;on|phone&#8221; module_alignment=&#8221;left&#8221; custom_margin=&#8221;-4%|0%|0%|0%&#8221; custom_margin_phone=&#8221;-12%|||&#8221; custom_margin_last_edited=&#8221;on|desktop&#8221; custom_padding=&#8221;0%|0%|0%|0%&#8221; custom_padding_last_edited=&#8221;on|desktop&#8221;][\/et_pb_image][\/et_pb_column][\/et_pb_row][\/et_pb_section][et_pb_section fb_built=&#8221;1&#8243; custom_padding_last_edited=&#8221;on|phone&#8221; _builder_version=&#8221;3.2.2&#8243; background_color=&#8221;#efefef&#8221; custom_padding=&#8221;2%|2%|2%|2%|false|false&#8221; custom_padding_tablet=&#8221;60px|60px|60px|60px&#8221;][et_pb_row custom_padding=&#8221;2%|0%|2%|0%|false|false&#8221; custom_padding_last_edited=&#8221;on|desktop&#8221; _builder_version=&#8221;3.2.2&#8243;][et_pb_column type=&#8221;4_4&#8243; _builder_version=&#8221;3.0.47&#8243; parallax=&#8221;off&#8221; parallax_method=&#8221;on&#8221;][et_pb_text _builder_version=&#8221;3.2.2&#8243; header_font=&#8221;||||||||&#8221; header_4_font=&#8221;|600|||||||&#8221; header_4_font_size_last_edited=&#8221;on|desktop&#8221;]<\/p>\n<p class=\"p1\">La Olimpiada de Mayo es un reto, una oportunidad de medirse, ejercitar la mente y aprender, por lo que el estudiante debe comprometerse a dar lo mejor de s\u00ed mismo, siendo <b>honesto con lo que sabe y puede lograr<\/b>.<\/p>\n<p class=\"p1\">Para que la competencia sea <b>sana, divertida y justa<\/b>, el estudiante que participe en la Olimpiada de Mayo debe comprometerse a mantener los siguientes <b>valores<\/b>:<\/p>\n<ol class=\"ol1\">\n<li class=\"li3\"><b>Honestidad y honorabilidad<\/b> es realizar el examen de manera individual sin hacer trampas como copiar, hablar durante el examen, utilizar tel\u00e9fono celular, libros o apuntes. Cualquier prueba de copia o trampa ser\u00e1 motivo para descalificar al estudiante de la Olimpiada.<\/li>\n<li class=\"li3\"><b>Respeto, <\/b>es decir<b>,<\/b> atender a las indicaciones que los evaluadores les den, respetando los espacios que se le proporcionen para realizar la prueba y manteniendo una actitud de respeto hacia el resto de los competidores y organizadores de la competencia.<\/li>\n<li class=\"li3\"><b>Humildad <\/b>ante los resultados que obtenga, sean positivos o no.\u00a0<b><br \/>\n<\/b><\/li>\n<li class=\"li3\"><b>Esfuerzo <\/b>al poner su mayor empe\u00f1o al momento de realizar la prueba.\u00a0<b><br \/>\n<\/b><\/li>\n<\/ol>\n<p class=\"p1\">Finalmente, todo competidor debe comprometerse a <b>no compartir los enunciados o soluciones<\/b> a los problemas antes de que se hagan oficiales\u00a0 en los medios. Esto evitar\u00e1 proporcionar ventaja a otros estudiantes.<\/p>\n<p>[\/et_pb_text][\/et_pb_column][\/et_pb_row][\/et_pb_section][et_pb_section fb_built=&#8221;1&#8243; custom_padding_last_edited=&#8221;on|desktop&#8221; admin_label=&#8221;Inscribe a tu centro educativo&#8221; _builder_version=&#8221;3.2.2&#8243; background_color=&#8221;#00a5bd&#8221; custom_padding=&#8221;2%|0%|2%|0%&#8221; custom_padding_phone=&#8221;5%|0%|8%|0%|false|false&#8221;][et_pb_row custom_padding=&#8221;2%|0%|1.8%|0%|false|false&#8221; custom_padding_last_edited=&#8221;on|desktop&#8221; _builder_version=&#8221;3.2.2&#8243;][et_pb_column type=&#8221;4_4&#8243; _builder_version=&#8221;3.2.2&#8243; parallax=&#8221;off&#8221; parallax_method=&#8221;on&#8221;][et_pb_text _builder_version=&#8221;3.2.2&#8243; header_font=&#8221;||||||||&#8221; header_4_font=&#8221;||||||||&#8221; header_4_text_align=&#8221;center&#8221; header_4_text_color=&#8221;#ffffff&#8221; header_4_font_size=&#8221;22px&#8221; header_4_font_size_last_edited=&#8221;on|desktop&#8221;]<\/p>\n<h4>\u00bfQuieres inscribir a tu instituci\u00f3n educativa?<\/h4>\n<p>[\/et_pb_text][et_pb_button button_url=&#8221;https:\/\/www.galileo.edu\/page\/olimpiada-mayo\/mecanica\/&#8221; button_text=&#8221;Conoce aqu\u00ed la mec\u00e1nica para participar e inscribirte&#8221; button_alignment=&#8221;center&#8221; _builder_version=&#8221;3.2.2&#8243; custom_button=&#8221;on&#8221; button_text_size=&#8221;18px&#8221; button_text_color=&#8221;#ffffff&#8221; button_bg_color=&#8221;#FF7F00&#8243; button_border_width=&#8221;0px&#8221; button_font=&#8221;||||||||&#8221; button_text_size_phone=&#8221;14px&#8221; button_text_size_last_edited=&#8221;on|desktop&#8221; box_shadow_style=&#8221;preset3&#8243; box_shadow_spread=&#8221;-16px&#8221; custom_padding=&#8221;1%|2%|1%|2%&#8221; custom_padding_last_edited=&#8221;on|desktop&#8221;][\/et_pb_button][\/et_pb_column][\/et_pb_row][\/et_pb_section][et_pb_section fb_built=&#8221;1&#8243; custom_padding_last_edited=&#8221;on|desktop&#8221; disabled_on=&#8221;on|on|on&#8221; _builder_version=&#8221;3.2.2&#8243; background_color=&#8221;#fcfcfc&#8221; custom_padding=&#8221;0%|0%|2%|0%|false|false&#8221; disabled=&#8221;on&#8221;][et_pb_row custom_padding=&#8221;27px|0px|27px|0px|false|false&#8221; _builder_version=&#8221;3.2.2&#8243;][et_pb_column type=&#8221;4_4&#8243; _builder_version=&#8221;3.0.47&#8243; parallax=&#8221;off&#8221; parallax_method=&#8221;on&#8221;][et_pb_text _builder_version=&#8221;3.2.2&#8243; text_font=&#8221;Raleway||||||||&#8221; text_text_color=&#8221;#000000&#8243; text_font_size=&#8221;22px&#8221; text_font_size_last_edited=&#8221;on|desktop&#8221; header_font=&#8221;||||||||&#8221; header_font_size=&#8221;24px&#8221; header_2_font=&#8221;Raleway|800|||||||&#8221; header_2_text_align=&#8221;left&#8221; header_2_font_size=&#8221;32px&#8221; header_2_font_size_tablet=&#8221;30px&#8221; header_2_font_size_phone=&#8221;23px&#8221; header_2_font_size_last_edited=&#8221;on|phone&#8221; header_2_line_height=&#8221;1.1em&#8221; header_2_line_height_last_edited=&#8221;on|desktop&#8221; text_orientation=&#8221;center&#8221;]<\/p>\n<h2 style=\"text-align: center;\"><span style=\"color: #223983;\">Para m\u00e1s informaci\u00f3n, ponte en contacto:<\/span><\/h2>\n<p>[\/et_pb_text][\/et_pb_column][\/et_pb_row][et_pb_row custom_padding=&#8221;2%|0%|0%|0%&#8221; custom_padding_last_edited=&#8221;on|desktop&#8221; padding_top_3=&#8221;5%&#8221; padding_3_last_edited=&#8221;on|desktop&#8221; _builder_version=&#8221;3.2.2&#8243;][et_pb_column type=&#8221;1_2&#8243; _builder_version=&#8221;3.0.47&#8243; parallax=&#8221;off&#8221; parallax_method=&#8221;on&#8221;][et_pb_text _builder_version=&#8221;3.2.2&#8243; text_font=&#8221;Raleway||||||||&#8221; text_font_size=&#8221;16px&#8221; text_font_size_last_edited=&#8221;on|desktop&#8221; header_font=&#8221;||||||||&#8221; header_4_font=&#8221;Raleway|700|||||||&#8221; header_4_text_align=&#8221;center&#8221; header_4_font_size=&#8221;20px&#8221; header_4_font_size_last_edited=&#8221;on|desktop&#8221; text_orientation=&#8221;center&#8221;]<\/p>\n<h4><img decoding=\"async\" loading=\"lazy\" class=\"wp-image-13005 alignnone size-thumbnail\" src=\"https:\/\/www.galileo.edu\/page\/wp-content\/uploads\/2019\/05\/smartphone-1-150x150.png\" alt=\"\" width=\"120\" height=\"120\" srcset=\"https:\/\/www.galileo.edu\/page\/wp-content\/uploads\/2019\/05\/smartphone-1-150x150.png 150w, https:\/\/www.galileo.edu\/page\/wp-content\/uploads\/2019\/05\/smartphone-1-300x300.png 300w, https:\/\/www.galileo.edu\/page\/wp-content\/uploads\/2019\/05\/smartphone-1.png 512w\" sizes=\"(max-width: 120px) 100vw, 120px\" \/><\/h4>\n<h4>Tel\u00e9fono:<\/h4>\n<p>5978-3342 \/ 5951-1581<br \/>\n[\/et_pb_text][\/et_pb_column][et_pb_column type=&#8221;1_2&#8243; _builder_version=&#8221;3.0.47&#8243; parallax=&#8221;off&#8221; parallax_method=&#8221;on&#8221;][et_pb_text _builder_version=&#8221;3.2.2&#8243; text_font=&#8221;Raleway||||||||&#8221; text_font_size=&#8221;16px&#8221; text_font_size_last_edited=&#8221;on|desktop&#8221; header_font=&#8221;||||||||&#8221; header_4_font=&#8221;Raleway|700|||||||&#8221; header_4_text_align=&#8221;center&#8221; header_4_font_size=&#8221;20px&#8221; header_4_font_size_last_edited=&#8221;on|desktop&#8221; text_orientation=&#8221;center&#8221;]<\/p>\n<h4><img decoding=\"async\" loading=\"lazy\" class=\"wp-image-13006 alignnone size-full\" src=\"https:\/\/www.galileo.edu\/page\/wp-content\/uploads\/2019\/05\/mail-1.png\" alt=\"\" width=\"120\" height=\"120\" srcset=\"https:\/\/www.galileo.edu\/page\/wp-content\/uploads\/2019\/05\/mail-1.png 512w, https:\/\/www.galileo.edu\/page\/wp-content\/uploads\/2019\/05\/mail-1-150x150.png 150w, https:\/\/www.galileo.edu\/page\/wp-content\/uploads\/2019\/05\/mail-1-300x300.png 300w\" sizes=\"(max-width: 120px) 100vw, 120px\" \/><\/h4>\n<h4>Correo:<\/h4>\n<p><a href=\"mailto:olimpiadamayoguatemala@galileo.edu\" target=\"_blank\" rel=\"noopener noreferrer\">olimpiadamayoguatemala@galileo.edu<\/a><br \/>\n[\/et_pb_text][\/et_pb_column][\/et_pb_row][\/et_pb_section][et_pb_section fb_built=&#8221;1&#8243; custom_padding_last_edited=&#8221;on|desktop&#8221; disabled_on=&#8221;on|on|on&#8221; _builder_version=&#8221;3.2.2&#8243; custom_padding=&#8221;2%|0px|4%|0px|false|false&#8221; disabled=&#8221;on&#8221;][et_pb_row custom_padding=&#8221;68px|0px|0|0px|false|false&#8221; _builder_version=&#8221;3.2.2&#8243;][et_pb_column type=&#8221;4_4&#8243; _builder_version=&#8221;3.0.47&#8243; parallax=&#8221;off&#8221; parallax_method=&#8221;on&#8221;][et_pb_text _builder_version=&#8221;3.2.2&#8243; header_font=&#8221;||||||||&#8221; header_font_size=&#8221;24px&#8221; header_2_font=&#8221;Raleway|800|||||||&#8221; header_2_text_align=&#8221;left&#8221; header_2_font_size=&#8221;50px&#8221; header_2_font_size_tablet=&#8221;30px&#8221; header_2_font_size_phone=&#8221;23px&#8221; header_2_font_size_last_edited=&#8221;on|phone&#8221; header_2_line_height=&#8221;1.1em&#8221; header_2_line_height_last_edited=&#8221;on|desktop&#8221;]<\/p>\n<h4 style=\"text-align: center;\"><strong>Gracias a la cordial invitaci\u00f3n de:<\/strong><\/h4>\n<p>[\/et_pb_text][\/et_pb_column][\/et_pb_row][et_pb_row _builder_version=&#8221;3.2.2&#8243;][et_pb_column type=&#8221;1_3&#8243; _builder_version=&#8221;3.0.47&#8243; parallax=&#8221;off&#8221; parallax_method=&#8221;on&#8221;][et_pb_image src=&#8221;http:\/\/www.galileo.edu\/page\/wp-content\/uploads\/2019\/05\/Olimpiadas-matematicas.png&#8221; align=&#8221;center&#8221; _builder_version=&#8221;3.2.2&#8243;][\/et_pb_image][\/et_pb_column][et_pb_column type=&#8221;1_3&#8243; _builder_version=&#8221;3.0.47&#8243; parallax=&#8221;off&#8221; parallax_method=&#8221;on&#8221;][et_pb_image src=&#8221;http:\/\/www.galileo.edu\/page\/wp-content\/uploads\/2019\/05\/asociacion-de-matematicos.png&#8221; align=&#8221;center&#8221; _builder_version=&#8221;3.2.2&#8243;][\/et_pb_image][\/et_pb_column][et_pb_column type=&#8221;1_3&#8243; _builder_version=&#8221;3.0.47&#8243; parallax=&#8221;off&#8221; parallax_method=&#8221;on&#8221;][et_pb_image src=&#8221;http:\/\/www.galileo.edu\/page\/wp-content\/uploads\/2019\/05\/Logo-Galileo-250&#215;100.png&#8221; align=&#8221;center&#8221; _builder_version=&#8221;3.2.2&#8243;][\/et_pb_image][\/et_pb_column][\/et_pb_row][\/et_pb_section]<\/p>\n","protected":false},"excerpt":{"rendered":"<p>C\u00f3digo de Honor Ol\u00edmpico C\u00f3digo de Honor Ol\u00edmpico La Olimpiada de Mayo es un reto, una oportunidad de medirse, ejercitar la mente y aprender, por lo que el estudiante debe comprometerse a dar lo mejor de s\u00ed mismo, siendo honesto con lo que sabe y puede lograr. Para que la competencia sea sana, divertida y [&hellip;]<\/p>\n","protected":false},"author":9,"featured_media":0,"parent":13644,"menu_order":0,"comment_status":"closed","ping_status":"closed","template":"page-template-blank.php","meta":{"_et_pb_use_builder":"on","_et_pb_old_content":"","_et_gb_content_width":""},"yoast_head":"<!-- This site is optimized with the Yoast SEO plugin v20.13 - https:\/\/yoast.com\/wordpress\/plugins\/seo\/ -->\n<title>C\u00f3digo de Honor Ol\u00edmpico - Universidad Galileo<\/title>\n<meta name=\"description\" content=\"Inscr\u00edbete en las Olimpiadas de matem\u00e1tica de este 28 de mayo si tienes entre 13 y 15 a\u00f1os. Participa, \u00a1hay premios espectaculares!\" \/>\n<meta name=\"robots\" content=\"index, follow, max-snippet:-1, max-image-preview:large, max-video-preview:-1\" \/>\n<link rel=\"canonical\" href=\"https:\/\/www.galileo.edu\/page\/olimpiada-mayo\/codigo-de-honor-olimpico\/\" \/>\n<meta property=\"og:locale\" content=\"en_US\" \/>\n<meta property=\"og:type\" content=\"article\" \/>\n<meta property=\"og:title\" content=\"C\u00f3digo de Honor Ol\u00edmpico - Universidad Galileo\" \/>\n<meta property=\"og:description\" content=\"Inscr\u00edbete en las Olimpiadas de matem\u00e1tica de este 28 de mayo si tienes entre 13 y 15 a\u00f1os. Participa, \u00a1hay premios espectaculares!\" \/>\n<meta property=\"og:url\" content=\"https:\/\/www.galileo.edu\/page\/olimpiada-mayo\/codigo-de-honor-olimpico\/\" \/>\n<meta property=\"og:site_name\" content=\"Universidad Galileo\" \/>\n<meta property=\"article:modified_time\" content=\"2020-04-01T00:16:59+00:00\" \/>\n<meta property=\"og:image\" content=\"http:\/\/www.galileo.edu\/page\/wp-content\/uploads\/2019\/05\/smartphone-1-150x150.png\" \/>\n<meta name=\"twitter:card\" content=\"summary_large_image\" \/>\n<meta name=\"twitter:label1\" content=\"Est. reading time\" \/>\n\t<meta name=\"twitter:data1\" content=\"7 minutes\" \/>\n<script type=\"application\/ld+json\" class=\"yoast-schema-graph\">{\"@context\":\"https:\/\/schema.org\",\"@graph\":[{\"@type\":\"WebPage\",\"@id\":\"https:\/\/www.galileo.edu\/page\/olimpiada-mayo\/codigo-de-honor-olimpico\/\",\"url\":\"https:\/\/www.galileo.edu\/page\/olimpiada-mayo\/codigo-de-honor-olimpico\/\",\"name\":\"C\u00f3digo de Honor Ol\u00edmpico - Universidad Galileo\",\"isPartOf\":{\"@id\":\"https:\/\/www.galileo.edu\/page\/#website\"},\"datePublished\":\"2020-03-26T16:07:33+00:00\",\"dateModified\":\"2020-04-01T00:16:59+00:00\",\"description\":\"Inscr\u00edbete en las Olimpiadas de matem\u00e1tica de este 28 de mayo si tienes entre 13 y 15 a\u00f1os. Participa, \u00a1hay premios espectaculares!\",\"breadcrumb\":{\"@id\":\"https:\/\/www.galileo.edu\/page\/olimpiada-mayo\/codigo-de-honor-olimpico\/#breadcrumb\"},\"inLanguage\":\"en-US\",\"potentialAction\":[{\"@type\":\"ReadAction\",\"target\":[\"https:\/\/www.galileo.edu\/page\/olimpiada-mayo\/codigo-de-honor-olimpico\/\"]}]},{\"@type\":\"BreadcrumbList\",\"@id\":\"https:\/\/www.galileo.edu\/page\/olimpiada-mayo\/codigo-de-honor-olimpico\/#breadcrumb\",\"itemListElement\":[{\"@type\":\"ListItem\",\"position\":1,\"name\":\"Home\",\"item\":\"https:\/\/www.galileo.edu\/page\/home\/\"},{\"@type\":\"ListItem\",\"position\":2,\"name\":\"Olimpiada de Mayo Guatemala\",\"item\":\"https:\/\/www.galileo.edu\/page\/olimpiada-mayo\/\"},{\"@type\":\"ListItem\",\"position\":3,\"name\":\"Olimpiada de mayo 2020 &#8211; C\u00f3digo de Honor Ol\u00edmpico\"}]},{\"@type\":\"WebSite\",\"@id\":\"https:\/\/www.galileo.edu\/page\/#website\",\"url\":\"https:\/\/www.galileo.edu\/page\/\",\"name\":\"Universidad Galileo\",\"description\":\"La revoluci\u00f3n en la educaci\u00f3n\",\"potentialAction\":[{\"@type\":\"SearchAction\",\"target\":{\"@type\":\"EntryPoint\",\"urlTemplate\":\"https:\/\/www.galileo.edu\/page\/?s={search_term_string}\"},\"query-input\":\"required name=search_term_string\"}],\"inLanguage\":\"en-US\"}]}<\/script>\n<!-- \/ Yoast SEO plugin. -->","yoast_head_json":{"title":"C\u00f3digo de Honor Ol\u00edmpico - Universidad Galileo","description":"Inscr\u00edbete en las Olimpiadas de matem\u00e1tica de este 28 de mayo si tienes entre 13 y 15 a\u00f1os. Participa, \u00a1hay premios espectaculares!","robots":{"index":"index","follow":"follow","max-snippet":"max-snippet:-1","max-image-preview":"max-image-preview:large","max-video-preview":"max-video-preview:-1"},"canonical":"https:\/\/www.galileo.edu\/page\/olimpiada-mayo\/codigo-de-honor-olimpico\/","og_locale":"en_US","og_type":"article","og_title":"C\u00f3digo de Honor Ol\u00edmpico - Universidad Galileo","og_description":"Inscr\u00edbete en las Olimpiadas de matem\u00e1tica de este 28 de mayo si tienes entre 13 y 15 a\u00f1os. Participa, \u00a1hay premios espectaculares!","og_url":"https:\/\/www.galileo.edu\/page\/olimpiada-mayo\/codigo-de-honor-olimpico\/","og_site_name":"Universidad Galileo","article_modified_time":"2020-04-01T00:16:59+00:00","og_image":[{"url":"http:\/\/www.galileo.edu\/page\/wp-content\/uploads\/2019\/05\/smartphone-1-150x150.png"}],"twitter_card":"summary_large_image","twitter_misc":{"Est. reading time":"7 minutes"},"schema":{"@context":"https:\/\/schema.org","@graph":[{"@type":"WebPage","@id":"https:\/\/www.galileo.edu\/page\/olimpiada-mayo\/codigo-de-honor-olimpico\/","url":"https:\/\/www.galileo.edu\/page\/olimpiada-mayo\/codigo-de-honor-olimpico\/","name":"C\u00f3digo de Honor Ol\u00edmpico - Universidad Galileo","isPartOf":{"@id":"https:\/\/www.galileo.edu\/page\/#website"},"datePublished":"2020-03-26T16:07:33+00:00","dateModified":"2020-04-01T00:16:59+00:00","description":"Inscr\u00edbete en las Olimpiadas de matem\u00e1tica de este 28 de mayo si tienes entre 13 y 15 a\u00f1os. Participa, \u00a1hay premios espectaculares!","breadcrumb":{"@id":"https:\/\/www.galileo.edu\/page\/olimpiada-mayo\/codigo-de-honor-olimpico\/#breadcrumb"},"inLanguage":"en-US","potentialAction":[{"@type":"ReadAction","target":["https:\/\/www.galileo.edu\/page\/olimpiada-mayo\/codigo-de-honor-olimpico\/"]}]},{"@type":"BreadcrumbList","@id":"https:\/\/www.galileo.edu\/page\/olimpiada-mayo\/codigo-de-honor-olimpico\/#breadcrumb","itemListElement":[{"@type":"ListItem","position":1,"name":"Home","item":"https:\/\/www.galileo.edu\/page\/home\/"},{"@type":"ListItem","position":2,"name":"Olimpiada de Mayo Guatemala","item":"https:\/\/www.galileo.edu\/page\/olimpiada-mayo\/"},{"@type":"ListItem","position":3,"name":"Olimpiada de mayo 2020 &#8211; C\u00f3digo de Honor Ol\u00edmpico"}]},{"@type":"WebSite","@id":"https:\/\/www.galileo.edu\/page\/#website","url":"https:\/\/www.galileo.edu\/page\/","name":"Universidad Galileo","description":"La revoluci\u00f3n en la educaci\u00f3n","potentialAction":[{"@type":"SearchAction","target":{"@type":"EntryPoint","urlTemplate":"https:\/\/www.galileo.edu\/page\/?s={search_term_string}"},"query-input":"required name=search_term_string"}],"inLanguage":"en-US"}]}},"_links":{"self":[{"href":"https:\/\/www.galileo.edu\/page\/wp-json\/wp\/v2\/pages\/20344"}],"collection":[{"href":"https:\/\/www.galileo.edu\/page\/wp-json\/wp\/v2\/pages"}],"about":[{"href":"https:\/\/www.galileo.edu\/page\/wp-json\/wp\/v2\/types\/page"}],"author":[{"embeddable":true,"href":"https:\/\/www.galileo.edu\/page\/wp-json\/wp\/v2\/users\/9"}],"replies":[{"embeddable":true,"href":"https:\/\/www.galileo.edu\/page\/wp-json\/wp\/v2\/comments?post=20344"}],"version-history":[{"count":21,"href":"https:\/\/www.galileo.edu\/page\/wp-json\/wp\/v2\/pages\/20344\/revisions"}],"predecessor-version":[{"id":20846,"href":"https:\/\/www.galileo.edu\/page\/wp-json\/wp\/v2\/pages\/20344\/revisions\/20846"}],"up":[{"embeddable":true,"href":"https:\/\/www.galileo.edu\/page\/wp-json\/wp\/v2\/pages\/13644"}],"wp:attachment":[{"href":"https:\/\/www.galileo.edu\/page\/wp-json\/wp\/v2\/media?parent=20344"}],"curies":[{"name":"wp","href":"https:\/\/api.w.org\/{rel}","templated":true}]}}