{"id":14039,"date":"2019-06-19T18:53:43","date_gmt":"2019-06-19T18:53:43","guid":{"rendered":"http:\/\/www.galileo.edu\/page\/?page_id=14039"},"modified":"2019-06-19T20:50:20","modified_gmt":"2019-06-19T20:50:20","slug":"registro-curso-introduccion-al-marketing-en-salud","status":"publish","type":"page","link":"https:\/\/www.galileo.edu\/page\/registro-curso-introduccion-al-marketing-en-salud\/","title":{"rendered":"Registro Curso Introducci\u00f3n al marketing en salud &#8211; Universidad Galileo"},"content":{"rendered":"<p>[et_pb_section fb_built=&#8221;1&#8243; _builder_version=&#8221;3.0.47&#8243;][et_pb_row _builder_version=&#8221;3.0.47&#8243; background_size=&#8221;initial&#8221; background_position=&#8221;top_left&#8221; background_repeat=&#8221;repeat&#8221;][et_pb_column type=&#8221;1_2&#8243; _builder_version=&#8221;3.0.47&#8243; parallax=&#8221;off&#8221; parallax_method=&#8221;on&#8221;][et_pb_text _builder_version=&#8221;3.2.2&#8243; text_font=&#8221;Raleway|700|||||||&#8221; text_font_size=&#8221;35px&#8221; header_font=&#8221;Raleway|700|||||||&#8221; header_font_size=&#8221;35px&#8221; header_font_size_last_edited=&#8221;on|desktop&#8221; header_line_height=&#8221;1.1em&#8221;]<\/p>\n<h1>Gracias por solicitar informaci\u00f3n del Curso Introducci\u00f3n al marketing en salud<\/h1>\n<p>[\/et_pb_text][\/et_pb_column][et_pb_column type=&#8221;1_2&#8243; _builder_version=&#8221;3.0.47&#8243; parallax=&#8221;off&#8221; parallax_method=&#8221;on&#8221;][et_pb_text _builder_version=&#8221;3.2.2&#8243;]<\/p>\n<p>En pocos minutos recibir\u00e1s un correo electr\u00f3nico con m\u00e1s detalles sobre el curso. \u00a1Agenda las fechas e inscr\u00edbete!<\/p>\n<p>&#x1f4c5; S\u00e1bados 13 y 20 de julio<br \/> \u23f0 De 8 a 17 horas<br \/> &#x1f4cd; Campus central de Universidad Galileo<\/p>\n<p>[\/et_pb_text][\/et_pb_column][\/et_pb_row][et_pb_row _builder_version=&#8221;3.2.2&#8243; module_alignment=&#8221;center&#8221;][et_pb_column type=&#8221;4_4&#8243; _builder_version=&#8221;3.2.2&#8243; parallax=&#8221;off&#8221; parallax_method=&#8221;on&#8221;][et_pb_button button_url=&#8221;https:\/\/eventos.galileo.edu\/detalle\/153&#8243; button_text=&#8221;Inscr\u00edbete aqu\u00ed&#8221; button_alignment=&#8221;center&#8221; _builder_version=&#8221;3.2.2&#8243; box_shadow_style=&#8221;preset2&#8243;][\/et_pb_button][\/et_pb_column][\/et_pb_row][et_pb_row _builder_version=&#8221;3.2.2&#8243;][et_pb_column type=&#8221;4_4&#8243; _builder_version=&#8221;3.2.2&#8243; parallax=&#8221;off&#8221; parallax_method=&#8221;on&#8221;][et_pb_text _builder_version=&#8221;3.2.2&#8243;]<\/p>\n<p style=\"text-align: center;\">Si deseas resolver dudas, comun\u00edcate. \u00a1Ser\u00e1 un gusto atenderte!<\/p>\n<p>[\/et_pb_text][\/et_pb_column][\/et_pb_row][et_pb_row _builder_version=&#8221;3.2.2&#8243;][et_pb_column type=&#8221;1_4&#8243; _builder_version=&#8221;3.0.47&#8243; parallax=&#8221;off&#8221; parallax_method=&#8221;on&#8221;][et_pb_blurb title=&#8221;WhatsApp&#8221; image=&#8221;http:\/\/www.galileo.edu\/page\/wp-content\/uploads\/2019\/05\/smartphone-1.png&#8221; image_max_width=&#8221;25%&#8221; _builder_version=&#8221;3.2.2&#8243; header_font=&#8221;||||||||&#8221; header_text_align=&#8221;center&#8221; body_font=&#8221;||||||||&#8221; body_text_align=&#8221;center&#8221; text_orientation=&#8221;center&#8221;]<\/p>\n<p style=\"text-align: center;\">+502 5976 3418<\/p>\n<p>[\/et_pb_blurb][\/et_pb_column][et_pb_column type=&#8221;1_4&#8243; _builder_version=&#8221;3.0.47&#8243; parallax=&#8221;off&#8221; parallax_method=&#8221;on&#8221;][et_pb_blurb title=&#8221;PBX&#8221; image=&#8221;http:\/\/www.galileo.edu\/page\/wp-content\/uploads\/2019\/05\/telephone.png&#8221; image_max_width=&#8221;25%&#8221; _builder_version=&#8221;3.2.2&#8243; header_font=&#8221;||||||||&#8221; header_text_align=&#8221;center&#8221; body_font=&#8221;||||||||&#8221; body_text_align=&#8221;center&#8221; text_orientation=&#8221;center&#8221;]<\/p>\n<p style=\"text-align: center;\">+502 2423-8000 extensi\u00f3n: 7412<\/p>\n<p>[\/et_pb_blurb][\/et_pb_column][et_pb_column type=&#8221;1_4&#8243; _builder_version=&#8221;3.0.47&#8243; parallax=&#8221;off&#8221; parallax_method=&#8221;on&#8221;][et_pb_blurb title=&#8221;Correo electr\u00f3nico&#8221; image=&#8221;http:\/\/www.galileo.edu\/page\/wp-content\/uploads\/2019\/05\/mail-1.png&#8221; image_max_width=&#8221;25%&#8221; _builder_version=&#8221;3.2.2&#8243; header_font=&#8221;||||||||&#8221; header_text_align=&#8221;center&#8221; body_font=&#8221;||||||||&#8221; body_text_align=&#8221;center&#8221; text_orientation=&#8221;center&#8221;]<\/p>\n<p style=\"text-align: center;\"><a href=\"mailto:fabiqconsultas@galileo.edu\">fabiqconsultas@galileo.edu<\/a><\/p>\n<p>[\/et_pb_blurb][\/et_pb_column][et_pb_column type=&#8221;1_4&#8243; _builder_version=&#8221;3.0.47&#8243; parallax=&#8221;off&#8221; parallax_method=&#8221;on&#8221;][et_pb_blurb title=&#8221;Direcci\u00f3n&#8221; image=&#8221;http:\/\/www.galileo.edu\/page\/wp-content\/uploads\/2019\/05\/placeholder-1.png&#8221; image_max_width=&#8221;25%&#8221; _builder_version=&#8221;3.2.2&#8243; header_font=&#8221;||||||||&#8221; header_text_align=&#8221;center&#8221; body_font=&#8221;||||||||&#8221; body_text_align=&#8221;center&#8221; text_orientation=&#8221;center&#8221;]7a avenida calle Dr. Eduardo Suger Cofi\u00f1o zona 10, campus central Universidad Galileo<br \/>\n[\/et_pb_blurb][\/et_pb_column][\/et_pb_row][et_pb_row custom_padding=&#8221;60px|0px|27px|0px|false|false&#8221; _builder_version=&#8221;3.2.2&#8243;][et_pb_column type=&#8221;4_4&#8243; _builder_version=&#8221;3.0.47&#8243; parallax=&#8221;off&#8221; parallax_method=&#8221;on&#8221;][et_pb_image src=&#8221;http:\/\/www.galileo.edu\/page\/wp-content\/uploads\/2019\/04\/Logo-Galileo.png&#8221; align=&#8221;center&#8221; _builder_version=&#8221;3.2.2&#8243; max_width=&#8221;50%&#8221;][\/et_pb_image][\/et_pb_column][\/et_pb_row][\/et_pb_section]<\/p>\n","protected":false},"excerpt":{"rendered":"<p>Gracias por solicitar informaci\u00f3n del Curso Introducci\u00f3n al marketing en saludEn pocos minutos recibir\u00e1s un correo electr\u00f3nico con m\u00e1s detalles sobre el curso. \u00a1Agenda las fechas e inscr\u00edbete! &#x1f4c5; S\u00e1bados 13 y 20 de julio \u23f0 De 8 a 17 horas &#x1f4cd; Campus central de Universidad GalileoSi deseas resolver dudas, comun\u00edcate. \u00a1Ser\u00e1 un gusto atenderte! [&hellip;]<\/p>\n","protected":false},"author":12,"featured_media":0,"parent":0,"menu_order":0,"comment_status":"closed","ping_status":"closed","template":"page-template-blank.php","meta":{"_et_pb_use_builder":"on","_et_pb_old_content":"","_et_gb_content_width":""},"yoast_head":"<!-- This site is optimized with the Yoast SEO plugin v20.13 - https:\/\/yoast.com\/wordpress\/plugins\/seo\/ -->\n<title>Registro Curso Introducci\u00f3n al marketing en salud - Universidad Galileo<\/title>\n<meta name=\"description\" content=\"Gracias por solicitar informaci\u00f3n sobre el Curso Introducci\u00f3n al marketing en salud. En tu correo electr\u00f3nico recibir\u00e1s todos los detalles. \u00a1Inscr\u00edbete!\" \/>\n<meta name=\"robots\" content=\"index, follow, max-snippet:-1, max-image-preview:large, max-video-preview:-1\" \/>\n<link rel=\"canonical\" href=\"https:\/\/www.galileo.edu\/page\/registro-curso-introduccion-al-marketing-en-salud\/\" \/>\n<meta property=\"og:locale\" content=\"en_US\" \/>\n<meta property=\"og:type\" content=\"article\" \/>\n<meta property=\"og:title\" content=\"Registro Curso Introducci\u00f3n al marketing en salud - Universidad Galileo\" \/>\n<meta property=\"og:description\" content=\"Gracias por solicitar informaci\u00f3n sobre el Curso Introducci\u00f3n al marketing en salud. En tu correo electr\u00f3nico recibir\u00e1s todos los detalles. \u00a1Inscr\u00edbete!\" \/>\n<meta property=\"og:url\" content=\"https:\/\/www.galileo.edu\/page\/registro-curso-introduccion-al-marketing-en-salud\/\" \/>\n<meta property=\"og:site_name\" content=\"Universidad Galileo\" \/>\n<meta property=\"article:modified_time\" content=\"2019-06-19T20:50:20+00:00\" \/>\n<meta name=\"twitter:card\" content=\"summary_large_image\" \/>\n<meta name=\"twitter:label1\" content=\"Est. reading time\" \/>\n\t<meta name=\"twitter:data1\" content=\"3 minutes\" \/>\n<script type=\"application\/ld+json\" class=\"yoast-schema-graph\">{\"@context\":\"https:\/\/schema.org\",\"@graph\":[{\"@type\":\"WebPage\",\"@id\":\"https:\/\/www.galileo.edu\/page\/registro-curso-introduccion-al-marketing-en-salud\/\",\"url\":\"https:\/\/www.galileo.edu\/page\/registro-curso-introduccion-al-marketing-en-salud\/\",\"name\":\"Registro Curso Introducci\u00f3n al marketing en salud - Universidad Galileo\",\"isPartOf\":{\"@id\":\"https:\/\/www.galileo.edu\/page\/#website\"},\"datePublished\":\"2019-06-19T18:53:43+00:00\",\"dateModified\":\"2019-06-19T20:50:20+00:00\",\"description\":\"Gracias por solicitar informaci\u00f3n sobre el Curso Introducci\u00f3n al marketing en salud. En tu correo electr\u00f3nico recibir\u00e1s todos los detalles. \u00a1Inscr\u00edbete!\",\"breadcrumb\":{\"@id\":\"https:\/\/www.galileo.edu\/page\/registro-curso-introduccion-al-marketing-en-salud\/#breadcrumb\"},\"inLanguage\":\"en-US\",\"potentialAction\":[{\"@type\":\"ReadAction\",\"target\":[\"https:\/\/www.galileo.edu\/page\/registro-curso-introduccion-al-marketing-en-salud\/\"]}]},{\"@type\":\"BreadcrumbList\",\"@id\":\"https:\/\/www.galileo.edu\/page\/registro-curso-introduccion-al-marketing-en-salud\/#breadcrumb\",\"itemListElement\":[{\"@type\":\"ListItem\",\"position\":1,\"name\":\"Home\",\"item\":\"https:\/\/www.galileo.edu\/page\/home\/\"},{\"@type\":\"ListItem\",\"position\":2,\"name\":\"Registro Curso Introducci\u00f3n al marketing en salud &#8211; Universidad Galileo\"}]},{\"@type\":\"WebSite\",\"@id\":\"https:\/\/www.galileo.edu\/page\/#website\",\"url\":\"https:\/\/www.galileo.edu\/page\/\",\"name\":\"Universidad Galileo\",\"description\":\"La revoluci\u00f3n en la educaci\u00f3n\",\"potentialAction\":[{\"@type\":\"SearchAction\",\"target\":{\"@type\":\"EntryPoint\",\"urlTemplate\":\"https:\/\/www.galileo.edu\/page\/?s={search_term_string}\"},\"query-input\":\"required name=search_term_string\"}],\"inLanguage\":\"en-US\"}]}<\/script>\n<!-- \/ Yoast SEO plugin. -->","yoast_head_json":{"title":"Registro Curso Introducci\u00f3n al marketing en salud - Universidad Galileo","description":"Gracias por solicitar informaci\u00f3n sobre el Curso Introducci\u00f3n al marketing en salud. En tu correo electr\u00f3nico recibir\u00e1s todos los detalles. \u00a1Inscr\u00edbete!","robots":{"index":"index","follow":"follow","max-snippet":"max-snippet:-1","max-image-preview":"max-image-preview:large","max-video-preview":"max-video-preview:-1"},"canonical":"https:\/\/www.galileo.edu\/page\/registro-curso-introduccion-al-marketing-en-salud\/","og_locale":"en_US","og_type":"article","og_title":"Registro Curso Introducci\u00f3n al marketing en salud - Universidad Galileo","og_description":"Gracias por solicitar informaci\u00f3n sobre el Curso Introducci\u00f3n al marketing en salud. En tu correo electr\u00f3nico recibir\u00e1s todos los detalles. \u00a1Inscr\u00edbete!","og_url":"https:\/\/www.galileo.edu\/page\/registro-curso-introduccion-al-marketing-en-salud\/","og_site_name":"Universidad Galileo","article_modified_time":"2019-06-19T20:50:20+00:00","twitter_card":"summary_large_image","twitter_misc":{"Est. reading time":"3 minutes"},"schema":{"@context":"https:\/\/schema.org","@graph":[{"@type":"WebPage","@id":"https:\/\/www.galileo.edu\/page\/registro-curso-introduccion-al-marketing-en-salud\/","url":"https:\/\/www.galileo.edu\/page\/registro-curso-introduccion-al-marketing-en-salud\/","name":"Registro Curso Introducci\u00f3n al marketing en salud - Universidad Galileo","isPartOf":{"@id":"https:\/\/www.galileo.edu\/page\/#website"},"datePublished":"2019-06-19T18:53:43+00:00","dateModified":"2019-06-19T20:50:20+00:00","description":"Gracias por solicitar informaci\u00f3n sobre el Curso Introducci\u00f3n al marketing en salud. En tu correo electr\u00f3nico recibir\u00e1s todos los detalles. \u00a1Inscr\u00edbete!","breadcrumb":{"@id":"https:\/\/www.galileo.edu\/page\/registro-curso-introduccion-al-marketing-en-salud\/#breadcrumb"},"inLanguage":"en-US","potentialAction":[{"@type":"ReadAction","target":["https:\/\/www.galileo.edu\/page\/registro-curso-introduccion-al-marketing-en-salud\/"]}]},{"@type":"BreadcrumbList","@id":"https:\/\/www.galileo.edu\/page\/registro-curso-introduccion-al-marketing-en-salud\/#breadcrumb","itemListElement":[{"@type":"ListItem","position":1,"name":"Home","item":"https:\/\/www.galileo.edu\/page\/home\/"},{"@type":"ListItem","position":2,"name":"Registro Curso Introducci\u00f3n al marketing en salud &#8211; Universidad Galileo"}]},{"@type":"WebSite","@id":"https:\/\/www.galileo.edu\/page\/#website","url":"https:\/\/www.galileo.edu\/page\/","name":"Universidad Galileo","description":"La revoluci\u00f3n en la educaci\u00f3n","potentialAction":[{"@type":"SearchAction","target":{"@type":"EntryPoint","urlTemplate":"https:\/\/www.galileo.edu\/page\/?s={search_term_string}"},"query-input":"required name=search_term_string"}],"inLanguage":"en-US"}]}},"_links":{"self":[{"href":"https:\/\/www.galileo.edu\/page\/wp-json\/wp\/v2\/pages\/14039"}],"collection":[{"href":"https:\/\/www.galileo.edu\/page\/wp-json\/wp\/v2\/pages"}],"about":[{"href":"https:\/\/www.galileo.edu\/page\/wp-json\/wp\/v2\/types\/page"}],"author":[{"embeddable":true,"href":"https:\/\/www.galileo.edu\/page\/wp-json\/wp\/v2\/users\/12"}],"replies":[{"embeddable":true,"href":"https:\/\/www.galileo.edu\/page\/wp-json\/wp\/v2\/comments?post=14039"}],"version-history":[{"count":3,"href":"https:\/\/www.galileo.edu\/page\/wp-json\/wp\/v2\/pages\/14039\/revisions"}],"predecessor-version":[{"id":14078,"href":"https:\/\/www.galileo.edu\/page\/wp-json\/wp\/v2\/pages\/14039\/revisions\/14078"}],"wp:attachment":[{"href":"https:\/\/www.galileo.edu\/page\/wp-json\/wp\/v2\/media?parent=14039"}],"curies":[{"name":"wp","href":"https:\/\/api.w.org\/{rel}","templated":true}]}}