{"id":13111,"date":"2019-05-03T21:47:02","date_gmt":"2019-05-03T21:47:02","guid":{"rendered":"http:\/\/www.galileo.edu\/page\/?page_id=13111"},"modified":"2019-05-25T00:14:46","modified_gmt":"2019-05-25T00:14:46","slug":"olimpiadas-matematica","status":"publish","type":"page","link":"https:\/\/www.galileo.edu\/page\/olimpiadas-matematica\/","title":{"rendered":"Olimpiadas matem\u00e1tica"},"content":{"rendered":"","protected":true},"excerpt":{"rendered":"","protected":true},"author":12,"featured_media":0,"parent":0,"menu_order":0,"comment_status":"closed","ping_status":"closed","template":"page-template-blank.php","meta":{"_et_pb_use_builder":"on","_et_pb_old_content":"","_et_gb_content_width":""},"yoast_head":"<!-- This site is optimized with the Yoast SEO plugin v20.13 - https:\/\/yoast.com\/wordpress\/plugins\/seo\/ -->\n<title>Olimpiadas de matem\u00e1tica 28 de mayo 2019 - Universidad Galileo<\/title>\n<meta name=\"description\" content=\"Inscr\u00edbete en las Olimpiadas de matem\u00e1tica de este 28 de mayo si tienes entre 13 y 15 a\u00f1os. Participa, \u00a1hay premios espectaculares!\" \/>\n<meta name=\"robots\" content=\"index, follow, max-snippet:-1, max-image-preview:large, max-video-preview:-1\" \/>\n<link rel=\"canonical\" href=\"https:\/\/www.galileo.edu\/page\/olimpiadas-matematica\/\" \/>\n<meta property=\"og:locale\" content=\"en_US\" \/>\n<meta property=\"og:type\" content=\"article\" \/>\n<meta property=\"og:title\" content=\"Olimpiadas de matem\u00e1tica 28 de mayo 2019 - Universidad Galileo\" \/>\n<meta property=\"og:description\" content=\"Inscr\u00edbete en las Olimpiadas de matem\u00e1tica de este 28 de mayo si tienes entre 13 y 15 a\u00f1os. Participa, \u00a1hay premios espectaculares!\" \/>\n<meta property=\"og:url\" content=\"https:\/\/www.galileo.edu\/page\/olimpiadas-matematica\/\" \/>\n<meta property=\"og:site_name\" content=\"Universidad Galileo\" \/>\n<meta property=\"article:modified_time\" content=\"2019-05-25T00:14:46+00:00\" \/>\n<meta name=\"twitter:card\" content=\"summary_large_image\" \/>\n<meta name=\"twitter:label1\" content=\"Est. reading time\" \/>\n\t<meta name=\"twitter:data1\" content=\"19 minutes\" \/>\n<script type=\"application\/ld+json\" class=\"yoast-schema-graph\">{\"@context\":\"https:\/\/schema.org\",\"@graph\":[{\"@type\":\"WebPage\",\"@id\":\"https:\/\/www.galileo.edu\/page\/olimpiadas-matematica\/\",\"url\":\"https:\/\/www.galileo.edu\/page\/olimpiadas-matematica\/\",\"name\":\"Olimpiadas de matem\u00e1tica 28 de mayo 2019 - Universidad Galileo\",\"isPartOf\":{\"@id\":\"https:\/\/www.galileo.edu\/page\/#website\"},\"datePublished\":\"2019-05-03T21:47:02+00:00\",\"dateModified\":\"2019-05-25T00:14:46+00:00\",\"breadcrumb\":{\"@id\":\"https:\/\/www.galileo.edu\/page\/olimpiadas-matematica\/#breadcrumb\"},\"inLanguage\":\"en-US\"},{\"@type\":\"WebSite\",\"@id\":\"https:\/\/www.galileo.edu\/page\/#website\",\"url\":\"https:\/\/www.galileo.edu\/page\/\",\"name\":\"Universidad Galileo\",\"description\":\"La revoluci\u00f3n en la educaci\u00f3n\",\"potentialAction\":[{\"@type\":\"SearchAction\",\"target\":{\"@type\":\"EntryPoint\",\"urlTemplate\":\"https:\/\/www.galileo.edu\/page\/?s={search_term_string}\"},\"query-input\":\"required name=search_term_string\"}],\"inLanguage\":\"en-US\"}]}<\/script>\n<!-- \/ Yoast SEO plugin. -->","yoast_head_json":{"title":"Olimpiadas de matem\u00e1tica 28 de mayo 2019 - Universidad Galileo","description":"Inscr\u00edbete en las Olimpiadas de matem\u00e1tica de este 28 de mayo si tienes entre 13 y 15 a\u00f1os. Participa, \u00a1hay premios espectaculares!","robots":{"index":"index","follow":"follow","max-snippet":"max-snippet:-1","max-image-preview":"max-image-preview:large","max-video-preview":"max-video-preview:-1"},"canonical":"https:\/\/www.galileo.edu\/page\/olimpiadas-matematica\/","og_locale":"en_US","og_type":"article","og_title":"Olimpiadas de matem\u00e1tica 28 de mayo 2019 - Universidad Galileo","og_description":"Inscr\u00edbete en las Olimpiadas de matem\u00e1tica de este 28 de mayo si tienes entre 13 y 15 a\u00f1os. Participa, \u00a1hay premios espectaculares!","og_url":"https:\/\/www.galileo.edu\/page\/olimpiadas-matematica\/","og_site_name":"Universidad Galileo","article_modified_time":"2019-05-25T00:14:46+00:00","twitter_card":"summary_large_image","twitter_misc":{"Est. reading time":"19 minutes"},"schema":{"@context":"https:\/\/schema.org","@graph":[{"@type":"WebPage","@id":"https:\/\/www.galileo.edu\/page\/olimpiadas-matematica\/","url":"https:\/\/www.galileo.edu\/page\/olimpiadas-matematica\/","name":"Olimpiadas de matem\u00e1tica 28 de mayo 2019 - Universidad Galileo","isPartOf":{"@id":"https:\/\/www.galileo.edu\/page\/#website"},"datePublished":"2019-05-03T21:47:02+00:00","dateModified":"2019-05-25T00:14:46+00:00","breadcrumb":{"@id":"https:\/\/www.galileo.edu\/page\/olimpiadas-matematica\/#breadcrumb"},"inLanguage":"en-US"},{"@type":"WebSite","@id":"https:\/\/www.galileo.edu\/page\/#website","url":"https:\/\/www.galileo.edu\/page\/","name":"Universidad Galileo","description":"La revoluci\u00f3n en la educaci\u00f3n","potentialAction":[{"@type":"SearchAction","target":{"@type":"EntryPoint","urlTemplate":"https:\/\/www.galileo.edu\/page\/?s={search_term_string}"},"query-input":"required name=search_term_string"}],"inLanguage":"en-US"}]}},"_links":{"self":[{"href":"https:\/\/www.galileo.edu\/page\/wp-json\/wp\/v2\/pages\/13111"}],"collection":[{"href":"https:\/\/www.galileo.edu\/page\/wp-json\/wp\/v2\/pages"}],"about":[{"href":"https:\/\/www.galileo.edu\/page\/wp-json\/wp\/v2\/types\/page"}],"author":[{"embeddable":true,"href":"https:\/\/www.galileo.edu\/page\/wp-json\/wp\/v2\/users\/12"}],"replies":[{"embeddable":true,"href":"https:\/\/www.galileo.edu\/page\/wp-json\/wp\/v2\/comments?post=13111"}],"version-history":[{"count":52,"href":"https:\/\/www.galileo.edu\/page\/wp-json\/wp\/v2\/pages\/13111\/revisions"}],"predecessor-version":[{"id":13664,"href":"https:\/\/www.galileo.edu\/page\/wp-json\/wp\/v2\/pages\/13111\/revisions\/13664"}],"wp:attachment":[{"href":"https:\/\/www.galileo.edu\/page\/wp-json\/wp\/v2\/media?parent=13111"}],"curies":[{"name":"wp","href":"https:\/\/api.w.org\/{rel}","templated":true}]}}