{"id":102045,"date":"2026-04-14T23:49:31","date_gmt":"2026-04-14T23:49:31","guid":{"rendered":"https:\/\/www.galileo.edu\/page\/?page_id=102045"},"modified":"2026-04-15T22:24:30","modified_gmt":"2026-04-15T22:24:30","slug":"gracias-lado-humano-cambio-digital","status":"publish","type":"page","link":"https:\/\/www.galileo.edu\/page\/gracias-lado-humano-cambio-digital\/","title":{"rendered":"Gracias Webinar El lado humano del Cambio Digital \u2013 Universidad Galileo"},"content":{"rendered":"<p>[et_pb_section fb_built=&#8221;1&#8243; _builder_version=&#8221;4.16&#8243; custom_padding=&#8221;||77px|||&#8221; global_colors_info=&#8221;{}&#8221;][et_pb_row _builder_version=&#8221;4.21.2&#8243; _module_preset=&#8221;default&#8221; global_colors_info=&#8221;{}&#8221;][et_pb_column type=&#8221;4_4&#8243; _builder_version=&#8221;4.21.2&#8243; _module_preset=&#8221;default&#8221; global_colors_info=&#8221;{}&#8221;][et_pb_image src=&#8221;https:\/\/www.galileo.edu\/page\/wp-content\/uploads\/2025\/05\/LogoFisicc.png&#8221; title_text=&#8221;LogoFisicc&#8221; align=&#8221;right&#8221; _builder_version=&#8221;4.21.2&#8243; _module_preset=&#8221;default&#8221; global_colors_info=&#8221;{}&#8221;][\/et_pb_image][et_pb_text _builder_version=&#8221;4.21.2&#8243; text_font=&#8221;Raleway|700|||||||&#8221; text_font_size=&#8221;35px&#8221; header_font=&#8221;Inter|700|||||||&#8221; header_text_color=&#8221;#0286f4&#8243; header_font_size=&#8221;36px&#8221; header_line_height=&#8221;1.2em&#8221; header_2_font=&#8221;Roboto|900|||||||&#8221; header_2_text_color=&#8221;#263576&#8243; header_2_font_size=&#8221;42px&#8221; header_3_font=&#8221;Roboto||||||||&#8221; header_3_font_size=&#8221;34px&#8221; hover_enabled=&#8221;0&#8243; header_font_size_tablet=&#8221;&#8221; header_font_size_phone=&#8221;&#8221; header_font_size_last_edited=&#8221;on|desktop&#8221; global_colors_info=&#8221;{}&#8221; sticky_enabled=&#8221;0&#8243; text_text_color=&#8221;#afafaf&#8221;]<\/p>\n<h1 style=\"text-align: left;\">\u00a1Gracias por registrarte al webinar!<\/h1>\n<p>[\/et_pb_text][et_pb_text _builder_version=&#8221;4.21.2&#8243; text_font=&#8221;Raleway|700|||||||&#8221; text_font_size=&#8221;35px&#8221; header_font=&#8221;Inter|800|||||||&#8221; header_text_color=&#8221;#0a0202&#8243; header_font_size=&#8221;52px&#8221; header_letter_spacing=&#8221;-2px&#8221; header_line_height=&#8221;1.2em&#8221; header_2_font=&#8221;Roboto|900|||||||&#8221; header_2_text_color=&#8221;#263576&#8243; header_2_font_size=&#8221;42px&#8221; header_3_font=&#8221;Roboto||||||||&#8221; header_3_font_size=&#8221;34px&#8221; hover_enabled=&#8221;0&#8243; header_font_size_tablet=&#8221;&#8221; header_font_size_phone=&#8221;40px&#8221; header_font_size_last_edited=&#8221;on|phone&#8221; global_colors_info=&#8221;{}&#8221; sticky_enabled=&#8221;0&#8243;]<\/p>\n<h1 style=\"text-align: left;\"><b>\u201cEl lado humano del Cambio Digital\u201d<\/b><\/h1>\n<p>[\/et_pb_text][et_pb_text _builder_version=&#8221;4.21.2&#8243; text_font=&#8221;Inter|300|||||||&#8221; text_font_size=&#8221;23px&#8221; text_line_height=&#8221;1.3em&#8221; hover_enabled=&#8221;0&#8243; global_colors_info=&#8221;{}&#8221; sticky_enabled=&#8221;0&#8243;]<\/p>\n<p><span style=\"font-weight: 400;\">Su registro ha sido exitoso. En breve recibir\u00e1 un correo electr\u00f3nico con los detalles t\u00e9cnicos y el enlace de acceso para la sesi\u00f3n en Zoom.<\/span><\/p>\n<p><span style=\"font-weight: 400;\">&#x1f4c5; <\/span><strong>Fecha<\/strong><span style=\"font-weight: 400;\"><strong>: <\/strong><\/span><span style=\"font-weight: 400;\">Jueves 23 de abril de 2026<\/span><span style=\"font-weight: 400;\"><\/span><span style=\"font-weight: 400;\"><\/span><span style=\"font-weight: 400;\"> <br \/>&#x1f556; <\/span><strong>Hora<\/strong><span style=\"font-weight: 400;\"><strong>:<\/strong> 19:00 hrs (hora Guatemala)<\/span><span style=\"font-weight: 400;\"><br \/><\/span><span style=\"font-weight: 400;\"> &#x1f4bb; <\/span><strong>Modalidad<\/strong><span style=\"font-weight: 400;\"><strong>:<\/strong> Virtual \u2013 V\u00eda Zoom<\/span><\/p>\n<p><b>&#x1f4e9; Importante:<\/b><span style=\"font-weight: 400;\"> Si no visualiza el correo en su bandeja de entrada principal, por favor revise su carpeta de spam o promociones. Para cualquier consulta t\u00e9cnica, puede comunicarse a: <\/span><a href=\"mailto:mgcd@galileo.edu\" target=\"_blank\" rel=\"noopener\"><strong>mgcd@galileo.edu<\/strong><\/a><\/p>\n<p><strong>Nos vemos pronto.<\/strong><span style=\"font-weight: 400;\"><strong>\u00a0<\/strong> Prep\u00e1rese para transformar su visi\u00f3n sobre el liderazgo y el cambio digital desde una perspectiva humana y estrat\u00e9gica.<\/span><\/p>\n<p>[\/et_pb_text][\/et_pb_column][\/et_pb_row][\/et_pb_section][et_pb_section fb_built=&#8221;1&#8243; custom_padding_last_edited=&#8221;on|phone&#8221; disabled_on=&#8221;off|off|off&#8221; _builder_version=&#8221;4.21.2&#8243; background_color=&#8221;#efefef&#8221; custom_padding=&#8221;54px|0px|58px|0px|false|false&#8221; custom_padding_tablet=&#8221;60px|60px|60px|60px&#8221; custom_padding_phone=&#8221;&#8221; global_colors_info=&#8221;{}&#8221;][et_pb_row custom_padding_last_edited=&#8221;on|desktop&#8221; disabled_on=&#8221;off|off|off&#8221; _builder_version=&#8221;4.21.2&#8243; width=&#8221;100%&#8221; module_alignment=&#8221;center&#8221; custom_padding=&#8221;|||&#8221; custom_padding_tablet=&#8221;&#8221; custom_padding_phone=&#8221;8%|||&#8221; global_colors_info=&#8221;{}&#8221;][et_pb_column type=&#8221;4_4&#8243; _builder_version=&#8221;4.16&#8243; custom_padding=&#8221;|||&#8221; global_colors_info=&#8221;{}&#8221; custom_padding__hover=&#8221;|||&#8221;][et_pb_image src=&#8221;https:\/\/www.galileo.edu\/page\/wp-content\/uploads\/2023\/04\/Logo-Galileo.png&#8221; title_text=&#8221;Logo-Galileo-FISICC&#8221; align=&#8221;center&#8221; align_tablet=&#8221;center&#8221; align_phone=&#8221;center&#8221; align_last_edited=&#8221;on|desktop&#8221; _builder_version=&#8221;4.21.2&#8243; global_colors_info=&#8221;{}&#8221;][\/et_pb_image][et_pb_text disabled_on=&#8221;on|on|on&#8221; _builder_version=&#8221;4.21.2&#8243; text_font=&#8221;Inter|600|||||||&#8221; text_text_color=&#8221;#0a0a0a&#8221; text_font_size=&#8221;32px&#8221; text_line_height=&#8221;1.3em&#8221; header_font_size=&#8221;31px&#8221; custom_margin=&#8221;2px||||false|false&#8221; custom_padding=&#8221;55px||||false|false&#8221; header_5_font_size_tablet=&#8221;14px&#8221; header_5_font_size_phone=&#8221;&#8221; header_5_font_size_last_edited=&#8221;on|tablet&#8221; disabled=&#8221;on&#8221; global_colors_info=&#8221;{}&#8221;]<\/p>\n<p style=\"text-align: center;\"><strong>Con el apoyo de: <\/strong><\/p>\n<p>[\/et_pb_text][et_pb_image src=&#8221;https:\/\/www.galileo.edu\/page\/wp-content\/uploads\/2024\/08\/Logo-CISCO.png&#8221; title_text=&#8221;Logo-Galileo-FISICC&#8221; align=&#8221;center&#8221; align_tablet=&#8221;center&#8221; align_phone=&#8221;center&#8221; align_last_edited=&#8221;on|desktop&#8221; disabled_on=&#8221;on|on|on&#8221; _builder_version=&#8221;4.21.2&#8243; disabled=&#8221;on&#8221; global_colors_info=&#8221;{}&#8221;][\/et_pb_image][\/et_pb_column][\/et_pb_row][\/et_pb_section][et_pb_section fb_built=&#8221;1&#8243; _builder_version=&#8221;4.16&#8243; background_color=&#8221;#353535&#8243; custom_padding=&#8221;|||&#8221; locked=&#8221;off&#8221; global_colors_info=&#8221;{}&#8221;][et_pb_row custom_padding_last_edited=&#8221;on|phone&#8221; disabled_on=&#8221;off|off|off&#8221; _builder_version=&#8221;4.21.2&#8243; z_index=&#8221;1&#8243; width=&#8221;90%&#8221; width_tablet=&#8221;90%&#8221; width_phone=&#8221;90%&#8221; width_last_edited=&#8221;on|tablet&#8221; max_width=&#8221;1920px&#8221; module_alignment=&#8221;center&#8221; custom_padding=&#8221;|90px||90px|false|false&#8221; custom_padding_tablet=&#8221;|90px||90px|false|false&#8221; custom_padding_phone=&#8221;|10px||10px|false|false&#8221; hover_enabled=&#8221;0&#8243; module_alignment_tablet=&#8221;center&#8221; module_alignment_phone=&#8221;center&#8221; module_alignment_last_edited=&#8221;on|phone&#8221; global_colors_info=&#8221;{}&#8221; sticky_enabled=&#8221;0&#8243;][et_pb_column type=&#8221;4_4&#8243; _builder_version=&#8221;4.16&#8243; custom_padding=&#8221;|||&#8221; global_colors_info=&#8221;{}&#8221; custom_padding__hover=&#8221;|||&#8221;][et_pb_text _builder_version=&#8221;4.16&#8243; text_font=&#8221;Poppins|800|||||||&#8221; text_text_color=&#8221;#ffffff&#8221; text_font_size=&#8221;41px&#8221; text_orientation=&#8221;center&#8221; global_colors_info=&#8221;{}&#8221;] Contacto<br \/>\n[\/et_pb_text][\/et_pb_column][\/et_pb_row][et_pb_row column_structure=&#8221;1_2,1_2&#8243; custom_padding_last_edited=&#8221;on|phone&#8221; _builder_version=&#8221;4.21.2&#8243; _module_preset=&#8221;default&#8221; z_index=&#8221;1&#8243; width=&#8221;90%&#8221; width_tablet=&#8221;90%&#8221; width_phone=&#8221;90%&#8221; width_last_edited=&#8221;on|tablet&#8221; max_width=&#8221;1500px&#8221; module_alignment=&#8221;center&#8221; custom_padding=&#8221;|90px||90px|false|false&#8221; custom_padding_tablet=&#8221;|90px||90px|false|false&#8221; custom_padding_phone=&#8221;|10px||10px|false|false&#8221; hover_enabled=&#8221;0&#8243; module_alignment_tablet=&#8221;center&#8221; module_alignment_phone=&#8221;center&#8221; module_alignment_last_edited=&#8221;on|phone&#8221; global_colors_info=&#8221;{}&#8221; sticky_enabled=&#8221;0&#8243;][et_pb_column type=&#8221;1_2&#8243; _builder_version=&#8221;4.21.2&#8243; _module_preset=&#8221;default&#8221; global_colors_info=&#8221;{}&#8221;][et_pb_text _builder_version=&#8221;4.21.2&#8243; header_font=&#8221;||||||||&#8221; header_text_color=&#8221;#f2eecc&#8221; header_3_font=&#8221;Inter|700|||||||&#8221; header_3_text_align=&#8221;center&#8221; header_3_text_color=&#8221;#ffffff&#8221; header_3_font_size=&#8221;24px&#8221; header_3_line_height=&#8221;1.3em&#8221; header_5_font=&#8221;Inter||||||||&#8221; header_5_text_align=&#8221;center&#8221; header_5_text_color=&#8221;#ffffff&#8221; header_5_font_size=&#8221;18px&#8221; header_5_line_height=&#8221;1.3em&#8221; global_colors_info=&#8221;{}&#8221;]<\/p>\n<h3 style=\"text-align: left;\"><strong>Tel\u00e9fono:<\/strong><\/h3>\n<h5 style=\"text-align: left;\">2423-8000 ext. 7404 y 7407<\/h5>\n<h5 style=\"text-align: left;\">Whatsapp: 2423-8304<\/h5>\n<p>[\/et_pb_text][et_pb_text _builder_version=&#8221;4.21.2&#8243; header_font=&#8221;||||||||&#8221; header_text_color=&#8221;#f2eecc&#8221; header_3_font=&#8221;Inter|700|||||||&#8221; header_3_text_align=&#8221;center&#8221; header_3_text_color=&#8221;#ffffff&#8221; header_3_font_size=&#8221;24px&#8221; header_3_line_height=&#8221;1.3em&#8221; header_5_font=&#8221;Inter||||||||&#8221; header_5_text_align=&#8221;center&#8221; header_5_text_color=&#8221;#ffffff&#8221; header_5_font_size=&#8221;18px&#8221; header_5_line_height=&#8221;1.3em&#8221; global_colors_info=&#8221;{}&#8221;]<\/p>\n<h3 style=\"text-align: left;\">Correo electr\u00f3nico:<\/h3>\n<h5 style=\"text-align: left;\">mgcd@galileo.edu<\/h5>\n<p>[\/et_pb_text][et_pb_text _builder_version=&#8221;4.21.2&#8243; header_font=&#8221;||||||||&#8221; header_text_color=&#8221;#f2eecc&#8221; header_3_font=&#8221;Inter|700|||||||&#8221; header_3_text_align=&#8221;center&#8221; header_3_text_color=&#8221;#ffffff&#8221; header_3_font_size=&#8221;24px&#8221; header_3_line_height=&#8221;1.3em&#8221; header_5_font=&#8221;Inter||||||||&#8221; header_5_text_align=&#8221;center&#8221; header_5_text_color=&#8221;#ffffff&#8221; header_5_font_size=&#8221;18px&#8221; header_5_line_height=&#8221;1.3em&#8221; global_colors_info=&#8221;{}&#8221;]<\/p>\n<h3 style=\"text-align: left;\">Direcci\u00f3n:<\/h3>\n<h5 style=\"text-align: left;\">Universidad Galileo Facultad de Ingenier\u00eda en Sistemas, Inform\u00e1tica y Ciencias de la Computaci\u00f3n Oficina: 204 Torre 2.<\/h5>\n<p>[\/et_pb_text][\/et_pb_column][et_pb_column type=&#8221;1_2&#8243; _builder_version=&#8221;4.21.2&#8243; _module_preset=&#8221;default&#8221; global_colors_info=&#8221;{}&#8221;][et_pb_text _builder_version=&#8221;4.21.2&#8243; header_font=&#8221;||||||||&#8221; header_text_color=&#8221;#f2eecc&#8221; header_font_size=&#8221;27px&#8221; header_3_font=&#8221;Inter|700|||||||&#8221; header_3_text_align=&#8221;center&#8221; header_3_text_color=&#8221;#ffffff&#8221; header_3_font_size=&#8221;24px&#8221; header_3_line_height=&#8221;1.3em&#8221; header_5_font=&#8221;Raleway||||||||&#8221; header_5_text_align=&#8221;center&#8221; header_5_text_color=&#8221;#ffffff&#8221; custom_margin=&#8221;||5px||false|false&#8221; custom_padding=&#8221;||0px||false|false&#8221; global_colors_info=&#8221;{}&#8221;]<\/p>\n<h3 style=\"text-align: center;\"><strong>Redes sociales<\/strong><\/h3>\n<p>[\/et_pb_text][et_pb_social_media_follow _builder_version=&#8221;4.21.2&#8243; _module_preset=&#8221;default&#8221; text_orientation=&#8221;center&#8221; global_colors_info=&#8221;{}&#8221;][et_pb_social_media_follow_network social_network=&#8221;facebook&#8221; url=&#8221;https:\/\/www.facebook.com\/ugalileo&#8221; use_icon_font_size=&#8221;on&#8221; icon_font_size=&#8221;28px&#8221; _builder_version=&#8221;4.21.2&#8243; _module_preset=&#8221;default&#8221; background_color=&#8221;#0286f4&#8243; background_enable_color=&#8221;on&#8221; global_colors_info=&#8221;{}&#8221; follow_button=&#8221;off&#8221; url_new_window=&#8221;on&#8221;]facebook[\/et_pb_social_media_follow_network][et_pb_social_media_follow_network social_network=&#8221;linkedin&#8221; url=&#8221;https:\/\/gt.linkedin.com\/school\/universidad-galileo\/&#8221; use_icon_font_size=&#8221;on&#8221; icon_font_size=&#8221;28px&#8221; _builder_version=&#8221;4.21.2&#8243; _module_preset=&#8221;default&#8221; background_color=&#8221;#0286f4&#8243; background_enable_color=&#8221;on&#8221; global_colors_info=&#8221;{}&#8221; follow_button=&#8221;off&#8221; url_new_window=&#8221;on&#8221;]linkedin[\/et_pb_social_media_follow_network][et_pb_social_media_follow_network social_network=&#8221;instagram&#8221; url=&#8221;https:\/\/www.instagram.com\/ugalileo_edu\/&#8221; use_icon_font_size=&#8221;on&#8221; icon_font_size=&#8221;28px&#8221; _builder_version=&#8221;4.21.2&#8243; _module_preset=&#8221;default&#8221; background_color=&#8221;#0286f4&#8243; background_enable_color=&#8221;on&#8221; global_colors_info=&#8221;{}&#8221; follow_button=&#8221;off&#8221; url_new_window=&#8221;on&#8221;]instagram[\/et_pb_social_media_follow_network][et_pb_social_media_follow_network social_network=&#8221;youtube&#8221; url=&#8221;https:\/\/www.youtube.com\/user\/ugalileogt&#8221; use_icon_font_size=&#8221;on&#8221; icon_font_size=&#8221;28px&#8221; _builder_version=&#8221;4.21.2&#8243; _module_preset=&#8221;default&#8221; background_color=&#8221;#0286f4&#8243; background_enable_color=&#8221;on&#8221; global_colors_info=&#8221;{}&#8221; follow_button=&#8221;off&#8221; url_new_window=&#8221;on&#8221;]youtube[\/et_pb_social_media_follow_network][\/et_pb_social_media_follow][\/et_pb_column][\/et_pb_row][\/et_pb_section]<\/p>\n","protected":false},"excerpt":{"rendered":"<p>\u00a1Gracias por registrarte al webinar!\u201cEl lado humano del Cambio Digital\u201dSu registro ha sido exitoso. En breve recibir\u00e1 un correo electr\u00f3nico con los detalles t\u00e9cnicos y el enlace de acceso para la sesi\u00f3n en Zoom. &#x1f4c5; Fecha: Jueves 23 de abril de 2026 &#x1f556; Hora: 19:00 hrs (hora Guatemala) &#x1f4bb; Modalidad: Virtual \u2013 V\u00eda Zoom &#x1f4e9; [&hellip;]<\/p>\n","protected":false},"author":10,"featured_media":102071,"parent":0,"menu_order":0,"comment_status":"closed","ping_status":"closed","template":"page-template-blank.php","meta":{"_et_pb_use_builder":"on","_et_pb_old_content":"","_et_gb_content_width":""},"yoast_head":"<!-- This site is optimized with the Yoast SEO plugin v20.13 - https:\/\/yoast.com\/wordpress\/plugins\/seo\/ -->\n<title>Gracias Webinar El lado humano del Cambio Digital \u2013 Universidad Galileo<\/title>\n<meta name=\"robots\" content=\"index, follow, max-snippet:-1, max-image-preview:large, max-video-preview:-1\" \/>\n<link rel=\"canonical\" href=\"https:\/\/www.galileo.edu\/page\/gracias-lado-humano-cambio-digital\/\" \/>\n<meta property=\"og:locale\" content=\"en_US\" \/>\n<meta property=\"og:type\" content=\"article\" \/>\n<meta property=\"og:title\" content=\"Gracias Webinar El lado humano del Cambio Digital \u2013 Universidad Galileo\" \/>\n<meta property=\"og:description\" content=\"\u00a1Gracias por registrarte al webinar!\u201cEl lado humano del Cambio Digital\u201dSu registro ha sido exitoso. En breve recibir\u00e1 un correo electr\u00f3nico con los detalles t\u00e9cnicos y el enlace de acceso para la sesi\u00f3n en Zoom. &#x1f4c5; Fecha: Jueves 23 de abril de 2026 &#x1f556; Hora: 19:00 hrs (hora Guatemala) &#x1f4bb; Modalidad: Virtual \u2013 V\u00eda Zoom &#x1f4e9; [&hellip;]\" \/>\n<meta property=\"og:url\" content=\"https:\/\/www.galileo.edu\/page\/gracias-lado-humano-cambio-digital\/\" \/>\n<meta property=\"og:site_name\" content=\"Universidad Galileo\" \/>\n<meta property=\"article:modified_time\" content=\"2026-04-15T22:24:30+00:00\" \/>\n<meta property=\"og:image\" content=\"https:\/\/www.galileo.edu\/page\/wp-content\/uploads\/2026\/04\/POST-Webinar-FISICC-2026-01.jpg\" \/>\n\t<meta property=\"og:image:width\" content=\"1201\" \/>\n\t<meta property=\"og:image:height\" content=\"1200\" \/>\n\t<meta property=\"og:image:type\" content=\"image\/jpeg\" \/>\n<meta name=\"twitter:card\" content=\"summary_large_image\" \/>\n<meta name=\"twitter:label1\" content=\"Est. reading time\" \/>\n\t<meta name=\"twitter:data1\" content=\"2 minutes\" \/>\n<script type=\"application\/ld+json\" class=\"yoast-schema-graph\">{\"@context\":\"https:\/\/schema.org\",\"@graph\":[{\"@type\":\"WebPage\",\"@id\":\"https:\/\/www.galileo.edu\/page\/gracias-lado-humano-cambio-digital\/\",\"url\":\"https:\/\/www.galileo.edu\/page\/gracias-lado-humano-cambio-digital\/\",\"name\":\"Gracias Webinar El lado humano del Cambio Digital \u2013 Universidad Galileo\",\"isPartOf\":{\"@id\":\"https:\/\/www.galileo.edu\/page\/#website\"},\"datePublished\":\"2026-04-14T23:49:31+00:00\",\"dateModified\":\"2026-04-15T22:24:30+00:00\",\"breadcrumb\":{\"@id\":\"https:\/\/www.galileo.edu\/page\/gracias-lado-humano-cambio-digital\/#breadcrumb\"},\"inLanguage\":\"en-US\",\"potentialAction\":[{\"@type\":\"ReadAction\",\"target\":[\"https:\/\/www.galileo.edu\/page\/gracias-lado-humano-cambio-digital\/\"]}]},{\"@type\":\"BreadcrumbList\",\"@id\":\"https:\/\/www.galileo.edu\/page\/gracias-lado-humano-cambio-digital\/#breadcrumb\",\"itemListElement\":[{\"@type\":\"ListItem\",\"position\":1,\"name\":\"Home\",\"item\":\"https:\/\/www.galileo.edu\/page\/home\/\"},{\"@type\":\"ListItem\",\"position\":2,\"name\":\"Gracias Webinar El lado humano del Cambio Digital \u2013 Universidad Galileo\"}]},{\"@type\":\"WebSite\",\"@id\":\"https:\/\/www.galileo.edu\/page\/#website\",\"url\":\"https:\/\/www.galileo.edu\/page\/\",\"name\":\"Universidad Galileo\",\"description\":\"La revoluci\u00f3n en la educaci\u00f3n\",\"potentialAction\":[{\"@type\":\"SearchAction\",\"target\":{\"@type\":\"EntryPoint\",\"urlTemplate\":\"https:\/\/www.galileo.edu\/page\/?s={search_term_string}\"},\"query-input\":\"required name=search_term_string\"}],\"inLanguage\":\"en-US\"}]}<\/script>\n<!-- \/ Yoast SEO plugin. -->","yoast_head_json":{"title":"Gracias Webinar El lado humano del Cambio Digital \u2013 Universidad Galileo","robots":{"index":"index","follow":"follow","max-snippet":"max-snippet:-1","max-image-preview":"max-image-preview:large","max-video-preview":"max-video-preview:-1"},"canonical":"https:\/\/www.galileo.edu\/page\/gracias-lado-humano-cambio-digital\/","og_locale":"en_US","og_type":"article","og_title":"Gracias Webinar El lado humano del Cambio Digital \u2013 Universidad Galileo","og_description":"\u00a1Gracias por registrarte al webinar!\u201cEl lado humano del Cambio Digital\u201dSu registro ha sido exitoso. En breve recibir\u00e1 un correo electr\u00f3nico con los detalles t\u00e9cnicos y el enlace de acceso para la sesi\u00f3n en Zoom. &#x1f4c5; Fecha: Jueves 23 de abril de 2026 &#x1f556; Hora: 19:00 hrs (hora Guatemala) &#x1f4bb; Modalidad: Virtual \u2013 V\u00eda Zoom &#x1f4e9; [&hellip;]","og_url":"https:\/\/www.galileo.edu\/page\/gracias-lado-humano-cambio-digital\/","og_site_name":"Universidad Galileo","article_modified_time":"2026-04-15T22:24:30+00:00","og_image":[{"width":1201,"height":1200,"url":"https:\/\/www.galileo.edu\/page\/wp-content\/uploads\/2026\/04\/POST-Webinar-FISICC-2026-01.jpg","type":"image\/jpeg"}],"twitter_card":"summary_large_image","twitter_misc":{"Est. reading time":"2 minutes"},"schema":{"@context":"https:\/\/schema.org","@graph":[{"@type":"WebPage","@id":"https:\/\/www.galileo.edu\/page\/gracias-lado-humano-cambio-digital\/","url":"https:\/\/www.galileo.edu\/page\/gracias-lado-humano-cambio-digital\/","name":"Gracias Webinar El lado humano del Cambio Digital \u2013 Universidad Galileo","isPartOf":{"@id":"https:\/\/www.galileo.edu\/page\/#website"},"datePublished":"2026-04-14T23:49:31+00:00","dateModified":"2026-04-15T22:24:30+00:00","breadcrumb":{"@id":"https:\/\/www.galileo.edu\/page\/gracias-lado-humano-cambio-digital\/#breadcrumb"},"inLanguage":"en-US","potentialAction":[{"@type":"ReadAction","target":["https:\/\/www.galileo.edu\/page\/gracias-lado-humano-cambio-digital\/"]}]},{"@type":"BreadcrumbList","@id":"https:\/\/www.galileo.edu\/page\/gracias-lado-humano-cambio-digital\/#breadcrumb","itemListElement":[{"@type":"ListItem","position":1,"name":"Home","item":"https:\/\/www.galileo.edu\/page\/home\/"},{"@type":"ListItem","position":2,"name":"Gracias Webinar El lado humano del Cambio Digital \u2013 Universidad Galileo"}]},{"@type":"WebSite","@id":"https:\/\/www.galileo.edu\/page\/#website","url":"https:\/\/www.galileo.edu\/page\/","name":"Universidad Galileo","description":"La revoluci\u00f3n en la educaci\u00f3n","potentialAction":[{"@type":"SearchAction","target":{"@type":"EntryPoint","urlTemplate":"https:\/\/www.galileo.edu\/page\/?s={search_term_string}"},"query-input":"required name=search_term_string"}],"inLanguage":"en-US"}]}},"_links":{"self":[{"href":"https:\/\/www.galileo.edu\/page\/wp-json\/wp\/v2\/pages\/102045"}],"collection":[{"href":"https:\/\/www.galileo.edu\/page\/wp-json\/wp\/v2\/pages"}],"about":[{"href":"https:\/\/www.galileo.edu\/page\/wp-json\/wp\/v2\/types\/page"}],"author":[{"embeddable":true,"href":"https:\/\/www.galileo.edu\/page\/wp-json\/wp\/v2\/users\/10"}],"replies":[{"embeddable":true,"href":"https:\/\/www.galileo.edu\/page\/wp-json\/wp\/v2\/comments?post=102045"}],"version-history":[{"count":5,"href":"https:\/\/www.galileo.edu\/page\/wp-json\/wp\/v2\/pages\/102045\/revisions"}],"predecessor-version":[{"id":102079,"href":"https:\/\/www.galileo.edu\/page\/wp-json\/wp\/v2\/pages\/102045\/revisions\/102079"}],"wp:featuredmedia":[{"embeddable":true,"href":"https:\/\/www.galileo.edu\/page\/wp-json\/wp\/v2\/media\/102071"}],"wp:attachment":[{"href":"https:\/\/www.galileo.edu\/page\/wp-json\/wp\/v2\/media?parent=102045"}],"curies":[{"name":"wp","href":"https:\/\/api.w.org\/{rel}","templated":true}]}}