{"id":101077,"date":"2026-01-05T17:26:58","date_gmt":"2026-01-05T17:26:58","guid":{"rendered":"https:\/\/www.galileo.edu\/page\/?page_id=101077"},"modified":"2026-01-05T17:26:58","modified_gmt":"2026-01-05T17:26:58","slug":"gracias-curso-excel-mos","status":"publish","type":"page","link":"https:\/\/www.galileo.edu\/page\/gracias-curso-excel-mos\/","title":{"rendered":"Gracias Curso MOS Excel"},"content":{"rendered":"<p>[et_pb_section fb_built=&#8221;1&#8243; _builder_version=&#8221;4.21.2&#8243; background_image=&#8221;https:\/\/www.galileo.edu\/page\/wp-content\/uploads\/2026\/01\/FONDO-LP-EXCEL-MOS.png&#8221; hover_enabled=&#8221;0&#8243; global_colors_info=&#8221;{}&#8221; title_text=&#8221;FONDO LP EXCEL MOS&#8221; sticky_enabled=&#8221;0&#8243;][et_pb_row _builder_version=&#8221;4.21.2&#8243; _module_preset=&#8221;default&#8221; custom_margin=&#8221;-84px||||false|false&#8221; global_colors_info=&#8221;{}&#8221;][et_pb_column type=&#8221;4_4&#8243; _builder_version=&#8221;4.21.2&#8243; _module_preset=&#8221;default&#8221; global_colors_info=&#8221;{}&#8221;][et_pb_image src=&#8221;https:\/\/www.galileo.edu\/page\/wp-content\/uploads\/2026\/01\/MOS-EXCEL.png&#8221; title_text=&#8221;MOS EXCEL&#8221; _builder_version=&#8221;4.21.2&#8243; _module_preset=&#8221;default&#8221; max_width=&#8221;90%&#8221; module_alignment=&#8221;center&#8221; hover_enabled=&#8221;0&#8243; global_colors_info=&#8221;{}&#8221; sticky_enabled=&#8221;0&#8243; custom_padding=&#8221;33px|||||&#8221;][\/et_pb_image][\/et_pb_column][\/et_pb_row][et_pb_row column_structure=&#8221;1_2,1_2&#8243; _builder_version=&#8221;4.16&#8243; background_size=&#8221;initial&#8221; background_position=&#8221;top_left&#8221; background_repeat=&#8221;repeat&#8221; global_colors_info=&#8221;{}&#8221;][et_pb_column type=&#8221;1_2&#8243; _builder_version=&#8221;4.16&#8243; custom_padding=&#8221;|||&#8221; global_colors_info=&#8221;{}&#8221; custom_padding__hover=&#8221;|||&#8221;][et_pb_text _builder_version=&#8221;4.21.2&#8243; text_font=&#8221;Raleway|700|||||||&#8221; text_font_size=&#8221;35px&#8221; header_font=&#8221;Poppins|700|||||||&#8221; header_font_size=&#8221;35px&#8221; header_line_height=&#8221;1.1em&#8221; hover_enabled=&#8221;0&#8243; header_font_size_tablet=&#8221;&#8221; header_font_size_phone=&#8221;&#8221; header_font_size_last_edited=&#8221;on|desktop&#8221; global_colors_info=&#8221;{}&#8221; header_text_color=&#8221;#ffffff&#8221; sticky_enabled=&#8221;0&#8243;]<\/p>\n<h1>\u00a1Gracias por solicitar informaci\u00f3n del curso Microsoft Excel!<\/h1>\n<p>[\/et_pb_text][\/et_pb_column][et_pb_column type=&#8221;1_2&#8243; _builder_version=&#8221;4.16&#8243; custom_padding=&#8221;|||&#8221; global_colors_info=&#8221;{}&#8221; custom_padding__hover=&#8221;|||&#8221;][et_pb_text _builder_version=&#8221;4.21.2&#8243; hover_enabled=&#8221;0&#8243; global_colors_info=&#8221;{}&#8221; text_font=&#8221;Poppins||||||||&#8221; text_font_size=&#8221;16px&#8221; text_text_color=&#8221;#ffffff&#8221; sticky_enabled=&#8221;0&#8243;]<\/p>\n<p>Revisa tu correo electr\u00f3nico. En pocos minutos recibir\u00e1s la informaci\u00f3n que solicitaste.<\/p>\n<p>Si no recibes el correo con la informaci\u00f3n en los pr\u00f3ximos minutos, busca en tu carpeta de correo \u201cNo deseado\u201d o \u201cSpam\u201d, o bien en la secci\u00f3n de \u201cPromociones\u201d o \u201cNotificaciones. Si no te llega el correo electr\u00f3nico, puede ser que escribiste mal tu email, por lo que te pedimos que vuelvas a llenar tus datos en la p\u00e1gina anterior a esta y revisa que est\u00e9n bien escritos.<\/p>\n<p>Si tienes consultas o desea apoyo personalizado en tu proceso de inscripci\u00f3n, comun\u00edcate. \u00a1Ser\u00e1 un gusto apoyarte!<\/p>\n<p>[\/et_pb_text][\/et_pb_column][\/et_pb_row][\/et_pb_section][et_pb_section fb_built=&#8221;1&#8243; _builder_version=&#8221;4.21.2&#8243; background_color=&#8221;#17602b&#8221; custom_padding=&#8221;0|0px|33px|0px|false|false&#8221; global_colors_info=&#8221;{}&#8221; locked=&#8221;off&#8221;][et_pb_row column_structure=&#8221;1_4,1_4,1_4,1_4&#8243; _builder_version=&#8221;4.16&#8243; custom_padding=&#8221;27px|0px|0|0px|false|false&#8221; global_colors_info=&#8221;{}&#8221;][et_pb_column type=&#8221;1_4&#8243; _builder_version=&#8221;4.16&#8243; custom_padding=&#8221;|||&#8221; global_colors_info=&#8221;{}&#8221; custom_padding__hover=&#8221;|||&#8221;][et_pb_blurb title=&#8221;PBX&#8221; use_icon=&#8221;on&#8221; font_icon=&#8221;&#xe090;||divi||400&#8243; icon_color=&#8221;#ffffff&#8221; image_icon_width=&#8221;60px&#8221; image_icon_width_tablet=&#8221;&#8221; image_icon_width_phone=&#8221;&#8221; image_icon_width_last_edited=&#8221;on|desktop&#8221; admin_label=&#8221;Fecha de inicio&#8221; _builder_version=&#8221;4.21.2&#8243; header_font=&#8221;Poppins|700|||||||&#8221; header_text_align=&#8221;center&#8221; header_text_color=&#8221;#ffffff&#8221; body_font=&#8221;Poppins||||||||&#8221; body_text_align=&#8221;center&#8221; background_layout=&#8221;dark&#8221; animation_style=&#8221;fade&#8221; hover_enabled=&#8221;0&#8243; header_font_size_tablet=&#8221;&#8221; header_font_size_phone=&#8221;&#8221; header_font_size_last_edited=&#8221;on|desktop&#8221; body_font_size_tablet=&#8221;&#8221; body_font_size_phone=&#8221;&#8221; body_font_size_last_edited=&#8221;on|desktop&#8221; icon_font_size_tablet=&#8221;&#8221; icon_font_size_phone=&#8221;&#8221; icon_font_size_last_edited=&#8221;on|desktop&#8221; global_colors_info=&#8221;{}&#8221; sticky_enabled=&#8221;0&#8243;]<\/p>\n<p>+502 2423-8000 Ext. 7134, 7135, 7136, 7137, 7138, 7133<\/p>\n<p>[\/et_pb_blurb][\/et_pb_column][et_pb_column type=&#8221;1_4&#8243; _builder_version=&#8221;4.16&#8243; custom_padding=&#8221;|||&#8221; global_colors_info=&#8221;{}&#8221; custom_padding__hover=&#8221;|||&#8221;][et_pb_blurb title=&#8221;Correo&#8221; use_icon=&#8221;on&#8221; font_icon=&#8221;&#xe076;||divi||400&#8243; icon_color=&#8221;#ffffff&#8221; image_icon_width=&#8221;60px&#8221; image_icon_width_tablet=&#8221;&#8221; image_icon_width_phone=&#8221;&#8221; image_icon_width_last_edited=&#8221;on|desktop&#8221; _builder_version=&#8221;4.21.2&#8243; header_font=&#8221;Poppins|700|||||||&#8221; header_text_align=&#8221;center&#8221; header_text_color=&#8221;#ffffff&#8221; body_font=&#8221;Poppins||||||||&#8221; body_text_align=&#8221;center&#8221; background_layout=&#8221;dark&#8221; animation_style=&#8221;fade&#8221; hover_enabled=&#8221;0&#8243; body_font_size_tablet=&#8221;&#8221; body_font_size_phone=&#8221;&#8221; body_font_size_last_edited=&#8221;on|desktop&#8221; icon_font_size_tablet=&#8221;&#8221; icon_font_size_phone=&#8221;&#8221; icon_font_size_last_edited=&#8221;on|desktop&#8221; global_colors_info=&#8221;{}&#8221; sticky_enabled=&#8221;0&#8243;]<\/p>\n<p>esec@galileo.edu<\/p>\n<p>[\/et_pb_blurb][\/et_pb_column][et_pb_column type=&#8221;1_4&#8243; _builder_version=&#8221;4.16&#8243; custom_padding=&#8221;|||&#8221; global_colors_info=&#8221;{}&#8221; custom_padding__hover=&#8221;|||&#8221;][et_pb_blurb title=&#8221;Direcci\u00f3n&#8221; use_icon=&#8221;on&#8221; font_icon=&#8221;&#xf3c5;||fa||900&#8243; icon_color=&#8221;#ffffff&#8221; image_icon_width=&#8221;60px&#8221; image_icon_width_tablet=&#8221;&#8221; image_icon_width_phone=&#8221;&#8221; image_icon_width_last_edited=&#8221;on|desktop&#8221; _builder_version=&#8221;4.21.2&#8243; header_font=&#8221;Poppins|700|||||||&#8221; header_text_align=&#8221;center&#8221; header_text_color=&#8221;#ffffff&#8221; body_font=&#8221;Poppins||||||||&#8221; body_text_align=&#8221;center&#8221; background_layout=&#8221;dark&#8221; animation_style=&#8221;fade&#8221; hover_enabled=&#8221;0&#8243; body_font_size_tablet=&#8221;&#8221; body_font_size_phone=&#8221;&#8221; body_font_size_last_edited=&#8221;on|desktop&#8221; icon_font_size_tablet=&#8221;&#8221; icon_font_size_phone=&#8221;&#8221; icon_font_size_last_edited=&#8221;on|desktop&#8221; global_colors_info=&#8221;{}&#8221; sticky_enabled=&#8221;0&#8243;]<\/p>\n<p>7a ave calle Dr. Eduardo Suger Cofi\u00f1o zona 10, campus central Universidad Galileo. Oficina 418, 4to Nivel Torre I, Galileo campus Central<\/p>\n<p>[\/et_pb_blurb][\/et_pb_column][et_pb_column type=&#8221;1_4&#8243; _builder_version=&#8221;4.16&#8243; custom_padding=&#8221;|||&#8221; global_colors_info=&#8221;{}&#8221; custom_padding__hover=&#8221;|||&#8221;][et_pb_blurb title=&#8221;WhatsApp&#8221; use_icon=&#8221;on&#8221; font_icon=&#8221;&#xf3fd;||fa||900&#8243; icon_color=&#8221;#ffffff&#8221; image_icon_width=&#8221;60px&#8221; image_icon_width_tablet=&#8221;&#8221; image_icon_width_phone=&#8221;&#8221; image_icon_width_last_edited=&#8221;on|desktop&#8221; admin_label=&#8221;Nivel&#8221; _builder_version=&#8221;4.21.2&#8243; header_font=&#8221;Poppins|700|||||||&#8221; header_text_align=&#8221;center&#8221; header_text_color=&#8221;#ffffff&#8221; body_font=&#8221;Poppins||||||||&#8221; body_text_align=&#8221;center&#8221; background_layout=&#8221;dark&#8221; animation_style=&#8221;fade&#8221; hover_enabled=&#8221;0&#8243; body_font_size_tablet=&#8221;&#8221; body_font_size_phone=&#8221;&#8221; body_font_size_last_edited=&#8221;on|desktop&#8221; icon_font_size_tablet=&#8221;&#8221; icon_font_size_phone=&#8221;&#8221; icon_font_size_last_edited=&#8221;on|desktop&#8221; global_colors_info=&#8221;{}&#8221; sticky_enabled=&#8221;0&#8243;]<\/p>\n<p>Escr\u00edbenos <span style=\"text-decoration: underline;\"><span style=\"color: #ffffff;\"><a href=\"https:\/\/wa.link9vifum\" style=\"color: #ffffff; text-decoration: underline;\">AQU\u00cd<\/a><\/span><\/span><\/p>\n<p>[\/et_pb_blurb][\/et_pb_column][\/et_pb_row][et_pb_row _builder_version=&#8221;4.21.2&#8243; _module_preset=&#8221;default&#8221;][et_pb_column _builder_version=&#8221;4.21.2&#8243; _module_preset=&#8221;default&#8221; type=&#8221;4_4&#8243;][et_pb_image src=&#8221;https:\/\/www.galileo.edu\/page\/wp-content\/uploads\/2025\/06\/C_Logo_Galileo.png&#8221; _builder_version=&#8221;4.21.2&#8243; _module_preset=&#8221;default&#8221; title_text=&#8221;C_Logo_Galileo&#8221; align=&#8221;center&#8221; hover_enabled=&#8221;0&#8243; sticky_enabled=&#8221;0&#8243;][\/et_pb_image][\/et_pb_column][\/et_pb_row][\/et_pb_section]<\/p>\n","protected":false},"excerpt":{"rendered":"<p>\u00a1Gracias por solicitar informaci\u00f3n del curso Microsoft Excel!Revisa tu correo electr\u00f3nico. En pocos minutos recibir\u00e1s la informaci\u00f3n que solicitaste. Si no recibes el correo con la informaci\u00f3n en los pr\u00f3ximos minutos, busca en tu carpeta de correo \u201cNo deseado\u201d o \u201cSpam\u201d, o bien en la secci\u00f3n de \u201cPromociones\u201d o \u201cNotificaciones. Si no te llega el [&hellip;]<\/p>\n","protected":false},"author":31,"featured_media":101053,"parent":0,"menu_order":0,"comment_status":"closed","ping_status":"closed","template":"page-template-blank.php","meta":{"_et_pb_use_builder":"on","_et_pb_old_content":"<p>[et_pb_section bb_built=\"1\" _builder_version=\"3.0.47\"][et_pb_row _builder_version=\"3.0.47\" background_size=\"initial\" background_position=\"top_left\" background_repeat=\"repeat\"][et_pb_column type=\"1_2\"][et_pb_text _builder_version=\"3.2.2\" text_font=\"Raleway|700|||||||\" text_font_size=\"35px\" header_font=\"Raleway|700|||||||\" header_font_size=\"35px\" header_font_size_last_edited=\"on|desktop\" header_line_height=\"1.1em\"]<\/p><h1>\u00a1Gracias por solicitar informaci\u00f3n del Curso Tutor virtual!<\/h1><p>[\/et_pb_text][\/et_pb_column][et_pb_column type=\"1_2\"][et_pb_text _builder_version=\"3.2.2\"]<\/p><p>Revisa tu correo electr\u00f3nico. En pocos minutos recibir\u00e1s la informaci\u00f3n que solicitaste.<\/p><p>Si deseas resolver dudas o recibir ayuda en tu proceso de inscripci\u00f3n, comun\u00edcate. \u00a1Ser\u00e1 un gusto atenderte!<\/p><p>[\/et_pb_text][\/et_pb_column][\/et_pb_row][et_pb_row _builder_version=\"3.2.2\"][et_pb_column type=\"1_4\"][et_pb_blurb image_max_width=\"25%\" text_orientation=\"center\" title=\"WhatsApp\" image=\"http:\/\/www.galileo.edu\/page\/wp-content\/uploads\/2019\/05\/smartphone-1.png\" _builder_version=\"3.2.2\" header_font=\"||||||||\" header_text_align=\"center\" body_font=\"||||||||\" body_text_align=\"center\"]<\/p><p style=\"text-align: center;\">+502 5976 3418<\/p><p>[\/et_pb_blurb][\/et_pb_column][et_pb_column type=\"1_4\"][et_pb_blurb image_max_width=\"25%\" text_orientation=\"center\" title=\"PBX\" image=\"http:\/\/www.galileo.edu\/page\/wp-content\/uploads\/2019\/05\/telephone.png\" _builder_version=\"3.2.2\" header_font=\"||||||||\" header_text_align=\"center\" body_font=\"||||||||\" body_text_align=\"center\"]<\/p><p style=\"text-align: center;\">+502 2423-8000 extensi\u00f3n: 7417<\/p><p>[\/et_pb_blurb][\/et_pb_column][et_pb_column type=\"1_4\"][et_pb_blurb image_max_width=\"25%\" text_orientation=\"center\" title=\"Correo electr\u00f3nico\" image=\"http:\/\/www.galileo.edu\/page\/wp-content\/uploads\/2019\/05\/mail-1.png\" _builder_version=\"3.2.2\" header_font=\"||||||||\" header_text_align=\"center\" body_font=\"||||||||\" body_text_align=\"center\"]<\/p><p style=\"text-align: center;\"><a href=\"mailto:asistenteivn@galileo.edu\">asistenteivn@galileo.edu<\/a><\/p><p>[\/et_pb_blurb][\/et_pb_column][et_pb_column type=\"1_4\"][et_pb_blurb image_max_width=\"25%\" text_orientation=\"center\" title=\"Direcci\u00f3n\" image=\"http:\/\/www.galileo.edu\/page\/wp-content\/uploads\/2019\/05\/placeholder-1.png\" _builder_version=\"3.2.2\" header_font=\"||||||||\" header_text_align=\"center\" body_font=\"||||||||\" body_text_align=\"center\"]<\/p><p>Oficina 414 nivel 4 torre I Galileo<\/p><p>7a ave calle Dr. Eduardo Suger Cofi\u00f1o zona 10, campus central Universidad Galileo<\/p><p>[\/et_pb_blurb][\/et_pb_column][\/et_pb_row][et_pb_row custom_padding=\"60px|0px|27px|0px|false|false\" _builder_version=\"3.2.2\"][et_pb_column type=\"1_2\"][et_pb_image src=\"http:\/\/www.galileo.edu\/page\/wp-content\/uploads\/2019\/04\/Logo-Galileo.png\" align=\"center\" _builder_version=\"3.2.2\" max_width=\"50%\" \/][\/et_pb_column][et_pb_column type=\"1_2\"][et_pb_image src=\"http:\/\/www.galileo.edu\/page\/wp-content\/uploads\/2019\/04\/Logo-IVN.png\" align=\"center\" _builder_version=\"3.2.2\" max_width=\"55%\" \/][\/et_pb_column][\/et_pb_row][\/et_pb_section]<\/p>","_et_gb_content_width":""},"yoast_head":"<!-- This site is optimized with the Yoast SEO plugin v20.13 - https:\/\/yoast.com\/wordpress\/plugins\/seo\/ -->\n<title>Gracias Curso MOS Excel - Universidad Galileo<\/title>\n<meta name=\"description\" content=\"Certif\u00edcate como Microsoft Office Specialist (MOS) en Excel\" \/>\n<meta name=\"robots\" content=\"index, follow, max-snippet:-1, max-image-preview:large, max-video-preview:-1\" \/>\n<link rel=\"canonical\" href=\"https:\/\/www.galileo.edu\/page\/gracias-curso-excel-mos\/\" \/>\n<meta property=\"og:locale\" content=\"en_US\" \/>\n<meta property=\"og:type\" content=\"article\" \/>\n<meta property=\"og:title\" content=\"Gracias Curso MOS Excel - Universidad Galileo\" \/>\n<meta property=\"og:description\" content=\"Certif\u00edcate como Microsoft Office Specialist (MOS) en Excel\" \/>\n<meta property=\"og:url\" content=\"https:\/\/www.galileo.edu\/page\/gracias-curso-excel-mos\/\" \/>\n<meta property=\"og:site_name\" content=\"Universidad Galileo\" \/>\n<meta property=\"og:image\" content=\"https:\/\/www.galileo.edu\/page\/wp-content\/uploads\/2026\/01\/EXCEL-MOS-PORTADA-LP.png\" \/>\n\t<meta property=\"og:image:width\" content=\"1080\" \/>\n\t<meta property=\"og:image:height\" content=\"1080\" \/>\n\t<meta property=\"og:image:type\" content=\"image\/png\" \/>\n<meta name=\"twitter:card\" content=\"summary_large_image\" \/>\n<meta name=\"twitter:label1\" content=\"Est. reading time\" \/>\n\t<meta name=\"twitter:data1\" content=\"2 minutes\" \/>\n<script type=\"application\/ld+json\" class=\"yoast-schema-graph\">{\"@context\":\"https:\/\/schema.org\",\"@graph\":[{\"@type\":\"WebPage\",\"@id\":\"https:\/\/www.galileo.edu\/page\/gracias-curso-excel-mos\/\",\"url\":\"https:\/\/www.galileo.edu\/page\/gracias-curso-excel-mos\/\",\"name\":\"Gracias Curso MOS Excel - Universidad Galileo\",\"isPartOf\":{\"@id\":\"https:\/\/www.galileo.edu\/page\/#website\"},\"datePublished\":\"2026-01-05T17:26:58+00:00\",\"dateModified\":\"2026-01-05T17:26:58+00:00\",\"description\":\"Certif\u00edcate como Microsoft Office Specialist (MOS) en Excel\",\"breadcrumb\":{\"@id\":\"https:\/\/www.galileo.edu\/page\/gracias-curso-excel-mos\/#breadcrumb\"},\"inLanguage\":\"en-US\",\"potentialAction\":[{\"@type\":\"ReadAction\",\"target\":[\"https:\/\/www.galileo.edu\/page\/gracias-curso-excel-mos\/\"]}]},{\"@type\":\"BreadcrumbList\",\"@id\":\"https:\/\/www.galileo.edu\/page\/gracias-curso-excel-mos\/#breadcrumb\",\"itemListElement\":[{\"@type\":\"ListItem\",\"position\":1,\"name\":\"Home\",\"item\":\"https:\/\/www.galileo.edu\/page\/home\/\"},{\"@type\":\"ListItem\",\"position\":2,\"name\":\"Gracias Curso MOS Excel\"}]},{\"@type\":\"WebSite\",\"@id\":\"https:\/\/www.galileo.edu\/page\/#website\",\"url\":\"https:\/\/www.galileo.edu\/page\/\",\"name\":\"Universidad Galileo\",\"description\":\"La revoluci\u00f3n en la educaci\u00f3n\",\"potentialAction\":[{\"@type\":\"SearchAction\",\"target\":{\"@type\":\"EntryPoint\",\"urlTemplate\":\"https:\/\/www.galileo.edu\/page\/?s={search_term_string}\"},\"query-input\":\"required name=search_term_string\"}],\"inLanguage\":\"en-US\"}]}<\/script>\n<!-- \/ Yoast SEO plugin. -->","yoast_head_json":{"title":"Gracias Curso MOS Excel - Universidad Galileo","description":"Certif\u00edcate como Microsoft Office Specialist (MOS) en Excel","robots":{"index":"index","follow":"follow","max-snippet":"max-snippet:-1","max-image-preview":"max-image-preview:large","max-video-preview":"max-video-preview:-1"},"canonical":"https:\/\/www.galileo.edu\/page\/gracias-curso-excel-mos\/","og_locale":"en_US","og_type":"article","og_title":"Gracias Curso MOS Excel - Universidad Galileo","og_description":"Certif\u00edcate como Microsoft Office Specialist (MOS) en Excel","og_url":"https:\/\/www.galileo.edu\/page\/gracias-curso-excel-mos\/","og_site_name":"Universidad Galileo","og_image":[{"width":1080,"height":1080,"url":"https:\/\/www.galileo.edu\/page\/wp-content\/uploads\/2026\/01\/EXCEL-MOS-PORTADA-LP.png","type":"image\/png"}],"twitter_card":"summary_large_image","twitter_misc":{"Est. reading time":"2 minutes"},"schema":{"@context":"https:\/\/schema.org","@graph":[{"@type":"WebPage","@id":"https:\/\/www.galileo.edu\/page\/gracias-curso-excel-mos\/","url":"https:\/\/www.galileo.edu\/page\/gracias-curso-excel-mos\/","name":"Gracias Curso MOS Excel - Universidad Galileo","isPartOf":{"@id":"https:\/\/www.galileo.edu\/page\/#website"},"datePublished":"2026-01-05T17:26:58+00:00","dateModified":"2026-01-05T17:26:58+00:00","description":"Certif\u00edcate como Microsoft Office Specialist (MOS) en Excel","breadcrumb":{"@id":"https:\/\/www.galileo.edu\/page\/gracias-curso-excel-mos\/#breadcrumb"},"inLanguage":"en-US","potentialAction":[{"@type":"ReadAction","target":["https:\/\/www.galileo.edu\/page\/gracias-curso-excel-mos\/"]}]},{"@type":"BreadcrumbList","@id":"https:\/\/www.galileo.edu\/page\/gracias-curso-excel-mos\/#breadcrumb","itemListElement":[{"@type":"ListItem","position":1,"name":"Home","item":"https:\/\/www.galileo.edu\/page\/home\/"},{"@type":"ListItem","position":2,"name":"Gracias Curso MOS Excel"}]},{"@type":"WebSite","@id":"https:\/\/www.galileo.edu\/page\/#website","url":"https:\/\/www.galileo.edu\/page\/","name":"Universidad Galileo","description":"La revoluci\u00f3n en la educaci\u00f3n","potentialAction":[{"@type":"SearchAction","target":{"@type":"EntryPoint","urlTemplate":"https:\/\/www.galileo.edu\/page\/?s={search_term_string}"},"query-input":"required name=search_term_string"}],"inLanguage":"en-US"}]}},"_links":{"self":[{"href":"https:\/\/www.galileo.edu\/page\/wp-json\/wp\/v2\/pages\/101077"}],"collection":[{"href":"https:\/\/www.galileo.edu\/page\/wp-json\/wp\/v2\/pages"}],"about":[{"href":"https:\/\/www.galileo.edu\/page\/wp-json\/wp\/v2\/types\/page"}],"author":[{"embeddable":true,"href":"https:\/\/www.galileo.edu\/page\/wp-json\/wp\/v2\/users\/31"}],"replies":[{"embeddable":true,"href":"https:\/\/www.galileo.edu\/page\/wp-json\/wp\/v2\/comments?post=101077"}],"version-history":[{"count":4,"href":"https:\/\/www.galileo.edu\/page\/wp-json\/wp\/v2\/pages\/101077\/revisions"}],"predecessor-version":[{"id":101082,"href":"https:\/\/www.galileo.edu\/page\/wp-json\/wp\/v2\/pages\/101077\/revisions\/101082"}],"wp:featuredmedia":[{"embeddable":true,"href":"https:\/\/www.galileo.edu\/page\/wp-json\/wp\/v2\/media\/101053"}],"wp:attachment":[{"href":"https:\/\/www.galileo.edu\/page\/wp-json\/wp\/v2\/media?parent=101077"}],"curies":[{"name":"wp","href":"https:\/\/api.w.org\/{rel}","templated":true}]}}